{"id":6317,"date":"1970-01-01T00:00:00","date_gmt":"1970-01-01T00:00:00","guid":{"rendered":"https:\/\/elfsight.com\/es\/?page_id=6317"},"modified":"2025-02-06T16:05:05","modified_gmt":"2025-02-06T16:05:05","slug":"jimdo","status":"publish","type":"page","link":"https:\/\/elfsight.com\/es\/facebook-chat-widget\/jimdo\/","title":{"rendered":"Facebook Chat &#8211; Jimdo"},"content":{"rendered":"<div class=\"application-platform-content-item-description application-platform-content-item\" id=\"description\" data-nav-section=\"description\"> <h2>Descripci\u00f3n<\/h2> <p>Facebook Chat de Elfsight es la forma m\u00e1s f\u00e1cil para que los usuarios de su sitio web se comuniquen con usted y escuchen respuestas a sus preguntas y solicitudes. Ahora est\u00e1s disponible online para tu clientela en el messenger m\u00e1s popular sin parar. Introduzca Facebook Chat en su sitio web y config\u00farelo para que aparezca en p\u00e1ginas elegidas o para tipos particulares de espectadores, introduzca activadores de inicio de chat, incluya su mensaje de bienvenida personal, seleccione \u00edconos y haga m\u00e1s. Al tener el chat de Facebook en su sitio, podr\u00e1 comunicarse f\u00e1cilmente con su audiencia en todo momento y desde cualquier lugar. <\/p><p><b>Con Facebook Chat, experimente un fuerte crecimiento empresarial y m\u00e1s ventas <\/b><\/p> <\/div> <div class=\"application-platform-content-item-features application-platform-content-item\" id=\"features\" data-nav-section=\"features\"> <h2>El widget ofrece funciones potentes y r\u00e1pidas, consulte algunas de ellas: <\/h2> <ul><li>Emplee botones de CTA para guiar a los visitantes del sitio hacia la conversi\u00f3n. <\/li><li>Modificar la duraci\u00f3n del cambio de diapositiva. <\/li><li>Elija entre muchas opciones. <\/li><li>Pon tu mensaje en cualquier lugar de la p\u00e1gina mediante posici\u00f3n avanzada. <\/li><li>Ajusta cinco opciones de contenido. <\/li><\/ul><p><a href=\"#demo\">Simplemente prueba esta demostraci\u00f3n para ver c\u00f3mo funciona<\/a><\/p> <\/div> <div class=\"application-platform-content-item-installation application-platform-content-item\" id=\"installation\" data-nav-section=\"installation\"> <h2>\u00bfC\u00f3mo puedo agregar Facebook Chat a mi p\u00e1gina web de Jimdo? <\/h2> <p>Simplemente siga estos pasos que se describen a continuaci\u00f3n para insertar el widget. <\/p> <ol><li><b>Inicie nuestro configurador gratuito y comience a crear su propio widget. <\/b><br> Encuentre el dise\u00f1o personalizado y los aspectos del widget y guarde las modificaciones. <\/li> <li><b>Copia tu c\u00f3digo personal que aparece en el cuadro de Elfsight Apps. <\/b><br> Inmediatamente despu\u00e9s de finalizar el establecimiento de su herramienta, copie el c\u00f3digo individual en la ventana que aparece y gu\u00e1rdelo para su uso posterior. <\/li> <li><b>Empiece a utilizar el widget en el sitio Jimdo. <\/b><br>Integre el c\u00f3digo copiado recientemente en su p\u00e1gina web y aplique las modificaciones. <\/li> <li><b>\u00a1Listo! La integraci\u00f3n se logra con \u00e9xito. <\/b><br>Visite su sitio web para ver en acci\u00f3n c\u00f3mo funciona la herramienta. <\/li><\/ol> <p>Si experimenta alg\u00fan obst\u00e1culo, p\u00f3ngase en contacto con nuestro equipo de atenci\u00f3n al cliente. Nuestros consultores est\u00e1n deseando ayudarle con todas las preguntas que pueda tener con el producto. <\/p> <div class=\"faq\" data-component=\"FAQ\"> <div class=\"faq-item\">\r\n\t\t\t\t\t<div class=\"faq-item-question\">\r\n\t\t\t\t\t\t<h3 class=\"faq-item-question-text\">\u00bfC\u00f3mo puedo a\u00f1adir el chat de Facebook a mi sitio web Jimdo sin conocimientos de codificaci\u00f3n?<\/h3>\r\n\r\n\t\t\t\t\t\t<div class=\"faq-item-question-icon\"><\/div>\r\n\t\t\t\t\t<\/div>\r\n\r\n\t\t\t\t\t<div class=\"faq-item-answer\">\r\n\t\t\t\t\t\t<div class=\"faq-item-answer-text\"> <p>Elfsight proporciona una soluci\u00f3n SaaS que te permite crear un widget de chat de Facebook t\u00fa mismo. Mira lo f\u00e1cil que es el proceso: trabaja directamente en el editor en l\u00ednea para crear un widget de chat de Facebook que te gustar\u00eda ver en tu sitio web Jimdo. Elija una de las plantillas predise\u00f1adas y ajuste la configuraci\u00f3n del chat de Facebook, agregue su contenido, cambie el dise\u00f1o y los colores sin conocimientos de codificaci\u00f3n. Guarda el chat de Facebook y copia su c\u00f3digo de instalaci\u00f3n, que podr\u00e1s agregar f\u00e1cilmente a tu sitio web Jimdo sin necesidad de comprar una suscripci\u00f3n paga. Con nuestro editor intuitivo, cualquier usuario de Internet puede crear un widget de chat de Facebook en l\u00ednea e incrustarlo f\u00e1cilmente en su sitio web Jimdo. No es necesario pagar ni ingresar las credenciales de su tarjeta para acceder al servicio. Si tiene alg\u00fan problema en cualquier paso, no dude en ponerse en contacto con nuestro equipo de soporte t\u00e9cnico.<\/p> <\/div>\r\n\t\t\t\t\t<\/div>\r\n\t\t\t\t<\/div> <\/div> <\/div>","protected":false},"excerpt":{"rendered":"","protected":false},"author":9,"featured_media":0,"parent":1807,"menu_order":0,"comment_status":"closed","ping_status":"closed","template":"templates\/template-application-platform.php","meta":{"publish_to_discourse":"","publish_post_category":"","wpdc_auto_publish_overridden":"","wpdc_topic_tags":"","wpdc_pin_topic":"","wpdc_pin_until":"","discourse_post_id":"","discourse_permalink":"","wpdc_publishing_response":"","wpdc_publishing_error":"","footnotes":""},"class_list":["post-6317","page","type-page","status-publish","hentry"],"yoast_head":"<!-- This site is optimized with the Yoast SEO plugin v25.3.1 - https:\/\/yoast.com\/wordpress\/plugins\/seo\/ -->\n<title>Chat de Facebook: a\u00f1ade Messenger al sitio web de Jimdo (en 2 min)<\/title>\n<meta name=\"description\" content=\"Con Elfsight, d\u00e9 forma a su chat de Facebook y agr\u00e9guelo a la p\u00e1gina web con facilidad. Ofrecemos atenci\u00f3n al cliente gratuita y otras bonificaciones.\" \/>\n<meta name=\"robots\" content=\"index, follow, max-snippet:-1, max-image-preview:large, max-video-preview:-1\" \/>\n<link rel=\"canonical\" href=\"https:\/\/elfsight.com\/es\/facebook-chat-widget\/jimdo\/\" \/>\n<meta property=\"og:locale\" content=\"es_ES\" \/>\n<meta property=\"og:type\" content=\"article\" \/>\n<meta property=\"og:title\" content=\"Chat de Facebook: a\u00f1ade Messenger al sitio web de Jimdo (en 2 min)\" \/>\n<meta property=\"og:description\" content=\"Con Elfsight, d\u00e9 forma a su chat de Facebook y agr\u00e9guelo a la p\u00e1gina web con facilidad. Ofrecemos atenci\u00f3n al cliente gratuita y otras bonificaciones.\" \/>\n<meta property=\"og:url\" content=\"https:\/\/elfsight.com\/es\/facebook-chat-widget\/jimdo\/\" \/>\n<meta property=\"og:site_name\" content=\"Elfsight ES\" \/>\n<meta property=\"article:modified_time\" content=\"2025-02-06T16:05:05+00:00\" \/>\n<meta name=\"twitter:card\" content=\"summary_large_image\" \/>\n<meta name=\"twitter:label1\" content=\"Tiempo de lectura\" \/>\n\t<meta name=\"twitter:data1\" content=\"3 minutos\" \/>\n<!-- \/ Yoast SEO plugin. -->","yoast_head_json":{"title":"Chat de Facebook: a\u00f1ade Messenger al sitio web de Jimdo (en 2 min)","description":"Con Elfsight, d\u00e9 forma a su chat de Facebook y agr\u00e9guelo a la p\u00e1gina web con facilidad. Ofrecemos atenci\u00f3n al cliente gratuita y otras bonificaciones.","robots":{"index":"index","follow":"follow","max-snippet":"max-snippet:-1","max-image-preview":"max-image-preview:large","max-video-preview":"max-video-preview:-1"},"canonical":"https:\/\/elfsight.com\/es\/facebook-chat-widget\/jimdo\/","og_locale":"es_ES","og_type":"article","og_title":"Chat de Facebook: a\u00f1ade Messenger al sitio web de Jimdo (en 2 min)","og_description":"Con Elfsight, d\u00e9 forma a su chat de Facebook y agr\u00e9guelo a la p\u00e1gina web con facilidad. Ofrecemos atenci\u00f3n al cliente gratuita y otras bonificaciones.","og_url":"https:\/\/elfsight.com\/es\/facebook-chat-widget\/jimdo\/","og_site_name":"Elfsight ES","article_modified_time":"2025-02-06T16:05:05+00:00","twitter_card":"summary_large_image","twitter_misc":{"Tiempo de lectura":"3 minutos"},"schema":{"@context":"https:\/\/schema.org","@graph":[{"@type":"WebPage","@id":"https:\/\/elfsight.com\/es\/facebook-chat-widget\/jimdo\/","url":"https:\/\/elfsight.com\/es\/facebook-chat-widget\/jimdo\/","name":"Chat de Facebook: a\u00f1ade Messenger al sitio web de Jimdo (en 2 min)","isPartOf":{"@id":"https:\/\/elfsight.com\/es\/#website"},"datePublished":"1970-01-01T00:00:00+00:00","dateModified":"2025-02-06T16:05:05+00:00","description":"Con Elfsight, d\u00e9 forma a su chat de Facebook y agr\u00e9guelo a la p\u00e1gina web con facilidad. Ofrecemos atenci\u00f3n al cliente gratuita y otras bonificaciones.","breadcrumb":{"@id":"https:\/\/elfsight.com\/es\/facebook-chat-widget\/jimdo\/#breadcrumb"},"inLanguage":"es","potentialAction":[{"@type":"ReadAction","target":["https:\/\/elfsight.com\/es\/facebook-chat-widget\/jimdo\/"]}]},{"@type":"BreadcrumbList","@id":"https:\/\/elfsight.com\/es\/facebook-chat-widget\/jimdo\/#breadcrumb","itemListElement":[{"@type":"ListItem","position":1,"name":"Home","item":"https:\/\/elfsight.com\/es\/"},{"@type":"ListItem","position":2,"name":"Facebook Chat","item":"https:\/\/elfsight.com\/es\/facebook-chat-widget\/"},{"@type":"ListItem","position":3,"name":"Facebook Chat &#8211; Jimdo"}]},{"@type":"WebSite","@id":"https:\/\/elfsight.com\/es\/#website","url":"https:\/\/elfsight.com\/es\/","name":"Elfsight ES","description":"Just another Elfsight Sites site","potentialAction":[{"@type":"SearchAction","target":{"@type":"EntryPoint","urlTemplate":"https:\/\/elfsight.com\/es\/?s={search_term_string}"},"query-input":{"@type":"PropertyValueSpecification","valueRequired":true,"valueName":"search_term_string"}}],"inLanguage":"es"}]}},"meta_box":{"industry":"","seo_heading":"","heading":"","description":"","cta_heading":"","cta_description":"","application":"1806","h1":"Widget de Facebook Messenger de Jimdo","h1_caption":"La herramienta de comunicaci\u00f3n m\u00e1s r\u00e1pida para los clientes de tu sitio web","application_category":[],"applications_title":"","applications_request_title":"","applications_request_button_text":"","hero_text":"","hero_video":"","hero_video_schema_markup":"","selling_points_title":"","selling_points_caption":"","selling_points":[],"selling_points_cta_text":"","features_title":"","features":"","ed_cta_examples_text":"","ed_cta_examples_hidden":"","ed_cta_demo_text":"","ed_cta_demo_hidden":"","why_caption":"","why_editor_title":"","why_editor_text":"","why_team_title":"","why_team_text":"","why_service_title":"","why_service_text":"","template_catalog_visible":"","template_catalog_title":"","template_catalog_text":"","template_catalog_categories_visible":"","demo_title":"Crea tu widget de chat de Facebook","demo_caption":"\u00a1Configura tu chat de Facebook y a\u00f1\u00e1delo a tu sitio web Jimdo gratis!","default_faq_hidden":"","app_template_category":[],"platform":"2198","template_public_id":"","codecanyon_url":"","codecanyon_item_id":"","codecanyon_price":"","pricing_caption":"","pricing_elfsight_apps_hide_column":"","pricing_elfsight_apps_url":"","pricing_codecanyon_price_caption":"","integration_category":[],"integration_request_title":"","integration_request_cta":"","integration_platform":"","integrations":[],"platform_category":[],"video_schema_markup":"","price":"desde $0 \/ mes","trial":"","benefits":[{"text":"Ayuda de instalaci\u00f3n gratuita"},{"text":"Soporte premium"},{"text":"Garant\u00eda de devoluci\u00f3n de dinero de 14 d\u00edas"},{"text":"Mejoras peri\u00f3dicas"}],"button_url":"#demo","button_target_blank":"","button_nofollow":"","attributes":[{"name":"Instalaciones","content":"10,000 - 100,000"},{"name":"Sensible","content":"S\u00ed"},{"name":"Navegadores compatibles","content":"Firefox, Safari, Opera, Chrome, Edge"}],"tags":[],"tags_disable_links":"","hide_more_platforms":"","video_object":"","demo_hide_cta":"","demo_hide_cloud_options":"","pricing_title":"","pricing":[{"pricing_icon":"platform","pricing_title":"Elfsight Apps","pricing_title_caption":"Soluci\u00f3n digital multiplataforma que se adapta a cualquier sitio web","pricing_price":"desde $0 \/ mes","pricing_price_caption":"comienza con un plan gratuito","pricing_benefits":[{"text":"Sitios web ilimitados"},{"text":"Soporte profesional de la empresa"},{"text":"Ayuda de instalaci\u00f3n gratuita"},{"text":"Totalmente personalizable"}],"pricing_button_text":"A\u00f1adir al sitio web","pricing_button_url":"#demo"}],"related_apps_title":"","related_apps_hidden":"","author":"","image":[],"title":"","job":"","social_networks":[]},"_links":{"self":[{"href":"https:\/\/elfsight.com\/es\/wp-json\/wp\/v2\/pages\/6317","targetHints":{"allow":["GET"]}}],"collection":[{"href":"https:\/\/elfsight.com\/es\/wp-json\/wp\/v2\/pages"}],"about":[{"href":"https:\/\/elfsight.com\/es\/wp-json\/wp\/v2\/types\/page"}],"author":[{"embeddable":true,"href":"https:\/\/elfsight.com\/es\/wp-json\/wp\/v2\/users\/9"}],"replies":[{"embeddable":true,"href":"https:\/\/elfsight.com\/es\/wp-json\/wp\/v2\/comments?post=6317"}],"version-history":[{"count":2,"href":"https:\/\/elfsight.com\/es\/wp-json\/wp\/v2\/pages\/6317\/revisions"}],"predecessor-version":[{"id":19154,"href":"https:\/\/elfsight.com\/es\/wp-json\/wp\/v2\/pages\/6317\/revisions\/19154"}],"up":[{"embeddable":true,"href":"https:\/\/elfsight.com\/es\/wp-json\/wp\/v2\/pages\/1807"}],"wp:attachment":[{"href":"https:\/\/elfsight.com\/es\/wp-json\/wp\/v2\/media?parent=6317"}],"curies":[{"name":"wp","href":"https:\/\/api.w.org\/{rel}","templated":true}]}}