{"id":6315,"date":"1970-01-01T00:00:00","date_gmt":"1970-01-01T00:00:00","guid":{"rendered":"https:\/\/elfsight.com\/es\/?page_id=6315"},"modified":"2025-02-06T16:05:13","modified_gmt":"2025-02-06T16:05:13","slug":"html","status":"publish","type":"page","link":"https:\/\/elfsight.com\/es\/facebook-chat-widget\/html\/","title":{"rendered":"Facebook Chat &#8211; HTML"},"content":{"rendered":"<div class=\"application-platform-content-item-description application-platform-content-item\" id=\"description\" data-nav-section=\"description\"> <h2>Descripci\u00f3n<\/h2> <p>El chat de Facebook creado por Elfsight es una variante f\u00e1cil para que los clientes de su sitio web le env\u00eden un mensaje y tengan respuestas a sus preguntas y solicitudes. Eres libre de permanecer disponible en l\u00ednea para tu audiencia en uno de los servicios de mensajer\u00eda m\u00e1s populares durante todo el d\u00eda. Inserte el c\u00f3digo de chat en la p\u00e1gina web y aparecer\u00e1 en p\u00e1ginas seleccionadas o para tipos espec\u00edficos de audiencia, introduzca activadores de inicio de chat, escriba su mensaje de bienvenida personalizado, seleccione \u00edconos y a\u00fan m\u00e1s. Al utilizar Facebook Messenger integrado en el sitio web, tus espectadores podr\u00e1n acceder f\u00e1cilmente a ti a cualquier hora y sin importar d\u00f3nde est\u00e9s.<\/p> <div class=\"faq\" data-component=\"FAQ\"> <div class=\"faq-item\">\r\n\t\t\t\t\t<div class=\"faq-item-question\">\r\n\t\t\t\t\t\t<h3 class=\"faq-item-question-text\">\u00bfD\u00f3nde puedo instalarlo<\/h3>\r\n\r\n\t\t\t\t\t\t<div class=\"faq-item-question-icon\"><\/div>\r\n\t\t\t\t\t<\/div>\r\n\r\n\t\t\t\t\t<div class=\"faq-item-answer\">\r\n\t\t\t\t\t\t<div class=\"faq-item-answer-text\"> <p>El widget puede aparecer en cada p\u00e1gina de tu sitio web, o solo en las p\u00e1ginas donde lo necesitas. Tambi\u00e9n es posible restringirlo en p\u00e1ginas seleccionadas si las desea sin el chat.<\/p> <\/div>\r\n\t\t\t\t\t<\/div>\r\n\t\t\t\t<\/div> <div class=\"faq-item\">\r\n\t\t\t\t\t<div class=\"faq-item-question\">\r\n\t\t\t\t\t\t<h3 class=\"faq-item-question-text\">\u00bfCu\u00e1les son los beneficios de tener este complemento para m\u00ed?<\/h3>\r\n\r\n\t\t\t\t\t\t<div class=\"faq-item-question-icon\"><\/div>\r\n\t\t\t\t\t<\/div>\r\n\r\n\t\t\t\t\t<div class=\"faq-item-answer\">\r\n\t\t\t\t\t\t<div class=\"faq-item-answer-text\"> <p>El chat en vivo de Facebook har\u00e1 que sea m\u00e1s f\u00e1cil para sus visitantes enviarle sus preguntas, solicitudes o problemas. Esto puede ayudar a fortalecer la cantidad de clientes potenciales y ventas. Otra ventaja es que una respuesta r\u00e1pida y un trato personal con las personas mejorar\u00e1n el nivel de atenci\u00f3n al cliente. <\/p> <\/div>\r\n\t\t\t\t\t<\/div>\r\n\t\t\t\t<\/div> <div class=\"faq-item\">\r\n\t\t\t\t\t<div class=\"faq-item-question\">\r\n\t\t\t\t\t\t<h3 class=\"faq-item-question-text\">\u00bfQu\u00e9 necesito para agregar el chat de Facebook a mi sitio web HTML? <\/h3>\r\n\r\n\t\t\t\t\t\t<div class=\"faq-item-question-icon\"><\/div>\r\n\t\t\t\t\t<\/div>\r\n\r\n\t\t\t\t\t<div class=\"faq-item-answer\">\r\n\t\t\t\t\t\t<div class=\"faq-item-answer-text\"> <p>Solo necesitas un minuto para tener el widget en funcionamiento. El proceso es extremadamente r\u00e1pido, gratuito y no incluye codificaci\u00f3n. <\/p> <p>Puedes configurar el widget en tu p\u00e1gina web a trav\u00e9s de nuestro servicio. Para ello, aplique la breve descripci\u00f3n que aparece en esta p\u00e1gina. <\/p> <\/div>\r\n\t\t\t\t\t<\/div>\r\n\t\t\t\t<\/div> <\/div> <\/div> <div class=\"application-platform-content-item-features application-platform-content-item\" id=\"features\" data-nav-section=\"features\"> <h2>Caracter\u00edsticas<\/h2> <p>Para formarse una percepci\u00f3n clara del Chat Box de Facebook, consulte la lista de las opciones m\u00e1s valiosas. Hacen que el widget sea lo m\u00e1s eficiente posible para usted:<\/p> <ol><li>Integre Facebook Messenger en su tienda para mantenerse en contacto con la clientela; <\/li><li>Sigue enviando mensajes directamente desde tu cuenta de Facebook; <\/li><li>3 opciones de ubicaci\u00f3n del chat: como burbuja flotante, burbuja integrada y ventana de chat integrada; <\/li><li> Encuentre su variante de \u00edcono de burbuja entre el conjunto de \u00edconos disponibles; <\/li><li>Ingrese su texto \u00fanico de la burbuja de chat. <\/li><\/ol><p><a href=\"#demo\">Para ver m\u00e1s funciones, vea la demostraci\u00f3n en vivo<\/a><\/p> <\/div> <div class=\"application-platform-content-item-installation application-platform-content-item\" id=\"installation\" data-nav-section=\"installation\"> <h2>Descubra c\u00f3mo agregar el c\u00f3digo de Facebook Messenger a su sitio web HTML. Es r\u00e1pido<\/h2><div class=\"video-container\"><iframe width=\"720\" height=\"405\" src=\"https:\/\/www.youtube.com\/embed\/YguUGtdzKKk\"><\/iframe><\/div><p>Lo \u00fanico que necesitas para tener Chat en funcionamiento es un par de sencillos pasos.<\/p><ul><li><b>Dise\u00f1a tu propio complemento de Chat<\/b><br> usando nuestro configurador gratuito, obtenga un complemento con un dise\u00f1o y funcionalidad preferibles.<\/li><li><b>Obtenga el c\u00f3digo individual para publicar el complemento<\/b><br> Despu\u00e9s de haber configurado su widget, obtendr\u00e1 el c\u00f3digo \u00fanico en la ventana que aparece en Elfsight Apps. Copie el c\u00f3digo para su uso posterior.<\/li><li><b>El complemento en su sitio web HTML<\/b><br> Elija el \u00e1rea en la que desea integrar el complemento y agregue all\u00ed el c\u00f3digo copiado. Aplica los cambios.<\/li> <li><b>Configuraci\u00f3n completa<\/b><br> Visita la p\u00e1gina web para revisar tu Chat.<\/li> <\/ul><p>\u00bfA\u00fan tienes dudas? \u00bfO experimentando problemas? Una sola solicitud a nuestro equipo de atenci\u00f3n al cliente solucionar\u00e1 cualquier tipo de problema.<\/p> <\/div>","protected":false},"excerpt":{"rendered":"","protected":false},"author":9,"featured_media":0,"parent":1807,"menu_order":0,"comment_status":"closed","ping_status":"closed","template":"templates\/template-application-platform.php","meta":{"publish_to_discourse":"","publish_post_category":"","wpdc_auto_publish_overridden":"","wpdc_topic_tags":"","wpdc_pin_topic":"","wpdc_pin_until":"","discourse_post_id":"","discourse_permalink":"","wpdc_publishing_response":"","wpdc_publishing_error":"","footnotes":""},"class_list":["post-6315","page","type-page","status-publish","hentry"],"yoast_head":"<!-- This site is optimized with the Yoast SEO plugin v25.3.1 - https:\/\/yoast.com\/wordpress\/plugins\/seo\/ -->\n<title>Chat de Facebook: agregue c\u00f3digo de Messenger al sitio web HTML (f\u00e1cil y r\u00e1pido)<\/title>\n<meta name=\"description\" content=\"Con Elfsight, cree su widget de chat de Facebook y publ\u00edquelo r\u00e1pidamente en el sitio web HTML. Ofrecemos servicio al cliente gratuito y m\u00e1s bonos.\" \/>\n<meta name=\"robots\" content=\"index, follow, max-snippet:-1, max-image-preview:large, max-video-preview:-1\" \/>\n<link rel=\"canonical\" href=\"https:\/\/elfsight.com\/es\/facebook-chat-widget\/html\/\" \/>\n<meta property=\"og:locale\" content=\"es_ES\" \/>\n<meta property=\"og:type\" content=\"article\" \/>\n<meta property=\"og:title\" content=\"Chat de Facebook: agregue c\u00f3digo de Messenger al sitio web HTML (f\u00e1cil y r\u00e1pido)\" \/>\n<meta property=\"og:description\" content=\"Con Elfsight, cree su widget de chat de Facebook y publ\u00edquelo r\u00e1pidamente en el sitio web HTML. Ofrecemos servicio al cliente gratuito y m\u00e1s bonos.\" \/>\n<meta property=\"og:url\" content=\"https:\/\/elfsight.com\/es\/facebook-chat-widget\/html\/\" \/>\n<meta property=\"og:site_name\" content=\"Elfsight ES\" \/>\n<meta property=\"article:modified_time\" content=\"2025-02-06T16:05:13+00:00\" \/>\n<meta name=\"twitter:card\" content=\"summary_large_image\" \/>\n<meta name=\"twitter:label1\" content=\"Tiempo de lectura\" \/>\n\t<meta name=\"twitter:data1\" content=\"3 minutos\" \/>\n<!-- \/ Yoast SEO plugin. -->","yoast_head_json":{"title":"Chat de Facebook: agregue c\u00f3digo de Messenger al sitio web HTML (f\u00e1cil y r\u00e1pido)","description":"Con Elfsight, cree su widget de chat de Facebook y publ\u00edquelo r\u00e1pidamente en el sitio web HTML. Ofrecemos servicio al cliente gratuito y m\u00e1s bonos.","robots":{"index":"index","follow":"follow","max-snippet":"max-snippet:-1","max-image-preview":"max-image-preview:large","max-video-preview":"max-video-preview:-1"},"canonical":"https:\/\/elfsight.com\/es\/facebook-chat-widget\/html\/","og_locale":"es_ES","og_type":"article","og_title":"Chat de Facebook: agregue c\u00f3digo de Messenger al sitio web HTML (f\u00e1cil y r\u00e1pido)","og_description":"Con Elfsight, cree su widget de chat de Facebook y publ\u00edquelo r\u00e1pidamente en el sitio web HTML. Ofrecemos servicio al cliente gratuito y m\u00e1s bonos.","og_url":"https:\/\/elfsight.com\/es\/facebook-chat-widget\/html\/","og_site_name":"Elfsight ES","article_modified_time":"2025-02-06T16:05:13+00:00","twitter_card":"summary_large_image","twitter_misc":{"Tiempo de lectura":"3 minutos"},"schema":{"@context":"https:\/\/schema.org","@graph":[{"@type":"WebPage","@id":"https:\/\/elfsight.com\/es\/facebook-chat-widget\/html\/","url":"https:\/\/elfsight.com\/es\/facebook-chat-widget\/html\/","name":"Chat de Facebook: agregue c\u00f3digo de Messenger al sitio web HTML (f\u00e1cil y r\u00e1pido)","isPartOf":{"@id":"https:\/\/elfsight.com\/es\/#website"},"datePublished":"1970-01-01T00:00:00+00:00","dateModified":"2025-02-06T16:05:13+00:00","description":"Con Elfsight, cree su widget de chat de Facebook y publ\u00edquelo r\u00e1pidamente en el sitio web HTML. Ofrecemos servicio al cliente gratuito y m\u00e1s bonos.","breadcrumb":{"@id":"https:\/\/elfsight.com\/es\/facebook-chat-widget\/html\/#breadcrumb"},"inLanguage":"es","potentialAction":[{"@type":"ReadAction","target":["https:\/\/elfsight.com\/es\/facebook-chat-widget\/html\/"]}]},{"@type":"BreadcrumbList","@id":"https:\/\/elfsight.com\/es\/facebook-chat-widget\/html\/#breadcrumb","itemListElement":[{"@type":"ListItem","position":1,"name":"Home","item":"https:\/\/elfsight.com\/es\/"},{"@type":"ListItem","position":2,"name":"Facebook Chat","item":"https:\/\/elfsight.com\/es\/facebook-chat-widget\/"},{"@type":"ListItem","position":3,"name":"Facebook Chat &#8211; HTML"}]},{"@type":"WebSite","@id":"https:\/\/elfsight.com\/es\/#website","url":"https:\/\/elfsight.com\/es\/","name":"Elfsight ES","description":"Just another Elfsight Sites site","potentialAction":[{"@type":"SearchAction","target":{"@type":"EntryPoint","urlTemplate":"https:\/\/elfsight.com\/es\/?s={search_term_string}"},"query-input":{"@type":"PropertyValueSpecification","valueRequired":true,"valueName":"search_term_string"}}],"inLanguage":"es"}]}},"meta_box":{"industry":"","seo_heading":"","heading":"","description":"","cta_heading":"","cta_description":"","application":"1806","h1":"C\u00f3digo HTML de Facebook Messenger","h1_caption":"La forma de interacci\u00f3n m\u00e1s pr\u00e1ctica para la audiencia de su sitio web","application_category":[],"applications_title":"","applications_request_title":"","applications_request_button_text":"","hero_text":"","hero_video":"","hero_video_schema_markup":"","selling_points_title":"","selling_points_caption":"","selling_points":[],"selling_points_cta_text":"","features_title":"","features":"","ed_cta_examples_text":"","ed_cta_examples_hidden":"","ed_cta_demo_text":"","ed_cta_demo_hidden":"","why_caption":"","why_editor_title":"","why_editor_text":"","why_team_title":"","why_team_text":"","why_service_title":"","why_service_text":"","template_catalog_visible":"","template_catalog_title":"","template_catalog_text":"","template_catalog_categories_visible":"","demo_title":"Crea tu widget de chat de Facebook","demo_caption":"\u00a1Configura tu chat de Facebook y agr\u00e9galo a tu sitio web HTML gratis!","default_faq_hidden":"","app_template_category":[],"platform":"70","template_public_id":"","codecanyon_url":"","codecanyon_item_id":"","codecanyon_price":"","pricing_caption":"","pricing_elfsight_apps_hide_column":"","pricing_elfsight_apps_url":"","pricing_codecanyon_price_caption":"","integration_category":[],"integration_request_title":"","integration_request_cta":"","integration_platform":"","integrations":[],"platform_category":[],"video_schema_markup":"","price":"desde $0 \/ mes","trial":"","benefits":[{"text":"Servicio de instalaci\u00f3n gratuito"},{"text":"Atenci\u00f3n al cliente eficaz"},{"text":"Garant\u00eda de reembolso de 14 d\u00edas"},{"text":"Actualizando constantemente"}],"button_url":"#demo","button_target_blank":"","button_nofollow":"","attributes":[{"name":"Instalaciones","content":"10,000 - 100,000"},{"name":"Sensible","content":"S\u00ed"},{"name":"Navegadores compatibles","content":"Firefox, Safari, Opera, Chrome, Edge"}],"tags":[],"tags_disable_links":"","hide_more_platforms":"","video_object":"","demo_hide_cta":"","demo_hide_cloud_options":"","pricing_title":"","pricing":[{"pricing_icon":"platform","pricing_title":"Elfsight Apps","pricing_title_caption":"Software multiplataforma","pricing_price":"desde $0 \/ mes","pricing_price_caption":"comienza con el plan gratuito","pricing_benefits":[{"text":"Sitios web ilimitados"},{"text":"Soporte profesional y bien documentado."},{"text":"Ayuda de instalaci\u00f3n gratuita"},{"text":"Gran oferta para m\u00faltiples aplicaciones"}],"pricing_button_text":"A\u00f1adir al sitio web","pricing_button_url":"#demo"}],"related_apps_title":"","related_apps_hidden":"","author":"","image":[],"title":"","job":"","social_networks":[]},"_links":{"self":[{"href":"https:\/\/elfsight.com\/es\/wp-json\/wp\/v2\/pages\/6315","targetHints":{"allow":["GET"]}}],"collection":[{"href":"https:\/\/elfsight.com\/es\/wp-json\/wp\/v2\/pages"}],"about":[{"href":"https:\/\/elfsight.com\/es\/wp-json\/wp\/v2\/types\/page"}],"author":[{"embeddable":true,"href":"https:\/\/elfsight.com\/es\/wp-json\/wp\/v2\/users\/9"}],"replies":[{"embeddable":true,"href":"https:\/\/elfsight.com\/es\/wp-json\/wp\/v2\/comments?post=6315"}],"version-history":[{"count":2,"href":"https:\/\/elfsight.com\/es\/wp-json\/wp\/v2\/pages\/6315\/revisions"}],"predecessor-version":[{"id":19156,"href":"https:\/\/elfsight.com\/es\/wp-json\/wp\/v2\/pages\/6315\/revisions\/19156"}],"up":[{"embeddable":true,"href":"https:\/\/elfsight.com\/es\/wp-json\/wp\/v2\/pages\/1807"}],"wp:attachment":[{"href":"https:\/\/elfsight.com\/es\/wp-json\/wp\/v2\/media?parent=6315"}],"curies":[{"name":"wp","href":"https:\/\/api.w.org\/{rel}","templated":true}]}}