{"id":6308,"date":"1970-01-01T00:00:00","date_gmt":"1970-01-01T00:00:00","guid":{"rendered":"https:\/\/elfsight.com\/es\/?page_id=6308"},"modified":"2025-02-06T16:05:21","modified_gmt":"2025-02-06T16:05:21","slug":"elementor","status":"publish","type":"page","link":"https:\/\/elfsight.com\/es\/facebook-chat-widget\/elementor\/","title":{"rendered":"Facebook Chat &#8211; Elementor"},"content":{"rendered":"<div class=\"application-platform-content-item-description application-platform-content-item\" id=\"description\" data-nav-section=\"description\"> <h2>Incorpore el chat de Facebook en Elementor con el widget de Elfsight<\/h2> <p>Facebook Messenger creado por Elfsight es la variante m\u00e1s pr\u00e1ctica para que los clientes de su sitio web inicien una conversaci\u00f3n con usted y reciban respuestas a sus preguntas y solicitudes. Ahora puedes estar disponible en vivo para tus espectadores en su mensajero favorito. Agregue el widget de chat para Facebook a todas las p\u00e1ginas de su tienda, seleccione ciertas p\u00e1ginas para ello; dejar que se muestre a todos los visitantes o s\u00f3lo a tipos espec\u00edficos de clientes; establezca activadores de inicio de chat, incluya su mensaje de bienvenida personalizado, seleccione \u00edconos y a\u00fan m\u00e1s. Con el chat de Facebook en su p\u00e1gina web, permanecer\u00e1 en contacto con sus usuarios en todo momento y desde cualquier lugar.<\/p> <div class=\"faq\" data-component=\"FAQ\"> <div class=\"faq-item\">\r\n\t\t\t\t\t<div class=\"faq-item-question\">\r\n\t\t\t\t\t\t<h3 class=\"faq-item-question-text\">\u00bfD\u00f3nde en mi sitio web puedo integrar este complemento?<\/h3>\r\n\r\n\t\t\t\t\t\t<div class=\"faq-item-question-icon\"><\/div>\r\n\t\t\t\t\t<\/div>\r\n\r\n\t\t\t\t\t<div class=\"faq-item-answer\">\r\n\t\t\t\t\t\t<div class=\"faq-item-answer-text\"> <p>Puede incrustar el chat de Facebook en cada p\u00e1gina de su sitio, o solo en p\u00e1ginas seleccionadas. Otra opci\u00f3n es excluirlo de las p\u00e1ginas elegidas, donde no lo desea.<\/p> <\/div>\r\n\t\t\t\t\t<\/div>\r\n\t\t\t\t<\/div> <div class=\"faq-item\">\r\n\t\t\t\t\t<div class=\"faq-item-question\">\r\n\t\t\t\t\t\t<h3 class=\"faq-item-question-text\">\u00bfQu\u00e9 beneficios me puede dar?<\/h3>\r\n\r\n\t\t\t\t\t\t<div class=\"faq-item-question-icon\"><\/div>\r\n\t\t\t\t\t<\/div>\r\n\r\n\t\t\t\t\t<div class=\"faq-item-answer\">\r\n\t\t\t\t\t\t<div class=\"faq-item-answer-text\"> <p>Har\u00e1 que los clientes se comuniquen con usted con sus preguntas, solicitudes o problemas. Esto puede ayudar a aumentar la cantidad de clientes potenciales y ventas en su sitio. M\u00e1s a\u00fan, las respuestas r\u00e1pidas y el enfoque individual aumentar\u00e1n el nivel de sus relaciones con los clientes.<\/p> <\/div>\r\n\t\t\t\t\t<\/div>\r\n\t\t\t\t<\/div> <div class=\"faq-item\">\r\n\t\t\t\t\t<div class=\"faq-item-question\">\r\n\t\t\t\t\t\t<h3 class=\"faq-item-question-text\">\u00bfQu\u00e9 necesito para insertar Facebook Messenger en mi sitio web Elementor?<\/h3>\r\n\r\n\t\t\t\t\t\t<div class=\"faq-item-question-icon\"><\/div>\r\n\t\t\t\t\t<\/div>\r\n\r\n\t\t\t\t\t<div class=\"faq-item-answer\">\r\n\t\t\t\t\t\t<div class=\"faq-item-answer-text\"> <p>Solo tomar\u00e1 dos minutos comenzar a usar el widget. La instalaci\u00f3n es extremadamente r\u00e1pida, gratuita y sin codificaci\u00f3n.<\/p> <p>El chat de Facebook de Elfsight se puede insertar en su sitio a trav\u00e9s de nuestro servicio o a trav\u00e9s del mercado. Puede elegir ambas opciones y elegir una m\u00e1s adecuada.<\/p> <\/div>\r\n\t\t\t\t\t<\/div>\r\n\t\t\t\t<\/div> <\/div> <\/div><div class=\"application-platform-content-item-features application-platform-content-item\" id=\"features\" data-nav-section=\"features\"> <h2>Caracter\u00edsticas principales del widget de chat de Facebook<\/h2> <p>Para comprender mejor el widget de chat, consulte la lista de las funciones esenciales que tiene. Hacen que este widget sea lo m\u00e1s beneficioso para usted:<\/p> <ul><li>Inserte Facebook Messenger en su tienda para conectarse con los espectadores;<\/li><li>Mantenga los mensajes directamente desde su cuenta de Facebook;<\/li><li>Elija entre tres variantes de dise\u00f1o de chat: como burbuja flotante, burbuja incrustada y ventana de chat incrustada;<\/li><li>Utilice una colecci\u00f3n de \u00edconos de burbujas para elegir;<\/li><li>Ingrese su texto personal de la burbuja de chat.<\/li><\/ul><p><a href=\"#demo\">La demostraci\u00f3n en vivo le mostrar\u00e1 una lista completa de funciones<\/a><\/p> <\/div><div class=\"application-platform-content-item-installation application-platform-content-item\" id=\"installation\" data-nav-section=\"installation\"> <h2>Veamos c\u00f3mo agregar el chat de Facebook a su sitio web de Elementor<\/h2><div class=\"video-container\"><iframe width=\"720\" height=\"405\" src=\"https:\/\/www.youtube.com\/embed\/mcaqM0XgAvs\" frameborder=\"0\"><\/iframe> <\/div><p>Simplemente siga un par de pasos que se describen a continuaci\u00f3n para agregar el widget a su sitio.<\/p><ul><li><b>Cree su widget de chat personalizado<\/b><br>Con la ayuda de nuestro editor gratuito, genere un complemento con el dise\u00f1o y las capacidades preferibles.<\/li><li><b>Adquiera un c\u00f3digo para instalar el complemento<\/b><br>Despu\u00e9s de configurar el widget Reciba un c\u00f3digo para el widget de chat desde la notificaci\u00f3n que aparece en Elfsight Apps.<\/li><li><b>Integre el complemento en el sitio web<\/b><br>Muestre el complemento en el lugar necesario del sitio web y guarde los resultados.<\/li><li><b>\u00a1Listo!<\/b><br> Visite su sitio web de Elementor para ver su complemento.<\/li><p>\u00bfA\u00fan no puede decidirse? \u00bfO tienes algo que preguntar? Una sola solicitud a nuestro servicio de atenci\u00f3n al cliente le ayudar\u00e1 con cualquier problema. <\/p> <\/div><\/ul>","protected":false},"excerpt":{"rendered":"","protected":false},"author":9,"featured_media":0,"parent":1807,"menu_order":0,"comment_status":"closed","ping_status":"closed","template":"templates\/template-application-platform.php","meta":{"publish_to_discourse":"","publish_post_category":"","wpdc_auto_publish_overridden":"","wpdc_topic_tags":"","wpdc_pin_topic":"","wpdc_pin_until":"","discourse_post_id":"","discourse_permalink":"","wpdc_publishing_response":"","wpdc_publishing_error":"","footnotes":""},"class_list":["post-6308","page","type-page","status-publish","hentry"],"yoast_head":"<!-- This site is optimized with the Yoast SEO plugin v25.3.1 - https:\/\/yoast.com\/wordpress\/plugins\/seo\/ -->\n<title>Facebook Messenger: agregue chat en vivo al sitio web de Elementor<\/title>\n<meta name=\"description\" content=\"Con Elfsight, dise\u00f1e su widget de chat de Facebook y mu\u00e9strelo en su sitio web de Elementor de forma r\u00e1pida y sencilla. Ofrecemos servicio al cliente gratuito y m\u00e1s bonos.\" \/>\n<meta name=\"robots\" content=\"index, follow, max-snippet:-1, max-image-preview:large, max-video-preview:-1\" \/>\n<link rel=\"canonical\" href=\"https:\/\/elfsight.com\/es\/facebook-chat-widget\/elementor\/\" \/>\n<meta property=\"og:locale\" content=\"es_ES\" \/>\n<meta property=\"og:type\" content=\"article\" \/>\n<meta property=\"og:title\" content=\"Facebook Messenger: agregue chat en vivo al sitio web de Elementor\" \/>\n<meta property=\"og:description\" content=\"Con Elfsight, dise\u00f1e su widget de chat de Facebook y mu\u00e9strelo en su sitio web de Elementor de forma r\u00e1pida y sencilla. Ofrecemos servicio al cliente gratuito y m\u00e1s bonos.\" \/>\n<meta property=\"og:url\" content=\"https:\/\/elfsight.com\/es\/facebook-chat-widget\/elementor\/\" \/>\n<meta property=\"og:site_name\" content=\"Elfsight ES\" \/>\n<meta property=\"article:modified_time\" content=\"2025-02-06T16:05:21+00:00\" \/>\n<meta name=\"twitter:card\" content=\"summary_large_image\" \/>\n<meta name=\"twitter:label1\" content=\"Tiempo de lectura\" \/>\n\t<meta name=\"twitter:data1\" content=\"3 minutos\" \/>\n<!-- \/ Yoast SEO plugin. -->","yoast_head_json":{"title":"Facebook Messenger: agregue chat en vivo al sitio web de Elementor","description":"Con Elfsight, dise\u00f1e su widget de chat de Facebook y mu\u00e9strelo en su sitio web de Elementor de forma r\u00e1pida y sencilla. Ofrecemos servicio al cliente gratuito y m\u00e1s bonos.","robots":{"index":"index","follow":"follow","max-snippet":"max-snippet:-1","max-image-preview":"max-image-preview:large","max-video-preview":"max-video-preview:-1"},"canonical":"https:\/\/elfsight.com\/es\/facebook-chat-widget\/elementor\/","og_locale":"es_ES","og_type":"article","og_title":"Facebook Messenger: agregue chat en vivo al sitio web de Elementor","og_description":"Con Elfsight, dise\u00f1e su widget de chat de Facebook y mu\u00e9strelo en su sitio web de Elementor de forma r\u00e1pida y sencilla. Ofrecemos servicio al cliente gratuito y m\u00e1s bonos.","og_url":"https:\/\/elfsight.com\/es\/facebook-chat-widget\/elementor\/","og_site_name":"Elfsight ES","article_modified_time":"2025-02-06T16:05:21+00:00","twitter_card":"summary_large_image","twitter_misc":{"Tiempo de lectura":"3 minutos"},"schema":{"@context":"https:\/\/schema.org","@graph":[{"@type":"WebPage","@id":"https:\/\/elfsight.com\/es\/facebook-chat-widget\/elementor\/","url":"https:\/\/elfsight.com\/es\/facebook-chat-widget\/elementor\/","name":"Facebook Messenger: agregue chat en vivo al sitio web de Elementor","isPartOf":{"@id":"https:\/\/elfsight.com\/es\/#website"},"datePublished":"1970-01-01T00:00:00+00:00","dateModified":"2025-02-06T16:05:21+00:00","description":"Con Elfsight, dise\u00f1e su widget de chat de Facebook y mu\u00e9strelo en su sitio web de Elementor de forma r\u00e1pida y sencilla. Ofrecemos servicio al cliente gratuito y m\u00e1s bonos.","breadcrumb":{"@id":"https:\/\/elfsight.com\/es\/facebook-chat-widget\/elementor\/#breadcrumb"},"inLanguage":"es","potentialAction":[{"@type":"ReadAction","target":["https:\/\/elfsight.com\/es\/facebook-chat-widget\/elementor\/"]}]},{"@type":"BreadcrumbList","@id":"https:\/\/elfsight.com\/es\/facebook-chat-widget\/elementor\/#breadcrumb","itemListElement":[{"@type":"ListItem","position":1,"name":"Home","item":"https:\/\/elfsight.com\/es\/"},{"@type":"ListItem","position":2,"name":"Facebook Chat","item":"https:\/\/elfsight.com\/es\/facebook-chat-widget\/"},{"@type":"ListItem","position":3,"name":"Facebook Chat &#8211; Elementor"}]},{"@type":"WebSite","@id":"https:\/\/elfsight.com\/es\/#website","url":"https:\/\/elfsight.com\/es\/","name":"Elfsight ES","description":"Just another Elfsight Sites site","potentialAction":[{"@type":"SearchAction","target":{"@type":"EntryPoint","urlTemplate":"https:\/\/elfsight.com\/es\/?s={search_term_string}"},"query-input":{"@type":"PropertyValueSpecification","valueRequired":true,"valueName":"search_term_string"}}],"inLanguage":"es"}]}},"meta_box":{"industry":"","seo_heading":"","heading":"","description":"","cta_heading":"","cta_description":"","application":"1806","h1":"Widget de Facebook Messenger de Elementor","h1_caption":"La forma de interacci\u00f3n m\u00e1s pr\u00e1ctica para los visitantes de su sitio web","application_category":[],"applications_title":"","applications_request_title":"","applications_request_button_text":"","hero_text":"","hero_video":"","hero_video_schema_markup":"","selling_points_title":"","selling_points_caption":"","selling_points":[],"selling_points_cta_text":"","features_title":"","features":"","ed_cta_examples_text":"","ed_cta_examples_hidden":"","ed_cta_demo_text":"","ed_cta_demo_hidden":"","why_caption":"","why_editor_title":"","why_editor_text":"","why_team_title":"","why_team_text":"","why_service_title":"","why_service_text":"","template_catalog_visible":"","template_catalog_title":"","template_catalog_text":"","template_catalog_categories_visible":"","demo_title":"Crea tu widget de chat de Facebook","demo_caption":"\u00a1Configure su chat de Facebook y agr\u00e9guelo a su sitio web de Elementor gratis!","default_faq_hidden":"","app_template_category":[],"platform":"58","template_public_id":"","codecanyon_url":"","codecanyon_item_id":"","codecanyon_price":"","pricing_caption":"","pricing_elfsight_apps_hide_column":"","pricing_elfsight_apps_url":"","pricing_codecanyon_price_caption":"","integration_category":[],"integration_request_title":"","integration_request_cta":"","integration_platform":"","integrations":[],"platform_category":[],"video_schema_markup":"","price":"desde $0 \/ mes","trial":"","benefits":[{"text":"Servicio de instalaci\u00f3n gratuito"},{"text":"Soporte excepcional"},{"text":"Garant\u00eda de reembolso de 14 d\u00edas"},{"text":"Actualizaciones gratuitas continuas"}],"button_url":"#demo","button_target_blank":"","button_nofollow":"","attributes":[{"name":"Instalaciones","content":"10,000 - 100,000"},{"name":"Sensible","content":"Dise\u00f1o adaptativo"},{"name":"Navegadores compatibles","content":"Firefox, Safari, Opera, Chrome, Edge"}],"tags":[],"tags_disable_links":"","hide_more_platforms":"","video_object":"","demo_hide_cta":"","demo_hide_cloud_options":"","pricing_title":"","pricing":[{"pricing_icon":"platform","pricing_title":"Elfsight Apps","pricing_title_caption":"Soluci\u00f3n digital multiplataforma","pricing_price":"desde $0 \/ mes","pricing_price_caption":"comienza con el plan gratuito","pricing_benefits":[{"text":"Dominios ilimitados"},{"text":"Atenci\u00f3n al cliente premium y bien documentada."},{"text":"Servicio de instalaci\u00f3n gratuito"},{"text":"Precio especial para m\u00faltiples aplicaciones"}],"pricing_button_text":"A\u00f1adir al sitio web","pricing_button_url":"#demo"}],"related_apps_title":"","related_apps_hidden":"","author":"","image":[],"title":"","job":"","social_networks":[]},"_links":{"self":[{"href":"https:\/\/elfsight.com\/es\/wp-json\/wp\/v2\/pages\/6308","targetHints":{"allow":["GET"]}}],"collection":[{"href":"https:\/\/elfsight.com\/es\/wp-json\/wp\/v2\/pages"}],"about":[{"href":"https:\/\/elfsight.com\/es\/wp-json\/wp\/v2\/types\/page"}],"author":[{"embeddable":true,"href":"https:\/\/elfsight.com\/es\/wp-json\/wp\/v2\/users\/9"}],"replies":[{"embeddable":true,"href":"https:\/\/elfsight.com\/es\/wp-json\/wp\/v2\/comments?post=6308"}],"version-history":[{"count":2,"href":"https:\/\/elfsight.com\/es\/wp-json\/wp\/v2\/pages\/6308\/revisions"}],"predecessor-version":[{"id":19159,"href":"https:\/\/elfsight.com\/es\/wp-json\/wp\/v2\/pages\/6308\/revisions\/19159"}],"up":[{"embeddable":true,"href":"https:\/\/elfsight.com\/es\/wp-json\/wp\/v2\/pages\/1807"}],"wp:attachment":[{"href":"https:\/\/elfsight.com\/es\/wp-json\/wp\/v2\/media?parent=6308"}],"curies":[{"name":"wp","href":"https:\/\/api.w.org\/{rel}","templated":true}]}}