{"id":6307,"date":"1970-01-01T00:00:00","date_gmt":"1970-01-01T00:00:00","guid":{"rendered":"https:\/\/elfsight.com\/es\/?page_id=6307"},"modified":"2025-02-06T16:05:21","modified_gmt":"2025-02-06T16:05:21","slug":"drupal","status":"publish","type":"page","link":"https:\/\/elfsight.com\/es\/facebook-chat-widget\/drupal\/","title":{"rendered":"Facebook Chat &#8211; Drupal"},"content":{"rendered":"<div class=\"application-platform-content-item-description application-platform-content-item\" id=\"description\" data-nav-section=\"description\"> <h2>Descripci\u00f3n<\/h2> <p>El chat de Facebook creado por Elfsight es la forma m\u00e1s sencilla para que los clientes de su sitio web le env\u00eden un mensaje y obtengan respuestas a sus preguntas y solicitudes. Puede permanecer disponible en l\u00ednea en uno de nuestros queridos mensajeros en cualquier momento. Configure el m\u00f3dulo de mensajer\u00eda en la p\u00e1gina web y puede aparecer en las p\u00e1ginas m\u00e1s importantes o para tipos particulares de personas, seleccione activadores de inicio de chat, muestre su mensaje de bienvenida personalizado, cambie \u00edconos y aplique otras personalizaciones. Con la ayuda del chat en vivo instalado en el sitio web, estar\u00e1 disponible para su clientela a cualquier hora y desde cualquier lugar.<\/p> <div class=\"faq\" data-component=\"FAQ\"> <div class=\"faq-item\">\r\n\t\t\t\t\t<div class=\"faq-item-question\">\r\n\t\t\t\t\t\t<h3 class=\"faq-item-question-text\">D\u00f3nde puedo insertarlo<\/h3>\r\n\r\n\t\t\t\t\t\t<div class=\"faq-item-question-icon\"><\/div>\r\n\t\t\t\t\t<\/div>\r\n\r\n\t\t\t\t\t<div class=\"faq-item-answer\">\r\n\t\t\t\t\t\t<div class=\"faq-item-answer-text\"> <p>Puede configurar el chat de Facebook para todas y cada una de las p\u00e1ginas de su sitio web, o solo para las p\u00e1ginas que seleccione. Tambi\u00e9n es posible excluir p\u00e1ginas seleccionadas si no desea que el widget est\u00e9 en ellas. <\/p> <\/div>\r\n\t\t\t\t\t<\/div>\r\n\t\t\t\t<\/div> <div class=\"faq-item\">\r\n\t\t\t\t\t<div class=\"faq-item-question\">\r\n\t\t\t\t\t\t<h3 class=\"faq-item-question-text\">\u00bfCu\u00e1les son las ventajas de tener el widget para m\u00ed?<\/h3>\r\n\r\n\t\t\t\t\t\t<div class=\"faq-item-question-icon\"><\/div>\r\n\t\t\t\t\t<\/div>\r\n\r\n\t\t\t\t\t<div class=\"faq-item-answer\">\r\n\t\t\t\t\t\t<div class=\"faq-item-answer-text\"> <p>Ayudar\u00e1 a que m\u00e1s visitantes del sitio web se comuniquen con usted con sus preguntas y solicitudes. Apoye la comunicaci\u00f3n en vivo y aumente la cantidad de clientes potenciales y compras. M\u00e1s a\u00fan, una respuesta r\u00e1pida y un enfoque personal aumentar\u00e1n el nivel de atenci\u00f3n al cliente. <\/p> <\/div>\r\n\t\t\t\t\t<\/div>\r\n\t\t\t\t<\/div> <div class=\"faq-item\">\r\n\t\t\t\t\t<div class=\"faq-item-question\">\r\n\t\t\t\t\t\t<h3 class=\"faq-item-question-text\">\u00bfQu\u00e9 necesito para agregar el chat de Facebook en mi sitio web?<\/h3>\r\n\r\n\t\t\t\t\t\t<div class=\"faq-item-question-icon\"><\/div>\r\n\t\t\t\t\t<\/div>\r\n\r\n\t\t\t\t\t<div class=\"faq-item-answer\">\r\n\t\t\t\t\t\t<div class=\"faq-item-answer-text\"> <p>Solo necesitar\u00e1s tres minutos de tu tiempo para insertar el widget. Es s\u00faper r\u00e1pido, gratuito y sin codificaci\u00f3n. <\/p> <p>El m\u00f3dulo Elfsight Chat se puede integrar a trav\u00e9s de nuestro servicio o en el mercado. Puedes leer m\u00e1s sobre estas variantes y elegir la tuya. <\/p> <\/div>\r\n\t\t\t\t\t<\/div>\r\n\t\t\t\t<\/div> <\/div> <\/div> <div class=\"application-platform-content-item-features application-platform-content-item\" id=\"features\" data-nav-section=\"features\"> <h2>Caracter\u00edsticas<\/h2> <p>Para comprender mejor Facebook Messenger para Drupal, consulte la lista de las caracter\u00edsticas principales. Hacen que nuestro m\u00f3dulo sea incre\u00edblemente beneficioso para su negocio: <\/p> <ul><li>Instale el chat en su sitio para mantenerse en contacto con los clientes; <\/li><li>Proporcione respuestas directamente desde su p\u00e1gina de Facebook; <\/li><li>Elija entre 3 opciones de posici\u00f3n del chat: como burbuja flotante, burbuja incrustada y ventana de chat incrustada; <\/li><li>Elija su \u00edcono de burbuja de la colecci\u00f3n de \u00edconos disponibles; <\/li><li>Edita el texto de la burbuja de chat. <\/li><\/ul><p><a href=\"#demo\">Vea una lista completa de funciones en nuestra demostraci\u00f3n en vivo<\/a><\/p> <\/div> <div class=\"application-platform-content-item-installation application-platform-content-item\" id=\"installation\" data-nav-section=\"installation\"> <h2>C\u00f3mo agregar el m\u00f3dulo de Facebook Messenger a su p\u00e1gina Drupal<\/h2> <p>Simplemente siga los siguientes pasos que se presentan a continuaci\u00f3n para agregar el m\u00f3dulo en Drupal.<\/p> <ol><li><b>Utilice nuestra demostraci\u00f3n gratuita y comience a dar forma a su propia herramienta. <\/b><br> Especifique la forma personalizada y la funcionalidad del m\u00f3dulo y guarde las modificaciones. <\/li> <li><b>Obtenga su c\u00f3digo personal revelado en la ventana de Elfsight Apps. <\/b><br> Cuando se complete la generaci\u00f3n de su m\u00f3dulo de chat de Facebook, copie el c\u00f3digo exclusivo en la ventana emergente que aparece y gu\u00e1rdelo para usarlo en el futuro. <\/li> <li><b>Iniciar el uso de la herramienta en el sitio web de Drupal. <\/b><br> Inserta el c\u00f3digo copiado recientemente en tu p\u00e1gina y aplica las correcciones. <\/li> <li><b>La instalaci\u00f3n se ha realizado por completo. <\/b><br>Visite su sitio web para ver en acci\u00f3n el trabajo del m\u00f3dulo. <\/li><\/ol><p>\u00bfA\u00fan no te decides? \u00bfO tienes consultas? Simplemente env\u00ede una solicitud a nuestro servicio de atenci\u00f3n al cliente. Brindamos ayuda con cualquier tipo de problema.<\/p> <\/div><p><\/p>","protected":false},"excerpt":{"rendered":"","protected":false},"author":9,"featured_media":0,"parent":1807,"menu_order":0,"comment_status":"closed","ping_status":"closed","template":"templates\/template-application-platform.php","meta":{"publish_to_discourse":"","publish_post_category":"","wpdc_auto_publish_overridden":"","wpdc_topic_tags":"","wpdc_pin_topic":"","wpdc_pin_until":"","discourse_post_id":"","discourse_permalink":"","wpdc_publishing_response":"","wpdc_publishing_error":"","footnotes":""},"class_list":["post-6307","page","type-page","status-publish","hentry"],"yoast_head":"<!-- This site is optimized with the Yoast SEO plugin v25.3.1 - https:\/\/yoast.com\/wordpress\/plugins\/seo\/ -->\n<title>Chat de Facebook: agregue el m\u00f3dulo Messenger al sitio web de Drupal (en 2 minutos)<\/title>\n<meta name=\"description\" content=\"Aqu\u00ed tienes la oportunidad de dise\u00f1ar el chat de Facebook e integrar el m\u00f3dulo Messenger en tu sitio web Drupal. Disfrutar\u00e1 de soporte gratuito y otras bonificaciones de Elfsight.\" \/>\n<meta name=\"robots\" content=\"index, follow, max-snippet:-1, max-image-preview:large, max-video-preview:-1\" \/>\n<link rel=\"canonical\" href=\"https:\/\/elfsight.com\/es\/facebook-chat-widget\/drupal\/\" \/>\n<meta property=\"og:locale\" content=\"es_ES\" \/>\n<meta property=\"og:type\" content=\"article\" \/>\n<meta property=\"og:title\" content=\"Chat de Facebook: agregue el m\u00f3dulo Messenger al sitio web de Drupal (en 2 minutos)\" \/>\n<meta property=\"og:description\" content=\"Aqu\u00ed tienes la oportunidad de dise\u00f1ar el chat de Facebook e integrar el m\u00f3dulo Messenger en tu sitio web Drupal. Disfrutar\u00e1 de soporte gratuito y otras bonificaciones de Elfsight.\" \/>\n<meta property=\"og:url\" content=\"https:\/\/elfsight.com\/es\/facebook-chat-widget\/drupal\/\" \/>\n<meta property=\"og:site_name\" content=\"Elfsight ES\" \/>\n<meta property=\"article:modified_time\" content=\"2025-02-06T16:05:21+00:00\" \/>\n<meta name=\"twitter:card\" content=\"summary_large_image\" \/>\n<meta name=\"twitter:label1\" content=\"Tiempo de lectura\" \/>\n\t<meta name=\"twitter:data1\" content=\"3 minutos\" \/>\n<!-- \/ Yoast SEO plugin. -->","yoast_head_json":{"title":"Chat de Facebook: agregue el m\u00f3dulo Messenger al sitio web de Drupal (en 2 minutos)","description":"Aqu\u00ed tienes la oportunidad de dise\u00f1ar el chat de Facebook e integrar el m\u00f3dulo Messenger en tu sitio web Drupal. Disfrutar\u00e1 de soporte gratuito y otras bonificaciones de Elfsight.","robots":{"index":"index","follow":"follow","max-snippet":"max-snippet:-1","max-image-preview":"max-image-preview:large","max-video-preview":"max-video-preview:-1"},"canonical":"https:\/\/elfsight.com\/es\/facebook-chat-widget\/drupal\/","og_locale":"es_ES","og_type":"article","og_title":"Chat de Facebook: agregue el m\u00f3dulo Messenger al sitio web de Drupal (en 2 minutos)","og_description":"Aqu\u00ed tienes la oportunidad de dise\u00f1ar el chat de Facebook e integrar el m\u00f3dulo Messenger en tu sitio web Drupal. Disfrutar\u00e1 de soporte gratuito y otras bonificaciones de Elfsight.","og_url":"https:\/\/elfsight.com\/es\/facebook-chat-widget\/drupal\/","og_site_name":"Elfsight ES","article_modified_time":"2025-02-06T16:05:21+00:00","twitter_card":"summary_large_image","twitter_misc":{"Tiempo de lectura":"3 minutos"},"schema":{"@context":"https:\/\/schema.org","@graph":[{"@type":"WebPage","@id":"https:\/\/elfsight.com\/es\/facebook-chat-widget\/drupal\/","url":"https:\/\/elfsight.com\/es\/facebook-chat-widget\/drupal\/","name":"Chat de Facebook: agregue el m\u00f3dulo Messenger al sitio web de Drupal (en 2 minutos)","isPartOf":{"@id":"https:\/\/elfsight.com\/es\/#website"},"datePublished":"1970-01-01T00:00:00+00:00","dateModified":"2025-02-06T16:05:21+00:00","description":"Aqu\u00ed tienes la oportunidad de dise\u00f1ar el chat de Facebook e integrar el m\u00f3dulo Messenger en tu sitio web Drupal. Disfrutar\u00e1 de soporte gratuito y otras bonificaciones de Elfsight.","breadcrumb":{"@id":"https:\/\/elfsight.com\/es\/facebook-chat-widget\/drupal\/#breadcrumb"},"inLanguage":"es","potentialAction":[{"@type":"ReadAction","target":["https:\/\/elfsight.com\/es\/facebook-chat-widget\/drupal\/"]}]},{"@type":"BreadcrumbList","@id":"https:\/\/elfsight.com\/es\/facebook-chat-widget\/drupal\/#breadcrumb","itemListElement":[{"@type":"ListItem","position":1,"name":"Home","item":"https:\/\/elfsight.com\/es\/"},{"@type":"ListItem","position":2,"name":"Facebook Chat","item":"https:\/\/elfsight.com\/es\/facebook-chat-widget\/"},{"@type":"ListItem","position":3,"name":"Facebook Chat &#8211; Drupal"}]},{"@type":"WebSite","@id":"https:\/\/elfsight.com\/es\/#website","url":"https:\/\/elfsight.com\/es\/","name":"Elfsight ES","description":"Just another Elfsight Sites site","potentialAction":[{"@type":"SearchAction","target":{"@type":"EntryPoint","urlTemplate":"https:\/\/elfsight.com\/es\/?s={search_term_string}"},"query-input":{"@type":"PropertyValueSpecification","valueRequired":true,"valueName":"search_term_string"}}],"inLanguage":"es"}]}},"meta_box":{"industry":"","seo_heading":"","heading":"","description":"","cta_heading":"","cta_description":"","application":"1806","h1":"M\u00f3dulo Drupal Facebook Messenger","h1_caption":"El canal de comunicaci\u00f3n m\u00e1s sencillo para la audiencia de su sitio web","application_category":[],"applications_title":"","applications_request_title":"","applications_request_button_text":"","hero_text":"","hero_video":"","hero_video_schema_markup":"","selling_points_title":"","selling_points_caption":"","selling_points":[],"selling_points_cta_text":"","features_title":"","features":"","ed_cta_examples_text":"","ed_cta_examples_hidden":"","ed_cta_demo_text":"","ed_cta_demo_hidden":"","why_caption":"","why_editor_title":"","why_editor_text":"","why_team_title":"","why_team_text":"","why_service_title":"","why_service_text":"","template_catalog_visible":"","template_catalog_title":"","template_catalog_text":"","template_catalog_categories_visible":"","demo_title":"Crea tu m\u00f3dulo de chat de Facebook","demo_caption":"\u00a1Configura tu chat de Facebook y agr\u00e9galo a tu sitio web Drupal gratis!","default_faq_hidden":"","app_template_category":[],"platform":"2161","template_public_id":"","codecanyon_url":"","codecanyon_item_id":"","codecanyon_price":"","pricing_caption":"","pricing_elfsight_apps_hide_column":"","pricing_elfsight_apps_url":"","pricing_codecanyon_price_caption":"","integration_category":[],"integration_request_title":"","integration_request_cta":"","integration_platform":"","integrations":[],"platform_category":[],"video_schema_markup":"","price":"desde $0 \/ mes","trial":"","benefits":[{"text":"Ayuda de instalaci\u00f3n gratuita"},{"text":"Servicio al cliente competente"},{"text":"Garant\u00eda de devoluci\u00f3n de dinero de 14 d\u00edas"},{"text":"Actualizaciones de por vida"}],"button_url":"#demo","button_target_blank":"","button_nofollow":"","attributes":[{"name":"Instalaciones","content":"10,000 - 100,000"},{"name":"Sensible","content":"S\u00ed"},{"name":"Navegadores compatibles","content":"IE11, Firefox, Safari, Opera, Chrome, Edge"}],"tags":[],"tags_disable_links":"","hide_more_platforms":"","video_object":"","demo_hide_cta":"","demo_hide_cloud_options":"","pricing_title":"","pricing":[{"pricing_icon":"platform","pricing_title":"Elfsight Apps","pricing_title_caption":"Software independiente de la plataforma que se adapta a cualquier sitio web","pricing_price":"desde $0 \/ mes","pricing_price_caption":"comienza con el plan gratuito","pricing_benefits":[{"text":"Dominios ilimitados"},{"text":"Soporte profesional y bien documentado."},{"text":"Asistencia de instalaci\u00f3n gratuita"},{"text":"Asistencia de instalaci\u00f3n gratuita"}],"pricing_button_text":"A\u00f1adir al sitio web","pricing_button_url":"#demo"}],"related_apps_title":"","related_apps_hidden":"","author":"","image":[],"title":"","job":"","social_networks":[]},"_links":{"self":[{"href":"https:\/\/elfsight.com\/es\/wp-json\/wp\/v2\/pages\/6307","targetHints":{"allow":["GET"]}}],"collection":[{"href":"https:\/\/elfsight.com\/es\/wp-json\/wp\/v2\/pages"}],"about":[{"href":"https:\/\/elfsight.com\/es\/wp-json\/wp\/v2\/types\/page"}],"author":[{"embeddable":true,"href":"https:\/\/elfsight.com\/es\/wp-json\/wp\/v2\/users\/9"}],"replies":[{"embeddable":true,"href":"https:\/\/elfsight.com\/es\/wp-json\/wp\/v2\/comments?post=6307"}],"version-history":[{"count":2,"href":"https:\/\/elfsight.com\/es\/wp-json\/wp\/v2\/pages\/6307\/revisions"}],"predecessor-version":[{"id":19160,"href":"https:\/\/elfsight.com\/es\/wp-json\/wp\/v2\/pages\/6307\/revisions\/19160"}],"up":[{"embeddable":true,"href":"https:\/\/elfsight.com\/es\/wp-json\/wp\/v2\/pages\/1807"}],"wp:attachment":[{"href":"https:\/\/elfsight.com\/es\/wp-json\/wp\/v2\/media?parent=6307"}],"curies":[{"name":"wp","href":"https:\/\/api.w.org\/{rel}","templated":true}]}}