{"id":6306,"date":"1970-01-01T00:00:00","date_gmt":"1970-01-01T00:00:00","guid":{"rendered":"https:\/\/elfsight.com\/es\/?page_id=6306"},"modified":"2025-02-06T16:05:21","modified_gmt":"2025-02-06T16:05:21","slug":"blogger","status":"publish","type":"page","link":"https:\/\/elfsight.com\/es\/facebook-chat-widget\/blogger\/","title":{"rendered":"Facebook Chat &#8211; Blogger"},"content":{"rendered":"<div class=\"application-platform-content-item-description application-platform-content-item\" id=\"description\" data-nav-section=\"description\"> <h2>Descripci\u00f3n<\/h2> <p>El cuadro de chat de Facebook creado por Elfsight es una herramienta \u00fatil para que los clientes de su sitio web inicien una conversaci\u00f3n con usted y obtengan respuestas a sus preguntas y solicitudes. Puede permanecer disponible ahora mismo para las personas en su c\u00f3modo mensajero sin importar d\u00f3nde se encuentre. Introduzca el widget de chat en la p\u00e1gina web y selecci\u00f3nelo para que aparezca en p\u00e1ginas espec\u00edficas o para categor\u00edas seleccionadas de usuarios, configure activadores de inicio de chat, env\u00ede su mensaje de bienvenida personalizado, configure \u00edconos y aplique otras personalizaciones. Usando Facebook Messenger en tu p\u00e1gina web, permanecer\u00e1s conectado con tus clientes en cualquier momento y desde cualquier lugar.<\/p> <div class=\"faq\" data-component=\"FAQ\"> <div class=\"faq-item\">\r\n\t\t\t\t\t<div class=\"faq-item-question\">\r\n\t\t\t\t\t\t<h3 class=\"faq-item-question-text\">\u00bfD\u00f3nde puedo integrar el widget<\/h3>\r\n\r\n\t\t\t\t\t\t<div class=\"faq-item-question-icon\"><\/div>\r\n\t\t\t\t\t<\/div>\r\n\r\n\t\t\t\t\t<div class=\"faq-item-answer\">\r\n\t\t\t\t\t\t<div class=\"faq-item-answer-text\"> <p>Puedes introducirlo en cada p\u00e1gina de tu sitio web, o solo en las p\u00e1ginas donde lo necesites. Tambi\u00e9n hay una opci\u00f3n para excluir p\u00e1ginas seleccionadas si no desea que el widget est\u00e9 all\u00ed. <\/p> <\/div>\r\n\t\t\t\t\t<\/div>\r\n\t\t\t\t<\/div> <div class=\"faq-item\">\r\n\t\t\t\t\t<div class=\"faq-item-question\">\r\n\t\t\t\t\t\t<h3 class=\"faq-item-question-text\">\u00bfCu\u00e1les son los beneficios de tener este complemento para m\u00ed?<\/h3>\r\n\r\n\t\t\t\t\t\t<div class=\"faq-item-question-icon\"><\/div>\r\n\t\t\t\t\t<\/div>\r\n\r\n\t\t\t\t\t<div class=\"faq-item-answer\">\r\n\t\t\t\t\t\t<div class=\"faq-item-answer-text\"> <p>Este complemento ayudar\u00e1 a los usuarios a comunicarse f\u00e1cilmente con sus consultas, solicitudes o problemas. Puede ayudar a aumentar la cantidad de clientes potenciales y compras. Adem\u00e1s, la respuesta inmediata y el trato personalizado elevar\u00e1n la calidad de sus relaciones con los clientes. <\/p> <\/div>\r\n\t\t\t\t\t<\/div>\r\n\t\t\t\t<\/div> <div class=\"faq-item\">\r\n\t\t\t\t\t<div class=\"faq-item-question\">\r\n\t\t\t\t\t\t<h3 class=\"faq-item-question-text\">\u00bfC\u00f3mo puedo insertar el chat de Facebook en mi sitio?<\/h3>\r\n\r\n\t\t\t\t\t\t<div class=\"faq-item-question-icon\"><\/div>\r\n\t\t\t\t\t<\/div>\r\n\r\n\t\t\t\t\t<div class=\"faq-item-answer\">\r\n\t\t\t\t\t\t<div class=\"faq-item-answer-text\"> <p>Solo necesitar\u00e1s un minuto para comenzar a usar el widget. Es muy r\u00e1pido, gratuito y sin codificaci\u00f3n. <\/p> <p>Puedes introducir el widget en tu sitio en nuestro servicio. Para ello, siga las instrucciones que se detallan a continuaci\u00f3n en esta p\u00e1gina. <\/p> <\/div>\r\n\t\t\t\t\t<\/div>\r\n\t\t\t\t<\/div> <\/div> <\/div> <div class=\"application-platform-content-item-features application-platform-content-item\" id=\"features\" data-nav-section=\"features\"> <h2>Caracter\u00edsticas<\/h2> <p>Para tener una idea clara de Facebook Messenger para Blogger, examina la lista de sus principales caracter\u00edsticas. Hacen que este widget sea lo m\u00e1s beneficioso para usted: <\/p> <ul><li>Introduzca Facebook Messenger en su tienda para establecer comunicaci\u00f3n con los visitantes; <\/li><li>Responder mensajes directamente desde tu p\u00e1gina de Facebook; <\/li><li>Utilice 3 tipos de ubicaci\u00f3n de chat: burbuja flotante, burbuja integrada y ventana de chat integrada; <\/li><li> Seleccione su variante de \u00edcono de burbuja de nuestra biblioteca de \u00edconos disponibles; <\/li><li>Ingrese su propio texto de la burbuja de chat. <\/li><\/ul><p><a href=\"#demo\">Explore una lista completa de funciones en nuestra demostraci\u00f3n<\/a><\/p> <\/div> <div class=\"application-platform-content-item-installation application-platform-content-item\" id=\"installation\" data-nav-section=\"installation\"> <h2>C\u00f3mo agregar el chat de Facebook a su p\u00e1gina de Blogger<\/h2><div class=\"video-container\"><iframe width=\"720\" height=\"405\" src=\"https:\/\/www.youtube.com\/embed\/KK7oHClT1uU\" frameborder=\"0\"><\/iframe><\/div><p>Las siguientes acciones son lo \u00fanico que necesita establecer. <\/p> <ol><li><b>Construya su propio complemento de mensajer\u00eda de Facebook<\/b><br> Usando nuestro configurador gratuito, genere un complemento con un dise\u00f1o y funcionalidad seleccionados. <\/li><li><b>Copia el c\u00f3digo personal para agregar el complemento<\/b><br> Despu\u00e9s de haber creado tu widget, recibir\u00e1s el c\u00f3digo \u00fanico en la notificaci\u00f3n emergente en Elfsight Apps. Copie el c\u00f3digo para su uso posterior. <\/li> <li><b>Integre el widget en su sitio web<\/b><br> Defina el \u00e1rea donde desea agregar el complemento e inserte el c\u00f3digo copiado all\u00ed. Aplicar los resultados. <\/li> <li><b>La configuraci\u00f3n est\u00e1 completa<\/b><br> Visite su sitio web para ver su complemento. <\/li> <\/ol><p>\u00bfA\u00fan tienes algo que te hace sentir inseguro? \u00bfO experimentando problemas? Una sola solicitud a nuestro equipo de soporte resolver\u00e1 todos los problemas. <\/p> <\/div>","protected":false},"excerpt":{"rendered":"","protected":false},"author":9,"featured_media":0,"parent":1807,"menu_order":0,"comment_status":"closed","ping_status":"closed","template":"templates\/template-application-platform.php","meta":{"publish_to_discourse":"","publish_post_category":"","wpdc_auto_publish_overridden":"","wpdc_topic_tags":"","wpdc_pin_topic":"","wpdc_pin_until":"","discourse_post_id":"","discourse_permalink":"","wpdc_publishing_response":"","wpdc_publishing_error":"","footnotes":""},"class_list":["post-6306","page","type-page","status-publish","hentry"],"yoast_head":"<!-- This site is optimized with the Yoast SEO plugin v25.3.1 - https:\/\/yoast.com\/wordpress\/plugins\/seo\/ -->\n<title>Facebook Messenger: agregue Chat Box al sitio web de Blogger (f\u00e1cil y r\u00e1pido)<\/title>\n<meta name=\"description\" content=\"Con Elfsight, d\u00e9 forma a su widget de chat de Facebook y agr\u00e9guelo al sitio de Blogger con facilidad. Contamos con atenci\u00f3n al cliente gratuita y otras bonificaciones.\" \/>\n<meta name=\"robots\" content=\"index, follow, max-snippet:-1, max-image-preview:large, max-video-preview:-1\" \/>\n<link rel=\"canonical\" href=\"https:\/\/elfsight.com\/es\/facebook-chat-widget\/blogger\/\" \/>\n<meta property=\"og:locale\" content=\"es_ES\" \/>\n<meta property=\"og:type\" content=\"article\" \/>\n<meta property=\"og:title\" content=\"Facebook Messenger: agregue Chat Box al sitio web de Blogger (f\u00e1cil y r\u00e1pido)\" \/>\n<meta property=\"og:description\" content=\"Con Elfsight, d\u00e9 forma a su widget de chat de Facebook y agr\u00e9guelo al sitio de Blogger con facilidad. Contamos con atenci\u00f3n al cliente gratuita y otras bonificaciones.\" \/>\n<meta property=\"og:url\" content=\"https:\/\/elfsight.com\/es\/facebook-chat-widget\/blogger\/\" \/>\n<meta property=\"og:site_name\" content=\"Elfsight ES\" \/>\n<meta property=\"article:modified_time\" content=\"2025-02-06T16:05:21+00:00\" \/>\n<meta name=\"twitter:card\" content=\"summary_large_image\" \/>\n<meta name=\"twitter:label1\" content=\"Tiempo de lectura\" \/>\n\t<meta name=\"twitter:data1\" content=\"3 minutos\" \/>\n<!-- \/ Yoast SEO plugin. -->","yoast_head_json":{"title":"Facebook Messenger: agregue Chat Box al sitio web de Blogger (f\u00e1cil y r\u00e1pido)","description":"Con Elfsight, d\u00e9 forma a su widget de chat de Facebook y agr\u00e9guelo al sitio de Blogger con facilidad. Contamos con atenci\u00f3n al cliente gratuita y otras bonificaciones.","robots":{"index":"index","follow":"follow","max-snippet":"max-snippet:-1","max-image-preview":"max-image-preview:large","max-video-preview":"max-video-preview:-1"},"canonical":"https:\/\/elfsight.com\/es\/facebook-chat-widget\/blogger\/","og_locale":"es_ES","og_type":"article","og_title":"Facebook Messenger: agregue Chat Box al sitio web de Blogger (f\u00e1cil y r\u00e1pido)","og_description":"Con Elfsight, d\u00e9 forma a su widget de chat de Facebook y agr\u00e9guelo al sitio de Blogger con facilidad. Contamos con atenci\u00f3n al cliente gratuita y otras bonificaciones.","og_url":"https:\/\/elfsight.com\/es\/facebook-chat-widget\/blogger\/","og_site_name":"Elfsight ES","article_modified_time":"2025-02-06T16:05:21+00:00","twitter_card":"summary_large_image","twitter_misc":{"Tiempo de lectura":"3 minutos"},"schema":{"@context":"https:\/\/schema.org","@graph":[{"@type":"WebPage","@id":"https:\/\/elfsight.com\/es\/facebook-chat-widget\/blogger\/","url":"https:\/\/elfsight.com\/es\/facebook-chat-widget\/blogger\/","name":"Facebook Messenger: agregue Chat Box al sitio web de Blogger (f\u00e1cil y r\u00e1pido)","isPartOf":{"@id":"https:\/\/elfsight.com\/es\/#website"},"datePublished":"1970-01-01T00:00:00+00:00","dateModified":"2025-02-06T16:05:21+00:00","description":"Con Elfsight, d\u00e9 forma a su widget de chat de Facebook y agr\u00e9guelo al sitio de Blogger con facilidad. Contamos con atenci\u00f3n al cliente gratuita y otras bonificaciones.","breadcrumb":{"@id":"https:\/\/elfsight.com\/es\/facebook-chat-widget\/blogger\/#breadcrumb"},"inLanguage":"es","potentialAction":[{"@type":"ReadAction","target":["https:\/\/elfsight.com\/es\/facebook-chat-widget\/blogger\/"]}]},{"@type":"BreadcrumbList","@id":"https:\/\/elfsight.com\/es\/facebook-chat-widget\/blogger\/#breadcrumb","itemListElement":[{"@type":"ListItem","position":1,"name":"Home","item":"https:\/\/elfsight.com\/es\/"},{"@type":"ListItem","position":2,"name":"Facebook Chat","item":"https:\/\/elfsight.com\/es\/facebook-chat-widget\/"},{"@type":"ListItem","position":3,"name":"Facebook Chat &#8211; Blogger"}]},{"@type":"WebSite","@id":"https:\/\/elfsight.com\/es\/#website","url":"https:\/\/elfsight.com\/es\/","name":"Elfsight ES","description":"Just another Elfsight Sites site","potentialAction":[{"@type":"SearchAction","target":{"@type":"EntryPoint","urlTemplate":"https:\/\/elfsight.com\/es\/?s={search_term_string}"},"query-input":{"@type":"PropertyValueSpecification","valueRequired":true,"valueName":"search_term_string"}}],"inLanguage":"es"}]}},"meta_box":{"industry":"","seo_heading":"","heading":"","description":"","cta_heading":"","cta_description":"","application":"1806","h1":"Widget de chat de Facebook de Blogger","h1_caption":"El canal de comunicaci\u00f3n m\u00e1s sencillo para los visitantes de su sitio web","application_category":[],"applications_title":"","applications_request_title":"","applications_request_button_text":"","hero_text":"","hero_video":"","hero_video_schema_markup":"","selling_points_title":"","selling_points_caption":"","selling_points":[],"selling_points_cta_text":"","features_title":"","features":"","ed_cta_examples_text":"","ed_cta_examples_hidden":"","ed_cta_demo_text":"","ed_cta_demo_hidden":"","why_caption":"","why_editor_title":"","why_editor_text":"","why_team_title":"","why_team_text":"","why_service_title":"","why_service_text":"","template_catalog_visible":"","template_catalog_title":"","template_catalog_text":"","template_catalog_categories_visible":"","demo_title":"Crea tu widget de chat de Facebook","demo_caption":"\u00a1Configura tu chat de Facebook y agr\u00e9galo a tu sitio web de Blogger gratis!","default_faq_hidden":"","app_template_category":[],"platform":"39","template_public_id":"","codecanyon_url":"","codecanyon_item_id":"","codecanyon_price":"","pricing_caption":"","pricing_elfsight_apps_hide_column":"","pricing_elfsight_apps_url":"","pricing_codecanyon_price_caption":"","integration_category":[],"integration_request_title":"","integration_request_cta":"","integration_platform":"","integrations":[],"platform_category":[],"video_schema_markup":"","price":"desde $0 \/ mes","trial":"","benefits":[{"text":"Ayuda de instalaci\u00f3n gratuita"},{"text":"Servicio al cliente competente"},{"text":"Garant\u00eda de devoluci\u00f3n de dinero de 14 d\u00edas"},{"text":"Mejoras peri\u00f3dicas gratuitas"}],"button_url":"#demo","button_target_blank":"","button_nofollow":"","attributes":[{"name":"Instalaciones","content":"10,000 - 100,000"},{"name":"Sensible","content":"S\u00ed"},{"name":"Navegadores compatibles","content":"Firefox, Safari, Opera, Chrome, Edge"}],"tags":[],"tags_disable_links":"","hide_more_platforms":"","video_object":"","demo_hide_cta":"","demo_hide_cloud_options":"","pricing_title":"","pricing":[{"pricing_icon":"platform","pricing_title":"Elfsight Apps","pricing_title_caption":"Soluci\u00f3n digital multiplataforma","pricing_price":"desde $0 \/ mes","pricing_price_caption":"comienza con un plan gratuito","pricing_benefits":[{"text":"Sitios web ilimitados"},{"text":"Soporte dedicado, puntual y bien documentado."},{"text":"Ayuda de instalaci\u00f3n gratuita"},{"text":"100% personalizable"}],"pricing_button_text":"A\u00f1adir al sitio web","pricing_button_url":"#demo"}],"related_apps_title":"","related_apps_hidden":"","author":"","image":[],"title":"","job":"","social_networks":[]},"_links":{"self":[{"href":"https:\/\/elfsight.com\/es\/wp-json\/wp\/v2\/pages\/6306","targetHints":{"allow":["GET"]}}],"collection":[{"href":"https:\/\/elfsight.com\/es\/wp-json\/wp\/v2\/pages"}],"about":[{"href":"https:\/\/elfsight.com\/es\/wp-json\/wp\/v2\/types\/page"}],"author":[{"embeddable":true,"href":"https:\/\/elfsight.com\/es\/wp-json\/wp\/v2\/users\/9"}],"replies":[{"embeddable":true,"href":"https:\/\/elfsight.com\/es\/wp-json\/wp\/v2\/comments?post=6306"}],"version-history":[{"count":2,"href":"https:\/\/elfsight.com\/es\/wp-json\/wp\/v2\/pages\/6306\/revisions"}],"predecessor-version":[{"id":19161,"href":"https:\/\/elfsight.com\/es\/wp-json\/wp\/v2\/pages\/6306\/revisions\/19161"}],"up":[{"embeddable":true,"href":"https:\/\/elfsight.com\/es\/wp-json\/wp\/v2\/pages\/1807"}],"wp:attachment":[{"href":"https:\/\/elfsight.com\/es\/wp-json\/wp\/v2\/media?parent=6306"}],"curies":[{"name":"wp","href":"https:\/\/api.w.org\/{rel}","templated":true}]}}