{"id":6299,"date":"1970-01-01T00:00:00","date_gmt":"1970-01-01T00:00:00","guid":{"rendered":"https:\/\/elfsight.com\/es\/?page_id=6299"},"modified":"2025-02-06T16:05:29","modified_gmt":"2025-02-06T16:05:29","slug":"facebook","status":"publish","type":"page","link":"https:\/\/elfsight.com\/es\/facebook-chat-widget\/facebook\/","title":{"rendered":"Facebok Chat &#8211; Facebook Page"},"content":{"rendered":"<div class=\"application-platform-content-item-description application-platform-content-item\" id=\"description\" data-nav-section=\"description\"><h2>Descripci\u00f3n<\/h2><p>Facebook Messenger creado por Elfsight es una herramienta sencilla para que los usuarios de su p\u00e1gina inicien un chat con usted y obtengan respuestas a sus preguntas. Puede permanecer disponible para los usuarios en el mensajero m\u00e1s popular dondequiera que est\u00e9. Agregue Facebook Chat a su p\u00e1gina y podr\u00e1 aparecer para grupos elegidos de clientes. Seleccione iniciar activadores de chat, muestre su mensaje de bienvenida personalizado, alinee \u00edconos y mucho m\u00e1s. Al utilizar el widget de mensajer\u00eda, sus clientes podr\u00e1n acceder f\u00e1cilmente a usted en todo momento y sin importar su ubicaci\u00f3n. <\/p><\/div> <div class=\"application-platform-content-item-features application-platform-content-item\" id=\"features\" data-nav-section=\"features\"><h2>Caracter\u00edsticas<\/h2><p>Aqu\u00ed hay una lista de todas las caracter\u00edsticas del complemento. Est\u00e1n disponibles directamente en el editor y le ayudar\u00e1n a configurar el widget exactamente para su caso.<\/p><ul><li>Integre Facebook Messenger en su p\u00e1gina web para tener chats en vivo con la audiencia;<\/li><li>Siga comunic\u00e1ndose directamente desde su p\u00e1gina de Facebook;<\/li><li>Pruebe 3 variantes de ubicaci\u00f3n del chat: burbuja flotante, burbuja incrustada y ventana de chat incrustada;<\/li><li>Elija su icono de burbuja del conjunto de iconos disponibles;<\/li><li>Edite el texto del burbuja de chat.<\/li><\/ul><p><a href=\"#demo\">Puedes probar todas las funciones del widget directamente en la demostraci\u00f3n<\/a><\/p><\/div> <div class=\"application-platform-content-item-installation application-platform-content-item\" id=\"installation\" data-nav-section=\"installation\"><h2>C\u00f3mo insertar Facebook Messenger en la p\u00e1gina comercial de Facebook<\/h2><p>Para comenzar a usar el widget, simplemente sigue las instrucciones a continuaci\u00f3n<\/p><ul><li><b>Construye tu chat personalizado widget<\/b><br>Utilizando nuestro editor gratuito, cree un complemento con un dise\u00f1o y funcionalidad preferibles.<\/li><li><b>Obtenga el c\u00f3digo individual para integrar el complemento<\/b><br>Despu\u00e9s de haber personalizado su widget, obtendr\u00e1 el c\u00f3digo individual de la ventana que aparece en Elfsight Apps. C\u00f3pialo para usarlo en el futuro.<\/li><li><b>Agrega el widget a la p\u00e1gina de Facebook<\/b><br> Crea tu pesta\u00f1a personalizada de Facebook. Inserte el c\u00f3digo que recibi\u00f3 en las aplicaciones de elfsight en la pesta\u00f1a. Si tiene alg\u00fan problema, simplemente consulte nuestra gu\u00eda sobre <a href=\"https:\/\/elfsight.com\/blog\/how-to-add-custom-tab-to-facebook-page\/\" target=\"_blank\" rel=\"noopener noreferrer\">creaci\u00f3n de una pesta\u00f1a personalizada de Facebook<\/a><\/li><li><b>La instalaci\u00f3n est\u00e1 completa<\/b><br>Vaya a su p\u00e1gina para ver su complemento.<\/li><\/ul><p>No dude en Comun\u00edquese con el servicio de atenci\u00f3n al cliente si necesita ayuda o tiene preguntas. Nuestros especialistas le ayudar\u00e1n con cada consulta.<\/p><\/div>","protected":false},"excerpt":{"rendered":"","protected":false},"author":9,"featured_media":0,"parent":1807,"menu_order":0,"comment_status":"closed","ping_status":"closed","template":"templates\/template-application-platform.php","meta":{"publish_to_discourse":"","publish_post_category":"","wpdc_auto_publish_overridden":"","wpdc_topic_tags":"","wpdc_pin_topic":"","wpdc_pin_until":"","discourse_post_id":"","discourse_permalink":"","wpdc_publishing_response":"","wpdc_publishing_error":"","footnotes":""},"class_list":["post-6299","page","type-page","status-publish","hentry"],"yoast_head":"<!-- This site is optimized with the Yoast SEO plugin v25.3.1 - https:\/\/yoast.com\/wordpress\/plugins\/seo\/ -->\n<title>Agregue el widget de mensajer\u00eda de Facebook a la p\u00e1gina comercial de Facebook (2025)<\/title>\n<meta name=\"description\" content=\"Con Elfsight, dise\u00f1e su widget de mensajer\u00eda de Facebook y agr\u00e9guelo a la p\u00e1gina de Facebook. Ofrecemos servicio al cliente gratuito y m\u00e1s bonos.\" \/>\n<meta name=\"robots\" content=\"index, follow, max-snippet:-1, max-image-preview:large, max-video-preview:-1\" \/>\n<link rel=\"canonical\" href=\"https:\/\/elfsight.com\/es\/facebook-chat-widget\/facebook\/\" \/>\n<meta property=\"og:locale\" content=\"es_ES\" \/>\n<meta property=\"og:type\" content=\"article\" \/>\n<meta property=\"og:title\" content=\"Agregue el widget de mensajer\u00eda de Facebook a la p\u00e1gina comercial de Facebook (2025)\" \/>\n<meta property=\"og:description\" content=\"Con Elfsight, dise\u00f1e su widget de mensajer\u00eda de Facebook y agr\u00e9guelo a la p\u00e1gina de Facebook. Ofrecemos servicio al cliente gratuito y m\u00e1s bonos.\" \/>\n<meta property=\"og:url\" content=\"https:\/\/elfsight.com\/es\/facebook-chat-widget\/facebook\/\" \/>\n<meta property=\"og:site_name\" content=\"Elfsight ES\" \/>\n<meta property=\"article:modified_time\" content=\"2025-02-06T16:05:29+00:00\" \/>\n<meta name=\"twitter:card\" content=\"summary_large_image\" \/>\n<meta name=\"twitter:label1\" content=\"Tiempo de lectura\" \/>\n\t<meta name=\"twitter:data1\" content=\"2 minutos\" \/>\n<!-- \/ Yoast SEO plugin. -->","yoast_head_json":{"title":"Agregue el widget de mensajer\u00eda de Facebook a la p\u00e1gina comercial de Facebook (2025)","description":"Con Elfsight, dise\u00f1e su widget de mensajer\u00eda de Facebook y agr\u00e9guelo a la p\u00e1gina de Facebook. Ofrecemos servicio al cliente gratuito y m\u00e1s bonos.","robots":{"index":"index","follow":"follow","max-snippet":"max-snippet:-1","max-image-preview":"max-image-preview:large","max-video-preview":"max-video-preview:-1"},"canonical":"https:\/\/elfsight.com\/es\/facebook-chat-widget\/facebook\/","og_locale":"es_ES","og_type":"article","og_title":"Agregue el widget de mensajer\u00eda de Facebook a la p\u00e1gina comercial de Facebook (2025)","og_description":"Con Elfsight, dise\u00f1e su widget de mensajer\u00eda de Facebook y agr\u00e9guelo a la p\u00e1gina de Facebook. Ofrecemos servicio al cliente gratuito y m\u00e1s bonos.","og_url":"https:\/\/elfsight.com\/es\/facebook-chat-widget\/facebook\/","og_site_name":"Elfsight ES","article_modified_time":"2025-02-06T16:05:29+00:00","twitter_card":"summary_large_image","twitter_misc":{"Tiempo de lectura":"2 minutos"},"schema":{"@context":"https:\/\/schema.org","@graph":[{"@type":"WebPage","@id":"https:\/\/elfsight.com\/es\/facebook-chat-widget\/facebook\/","url":"https:\/\/elfsight.com\/es\/facebook-chat-widget\/facebook\/","name":"Agregue el widget de mensajer\u00eda de Facebook a la p\u00e1gina comercial de Facebook (2025)","isPartOf":{"@id":"https:\/\/elfsight.com\/es\/#website"},"datePublished":"1970-01-01T00:00:00+00:00","dateModified":"2025-02-06T16:05:29+00:00","description":"Con Elfsight, dise\u00f1e su widget de mensajer\u00eda de Facebook y agr\u00e9guelo a la p\u00e1gina de Facebook. Ofrecemos servicio al cliente gratuito y m\u00e1s bonos.","breadcrumb":{"@id":"https:\/\/elfsight.com\/es\/facebook-chat-widget\/facebook\/#breadcrumb"},"inLanguage":"es","potentialAction":[{"@type":"ReadAction","target":["https:\/\/elfsight.com\/es\/facebook-chat-widget\/facebook\/"]}]},{"@type":"BreadcrumbList","@id":"https:\/\/elfsight.com\/es\/facebook-chat-widget\/facebook\/#breadcrumb","itemListElement":[{"@type":"ListItem","position":1,"name":"Home","item":"https:\/\/elfsight.com\/es\/"},{"@type":"ListItem","position":2,"name":"Facebook Chat","item":"https:\/\/elfsight.com\/es\/facebook-chat-widget\/"},{"@type":"ListItem","position":3,"name":"Facebok Chat &#8211; Facebook Page"}]},{"@type":"WebSite","@id":"https:\/\/elfsight.com\/es\/#website","url":"https:\/\/elfsight.com\/es\/","name":"Elfsight ES","description":"Just another Elfsight Sites site","potentialAction":[{"@type":"SearchAction","target":{"@type":"EntryPoint","urlTemplate":"https:\/\/elfsight.com\/es\/?s={search_term_string}"},"query-input":{"@type":"PropertyValueSpecification","valueRequired":true,"valueName":"search_term_string"}}],"inLanguage":"es"}]}},"meta_box":{"industry":"","seo_heading":"","heading":"","description":"","cta_heading":"","cta_description":"","application":"1806","h1":"Chat de Facebook Messenger para la p\u00e1gina de Facebook","h1_caption":"La forma de interacci\u00f3n m\u00e1s pr\u00e1ctica para los visitantes de su p\u00e1gina comercial","application_category":[],"applications_title":"","applications_request_title":"","applications_request_button_text":"","hero_text":"","hero_video":"","hero_video_schema_markup":"","selling_points_title":"","selling_points_caption":"","selling_points":[],"selling_points_cta_text":"","features_title":"","features":"","ed_cta_examples_text":"","ed_cta_examples_hidden":"","ed_cta_demo_text":"","ed_cta_demo_hidden":"","why_caption":"","why_editor_title":"","why_editor_text":"","why_team_title":"","why_team_text":"","why_service_title":"","why_service_text":"","template_catalog_visible":"","template_catalog_title":"","template_catalog_text":"","template_catalog_categories_visible":"","demo_title":"Crea tu widget de chat de Facebook","demo_caption":"\u00a1Configure su chat de Facebook y agr\u00e9guelo al sitio web de su p\u00e1gina de Facebook de forma gratuita!","default_faq_hidden":"","app_template_category":[],"platform":"64","template_public_id":"","codecanyon_url":"","codecanyon_item_id":"","codecanyon_price":"","pricing_caption":"","pricing_elfsight_apps_hide_column":"","pricing_elfsight_apps_url":"","pricing_codecanyon_price_caption":"","integration_category":[],"integration_request_title":"","integration_request_cta":"","integration_platform":"","integrations":[],"platform_category":[],"video_schema_markup":"","price":"desde $0 \/ mes","trial":"","benefits":[{"text":"Ayuda de instalaci\u00f3n gratuita"},{"text":"Servicio al cliente profesional"},{"text":"Garant\u00eda de devoluci\u00f3n de dinero de 14 d\u00edas"},{"text":"Mejoras continuas"}],"button_url":"#demo","button_target_blank":"","button_nofollow":"","attributes":[{"name":"Instalaciones","content":"10,000 - 100,000"},{"name":"Sensible","content":"S\u00ed"},{"name":"Navegadores compatibles","content":"Safari, Firefox, Opera, Edge, Chrome"}],"tags":[],"tags_disable_links":"","hide_more_platforms":"","video_object":"","demo_hide_cta":"","demo_hide_cloud_options":"","pricing_title":"","pricing":[{"pricing_icon":"platform","pricing_title":"Elfsight Apps","pricing_title_caption":"Versi\u00f3n independiente de la plataforma","pricing_price":"desde $0 \/ mes","pricing_price_caption":"comienza con el plan gratuito","pricing_benefits":[{"text":"Sitios web ilimitados"},{"text":"Soporte empresarial premium"},{"text":"Ayuda de instalaci\u00f3n gratuita"},{"text":"100% personalizable"}],"pricing_button_text":"A\u00f1adir al sitio web","pricing_button_url":"#demo"}],"related_apps_title":"","related_apps_hidden":"","author":"","image":[],"title":"","job":"","social_networks":[]},"_links":{"self":[{"href":"https:\/\/elfsight.com\/es\/wp-json\/wp\/v2\/pages\/6299","targetHints":{"allow":["GET"]}}],"collection":[{"href":"https:\/\/elfsight.com\/es\/wp-json\/wp\/v2\/pages"}],"about":[{"href":"https:\/\/elfsight.com\/es\/wp-json\/wp\/v2\/types\/page"}],"author":[{"embeddable":true,"href":"https:\/\/elfsight.com\/es\/wp-json\/wp\/v2\/users\/9"}],"replies":[{"embeddable":true,"href":"https:\/\/elfsight.com\/es\/wp-json\/wp\/v2\/comments?post=6299"}],"version-history":[{"count":2,"href":"https:\/\/elfsight.com\/es\/wp-json\/wp\/v2\/pages\/6299\/revisions"}],"predecessor-version":[{"id":19164,"href":"https:\/\/elfsight.com\/es\/wp-json\/wp\/v2\/pages\/6299\/revisions\/19164"}],"up":[{"embeddable":true,"href":"https:\/\/elfsight.com\/es\/wp-json\/wp\/v2\/pages\/1807"}],"wp:attachment":[{"href":"https:\/\/elfsight.com\/es\/wp-json\/wp\/v2\/media?parent=6299"}],"curies":[{"name":"wp","href":"https:\/\/api.w.org\/{rel}","templated":true}]}}