{"id":6237,"date":"1970-01-01T00:00:00","date_gmt":"1970-01-01T00:00:00","guid":{"rendered":"https:\/\/elfsight.com\/es\/?page_id=6237"},"modified":"2025-02-06T16:06:26","modified_gmt":"2025-02-06T16:06:26","slug":"weebly","status":"publish","type":"page","link":"https:\/\/elfsight.com\/es\/banner-widget\/weebly\/","title":{"rendered":"Banner &#8211; Weebly"},"content":{"rendered":"<div class=\"application-platform-content-item-description application-platform-content-item\" id=\"description\" data-nav-section=\"description\"> <h2>Descripci\u00f3n<\/h2> <p>La aplicaci\u00f3n Elfsight Banner para Weebly es una caracter\u00edstica inmensamente ajustable. Ahora tienes la opci\u00f3n de crear un banner promocional para cualquier prop\u00f3sito. Todo lo que tienes que hacer es seleccionar una imagen de fondo, el tipo de fondo, determinar su posici\u00f3n, adjuntar el t\u00edtulo y el t\u00edtulo. Recuerde agregar un bot\u00f3n CTA, una parte esencial de cualquier banner promocional. Y seguro que eres libre de adaptar los colores del widget como mejor te convenga. <\/p> <p><b>Aplicando nuestro atractivo banner en las p\u00e1ginas de su sitio web, promocione sus ofertas y servicios, incitando a m\u00e1s usuarios del sitio web a realizar una compra<\/b><\/p> <\/div> <div class=\"application-platform-content-item-features application-platform-content-item\" id=\"features\" data-nav-section=\"features\"> <h2>Ofrecemos funciones pr\u00e1cticas y sencillas, vea algunas de ellas: <\/h2> <ul><li>Cargue im\u00e1genes y videos adecuados. <\/li><li>Agregue enlaces, su correo electr\u00f3nico o n\u00famero de tel\u00e9fono<\/li><li>Agregue texto de t\u00edtulo y t\u00edtulo. <\/li><li>Crea tu bot\u00f3n CTA. <\/li><li>Permitir que el bot\u00f3n se complete o delinee. <\/li><\/ul><p><a href=\"#demo\">Puedes descubrir todas las capacidades del widget en la demostraci\u00f3n siguiente<\/a><\/p> <\/div> <div class=\"application-platform-content-item-installation application-platform-content-item\" id=\"installation\" data-nav-section=\"installation\"> <h2>\u00bfC\u00f3mo puedo agregar un banner en mi sitio web Weebly? <\/h2> <p>Simplemente aplique las instrucciones a continuaci\u00f3n para comenzar a trabajar con la herramienta. <\/p> <ol><li><b>Administra nuestro configurador gratuito y comienza a crear tu widget personalizado. <\/b><br>Determinar el dise\u00f1o y las especificaciones deseables de la herramienta y aplicar las correcciones. <\/li> <li><b>Reciba su c\u00f3digo personal expuesto en el cuadro de Elfsight Apps. <\/b><br> Cuando se complete la personalizaci\u00f3n de su aplicaci\u00f3n, copie el c\u00f3digo personal en la ventana que aparece y gu\u00e1rdelo para usarlo en el futuro. <\/li> <li><b>Comience a aplicar la aplicaci\u00f3n en el sitio web de Weebly. <\/b><br> Coloque el c\u00f3digo que guard\u00f3 recientemente en su p\u00e1gina y aplique las correcciones. <\/li> <li><b>\u00a1Ya terminaste! La incrustaci\u00f3n est\u00e1 totalmente realizada. <\/b><br>Vaya a su sitio web para ver c\u00f3mo funciona el widget. <\/li><\/ol> <p>Si experimenta alg\u00fan obst\u00e1culo, no tema comunicarse con nuestro equipo de soporte. Nuestros especialistas est\u00e1n deseando ayudarte con todas las dudas que puedas tener con el widget. <\/p><div class=\"faq\" data-component=\"FAQ\"> <div class=\"faq-item\">\r\n\t\t\t\t\t<div class=\"faq-item-question\">\r\n\t\t\t\t\t\t<h3 class=\"faq-item-question-text\">\u00bfC\u00f3mo puedo agregar Banner a mi sitio web Weebly sin conocimientos de codificaci\u00f3n?<\/h3>\r\n\r\n\t\t\t\t\t\t<div class=\"faq-item-question-icon\"><\/div>\r\n\t\t\t\t\t<\/div>\r\n\r\n\t\t\t\t\t<div class=\"faq-item-answer\">\r\n\t\t\t\t\t\t<div class=\"faq-item-answer-text\"> <p>Elfsight proporciona una soluci\u00f3n SaaS que le permite crear un widget de Banner usted mismo. Vea lo f\u00e1cil que es el proceso: trabaje directamente en el editor en l\u00ednea para crear un widget de Banner que le gustar\u00eda ver en su sitio web Weebly. Elija una de las plantillas predise\u00f1adas y ajuste la configuraci\u00f3n del banner, agregue su contenido, cambie el dise\u00f1o y el color de los elementos sin conocimientos de codificaci\u00f3n. Guarde el banner y copie su c\u00f3digo de instalaci\u00f3n para que pueda agregarlo f\u00e1cilmente a su sitio web Weebly sin comprar una suscripci\u00f3n paga. Con nuestro editor intuitivo, cualquier usuario de Internet puede crear un widget de banner en l\u00ednea e incrustarlo f\u00e1cilmente en su sitio web Weebly. No es necesario pagar ni ingresar las credenciales de su tarjeta para acceder al servicio. Si tiene alg\u00fan problema en cualquier paso, no dude en ponerse en contacto con nuestro equipo de soporte t\u00e9cnico.<\/p> <\/div>\r\n\t\t\t\t\t<\/div>\r\n\t\t\t\t<\/div> <\/div> <\/div>","protected":false},"excerpt":{"rendered":"","protected":false},"author":9,"featured_media":0,"parent":1863,"menu_order":0,"comment_status":"closed","ping_status":"closed","template":"templates\/template-application-platform.php","meta":{"publish_to_discourse":"","publish_post_category":"","wpdc_auto_publish_overridden":"","wpdc_topic_tags":"","wpdc_pin_topic":"","wpdc_pin_until":"","discourse_post_id":"","discourse_permalink":"","wpdc_publishing_response":"","wpdc_publishing_error":"","footnotes":""},"class_list":["post-6237","page","type-page","status-publish","hentry"],"yoast_head":"<!-- This site is optimized with the Yoast SEO plugin v25.3.1 - https:\/\/yoast.com\/wordpress\/plugins\/seo\/ -->\n<title>Inserte la aplicaci\u00f3n Banner en el sitio web de Weebly. R\u00e1pido y gratis (2025)<\/title>\n<meta name=\"description\" content=\"Incorpore una aplicaci\u00f3n Weebly Banner responsiva en su sitio. Utilice la pr\u00e1ctica demostraci\u00f3n de Elfsight y genere su incre\u00edble banner con solo dos clics\" \/>\n<meta name=\"robots\" content=\"index, follow, max-snippet:-1, max-image-preview:large, max-video-preview:-1\" \/>\n<link rel=\"canonical\" href=\"https:\/\/elfsight.com\/es\/banner-widget\/weebly\/\" \/>\n<meta property=\"og:locale\" content=\"es_ES\" \/>\n<meta property=\"og:type\" content=\"article\" \/>\n<meta property=\"og:title\" content=\"Inserte la aplicaci\u00f3n Banner en el sitio web de Weebly. R\u00e1pido y gratis (2025)\" \/>\n<meta property=\"og:description\" content=\"Incorpore una aplicaci\u00f3n Weebly Banner responsiva en su sitio. Utilice la pr\u00e1ctica demostraci\u00f3n de Elfsight y genere su incre\u00edble banner con solo dos clics\" \/>\n<meta property=\"og:url\" content=\"https:\/\/elfsight.com\/es\/banner-widget\/weebly\/\" \/>\n<meta property=\"og:site_name\" content=\"Elfsight ES\" \/>\n<meta property=\"article:modified_time\" content=\"2025-02-06T16:06:26+00:00\" \/>\n<meta name=\"twitter:card\" content=\"summary_large_image\" \/>\n<meta name=\"twitter:label1\" content=\"Tiempo de lectura\" \/>\n\t<meta name=\"twitter:data1\" content=\"3 minutos\" \/>\n<!-- \/ Yoast SEO plugin. -->","yoast_head_json":{"title":"Inserte la aplicaci\u00f3n Banner en el sitio web de Weebly. R\u00e1pido y gratis (2025)","description":"Incorpore una aplicaci\u00f3n Weebly Banner responsiva en su sitio. Utilice la pr\u00e1ctica demostraci\u00f3n de Elfsight y genere su incre\u00edble banner con solo dos clics","robots":{"index":"index","follow":"follow","max-snippet":"max-snippet:-1","max-image-preview":"max-image-preview:large","max-video-preview":"max-video-preview:-1"},"canonical":"https:\/\/elfsight.com\/es\/banner-widget\/weebly\/","og_locale":"es_ES","og_type":"article","og_title":"Inserte la aplicaci\u00f3n Banner en el sitio web de Weebly. R\u00e1pido y gratis (2025)","og_description":"Incorpore una aplicaci\u00f3n Weebly Banner responsiva en su sitio. Utilice la pr\u00e1ctica demostraci\u00f3n de Elfsight y genere su incre\u00edble banner con solo dos clics","og_url":"https:\/\/elfsight.com\/es\/banner-widget\/weebly\/","og_site_name":"Elfsight ES","article_modified_time":"2025-02-06T16:06:26+00:00","twitter_card":"summary_large_image","twitter_misc":{"Tiempo de lectura":"3 minutos"},"schema":{"@context":"https:\/\/schema.org","@graph":[{"@type":"WebPage","@id":"https:\/\/elfsight.com\/es\/banner-widget\/weebly\/","url":"https:\/\/elfsight.com\/es\/banner-widget\/weebly\/","name":"Inserte la aplicaci\u00f3n Banner en el sitio web de Weebly. R\u00e1pido y gratis (2025)","isPartOf":{"@id":"https:\/\/elfsight.com\/es\/#website"},"datePublished":"1970-01-01T00:00:00+00:00","dateModified":"2025-02-06T16:06:26+00:00","description":"Incorpore una aplicaci\u00f3n Weebly Banner responsiva en su sitio. Utilice la pr\u00e1ctica demostraci\u00f3n de Elfsight y genere su incre\u00edble banner con solo dos clics","breadcrumb":{"@id":"https:\/\/elfsight.com\/es\/banner-widget\/weebly\/#breadcrumb"},"inLanguage":"es","potentialAction":[{"@type":"ReadAction","target":["https:\/\/elfsight.com\/es\/banner-widget\/weebly\/"]}]},{"@type":"BreadcrumbList","@id":"https:\/\/elfsight.com\/es\/banner-widget\/weebly\/#breadcrumb","itemListElement":[{"@type":"ListItem","position":1,"name":"Home","item":"https:\/\/elfsight.com\/es\/"},{"@type":"ListItem","position":2,"name":"Banner","item":"https:\/\/elfsight.com\/es\/banner-widget\/"},{"@type":"ListItem","position":3,"name":"Banner &#8211; Weebly"}]},{"@type":"WebSite","@id":"https:\/\/elfsight.com\/es\/#website","url":"https:\/\/elfsight.com\/es\/","name":"Elfsight ES","description":"Just another Elfsight Sites site","potentialAction":[{"@type":"SearchAction","target":{"@type":"EntryPoint","urlTemplate":"https:\/\/elfsight.com\/es\/?s={search_term_string}"},"query-input":{"@type":"PropertyValueSpecification","valueRequired":true,"valueName":"search_term_string"}}],"inLanguage":"es"}]}},"meta_box":{"industry":"","seo_heading":"","heading":"","description":"","cta_heading":"","cta_description":"","application":"1862","h1":"Aplicaci\u00f3n Weebly Banner","h1_caption":"Cree y muestre banners atractivos en su sitio web","application_category":[],"applications_title":"","applications_request_title":"","applications_request_button_text":"","hero_text":"","hero_video":"","hero_video_schema_markup":"","selling_points_title":"","selling_points_caption":"","selling_points":[],"selling_points_cta_text":"","features_title":"","features":"","ed_cta_examples_text":"","ed_cta_examples_hidden":"","ed_cta_demo_text":"","ed_cta_demo_hidden":"","why_caption":"","why_editor_title":"","why_editor_text":"","why_team_title":"","why_team_text":"","why_service_title":"","why_service_text":"","template_catalog_visible":"","template_catalog_title":"","template_catalog_text":"","template_catalog_categories_visible":"","demo_title":"Crea tu aplicaci\u00f3n de banner","demo_caption":"\u00a1Configura tu Banner y agr\u00e9galo a tu sitio web Weebly gratis!","default_faq_hidden":"","app_template_category":[],"platform":"109","template_public_id":"","codecanyon_url":"","codecanyon_item_id":"","codecanyon_price":"","pricing_caption":"","pricing_elfsight_apps_hide_column":"","pricing_elfsight_apps_url":"","pricing_codecanyon_price_caption":"","integration_category":[],"integration_request_title":"","integration_request_cta":"","integration_platform":"","integrations":[],"platform_category":[],"video_schema_markup":"","price":"desde $0 \/ mes","trial":"","benefits":[{"text":"Asistencia de instalaci\u00f3n gratuita"},{"text":"Servicio al cliente profesional"},{"text":"Garant\u00eda de devoluci\u00f3n de dinero de 14 d\u00edas"},{"text":"Futuras actualizaciones gratuitas"}],"button_url":"#demo","button_target_blank":"","button_nofollow":"","attributes":[{"name":"Instalaciones","content":"10,000 - 100,000"},{"name":"Sensible","content":"S\u00ed"},{"name":"Navegadores compatibles","content":"Firefox, Safari, Opera, Chrome, Edge"}],"tags":[],"tags_disable_links":"","hide_more_platforms":"","video_object":"","demo_hide_cta":"","demo_hide_cloud_options":"","pricing_title":"","pricing":[{"pricing_icon":"platform","pricing_title":"Elfsight Apps","pricing_title_caption":"Software multiplataforma que funciona en cualquier sitio","pricing_price":"desde $0 \/ mes","pricing_price_caption":"comienza con un plan gratuito","pricing_benefits":[{"text":"Dominios ilimitados"},{"text":"Soporte dedicado, puntual y bien documentado."},{"text":"Soporte de instalaci\u00f3n gratuito"},{"text":"Totalmente personalizable"}],"pricing_button_text":"A\u00f1adir al sitio web","pricing_button_url":"#demo"}],"related_apps_title":"","related_apps_hidden":"","author":"","image":[],"title":"","job":"","social_networks":[]},"_links":{"self":[{"href":"https:\/\/elfsight.com\/es\/wp-json\/wp\/v2\/pages\/6237","targetHints":{"allow":["GET"]}}],"collection":[{"href":"https:\/\/elfsight.com\/es\/wp-json\/wp\/v2\/pages"}],"about":[{"href":"https:\/\/elfsight.com\/es\/wp-json\/wp\/v2\/types\/page"}],"author":[{"embeddable":true,"href":"https:\/\/elfsight.com\/es\/wp-json\/wp\/v2\/users\/9"}],"replies":[{"embeddable":true,"href":"https:\/\/elfsight.com\/es\/wp-json\/wp\/v2\/comments?post=6237"}],"version-history":[{"count":2,"href":"https:\/\/elfsight.com\/es\/wp-json\/wp\/v2\/pages\/6237\/revisions"}],"predecessor-version":[{"id":19193,"href":"https:\/\/elfsight.com\/es\/wp-json\/wp\/v2\/pages\/6237\/revisions\/19193"}],"up":[{"embeddable":true,"href":"https:\/\/elfsight.com\/es\/wp-json\/wp\/v2\/pages\/1863"}],"wp:attachment":[{"href":"https:\/\/elfsight.com\/es\/wp-json\/wp\/v2\/media?parent=6237"}],"curies":[{"name":"wp","href":"https:\/\/api.w.org\/{rel}","templated":true}]}}