{"id":6229,"date":"1970-01-01T00:00:00","date_gmt":"1970-01-01T00:00:00","guid":{"rendered":"https:\/\/elfsight.com\/es\/?page_id=6229"},"modified":"2025-02-06T16:06:34","modified_gmt":"2025-02-06T16:06:34","slug":"shopify","status":"publish","type":"page","link":"https:\/\/elfsight.com\/es\/banner-widget\/shopify\/","title":{"rendered":"Banner &#8211; Shopify"},"content":{"rendered":"<div class=\"application-platform-content-item-description application-platform-content-item\" id=\"description\" data-nav-section=\"description\"> <h2>Insertar banner en Shopify con el widget Elfsight<\/h2> <p>La aplicaci\u00f3n Elfsight Banner para Shopify es una caracter\u00edstica extremadamente personalizable. Actualmente tienes la opci\u00f3n de crear un banner promocional para casi cualquier objetivo. Todo lo que necesitas es seleccionar una imagen de fondo, el tipo de fondo, determinar su posici\u00f3n, agregar el t\u00edtulo y el texto. No olvides agregar un bot\u00f3n de llamado a la acci\u00f3n, una parte esencial de cualquier banner. Y, por supuesto, puedes adaptar el dise\u00f1o general del widget a tu gusto. <\/p> <p><b>Con nuestro atractivo banner en las p\u00e1ginas de su sitio web, impulse sus productos y servicios, impulsando a m\u00e1s usuarios del sitio web a realizar una compra<\/b><\/p> <\/div> <div class=\"application-platform-content-item-features application-platform-content-item\" id=\"features\" data-nav-section=\"features\"> <h2>La oferta de funciones del widget central<\/h2> <ul><li>Sube fotos y v\u00eddeos. <\/li><li>Agregar enlace, tu correo electr\u00f3nico o tel\u00e9fono <\/li><li>Adjuntar t\u00edtulo y texto del subt\u00edtulo. <\/li><li>Crea tu bot\u00f3n CTA. <\/li><li>Deja que tu bot\u00f3n se complete o delinee. <\/li><\/ul><p><a href=\"#demo\">Pruebe esta demostraci\u00f3n para ver c\u00f3mo funciona<\/a><\/p> <\/div> <div class=\"application-platform-content-item-installation application-platform-content-item\" id=\"installation\" data-nav-section=\"installation\"> <h2>\u00bfC\u00f3mo agregar un banner en mi sitio web de Shopify? <\/h2> <p>Simplemente aplique las instrucciones a continuaci\u00f3n para insertar la aplicaci\u00f3n. <\/p> <ol><li><b>Realiza nuestro configurador gratuito y comienza a darle forma a tu aplicaci\u00f3n personalizada. <\/b><br> Especifique el aspecto y las caracter\u00edsticas preferidas de la herramienta y aplique las correcciones. <\/li> <li><b>Copia el c\u00f3digo \u00fanico que aparece en el formulario especial de Elfsight Apps. <\/b><br> Inmediatamente despu\u00e9s de finalizar la configuraci\u00f3n de su aplicaci\u00f3n personal, copie el c\u00f3digo personal en el cuadro que aparece y gu\u00e1rdelo para futuras necesidades. <\/li> <li><b>Entra en el uso del widget en el sitio web de Shopify. <\/b><br> Pegue el c\u00f3digo que guard\u00f3 anteriormente en su sitio y aplique las correcciones. <\/li> <li><b>\u00a1Listo! La incrustaci\u00f3n se realiza por completo. <\/b><br> Visite su sitio para examinar c\u00f3mo funciona el complemento. <\/li><\/ol> <p>En caso de que enfrente alg\u00fan obst\u00e1culo, no dude en buscar ayuda de nuestro equipo de soporte. Nuestra gente estar\u00e1 encantada de ayudarle con todas las preguntas que pueda tener sobre el producto. <\/p> <div class=\"faq\" data-component=\"FAQ\"> <div class=\"faq-item\">\r\n\t\t\t\t\t<div class=\"faq-item-question\">\r\n\t\t\t\t\t\t<h3 class=\"faq-item-question-text\">\u00bfC\u00f3mo agregar un Banner a mi sitio web de Shopify sin conocimientos de codificaci\u00f3n?<\/h3>\r\n\r\n\t\t\t\t\t\t<div class=\"faq-item-question-icon\"><\/div>\r\n\t\t\t\t\t<\/div>\r\n\r\n\t\t\t\t\t<div class=\"faq-item-answer\">\r\n\t\t\t\t\t\t<div class=\"faq-item-answer-text\"> <p>Elfsight proporciona una soluci\u00f3n SaaS que te permite crear un widget de Banner t\u00fa mismo. Mira lo f\u00e1cil que es el proceso: trabaja directamente en el Editor en l\u00ednea para crear un widget de Banner que te gustar\u00eda ver en tu sitio web de Shopify. Elija una de las plantillas predise\u00f1adas y ajuste la configuraci\u00f3n del banner, agregue su contenido, cambie el dise\u00f1o y los colores sin conocimientos de codificaci\u00f3n. Guarda el Banner y copia su c\u00f3digo de instalaci\u00f3n, que puedes pegar f\u00e1cilmente en tu sitio web de Shopify sin comprar una suscripci\u00f3n paga. Con nuestro editor intuitivo, cualquier usuario de Internet puede crear un widget de banner en l\u00ednea e incrustarlo f\u00e1cilmente en su sitio web Shopify. No es necesario pagar ni ingresar las credenciales de su tarjeta para acceder al servicio. Si tiene alg\u00fan problema en cualquier paso, no dude en ponerse en contacto con nuestro equipo de soporte t\u00e9cnico.<\/p> <\/div>\r\n\t\t\t\t\t<\/div>\r\n\t\t\t\t<\/div> <\/div> <\/div>","protected":false},"excerpt":{"rendered":"","protected":false},"author":9,"featured_media":0,"parent":1863,"menu_order":0,"comment_status":"closed","ping_status":"closed","template":"templates\/template-application-platform.php","meta":{"publish_to_discourse":"","publish_post_category":"","wpdc_auto_publish_overridden":"","wpdc_topic_tags":"","wpdc_pin_topic":"","wpdc_pin_until":"","discourse_post_id":"","discourse_permalink":"","wpdc_publishing_response":"","wpdc_publishing_error":"","footnotes":""},"class_list":["post-6229","page","type-page","status-publish","hentry"],"yoast_head":"<!-- This site is optimized with the Yoast SEO plugin v25.3.1 - https:\/\/yoast.com\/wordpress\/plugins\/seo\/ -->\n<title>Integre la aplicaci\u00f3n Banner al sitio web de Shopify. R\u00e1pido y gratis (2025)<\/title>\n<meta name=\"description\" content=\"Agrega una aplicaci\u00f3n Shopify Banner compatible con dispositivos m\u00f3viles en tu sitio. Pruebe la pr\u00e1ctica demostraci\u00f3n de Elfsight y genere su banner \u00fanico en dos minutos\" \/>\n<meta name=\"robots\" content=\"index, follow, max-snippet:-1, max-image-preview:large, max-video-preview:-1\" \/>\n<link rel=\"canonical\" href=\"https:\/\/elfsight.com\/es\/banner-widget\/shopify\/\" \/>\n<meta property=\"og:locale\" content=\"es_ES\" \/>\n<meta property=\"og:type\" content=\"article\" \/>\n<meta property=\"og:title\" content=\"Integre la aplicaci\u00f3n Banner al sitio web de Shopify. R\u00e1pido y gratis (2025)\" \/>\n<meta property=\"og:description\" content=\"Agrega una aplicaci\u00f3n Shopify Banner compatible con dispositivos m\u00f3viles en tu sitio. Pruebe la pr\u00e1ctica demostraci\u00f3n de Elfsight y genere su banner \u00fanico en dos minutos\" \/>\n<meta property=\"og:url\" content=\"https:\/\/elfsight.com\/es\/banner-widget\/shopify\/\" \/>\n<meta property=\"og:site_name\" content=\"Elfsight ES\" \/>\n<meta property=\"article:modified_time\" content=\"2025-02-06T16:06:34+00:00\" \/>\n<meta name=\"twitter:card\" content=\"summary_large_image\" \/>\n<meta name=\"twitter:label1\" content=\"Tiempo de lectura\" \/>\n\t<meta name=\"twitter:data1\" content=\"3 minutos\" \/>\n<!-- \/ Yoast SEO plugin. -->","yoast_head_json":{"title":"Integre la aplicaci\u00f3n Banner al sitio web de Shopify. R\u00e1pido y gratis (2025)","description":"Agrega una aplicaci\u00f3n Shopify Banner compatible con dispositivos m\u00f3viles en tu sitio. Pruebe la pr\u00e1ctica demostraci\u00f3n de Elfsight y genere su banner \u00fanico en dos minutos","robots":{"index":"index","follow":"follow","max-snippet":"max-snippet:-1","max-image-preview":"max-image-preview:large","max-video-preview":"max-video-preview:-1"},"canonical":"https:\/\/elfsight.com\/es\/banner-widget\/shopify\/","og_locale":"es_ES","og_type":"article","og_title":"Integre la aplicaci\u00f3n Banner al sitio web de Shopify. R\u00e1pido y gratis (2025)","og_description":"Agrega una aplicaci\u00f3n Shopify Banner compatible con dispositivos m\u00f3viles en tu sitio. Pruebe la pr\u00e1ctica demostraci\u00f3n de Elfsight y genere su banner \u00fanico en dos minutos","og_url":"https:\/\/elfsight.com\/es\/banner-widget\/shopify\/","og_site_name":"Elfsight ES","article_modified_time":"2025-02-06T16:06:34+00:00","twitter_card":"summary_large_image","twitter_misc":{"Tiempo de lectura":"3 minutos"},"schema":{"@context":"https:\/\/schema.org","@graph":[{"@type":"WebPage","@id":"https:\/\/elfsight.com\/es\/banner-widget\/shopify\/","url":"https:\/\/elfsight.com\/es\/banner-widget\/shopify\/","name":"Integre la aplicaci\u00f3n Banner al sitio web de Shopify. R\u00e1pido y gratis (2025)","isPartOf":{"@id":"https:\/\/elfsight.com\/es\/#website"},"datePublished":"1970-01-01T00:00:00+00:00","dateModified":"2025-02-06T16:06:34+00:00","description":"Agrega una aplicaci\u00f3n Shopify Banner compatible con dispositivos m\u00f3viles en tu sitio. Pruebe la pr\u00e1ctica demostraci\u00f3n de Elfsight y genere su banner \u00fanico en dos minutos","breadcrumb":{"@id":"https:\/\/elfsight.com\/es\/banner-widget\/shopify\/#breadcrumb"},"inLanguage":"es","potentialAction":[{"@type":"ReadAction","target":["https:\/\/elfsight.com\/es\/banner-widget\/shopify\/"]}]},{"@type":"BreadcrumbList","@id":"https:\/\/elfsight.com\/es\/banner-widget\/shopify\/#breadcrumb","itemListElement":[{"@type":"ListItem","position":1,"name":"Home","item":"https:\/\/elfsight.com\/es\/"},{"@type":"ListItem","position":2,"name":"Banner","item":"https:\/\/elfsight.com\/es\/banner-widget\/"},{"@type":"ListItem","position":3,"name":"Banner &#8211; Shopify"}]},{"@type":"WebSite","@id":"https:\/\/elfsight.com\/es\/#website","url":"https:\/\/elfsight.com\/es\/","name":"Elfsight ES","description":"Just another Elfsight Sites site","potentialAction":[{"@type":"SearchAction","target":{"@type":"EntryPoint","urlTemplate":"https:\/\/elfsight.com\/es\/?s={search_term_string}"},"query-input":{"@type":"PropertyValueSpecification","valueRequired":true,"valueName":"search_term_string"}}],"inLanguage":"es"}]}},"meta_box":{"industry":"","seo_heading":"","heading":"","description":"","cta_heading":"","cta_description":"","application":"1862","h1":"Aplicaci\u00f3n Shopify Banner","h1_caption":"D\u00e9 forma y muestre banners promocionales en las p\u00e1ginas de su sitio web","application_category":[],"applications_title":"","applications_request_title":"","applications_request_button_text":"","hero_text":"","hero_video":"","hero_video_schema_markup":"","selling_points_title":"","selling_points_caption":"","selling_points":[],"selling_points_cta_text":"","features_title":"","features":"","ed_cta_examples_text":"","ed_cta_examples_hidden":"","ed_cta_demo_text":"","ed_cta_demo_hidden":"","why_caption":"","why_editor_title":"","why_editor_text":"","why_team_title":"","why_team_text":"","why_service_title":"","why_service_text":"","template_catalog_visible":"","template_catalog_title":"","template_catalog_text":"","template_catalog_categories_visible":"","demo_title":"Crea tu aplicaci\u00f3n de banner","demo_caption":"\u00a1Configura tu Banner y agr\u00e9galo a tu sitio web Shopify gratis!","default_faq_hidden":"","app_template_category":[],"platform":"91","template_public_id":"","codecanyon_url":"","codecanyon_item_id":"","codecanyon_price":"","pricing_caption":"","pricing_elfsight_apps_hide_column":"","pricing_elfsight_apps_url":"","pricing_codecanyon_price_caption":"","integration_category":[],"integration_request_title":"","integration_request_cta":"","integration_platform":"","integrations":[],"platform_category":[],"video_schema_markup":"","price":"desde $0 \/ mes","trial":"","benefits":[{"text":"Servicio de instalaci\u00f3n gratuito"},{"text":"Servicio al cliente eficaz"},{"text":"Garant\u00eda de reembolso de 14 d\u00edas"},{"text":"Mejoras de por vida"}],"button_url":"#demo","button_target_blank":"","button_nofollow":"","attributes":[{"name":"Instalaciones","content":"10,000 - 100,000"},{"name":"Sensible","content":"S\u00ed"},{"name":"Navegadores compatibles","content":"Firefox, Safari, Opera, Chrome, Edge"}],"tags":[],"tags_disable_links":"","hide_more_platforms":"","video_object":"","demo_hide_cta":"","demo_hide_cloud_options":"","pricing_title":"","pricing":[{"pricing_icon":"platform","pricing_title":"Elfsight Apps","pricing_title_caption":"Software multiplataforma que funciona en cualquier sitio web","pricing_price":"desde $0 \/ mes","pricing_price_caption":"comienza con un plan gratuito","pricing_benefits":[{"text":"Dominios ilimitados"},{"text":"Atenci\u00f3n al cliente gratuita"},{"text":"Ayuda de instalaci\u00f3n gratuita"},{"text":"Totalmente personalizable"}],"pricing_button_text":"A\u00f1adir al sitio web","pricing_button_url":"#demo"}],"related_apps_title":"","related_apps_hidden":"","author":"","image":[],"title":"","job":"","social_networks":[]},"_links":{"self":[{"href":"https:\/\/elfsight.com\/es\/wp-json\/wp\/v2\/pages\/6229","targetHints":{"allow":["GET"]}}],"collection":[{"href":"https:\/\/elfsight.com\/es\/wp-json\/wp\/v2\/pages"}],"about":[{"href":"https:\/\/elfsight.com\/es\/wp-json\/wp\/v2\/types\/page"}],"author":[{"embeddable":true,"href":"https:\/\/elfsight.com\/es\/wp-json\/wp\/v2\/users\/9"}],"replies":[{"embeddable":true,"href":"https:\/\/elfsight.com\/es\/wp-json\/wp\/v2\/comments?post=6229"}],"version-history":[{"count":2,"href":"https:\/\/elfsight.com\/es\/wp-json\/wp\/v2\/pages\/6229\/revisions"}],"predecessor-version":[{"id":19197,"href":"https:\/\/elfsight.com\/es\/wp-json\/wp\/v2\/pages\/6229\/revisions\/19197"}],"up":[{"embeddable":true,"href":"https:\/\/elfsight.com\/es\/wp-json\/wp\/v2\/pages\/1863"}],"wp:attachment":[{"href":"https:\/\/elfsight.com\/es\/wp-json\/wp\/v2\/media?parent=6229"}],"curies":[{"name":"wp","href":"https:\/\/api.w.org\/{rel}","templated":true}]}}