{"id":6227,"date":"1970-01-01T00:00:00","date_gmt":"1970-01-01T00:00:00","guid":{"rendered":"https:\/\/elfsight.com\/es\/?page_id=6227"},"modified":"2025-02-06T16:06:42","modified_gmt":"2025-02-06T16:06:42","slug":"opencart","status":"publish","type":"page","link":"https:\/\/elfsight.com\/es\/banner-widget\/opencart\/","title":{"rendered":"Banner &#8211; OpenCart"},"content":{"rendered":"<div class=\"application-platform-content-item-description application-platform-content-item\" id=\"description\" data-nav-section=\"description\"> <h2>Descripci\u00f3n<\/h2> <p>La extensi\u00f3n Elfsight Banner para OpenCart es una caracter\u00edstica altamente personalizable. Actualmente tienes la oportunidad de crear un banner promocional para cualquier objetivo. Todo lo que tienes que hacer es seleccionar una imagen de fondo, el tipo de fondo, decidir su posici\u00f3n, agregar el t\u00edtulo y el texto. No olvides agregar un bot\u00f3n de llamado a la acci\u00f3n, un elemento central de cualquier banner promocional. Y, por supuesto, eres libre de ajustar los colores del widget como necesites. <\/p> <p><b>Mediante un banner atractivo en su sitio web, respalde sus productos y servicios, incitando a m\u00e1s visitantes a realizar una compra<\/b><\/p> <\/div> <div class=\"application-platform-content-item-features application-platform-content-item\" id=\"features\" data-nav-section=\"features\"> <h2>Estas son solo algunas de las diversas funciones del widget: <\/h2> <ul><li>Subir fotos y videos. <\/li><li>Agregar enlace, correo electr\u00f3nico o tel\u00e9fono <\/li><li>Adjuntar t\u00edtulo y texto. <\/li><li>Crea un bot\u00f3n CTA. <\/li><li>Permita que su bot\u00f3n se complete o delinee. <\/li><\/ul><p><a href=\"#demo\">Puedes descubrir todas las capacidades del widget en la demostraci\u00f3n de esta p\u00e1gina<\/a><\/p> <\/div> <div class=\"application-platform-content-item-installation application-platform-content-item\" id=\"installation\" data-nav-section=\"installation\"> <h2>\u00bfC\u00f3mo agrego Banner a mi sitio web OpenCart? <\/h2> <p>Simplemente siga estos pasos que se detallan a continuaci\u00f3n para activar la herramienta. <\/p> <ol><li><b>Abra nuestra demostraci\u00f3n gratuita y comience a crear su extensi\u00f3n personalizada. <\/b><br> Elija el dise\u00f1o deseado y las caracter\u00edsticas funcionales de la extensi\u00f3n y guarde las ediciones. <\/li> <li><b>Reciba su c\u00f3digo individual que se muestra en la ventana de Elfsight Apps. <\/b><br> Una vez finalizada la creaci\u00f3n de su widget, copie el c\u00f3digo exclusivo de la ventana que aparece y gu\u00e1rdelo para usarlo m\u00e1s adelante. <\/li> <li><b>Comience a usar el widget en el sitio web de OpenCart. <\/b><br> Pega el c\u00f3digo que has guardado recientemente en tu p\u00e1gina y guarda las mejoras. <\/li> <li><b>La configuraci\u00f3n se realiz\u00f3 por completo. <\/b><br>Visite su sitio para ver en acci\u00f3n el funcionamiento de la herramienta. <\/li><\/ol> <p>Si tiene preguntas o tiene alguna dificultad, no dude en comunicarse con nuestro personal de soporte. Nuestra gente estar\u00e1 encantada de resolver todas las dudas que puedas tener con el widget. <\/p> <div class=\"faq\" data-component=\"FAQ\"> <div class=\"faq-item\">\r\n\t\t\t\t\t<div class=\"faq-item-question\">\r\n\t\t\t\t\t\t<h3 class=\"faq-item-question-text\">\u00bfC\u00f3mo agregar Banner a mi sitio web OpenCart sin conocimientos de codificaci\u00f3n?<\/h3>\r\n\r\n\t\t\t\t\t\t<div class=\"faq-item-question-icon\"><\/div>\r\n\t\t\t\t\t<\/div>\r\n\r\n\t\t\t\t\t<div class=\"faq-item-answer\">\r\n\t\t\t\t\t\t<div class=\"faq-item-answer-text\"> <p>Elfsight proporciona una soluci\u00f3n SaaS que le permite crear un widget de Banner usted mismo. Vea lo f\u00e1cil que es el proceso: trabaje directamente en el editor en l\u00ednea para crear un widget de Banner que le gustar\u00eda ver en su sitio web OpenCart. Elija una de las plantillas predise\u00f1adas y ajuste la configuraci\u00f3n del banner, agregue su contenido, cambie el dise\u00f1o y la combinaci\u00f3n de colores sin conocimientos de codificaci\u00f3n. Guarde el Banner y copie su c\u00f3digo de instalaci\u00f3n, que podr\u00e1 pegar f\u00e1cilmente en su sitio web OpenCart sin comprar una versi\u00f3n paga. Con nuestro editor intuitivo, cualquier usuario de Internet puede crear un widget de banner en l\u00ednea e incrustarlo f\u00e1cilmente en su sitio web OpenCart. No es necesario pagar ni ingresar las credenciales de su tarjeta para acceder al servicio. Si tiene alg\u00fan problema en cualquier paso, no dude en ponerse en contacto con nuestro equipo de soporte t\u00e9cnico.<\/p> <\/div>\r\n\t\t\t\t\t<\/div>\r\n\t\t\t\t<\/div> <\/div> <\/div>","protected":false},"excerpt":{"rendered":"","protected":false},"author":9,"featured_media":0,"parent":1863,"menu_order":0,"comment_status":"closed","ping_status":"closed","template":"templates\/template-application-platform.php","meta":{"publish_to_discourse":"","publish_post_category":"","wpdc_auto_publish_overridden":"","wpdc_topic_tags":"","wpdc_pin_topic":"","wpdc_pin_until":"","discourse_post_id":"","discourse_permalink":"","wpdc_publishing_response":"","wpdc_publishing_error":"","footnotes":""},"class_list":["post-6227","page","type-page","status-publish","hentry"],"yoast_head":"<!-- This site is optimized with the Yoast SEO plugin v25.3.1 - https:\/\/yoast.com\/wordpress\/plugins\/seo\/ -->\n<title>Agregue la extensi\u00f3n Banner al sitio web OpenCart. Gratis y r\u00e1pido (2025)<\/title>\n<meta name=\"description\" content=\"Agregue una extensi\u00f3n de banner OpenCart receptiva en la p\u00e1gina. Pruebe la pr\u00e1ctica demostraci\u00f3n de Elfsight y modifique su fascinante Banner en dos minutos\" \/>\n<meta name=\"robots\" content=\"index, follow, max-snippet:-1, max-image-preview:large, max-video-preview:-1\" \/>\n<link rel=\"canonical\" href=\"https:\/\/elfsight.com\/es\/banner-widget\/opencart\/\" \/>\n<meta property=\"og:locale\" content=\"es_ES\" \/>\n<meta property=\"og:type\" content=\"article\" \/>\n<meta property=\"og:title\" content=\"Agregue la extensi\u00f3n Banner al sitio web OpenCart. Gratis y r\u00e1pido (2025)\" \/>\n<meta property=\"og:description\" content=\"Agregue una extensi\u00f3n de banner OpenCart receptiva en la p\u00e1gina. Pruebe la pr\u00e1ctica demostraci\u00f3n de Elfsight y modifique su fascinante Banner en dos minutos\" \/>\n<meta property=\"og:url\" content=\"https:\/\/elfsight.com\/es\/banner-widget\/opencart\/\" \/>\n<meta property=\"og:site_name\" content=\"Elfsight ES\" \/>\n<meta property=\"article:modified_time\" content=\"2025-02-06T16:06:42+00:00\" \/>\n<meta name=\"twitter:card\" content=\"summary_large_image\" \/>\n<meta name=\"twitter:label1\" content=\"Tiempo de lectura\" \/>\n\t<meta name=\"twitter:data1\" content=\"3 minutos\" \/>\n<!-- \/ Yoast SEO plugin. -->","yoast_head_json":{"title":"Agregue la extensi\u00f3n Banner al sitio web OpenCart. Gratis y r\u00e1pido (2025)","description":"Agregue una extensi\u00f3n de banner OpenCart receptiva en la p\u00e1gina. Pruebe la pr\u00e1ctica demostraci\u00f3n de Elfsight y modifique su fascinante Banner en dos minutos","robots":{"index":"index","follow":"follow","max-snippet":"max-snippet:-1","max-image-preview":"max-image-preview:large","max-video-preview":"max-video-preview:-1"},"canonical":"https:\/\/elfsight.com\/es\/banner-widget\/opencart\/","og_locale":"es_ES","og_type":"article","og_title":"Agregue la extensi\u00f3n Banner al sitio web OpenCart. Gratis y r\u00e1pido (2025)","og_description":"Agregue una extensi\u00f3n de banner OpenCart receptiva en la p\u00e1gina. Pruebe la pr\u00e1ctica demostraci\u00f3n de Elfsight y modifique su fascinante Banner en dos minutos","og_url":"https:\/\/elfsight.com\/es\/banner-widget\/opencart\/","og_site_name":"Elfsight ES","article_modified_time":"2025-02-06T16:06:42+00:00","twitter_card":"summary_large_image","twitter_misc":{"Tiempo de lectura":"3 minutos"},"schema":{"@context":"https:\/\/schema.org","@graph":[{"@type":"WebPage","@id":"https:\/\/elfsight.com\/es\/banner-widget\/opencart\/","url":"https:\/\/elfsight.com\/es\/banner-widget\/opencart\/","name":"Agregue la extensi\u00f3n Banner al sitio web OpenCart. Gratis y r\u00e1pido (2025)","isPartOf":{"@id":"https:\/\/elfsight.com\/es\/#website"},"datePublished":"1970-01-01T00:00:00+00:00","dateModified":"2025-02-06T16:06:42+00:00","description":"Agregue una extensi\u00f3n de banner OpenCart receptiva en la p\u00e1gina. Pruebe la pr\u00e1ctica demostraci\u00f3n de Elfsight y modifique su fascinante Banner en dos minutos","breadcrumb":{"@id":"https:\/\/elfsight.com\/es\/banner-widget\/opencart\/#breadcrumb"},"inLanguage":"es","potentialAction":[{"@type":"ReadAction","target":["https:\/\/elfsight.com\/es\/banner-widget\/opencart\/"]}]},{"@type":"BreadcrumbList","@id":"https:\/\/elfsight.com\/es\/banner-widget\/opencart\/#breadcrumb","itemListElement":[{"@type":"ListItem","position":1,"name":"Home","item":"https:\/\/elfsight.com\/es\/"},{"@type":"ListItem","position":2,"name":"Banner","item":"https:\/\/elfsight.com\/es\/banner-widget\/"},{"@type":"ListItem","position":3,"name":"Banner &#8211; OpenCart"}]},{"@type":"WebSite","@id":"https:\/\/elfsight.com\/es\/#website","url":"https:\/\/elfsight.com\/es\/","name":"Elfsight ES","description":"Just another Elfsight Sites site","potentialAction":[{"@type":"SearchAction","target":{"@type":"EntryPoint","urlTemplate":"https:\/\/elfsight.com\/es\/?s={search_term_string}"},"query-input":{"@type":"PropertyValueSpecification","valueRequired":true,"valueName":"search_term_string"}}],"inLanguage":"es"}]}},"meta_box":{"industry":"","seo_heading":"","heading":"","description":"","cta_heading":"","cta_description":"","application":"1862","h1":"Extensi\u00f3n de banner OpenCart","h1_caption":"Dale forma y muestra banners promocionales en tu p\u00e1gina de inicio.","application_category":[],"applications_title":"","applications_request_title":"","applications_request_button_text":"","hero_text":"","hero_video":"","hero_video_schema_markup":"","selling_points_title":"","selling_points_caption":"","selling_points":[],"selling_points_cta_text":"","features_title":"","features":"","ed_cta_examples_text":"","ed_cta_examples_hidden":"","ed_cta_demo_text":"","ed_cta_demo_hidden":"","why_caption":"","why_editor_title":"","why_editor_text":"","why_team_title":"","why_team_text":"","why_service_title":"","why_service_text":"","template_catalog_visible":"","template_catalog_title":"","template_catalog_text":"","template_catalog_categories_visible":"","demo_title":"Crea tu extensi\u00f3n de banner","demo_caption":"\u00a1Configura tu Banner y agr\u00e9galo a tu sitio web OpenCart gratis!","default_faq_hidden":"","app_template_category":[],"platform":"88","template_public_id":"","codecanyon_url":"","codecanyon_item_id":"","codecanyon_price":"","pricing_caption":"","pricing_elfsight_apps_hide_column":"","pricing_elfsight_apps_url":"","pricing_codecanyon_price_caption":"","integration_category":[],"integration_request_title":"","integration_request_cta":"","integration_platform":"","integrations":[],"platform_category":[],"video_schema_markup":"","price":"desde $0 \/ mes","trial":"","benefits":[{"text":"Asistencia de instalaci\u00f3n gratuita"},{"text":"Soporte excepcional"},{"text":"Garant\u00eda de reembolso de 14 d\u00edas"},{"text":"Desarrollo continuo"}],"button_url":"#demo","button_target_blank":"","button_nofollow":"","attributes":[{"name":"Instalaciones","content":"10,000 - 100,000"},{"name":"Sensible","content":"S\u00ed"},{"name":"Navegadores compatibles","content":"Firefox, Safari, Opera, Chrome, Edge"}],"tags":[],"tags_disable_links":"","hide_more_platforms":"","video_object":"","demo_hide_cta":"","demo_hide_cloud_options":"","pricing_title":"","pricing":[{"pricing_icon":"platform","pricing_title":"Elfsight Apps","pricing_title_caption":"Software multiplataforma","pricing_price":"desde $0 \/ mes","pricing_price_caption":"comienza con un plan gratuito","pricing_benefits":[{"text":"Dominios ilimitados"},{"text":"Soporte r\u00e1pido, puntual y bien documentado."},{"text":"Soporte de instalaci\u00f3n gratuito"},{"text":"100% personalizable"}],"pricing_button_text":"A\u00f1adir al sitio web","pricing_button_url":"#demo"}],"related_apps_title":"","related_apps_hidden":"","author":"","image":[],"title":"","job":"","social_networks":[]},"_links":{"self":[{"href":"https:\/\/elfsight.com\/es\/wp-json\/wp\/v2\/pages\/6227","targetHints":{"allow":["GET"]}}],"collection":[{"href":"https:\/\/elfsight.com\/es\/wp-json\/wp\/v2\/pages"}],"about":[{"href":"https:\/\/elfsight.com\/es\/wp-json\/wp\/v2\/types\/page"}],"author":[{"embeddable":true,"href":"https:\/\/elfsight.com\/es\/wp-json\/wp\/v2\/users\/9"}],"replies":[{"embeddable":true,"href":"https:\/\/elfsight.com\/es\/wp-json\/wp\/v2\/comments?post=6227"}],"version-history":[{"count":2,"href":"https:\/\/elfsight.com\/es\/wp-json\/wp\/v2\/pages\/6227\/revisions"}],"predecessor-version":[{"id":19199,"href":"https:\/\/elfsight.com\/es\/wp-json\/wp\/v2\/pages\/6227\/revisions\/19199"}],"up":[{"embeddable":true,"href":"https:\/\/elfsight.com\/es\/wp-json\/wp\/v2\/pages\/1863"}],"wp:attachment":[{"href":"https:\/\/elfsight.com\/es\/wp-json\/wp\/v2\/media?parent=6227"}],"curies":[{"name":"wp","href":"https:\/\/api.w.org\/{rel}","templated":true}]}}