{"id":6213,"date":"1970-01-01T00:00:00","date_gmt":"1970-01-01T00:00:00","guid":{"rendered":"https:\/\/elfsight.com\/es\/?page_id=6213"},"modified":"2025-02-06T16:06:50","modified_gmt":"2025-02-06T16:06:50","slug":"jimdo","status":"publish","type":"page","link":"https:\/\/elfsight.com\/es\/banner-widget\/jimdo\/","title":{"rendered":"Banner &#8211; Jimdo"},"content":{"rendered":"<div class=\"application-platform-content-item-description application-platform-content-item\" id=\"description\" data-nav-section=\"description\"> <h2>Descripci\u00f3n<\/h2> <p>El widget Elfsight Banner es un widget altamente personalizable para Jimdo. Actualmente tienes la oportunidad de crear un banner promocional para cualquier objetivo. Todo lo que necesitas es elegir una imagen de fondo, el tipo de fondo, decidir su posici\u00f3n, adjuntar el t\u00edtulo y el texto. No olvides agregar un bot\u00f3n CTA, una parte esencial de cualquier banner promocional. Y seguro que eres libre de modificar el dise\u00f1o general del widget como mejor te convenga. <\/p> <p><b>Mediante nuestro atractivo banner en su sitio web, respalde sus ofertas y servicios, inspirando a m\u00e1s usuarios del sitio web a realizar una compra<\/b><\/p> <p><b>Haga que su sitio web sea m\u00e1s eficiente para las tareas comerciales con la ayuda de Jimdo<\/b><\/p> <\/div> <div class=\"application-platform-content-item-features application-platform-content-item\" id=\"features\" data-nav-section=\"features\"> <h2>Estas son s\u00f3lo algunas de las diversas funciones del widget: <\/h2> <ul><li>Subir fotos y v\u00eddeos. <\/li><li>Agrega enlace, tu correo electr\u00f3nico o tel\u00e9fono <\/li><li>Agrega texto de t\u00edtulo y t\u00edtulo. <\/li><li>Crea tu bot\u00f3n CTA. <\/li><li>Deja que tu bot\u00f3n se complete o delinee. <\/li><\/ul><p><a href=\"#demo\">Prueba esta demostraci\u00f3n para ver cu\u00e1nto vale el widget<\/a><\/p> <\/div> <div class=\"application-platform-content-item-installation application-platform-content-item\" id=\"installation\" data-nav-section=\"installation\"> <h2>\u00bfC\u00f3mo puedo insertar un banner en mi sitio Jimdo? <\/h2> <p>Simplemente siga las pautas a continuaci\u00f3n para insertar el widget. <\/p> <ol><li><b>Utiliza nuestra demostraci\u00f3n gratuita y comienza a darle forma a tu widget personalizado. <\/b><br> Especifique el dise\u00f1o y las especificaciones deseables del widget y guarde las correcciones. <\/li> <li><b>Obtenga el c\u00f3digo individual expuesto en la ventana de Elfsight Apps. <\/b><br> Inmediatamente despu\u00e9s de completar la configuraci\u00f3n de su widget, copie el c\u00f3digo personal de la ventana emergente que aparece y gu\u00e1rdelo para usarlo en el futuro. <\/li> <li><b>Empiece a utilizar la herramienta en la p\u00e1gina web de Jimdo. <\/b><br> Coloque el c\u00f3digo copiado anteriormente en su p\u00e1gina de inicio y aplique las ediciones. <\/li> <li><b>La configuraci\u00f3n est\u00e1 completamente realizada. <\/b><br> Visite su sitio para ver en acci\u00f3n c\u00f3mo funciona el widget. <\/li><\/ol> <p>Si tiene algunas dificultades, no dude en ponerse en contacto con nuestro personal de soporte. Nuestros asesores estar\u00e1n encantados de resolver todas las dudas que puedas tener con el widget. <\/p> <div class=\"faq\" data-component=\"FAQ\"> <div class=\"faq-item\">\r\n\t\t\t\t\t<div class=\"faq-item-question\">\r\n\t\t\t\t\t\t<h3 class=\"faq-item-question-text\">\u00bfC\u00f3mo puedo a\u00f1adir Banner a mi sitio web Jimdo sin conocimientos de codificaci\u00f3n?<\/h3>\r\n\r\n\t\t\t\t\t\t<div class=\"faq-item-question-icon\"><\/div>\r\n\t\t\t\t\t<\/div>\r\n\r\n\t\t\t\t\t<div class=\"faq-item-answer\">\r\n\t\t\t\t\t\t<div class=\"faq-item-answer-text\"> <p>Elfsight proporciona una soluci\u00f3n SaaS que te permite crear un widget de Banner t\u00fa mismo. Mira lo f\u00e1cil que es el proceso: trabaja directamente en el editor en l\u00ednea para crear un widget de Banner que te gustar\u00eda ver en tu sitio web Jimdo. Elija una de las plantillas predise\u00f1adas y ajuste la configuraci\u00f3n del banner, agregue su contenido, cambie el dise\u00f1o y los colores sin conocimientos de codificaci\u00f3n. Guarda el Banner y copia su c\u00f3digo de instalaci\u00f3n, que podr\u00e1s pegar en tu sitio web Jimdo sin comprar una versi\u00f3n paga. Con nuestro editor intuitivo, cualquier usuario de Internet puede crear un widget de banner en l\u00ednea e incrustarlo f\u00e1cilmente en su sitio web Jimdo. No es necesario pagar ni ingresar las credenciales de su tarjeta para acceder al servicio. Si tiene alg\u00fan problema en cualquier paso, no dude en ponerse en contacto con nuestro equipo de soporte t\u00e9cnico.<\/p> <\/div>\r\n\t\t\t\t\t<\/div>\r\n\t\t\t\t<\/div> <\/div> <\/div>","protected":false},"excerpt":{"rendered":"","protected":false},"author":9,"featured_media":0,"parent":1863,"menu_order":0,"comment_status":"closed","ping_status":"closed","template":"templates\/template-application-platform.php","meta":{"publish_to_discourse":"","publish_post_category":"","wpdc_auto_publish_overridden":"","wpdc_topic_tags":"","wpdc_pin_topic":"","wpdc_pin_until":"","discourse_post_id":"","discourse_permalink":"","wpdc_publishing_response":"","wpdc_publishing_error":"","footnotes":""},"class_list":["post-6213","page","type-page","status-publish","hentry"],"yoast_head":"<!-- This site is optimized with the Yoast SEO plugin v25.3.1 - https:\/\/yoast.com\/wordpress\/plugins\/seo\/ -->\n<title>Insertar widget de banner en el sitio web de Jimdo. R\u00e1pido y gratis (2025)<\/title>\n<meta name=\"description\" content=\"A\u00f1ade un widget Jimdo Banner f\u00e1cil de gestionar en el sitio. Pruebe la pr\u00e1ctica demostraci\u00f3n de Elfsight y cree su impresionante banner en tres minutos.\" \/>\n<meta name=\"robots\" content=\"index, follow, max-snippet:-1, max-image-preview:large, max-video-preview:-1\" \/>\n<link rel=\"canonical\" href=\"https:\/\/elfsight.com\/es\/banner-widget\/jimdo\/\" \/>\n<meta property=\"og:locale\" content=\"es_ES\" \/>\n<meta property=\"og:type\" content=\"article\" \/>\n<meta property=\"og:title\" content=\"Insertar widget de banner en el sitio web de Jimdo. R\u00e1pido y gratis (2025)\" \/>\n<meta property=\"og:description\" content=\"A\u00f1ade un widget Jimdo Banner f\u00e1cil de gestionar en el sitio. Pruebe la pr\u00e1ctica demostraci\u00f3n de Elfsight y cree su impresionante banner en tres minutos.\" \/>\n<meta property=\"og:url\" content=\"https:\/\/elfsight.com\/es\/banner-widget\/jimdo\/\" \/>\n<meta property=\"og:site_name\" content=\"Elfsight ES\" \/>\n<meta property=\"article:modified_time\" content=\"2025-02-06T16:06:50+00:00\" \/>\n<meta name=\"twitter:card\" content=\"summary_large_image\" \/>\n<meta name=\"twitter:label1\" content=\"Tiempo de lectura\" \/>\n\t<meta name=\"twitter:data1\" content=\"3 minutos\" \/>\n<!-- \/ Yoast SEO plugin. -->","yoast_head_json":{"title":"Insertar widget de banner en el sitio web de Jimdo. R\u00e1pido y gratis (2025)","description":"A\u00f1ade un widget Jimdo Banner f\u00e1cil de gestionar en el sitio. Pruebe la pr\u00e1ctica demostraci\u00f3n de Elfsight y cree su impresionante banner en tres minutos.","robots":{"index":"index","follow":"follow","max-snippet":"max-snippet:-1","max-image-preview":"max-image-preview:large","max-video-preview":"max-video-preview:-1"},"canonical":"https:\/\/elfsight.com\/es\/banner-widget\/jimdo\/","og_locale":"es_ES","og_type":"article","og_title":"Insertar widget de banner en el sitio web de Jimdo. R\u00e1pido y gratis (2025)","og_description":"A\u00f1ade un widget Jimdo Banner f\u00e1cil de gestionar en el sitio. Pruebe la pr\u00e1ctica demostraci\u00f3n de Elfsight y cree su impresionante banner en tres minutos.","og_url":"https:\/\/elfsight.com\/es\/banner-widget\/jimdo\/","og_site_name":"Elfsight ES","article_modified_time":"2025-02-06T16:06:50+00:00","twitter_card":"summary_large_image","twitter_misc":{"Tiempo de lectura":"3 minutos"},"schema":{"@context":"https:\/\/schema.org","@graph":[{"@type":"WebPage","@id":"https:\/\/elfsight.com\/es\/banner-widget\/jimdo\/","url":"https:\/\/elfsight.com\/es\/banner-widget\/jimdo\/","name":"Insertar widget de banner en el sitio web de Jimdo. R\u00e1pido y gratis (2025)","isPartOf":{"@id":"https:\/\/elfsight.com\/es\/#website"},"datePublished":"1970-01-01T00:00:00+00:00","dateModified":"2025-02-06T16:06:50+00:00","description":"A\u00f1ade un widget Jimdo Banner f\u00e1cil de gestionar en el sitio. Pruebe la pr\u00e1ctica demostraci\u00f3n de Elfsight y cree su impresionante banner en tres minutos.","breadcrumb":{"@id":"https:\/\/elfsight.com\/es\/banner-widget\/jimdo\/#breadcrumb"},"inLanguage":"es","potentialAction":[{"@type":"ReadAction","target":["https:\/\/elfsight.com\/es\/banner-widget\/jimdo\/"]}]},{"@type":"BreadcrumbList","@id":"https:\/\/elfsight.com\/es\/banner-widget\/jimdo\/#breadcrumb","itemListElement":[{"@type":"ListItem","position":1,"name":"Home","item":"https:\/\/elfsight.com\/es\/"},{"@type":"ListItem","position":2,"name":"Banner","item":"https:\/\/elfsight.com\/es\/banner-widget\/"},{"@type":"ListItem","position":3,"name":"Banner &#8211; Jimdo"}]},{"@type":"WebSite","@id":"https:\/\/elfsight.com\/es\/#website","url":"https:\/\/elfsight.com\/es\/","name":"Elfsight ES","description":"Just another Elfsight Sites site","potentialAction":[{"@type":"SearchAction","target":{"@type":"EntryPoint","urlTemplate":"https:\/\/elfsight.com\/es\/?s={search_term_string}"},"query-input":{"@type":"PropertyValueSpecification","valueRequired":true,"valueName":"search_term_string"}}],"inLanguage":"es"}]}},"meta_box":{"industry":"","seo_heading":"","heading":"","description":"","cta_heading":"","cta_description":"","application":"1862","h1":"Widget de banner de Jimdo","h1_caption":"D\u00e9 forma y muestre banners atractivos en las p\u00e1ginas de su sitio web","application_category":[],"applications_title":"","applications_request_title":"","applications_request_button_text":"","hero_text":"","hero_video":"","hero_video_schema_markup":"","selling_points_title":"","selling_points_caption":"","selling_points":[],"selling_points_cta_text":"","features_title":"","features":"","ed_cta_examples_text":"","ed_cta_examples_hidden":"","ed_cta_demo_text":"","ed_cta_demo_hidden":"","why_caption":"","why_editor_title":"","why_editor_text":"","why_team_title":"","why_team_text":"","why_service_title":"","why_service_text":"","template_catalog_visible":"","template_catalog_title":"","template_catalog_text":"","template_catalog_categories_visible":"","demo_title":"Crea tu widget de banner","demo_caption":"\u00a1Configura tu Banner y a\u00f1\u00e1delo a tu sitio web Jimdo gratis!","default_faq_hidden":"","app_template_category":[],"platform":"2198","template_public_id":"","codecanyon_url":"","codecanyon_item_id":"","codecanyon_price":"","pricing_caption":"","pricing_elfsight_apps_hide_column":"","pricing_elfsight_apps_url":"","pricing_codecanyon_price_caption":"","integration_category":[],"integration_request_title":"","integration_request_cta":"","integration_platform":"","integrations":[],"platform_category":[],"video_schema_markup":"","price":"desde $0 \/ mes","trial":"","benefits":[{"text":"Asistencia de instalaci\u00f3n gratuita"},{"text":"Servicio al cliente excepcional"},{"text":"Garant\u00eda de devoluci\u00f3n de dinero de 14 d\u00edas"},{"text":"Mejoras gratuitas continuas"}],"button_url":"#demo","button_target_blank":"","button_nofollow":"","attributes":[{"name":"Instalaciones","content":"10,000 - 100,000"},{"name":"Sensible","content":"S\u00ed"},{"name":"Navegadores compatibles","content":"Firefox, Safari, Opera, Chrome, Edge"}],"tags":[],"tags_disable_links":"","hide_more_platforms":"","video_object":"","demo_hide_cta":"","demo_hide_cloud_options":"","pricing_title":"","pricing":[{"pricing_icon":"platform","pricing_title":"Elfsight Apps","pricing_title_caption":"Soluci\u00f3n independiente de plataforma que se adapta a cualquier sitio","pricing_price":"desde $0 \/ mes","pricing_price_caption":"comienza con un plan gratuito","pricing_benefits":[{"text":"Sitios web ilimitados"},{"text":"Atenci\u00f3n al cliente gratuita"},{"text":"Ayuda de instalaci\u00f3n gratuita"},{"text":"100% personalizable"}],"pricing_button_text":"A\u00f1adir al sitio web","pricing_button_url":"#demo"}],"related_apps_title":"","related_apps_hidden":"","author":"","image":[],"title":"","job":"","social_networks":[]},"_links":{"self":[{"href":"https:\/\/elfsight.com\/es\/wp-json\/wp\/v2\/pages\/6213","targetHints":{"allow":["GET"]}}],"collection":[{"href":"https:\/\/elfsight.com\/es\/wp-json\/wp\/v2\/pages"}],"about":[{"href":"https:\/\/elfsight.com\/es\/wp-json\/wp\/v2\/types\/page"}],"author":[{"embeddable":true,"href":"https:\/\/elfsight.com\/es\/wp-json\/wp\/v2\/users\/9"}],"replies":[{"embeddable":true,"href":"https:\/\/elfsight.com\/es\/wp-json\/wp\/v2\/comments?post=6213"}],"version-history":[{"count":2,"href":"https:\/\/elfsight.com\/es\/wp-json\/wp\/v2\/pages\/6213\/revisions"}],"predecessor-version":[{"id":19205,"href":"https:\/\/elfsight.com\/es\/wp-json\/wp\/v2\/pages\/6213\/revisions\/19205"}],"up":[{"embeddable":true,"href":"https:\/\/elfsight.com\/es\/wp-json\/wp\/v2\/pages\/1863"}],"wp:attachment":[{"href":"https:\/\/elfsight.com\/es\/wp-json\/wp\/v2\/media?parent=6213"}],"curies":[{"name":"wp","href":"https:\/\/api.w.org\/{rel}","templated":true}]}}