{"id":6211,"date":"1970-01-01T00:00:00","date_gmt":"1970-01-01T00:00:00","guid":{"rendered":"https:\/\/elfsight.com\/es\/?page_id=6211"},"modified":"2026-01-29T10:05:40","modified_gmt":"2026-01-29T10:05:40","slug":"html","status":"publish","type":"page","link":"https:\/\/elfsight.com\/es\/banner-widget\/html\/","title":{"rendered":"Banner &#8211; HTML"},"content":{"rendered":"<div class=\"application-platform-content-item-description application-platform-content-item\" id=\"description\" data-nav-section=\"description\"> <h2>Descripci\u00f3n<\/h2> <p>El widget Elfsight Banner para HTML es una caracter\u00edstica sumamente personalizable. Actualmente tienes la oportunidad de crear un banner promocional para cualquier prop\u00f3sito. Todo lo que necesitas es seleccionar una imagen de fondo, el tipo de fondo, determinar su posici\u00f3n, agregar el t\u00edtulo y el texto. Recuerde adjuntar un bot\u00f3n CTA, una parte esencial de cualquier banner. Y, por supuesto, eres libre de modificar los colores del widget como necesites. <\/p> <p><b>Con un banner atractivo en las p\u00e1ginas de su sitio web, refuerce sus bienes y servicios, provocando que m\u00e1s visitantes del sitio web realicen una compra<\/b><\/p> <\/div> <div class=\"application-platform-content-item-features application-platform-content-item\" id=\"features\" data-nav-section=\"features\"> <h2>Ofrecemos funciones pr\u00e1cticas y sencillas, consulte algunas de ellas: <\/h2> <ul><li>Suba fotos y v\u00eddeos adecuados. <\/li><li>Adjunte enlaces, su correo electr\u00f3nico o n\u00famero de tel\u00e9fono<\/li><li>Adjunte t\u00edtulo y texto. <\/li><li>Forma tu bot\u00f3n CTA. <\/li><li>Permitir que el bot\u00f3n se complete o delinee. <\/li><\/ul><p><a href=\"#demo\">Explore todas las configuraciones en una demostraci\u00f3n 100% funcional<\/a><\/p> <\/div> <div class=\"application-platform-content-item-installation application-platform-content-item\" id=\"installation\" data-nav-section=\"installation\"> <h2>\u00bfC\u00f3mo agregar un banner a mi sitio HTML? <\/h2> <div class=\"video-container\">\n<iframe width=\"720\" height=\"405\" src=\"https:\/\/www.youtube.com\/embed\/Lx-pd_sWv04?si=1KqkN7ZxLJsHF7wv\" frameborder=\"0\" allowfullscreen=\"\"><\/iframe>\n<\/div><p>Simplemente aplique las instrucciones a continuaci\u00f3n para comenzar a usar el widget. <\/p> <ol><li><b>Realice nuestra demostraci\u00f3n gratuita y comience a crear su propio complemento. <\/b><br> Elija el aspecto y la funcionalidad preferibles de la herramienta y guarde las ediciones. <\/li> <li><b>Obtenga su c\u00f3digo individual revelado en la ventana de Elfsight Apps. <\/b><br> Inmediatamente despu\u00e9s de finalizar la personalizaci\u00f3n de su complemento, copie el c\u00f3digo exclusivo de la ventana emergente que aparece y gu\u00e1rdelo para futuras necesidades. <\/li> <li><b>Inicie el uso del widget en su sitio HTML. <\/b><br> Inserta el c\u00f3digo que has copiado anteriormente en tu sitio web y guarda las ediciones. <\/li> <li><b>La configuraci\u00f3n est\u00e1 completamente realizada. <\/b><br>Vaya a su sitio para observar el funcionamiento del widget. <\/li><\/ol> <p>En caso de tener consultas o enfrentar alguna dificultad, no dude en buscar ayuda de nuestro equipo de soporte. Nuestra gente est\u00e1 ansiosa por resolver todas las dificultades que puedas tener con la herramienta. <\/p> <div class=\"faq\" data-component=\"FAQ\"> <div class=\"faq-item\">\r\n\t\t\t\t\t<div class=\"faq-item-question\">\r\n\t\t\t\t\t\t<h3 class=\"faq-item-question-text\">\u00bfC\u00f3mo puedo agregar Banner a mi sitio web HTML sin conocimientos de codificaci\u00f3n?<\/h3>\r\n\r\n\t\t\t\t\t\t<div class=\"faq-item-question-icon\"><\/div>\r\n\t\t\t\t\t<\/div>\r\n\r\n\t\t\t\t\t<div class=\"faq-item-answer\">\r\n\t\t\t\t\t\t<div class=\"faq-item-answer-text\"> <p>Elfsight proporciona una soluci\u00f3n SaaS que le permite crear un widget de Banner usted mismo. Vea lo f\u00e1cil que es el proceso: trabaje directamente en el editor en l\u00ednea para crear un widget de Banner que le gustar\u00eda ver en su sitio web HTML. Elija una de las plantillas predise\u00f1adas y ajuste la configuraci\u00f3n del banner, agregue su contenido, cambie el dise\u00f1o y la combinaci\u00f3n de colores sin conocimientos de codificaci\u00f3n. Guarde el Banner y copie su c\u00f3digo de instalaci\u00f3n, que podr\u00e1 pegar f\u00e1cilmente en su sitio web HTML sin necesidad de comprar un plan pago. Con nuestro editor intuitivo, cualquier usuario de Internet puede crear un widget de banner en l\u00ednea e incrustarlo f\u00e1cilmente en su sitio web HTML. No es necesario pagar ni ingresar las credenciales de su tarjeta para acceder al servicio. Si tiene alg\u00fan problema en cualquier paso, no dude en ponerse en contacto con nuestro equipo de soporte t\u00e9cnico.<\/p> <\/div>\r\n\t\t\t\t\t<\/div>\r\n\t\t\t\t<\/div> <\/div> <\/div>","protected":false},"excerpt":{"rendered":"","protected":false},"author":9,"featured_media":0,"parent":1863,"menu_order":0,"comment_status":"closed","ping_status":"closed","template":"templates\/template-application-platform.php","meta":{"publish_to_discourse":"","publish_post_category":"","wpdc_auto_publish_overridden":"","wpdc_topic_tags":"","wpdc_pin_topic":"","wpdc_pin_until":"","discourse_post_id":"","discourse_permalink":"","wpdc_publishing_response":"","wpdc_publishing_error":"","footnotes":""},"class_list":["post-6211","page","type-page","status-publish","hentry"],"yoast_head":"<!-- This site is optimized with the Yoast SEO plugin v25.3.1 - https:\/\/yoast.com\/wordpress\/plugins\/seo\/ -->\n<title>Integre el widget de banner al sitio web HTML. R\u00e1pido y gratis ( 2025 )<\/title>\n<meta name=\"description\" content=\"Incorpore un widget de banner HTML f\u00e1cil de usar en su sitio web. Utilice la pr\u00e1ctica demostraci\u00f3n de Elfsight y genere su fascinante Banner en solo tres minutos\" \/>\n<meta name=\"robots\" content=\"index, follow, max-snippet:-1, max-image-preview:large, max-video-preview:-1\" \/>\n<link rel=\"canonical\" href=\"https:\/\/elfsight.com\/es\/banner-widget\/html\/\" \/>\n<meta property=\"og:locale\" content=\"es_ES\" \/>\n<meta property=\"og:type\" content=\"article\" \/>\n<meta property=\"og:title\" content=\"Integre el widget de banner al sitio web HTML. R\u00e1pido y gratis ( 2025 )\" \/>\n<meta property=\"og:description\" content=\"Incorpore un widget de banner HTML f\u00e1cil de usar en su sitio web. Utilice la pr\u00e1ctica demostraci\u00f3n de Elfsight y genere su fascinante Banner en solo tres minutos\" \/>\n<meta property=\"og:url\" content=\"https:\/\/elfsight.com\/es\/banner-widget\/html\/\" \/>\n<meta property=\"og:site_name\" content=\"Elfsight ES\" \/>\n<meta property=\"article:modified_time\" content=\"2026-01-29T10:05:40+00:00\" \/>\n<meta name=\"twitter:card\" content=\"summary_large_image\" \/>\n<meta name=\"twitter:label1\" content=\"Tiempo de lectura\" \/>\n\t<meta name=\"twitter:data1\" content=\"3 minutos\" \/>\n<!-- \/ Yoast SEO plugin. -->","yoast_head_json":{"title":"Integre el widget de banner al sitio web HTML. R\u00e1pido y gratis ( 2025 )","description":"Incorpore un widget de banner HTML f\u00e1cil de usar en su sitio web. Utilice la pr\u00e1ctica demostraci\u00f3n de Elfsight y genere su fascinante Banner en solo tres minutos","robots":{"index":"index","follow":"follow","max-snippet":"max-snippet:-1","max-image-preview":"max-image-preview:large","max-video-preview":"max-video-preview:-1"},"canonical":"https:\/\/elfsight.com\/es\/banner-widget\/html\/","og_locale":"es_ES","og_type":"article","og_title":"Integre el widget de banner al sitio web HTML. R\u00e1pido y gratis ( 2025 )","og_description":"Incorpore un widget de banner HTML f\u00e1cil de usar en su sitio web. Utilice la pr\u00e1ctica demostraci\u00f3n de Elfsight y genere su fascinante Banner en solo tres minutos","og_url":"https:\/\/elfsight.com\/es\/banner-widget\/html\/","og_site_name":"Elfsight ES","article_modified_time":"2026-01-29T10:05:40+00:00","twitter_card":"summary_large_image","twitter_misc":{"Tiempo de lectura":"3 minutos"},"schema":{"@context":"https:\/\/schema.org","@graph":[{"@type":"WebPage","@id":"https:\/\/elfsight.com\/es\/banner-widget\/html\/","url":"https:\/\/elfsight.com\/es\/banner-widget\/html\/","name":"Integre el widget de banner al sitio web HTML. R\u00e1pido y gratis ( 2025 )","isPartOf":{"@id":"https:\/\/elfsight.com\/es\/#website"},"datePublished":"1970-01-01T00:00:00+00:00","dateModified":"2026-01-29T10:05:40+00:00","description":"Incorpore un widget de banner HTML f\u00e1cil de usar en su sitio web. Utilice la pr\u00e1ctica demostraci\u00f3n de Elfsight y genere su fascinante Banner en solo tres minutos","breadcrumb":{"@id":"https:\/\/elfsight.com\/es\/banner-widget\/html\/#breadcrumb"},"inLanguage":"es","potentialAction":[{"@type":"ReadAction","target":["https:\/\/elfsight.com\/es\/banner-widget\/html\/"]}]},{"@type":"BreadcrumbList","@id":"https:\/\/elfsight.com\/es\/banner-widget\/html\/#breadcrumb","itemListElement":[{"@type":"ListItem","position":1,"name":"Home","item":"https:\/\/elfsight.com\/es\/"},{"@type":"ListItem","position":2,"name":"Banner","item":"https:\/\/elfsight.com\/es\/banner-widget\/"},{"@type":"ListItem","position":3,"name":"Banner &#8211; HTML"}]},{"@type":"WebSite","@id":"https:\/\/elfsight.com\/es\/#website","url":"https:\/\/elfsight.com\/es\/","name":"Elfsight ES","description":"Just another Elfsight Sites site","potentialAction":[{"@type":"SearchAction","target":{"@type":"EntryPoint","urlTemplate":"https:\/\/elfsight.com\/es\/?s={search_term_string}"},"query-input":{"@type":"PropertyValueSpecification","valueRequired":true,"valueName":"search_term_string"}}],"inLanguage":"es"}]}},"meta_box":{"industry":"","seo_heading":"","heading":"","description":"","cta_heading":"","cta_description":"","application":"1862","h1":"Widget de banner HTML","h1_caption":"Crea y muestra banners de promoci\u00f3n en tu p\u00e1gina de inicio.","application_category":[],"applications_title":"","applications_request_title":"","applications_request_button_text":"","hero_text":"","hero_video":"","hero_video_schema_markup":"","selling_points_title":"","selling_points_caption":"","selling_points":[],"selling_points_cta_text":"","features_title":"","features":"","ed_cta_examples_text":"","ed_cta_examples_hidden":"","ed_cta_demo_text":"","ed_cta_demo_hidden":"","why_caption":"","why_editor_title":"","why_editor_text":"","why_team_title":"","why_team_text":"","why_service_title":"","why_service_text":"","template_catalog_visible":"0","template_catalog_title":"","template_catalog_text":"","template_catalog_categories_visible":"","demo_title":"Crea tu widget de banner","demo_caption":"\u00a1Configura tu Banner y agr\u00e9galo a tu sitio web HTML gratis!","default_faq_hidden":"","app_template_category":[],"platform":"70","template_public_id":"","codecanyon_url":"","codecanyon_item_id":"","codecanyon_price":"","pricing_caption":"","pricing_elfsight_apps_hide_column":"","pricing_elfsight_apps_url":"","pricing_codecanyon_price_caption":"","integration_category":[],"integration_request_title":"","integration_request_cta":"","integration_platform":"","integrations":[],"platform_category":[],"video_schema_markup":"","price":"desde $0 \/ mes","trial":"","benefits":[{"text":"Asistencia de instalaci\u00f3n gratuita"},{"text":"Soporte premium"},{"text":"Garant\u00eda de devoluci\u00f3n de dinero de 14 d\u00edas"},{"text":"Actualizando constantemente"}],"button_url":"#demo","button_target_blank":"0","button_nofollow":"0","attributes":[{"name":"Instalaciones","content":"10,000 - 100,000"},{"name":"Sensible","content":"S\u00ed"},{"name":"Navegadores compatibles","content":"Firefox, Safari, Opera, Chrome, Edge"}],"tags":[],"tags_disable_links":"0","hide_more_platforms":"0","video_object":"","demo_hide_cta":"0","demo_hide_cloud_options":"0","pricing_title":"","pricing":[{"pricing_icon":"platform","pricing_title":"Elfsight Apps","pricing_title_caption":"Versi\u00f3n multiplataforma que funciona en cualquier sitio.","pricing_price":"desde $0 \/ mes","pricing_price_caption":"comienza con un plan gratuito","pricing_benefits":[{"text":"Dominios ilimitados"},{"text":"Atenci\u00f3n al cliente dedicada y bien documentada."},{"text":"Ayuda de instalaci\u00f3n gratuita"},{"text":"100% personalizable"}],"pricing_button_text":"A\u00f1adir al sitio web","pricing_button_url":"#demo"}],"related_apps_title":"","related_apps_hidden":"0","author":"","image":[],"title":"","job":"","social_networks":[]},"_links":{"self":[{"href":"https:\/\/elfsight.com\/es\/wp-json\/wp\/v2\/pages\/6211","targetHints":{"allow":["GET"]}}],"collection":[{"href":"https:\/\/elfsight.com\/es\/wp-json\/wp\/v2\/pages"}],"about":[{"href":"https:\/\/elfsight.com\/es\/wp-json\/wp\/v2\/types\/page"}],"author":[{"embeddable":true,"href":"https:\/\/elfsight.com\/es\/wp-json\/wp\/v2\/users\/9"}],"replies":[{"embeddable":true,"href":"https:\/\/elfsight.com\/es\/wp-json\/wp\/v2\/comments?post=6211"}],"version-history":[{"count":3,"href":"https:\/\/elfsight.com\/es\/wp-json\/wp\/v2\/pages\/6211\/revisions"}],"predecessor-version":[{"id":20048,"href":"https:\/\/elfsight.com\/es\/wp-json\/wp\/v2\/pages\/6211\/revisions\/20048"}],"up":[{"embeddable":true,"href":"https:\/\/elfsight.com\/es\/wp-json\/wp\/v2\/pages\/1863"}],"wp:attachment":[{"href":"https:\/\/elfsight.com\/es\/wp-json\/wp\/v2\/media?parent=6211"}],"curies":[{"name":"wp","href":"https:\/\/api.w.org\/{rel}","templated":true}]}}