{"id":6205,"date":"1970-01-01T00:00:00","date_gmt":"1970-01-01T00:00:00","guid":{"rendered":"https:\/\/elfsight.com\/es\/?page_id=6205"},"modified":"2025-02-06T16:06:57","modified_gmt":"2025-02-06T16:06:57","slug":"godaddy","status":"publish","type":"page","link":"https:\/\/elfsight.com\/es\/banner-widget\/godaddy\/","title":{"rendered":"Banner &#8211; GoDaddy"},"content":{"rendered":"<div class=\"application-platform-content-item-description application-platform-content-item\" id=\"description\" data-nav-section=\"description\"> <h2>Insertar banner en GoDaddy con el widget Elfsight<\/h2> <p>El complemento Elfsight Banner es una caracter\u00edstica altamente personalizable para GoDaddy. Ahora tienes la oportunidad de crear un banner promocional para cualquier objetivo. Todo lo que tienes que hacer es elegir una imagen de fondo, el tipo de fondo, decidir su posici\u00f3n, adjuntar el t\u00edtulo y el t\u00edtulo. Recuerde adjuntar un bot\u00f3n de llamada a la acci\u00f3n, un elemento crucial de cualquier banner promocional. Y, por supuesto, puedes adaptar los colores del complemento como necesites. <\/p> <p><b>Aplicando un banner atractivo en su sitio web, impulse sus ofertas y servicios, inspirando a m\u00e1s usuarios a realizar una compra<\/b><\/p> <\/div> <div class=\"application-platform-content-item-features application-platform-content-item\" id=\"features\" data-nav-section=\"features\"> <h2>Conozca la lista de las mejores caracter\u00edsticas: <\/h2> <ul><li>Suba im\u00e1genes y videos adecuados. <\/li><li>Adjunte enlaces, correo electr\u00f3nico o n\u00famero de tel\u00e9fono<\/li><li>Adjunte t\u00edtulo y texto del t\u00edtulo. <\/li><li>Crea un bot\u00f3n de CTA. <\/li><li>Deja que el bot\u00f3n se rellene o delinee. <\/li><\/ul><p><a href=\"#demo\">Simplemente pruebe esta demostraci\u00f3n para comprender la funcionalidad del complemento<\/a><\/p> <\/div> <div class=\"application-platform-content-item-installation application-platform-content-item\" id=\"installation\" data-nav-section=\"installation\"> <h2>\u00bfC\u00f3mo insertar Banner en mi sitio GoDaddy? <\/h2> <p>Simplemente siga las instrucciones a continuaci\u00f3n para activar la herramienta. <\/p> <ol><li><b>Utilice nuestro editor gratuito y comience a darle forma a su complemento personalizado. <\/b><br> Elija la interfaz y las especificaciones preferibles de la herramienta y aplique las correcciones. <\/li> <li><b>Reciba su c\u00f3digo personal que aparece en la ventana de Elfsight Apps. <\/b><br> Inmediatamente despu\u00e9s de finalizar la configuraci\u00f3n de su herramienta personal, copie el c\u00f3digo individual de la ventana emergente que aparece y gu\u00e1rdelo para su uso posterior. <\/li> <li><b>Inicie la aplicaci\u00f3n del complemento en su sitio web de GoDaddy. <\/b><br>Incrusta el c\u00f3digo copiado anteriormente en tu p\u00e1gina y aplica las modificaciones. <\/li> <li><b>La configuraci\u00f3n se realiz\u00f3 exitosamente. <\/b><br>Accede a su p\u00e1gina web para revisar el trabajo de la herramienta. <\/li><\/ol> <p>Si tiene alg\u00fan problema, no dude en buscar ayuda de nuestro personal de servicio al cliente. Nuestros especialistas est\u00e1n ansiosos por ayudarle con todos los problemas que pueda tener con el complemento. <\/p> <div class=\"faq\" data-component=\"FAQ\"> <div class=\"faq-item\">\r\n\t\t\t\t\t<div class=\"faq-item-question\">\r\n\t\t\t\t\t\t<h3 class=\"faq-item-question-text\">\u00bfC\u00f3mo puedo agregar Banner a mi sitio web de GoDaddy sin conocimientos de codificaci\u00f3n?<\/h3>\r\n\r\n\t\t\t\t\t\t<div class=\"faq-item-question-icon\"><\/div>\r\n\t\t\t\t\t<\/div>\r\n\r\n\t\t\t\t\t<div class=\"faq-item-answer\">\r\n\t\t\t\t\t\t<div class=\"faq-item-answer-text\"> <p>Elfsight proporciona una soluci\u00f3n SaaS que le permite crear un widget de Banner usted mismo. Vea lo f\u00e1cil que es el proceso: trabaje directamente en el editor en l\u00ednea para crear un widget de Banner que le gustar\u00eda ver en su sitio web de GoDaddy. Elija una de las plantillas predise\u00f1adas y ajuste la configuraci\u00f3n del banner, agregue su contenido, cambie el dise\u00f1o y la combinaci\u00f3n de colores sin conocimientos de codificaci\u00f3n. Guarde el banner y copie su c\u00f3digo de instalaci\u00f3n, que puede pegar f\u00e1cilmente en su sitio web de GoDaddy sin comprar un plan pago. Con nuestro editor intuitivo, cualquier usuario de Internet puede crear un widget de banner en l\u00ednea e incrustarlo f\u00e1cilmente en su sitio web GoDaddy. No es necesario pagar ni ingresar las credenciales de su tarjeta para acceder al servicio. Si tiene alg\u00fan problema en cualquier paso, no dude en ponerse en contacto con nuestro equipo de soporte t\u00e9cnico.<\/p> <\/div>\r\n\t\t\t\t\t<\/div>\r\n\t\t\t\t<\/div> <\/div> <\/div>","protected":false},"excerpt":{"rendered":"","protected":false},"author":9,"featured_media":0,"parent":1863,"menu_order":0,"comment_status":"closed","ping_status":"closed","template":"templates\/template-application-platform.php","meta":{"publish_to_discourse":"","publish_post_category":"","wpdc_auto_publish_overridden":"","wpdc_topic_tags":"","wpdc_pin_topic":"","wpdc_pin_until":"","discourse_post_id":"","discourse_permalink":"","wpdc_publishing_response":"","wpdc_publishing_error":"","footnotes":""},"class_list":["post-6205","page","type-page","status-publish","hentry"],"yoast_head":"<!-- This site is optimized with the Yoast SEO plugin v25.3.1 - https:\/\/yoast.com\/wordpress\/plugins\/seo\/ -->\n<title>Complemento de banner: agregue el complemento de banner al sitio web de GoDaddy.<\/title>\n<meta name=\"description\" content=\"Implemente un complemento GoDaddy Banner compatible con dispositivos m\u00f3viles en el sitio. \u00a1Pruebe la pr\u00e1ctica demostraci\u00f3n de Elfsight y cree su impresionante complemento de banner!\" \/>\n<meta name=\"robots\" content=\"index, follow, max-snippet:-1, max-image-preview:large, max-video-preview:-1\" \/>\n<link rel=\"canonical\" href=\"https:\/\/elfsight.com\/es\/banner-widget\/godaddy\/\" \/>\n<meta property=\"og:locale\" content=\"es_ES\" \/>\n<meta property=\"og:type\" content=\"article\" \/>\n<meta property=\"og:title\" content=\"Complemento de banner: agregue el complemento de banner al sitio web de GoDaddy.\" \/>\n<meta property=\"og:description\" content=\"Implemente un complemento GoDaddy Banner compatible con dispositivos m\u00f3viles en el sitio. \u00a1Pruebe la pr\u00e1ctica demostraci\u00f3n de Elfsight y cree su impresionante complemento de banner!\" \/>\n<meta property=\"og:url\" content=\"https:\/\/elfsight.com\/es\/banner-widget\/godaddy\/\" \/>\n<meta property=\"og:site_name\" content=\"Elfsight ES\" \/>\n<meta property=\"article:modified_time\" content=\"2025-02-06T16:06:57+00:00\" \/>\n<meta name=\"twitter:card\" content=\"summary_large_image\" \/>\n<meta name=\"twitter:label1\" content=\"Tiempo de lectura\" \/>\n\t<meta name=\"twitter:data1\" content=\"3 minutos\" \/>\n<!-- \/ Yoast SEO plugin. -->","yoast_head_json":{"title":"Complemento de banner: agregue el complemento de banner al sitio web de GoDaddy.","description":"Implemente un complemento GoDaddy Banner compatible con dispositivos m\u00f3viles en el sitio. \u00a1Pruebe la pr\u00e1ctica demostraci\u00f3n de Elfsight y cree su impresionante complemento de banner!","robots":{"index":"index","follow":"follow","max-snippet":"max-snippet:-1","max-image-preview":"max-image-preview:large","max-video-preview":"max-video-preview:-1"},"canonical":"https:\/\/elfsight.com\/es\/banner-widget\/godaddy\/","og_locale":"es_ES","og_type":"article","og_title":"Complemento de banner: agregue el complemento de banner al sitio web de GoDaddy.","og_description":"Implemente un complemento GoDaddy Banner compatible con dispositivos m\u00f3viles en el sitio. \u00a1Pruebe la pr\u00e1ctica demostraci\u00f3n de Elfsight y cree su impresionante complemento de banner!","og_url":"https:\/\/elfsight.com\/es\/banner-widget\/godaddy\/","og_site_name":"Elfsight ES","article_modified_time":"2025-02-06T16:06:57+00:00","twitter_card":"summary_large_image","twitter_misc":{"Tiempo de lectura":"3 minutos"},"schema":{"@context":"https:\/\/schema.org","@graph":[{"@type":"WebPage","@id":"https:\/\/elfsight.com\/es\/banner-widget\/godaddy\/","url":"https:\/\/elfsight.com\/es\/banner-widget\/godaddy\/","name":"Complemento de banner: agregue el complemento de banner al sitio web de GoDaddy.","isPartOf":{"@id":"https:\/\/elfsight.com\/es\/#website"},"datePublished":"1970-01-01T00:00:00+00:00","dateModified":"2025-02-06T16:06:57+00:00","description":"Implemente un complemento GoDaddy Banner compatible con dispositivos m\u00f3viles en el sitio. \u00a1Pruebe la pr\u00e1ctica demostraci\u00f3n de Elfsight y cree su impresionante complemento de banner!","breadcrumb":{"@id":"https:\/\/elfsight.com\/es\/banner-widget\/godaddy\/#breadcrumb"},"inLanguage":"es","potentialAction":[{"@type":"ReadAction","target":["https:\/\/elfsight.com\/es\/banner-widget\/godaddy\/"]}]},{"@type":"BreadcrumbList","@id":"https:\/\/elfsight.com\/es\/banner-widget\/godaddy\/#breadcrumb","itemListElement":[{"@type":"ListItem","position":1,"name":"Home","item":"https:\/\/elfsight.com\/es\/"},{"@type":"ListItem","position":2,"name":"Banner","item":"https:\/\/elfsight.com\/es\/banner-widget\/"},{"@type":"ListItem","position":3,"name":"Banner &#8211; GoDaddy"}]},{"@type":"WebSite","@id":"https:\/\/elfsight.com\/es\/#website","url":"https:\/\/elfsight.com\/es\/","name":"Elfsight ES","description":"Just another Elfsight Sites site","potentialAction":[{"@type":"SearchAction","target":{"@type":"EntryPoint","urlTemplate":"https:\/\/elfsight.com\/es\/?s={search_term_string}"},"query-input":{"@type":"PropertyValueSpecification","valueRequired":true,"valueName":"search_term_string"}}],"inLanguage":"es"}]}},"meta_box":{"industry":"","seo_heading":"","heading":"","description":"","cta_heading":"","cta_description":"","application":"1862","h1":"Complemento de banner de GoDaddy","h1_caption":"Dale forma y muestra banners promocionales en tu p\u00e1gina de inicio.","application_category":[],"applications_title":"","applications_request_title":"","applications_request_button_text":"","hero_text":"","hero_video":"","hero_video_schema_markup":"","selling_points_title":"","selling_points_caption":"","selling_points":[],"selling_points_cta_text":"","features_title":"","features":"","ed_cta_examples_text":"","ed_cta_examples_hidden":"","ed_cta_demo_text":"","ed_cta_demo_hidden":"","why_caption":"","why_editor_title":"","why_editor_text":"","why_team_title":"","why_team_text":"","why_service_title":"","why_service_text":"","template_catalog_visible":"","template_catalog_title":"","template_catalog_text":"","template_catalog_categories_visible":"","demo_title":"Crea tu complemento de banner","demo_caption":"\u00a1Configura tu Banner y agr\u00e9galo a tu sitio web de GoDaddy gratis!","default_faq_hidden":"","app_template_category":[],"platform":"2183","template_public_id":"","codecanyon_url":"","codecanyon_item_id":"","codecanyon_price":"","pricing_caption":"","pricing_elfsight_apps_hide_column":"","pricing_elfsight_apps_url":"","pricing_codecanyon_price_caption":"","integration_category":[],"integration_request_title":"","integration_request_cta":"","integration_platform":"","integrations":[],"platform_category":[],"video_schema_markup":"","price":"desde $0 \/ mes","trial":"","benefits":[{"text":"Servicio de instalaci\u00f3n gratuito"},{"text":"Servicio al cliente eficaz"},{"text":"Garant\u00eda de reembolso de 14 d\u00edas"},{"text":"Actualizaciones continuas"}],"button_url":"#demo","button_target_blank":"","button_nofollow":"","attributes":[{"name":"Instalaciones","content":"10,000 - 100,000"},{"name":"Sensible","content":"S\u00ed"},{"name":"Navegadores compatibles","content":"IE11, Firefox, Safari, Opera, Chrome, Edge"}],"tags":[],"tags_disable_links":"","hide_more_platforms":"","video_object":"","demo_hide_cta":"","demo_hide_cloud_options":"","pricing_title":"","pricing":[{"pricing_icon":"platform","pricing_title":"Elfsight Apps","pricing_title_caption":"Soluci\u00f3n multiplataforma que se adapta a cualquier sitio","pricing_price":"desde $0 \/ mes","pricing_price_caption":"comienza con el plan gratuito","pricing_benefits":[{"text":"Dominios ilimitados"},{"text":"Soporte profesional y bien documentado."},{"text":"Servicio de instalaci\u00f3n gratuito"},{"text":"Dise\u00f1o flexible"}],"pricing_button_text":"A\u00f1adir al sitio web","pricing_button_url":"#demo"}],"related_apps_title":"","related_apps_hidden":"","author":"","image":[],"title":"","job":"","social_networks":[]},"_links":{"self":[{"href":"https:\/\/elfsight.com\/es\/wp-json\/wp\/v2\/pages\/6205","targetHints":{"allow":["GET"]}}],"collection":[{"href":"https:\/\/elfsight.com\/es\/wp-json\/wp\/v2\/pages"}],"about":[{"href":"https:\/\/elfsight.com\/es\/wp-json\/wp\/v2\/types\/page"}],"author":[{"embeddable":true,"href":"https:\/\/elfsight.com\/es\/wp-json\/wp\/v2\/users\/9"}],"replies":[{"embeddable":true,"href":"https:\/\/elfsight.com\/es\/wp-json\/wp\/v2\/comments?post=6205"}],"version-history":[{"count":2,"href":"https:\/\/elfsight.com\/es\/wp-json\/wp\/v2\/pages\/6205\/revisions"}],"predecessor-version":[{"id":19209,"href":"https:\/\/elfsight.com\/es\/wp-json\/wp\/v2\/pages\/6205\/revisions\/19209"}],"up":[{"embeddable":true,"href":"https:\/\/elfsight.com\/es\/wp-json\/wp\/v2\/pages\/1863"}],"wp:attachment":[{"href":"https:\/\/elfsight.com\/es\/wp-json\/wp\/v2\/media?parent=6205"}],"curies":[{"name":"wp","href":"https:\/\/api.w.org\/{rel}","templated":true}]}}