{"id":6204,"date":"1970-01-01T00:00:00","date_gmt":"1970-01-01T00:00:00","guid":{"rendered":"https:\/\/elfsight.com\/es\/?page_id=6204"},"modified":"2025-02-06T16:06:57","modified_gmt":"2025-02-06T16:06:57","slug":"facebook","status":"publish","type":"page","link":"https:\/\/elfsight.com\/es\/banner-widget\/facebook\/","title":{"rendered":"Banner &#8211; Facebook Page"},"content":{"rendered":"<div class=\"application-platform-content-item-description application-platform-content-item\" id=\"description\" data-nav-section=\"description\"> <h2>Descripci\u00f3n<\/h2> <p>El widget de banner de Elfsight para la p\u00e1gina de Facebook es una caracter\u00edstica altamente personalizable. Actualmente tienes la oportunidad de crear un banner promocional para casi cualquier objetivo. Todo lo que necesitas es elegir una imagen de fondo, el tipo de fondo, establecer su posici\u00f3n, adjuntar el t\u00edtulo y el texto. Recuerde adjuntar un bot\u00f3n de llamada a la acci\u00f3n, una parte esencial de cualquier banner. Y seguro que eres libre de adaptar el dise\u00f1o general del widget como necesites. <\/p> <p><b>Mediante un atractivo banner en las p\u00e1ginas de su sitio web, impulse sus productos y servicios, motivando a m\u00e1s usuarios del sitio web a realizar una compra<\/b><\/p> <\/div> <div class=\"application-platform-content-item-features application-platform-content-item\" id=\"features\" data-nav-section=\"features\"> <h2>Encuentre a continuaci\u00f3n las caracter\u00edsticas b\u00e1sicas del widget: <\/h2> <ul><li>Subir fotos y videos. <\/li><li>Agrega enlaces, tu correo electr\u00f3nico o n\u00famero de tel\u00e9fono<\/li><li>Agrega t\u00edtulo y texto. <\/li><li>Crea tu bot\u00f3n CTA. <\/li><li>Deja que tu bot\u00f3n se complete o delinee. <\/li><\/ul><p><a href=\"#demo\">Puedes comprobar lo que ofrece el widget probando la demostraci\u00f3n<\/a><\/p> <\/div> <div class=\"application-platform-content-item-installation application-platform-content-item\" id=\"installation\" data-nav-section=\"installation\"> <h2>\u00bfC\u00f3mo insertar un banner en el sitio web de mi p\u00e1gina de Facebook? <\/h2> <p>Simplemente siga las pautas a continuaci\u00f3n para integrar el widget. <\/p> <ol><li><b>Realice nuestra demostraci\u00f3n gratuita y comience a crear su widget personalizado. <\/b><br>Elige la interfaz personalizada y las caracter\u00edsticas de la herramienta y aplica las modificaciones. <\/li> <li><b>Obtenga su c\u00f3digo personal revelado en el formulario especial en Elfsight Apps. <\/b><br> Una vez finalizada la configuraci\u00f3n de su complemento, copie el c\u00f3digo exclusivo del cuadro que aparece y gu\u00e1rdelo para ocasiones posteriores. <\/li> <li><b>Comience a usar el widget en el sitio de la p\u00e1gina de Facebook. <\/b><br>Incrusta el c\u00f3digo guardado recientemente en tu p\u00e1gina y aplica las correcciones. <\/li> <li><b>La instalaci\u00f3n se realiz\u00f3 exitosamente. <\/b><br> Vaya a su p\u00e1gina para revisar el rendimiento del widget. <\/li><\/ol> <p>Si tiene preguntas o enfrenta alg\u00fan problema, no dude en comunicarse con nuestro equipo de soporte. Nuestros consultores esperan resolver todos los problemas que pueda tener con el widget. <\/p> <div class=\"faq\" data-component=\"FAQ\"> <div class=\"faq-item\">\r\n\t\t\t\t\t<div class=\"faq-item-question\">\r\n\t\t\t\t\t\t<h3 class=\"faq-item-question-text\">\u00bfC\u00f3mo agregar un banner al sitio web de mi p\u00e1gina de Facebook sin conocimientos de codificaci\u00f3n?<\/h3>\r\n\r\n\t\t\t\t\t\t<div class=\"faq-item-question-icon\"><\/div>\r\n\t\t\t\t\t<\/div>\r\n\r\n\t\t\t\t\t<div class=\"faq-item-answer\">\r\n\t\t\t\t\t\t<div class=\"faq-item-answer-text\"> <p>Elfsight proporciona una soluci\u00f3n SaaS que le permite crear un widget de banner usted mismo. Vea lo f\u00e1cil que es el proceso: trabaje directamente en el editor en l\u00ednea para crear un widget de banner que le gustar\u00eda ver en el sitio web de su p\u00e1gina de Facebook. Elija una de las plantillas predise\u00f1adas y ajuste la configuraci\u00f3n del banner, agregue su contenido, cambie el dise\u00f1o y la combinaci\u00f3n de colores sin conocimientos de codificaci\u00f3n. Guarda el Banner y copia su c\u00f3digo de instalaci\u00f3n, que podr\u00e1s incluir en el sitio web de tu p\u00e1gina de Facebook sin necesidad de comprar una suscripci\u00f3n paga. Con nuestro editor intuitivo, cualquier usuario de Internet puede crear un widget de banner en l\u00ednea e incrustarlo f\u00e1cilmente en el sitio web de su p\u00e1gina de Facebook. No es necesario pagar ni ingresar las credenciales de su tarjeta para acceder al servicio. Si tiene alg\u00fan problema en cualquier paso, no dude en ponerse en contacto con nuestro equipo de soporte t\u00e9cnico.<\/p> <\/div>\r\n\t\t\t\t\t<\/div>\r\n\t\t\t\t<\/div> <\/div> <\/div><p><\/p>","protected":false},"excerpt":{"rendered":"","protected":false},"author":9,"featured_media":0,"parent":1863,"menu_order":0,"comment_status":"closed","ping_status":"closed","template":"templates\/template-application-platform.php","meta":{"publish_to_discourse":"","publish_post_category":"","wpdc_auto_publish_overridden":"","wpdc_topic_tags":"","wpdc_pin_topic":"","wpdc_pin_until":"","discourse_post_id":"","discourse_permalink":"","wpdc_publishing_response":"","wpdc_publishing_error":"","footnotes":""},"class_list":["post-6204","page","type-page","status-publish","hentry"],"yoast_head":"<!-- This site is optimized with the Yoast SEO plugin v25.3.1 - https:\/\/yoast.com\/wordpress\/plugins\/seo\/ -->\n<title>Agregue el widget de banner al sitio web de la p\u00e1gina de Facebook. R\u00e1pido y gratis (2025)<\/title>\n<meta name=\"description\" content=\"Implemente un widget de banner de p\u00e1gina de Facebook compatible con dispositivos m\u00f3viles en su sitio web. Pruebe la pr\u00e1ctica demostraci\u00f3n de Elfsight y genere su banner en tres minutos\" \/>\n<meta name=\"robots\" content=\"index, follow, max-snippet:-1, max-image-preview:large, max-video-preview:-1\" \/>\n<link rel=\"canonical\" href=\"https:\/\/elfsight.com\/es\/banner-widget\/facebook\/\" \/>\n<meta property=\"og:locale\" content=\"es_ES\" \/>\n<meta property=\"og:type\" content=\"article\" \/>\n<meta property=\"og:title\" content=\"Agregue el widget de banner al sitio web de la p\u00e1gina de Facebook. R\u00e1pido y gratis (2025)\" \/>\n<meta property=\"og:description\" content=\"Implemente un widget de banner de p\u00e1gina de Facebook compatible con dispositivos m\u00f3viles en su sitio web. Pruebe la pr\u00e1ctica demostraci\u00f3n de Elfsight y genere su banner en tres minutos\" \/>\n<meta property=\"og:url\" content=\"https:\/\/elfsight.com\/es\/banner-widget\/facebook\/\" \/>\n<meta property=\"og:site_name\" content=\"Elfsight ES\" \/>\n<meta property=\"article:modified_time\" content=\"2025-02-06T16:06:57+00:00\" \/>\n<meta name=\"twitter:card\" content=\"summary_large_image\" \/>\n<meta name=\"twitter:label1\" content=\"Tiempo de lectura\" \/>\n\t<meta name=\"twitter:data1\" content=\"3 minutos\" \/>\n<!-- \/ Yoast SEO plugin. -->","yoast_head_json":{"title":"Agregue el widget de banner al sitio web de la p\u00e1gina de Facebook. R\u00e1pido y gratis (2025)","description":"Implemente un widget de banner de p\u00e1gina de Facebook compatible con dispositivos m\u00f3viles en su sitio web. Pruebe la pr\u00e1ctica demostraci\u00f3n de Elfsight y genere su banner en tres minutos","robots":{"index":"index","follow":"follow","max-snippet":"max-snippet:-1","max-image-preview":"max-image-preview:large","max-video-preview":"max-video-preview:-1"},"canonical":"https:\/\/elfsight.com\/es\/banner-widget\/facebook\/","og_locale":"es_ES","og_type":"article","og_title":"Agregue el widget de banner al sitio web de la p\u00e1gina de Facebook. R\u00e1pido y gratis (2025)","og_description":"Implemente un widget de banner de p\u00e1gina de Facebook compatible con dispositivos m\u00f3viles en su sitio web. Pruebe la pr\u00e1ctica demostraci\u00f3n de Elfsight y genere su banner en tres minutos","og_url":"https:\/\/elfsight.com\/es\/banner-widget\/facebook\/","og_site_name":"Elfsight ES","article_modified_time":"2025-02-06T16:06:57+00:00","twitter_card":"summary_large_image","twitter_misc":{"Tiempo de lectura":"3 minutos"},"schema":{"@context":"https:\/\/schema.org","@graph":[{"@type":"WebPage","@id":"https:\/\/elfsight.com\/es\/banner-widget\/facebook\/","url":"https:\/\/elfsight.com\/es\/banner-widget\/facebook\/","name":"Agregue el widget de banner al sitio web de la p\u00e1gina de Facebook. R\u00e1pido y gratis (2025)","isPartOf":{"@id":"https:\/\/elfsight.com\/es\/#website"},"datePublished":"1970-01-01T00:00:00+00:00","dateModified":"2025-02-06T16:06:57+00:00","description":"Implemente un widget de banner de p\u00e1gina de Facebook compatible con dispositivos m\u00f3viles en su sitio web. Pruebe la pr\u00e1ctica demostraci\u00f3n de Elfsight y genere su banner en tres minutos","breadcrumb":{"@id":"https:\/\/elfsight.com\/es\/banner-widget\/facebook\/#breadcrumb"},"inLanguage":"es","potentialAction":[{"@type":"ReadAction","target":["https:\/\/elfsight.com\/es\/banner-widget\/facebook\/"]}]},{"@type":"BreadcrumbList","@id":"https:\/\/elfsight.com\/es\/banner-widget\/facebook\/#breadcrumb","itemListElement":[{"@type":"ListItem","position":1,"name":"Home","item":"https:\/\/elfsight.com\/es\/"},{"@type":"ListItem","position":2,"name":"Banner","item":"https:\/\/elfsight.com\/es\/banner-widget\/"},{"@type":"ListItem","position":3,"name":"Banner &#8211; Facebook Page"}]},{"@type":"WebSite","@id":"https:\/\/elfsight.com\/es\/#website","url":"https:\/\/elfsight.com\/es\/","name":"Elfsight ES","description":"Just another Elfsight Sites site","potentialAction":[{"@type":"SearchAction","target":{"@type":"EntryPoint","urlTemplate":"https:\/\/elfsight.com\/es\/?s={search_term_string}"},"query-input":{"@type":"PropertyValueSpecification","valueRequired":true,"valueName":"search_term_string"}}],"inLanguage":"es"}]}},"meta_box":{"industry":"","seo_heading":"","heading":"","description":"","cta_heading":"","cta_description":"","application":"1862","h1":"Widget de banner de p\u00e1gina de Facebook","h1_caption":"Crea y muestra banners atractivos en tu sitio web","application_category":[],"applications_title":"","applications_request_title":"","applications_request_button_text":"","hero_text":"","hero_video":"","hero_video_schema_markup":"","selling_points_title":"","selling_points_caption":"","selling_points":[],"selling_points_cta_text":"","features_title":"","features":"","ed_cta_examples_text":"","ed_cta_examples_hidden":"","ed_cta_demo_text":"","ed_cta_demo_hidden":"","why_caption":"","why_editor_title":"","why_editor_text":"","why_team_title":"","why_team_text":"","why_service_title":"","why_service_text":"","template_catalog_visible":"","template_catalog_title":"","template_catalog_text":"","template_catalog_categories_visible":"","demo_title":"Crea tu widget de banner","demo_caption":"\u00a1Configure su Banner y agr\u00e9guelo al sitio web de su p\u00e1gina de Facebook de forma gratuita!","default_faq_hidden":"","app_template_category":[],"platform":"64","template_public_id":"","codecanyon_url":"","codecanyon_item_id":"","codecanyon_price":"","pricing_caption":"","pricing_elfsight_apps_hide_column":"","pricing_elfsight_apps_url":"","pricing_codecanyon_price_caption":"","integration_category":[],"integration_request_title":"","integration_request_cta":"","integration_platform":"","integrations":[],"platform_category":[],"video_schema_markup":"","price":"desde $0 \/ mes","trial":"","benefits":[{"text":"Servicio de instalaci\u00f3n gratuito"},{"text":"Soporte excepcional"},{"text":"Garant\u00eda de devoluci\u00f3n de dinero de 14 d\u00edas"},{"text":"Actualizaciones continuas"}],"button_url":"#demo","button_target_blank":"","button_nofollow":"","attributes":[{"name":"Instalaciones","content":"10,000 - 100,000"},{"name":"Sensible","content":"S\u00ed"},{"name":"Navegadores compatibles","content":"Firefox, Safari, Opera, Chrome, Edge"}],"tags":[],"tags_disable_links":"","hide_more_platforms":"","video_object":"","demo_hide_cta":"","demo_hide_cloud_options":"","pricing_title":"","pricing":[{"pricing_icon":"platform","pricing_title":"Elfsight Apps","pricing_title_caption":"Versi\u00f3n multiplataforma","pricing_price":"desde $0 \/ mes","pricing_price_caption":"comienza con un plan gratuito","pricing_benefits":[{"text":"Sitios web ilimitados"},{"text":"Soporte profesional de la empresa y bien documentado."},{"text":"Ayuda de instalaci\u00f3n gratuita"},{"text":"100% personalizable"}],"pricing_button_text":"A\u00f1adir al sitio web","pricing_button_url":"#demo"}],"related_apps_title":"","related_apps_hidden":"","author":"","image":[],"title":"","job":"","social_networks":[]},"_links":{"self":[{"href":"https:\/\/elfsight.com\/es\/wp-json\/wp\/v2\/pages\/6204","targetHints":{"allow":["GET"]}}],"collection":[{"href":"https:\/\/elfsight.com\/es\/wp-json\/wp\/v2\/pages"}],"about":[{"href":"https:\/\/elfsight.com\/es\/wp-json\/wp\/v2\/types\/page"}],"author":[{"embeddable":true,"href":"https:\/\/elfsight.com\/es\/wp-json\/wp\/v2\/users\/9"}],"replies":[{"embeddable":true,"href":"https:\/\/elfsight.com\/es\/wp-json\/wp\/v2\/comments?post=6204"}],"version-history":[{"count":2,"href":"https:\/\/elfsight.com\/es\/wp-json\/wp\/v2\/pages\/6204\/revisions"}],"predecessor-version":[{"id":19210,"href":"https:\/\/elfsight.com\/es\/wp-json\/wp\/v2\/pages\/6204\/revisions\/19210"}],"up":[{"embeddable":true,"href":"https:\/\/elfsight.com\/es\/wp-json\/wp\/v2\/pages\/1863"}],"wp:attachment":[{"href":"https:\/\/elfsight.com\/es\/wp-json\/wp\/v2\/media?parent=6204"}],"curies":[{"name":"wp","href":"https:\/\/api.w.org\/{rel}","templated":true}]}}