{"id":6203,"date":"1970-01-01T00:00:00","date_gmt":"1970-01-01T00:00:00","guid":{"rendered":"https:\/\/elfsight.com\/es\/?page_id=6203"},"modified":"2025-02-06T16:07:05","modified_gmt":"2025-02-06T16:07:05","slug":"elementor","status":"publish","type":"page","link":"https:\/\/elfsight.com\/es\/banner-widget\/elementor\/","title":{"rendered":"Banner &#8211; Elementor"},"content":{"rendered":"<div class=\"application-platform-content-item-description application-platform-content-item\" id=\"description\" data-nav-section=\"description\"> <h2>Incrustar banner en Elementor con el widget Elfsight<\/h2> <p>El widget Elfsight Banner para Elementor es una caracter\u00edstica inmensamente personalizable. Actualmente tienes la oportunidad de crear un banner promocional para cualquier prop\u00f3sito. Todo lo que necesitas es elegir una imagen de fondo, el tipo de fondo, establecer su posici\u00f3n, agregar el t\u00edtulo y el texto. Recuerde adjuntar un bot\u00f3n CTA, un elemento crucial de cualquier banner promocional. Y seguro que eres libre de adaptar el dise\u00f1o general del widget como mejor te convenga. <\/p> <p><b>Con un banner atractivo en su sitio web, refuerce sus productos y servicios, inspirando a m\u00e1s visitantes del sitio web a realizar una compra<\/b><\/p> <\/div> <div class=\"application-platform-content-item-features application-platform-content-item\" id=\"features\" data-nav-section=\"features\"> <h2>Ofrecemos funciones potentes y sencillas, vea algunas de ellas: <\/h2> <ul><li>Cargue im\u00e1genes y videos. <\/li><li>Agregar enlaces, correo electr\u00f3nico o tel\u00e9fono <\/li><li>Agregar texto de t\u00edtulo y t\u00edtulo. <\/li><li>Crea un bot\u00f3n CTA. <\/li><li>Deja que el bot\u00f3n se rellene o delinee. <\/li><\/ul><p><a href=\"#demo\">Examine todas las funciones de personalizaci\u00f3n en una demostraci\u00f3n 100% funcional<\/a><\/p> <\/div> <div class=\"application-platform-content-item-installation application-platform-content-item\" id=\"installation\" data-nav-section=\"installation\"> <h2>\u00bfC\u00f3mo insertar Banner en mi sitio web de Elementor? <\/h2> <p>Simplemente siga un par de pasos que se presentan a continuaci\u00f3n para integrar el widget. <\/p> <ol><li><b>Abra nuestro configurador gratuito y comience a crear su widget \u00fanico. <\/b><br> Determine el dise\u00f1o y las opciones adecuados de la herramienta y aplique las ediciones. <\/li> <li><b>Reciba el c\u00f3digo personal que se muestra en el formulario especial en Elfsight Apps. <\/b><br> Una vez completada la creaci\u00f3n de su widget, copie el c\u00f3digo exclusivo en el cuadro que aparece y gu\u00e1rdelo para futuras necesidades. <\/li> <li><b>Comience a usar el widget en su sitio web de Elementor. <\/b><br> Introduce el c\u00f3digo que has guardado recientemente en tu sitio web y aplica las modificaciones. <\/li> <li><b>\u00a1Listo! La integraci\u00f3n ha finalizado con \u00e9xito. <\/b><br>Vaya a su p\u00e1gina para ver el rendimiento del complemento. <\/li><\/ol> <p>A condici\u00f3n de atender consultas o enfrentar algunos obst\u00e1culos, no dude en buscar ayuda de nuestro personal de soporte. Nuestra gente estar\u00e1 encantada de resolver todos los problemas que pueda tener con el producto. <\/p> <div class=\"faq\" data-component=\"FAQ\"> <div class=\"faq-item\">\r\n\t\t\t\t\t<div class=\"faq-item-question\">\r\n\t\t\t\t\t\t<h3 class=\"faq-item-question-text\">\u00bfC\u00f3mo puedo agregar Banner a mi sitio web de Elementor sin conocimientos de codificaci\u00f3n?<\/h3>\r\n\r\n\t\t\t\t\t\t<div class=\"faq-item-question-icon\"><\/div>\r\n\t\t\t\t\t<\/div>\r\n\r\n\t\t\t\t\t<div class=\"faq-item-answer\">\r\n\t\t\t\t\t\t<div class=\"faq-item-answer-text\"> <p>Elfsight proporciona una soluci\u00f3n SaaS que le permite crear un widget de Banner usted mismo. Vea lo f\u00e1cil que es el proceso: trabaje directamente en el editor en l\u00ednea para crear un widget de Banner que le gustar\u00eda ver en su sitio web de Elementor. Elija una de las plantillas predise\u00f1adas y ajuste la configuraci\u00f3n del banner, agregue su contenido, cambie el dise\u00f1o y la combinaci\u00f3n de colores sin conocimientos de codificaci\u00f3n. Guarde el Banner y copie su c\u00f3digo de instalaci\u00f3n, que puede pegar f\u00e1cilmente en su sitio web de Elementor sin necesidad de comprar una versi\u00f3n paga. Con nuestro editor intuitivo, cualquier usuario de Internet puede crear un widget de banner en l\u00ednea e incrustarlo f\u00e1cilmente en su sitio web Elementor. No es necesario pagar ni ingresar las credenciales de su tarjeta para acceder al servicio. Si tiene alg\u00fan problema en cualquier paso, no dude en ponerse en contacto con nuestro equipo de soporte t\u00e9cnico.<\/p> <\/div>\r\n\t\t\t\t\t<\/div>\r\n\t\t\t\t<\/div> <\/div> <\/div>","protected":false},"excerpt":{"rendered":"","protected":false},"author":9,"featured_media":0,"parent":1863,"menu_order":0,"comment_status":"closed","ping_status":"closed","template":"templates\/template-application-platform.php","meta":{"publish_to_discourse":"","publish_post_category":"","wpdc_auto_publish_overridden":"","wpdc_topic_tags":"","wpdc_pin_topic":"","wpdc_pin_until":"","discourse_post_id":"","discourse_permalink":"","wpdc_publishing_response":"","wpdc_publishing_error":"","footnotes":""},"class_list":["post-6203","page","type-page","status-publish","hentry"],"yoast_head":"<!-- This site is optimized with the Yoast SEO plugin v25.3.1 - https:\/\/yoast.com\/wordpress\/plugins\/seo\/ -->\n<title>Agregue el widget de banner al sitio web de Elementor. R\u00e1pido y gratis (2025)<\/title>\n<meta name=\"description\" content=\"Inserte un widget Elementor Banner f\u00e1cil de administrar en su sitio. Utilice la pr\u00e1ctica demostraci\u00f3n de Elfsight y cree su banner en tan solo unos minutos\" \/>\n<meta name=\"robots\" content=\"index, follow, max-snippet:-1, max-image-preview:large, max-video-preview:-1\" \/>\n<link rel=\"canonical\" href=\"https:\/\/elfsight.com\/es\/banner-widget\/elementor\/\" \/>\n<meta property=\"og:locale\" content=\"es_ES\" \/>\n<meta property=\"og:type\" content=\"article\" \/>\n<meta property=\"og:title\" content=\"Agregue el widget de banner al sitio web de Elementor. R\u00e1pido y gratis (2025)\" \/>\n<meta property=\"og:description\" content=\"Inserte un widget Elementor Banner f\u00e1cil de administrar en su sitio. Utilice la pr\u00e1ctica demostraci\u00f3n de Elfsight y cree su banner en tan solo unos minutos\" \/>\n<meta property=\"og:url\" content=\"https:\/\/elfsight.com\/es\/banner-widget\/elementor\/\" \/>\n<meta property=\"og:site_name\" content=\"Elfsight ES\" \/>\n<meta property=\"article:modified_time\" content=\"2025-02-06T16:07:05+00:00\" \/>\n<meta name=\"twitter:card\" content=\"summary_large_image\" \/>\n<meta name=\"twitter:label1\" content=\"Tiempo de lectura\" \/>\n\t<meta name=\"twitter:data1\" content=\"3 minutos\" \/>\n<!-- \/ Yoast SEO plugin. -->","yoast_head_json":{"title":"Agregue el widget de banner al sitio web de Elementor. R\u00e1pido y gratis (2025)","description":"Inserte un widget Elementor Banner f\u00e1cil de administrar en su sitio. Utilice la pr\u00e1ctica demostraci\u00f3n de Elfsight y cree su banner en tan solo unos minutos","robots":{"index":"index","follow":"follow","max-snippet":"max-snippet:-1","max-image-preview":"max-image-preview:large","max-video-preview":"max-video-preview:-1"},"canonical":"https:\/\/elfsight.com\/es\/banner-widget\/elementor\/","og_locale":"es_ES","og_type":"article","og_title":"Agregue el widget de banner al sitio web de Elementor. R\u00e1pido y gratis (2025)","og_description":"Inserte un widget Elementor Banner f\u00e1cil de administrar en su sitio. Utilice la pr\u00e1ctica demostraci\u00f3n de Elfsight y cree su banner en tan solo unos minutos","og_url":"https:\/\/elfsight.com\/es\/banner-widget\/elementor\/","og_site_name":"Elfsight ES","article_modified_time":"2025-02-06T16:07:05+00:00","twitter_card":"summary_large_image","twitter_misc":{"Tiempo de lectura":"3 minutos"},"schema":{"@context":"https:\/\/schema.org","@graph":[{"@type":"WebPage","@id":"https:\/\/elfsight.com\/es\/banner-widget\/elementor\/","url":"https:\/\/elfsight.com\/es\/banner-widget\/elementor\/","name":"Agregue el widget de banner al sitio web de Elementor. R\u00e1pido y gratis (2025)","isPartOf":{"@id":"https:\/\/elfsight.com\/es\/#website"},"datePublished":"1970-01-01T00:00:00+00:00","dateModified":"2025-02-06T16:07:05+00:00","description":"Inserte un widget Elementor Banner f\u00e1cil de administrar en su sitio. Utilice la pr\u00e1ctica demostraci\u00f3n de Elfsight y cree su banner en tan solo unos minutos","breadcrumb":{"@id":"https:\/\/elfsight.com\/es\/banner-widget\/elementor\/#breadcrumb"},"inLanguage":"es","potentialAction":[{"@type":"ReadAction","target":["https:\/\/elfsight.com\/es\/banner-widget\/elementor\/"]}]},{"@type":"BreadcrumbList","@id":"https:\/\/elfsight.com\/es\/banner-widget\/elementor\/#breadcrumb","itemListElement":[{"@type":"ListItem","position":1,"name":"Home","item":"https:\/\/elfsight.com\/es\/"},{"@type":"ListItem","position":2,"name":"Banner","item":"https:\/\/elfsight.com\/es\/banner-widget\/"},{"@type":"ListItem","position":3,"name":"Banner &#8211; Elementor"}]},{"@type":"WebSite","@id":"https:\/\/elfsight.com\/es\/#website","url":"https:\/\/elfsight.com\/es\/","name":"Elfsight ES","description":"Just another Elfsight Sites site","potentialAction":[{"@type":"SearchAction","target":{"@type":"EntryPoint","urlTemplate":"https:\/\/elfsight.com\/es\/?s={search_term_string}"},"query-input":{"@type":"PropertyValueSpecification","valueRequired":true,"valueName":"search_term_string"}}],"inLanguage":"es"}]}},"meta_box":{"industry":"","seo_heading":"","heading":"","description":"","cta_heading":"","cta_description":"","application":"1862","h1":"Widget de banner de Elementor","h1_caption":"Cree y muestre banners promocionales en su p\u00e1gina de inicio","application_category":[],"applications_title":"","applications_request_title":"","applications_request_button_text":"","hero_text":"","hero_video":"","hero_video_schema_markup":"","selling_points_title":"","selling_points_caption":"","selling_points":[],"selling_points_cta_text":"","features_title":"","features":"","ed_cta_examples_text":"","ed_cta_examples_hidden":"","ed_cta_demo_text":"","ed_cta_demo_hidden":"","why_caption":"","why_editor_title":"","why_editor_text":"","why_team_title":"","why_team_text":"","why_service_title":"","why_service_text":"","template_catalog_visible":"","template_catalog_title":"","template_catalog_text":"","template_catalog_categories_visible":"","demo_title":"Crea tu widget de banner","demo_caption":"\u00a1Configure su Banner y agr\u00e9guelo a su sitio web de Elementor gratis!","default_faq_hidden":"","app_template_category":[],"platform":"58","template_public_id":"","codecanyon_url":"","codecanyon_item_id":"","codecanyon_price":"","pricing_caption":"","pricing_elfsight_apps_hide_column":"","pricing_elfsight_apps_url":"","pricing_codecanyon_price_caption":"","integration_category":[],"integration_request_title":"","integration_request_cta":"","integration_platform":"","integrations":[],"platform_category":[],"video_schema_markup":"","price":"desde $0 \/ mes","trial":"","benefits":[{"text":"Asistencia de instalaci\u00f3n gratuita"},{"text":"Soporte excepcional"},{"text":"Garant\u00eda de reembolso de 14 d\u00edas"},{"text":"Actualizaciones gratuitas continuas"}],"button_url":"#demo","button_target_blank":"","button_nofollow":"","attributes":[{"name":"Instalaciones","content":"10,000 - 100,000"},{"name":"Sensible","content":"S\u00ed"},{"name":"Navegadores compatibles","content":"Firefox, Safari, Opera, Chrome, Edge"}],"tags":[],"tags_disable_links":"","hide_more_platforms":"","video_object":"","demo_hide_cta":"","demo_hide_cloud_options":"","pricing_title":"","pricing":[{"pricing_icon":"platform","pricing_title":"Elfsight Apps","pricing_title_caption":"Soluci\u00f3n digital multiplataforma","pricing_price":"desde $0 \/ mes","pricing_price_caption":"comienza con un plan gratuito","pricing_benefits":[{"text":"Dominios ilimitados"},{"text":"Atenci\u00f3n al cliente 24 horas al d\u00eda, 7 d\u00edas a la semana y bien documentada."},{"text":"Servicio de instalaci\u00f3n gratuito"},{"text":"Totalmente personalizable"}],"pricing_button_text":"A\u00f1adir al sitio web","pricing_button_url":"#demo"}],"related_apps_title":"","related_apps_hidden":"","author":"","image":[],"title":"","job":"","social_networks":[]},"_links":{"self":[{"href":"https:\/\/elfsight.com\/es\/wp-json\/wp\/v2\/pages\/6203","targetHints":{"allow":["GET"]}}],"collection":[{"href":"https:\/\/elfsight.com\/es\/wp-json\/wp\/v2\/pages"}],"about":[{"href":"https:\/\/elfsight.com\/es\/wp-json\/wp\/v2\/types\/page"}],"author":[{"embeddable":true,"href":"https:\/\/elfsight.com\/es\/wp-json\/wp\/v2\/users\/9"}],"replies":[{"embeddable":true,"href":"https:\/\/elfsight.com\/es\/wp-json\/wp\/v2\/comments?post=6203"}],"version-history":[{"count":2,"href":"https:\/\/elfsight.com\/es\/wp-json\/wp\/v2\/pages\/6203\/revisions"}],"predecessor-version":[{"id":19211,"href":"https:\/\/elfsight.com\/es\/wp-json\/wp\/v2\/pages\/6203\/revisions\/19211"}],"up":[{"embeddable":true,"href":"https:\/\/elfsight.com\/es\/wp-json\/wp\/v2\/pages\/1863"}],"wp:attachment":[{"href":"https:\/\/elfsight.com\/es\/wp-json\/wp\/v2\/media?parent=6203"}],"curies":[{"name":"wp","href":"https:\/\/api.w.org\/{rel}","templated":true}]}}