{"id":6188,"date":"1970-01-01T00:00:00","date_gmt":"1970-01-01T00:00:00","guid":{"rendered":"https:\/\/elfsight.com\/es\/?page_id=6188"},"modified":"2026-01-20T14:51:52","modified_gmt":"2026-01-20T14:51:52","slug":"wix","status":"publish","type":"page","link":"https:\/\/elfsight.com\/es\/button-widget\/wix\/","title":{"rendered":"Button &#8211; Wix"},"content":{"rendered":"<div class=\"application-platform-content-item-description application-platform-content-item\" id=\"description\" data-nav-section=\"description\"> <h2>Descripci\u00f3n<\/h2> <p>The Button es una aplicaci\u00f3n para Wix que te permite crear diferentes botones para diferentes prop\u00f3sitos en tu sitio web. Hay toneladas de acciones que se pueden realizar tan pronto como el visitante de su sitio web hace clic en el bot\u00f3n. Por ejemplo, pueden ser redirigidos a alguna p\u00e1gina de destino, marcar su n\u00famero de tel\u00e9fono, comunicarse a trav\u00e9s de un conocido mensajero y m\u00e1s. El bot\u00f3n es notablemente personalizable: usted es libre de agregar cualquier mensaje, contenido encima y debajo de su bot\u00f3n, y modificar su tama\u00f1o y colores. <\/p> <p><b>Aplica un bot\u00f3n atractivo para mejorar las ventas en tu sitio, atraer m\u00e1s suscriptores en tus cuentas de redes sociales y \u00a1mucho m\u00e1s! <\/b><\/p> <\/div> <div class=\"application-platform-content-item-features application-platform-content-item\" id=\"features\" data-nav-section=\"features\"> <h2>Consulta la lista de las funciones m\u00e1s destacadas: <\/h2> <ul><li>Cambiar colores y fuentes<\/li><li>Dos variaciones de dise\u00f1o de botones: incrustado y flotante<\/li><li>Una opci\u00f3n para agregar contenido alrededor de tu bot\u00f3n<\/li><li>Una etiqueta que puede ocupar 2 l\u00edneas<\/li><li>M\u00e1s de ocho variantes de escenarios despu\u00e9s de un clic<\/li><\/ul><p><a href=\"#demo\">Puedes verificar lo que ofrece la aplicaci\u00f3n probando la demostraci\u00f3n<\/a><\/p> <\/div> <div class=\"application-platform-content-item-installation application-platform-content-item\" id=\"installation\" data-nav-section=\"installation\"> <h2>\u00bfC\u00f3mo puedo agregar un bot\u00f3n en mi sitio web Wix? <\/h2> <div class=\"video-container\">\n<iframe width=\"720\" height=\"405\" src=\"https:\/\/www.youtube.com\/embed\/hX4Ql0zdoFM?si=kvCKFIUmKrwkiAAt\" frameborder=\"0\" allowfullscreen=\"\"><\/iframe>\n<\/div><p>Simplemente siga las instrucciones a continuaci\u00f3n para activar la herramienta. <\/p> <ol><li><b>Abre nuestro configurador gratuito y comienza a darle forma a tu aplicaci\u00f3n personalizada. <\/b><br>Elija el dise\u00f1o seleccionado y las caracter\u00edsticas de la herramienta y aplique las modificaciones. <\/li> <li><b>Copia el c\u00f3digo \u00fanico que se muestra en el cuadro de Elfsight Apps. <\/b><br> Cuando finalice la personalizaci\u00f3n de su herramienta personal, copie el c\u00f3digo personal de la ventana emergente que aparece y gu\u00e1rdelo para futuras necesidades. <\/li> <li><b>Inicia el uso de la aplicaci\u00f3n en tu sitio Wix. <\/b><br> Inserta el c\u00f3digo guardado anteriormente en tu p\u00e1gina web y aplica las correcciones. <\/li> <li><b>La configuraci\u00f3n se realiz\u00f3 exitosamente. <\/b><br>Visite su p\u00e1gina para comprobar el rendimiento de la aplicaci\u00f3n. <\/li><\/ol> <p>Si enfrenta algunas complicaciones, no tema buscar ayuda de nuestro personal de soporte. Nuestra gente est\u00e1 ansiosa por ayudarlo con todos los problemas que pueda tener con el widget. <\/p> <div class=\"faq\" data-component=\"FAQ\"><div class=\"faq-item\">\r\n\t\t\t\t\t<div class=\"faq-item-question\">\r\n\t\t\t\t\t\t<h3 class=\"faq-item-question-text\">\u00bfC\u00f3mo agregar un bot\u00f3n a mi sitio web Wix sin conocimientos de codificaci\u00f3n?<\/h3>\r\n\r\n\t\t\t\t\t\t<div class=\"faq-item-question-icon\"><\/div>\r\n\t\t\t\t\t<\/div>\r\n\r\n\t\t\t\t\t<div class=\"faq-item-answer\">\r\n\t\t\t\t\t\t<div class=\"faq-item-answer-text\"> <p>Elfsight proporciona una soluci\u00f3n SaaS que te permite crear un widget de bot\u00f3n t\u00fa mismo. Mira lo f\u00e1cil que es el proceso: trabaja directamente en el editor en l\u00ednea para crear un widget de bot\u00f3n que te gustar\u00eda ver en tu sitio web Wix. Elija una de las plantillas predise\u00f1adas y ajuste la configuraci\u00f3n del bot\u00f3n, agregue su contenido, cambie el dise\u00f1o y los colores sin conocimientos de codificaci\u00f3n. Guarda el bot\u00f3n y copia su c\u00f3digo de instalaci\u00f3n para que puedas agregarlo a tu sitio web Wix sin necesidad de comprar una versi\u00f3n paga. Con nuestro editor intuitivo, cualquier usuario de Internet puede crear un widget de bot\u00f3n en l\u00ednea e incrustarlo f\u00e1cilmente en su sitio web Wix. No es necesario pagar ni ingresar las credenciales de su tarjeta para acceder al servicio. Si tiene alg\u00fan problema en cualquier paso, no dude en ponerse en contacto con nuestro equipo de soporte t\u00e9cnico.<\/p> <\/div>\r\n\t\t\t\t\t<\/div>\r\n\t\t\t\t<\/div> <\/div><\/div>","protected":false},"excerpt":{"rendered":"","protected":false},"author":9,"featured_media":0,"parent":1881,"menu_order":0,"comment_status":"closed","ping_status":"closed","template":"templates\/template-application-platform.php","meta":{"publish_to_discourse":"","publish_post_category":"","wpdc_auto_publish_overridden":"","wpdc_topic_tags":"","wpdc_pin_topic":"","wpdc_pin_until":"","discourse_post_id":"","discourse_permalink":"","wpdc_publishing_response":"","wpdc_publishing_error":"","footnotes":""},"class_list":["post-6188","page","type-page","status-publish","hentry"],"yoast_head":"<!-- This site is optimized with the Yoast SEO plugin v25.3.1 - https:\/\/yoast.com\/wordpress\/plugins\/seo\/ -->\n<title>Aplicaci\u00f3n de creaci\u00f3n de botones: integrar la aplicaci\u00f3n de botones a Wix ( 2025 )<\/title>\n<meta name=\"description\" content=\"Prueba la nueva aplicaci\u00f3n Elfsight Button para Wix. \u00a1Consigue nuevos seguidores, aumenta las ventas y haz que tu empresa sea a\u00fan m\u00e1s popular aplicando las herramientas de Elfsight!\" \/>\n<meta name=\"robots\" content=\"index, follow, max-snippet:-1, max-image-preview:large, max-video-preview:-1\" \/>\n<link rel=\"canonical\" href=\"https:\/\/elfsight.com\/es\/button-widget\/wix\/\" \/>\n<meta property=\"og:locale\" content=\"es_ES\" \/>\n<meta property=\"og:type\" content=\"article\" \/>\n<meta property=\"og:title\" content=\"Aplicaci\u00f3n de creaci\u00f3n de botones: integrar la aplicaci\u00f3n de botones a Wix ( 2025 )\" \/>\n<meta property=\"og:description\" content=\"Prueba la nueva aplicaci\u00f3n Elfsight Button para Wix. \u00a1Consigue nuevos seguidores, aumenta las ventas y haz que tu empresa sea a\u00fan m\u00e1s popular aplicando las herramientas de Elfsight!\" \/>\n<meta property=\"og:url\" content=\"https:\/\/elfsight.com\/es\/button-widget\/wix\/\" \/>\n<meta property=\"og:site_name\" content=\"Elfsight ES\" \/>\n<meta property=\"article:modified_time\" content=\"2026-01-20T14:51:52+00:00\" \/>\n<meta name=\"twitter:card\" content=\"summary_large_image\" \/>\n<meta name=\"twitter:label1\" content=\"Tiempo de lectura\" \/>\n\t<meta name=\"twitter:data1\" content=\"3 minutos\" \/>\n<!-- \/ Yoast SEO plugin. -->","yoast_head_json":{"title":"Aplicaci\u00f3n de creaci\u00f3n de botones: integrar la aplicaci\u00f3n de botones a Wix ( 2025 )","description":"Prueba la nueva aplicaci\u00f3n Elfsight Button para Wix. \u00a1Consigue nuevos seguidores, aumenta las ventas y haz que tu empresa sea a\u00fan m\u00e1s popular aplicando las herramientas de Elfsight!","robots":{"index":"index","follow":"follow","max-snippet":"max-snippet:-1","max-image-preview":"max-image-preview:large","max-video-preview":"max-video-preview:-1"},"canonical":"https:\/\/elfsight.com\/es\/button-widget\/wix\/","og_locale":"es_ES","og_type":"article","og_title":"Aplicaci\u00f3n de creaci\u00f3n de botones: integrar la aplicaci\u00f3n de botones a Wix ( 2025 )","og_description":"Prueba la nueva aplicaci\u00f3n Elfsight Button para Wix. \u00a1Consigue nuevos seguidores, aumenta las ventas y haz que tu empresa sea a\u00fan m\u00e1s popular aplicando las herramientas de Elfsight!","og_url":"https:\/\/elfsight.com\/es\/button-widget\/wix\/","og_site_name":"Elfsight ES","article_modified_time":"2026-01-20T14:51:52+00:00","twitter_card":"summary_large_image","twitter_misc":{"Tiempo de lectura":"3 minutos"},"schema":{"@context":"https:\/\/schema.org","@graph":[{"@type":"WebPage","@id":"https:\/\/elfsight.com\/es\/button-widget\/wix\/","url":"https:\/\/elfsight.com\/es\/button-widget\/wix\/","name":"Aplicaci\u00f3n de creaci\u00f3n de botones: integrar la aplicaci\u00f3n de botones a Wix ( 2025 )","isPartOf":{"@id":"https:\/\/elfsight.com\/es\/#website"},"datePublished":"1970-01-01T00:00:00+00:00","dateModified":"2026-01-20T14:51:52+00:00","description":"Prueba la nueva aplicaci\u00f3n Elfsight Button para Wix. \u00a1Consigue nuevos seguidores, aumenta las ventas y haz que tu empresa sea a\u00fan m\u00e1s popular aplicando las herramientas de Elfsight!","breadcrumb":{"@id":"https:\/\/elfsight.com\/es\/button-widget\/wix\/#breadcrumb"},"inLanguage":"es","potentialAction":[{"@type":"ReadAction","target":["https:\/\/elfsight.com\/es\/button-widget\/wix\/"]}]},{"@type":"BreadcrumbList","@id":"https:\/\/elfsight.com\/es\/button-widget\/wix\/#breadcrumb","itemListElement":[{"@type":"ListItem","position":1,"name":"Home","item":"https:\/\/elfsight.com\/es\/"},{"@type":"ListItem","position":2,"name":"Button","item":"https:\/\/elfsight.com\/es\/button-widget\/"},{"@type":"ListItem","position":3,"name":"Button &#8211; Wix"}]},{"@type":"WebSite","@id":"https:\/\/elfsight.com\/es\/#website","url":"https:\/\/elfsight.com\/es\/","name":"Elfsight ES","description":"Just another Elfsight Sites site","potentialAction":[{"@type":"SearchAction","target":{"@type":"EntryPoint","urlTemplate":"https:\/\/elfsight.com\/es\/?s={search_term_string}"},"query-input":{"@type":"PropertyValueSpecification","valueRequired":true,"valueName":"search_term_string"}}],"inLanguage":"es"}]}},"meta_box":{"industry":"","seo_heading":"","heading":"","description":"","cta_heading":"","cta_description":"","application":"1880","h1":"Aplicaci\u00f3n Bot\u00f3n Wix","h1_caption":"Lleva a tu audiencia directamente a la acci\u00f3n","application_category":[],"applications_title":"","applications_request_title":"","applications_request_button_text":"","hero_text":"","hero_video":"","hero_video_schema_markup":"","selling_points_title":"","selling_points_caption":"","selling_points":[],"selling_points_cta_text":"","features_title":"","features":"","ed_cta_examples_text":"","ed_cta_examples_hidden":"","ed_cta_demo_text":"","ed_cta_demo_hidden":"","why_caption":"","why_editor_title":"","why_editor_text":"","why_team_title":"","why_team_text":"","why_service_title":"","why_service_text":"","template_catalog_visible":"0","template_catalog_title":"","template_catalog_text":"","template_catalog_categories_visible":"","demo_title":"Crea tu aplicaci\u00f3n de botones","demo_caption":"\u00a1Configura tu Bot\u00f3n y agr\u00e9galo a tu sitio web Wix gratis!","default_faq_hidden":"","app_template_category":[],"platform":"112","template_public_id":"","codecanyon_url":"","codecanyon_item_id":"","codecanyon_price":"","pricing_caption":"","pricing_elfsight_apps_hide_column":"","pricing_elfsight_apps_url":"","pricing_codecanyon_price_caption":"","integration_category":[],"integration_request_title":"","integration_request_cta":"","integration_platform":"","integrations":[],"platform_category":[],"video_schema_markup":"","price":"desde $0 \/ mes","trial":"","benefits":[{"text":"Ayuda de instalaci\u00f3n gratuita"},{"text":"Servicio al cliente eficaz"},{"text":"Garant\u00eda de devoluci\u00f3n de dinero de 14 d\u00edas"},{"text":"Actualizando constantemente"}],"button_url":"#demo","button_target_blank":"0","button_nofollow":"0","attributes":[{"name":"Instalaciones","content":"10,000 - 100,000"},{"name":"Sensible","content":"S\u00ed"},{"name":"Navegadores compatibles","content":"Firefox, Safari, Opera, Chrome, Edge"}],"tags":[],"tags_disable_links":"0","hide_more_platforms":"0","video_object":"","demo_hide_cta":"0","demo_hide_cloud_options":"0","pricing_title":"","pricing":[{"pricing_icon":"platform","pricing_title":"Elfsight Apps","pricing_title_caption":"Versi\u00f3n independiente de la plataforma","pricing_price":"desde $0 \/ mes","pricing_price_caption":"comienza con un plan gratuito","pricing_benefits":[{"text":"Dominios ilimitados"},{"text":"Soporte premium y bien documentado."},{"text":"Ayuda de instalaci\u00f3n gratuita"},{"text":"Totalmente personalizable"}],"pricing_button_text":"A\u00f1adir al sitio web","pricing_button_url":"#demo"}],"related_apps_title":"","related_apps_hidden":"0","author":"","image":[],"title":"","job":"","social_networks":[]},"_links":{"self":[{"href":"https:\/\/elfsight.com\/es\/wp-json\/wp\/v2\/pages\/6188","targetHints":{"allow":["GET"]}}],"collection":[{"href":"https:\/\/elfsight.com\/es\/wp-json\/wp\/v2\/pages"}],"about":[{"href":"https:\/\/elfsight.com\/es\/wp-json\/wp\/v2\/types\/page"}],"author":[{"embeddable":true,"href":"https:\/\/elfsight.com\/es\/wp-json\/wp\/v2\/users\/9"}],"replies":[{"embeddable":true,"href":"https:\/\/elfsight.com\/es\/wp-json\/wp\/v2\/comments?post=6188"}],"version-history":[{"count":3,"href":"https:\/\/elfsight.com\/es\/wp-json\/wp\/v2\/pages\/6188\/revisions"}],"predecessor-version":[{"id":20040,"href":"https:\/\/elfsight.com\/es\/wp-json\/wp\/v2\/pages\/6188\/revisions\/20040"}],"up":[{"embeddable":true,"href":"https:\/\/elfsight.com\/es\/wp-json\/wp\/v2\/pages\/1881"}],"wp:attachment":[{"href":"https:\/\/elfsight.com\/es\/wp-json\/wp\/v2\/media?parent=6188"}],"curies":[{"name":"wp","href":"https:\/\/api.w.org\/{rel}","templated":true}]}}