{"id":6181,"date":"1970-01-01T00:00:00","date_gmt":"1970-01-01T00:00:00","guid":{"rendered":"https:\/\/elfsight.com\/es\/?page_id=6181"},"modified":"2025-02-06T16:07:21","modified_gmt":"2025-02-06T16:07:21","slug":"webflow","status":"publish","type":"page","link":"https:\/\/elfsight.com\/es\/button-widget\/webflow\/","title":{"rendered":"Button &#8211; Webflow"},"content":{"rendered":"<div class=\"application-platform-content-item-description application-platform-content-item\" id=\"description\" data-nav-section=\"description\"> <h2>Insertar bot\u00f3n en Webflow con el widget Elfsight<\/h2> <p>Elfsight Button es un widget para Webflow que le brinda la posibilidad de crear varios botones para diferentes prop\u00f3sitos en su sitio. Hay toneladas de acciones que se pueden realizar tan pronto como el visitante de su sitio web hace clic en el bot\u00f3n. Por ejemplo, pueden enviarse a alg\u00fan sitio web de terceros, marcar alg\u00fan n\u00famero, comunicarse en Messenger popular y m\u00e1s. Nuestro Bot\u00f3n es altamente personalizable: puede utilizar cualquier texto y contenido encima y debajo del bot\u00f3n, y ajustar su tama\u00f1o y colores. <\/p> <p><b>Utilice un bot\u00f3n atractivo para aumentar las ventas en su sitio web, obtener m\u00e1s suscriptores nuevos en cuentas de redes sociales y \u00a1mucho m\u00e1s! <\/b><\/p> <\/div> <div class=\"application-platform-content-item-features application-platform-content-item\" id=\"features\" data-nav-section=\"features\"> <h2>A continuaci\u00f3n encontrar\u00e1 las caracter\u00edsticas fundamentales del widget: <\/h2> <ul><li>Modificar colores y fuentes<\/li><li>Dos variaciones de dise\u00f1o de botones: incrustado y flotante<\/li><li>Una oportunidad para agregar contenido alrededor de su bot\u00f3n<\/li><li>Su puede ocupar 2 l\u00edneas<\/li><li>M\u00e1s de ocho variaciones de escenarios despu\u00e9s de un clic<\/li><\/ul><p><a href=\"#demo\">Simplemente pruebe esta demostraci\u00f3n para ver cu\u00e1nto vale el widget<\/a><\/p> <\/div> <div class=\"application-platform-content-item-installation application-platform-content-item\" id=\"installation\" data-nav-section=\"installation\"> <h2>\u00bfC\u00f3mo puedo insertar el bot\u00f3n en mi sitio Webflow? <\/h2> <p>Simplemente aplique las instrucciones a continuaci\u00f3n para integrar el widget. <\/p> <ol><li><b>Emplea nuestro editor gratuito y comienza a crear tu propio widget. <\/b><br> Encuentre el dise\u00f1o seleccionado y los aspectos del widget y guarde las correcciones. <\/li> <li><b>Reciba su c\u00f3digo personal revelado en el formulario especial en Elfsight Apps. <\/b><br> Una vez finalizada la personalizaci\u00f3n de su herramienta personal, copie el c\u00f3digo individual en la ventana que aparece y gu\u00e1rdelo para futuras ocasiones. <\/li> <li><b>Ingrese al uso del instrumento en el sitio web de Webflow. <\/b><br> A\u00f1ade el c\u00f3digo que has copiado antes en tu p\u00e1gina de inicio y aplica los ajustes. <\/li> <li><b>\u00a1Ya terminaste! La incrustaci\u00f3n se realiza con \u00e9xito. <\/b><br>Visite su sitio para revisar el rendimiento de la herramienta. <\/li><\/ol> <p>Si tienes alg\u00fan problema, no dudes en contactar con nuestro equipo de soporte. Nuestros consultores est\u00e1n ansiosos por resolver todos los problemas que pueda tener con el widget. <\/p> <div class=\"faq\" data-component=\"FAQ\"><div class=\"faq-item\">\r\n\t\t\t\t\t<div class=\"faq-item-question\">\r\n\t\t\t\t\t\t<h3 class=\"faq-item-question-text\">\u00bfC\u00f3mo puedo agregar un bot\u00f3n a mi sitio web Webflow sin conocimientos de codificaci\u00f3n?<\/h3>\r\n\r\n\t\t\t\t\t\t<div class=\"faq-item-question-icon\"><\/div>\r\n\t\t\t\t\t<\/div>\r\n\r\n\t\t\t\t\t<div class=\"faq-item-answer\">\r\n\t\t\t\t\t\t<div class=\"faq-item-answer-text\"> <p>Elfsight proporciona una soluci\u00f3n SaaS que le permite crear un widget de bot\u00f3n usted mismo. Vea lo f\u00e1cil que es el proceso: trabaje directamente en el editor en l\u00ednea para crear un widget de bot\u00f3n que le gustar\u00eda ver en su sitio web de Webflow. Elija una de las plantillas predise\u00f1adas y ajuste la configuraci\u00f3n del bot\u00f3n, agregue su contenido, cambie el dise\u00f1o y los colores sin conocimientos de codificaci\u00f3n. Guarde el bot\u00f3n y copie su c\u00f3digo de instalaci\u00f3n, que puede simplemente agregar en su sitio web Webflow sin necesidad de comprar una versi\u00f3n paga. Con nuestro editor intuitivo, cualquier usuario de Internet puede crear un widget de bot\u00f3n en l\u00ednea e incrustarlo f\u00e1cilmente en su sitio web Webflow. No es necesario pagar ni ingresar las credenciales de su tarjeta para acceder al servicio. Si tiene alg\u00fan problema en cualquier paso, no dude en ponerse en contacto con nuestro equipo de soporte t\u00e9cnico.<\/p> <\/div>\r\n\t\t\t\t\t<\/div>\r\n\t\t\t\t<\/div> <\/div><\/div>","protected":false},"excerpt":{"rendered":"","protected":false},"author":9,"featured_media":0,"parent":1881,"menu_order":0,"comment_status":"closed","ping_status":"closed","template":"templates\/template-application-platform.php","meta":{"publish_to_discourse":"","publish_post_category":"","wpdc_auto_publish_overridden":"","wpdc_topic_tags":"","wpdc_pin_topic":"","wpdc_pin_until":"","discourse_post_id":"","discourse_permalink":"","wpdc_publishing_response":"","wpdc_publishing_error":"","footnotes":""},"class_list":["post-6181","page","type-page","status-publish","hentry"],"yoast_head":"<!-- This site is optimized with the Yoast SEO plugin v25.3.1 - https:\/\/yoast.com\/wordpress\/plugins\/seo\/ -->\n<title>Widget de creaci\u00f3n de botones: agregar widget de bot\u00f3n a Webflow (2025)<\/title>\n<meta name=\"description\" content=\"Utilice el nuevo widget de bot\u00f3n de Elfsight para Webflow. \u00a1Consigue nuevos seguidores, aumenta las ventas y haz que tu negocio sea exitoso con las herramientas de Elfsight!\" \/>\n<meta name=\"robots\" content=\"index, follow, max-snippet:-1, max-image-preview:large, max-video-preview:-1\" \/>\n<link rel=\"canonical\" href=\"https:\/\/elfsight.com\/es\/button-widget\/webflow\/\" \/>\n<meta property=\"og:locale\" content=\"es_ES\" \/>\n<meta property=\"og:type\" content=\"article\" \/>\n<meta property=\"og:title\" content=\"Widget de creaci\u00f3n de botones: agregar widget de bot\u00f3n a Webflow (2025)\" \/>\n<meta property=\"og:description\" content=\"Utilice el nuevo widget de bot\u00f3n de Elfsight para Webflow. \u00a1Consigue nuevos seguidores, aumenta las ventas y haz que tu negocio sea exitoso con las herramientas de Elfsight!\" \/>\n<meta property=\"og:url\" content=\"https:\/\/elfsight.com\/es\/button-widget\/webflow\/\" \/>\n<meta property=\"og:site_name\" content=\"Elfsight ES\" \/>\n<meta property=\"article:modified_time\" content=\"2025-02-06T16:07:21+00:00\" \/>\n<meta name=\"twitter:card\" content=\"summary_large_image\" \/>\n<meta name=\"twitter:label1\" content=\"Tiempo de lectura\" \/>\n\t<meta name=\"twitter:data1\" content=\"3 minutos\" \/>\n<!-- \/ Yoast SEO plugin. -->","yoast_head_json":{"title":"Widget de creaci\u00f3n de botones: agregar widget de bot\u00f3n a Webflow (2025)","description":"Utilice el nuevo widget de bot\u00f3n de Elfsight para Webflow. \u00a1Consigue nuevos seguidores, aumenta las ventas y haz que tu negocio sea exitoso con las herramientas de Elfsight!","robots":{"index":"index","follow":"follow","max-snippet":"max-snippet:-1","max-image-preview":"max-image-preview:large","max-video-preview":"max-video-preview:-1"},"canonical":"https:\/\/elfsight.com\/es\/button-widget\/webflow\/","og_locale":"es_ES","og_type":"article","og_title":"Widget de creaci\u00f3n de botones: agregar widget de bot\u00f3n a Webflow (2025)","og_description":"Utilice el nuevo widget de bot\u00f3n de Elfsight para Webflow. \u00a1Consigue nuevos seguidores, aumenta las ventas y haz que tu negocio sea exitoso con las herramientas de Elfsight!","og_url":"https:\/\/elfsight.com\/es\/button-widget\/webflow\/","og_site_name":"Elfsight ES","article_modified_time":"2025-02-06T16:07:21+00:00","twitter_card":"summary_large_image","twitter_misc":{"Tiempo de lectura":"3 minutos"},"schema":{"@context":"https:\/\/schema.org","@graph":[{"@type":"WebPage","@id":"https:\/\/elfsight.com\/es\/button-widget\/webflow\/","url":"https:\/\/elfsight.com\/es\/button-widget\/webflow\/","name":"Widget de creaci\u00f3n de botones: agregar widget de bot\u00f3n a Webflow (2025)","isPartOf":{"@id":"https:\/\/elfsight.com\/es\/#website"},"datePublished":"1970-01-01T00:00:00+00:00","dateModified":"2025-02-06T16:07:21+00:00","description":"Utilice el nuevo widget de bot\u00f3n de Elfsight para Webflow. \u00a1Consigue nuevos seguidores, aumenta las ventas y haz que tu negocio sea exitoso con las herramientas de Elfsight!","breadcrumb":{"@id":"https:\/\/elfsight.com\/es\/button-widget\/webflow\/#breadcrumb"},"inLanguage":"es","potentialAction":[{"@type":"ReadAction","target":["https:\/\/elfsight.com\/es\/button-widget\/webflow\/"]}]},{"@type":"BreadcrumbList","@id":"https:\/\/elfsight.com\/es\/button-widget\/webflow\/#breadcrumb","itemListElement":[{"@type":"ListItem","position":1,"name":"Home","item":"https:\/\/elfsight.com\/es\/"},{"@type":"ListItem","position":2,"name":"Button","item":"https:\/\/elfsight.com\/es\/button-widget\/"},{"@type":"ListItem","position":3,"name":"Button &#8211; Webflow"}]},{"@type":"WebSite","@id":"https:\/\/elfsight.com\/es\/#website","url":"https:\/\/elfsight.com\/es\/","name":"Elfsight ES","description":"Just another Elfsight Sites site","potentialAction":[{"@type":"SearchAction","target":{"@type":"EntryPoint","urlTemplate":"https:\/\/elfsight.com\/es\/?s={search_term_string}"},"query-input":{"@type":"PropertyValueSpecification","valueRequired":true,"valueName":"search_term_string"}}],"inLanguage":"es"}]}},"meta_box":{"industry":"","seo_heading":"","heading":"","description":"","cta_heading":"","cta_description":"","application":"1880","h1":"Widget de bot\u00f3n de flujo web","h1_caption":"Lleva a tu audiencia directamente a la acci\u00f3n","application_category":[],"applications_title":"","applications_request_title":"","applications_request_button_text":"","hero_text":"","hero_video":"","hero_video_schema_markup":"","selling_points_title":"","selling_points_caption":"","selling_points":[],"selling_points_cta_text":"","features_title":"","features":"","ed_cta_examples_text":"","ed_cta_examples_hidden":"","ed_cta_demo_text":"","ed_cta_demo_hidden":"","why_caption":"","why_editor_title":"","why_editor_text":"","why_team_title":"","why_team_text":"","why_service_title":"","why_service_text":"","template_catalog_visible":"","template_catalog_title":"","template_catalog_text":"","template_catalog_categories_visible":"","demo_title":"Crea tu widget de bot\u00f3n","demo_caption":"\u00a1Configura tu Button y agr\u00e9galo a tu sitio web Webflow gratis!","default_faq_hidden":"","app_template_category":[],"platform":"106","template_public_id":"","codecanyon_url":"","codecanyon_item_id":"","codecanyon_price":"","pricing_caption":"","pricing_elfsight_apps_hide_column":"","pricing_elfsight_apps_url":"","pricing_codecanyon_price_caption":"","integration_category":[],"integration_request_title":"","integration_request_cta":"","integration_platform":"","integrations":[],"platform_category":[],"video_schema_markup":"","price":"desde $0 \/ mes","trial":"","benefits":[{"text":"Servicio de instalaci\u00f3n gratuito"},{"text":"Servicio al cliente profesional"},{"text":"Garant\u00eda de devoluci\u00f3n de dinero de 14 d\u00edas"},{"text":"Mejoras continuas y gratuitas"}],"button_url":"#demo","button_target_blank":"","button_nofollow":"","attributes":[{"name":"Instalaciones","content":"10,000 - 100,000"},{"name":"Sensible","content":"S\u00ed"},{"name":"Navegadores compatibles","content":"Firefox, Safari, Opera, Chrome, Edge"}],"tags":[],"tags_disable_links":"","hide_more_platforms":"","video_object":"","demo_hide_cta":"","demo_hide_cloud_options":"","pricing_title":"","pricing":[{"pricing_icon":"platform","pricing_title":"Elfsight Apps","pricing_title_caption":"Versi\u00f3n independiente de la plataforma que se adapta a cualquier sitio","pricing_price":"desde $0 \/ mes","pricing_price_caption":"comienza con un plan gratuito","pricing_benefits":[{"text":"Sitios web ilimitados"},{"text":"Soporte r\u00e1pido, puntual y bien documentado."},{"text":"Ayuda de instalaci\u00f3n gratuita"},{"text":"Totalmente personalizable"}],"pricing_button_text":"A\u00f1adir al sitio web","pricing_button_url":"#demo"}],"related_apps_title":"","related_apps_hidden":"","author":"","image":[],"title":"","job":"","social_networks":[]},"_links":{"self":[{"href":"https:\/\/elfsight.com\/es\/wp-json\/wp\/v2\/pages\/6181","targetHints":{"allow":["GET"]}}],"collection":[{"href":"https:\/\/elfsight.com\/es\/wp-json\/wp\/v2\/pages"}],"about":[{"href":"https:\/\/elfsight.com\/es\/wp-json\/wp\/v2\/types\/page"}],"author":[{"embeddable":true,"href":"https:\/\/elfsight.com\/es\/wp-json\/wp\/v2\/users\/9"}],"replies":[{"embeddable":true,"href":"https:\/\/elfsight.com\/es\/wp-json\/wp\/v2\/comments?post=6181"}],"version-history":[{"count":2,"href":"https:\/\/elfsight.com\/es\/wp-json\/wp\/v2\/pages\/6181\/revisions"}],"predecessor-version":[{"id":19220,"href":"https:\/\/elfsight.com\/es\/wp-json\/wp\/v2\/pages\/6181\/revisions\/19220"}],"up":[{"embeddable":true,"href":"https:\/\/elfsight.com\/es\/wp-json\/wp\/v2\/pages\/1881"}],"wp:attachment":[{"href":"https:\/\/elfsight.com\/es\/wp-json\/wp\/v2\/media?parent=6181"}],"curies":[{"name":"wp","href":"https:\/\/api.w.org\/{rel}","templated":true}]}}