{"id":6179,"date":"1970-01-01T00:00:00","date_gmt":"1970-01-01T00:00:00","guid":{"rendered":"https:\/\/elfsight.com\/es\/?page_id=6179"},"modified":"2026-01-20T13:17:32","modified_gmt":"2026-01-20T13:17:32","slug":"shopify","status":"publish","type":"page","link":"https:\/\/elfsight.com\/es\/button-widget\/shopify\/","title":{"rendered":"Button &#8211; Shopify"},"content":{"rendered":"<div class=\"application-platform-content-item-description application-platform-content-item\" id=\"description\" data-nav-section=\"description\"> <h2>Insertar bot\u00f3n en Shopify con el widget de Elfsight<\/h2> <p>El bot\u00f3n es una aplicaci\u00f3n para Shopify que te permite crear diferentes botones para m\u00faltiples prop\u00f3sitos en tu sitio web. Hay toneladas de acciones que se pueden realizar despu\u00e9s de que el visitante de su sitio web haga clic en el bot\u00f3n. Por ejemplo, pueden ser redirigidos a alguna p\u00e1gina de destino, marcar alg\u00fan n\u00famero, chatear a trav\u00e9s de un conocido mensajero y m\u00e1s. El bot\u00f3n es altamente personalizable: usted es libre de escribir cualquier texto, contenido encima y debajo del bot\u00f3n, y modificar su tama\u00f1o y colores. <\/p> <p><b>Utilice un bot\u00f3n atractivo para aumentar las ventas en su sitio, obtener m\u00e1s seguidores nuevos en las redes sociales y \u00a1mucho m\u00e1s! <\/b><\/p> <\/div> <div class=\"application-platform-content-item-features application-platform-content-item\" id=\"features\" data-nav-section=\"features\"> <h2>Consulta la lista de las funciones m\u00e1s potentes: <\/h2> <ul><li>Modificar colores y fuentes<\/li><li>2 tipos de dise\u00f1o de botones: incrustado y flotante<\/li><li>Una oportunidad para agregar contenido encima y debajo del bot\u00f3n<\/li><li>Puedes ocupar dos l\u00edneas<\/li><li>M\u00e1s de ocho variantes de acciones despu\u00e9s de un clic<\/li><\/ul><p><a href=\"#demo\">Puedes explorar todas las capacidades del widget en la demostraci\u00f3n de esta p\u00e1gina<\/a><\/p> <\/div> <div class=\"application-platform-content-item-installation application-platform-content-item\" id=\"installation\" data-nav-section=\"installation\"> <h2>\u00bfC\u00f3mo agregar un bot\u00f3n a mi sitio Shopify? <\/h2><div class=\"video-container\">\n<iframe width=\"720\" height=\"405\" src=\"https:\/\/www.youtube.com\/embed\/3xjdd0HxBNo?si=9U-3U6zIM_0F16aO\" frameborder=\"0\" allowfullscreen=\"\"><\/iframe>\n<\/div> <p>Simplemente siga las pautas a continuaci\u00f3n para integrar la aplicaci\u00f3n. <\/p> <ol><li><b>Utiliza nuestro configurador gratuito y empieza a darle forma a tu aplicaci\u00f3n personalizada. <\/b><br> Especifique el aspecto deseable y los rasgos funcionales de la aplicaci\u00f3n y aplique las ediciones. <\/li> <li><b>Reciba el c\u00f3digo personal que aparece en el cuadro de Elfsight Apps. <\/b><br> Una vez realizada la personalizaci\u00f3n de su herramienta, copie el c\u00f3digo exclusivo en la ventana que aparece y gu\u00e1rdelo para ocasiones posteriores. <\/li> <li><b>Comienza a aplicar la aplicaci\u00f3n en tu sitio web de Shopify. <\/b><br> A\u00f1ade el c\u00f3digo que has copiado antes en tu p\u00e1gina y guarda las modificaciones. <\/li> <li><b>\u00a1Listo! La configuraci\u00f3n finaliz\u00f3 exitosamente. <\/b><br>Vaya a su p\u00e1gina web para ver en acci\u00f3n el trabajo de la aplicaci\u00f3n. <\/li><\/ol> <p>Supongamos que tiene algunos problemas, no tema comunicarse con nuestro equipo de soporte. Nuestros asesores estar\u00e1n encantados de ayudarte con todos los problemas que puedas tener con la aplicaci\u00f3n. <\/p> <div class=\"faq\" data-component=\"FAQ\"><div class=\"faq-item\">\r\n\t\t\t\t\t<div class=\"faq-item-question\">\r\n\t\t\t\t\t\t<h3 class=\"faq-item-question-text\">\u00bfC\u00f3mo puedo agregar un bot\u00f3n a mi sitio web de Shopify sin conocimientos de codificaci\u00f3n?<\/h3>\r\n\r\n\t\t\t\t\t\t<div class=\"faq-item-question-icon\"><\/div>\r\n\t\t\t\t\t<\/div>\r\n\r\n\t\t\t\t\t<div class=\"faq-item-answer\">\r\n\t\t\t\t\t\t<div class=\"faq-item-answer-text\"> <p>Elfsight proporciona una soluci\u00f3n SaaS que te permite crear un widget de bot\u00f3n t\u00fa mismo. Mira lo f\u00e1cil que es el proceso: trabaja directamente en el editor en l\u00ednea para crear un widget de bot\u00f3n que te gustar\u00eda ver en tu sitio web de Shopify. Elija una de las plantillas predise\u00f1adas y ajuste la configuraci\u00f3n del bot\u00f3n, agregue su contenido, cambie el dise\u00f1o y los colores sin conocimientos de codificaci\u00f3n. Guarda el bot\u00f3n y copia su c\u00f3digo de instalaci\u00f3n para que puedas agregarlo f\u00e1cilmente a tu sitio web de Shopify sin necesidad de comprar un plan pago. Con nuestro editor intuitivo, cualquier usuario de Internet puede crear un widget de bot\u00f3n en l\u00ednea e incrustarlo f\u00e1cilmente en su sitio web Shopify. No es necesario pagar ni ingresar las credenciales de su tarjeta para acceder al servicio. Si tiene alg\u00fan problema en cualquier paso, no dude en ponerse en contacto con nuestro equipo de soporte t\u00e9cnico.<\/p> <\/div>\r\n\t\t\t\t\t<\/div>\r\n\t\t\t\t<\/div> <\/div><\/div><p><\/p>","protected":false},"excerpt":{"rendered":"","protected":false},"author":9,"featured_media":0,"parent":1881,"menu_order":0,"comment_status":"closed","ping_status":"closed","template":"templates\/template-application-platform.php","meta":{"publish_to_discourse":"","publish_post_category":"","wpdc_auto_publish_overridden":"","wpdc_topic_tags":"","wpdc_pin_topic":"","wpdc_pin_until":"","discourse_post_id":"","discourse_permalink":"","wpdc_publishing_response":"","wpdc_publishing_error":"","footnotes":""},"class_list":["post-6179","page","type-page","status-publish","hentry"],"yoast_head":"<!-- This site is optimized with the Yoast SEO plugin v25.3.1 - https:\/\/yoast.com\/wordpress\/plugins\/seo\/ -->\n<title>Widget de aplicaci\u00f3n de bot\u00f3n: insertar widget de aplicaci\u00f3n en Shopify ( 2025 )<\/title>\n<meta name=\"description\" content=\"Pruebe la aplicaci\u00f3n Elfsight Button para Shopify. \u00a1Adquiera m\u00e1s suscriptores, aumente las ventas y haga que su negocio sea a\u00fan m\u00e1s popular aplicando las herramientas de Elfsight!\" \/>\n<meta name=\"robots\" content=\"index, follow, max-snippet:-1, max-image-preview:large, max-video-preview:-1\" \/>\n<link rel=\"canonical\" href=\"https:\/\/elfsight.com\/es\/button-widget\/shopify\/\" \/>\n<meta property=\"og:locale\" content=\"es_ES\" \/>\n<meta property=\"og:type\" content=\"article\" \/>\n<meta property=\"og:title\" content=\"Widget de aplicaci\u00f3n de bot\u00f3n: insertar widget de aplicaci\u00f3n en Shopify ( 2025 )\" \/>\n<meta property=\"og:description\" content=\"Pruebe la aplicaci\u00f3n Elfsight Button para Shopify. \u00a1Adquiera m\u00e1s suscriptores, aumente las ventas y haga que su negocio sea a\u00fan m\u00e1s popular aplicando las herramientas de Elfsight!\" \/>\n<meta property=\"og:url\" content=\"https:\/\/elfsight.com\/es\/button-widget\/shopify\/\" \/>\n<meta property=\"og:site_name\" content=\"Elfsight ES\" \/>\n<meta property=\"article:modified_time\" content=\"2026-01-20T13:17:32+00:00\" \/>\n<meta name=\"twitter:card\" content=\"summary_large_image\" \/>\n<meta name=\"twitter:label1\" content=\"Tiempo de lectura\" \/>\n\t<meta name=\"twitter:data1\" content=\"3 minutos\" \/>\n<!-- \/ Yoast SEO plugin. -->","yoast_head_json":{"title":"Widget de aplicaci\u00f3n de bot\u00f3n: insertar widget de aplicaci\u00f3n en Shopify ( 2025 )","description":"Pruebe la aplicaci\u00f3n Elfsight Button para Shopify. \u00a1Adquiera m\u00e1s suscriptores, aumente las ventas y haga que su negocio sea a\u00fan m\u00e1s popular aplicando las herramientas de Elfsight!","robots":{"index":"index","follow":"follow","max-snippet":"max-snippet:-1","max-image-preview":"max-image-preview:large","max-video-preview":"max-video-preview:-1"},"canonical":"https:\/\/elfsight.com\/es\/button-widget\/shopify\/","og_locale":"es_ES","og_type":"article","og_title":"Widget de aplicaci\u00f3n de bot\u00f3n: insertar widget de aplicaci\u00f3n en Shopify ( 2025 )","og_description":"Pruebe la aplicaci\u00f3n Elfsight Button para Shopify. \u00a1Adquiera m\u00e1s suscriptores, aumente las ventas y haga que su negocio sea a\u00fan m\u00e1s popular aplicando las herramientas de Elfsight!","og_url":"https:\/\/elfsight.com\/es\/button-widget\/shopify\/","og_site_name":"Elfsight ES","article_modified_time":"2026-01-20T13:17:32+00:00","twitter_card":"summary_large_image","twitter_misc":{"Tiempo de lectura":"3 minutos"},"schema":{"@context":"https:\/\/schema.org","@graph":[{"@type":"WebPage","@id":"https:\/\/elfsight.com\/es\/button-widget\/shopify\/","url":"https:\/\/elfsight.com\/es\/button-widget\/shopify\/","name":"Widget de aplicaci\u00f3n de bot\u00f3n: insertar widget de aplicaci\u00f3n en Shopify ( 2025 )","isPartOf":{"@id":"https:\/\/elfsight.com\/es\/#website"},"datePublished":"1970-01-01T00:00:00+00:00","dateModified":"2026-01-20T13:17:32+00:00","description":"Pruebe la aplicaci\u00f3n Elfsight Button para Shopify. \u00a1Adquiera m\u00e1s suscriptores, aumente las ventas y haga que su negocio sea a\u00fan m\u00e1s popular aplicando las herramientas de Elfsight!","breadcrumb":{"@id":"https:\/\/elfsight.com\/es\/button-widget\/shopify\/#breadcrumb"},"inLanguage":"es","potentialAction":[{"@type":"ReadAction","target":["https:\/\/elfsight.com\/es\/button-widget\/shopify\/"]}]},{"@type":"BreadcrumbList","@id":"https:\/\/elfsight.com\/es\/button-widget\/shopify\/#breadcrumb","itemListElement":[{"@type":"ListItem","position":1,"name":"Home","item":"https:\/\/elfsight.com\/es\/"},{"@type":"ListItem","position":2,"name":"Button","item":"https:\/\/elfsight.com\/es\/button-widget\/"},{"@type":"ListItem","position":3,"name":"Button &#8211; Shopify"}]},{"@type":"WebSite","@id":"https:\/\/elfsight.com\/es\/#website","url":"https:\/\/elfsight.com\/es\/","name":"Elfsight ES","description":"Just another Elfsight Sites site","potentialAction":[{"@type":"SearchAction","target":{"@type":"EntryPoint","urlTemplate":"https:\/\/elfsight.com\/es\/?s={search_term_string}"},"query-input":{"@type":"PropertyValueSpecification","valueRequired":true,"valueName":"search_term_string"}}],"inLanguage":"es"}]}},"meta_box":{"industry":"","seo_heading":"","heading":"","description":"","cta_heading":"","cta_description":"","application":"1880","h1":"Aplicaci\u00f3n Bot\u00f3n Shopify","h1_caption":"Lleva a tu audiencia directamente a la acci\u00f3n","application_category":[],"applications_title":"","applications_request_title":"","applications_request_button_text":"","hero_text":"","hero_video":"","hero_video_schema_markup":"","selling_points_title":"","selling_points_caption":"","selling_points":[],"selling_points_cta_text":"","features_title":"","features":"","ed_cta_examples_text":"","ed_cta_examples_hidden":"","ed_cta_demo_text":"","ed_cta_demo_hidden":"","why_caption":"","why_editor_title":"","why_editor_text":"","why_team_title":"","why_team_text":"","why_service_title":"","why_service_text":"","template_catalog_visible":"0","template_catalog_title":"","template_catalog_text":"","template_catalog_categories_visible":"","demo_title":"Crea tu aplicaci\u00f3n de botones","demo_caption":"\u00a1Configura tu Bot\u00f3n y agr\u00e9galo a tu sitio web Shopify gratis!","default_faq_hidden":"","app_template_category":[],"platform":"91","template_public_id":"","codecanyon_url":"","codecanyon_item_id":"","codecanyon_price":"","pricing_caption":"","pricing_elfsight_apps_hide_column":"","pricing_elfsight_apps_url":"","pricing_codecanyon_price_caption":"","integration_category":[],"integration_request_title":"","integration_request_cta":"","integration_platform":"","integrations":[],"platform_category":[],"video_schema_markup":"","price":"desde $0 \/ mes","trial":"","benefits":[{"text":"Ayuda de instalaci\u00f3n gratuita"},{"text":"Servicio al cliente profesional"},{"text":"Garant\u00eda de devoluci\u00f3n de dinero de 14 d\u00edas"},{"text":"Mejoras gratuitas de por vida"}],"button_url":"#demo","button_target_blank":"0","button_nofollow":"0","attributes":[{"name":"Instalaciones","content":"10,000 - 100,000"},{"name":"Sensible","content":"S\u00ed"},{"name":"Navegadores compatibles","content":"Firefox, Safari, Opera, Chrome, Edge"}],"tags":[],"tags_disable_links":"0","hide_more_platforms":"0","video_object":"","demo_hide_cta":"0","demo_hide_cloud_options":"0","pricing_title":"","pricing":[{"pricing_icon":"platform","pricing_title":"Elfsight Apps","pricing_title_caption":"Soluci\u00f3n digital multiplataforma que funciona en cualquier sitio","pricing_price":"desde $0 \/ mes","pricing_price_caption":"comienza con un plan gratuito","pricing_benefits":[{"text":"Dominios ilimitados"},{"text":"Soporte gratuito"},{"text":"Asistencia de instalaci\u00f3n gratuita"},{"text":"100% personalizable"}],"pricing_button_text":"A\u00f1adir al sitio web","pricing_button_url":"#demo"}],"related_apps_title":"","related_apps_hidden":"0","author":"","image":[],"title":"","job":"","social_networks":[]},"_links":{"self":[{"href":"https:\/\/elfsight.com\/es\/wp-json\/wp\/v2\/pages\/6179","targetHints":{"allow":["GET"]}}],"collection":[{"href":"https:\/\/elfsight.com\/es\/wp-json\/wp\/v2\/pages"}],"about":[{"href":"https:\/\/elfsight.com\/es\/wp-json\/wp\/v2\/types\/page"}],"author":[{"embeddable":true,"href":"https:\/\/elfsight.com\/es\/wp-json\/wp\/v2\/users\/9"}],"replies":[{"embeddable":true,"href":"https:\/\/elfsight.com\/es\/wp-json\/wp\/v2\/comments?post=6179"}],"version-history":[{"count":3,"href":"https:\/\/elfsight.com\/es\/wp-json\/wp\/v2\/pages\/6179\/revisions"}],"predecessor-version":[{"id":20037,"href":"https:\/\/elfsight.com\/es\/wp-json\/wp\/v2\/pages\/6179\/revisions\/20037"}],"up":[{"embeddable":true,"href":"https:\/\/elfsight.com\/es\/wp-json\/wp\/v2\/pages\/1881"}],"wp:attachment":[{"href":"https:\/\/elfsight.com\/es\/wp-json\/wp\/v2\/media?parent=6179"}],"curies":[{"name":"wp","href":"https:\/\/api.w.org\/{rel}","templated":true}]}}