{"id":6178,"date":"1970-01-01T00:00:00","date_gmt":"1970-01-01T00:00:00","guid":{"rendered":"https:\/\/elfsight.com\/es\/?page_id=6178"},"modified":"2025-02-06T16:07:29","modified_gmt":"2025-02-06T16:07:29","slug":"prestashop","status":"publish","type":"page","link":"https:\/\/elfsight.com\/es\/button-widget\/prestashop\/","title":{"rendered":"Button &#8211; PrestaShop"},"content":{"rendered":"<div class=\"application-platform-content-item-description application-platform-content-item\" id=\"description\" data-nav-section=\"description\"> <h2>Descripci\u00f3n<\/h2> <p>El Bot\u00f3n es una herramienta para Prestashop que le permite crear diferentes botones para numerosos prop\u00f3sitos en su sitio web. Hay muchas acciones que se pueden realizar tan pronto como un usuario hace clic en el bot\u00f3n. Por ejemplo, pueden ser redirigidos a alguna p\u00e1gina de destino, marcar su n\u00famero de tel\u00e9fono, comunicarse en un mensajero conocido y m\u00e1s. Nuestro bot\u00f3n es extremadamente personalizable: puede utilizar cualquier mensaje, contenido alrededor de su bot\u00f3n y modificar su tama\u00f1o y estilo. <\/p> <p><b>Utilice un bot\u00f3n atractivo para aumentar las ventas en su sitio web, atraer m\u00e1s seguidores nuevos en cuentas de redes sociales y \u00a1mucho m\u00e1s! <\/b><\/p> <\/div> <div class=\"application-platform-content-item-features application-platform-content-item\" id=\"features\" data-nav-section=\"features\"> <h2>Estas son solo algunas de las poderosas caracter\u00edsticas del complemento: <\/h2> &lt;<ul><li>Dos tipos de posicionamiento de botones: flotante e incrustado<\/li><li>Una posibilidad de agregar contenido alrededor de su bot\u00f3n<\/li><li>Una etiqueta que puede tomar dos l\u00edneas<\/li><li>M\u00e1s de 8 variaciones de acciones despu\u00e9s de un clic<\/li><\/ul><p><a href=\"#demo\">Explore todas las opciones de personalizaci\u00f3n en una demostraci\u00f3n 100% funcional<\/a><\/p> <\/div> <div class=\"application-platform-content-item-installation application-platform-content-item\" id=\"installation\" data-nav-section=\"installation\"> <h2>\u00bfC\u00f3mo incrusto Button en mi p\u00e1gina web de PrestaShop? <\/h2> <p>Simplemente siga las pautas a continuaci\u00f3n para integrar la herramienta. <\/p> <ol><li><b>Utilice nuestro editor gratuito y comience a darle forma a su instrumento personalizado. <\/b><br> Determine el dise\u00f1o y la funcionalidad preferidos de la herramienta y guarde las correcciones. <\/li> <li><b>Obtenga el c\u00f3digo personal que aparece en el cuadro de Elfsight Apps. <\/b><br> Tan pronto como finalice la configuraci\u00f3n de su herramienta personal, copie el c\u00f3digo exclusivo en la ventana emergente que aparece y gu\u00e1rdelo para usarlo en el futuro. <\/li> <li><b>Comience a utilizar el complemento en su p\u00e1gina web PrestaShop. <\/b><br> Ingrese el c\u00f3digo que guard\u00f3 recientemente en su p\u00e1gina de inicio y aplique las modificaciones. <\/li> <li><b>La configuraci\u00f3n se realiz\u00f3 exitosamente. <\/b><br> Vaya a su p\u00e1gina web para ver c\u00f3mo funciona el widget. <\/li><\/ol> <p>Si tienes dudas o te enfrentas a algunos obst\u00e1culos, no dudes en ponerte en contacto con nuestro equipo de soporte. Nuestros especialistas esperan resolver todas las dificultades que pueda tener con el complemento. <\/p> <div class=\"faq\" data-component=\"FAQ\"><div class=\"faq-item\">\r\n\t\t\t\t\t<div class=\"faq-item-question\">\r\n\t\t\t\t\t\t<h3 class=\"faq-item-question-text\">\u00bfC\u00f3mo agregar un bot\u00f3n a mi sitio web PrestaShop sin conocimientos de codificaci\u00f3n?<\/h3>\r\n\r\n\t\t\t\t\t\t<div class=\"faq-item-question-icon\"><\/div>\r\n\t\t\t\t\t<\/div>\r\n\r\n\t\t\t\t\t<div class=\"faq-item-answer\">\r\n\t\t\t\t\t\t<div class=\"faq-item-answer-text\"> <p>Elfsight proporciona una soluci\u00f3n SaaS que le permite crear un widget de bot\u00f3n usted mismo. Vea lo f\u00e1cil que es el proceso: trabaje directamente en el editor en l\u00ednea para crear un widget de bot\u00f3n que le gustar\u00eda ver en su sitio web de PrestaShop. Elija una de las plantillas predise\u00f1adas y ajuste la configuraci\u00f3n del bot\u00f3n, agregue su contenido, cambie el dise\u00f1o y los colores sin conocimientos de codificaci\u00f3n. Guarde el bot\u00f3n y copie su c\u00f3digo de instalaci\u00f3n, que podr\u00e1 pegar f\u00e1cilmente en su sitio web PrestaShop sin necesidad de comprar una suscripci\u00f3n paga. Con nuestro editor intuitivo, cualquier usuario de Internet puede crear un widget de bot\u00f3n en l\u00ednea e incrustarlo f\u00e1cilmente en su sitio web PrestaShop. No es necesario pagar ni ingresar las credenciales de su tarjeta para acceder al servicio. Si tiene alg\u00fan problema en cualquier paso, no dude en ponerse en contacto con nuestro equipo de soporte t\u00e9cnico.<\/p> <\/div>\r\n\t\t\t\t\t<\/div>\r\n\t\t\t\t<\/div> <\/div><\/div>","protected":false},"excerpt":{"rendered":"","protected":false},"author":9,"featured_media":0,"parent":1881,"menu_order":0,"comment_status":"closed","ping_status":"closed","template":"templates\/template-application-platform.php","meta":{"publish_to_discourse":"","publish_post_category":"","wpdc_auto_publish_overridden":"","wpdc_topic_tags":"","wpdc_pin_topic":"","wpdc_pin_until":"","discourse_post_id":"","discourse_permalink":"","wpdc_publishing_response":"","wpdc_publishing_error":"","footnotes":""},"class_list":["post-6178","page","type-page","status-publish","hentry"],"yoast_head":"<!-- This site is optimized with the Yoast SEO plugin v25.3.1 - https:\/\/yoast.com\/wordpress\/plugins\/seo\/ -->\n<title>Complemento de creaci\u00f3n de botones: agregar complemento de bot\u00f3n a PrestaShop (2025)<\/title>\n<meta name=\"description\" content=\"Complemento de bot\u00f3n de prueba para PrestaShop. \u00a1Adquiera nuevos seguidores, aumente las ventas y haga que su negocio sea exitoso con la ayuda de las herramientas de Elfsight!\" \/>\n<meta name=\"robots\" content=\"index, follow, max-snippet:-1, max-image-preview:large, max-video-preview:-1\" \/>\n<link rel=\"canonical\" href=\"https:\/\/elfsight.com\/es\/button-widget\/prestashop\/\" \/>\n<meta property=\"og:locale\" content=\"es_ES\" \/>\n<meta property=\"og:type\" content=\"article\" \/>\n<meta property=\"og:title\" content=\"Complemento de creaci\u00f3n de botones: agregar complemento de bot\u00f3n a PrestaShop (2025)\" \/>\n<meta property=\"og:description\" content=\"Complemento de bot\u00f3n de prueba para PrestaShop. \u00a1Adquiera nuevos seguidores, aumente las ventas y haga que su negocio sea exitoso con la ayuda de las herramientas de Elfsight!\" \/>\n<meta property=\"og:url\" content=\"https:\/\/elfsight.com\/es\/button-widget\/prestashop\/\" \/>\n<meta property=\"og:site_name\" content=\"Elfsight ES\" \/>\n<meta property=\"article:modified_time\" content=\"2025-02-06T16:07:29+00:00\" \/>\n<meta name=\"twitter:card\" content=\"summary_large_image\" \/>\n<meta name=\"twitter:label1\" content=\"Tiempo de lectura\" \/>\n\t<meta name=\"twitter:data1\" content=\"3 minutos\" \/>\n<!-- \/ Yoast SEO plugin. -->","yoast_head_json":{"title":"Complemento de creaci\u00f3n de botones: agregar complemento de bot\u00f3n a PrestaShop (2025)","description":"Complemento de bot\u00f3n de prueba para PrestaShop. \u00a1Adquiera nuevos seguidores, aumente las ventas y haga que su negocio sea exitoso con la ayuda de las herramientas de Elfsight!","robots":{"index":"index","follow":"follow","max-snippet":"max-snippet:-1","max-image-preview":"max-image-preview:large","max-video-preview":"max-video-preview:-1"},"canonical":"https:\/\/elfsight.com\/es\/button-widget\/prestashop\/","og_locale":"es_ES","og_type":"article","og_title":"Complemento de creaci\u00f3n de botones: agregar complemento de bot\u00f3n a PrestaShop (2025)","og_description":"Complemento de bot\u00f3n de prueba para PrestaShop. \u00a1Adquiera nuevos seguidores, aumente las ventas y haga que su negocio sea exitoso con la ayuda de las herramientas de Elfsight!","og_url":"https:\/\/elfsight.com\/es\/button-widget\/prestashop\/","og_site_name":"Elfsight ES","article_modified_time":"2025-02-06T16:07:29+00:00","twitter_card":"summary_large_image","twitter_misc":{"Tiempo de lectura":"3 minutos"},"schema":{"@context":"https:\/\/schema.org","@graph":[{"@type":"WebPage","@id":"https:\/\/elfsight.com\/es\/button-widget\/prestashop\/","url":"https:\/\/elfsight.com\/es\/button-widget\/prestashop\/","name":"Complemento de creaci\u00f3n de botones: agregar complemento de bot\u00f3n a PrestaShop (2025)","isPartOf":{"@id":"https:\/\/elfsight.com\/es\/#website"},"datePublished":"1970-01-01T00:00:00+00:00","dateModified":"2025-02-06T16:07:29+00:00","description":"Complemento de bot\u00f3n de prueba para PrestaShop. \u00a1Adquiera nuevos seguidores, aumente las ventas y haga que su negocio sea exitoso con la ayuda de las herramientas de Elfsight!","breadcrumb":{"@id":"https:\/\/elfsight.com\/es\/button-widget\/prestashop\/#breadcrumb"},"inLanguage":"es","potentialAction":[{"@type":"ReadAction","target":["https:\/\/elfsight.com\/es\/button-widget\/prestashop\/"]}]},{"@type":"BreadcrumbList","@id":"https:\/\/elfsight.com\/es\/button-widget\/prestashop\/#breadcrumb","itemListElement":[{"@type":"ListItem","position":1,"name":"Home","item":"https:\/\/elfsight.com\/es\/"},{"@type":"ListItem","position":2,"name":"Button","item":"https:\/\/elfsight.com\/es\/button-widget\/"},{"@type":"ListItem","position":3,"name":"Button &#8211; PrestaShop"}]},{"@type":"WebSite","@id":"https:\/\/elfsight.com\/es\/#website","url":"https:\/\/elfsight.com\/es\/","name":"Elfsight ES","description":"Just another Elfsight Sites site","potentialAction":[{"@type":"SearchAction","target":{"@type":"EntryPoint","urlTemplate":"https:\/\/elfsight.com\/es\/?s={search_term_string}"},"query-input":{"@type":"PropertyValueSpecification","valueRequired":true,"valueName":"search_term_string"}}],"inLanguage":"es"}]}},"meta_box":{"industry":"","seo_heading":"","heading":"","description":"","cta_heading":"","cta_description":"","application":"1880","h1":"Complemento de bot\u00f3n PrestaShop","h1_caption":"Lleva a tu audiencia directamente a la acci\u00f3n","application_category":[],"applications_title":"","applications_request_title":"","applications_request_button_text":"","hero_text":"","hero_video":"","hero_video_schema_markup":"","selling_points_title":"","selling_points_caption":"","selling_points":[],"selling_points_cta_text":"","features_title":"","features":"","ed_cta_examples_text":"","ed_cta_examples_hidden":"","ed_cta_demo_text":"","ed_cta_demo_hidden":"","why_caption":"","why_editor_title":"","why_editor_text":"","why_team_title":"","why_team_text":"","why_service_title":"","why_service_text":"","template_catalog_visible":"","template_catalog_title":"","template_catalog_text":"","template_catalog_categories_visible":"","demo_title":"Crea tu complemento de bot\u00f3n","demo_caption":"\u00a1Configura tu Button y a\u00f1\u00e1delo a tu sitio web PrestaShop gratis!","default_faq_hidden":"","app_template_category":[],"platform":"2250","template_public_id":"","codecanyon_url":"","codecanyon_item_id":"","codecanyon_price":"","pricing_caption":"","pricing_elfsight_apps_hide_column":"","pricing_elfsight_apps_url":"","pricing_codecanyon_price_caption":"","integration_category":[],"integration_request_title":"","integration_request_cta":"","integration_platform":"","integrations":[],"platform_category":[],"video_schema_markup":"","price":"desde $0 \/ mes","trial":"","benefits":[{"text":"Servicio de instalaci\u00f3n gratuito"},{"text":"Servicio al cliente profesional"},{"text":"Garant\u00eda de devoluci\u00f3n de dinero de 14 d\u00edas"},{"text":"Mejoras futuras"}],"button_url":"#demo","button_target_blank":"","button_nofollow":"","attributes":[{"name":"Instalaciones","content":"10,000 - 100,000"},{"name":"Sensible","content":"S\u00ed"},{"name":"Navegadores compatibles","content":"Firefox, Safari, Opera, Chrome, Edge"}],"tags":[],"tags_disable_links":"","hide_more_platforms":"","video_object":"","demo_hide_cta":"","demo_hide_cloud_options":"","pricing_title":"","pricing":[{"pricing_icon":"platform","pricing_title":"Elfsight Apps","pricing_title_caption":"Software multiplataforma","pricing_price":"desde $0 \/ mes","pricing_price_caption":"comienza con un plan gratuito","pricing_benefits":[{"text":"Sitios web ilimitados"},{"text":"Soporte 24 horas al d\u00eda, 7 d\u00edas a la semana, puntual y bien documentado."},{"text":"Ayuda de instalaci\u00f3n gratuita"},{"text":"Totalmente personalizable"}],"pricing_button_text":"A\u00f1adir al sitio web","pricing_button_url":"#demo"}],"related_apps_title":"","related_apps_hidden":"","author":"","image":[],"title":"","job":"","social_networks":[]},"_links":{"self":[{"href":"https:\/\/elfsight.com\/es\/wp-json\/wp\/v2\/pages\/6178","targetHints":{"allow":["GET"]}}],"collection":[{"href":"https:\/\/elfsight.com\/es\/wp-json\/wp\/v2\/pages"}],"about":[{"href":"https:\/\/elfsight.com\/es\/wp-json\/wp\/v2\/types\/page"}],"author":[{"embeddable":true,"href":"https:\/\/elfsight.com\/es\/wp-json\/wp\/v2\/users\/9"}],"replies":[{"embeddable":true,"href":"https:\/\/elfsight.com\/es\/wp-json\/wp\/v2\/comments?post=6178"}],"version-history":[{"count":2,"href":"https:\/\/elfsight.com\/es\/wp-json\/wp\/v2\/pages\/6178\/revisions"}],"predecessor-version":[{"id":19223,"href":"https:\/\/elfsight.com\/es\/wp-json\/wp\/v2\/pages\/6178\/revisions\/19223"}],"up":[{"embeddable":true,"href":"https:\/\/elfsight.com\/es\/wp-json\/wp\/v2\/pages\/1881"}],"wp:attachment":[{"href":"https:\/\/elfsight.com\/es\/wp-json\/wp\/v2\/media?parent=6178"}],"curies":[{"name":"wp","href":"https:\/\/api.w.org\/{rel}","templated":true}]}}