{"id":6165,"date":"1970-01-01T00:00:00","date_gmt":"1970-01-01T00:00:00","guid":{"rendered":"https:\/\/elfsight.com\/es\/?page_id=6165"},"modified":"2025-02-06T16:07:37","modified_gmt":"2025-02-06T16:07:37","slug":"jquery","status":"publish","type":"page","link":"https:\/\/elfsight.com\/es\/button-widget\/jquery\/","title":{"rendered":"Button &#8211; jQuery"},"content":{"rendered":"<div class=\"application-platform-content-item-description application-platform-content-item\" id=\"description\" data-nav-section=\"description\"> <h2>Descripci\u00f3n<\/h2> <p>Elfsight Button es un complemento para jQuery que le brinda la posibilidad de crear varios botones para m\u00faltiples objetivos en su sitio web. Hay toneladas de acciones que se pueden realizar despu\u00e9s de que el visitante de su sitio web haga clic en el bot\u00f3n. Por ejemplo, pueden ser redirigidos a alg\u00fan sitio web de terceros, marcar alg\u00fan n\u00famero, comunicarse en el popular Messenger y m\u00e1s. El bot\u00f3n es altamente personalizable: usted es libre de agregar cualquier mensaje, contenido alrededor del bot\u00f3n y ajustar su tama\u00f1o y estilo. <\/p> <p><b>Aplica un bot\u00f3n atractivo para aumentar las ventas en tu sitio web, atraer m\u00e1s seguidores nuevos en tus cuentas de redes sociales y \u00a1mucho m\u00e1s! <\/b><\/p> <\/div> <div class=\"application-platform-content-item-features application-platform-content-item\" id=\"features\" data-nav-section=\"features\"> <h2>Estas son solo algunas de las valiosas funciones del widget: <\/h2> <ul><li>Alterar colores y fuentes<\/li><li>2 tipos de dise\u00f1o de botones: incrustado y flotante<\/li><li>Una opci\u00f3n para agregar contenido alrededor de su bot\u00f3n<\/li><li>Puede ocupar dos l\u00edneas<\/li><li>M\u00e1s de ocho variaciones de escenarios despu\u00e9s de un clic<\/li><\/ul><p><a href=\"#demo\">Explore todas las opciones de personalizaci\u00f3n en una demostraci\u00f3n completamente funcional<\/a><\/p> <\/div> <div class=\"application-platform-content-item-installation application-platform-content-item\" id=\"installation\" data-nav-section=\"installation\"> <h2>\u00bfC\u00f3mo agrego Button a mi sitio web jQuery? <\/h2> <p>Simplemente siga los pasos que se indican a continuaci\u00f3n para insertar el complemento. <\/p> <ol><li><b>Utilice nuestro configurador gratuito y comience a darle forma a su complemento personalizado. <\/b><br> Especifique el aspecto y las caracter\u00edsticas adecuadas de la herramienta y guarde las modificaciones. <\/li> <li><b>Adquiera el c\u00f3digo personal expuesto en el cuadro de Elfsight Apps. <\/b><br> Una vez realizada la personalizaci\u00f3n de su herramienta, copie el c\u00f3digo personal de la ventana que aparece y gu\u00e1rdelo para futuras ocasiones. <\/li> <li><b>Inicie la aplicaci\u00f3n del complemento en su sitio web jQuery. <\/b><br> Inserta el c\u00f3digo que has copiado antes en tu p\u00e1gina de inicio y aplica las modificaciones. <\/li> <li><b>\u00a1Listo! La integraci\u00f3n se logra con \u00e9xito. <\/b><br>Visite su sitio web para ver c\u00f3mo funciona la herramienta. <\/li><\/ol> <p>En caso de tener consultas o tener alg\u00fan problema, no dude en buscar ayuda de nuestro equipo de atenci\u00f3n al cliente. Nuestros especialistas estar\u00e1n encantados de ayudarle con todos los problemas que pueda tener con el widget. <\/p> <div class=\"faq\" data-component=\"FAQ\"><div class=\"faq-item\">\r\n\t\t\t\t\t<div class=\"faq-item-question\">\r\n\t\t\t\t\t\t<h3 class=\"faq-item-question-text\">\u00bfC\u00f3mo agregar un bot\u00f3n a mi sitio web jQuery sin conocimientos de codificaci\u00f3n?<\/h3>\r\n\r\n\t\t\t\t\t\t<div class=\"faq-item-question-icon\"><\/div>\r\n\t\t\t\t\t<\/div>\r\n\r\n\t\t\t\t\t<div class=\"faq-item-answer\">\r\n\t\t\t\t\t\t<div class=\"faq-item-answer-text\"> <p>Elfsight proporciona una soluci\u00f3n SaaS que le permite crear un widget de bot\u00f3n usted mismo. Vea lo f\u00e1cil que es el proceso: trabaje directamente en el editor en l\u00ednea para crear un widget de bot\u00f3n que le gustar\u00eda ver en su sitio web jQuery. Elija una de las plantillas predise\u00f1adas y ajuste la configuraci\u00f3n del bot\u00f3n, agregue su contenido, cambie el dise\u00f1o y los colores sin conocimientos de codificaci\u00f3n. Guarde el bot\u00f3n y copie su c\u00f3digo de instalaci\u00f3n, que podr\u00e1 pegar f\u00e1cilmente en su sitio web jQuery sin necesidad de comprar un plan pago. Con nuestro editor intuitivo, cualquier usuario de Internet puede crear un widget de bot\u00f3n en l\u00ednea e incrustarlo f\u00e1cilmente en su sitio web jQuery. No es necesario pagar ni ingresar las credenciales de su tarjeta para acceder al servicio. Si tiene alg\u00fan problema en cualquier paso, no dude en ponerse en contacto con nuestro equipo de soporte t\u00e9cnico.<\/p> <\/div>\r\n\t\t\t\t\t<\/div>\r\n\t\t\t\t<\/div> <\/div><\/div>","protected":false},"excerpt":{"rendered":"","protected":false},"author":9,"featured_media":0,"parent":1881,"menu_order":0,"comment_status":"closed","ping_status":"closed","template":"templates\/template-application-platform.php","meta":{"publish_to_discourse":"","publish_post_category":"","wpdc_auto_publish_overridden":"","wpdc_topic_tags":"","wpdc_pin_topic":"","wpdc_pin_until":"","discourse_post_id":"","discourse_permalink":"","wpdc_publishing_response":"","wpdc_publishing_error":"","footnotes":""},"class_list":["post-6165","page","type-page","status-publish","hentry"],"yoast_head":"<!-- This site is optimized with the Yoast SEO plugin v25.3.1 - https:\/\/yoast.com\/wordpress\/plugins\/seo\/ -->\n<title>Complemento de creaci\u00f3n de botones: agregar complemento de bot\u00f3n a jQuery (2025)<\/title>\n<meta name=\"description\" content=\"Aplique el nuevo complemento de bot\u00f3n para jQuery. \u00a1Adquiera nuevos seguidores, aumente las ventas y haga popular su negocio con la ayuda de las herramientas de Elfsight!\" \/>\n<meta name=\"robots\" content=\"index, follow, max-snippet:-1, max-image-preview:large, max-video-preview:-1\" \/>\n<link rel=\"canonical\" href=\"https:\/\/elfsight.com\/es\/button-widget\/jquery\/\" \/>\n<meta property=\"og:locale\" content=\"es_ES\" \/>\n<meta property=\"og:type\" content=\"article\" \/>\n<meta property=\"og:title\" content=\"Complemento de creaci\u00f3n de botones: agregar complemento de bot\u00f3n a jQuery (2025)\" \/>\n<meta property=\"og:description\" content=\"Aplique el nuevo complemento de bot\u00f3n para jQuery. \u00a1Adquiera nuevos seguidores, aumente las ventas y haga popular su negocio con la ayuda de las herramientas de Elfsight!\" \/>\n<meta property=\"og:url\" content=\"https:\/\/elfsight.com\/es\/button-widget\/jquery\/\" \/>\n<meta property=\"og:site_name\" content=\"Elfsight ES\" \/>\n<meta property=\"article:modified_time\" content=\"2025-02-06T16:07:37+00:00\" \/>\n<meta name=\"twitter:card\" content=\"summary_large_image\" \/>\n<meta name=\"twitter:label1\" content=\"Tiempo de lectura\" \/>\n\t<meta name=\"twitter:data1\" content=\"3 minutos\" \/>\n<!-- \/ Yoast SEO plugin. -->","yoast_head_json":{"title":"Complemento de creaci\u00f3n de botones: agregar complemento de bot\u00f3n a jQuery (2025)","description":"Aplique el nuevo complemento de bot\u00f3n para jQuery. \u00a1Adquiera nuevos seguidores, aumente las ventas y haga popular su negocio con la ayuda de las herramientas de Elfsight!","robots":{"index":"index","follow":"follow","max-snippet":"max-snippet:-1","max-image-preview":"max-image-preview:large","max-video-preview":"max-video-preview:-1"},"canonical":"https:\/\/elfsight.com\/es\/button-widget\/jquery\/","og_locale":"es_ES","og_type":"article","og_title":"Complemento de creaci\u00f3n de botones: agregar complemento de bot\u00f3n a jQuery (2025)","og_description":"Aplique el nuevo complemento de bot\u00f3n para jQuery. \u00a1Adquiera nuevos seguidores, aumente las ventas y haga popular su negocio con la ayuda de las herramientas de Elfsight!","og_url":"https:\/\/elfsight.com\/es\/button-widget\/jquery\/","og_site_name":"Elfsight ES","article_modified_time":"2025-02-06T16:07:37+00:00","twitter_card":"summary_large_image","twitter_misc":{"Tiempo de lectura":"3 minutos"},"schema":{"@context":"https:\/\/schema.org","@graph":[{"@type":"WebPage","@id":"https:\/\/elfsight.com\/es\/button-widget\/jquery\/","url":"https:\/\/elfsight.com\/es\/button-widget\/jquery\/","name":"Complemento de creaci\u00f3n de botones: agregar complemento de bot\u00f3n a jQuery (2025)","isPartOf":{"@id":"https:\/\/elfsight.com\/es\/#website"},"datePublished":"1970-01-01T00:00:00+00:00","dateModified":"2025-02-06T16:07:37+00:00","description":"Aplique el nuevo complemento de bot\u00f3n para jQuery. \u00a1Adquiera nuevos seguidores, aumente las ventas y haga popular su negocio con la ayuda de las herramientas de Elfsight!","breadcrumb":{"@id":"https:\/\/elfsight.com\/es\/button-widget\/jquery\/#breadcrumb"},"inLanguage":"es","potentialAction":[{"@type":"ReadAction","target":["https:\/\/elfsight.com\/es\/button-widget\/jquery\/"]}]},{"@type":"BreadcrumbList","@id":"https:\/\/elfsight.com\/es\/button-widget\/jquery\/#breadcrumb","itemListElement":[{"@type":"ListItem","position":1,"name":"Home","item":"https:\/\/elfsight.com\/es\/"},{"@type":"ListItem","position":2,"name":"Button","item":"https:\/\/elfsight.com\/es\/button-widget\/"},{"@type":"ListItem","position":3,"name":"Button &#8211; jQuery"}]},{"@type":"WebSite","@id":"https:\/\/elfsight.com\/es\/#website","url":"https:\/\/elfsight.com\/es\/","name":"Elfsight ES","description":"Just another Elfsight Sites site","potentialAction":[{"@type":"SearchAction","target":{"@type":"EntryPoint","urlTemplate":"https:\/\/elfsight.com\/es\/?s={search_term_string}"},"query-input":{"@type":"PropertyValueSpecification","valueRequired":true,"valueName":"search_term_string"}}],"inLanguage":"es"}]}},"meta_box":{"industry":"","seo_heading":"","heading":"","description":"","cta_heading":"","cta_description":"","application":"1880","h1":"Complemento de bot\u00f3n jQuery","h1_caption":"Empuje a sus visitantes directamente a la acci\u00f3n objetivo","application_category":[],"applications_title":"","applications_request_title":"","applications_request_button_text":"","hero_text":"","hero_video":"","hero_video_schema_markup":"","selling_points_title":"","selling_points_caption":"","selling_points":[],"selling_points_cta_text":"","features_title":"","features":"","ed_cta_examples_text":"","ed_cta_examples_hidden":"","ed_cta_demo_text":"","ed_cta_demo_hidden":"","why_caption":"","why_editor_title":"","why_editor_text":"","why_team_title":"","why_team_text":"","why_service_title":"","why_service_text":"","template_catalog_visible":"","template_catalog_title":"","template_catalog_text":"","template_catalog_categories_visible":"","demo_title":"Crea tu complemento de bot\u00f3n","demo_caption":"\u00a1Configura tu Button y agr\u00e9galo a tu sitio web jQuery gratis!","default_faq_hidden":"","app_template_category":[],"platform":"76","template_public_id":"","codecanyon_url":"","codecanyon_item_id":"","codecanyon_price":"","pricing_caption":"","pricing_elfsight_apps_hide_column":"","pricing_elfsight_apps_url":"","pricing_codecanyon_price_caption":"","integration_category":[],"integration_request_title":"","integration_request_cta":"","integration_platform":"","integrations":[],"platform_category":[],"video_schema_markup":"","price":"desde $0 \/ mes","trial":"","benefits":[{"text":"Asistencia de instalaci\u00f3n gratuita"},{"text":"Servicio al cliente competente"},{"text":"Garant\u00eda de reembolso de 14 d\u00edas"},{"text":"Actualizando constantemente"}],"button_url":"#demo","button_target_blank":"","button_nofollow":"","attributes":[{"name":"Instalaciones","content":"10,000 - 100,000"},{"name":"Sensible","content":"S\u00ed"},{"name":"Navegadores compatibles","content":"Firefox, Safari, Opera, Chrome, Edge"}],"tags":[],"tags_disable_links":"","hide_more_platforms":"","video_object":"","demo_hide_cta":"","demo_hide_cloud_options":"","pricing_title":"","pricing":[{"pricing_icon":"platform","pricing_title":"Elfsight Apps","pricing_title_caption":"Soluci\u00f3n independiente de plataforma que funciona en cualquier sitio web","pricing_price":"desde $0 \/ mes","pricing_price_caption":"comienza con un plan gratuito","pricing_benefits":[{"text":"Sitios web ilimitados"},{"text":"Atenci\u00f3n al cliente dedicada y bien documentada."},{"text":"Asistencia de instalaci\u00f3n gratuita"},{"text":"Dise\u00f1o flexible"}],"pricing_button_text":"A\u00f1adir al sitio web","pricing_button_url":"#demo"}],"related_apps_title":"","related_apps_hidden":"","author":"","image":[],"title":"","job":"","social_networks":[]},"_links":{"self":[{"href":"https:\/\/elfsight.com\/es\/wp-json\/wp\/v2\/pages\/6165","targetHints":{"allow":["GET"]}}],"collection":[{"href":"https:\/\/elfsight.com\/es\/wp-json\/wp\/v2\/pages"}],"about":[{"href":"https:\/\/elfsight.com\/es\/wp-json\/wp\/v2\/types\/page"}],"author":[{"embeddable":true,"href":"https:\/\/elfsight.com\/es\/wp-json\/wp\/v2\/users\/9"}],"replies":[{"embeddable":true,"href":"https:\/\/elfsight.com\/es\/wp-json\/wp\/v2\/comments?post=6165"}],"version-history":[{"count":2,"href":"https:\/\/elfsight.com\/es\/wp-json\/wp\/v2\/pages\/6165\/revisions"}],"predecessor-version":[{"id":19228,"href":"https:\/\/elfsight.com\/es\/wp-json\/wp\/v2\/pages\/6165\/revisions\/19228"}],"up":[{"embeddable":true,"href":"https:\/\/elfsight.com\/es\/wp-json\/wp\/v2\/pages\/1881"}],"wp:attachment":[{"href":"https:\/\/elfsight.com\/es\/wp-json\/wp\/v2\/media?parent=6165"}],"curies":[{"name":"wp","href":"https:\/\/api.w.org\/{rel}","templated":true}]}}