{"id":6164,"date":"1970-01-01T00:00:00","date_gmt":"1970-01-01T00:00:00","guid":{"rendered":"https:\/\/elfsight.com\/es\/?page_id=6164"},"modified":"2025-02-06T16:07:37","modified_gmt":"2025-02-06T16:07:37","slug":"joomla","status":"publish","type":"page","link":"https:\/\/elfsight.com\/es\/button-widget\/joomla\/","title":{"rendered":"Button &#8211; Joomla"},"content":{"rendered":"<div class=\"application-platform-content-item-description application-platform-content-item\" id=\"description\" data-nav-section=\"description\"> <h2>Descripci\u00f3n<\/h2> <p>El Bot\u00f3n es una extensi\u00f3n para Joomla que le brinda la posibilidad de crear diferentes botones para numerosos objetivos en su sitio web. Hay muchas acciones que se pueden realizar despu\u00e9s de que el visitante de su sitio web haga clic en el bot\u00f3n. Por ejemplo, pueden ser redirigidos a alg\u00fan sitio web de terceros, marcar su n\u00famero de tel\u00e9fono, chatear en Messenger popular y m\u00e1s. Nuestro bot\u00f3n es notablemente personalizable: puede utilizar cualquier texto y contenido encima y debajo de su bot\u00f3n, y ajustar su tama\u00f1o y estilo. <\/p> <p><b>Utilice un bot\u00f3n atractivo para aumentar las ventas en su sitio, atraer m\u00e1s suscriptores en sus cuentas de redes sociales y \u00a1mucho m\u00e1s! <\/b><\/p> <\/div> <div class=\"application-platform-content-item-features application-platform-content-item\" id=\"features\" data-nav-section=\"features\"> <h2>Estas son las caracter\u00edsticas clave de la extensi\u00f3n: <\/h2> <ul><li>Alterar colores y fuentes<\/li><li>Dos tipos de posicionamiento de botones: incrustado y flotante<\/li><li>Una opci\u00f3n para agregar contenido alrededor de su bot\u00f3n<\/li><li>Puede ocupar dos l\u00edneas<\/li><li>M\u00e1s de 8 variaciones de escenarios despu\u00e9s de un clic<\/li><\/ul><p><a href=\"#demo\">Puedes comprobar todas las capacidades del widget en la demostraci\u00f3n ahora mismo<\/a><\/p> <\/div> <div class=\"application-platform-content-item-installation application-platform-content-item\" id=\"installation\" data-nav-section=\"installation\"> <h2>\u00bfC\u00f3mo agregar un bot\u00f3n a mi sitio web Joomla? <\/h2> <p>Simplemente siga los pasos que se describen a continuaci\u00f3n para insertar la extensi\u00f3n. <\/p> <ol><li><b>Utilice nuestra demostraci\u00f3n gratuita y comience a crear su extensi\u00f3n personalizada. <\/b><br> Determine el dise\u00f1o y las caracter\u00edsticas preferidos del widget y guarde las ediciones. <\/li> <li><b>Reciba el c\u00f3digo personal que aparece en la ventana de Elfsight Apps. <\/b><br> Una vez realizada la personalizaci\u00f3n de su herramienta personal, copie el c\u00f3digo personal en el cuadro que aparece y gu\u00e1rdelo para usarlo en el futuro. <\/li> <li><b>Comience a utilizar la extensi\u00f3n en su sitio Joomla. <\/b><br> Pega el c\u00f3digo guardado anteriormente en tu sitio web y aplica las mejoras. <\/li> <li><b>\u00a1Ya terminaste! La configuraci\u00f3n est\u00e1 completamente realizada. <\/b><br>Vaya a su sitio web para ver en acci\u00f3n el trabajo de la extensi\u00f3n. <\/li><\/ol> <p>Si tiene alguna pregunta o tiene alguna complicaci\u00f3n, no dude en ponerse en contacto con nuestro personal de soporte. Nuestros especialistas est\u00e1n deseando ayudarle con todos los problemas que pueda tener con el widget. <\/p> <div class=\"faq\" data-component=\"FAQ\"><div class=\"faq-item\">\r\n\t\t\t\t\t<div class=\"faq-item-question\">\r\n\t\t\t\t\t\t<h3 class=\"faq-item-question-text\">\u00bfC\u00f3mo agregar un bot\u00f3n a mi sitio web Joomla sin conocimientos de codificaci\u00f3n?<\/h3>\r\n\r\n\t\t\t\t\t\t<div class=\"faq-item-question-icon\"><\/div>\r\n\t\t\t\t\t<\/div>\r\n\r\n\t\t\t\t\t<div class=\"faq-item-answer\">\r\n\t\t\t\t\t\t<div class=\"faq-item-answer-text\"> <p>Elfsight proporciona una soluci\u00f3n SaaS que le permite crear un widget de bot\u00f3n usted mismo. Vea lo f\u00e1cil que es el proceso: trabaje directamente en el editor en l\u00ednea para crear un widget de bot\u00f3n que le gustar\u00eda ver en su sitio web Joomla. Elija una de las plantillas predise\u00f1adas y ajuste la configuraci\u00f3n del bot\u00f3n, agregue su contenido, cambie el dise\u00f1o y los colores sin conocimientos de codificaci\u00f3n. Guarde el bot\u00f3n y copie su c\u00f3digo de instalaci\u00f3n, que podr\u00e1 incluir f\u00e1cilmente en su sitio web Joomla sin necesidad de comprar una suscripci\u00f3n paga. Con nuestro editor intuitivo, cualquier usuario de Internet puede crear un widget de bot\u00f3n en l\u00ednea e incrustarlo f\u00e1cilmente en su sitio web Joomla. No es necesario pagar ni ingresar las credenciales de su tarjeta para acceder al servicio. Si tiene alg\u00fan problema en cualquier paso, no dude en ponerse en contacto con nuestro equipo de soporte t\u00e9cnico.<\/p> <\/div>\r\n\t\t\t\t\t<\/div>\r\n\t\t\t\t<\/div> <\/div><\/div>","protected":false},"excerpt":{"rendered":"","protected":false},"author":9,"featured_media":0,"parent":1881,"menu_order":0,"comment_status":"closed","ping_status":"closed","template":"templates\/template-application-platform.php","meta":{"publish_to_discourse":"","publish_post_category":"","wpdc_auto_publish_overridden":"","wpdc_topic_tags":"","wpdc_pin_topic":"","wpdc_pin_until":"","discourse_post_id":"","discourse_permalink":"","wpdc_publishing_response":"","wpdc_publishing_error":"","footnotes":""},"class_list":["post-6164","page","type-page","status-publish","hentry"],"yoast_head":"<!-- This site is optimized with the Yoast SEO plugin v25.3.1 - https:\/\/yoast.com\/wordpress\/plugins\/seo\/ -->\n<title>Extensi\u00f3n del generador de botones: agregar extensi\u00f3n de bot\u00f3n a Joomla (2025)<\/title>\n<meta name=\"description\" content=\"Pruebe la extensi\u00f3n de bot\u00f3n para Joomla. \u00a1Obtenga m\u00e1s suscriptores nuevos, aumente las ventas y haga popular su negocio con la ayuda de las herramientas de Elfsight!\" \/>\n<meta name=\"robots\" content=\"index, follow, max-snippet:-1, max-image-preview:large, max-video-preview:-1\" \/>\n<link rel=\"canonical\" href=\"https:\/\/elfsight.com\/es\/button-widget\/joomla\/\" \/>\n<meta property=\"og:locale\" content=\"es_ES\" \/>\n<meta property=\"og:type\" content=\"article\" \/>\n<meta property=\"og:title\" content=\"Extensi\u00f3n del generador de botones: agregar extensi\u00f3n de bot\u00f3n a Joomla (2025)\" \/>\n<meta property=\"og:description\" content=\"Pruebe la extensi\u00f3n de bot\u00f3n para Joomla. \u00a1Obtenga m\u00e1s suscriptores nuevos, aumente las ventas y haga popular su negocio con la ayuda de las herramientas de Elfsight!\" \/>\n<meta property=\"og:url\" content=\"https:\/\/elfsight.com\/es\/button-widget\/joomla\/\" \/>\n<meta property=\"og:site_name\" content=\"Elfsight ES\" \/>\n<meta property=\"article:modified_time\" content=\"2025-02-06T16:07:37+00:00\" \/>\n<meta name=\"twitter:card\" content=\"summary_large_image\" \/>\n<meta name=\"twitter:label1\" content=\"Tiempo de lectura\" \/>\n\t<meta name=\"twitter:data1\" content=\"3 minutos\" \/>\n<!-- \/ Yoast SEO plugin. -->","yoast_head_json":{"title":"Extensi\u00f3n del generador de botones: agregar extensi\u00f3n de bot\u00f3n a Joomla (2025)","description":"Pruebe la extensi\u00f3n de bot\u00f3n para Joomla. \u00a1Obtenga m\u00e1s suscriptores nuevos, aumente las ventas y haga popular su negocio con la ayuda de las herramientas de Elfsight!","robots":{"index":"index","follow":"follow","max-snippet":"max-snippet:-1","max-image-preview":"max-image-preview:large","max-video-preview":"max-video-preview:-1"},"canonical":"https:\/\/elfsight.com\/es\/button-widget\/joomla\/","og_locale":"es_ES","og_type":"article","og_title":"Extensi\u00f3n del generador de botones: agregar extensi\u00f3n de bot\u00f3n a Joomla (2025)","og_description":"Pruebe la extensi\u00f3n de bot\u00f3n para Joomla. \u00a1Obtenga m\u00e1s suscriptores nuevos, aumente las ventas y haga popular su negocio con la ayuda de las herramientas de Elfsight!","og_url":"https:\/\/elfsight.com\/es\/button-widget\/joomla\/","og_site_name":"Elfsight ES","article_modified_time":"2025-02-06T16:07:37+00:00","twitter_card":"summary_large_image","twitter_misc":{"Tiempo de lectura":"3 minutos"},"schema":{"@context":"https:\/\/schema.org","@graph":[{"@type":"WebPage","@id":"https:\/\/elfsight.com\/es\/button-widget\/joomla\/","url":"https:\/\/elfsight.com\/es\/button-widget\/joomla\/","name":"Extensi\u00f3n del generador de botones: agregar extensi\u00f3n de bot\u00f3n a Joomla (2025)","isPartOf":{"@id":"https:\/\/elfsight.com\/es\/#website"},"datePublished":"1970-01-01T00:00:00+00:00","dateModified":"2025-02-06T16:07:37+00:00","description":"Pruebe la extensi\u00f3n de bot\u00f3n para Joomla. \u00a1Obtenga m\u00e1s suscriptores nuevos, aumente las ventas y haga popular su negocio con la ayuda de las herramientas de Elfsight!","breadcrumb":{"@id":"https:\/\/elfsight.com\/es\/button-widget\/joomla\/#breadcrumb"},"inLanguage":"es","potentialAction":[{"@type":"ReadAction","target":["https:\/\/elfsight.com\/es\/button-widget\/joomla\/"]}]},{"@type":"BreadcrumbList","@id":"https:\/\/elfsight.com\/es\/button-widget\/joomla\/#breadcrumb","itemListElement":[{"@type":"ListItem","position":1,"name":"Home","item":"https:\/\/elfsight.com\/es\/"},{"@type":"ListItem","position":2,"name":"Button","item":"https:\/\/elfsight.com\/es\/button-widget\/"},{"@type":"ListItem","position":3,"name":"Button &#8211; Joomla"}]},{"@type":"WebSite","@id":"https:\/\/elfsight.com\/es\/#website","url":"https:\/\/elfsight.com\/es\/","name":"Elfsight ES","description":"Just another Elfsight Sites site","potentialAction":[{"@type":"SearchAction","target":{"@type":"EntryPoint","urlTemplate":"https:\/\/elfsight.com\/es\/?s={search_term_string}"},"query-input":{"@type":"PropertyValueSpecification","valueRequired":true,"valueName":"search_term_string"}}],"inLanguage":"es"}]}},"meta_box":{"industry":"","seo_heading":"","heading":"","description":"","cta_heading":"","cta_description":"","application":"1880","h1":"Extensi\u00f3n del bot\u00f3n Joomla","h1_caption":"Dirija a su audiencia directamente a la acci\u00f3n objetivo","application_category":[],"applications_title":"","applications_request_title":"","applications_request_button_text":"","hero_text":"","hero_video":"","hero_video_schema_markup":"","selling_points_title":"","selling_points_caption":"","selling_points":[],"selling_points_cta_text":"","features_title":"","features":"","ed_cta_examples_text":"","ed_cta_examples_hidden":"","ed_cta_demo_text":"","ed_cta_demo_hidden":"","why_caption":"","why_editor_title":"","why_editor_text":"","why_team_title":"","why_team_text":"","why_service_title":"","why_service_text":"","template_catalog_visible":"","template_catalog_title":"","template_catalog_text":"","template_catalog_categories_visible":"","demo_title":"Crea tu complemento de bot\u00f3n","demo_caption":"\u00a1Configure su bot\u00f3n y agr\u00e9guelo a su sitio web Joomla gratis!","default_faq_hidden":"","app_template_category":[],"platform":"73","template_public_id":"","codecanyon_url":"","codecanyon_item_id":"","codecanyon_price":"","pricing_caption":"","pricing_elfsight_apps_hide_column":"","pricing_elfsight_apps_url":"","pricing_codecanyon_price_caption":"","integration_category":[],"integration_request_title":"","integration_request_cta":"","integration_platform":"","integrations":[],"platform_category":[],"video_schema_markup":"","price":"desde $0 \/ mes","trial":"","benefits":[{"text":"Servicio de instalaci\u00f3n gratuito"},{"text":"Soporte excepcional"},{"text":"Garant\u00eda de reembolso de 14 d\u00edas"},{"text":"Desarrollo continuo"}],"button_url":"#demo","button_target_blank":"","button_nofollow":"","attributes":[{"name":"Instalaciones","content":"10,000 - 100,000"},{"name":"Sensible","content":"S\u00ed"},{"name":"Navegadores compatibles","content":"Firefox, Safari, Opera, Chrome, Edge"}],"tags":[],"tags_disable_links":"","hide_more_platforms":"","video_object":"","demo_hide_cta":"","demo_hide_cloud_options":"","pricing_title":"","pricing":[{"pricing_icon":"platform","pricing_title":"Elfsight Apps","pricing_title_caption":"Software multiplataforma","pricing_price":"desde $0 \/ mes","pricing_price_caption":"comienza con un plan gratuito","pricing_benefits":[{"text":"Sitios web ilimitados"},{"text":"Soporte empresarial 24 horas al d\u00eda, 7 d\u00edas a la semana"},{"text":"Asistencia de instalaci\u00f3n gratuita"},{"text":"Totalmente personalizable"}],"pricing_button_text":"A\u00f1adir al sitio web","pricing_button_url":"#demo"}],"related_apps_title":"","related_apps_hidden":"","author":"","image":[],"title":"","job":"","social_networks":[]},"_links":{"self":[{"href":"https:\/\/elfsight.com\/es\/wp-json\/wp\/v2\/pages\/6164","targetHints":{"allow":["GET"]}}],"collection":[{"href":"https:\/\/elfsight.com\/es\/wp-json\/wp\/v2\/pages"}],"about":[{"href":"https:\/\/elfsight.com\/es\/wp-json\/wp\/v2\/types\/page"}],"author":[{"embeddable":true,"href":"https:\/\/elfsight.com\/es\/wp-json\/wp\/v2\/users\/9"}],"replies":[{"embeddable":true,"href":"https:\/\/elfsight.com\/es\/wp-json\/wp\/v2\/comments?post=6164"}],"version-history":[{"count":2,"href":"https:\/\/elfsight.com\/es\/wp-json\/wp\/v2\/pages\/6164\/revisions"}],"predecessor-version":[{"id":19229,"href":"https:\/\/elfsight.com\/es\/wp-json\/wp\/v2\/pages\/6164\/revisions\/19229"}],"up":[{"embeddable":true,"href":"https:\/\/elfsight.com\/es\/wp-json\/wp\/v2\/pages\/1881"}],"wp:attachment":[{"href":"https:\/\/elfsight.com\/es\/wp-json\/wp\/v2\/media?parent=6164"}],"curies":[{"name":"wp","href":"https:\/\/api.w.org\/{rel}","templated":true}]}}