{"id":6156,"date":"1970-01-01T00:00:00","date_gmt":"1970-01-01T00:00:00","guid":{"rendered":"https:\/\/elfsight.com\/es\/?page_id=6156"},"modified":"2025-02-06T16:07:45","modified_gmt":"2025-02-06T16:07:45","slug":"google-sites","status":"publish","type":"page","link":"https:\/\/elfsight.com\/es\/button-widget\/google-sites\/","title":{"rendered":"Button &#8211; Google Sites"},"content":{"rendered":"<div class=\"application-platform-content-item-description application-platform-content-item\" id=\"description\" data-nav-section=\"description\"> <h2>Insertar bot\u00f3n en Google Sites con el widget Elfsight<\/h2> <p>Elfsight Button es un complemento para Google Sites que le permite crear varios botones para numerosos objetivos en su sitio web. Hay muchas acciones que se pueden realizar despu\u00e9s de que el visitante de su sitio web haga clic en el bot\u00f3n. Por ejemplo, pueden enviarse a alg\u00fan sitio web de terceros, marcar su n\u00famero de tel\u00e9fono, chatear a trav\u00e9s de un conocido mensajero y m\u00e1s. El bot\u00f3n es altamente personalizable: puede utilizar cualquier texto o contenido alrededor del bot\u00f3n y ajustar su tama\u00f1o y colores. <\/p> <p><b>Utilice un bot\u00f3n atractivo para mejorar las ventas en su sitio, atraer m\u00e1s suscriptores en las redes sociales y \u00a1mucho m\u00e1s! <\/b><\/p> <\/div> <div class=\"application-platform-content-item-features application-platform-content-item\" id=\"features\" data-nav-section=\"features\"> <h2>Consulta la lista de las funciones m\u00e1s importantes: <\/h2> <ul><li>Cambio de colores y fuentes<\/li><li>Dos tipos de posicionamiento de botones: incrustado y flotante<\/li><li>Posibilidad de agregar contenido encima y debajo del bot\u00f3n<\/li><li>Una etiqueta que puede contener dos l\u00edneas<\/li><li>M\u00e1s de 8 variaciones de escenarios despu\u00e9s de un clic<\/li><\/ul><p><a href=\"#demo\">Puedes verificar lo que ofrece el complemento usando la demostraci\u00f3n<\/a><\/p> <\/div> <div class=\"application-platform-content-item-installation application-platform-content-item\" id=\"installation\" data-nav-section=\"installation\"> <h2>\u00bfC\u00f3mo agrego un bot\u00f3n a mi sitio web de Google Sites? <\/h2> <p>Simplemente siga las siguientes pautas para insertar la herramienta. <\/p> <ol><li><b>Emplee nuestro configurador gratuito y comience a crear su propio complemento. <\/b><br> Encuentre la interfaz y los par\u00e1metros preferibles de la herramienta y guarde las modificaciones. <\/li> <li><b>Reciba su c\u00f3digo \u00fanico expuesto en la ventana de Elfsight Apps. <\/b><br> Una vez completada la personalizaci\u00f3n de su widget, copie el c\u00f3digo personal de la ventana que aparece y gu\u00e1rdelo para futuras necesidades. <\/li> <li><b>Comience a utilizar el complemento en su sitio de Google Sites. <\/b><br> Ingrese el c\u00f3digo copiado anteriormente en su p\u00e1gina y aplique las ediciones. <\/li> <li><b>\u00a1Listo! La integraci\u00f3n ha finalizado con \u00e9xito. <\/b><br>Vaya a su sitio web para ver c\u00f3mo funciona la herramienta. <\/li><\/ol> <div class=\"tip-yellow tip\"><b>Debido a las peculiaridades del trabajo de Google Sites, el widget puede tener un aspecto diferente al de la demostraci\u00f3n en l\u00ednea. Nos disculpamos por cualquier inconveniente causado.<\/b><\/div><p>Si tiene preguntas o encuentra dificultades, comun\u00edquese con nuestro personal de soporte. Nuestra gente desea ayudarle con todos los problemas que pueda tener con el complemento. <\/p> <div class=\"faq\" data-component=\"FAQ\"><div class=\"faq-item\">\r\n\t\t\t\t\t<div class=\"faq-item-question\">\r\n\t\t\t\t\t\t<h3 class=\"faq-item-question-text\">\u00bfC\u00f3mo puedo agregar un bot\u00f3n a mi sitio web de Google Sites sin conocimientos de codificaci\u00f3n?<\/h3>\r\n\r\n\t\t\t\t\t\t<div class=\"faq-item-question-icon\"><\/div>\r\n\t\t\t\t\t<\/div>\r\n\r\n\t\t\t\t\t<div class=\"faq-item-answer\">\r\n\t\t\t\t\t\t<div class=\"faq-item-answer-text\"> <p>Elfsight proporciona una soluci\u00f3n SaaS que le permite crear un widget de bot\u00f3n usted mismo. Vea lo f\u00e1cil que es el proceso: trabaje directamente en el editor en l\u00ednea para crear un widget de bot\u00f3n que le gustar\u00eda ver en su sitio web de Google Sites. Elija una de las plantillas predise\u00f1adas y ajuste la configuraci\u00f3n del bot\u00f3n, agregue su contenido, cambie el dise\u00f1o y los colores sin conocimientos de codificaci\u00f3n. Guarde el bot\u00f3n y copie su c\u00f3digo de instalaci\u00f3n, que podr\u00e1 incluir f\u00e1cilmente en su sitio web de Google Sites sin necesidad de comprar una suscripci\u00f3n paga. Con nuestro editor intuitivo, cualquier usuario de Internet puede crear un widget de bot\u00f3n en l\u00ednea e incrustarlo f\u00e1cilmente en su sitio web de Google Sites. No es necesario pagar ni ingresar las credenciales de su tarjeta para acceder al servicio. Si tiene alg\u00fan problema en cualquier paso, no dude en ponerse en contacto con nuestro equipo de soporte t\u00e9cnico.<\/p> <\/div>\r\n\t\t\t\t\t<\/div>\r\n\t\t\t\t<\/div> <\/div><\/div>","protected":false},"excerpt":{"rendered":"","protected":false},"author":9,"featured_media":0,"parent":1881,"menu_order":0,"comment_status":"closed","ping_status":"closed","template":"templates\/template-application-platform.php","meta":{"publish_to_discourse":"","publish_post_category":"","wpdc_auto_publish_overridden":"","wpdc_topic_tags":"","wpdc_pin_topic":"","wpdc_pin_until":"","discourse_post_id":"","discourse_permalink":"","wpdc_publishing_response":"","wpdc_publishing_error":"","footnotes":""},"class_list":["post-6156","page","type-page","status-publish","hentry"],"yoast_head":"<!-- This site is optimized with the Yoast SEO plugin v25.3.1 - https:\/\/yoast.com\/wordpress\/plugins\/seo\/ -->\n<title>Widget de complemento de bot\u00f3n: Agregar complemento de bot\u00f3n a Google Sites (2025)<\/title>\n<meta name=\"description\" content=\"Pruebe el complemento del bot\u00f3n Elfsight para Google Sites. \u00a1Consigue nuevos suscriptores, aumenta las ventas y haz que tu negocio sea exitoso aplicando las herramientas de Elfsight!\" \/>\n<meta name=\"robots\" content=\"index, follow, max-snippet:-1, max-image-preview:large, max-video-preview:-1\" \/>\n<link rel=\"canonical\" href=\"https:\/\/elfsight.com\/es\/button-widget\/google-sites\/\" \/>\n<meta property=\"og:locale\" content=\"es_ES\" \/>\n<meta property=\"og:type\" content=\"article\" \/>\n<meta property=\"og:title\" content=\"Widget de complemento de bot\u00f3n: Agregar complemento de bot\u00f3n a Google Sites (2025)\" \/>\n<meta property=\"og:description\" content=\"Pruebe el complemento del bot\u00f3n Elfsight para Google Sites. \u00a1Consigue nuevos suscriptores, aumenta las ventas y haz que tu negocio sea exitoso aplicando las herramientas de Elfsight!\" \/>\n<meta property=\"og:url\" content=\"https:\/\/elfsight.com\/es\/button-widget\/google-sites\/\" \/>\n<meta property=\"og:site_name\" content=\"Elfsight ES\" \/>\n<meta property=\"article:modified_time\" content=\"2025-02-06T16:07:45+00:00\" \/>\n<meta name=\"twitter:card\" content=\"summary_large_image\" \/>\n<meta name=\"twitter:label1\" content=\"Tiempo de lectura\" \/>\n\t<meta name=\"twitter:data1\" content=\"3 minutos\" \/>\n<!-- \/ Yoast SEO plugin. -->","yoast_head_json":{"title":"Widget de complemento de bot\u00f3n: Agregar complemento de bot\u00f3n a Google Sites (2025)","description":"Pruebe el complemento del bot\u00f3n Elfsight para Google Sites. \u00a1Consigue nuevos suscriptores, aumenta las ventas y haz que tu negocio sea exitoso aplicando las herramientas de Elfsight!","robots":{"index":"index","follow":"follow","max-snippet":"max-snippet:-1","max-image-preview":"max-image-preview:large","max-video-preview":"max-video-preview:-1"},"canonical":"https:\/\/elfsight.com\/es\/button-widget\/google-sites\/","og_locale":"es_ES","og_type":"article","og_title":"Widget de complemento de bot\u00f3n: Agregar complemento de bot\u00f3n a Google Sites (2025)","og_description":"Pruebe el complemento del bot\u00f3n Elfsight para Google Sites. \u00a1Consigue nuevos suscriptores, aumenta las ventas y haz que tu negocio sea exitoso aplicando las herramientas de Elfsight!","og_url":"https:\/\/elfsight.com\/es\/button-widget\/google-sites\/","og_site_name":"Elfsight ES","article_modified_time":"2025-02-06T16:07:45+00:00","twitter_card":"summary_large_image","twitter_misc":{"Tiempo de lectura":"3 minutos"},"schema":{"@context":"https:\/\/schema.org","@graph":[{"@type":"WebPage","@id":"https:\/\/elfsight.com\/es\/button-widget\/google-sites\/","url":"https:\/\/elfsight.com\/es\/button-widget\/google-sites\/","name":"Widget de complemento de bot\u00f3n: Agregar complemento de bot\u00f3n a Google Sites (2025)","isPartOf":{"@id":"https:\/\/elfsight.com\/es\/#website"},"datePublished":"1970-01-01T00:00:00+00:00","dateModified":"2025-02-06T16:07:45+00:00","description":"Pruebe el complemento del bot\u00f3n Elfsight para Google Sites. \u00a1Consigue nuevos suscriptores, aumenta las ventas y haz que tu negocio sea exitoso aplicando las herramientas de Elfsight!","breadcrumb":{"@id":"https:\/\/elfsight.com\/es\/button-widget\/google-sites\/#breadcrumb"},"inLanguage":"es","potentialAction":[{"@type":"ReadAction","target":["https:\/\/elfsight.com\/es\/button-widget\/google-sites\/"]}]},{"@type":"BreadcrumbList","@id":"https:\/\/elfsight.com\/es\/button-widget\/google-sites\/#breadcrumb","itemListElement":[{"@type":"ListItem","position":1,"name":"Home","item":"https:\/\/elfsight.com\/es\/"},{"@type":"ListItem","position":2,"name":"Button","item":"https:\/\/elfsight.com\/es\/button-widget\/"},{"@type":"ListItem","position":3,"name":"Button &#8211; Google Sites"}]},{"@type":"WebSite","@id":"https:\/\/elfsight.com\/es\/#website","url":"https:\/\/elfsight.com\/es\/","name":"Elfsight ES","description":"Just another Elfsight Sites site","potentialAction":[{"@type":"SearchAction","target":{"@type":"EntryPoint","urlTemplate":"https:\/\/elfsight.com\/es\/?s={search_term_string}"},"query-input":{"@type":"PropertyValueSpecification","valueRequired":true,"valueName":"search_term_string"}}],"inLanguage":"es"}]}},"meta_box":{"industry":"","seo_heading":"","heading":"","description":"","cta_heading":"","cta_description":"","application":"1880","h1":"Complemento del bot\u00f3n de sitios de Google","h1_caption":"Empuje a sus visitantes directamente a la acci\u00f3n","application_category":[],"applications_title":"","applications_request_title":"","applications_request_button_text":"","hero_text":"","hero_video":"","hero_video_schema_markup":"","selling_points_title":"","selling_points_caption":"","selling_points":[],"selling_points_cta_text":"","features_title":"","features":"","ed_cta_examples_text":"","ed_cta_examples_hidden":"","ed_cta_demo_text":"","ed_cta_demo_hidden":"","why_caption":"","why_editor_title":"","why_editor_text":"","why_team_title":"","why_team_text":"","why_service_title":"","why_service_text":"","template_catalog_visible":"","template_catalog_title":"","template_catalog_text":"","template_catalog_categories_visible":"","demo_title":"Crea tu widget de bot\u00f3n","demo_caption":"\u00a1Configure su Bot\u00f3n y agr\u00e9guelo a su sitio web de Google Sites gratis!","default_faq_hidden":"","app_template_category":[],"platform":"67","template_public_id":"","codecanyon_url":"","codecanyon_item_id":"","codecanyon_price":"","pricing_caption":"","pricing_elfsight_apps_hide_column":"","pricing_elfsight_apps_url":"","pricing_codecanyon_price_caption":"","integration_category":[],"integration_request_title":"","integration_request_cta":"","integration_platform":"","integrations":[],"platform_category":[],"video_schema_markup":"","price":"desde $0 \/ mes","trial":"","benefits":[{"text":"Servicio de instalaci\u00f3n gratuito"},{"text":"Servicio al cliente profesional"},{"text":"Garant\u00eda de reembolso de 14 d\u00edas"},{"text":"Mejoras futuras"}],"button_url":"#demo","button_target_blank":"","button_nofollow":"","attributes":[{"name":"Instalaciones","content":"10,000 - 100,000"},{"name":"Sensible","content":"S\u00ed"},{"name":"Navegadores compatibles","content":"Firefox, Safari, Opera, Chrome, Edge"}],"tags":[],"tags_disable_links":"","hide_more_platforms":"","video_object":"","demo_hide_cta":"","demo_hide_cloud_options":"","pricing_title":"","pricing":[{"pricing_icon":"platform","pricing_title":"Elfsight Apps","pricing_title_caption":"Versi\u00f3n multiplataforma","pricing_price":"desde $0 \/ mes","pricing_price_caption":"comienza con un plan gratuito","pricing_benefits":[{"text":"Dominios ilimitados"},{"text":"Soporte profesional y puntual"},{"text":"Servicio de instalaci\u00f3n gratuito"},{"text":"Dise\u00f1o flexible"}],"pricing_button_text":"A\u00f1adir al sitio web","pricing_button_url":"#demo"}],"related_apps_title":"","related_apps_hidden":"","author":"","image":[],"title":"","job":"","social_networks":[]},"_links":{"self":[{"href":"https:\/\/elfsight.com\/es\/wp-json\/wp\/v2\/pages\/6156","targetHints":{"allow":["GET"]}}],"collection":[{"href":"https:\/\/elfsight.com\/es\/wp-json\/wp\/v2\/pages"}],"about":[{"href":"https:\/\/elfsight.com\/es\/wp-json\/wp\/v2\/types\/page"}],"author":[{"embeddable":true,"href":"https:\/\/elfsight.com\/es\/wp-json\/wp\/v2\/users\/9"}],"replies":[{"embeddable":true,"href":"https:\/\/elfsight.com\/es\/wp-json\/wp\/v2\/comments?post=6156"}],"version-history":[{"count":2,"href":"https:\/\/elfsight.com\/es\/wp-json\/wp\/v2\/pages\/6156\/revisions"}],"predecessor-version":[{"id":19233,"href":"https:\/\/elfsight.com\/es\/wp-json\/wp\/v2\/pages\/6156\/revisions\/19233"}],"up":[{"embeddable":true,"href":"https:\/\/elfsight.com\/es\/wp-json\/wp\/v2\/pages\/1881"}],"wp:attachment":[{"href":"https:\/\/elfsight.com\/es\/wp-json\/wp\/v2\/media?parent=6156"}],"curies":[{"name":"wp","href":"https:\/\/api.w.org\/{rel}","templated":true}]}}