{"id":6155,"date":"1970-01-01T00:00:00","date_gmt":"1970-01-01T00:00:00","guid":{"rendered":"https:\/\/elfsight.com\/es\/?page_id=6155"},"modified":"2025-02-06T16:07:45","modified_gmt":"2025-02-06T16:07:45","slug":"godaddy","status":"publish","type":"page","link":"https:\/\/elfsight.com\/es\/button-widget\/godaddy\/","title":{"rendered":"Button &#8211; GoDaddy"},"content":{"rendered":"<div class=\"application-platform-content-item-description application-platform-content-item\" id=\"description\" data-nav-section=\"description\"> <h2>Insertar bot\u00f3n en GoDaddy con el widget Elfsight<\/h2> <p>El bot\u00f3n es una herramienta para GoDaddy que le permite crear diferentes botones para m\u00faltiples prop\u00f3sitos en su sitio web. Hay muchas acciones que se pueden realizar despu\u00e9s de que el visitante de su sitio web haga clic en el bot\u00f3n. Por ejemplo, pueden ser redirigidos a otro sitio web, marcar alg\u00fan n\u00famero, chatear a trav\u00e9s del popular Messenger y m\u00e1s. Nuestro Bot\u00f3n es extremadamente personalizable: puede escribir cualquier mensaje o contenido alrededor de su bot\u00f3n y modificar su tama\u00f1o y estilo. <\/p> <p><b>Utiliza un bot\u00f3n atractivo para impulsar las ventas en tu sitio, conseguir m\u00e1s suscriptores en tus cuentas de redes sociales \u00a1y mucho m\u00e1s! <\/b><\/p> <\/div> <div class=\"application-platform-content-item-features application-platform-content-item\" id=\"features\" data-nav-section=\"features\"> <h2>Las caracter\u00edsticas m\u00e1s populares del complemento incluyen<\/h2> <ul><li>Modificar colores y fuentes<\/li><li>2 tipos de dise\u00f1o de botones: incrustado y flotante<\/li><li>Una opci\u00f3n para agregar contenido encima y debajo de su bot\u00f3n<\/li><li>Una etiqueta que puede ocupar dos l\u00edneas<\/li><li>Arriba 8 variaciones de acciones despu\u00e9s de un clic<\/li><\/ul><p><a href=\"#demo\">Pruebe todas las opciones de personalizaci\u00f3n en una demostraci\u00f3n con todas las funciones<\/a><\/p> <\/div> <div class=\"application-platform-content-item-installation application-platform-content-item\" id=\"installation\" data-nav-section=\"installation\"> <h2>\u00bfC\u00f3mo inserto Button en mi sitio web de GoDaddy? <\/h2> <p>Simplemente siga los pasos que se describen a continuaci\u00f3n para comenzar a trabajar con la herramienta. <\/p> <ol><li><b>Realiza nuestra demostraci\u00f3n gratuita y comienza a darle forma a tu instrumento personalizado. <\/b><br> Elija el dise\u00f1o y los aspectos adecuados de la herramienta y guarde las ediciones. <\/li> <li><b>Copia tu c\u00f3digo individual que se muestra en el cuadro de Elfsight Apps. <\/b><br> Tan pronto como finalice la personalizaci\u00f3n de su herramienta, copie el c\u00f3digo individual de la ventana emergente que aparece y gu\u00e1rdelo para su uso posterior. <\/li> <li><b>Empiece a utilizar el instrumento en la p\u00e1gina web de GoDaddy. <\/b><br> A\u00f1ade el c\u00f3digo copiado recientemente en tu p\u00e1gina web y aplica los ajustes. <\/li> <li><b>\u00a1Ya terminaste! La integraci\u00f3n se logra con \u00e9xito. <\/b><br>Visite su p\u00e1gina web para inspeccionar el trabajo del complemento. <\/li><\/ol> <p>Si tiene preguntas o se encuentra con algunos obst\u00e1culos, no dude en comunicarse con nuestro personal de soporte. Nuestra gente estar\u00e1 encantada de ayudarle con todas las dificultades que pueda tener con el complemento. <\/p> <div class=\"faq\" data-component=\"FAQ\"><div class=\"faq-item\">\r\n\t\t\t\t\t<div class=\"faq-item-question\">\r\n\t\t\t\t\t\t<h3 class=\"faq-item-question-text\">\u00bfC\u00f3mo puedo agregar un bot\u00f3n a mi sitio web de GoDaddy sin conocimientos de codificaci\u00f3n?<\/h3>\r\n\r\n\t\t\t\t\t\t<div class=\"faq-item-question-icon\"><\/div>\r\n\t\t\t\t\t<\/div>\r\n\r\n\t\t\t\t\t<div class=\"faq-item-answer\">\r\n\t\t\t\t\t\t<div class=\"faq-item-answer-text\"> <p>Elfsight proporciona una soluci\u00f3n SaaS que le permite crear un widget de bot\u00f3n usted mismo. Vea lo f\u00e1cil que es el proceso: trabaje directamente en el editor en l\u00ednea para crear un widget de bot\u00f3n que le gustar\u00eda ver en su sitio web de GoDaddy. Elija una de las plantillas predise\u00f1adas y ajuste la configuraci\u00f3n del bot\u00f3n, agregue su contenido, cambie el dise\u00f1o y los colores sin conocimientos de codificaci\u00f3n. Guarde el bot\u00f3n y copie su c\u00f3digo de instalaci\u00f3n, que podr\u00e1 pegar en su sitio web de GoDaddy sin necesidad de comprar una suscripci\u00f3n paga. Con nuestro editor intuitivo, cualquier usuario de Internet puede crear un widget de bot\u00f3n en l\u00ednea e incrustarlo f\u00e1cilmente en su sitio web GoDaddy. No es necesario pagar ni ingresar las credenciales de su tarjeta para acceder al servicio. Si tiene alg\u00fan problema en cualquier paso, no dude en ponerse en contacto con nuestro equipo de soporte t\u00e9cnico.<\/p> <\/div>\r\n\t\t\t\t\t<\/div>\r\n\t\t\t\t<\/div> <\/div><\/div>","protected":false},"excerpt":{"rendered":"","protected":false},"author":9,"featured_media":0,"parent":1881,"menu_order":0,"comment_status":"closed","ping_status":"closed","template":"templates\/template-application-platform.php","meta":{"publish_to_discourse":"","publish_post_category":"","wpdc_auto_publish_overridden":"","wpdc_topic_tags":"","wpdc_pin_topic":"","wpdc_pin_until":"","discourse_post_id":"","discourse_permalink":"","wpdc_publishing_response":"","wpdc_publishing_error":"","footnotes":""},"class_list":["post-6155","page","type-page","status-publish","hentry"],"yoast_head":"<!-- This site is optimized with the Yoast SEO plugin v25.3.1 - https:\/\/yoast.com\/wordpress\/plugins\/seo\/ -->\n<title>Complemento de bot\u00f3n: agregue el complemento de bot\u00f3n al sitio web de GoDaddy.<\/title>\n<meta name=\"description\" content=\"Pruebe el nuevo complemento de bot\u00f3n para GoDaddy. \u00a1Adquiera m\u00e1s seguidores nuevos en sus cuentas de redes sociales y aumente las ventas en su sitio web!\" \/>\n<meta name=\"robots\" content=\"index, follow, max-snippet:-1, max-image-preview:large, max-video-preview:-1\" \/>\n<link rel=\"canonical\" href=\"https:\/\/elfsight.com\/es\/button-widget\/godaddy\/\" \/>\n<meta property=\"og:locale\" content=\"es_ES\" \/>\n<meta property=\"og:type\" content=\"article\" \/>\n<meta property=\"og:title\" content=\"Complemento de bot\u00f3n: agregue el complemento de bot\u00f3n al sitio web de GoDaddy.\" \/>\n<meta property=\"og:description\" content=\"Pruebe el nuevo complemento de bot\u00f3n para GoDaddy. \u00a1Adquiera m\u00e1s seguidores nuevos en sus cuentas de redes sociales y aumente las ventas en su sitio web!\" \/>\n<meta property=\"og:url\" content=\"https:\/\/elfsight.com\/es\/button-widget\/godaddy\/\" \/>\n<meta property=\"og:site_name\" content=\"Elfsight ES\" \/>\n<meta property=\"article:modified_time\" content=\"2025-02-06T16:07:45+00:00\" \/>\n<meta name=\"twitter:card\" content=\"summary_large_image\" \/>\n<meta name=\"twitter:label1\" content=\"Tiempo de lectura\" \/>\n\t<meta name=\"twitter:data1\" content=\"3 minutos\" \/>\n<!-- \/ Yoast SEO plugin. -->","yoast_head_json":{"title":"Complemento de bot\u00f3n: agregue el complemento de bot\u00f3n al sitio web de GoDaddy.","description":"Pruebe el nuevo complemento de bot\u00f3n para GoDaddy. \u00a1Adquiera m\u00e1s seguidores nuevos en sus cuentas de redes sociales y aumente las ventas en su sitio web!","robots":{"index":"index","follow":"follow","max-snippet":"max-snippet:-1","max-image-preview":"max-image-preview:large","max-video-preview":"max-video-preview:-1"},"canonical":"https:\/\/elfsight.com\/es\/button-widget\/godaddy\/","og_locale":"es_ES","og_type":"article","og_title":"Complemento de bot\u00f3n: agregue el complemento de bot\u00f3n al sitio web de GoDaddy.","og_description":"Pruebe el nuevo complemento de bot\u00f3n para GoDaddy. \u00a1Adquiera m\u00e1s seguidores nuevos en sus cuentas de redes sociales y aumente las ventas en su sitio web!","og_url":"https:\/\/elfsight.com\/es\/button-widget\/godaddy\/","og_site_name":"Elfsight ES","article_modified_time":"2025-02-06T16:07:45+00:00","twitter_card":"summary_large_image","twitter_misc":{"Tiempo de lectura":"3 minutos"},"schema":{"@context":"https:\/\/schema.org","@graph":[{"@type":"WebPage","@id":"https:\/\/elfsight.com\/es\/button-widget\/godaddy\/","url":"https:\/\/elfsight.com\/es\/button-widget\/godaddy\/","name":"Complemento de bot\u00f3n: agregue el complemento de bot\u00f3n al sitio web de GoDaddy.","isPartOf":{"@id":"https:\/\/elfsight.com\/es\/#website"},"datePublished":"1970-01-01T00:00:00+00:00","dateModified":"2025-02-06T16:07:45+00:00","description":"Pruebe el nuevo complemento de bot\u00f3n para GoDaddy. \u00a1Adquiera m\u00e1s seguidores nuevos en sus cuentas de redes sociales y aumente las ventas en su sitio web!","breadcrumb":{"@id":"https:\/\/elfsight.com\/es\/button-widget\/godaddy\/#breadcrumb"},"inLanguage":"es","potentialAction":[{"@type":"ReadAction","target":["https:\/\/elfsight.com\/es\/button-widget\/godaddy\/"]}]},{"@type":"BreadcrumbList","@id":"https:\/\/elfsight.com\/es\/button-widget\/godaddy\/#breadcrumb","itemListElement":[{"@type":"ListItem","position":1,"name":"Home","item":"https:\/\/elfsight.com\/es\/"},{"@type":"ListItem","position":2,"name":"Button","item":"https:\/\/elfsight.com\/es\/button-widget\/"},{"@type":"ListItem","position":3,"name":"Button &#8211; GoDaddy"}]},{"@type":"WebSite","@id":"https:\/\/elfsight.com\/es\/#website","url":"https:\/\/elfsight.com\/es\/","name":"Elfsight ES","description":"Just another Elfsight Sites site","potentialAction":[{"@type":"SearchAction","target":{"@type":"EntryPoint","urlTemplate":"https:\/\/elfsight.com\/es\/?s={search_term_string}"},"query-input":{"@type":"PropertyValueSpecification","valueRequired":true,"valueName":"search_term_string"}}],"inLanguage":"es"}]}},"meta_box":{"industry":"","seo_heading":"","heading":"","description":"","cta_heading":"","cta_description":"","application":"1880","h1":"Complemento del bot\u00f3n GoDaddy","h1_caption":"Dirija a sus visitantes directamente a la acci\u00f3n objetivo","application_category":[],"applications_title":"","applications_request_title":"","applications_request_button_text":"","hero_text":"","hero_video":"","hero_video_schema_markup":"","selling_points_title":"","selling_points_caption":"","selling_points":[],"selling_points_cta_text":"","features_title":"","features":"","ed_cta_examples_text":"","ed_cta_examples_hidden":"","ed_cta_demo_text":"","ed_cta_demo_hidden":"","why_caption":"","why_editor_title":"","why_editor_text":"","why_team_title":"","why_team_text":"","why_service_title":"","why_service_text":"","template_catalog_visible":"","template_catalog_title":"","template_catalog_text":"","template_catalog_categories_visible":"","demo_title":"Crea tu complemento de bot\u00f3n","demo_caption":"\u00a1Configura tu bot\u00f3n y agr\u00e9galo a tu sitio web de GoDaddy gratis!","default_faq_hidden":"","app_template_category":[],"platform":"2183","template_public_id":"","codecanyon_url":"","codecanyon_item_id":"","codecanyon_price":"","pricing_caption":"","pricing_elfsight_apps_hide_column":"","pricing_elfsight_apps_url":"","pricing_codecanyon_price_caption":"","integration_category":[],"integration_request_title":"","integration_request_cta":"","integration_platform":"","integrations":[],"platform_category":[],"video_schema_markup":"","price":"desde $0 \/ mes","trial":"","benefits":[{"text":"Servicio de instalaci\u00f3n gratuito"},{"text":"Soporte premium"},{"text":"Garant\u00eda de reembolso de 14 d\u00edas"},{"text":"Desarrollo continuo"}],"button_url":"#demo","button_target_blank":"","button_nofollow":"","attributes":[{"name":"Instalaciones","content":"10,000 - 100,000"},{"name":"Sensible","content":"S\u00ed"},{"name":"Navegadores compatibles","content":"IE11, Firefox, Safari, Opera, Chrome, Edge"}],"tags":[],"tags_disable_links":"","hide_more_platforms":"","video_object":"","demo_hide_cta":"","demo_hide_cloud_options":"","pricing_title":"","pricing":[{"pricing_icon":"platform","pricing_title":"Elfsight Apps","pricing_title_caption":"Versi\u00f3n independiente de la plataforma que se adapta a cualquier sitio","pricing_price":"desde $0 \/ mes","pricing_price_caption":"comienza con el plan gratuito","pricing_benefits":[{"text":"Dominios ilimitados"},{"text":"Soporte profesional, puntual y bien documentado."},{"text":"Ayuda de instalaci\u00f3n gratuita"},{"text":"Dise\u00f1o flexible"}],"pricing_button_text":"A\u00f1adir al sitio web","pricing_button_url":"#demo"}],"related_apps_title":"","related_apps_hidden":"","author":"","image":[],"title":"","job":"","social_networks":[]},"_links":{"self":[{"href":"https:\/\/elfsight.com\/es\/wp-json\/wp\/v2\/pages\/6155","targetHints":{"allow":["GET"]}}],"collection":[{"href":"https:\/\/elfsight.com\/es\/wp-json\/wp\/v2\/pages"}],"about":[{"href":"https:\/\/elfsight.com\/es\/wp-json\/wp\/v2\/types\/page"}],"author":[{"embeddable":true,"href":"https:\/\/elfsight.com\/es\/wp-json\/wp\/v2\/users\/9"}],"replies":[{"embeddable":true,"href":"https:\/\/elfsight.com\/es\/wp-json\/wp\/v2\/comments?post=6155"}],"version-history":[{"count":2,"href":"https:\/\/elfsight.com\/es\/wp-json\/wp\/v2\/pages\/6155\/revisions"}],"predecessor-version":[{"id":19234,"href":"https:\/\/elfsight.com\/es\/wp-json\/wp\/v2\/pages\/6155\/revisions\/19234"}],"up":[{"embeddable":true,"href":"https:\/\/elfsight.com\/es\/wp-json\/wp\/v2\/pages\/1881"}],"wp:attachment":[{"href":"https:\/\/elfsight.com\/es\/wp-json\/wp\/v2\/media?parent=6155"}],"curies":[{"name":"wp","href":"https:\/\/api.w.org\/{rel}","templated":true}]}}