{"id":6146,"date":"1970-01-01T00:00:00","date_gmt":"1970-01-01T00:00:00","guid":{"rendered":"https:\/\/elfsight.com\/es\/?page_id=6146"},"modified":"2025-02-06T16:08:02","modified_gmt":"2025-02-06T16:08:02","slug":"bigcommerce","status":"publish","type":"page","link":"https:\/\/elfsight.com\/es\/button-widget\/bigcommerce\/","title":{"rendered":"Button &#8211; BigCommerce"},"content":{"rendered":"<div class=\"application-platform-content-item-description application-platform-content-item\" id=\"description\" data-nav-section=\"description\"> <h2>Descripci\u00f3n<\/h2> <p>Elfsight Button es una aplicaci\u00f3n para BigCommerce que le permite crear diferentes botones para diferentes prop\u00f3sitos en su sitio web. Hay muchas acciones que se pueden realizar tan pronto como un usuario hace clic en el bot\u00f3n. Por ejemplo, pueden enviarse a alg\u00fan otro sitio web, marcar su n\u00famero de tel\u00e9fono, comunicarse en un mensajero conocido y m\u00e1s. El bot\u00f3n es notablemente personalizable: puede utilizar cualquier texto o contenido alrededor del bot\u00f3n y modificar su tama\u00f1o y estilo. <\/p> <p><b>Aplica un bot\u00f3n atractivo para aumentar las ventas en tu sitio, atraer m\u00e1s suscriptores nuevos en las redes sociales y \u00a1mucho m\u00e1s! <\/b><\/p> <\/div> <div class=\"application-platform-content-item-features application-platform-content-item\" id=\"features\" data-nav-section=\"features\"> <h2>Las caracter\u00edsticas esenciales del widget incluyen<\/h2> <ul><li>Cambiar colores y fuentes<\/li><li>2 tipos de dise\u00f1o de botones: incrustado y flotante<\/li><li>Una opci\u00f3n para agregar contenido alrededor del bot\u00f3n<\/li><li>Una etiqueta que puede ocupar 2 l\u00edneas<\/li><li>M\u00e1s de ocho variantes de escenarios despu\u00e9s de un clic<\/li><\/ul><p><a href=\"#demo\">Simplemente consulte esta demostraci\u00f3n para comprender la funcionalidad del widget<\/a><\/p> <\/div> <div class=\"application-platform-content-item-installation application-platform-content-item\" id=\"installation\" data-nav-section=\"installation\"> <h2>\u00bfC\u00f3mo puedo agregar un bot\u00f3n en mi sitio de BigCommerce? <\/h2> <p>Simplemente siga las pautas a continuaci\u00f3n para integrar la herramienta. <\/p> <ol><li><b>Abra nuestra demostraci\u00f3n gratuita y comience a crear su aplicaci\u00f3n personalizada. <\/b><br> Elija el dise\u00f1o preferible y las caracter\u00edsticas funcionales de la aplicaci\u00f3n y guarde las correcciones. <\/li> <li><b>Obtenga el c\u00f3digo \u00fanico que aparece en el cuadro de Elfsight Apps. <\/b><br> Una vez finalizada la creaci\u00f3n de tu herramienta, copia el c\u00f3digo exclusivo en el cuadro que aparece y gu\u00e1rdalo para ocasiones posteriores. <\/li> <li><b>Comience a usar la aplicaci\u00f3n en la p\u00e1gina de inicio de BigCommerce. <\/b><br> Inserta el c\u00f3digo guardado recientemente en tu p\u00e1gina de inicio y guarda los ajustes. <\/li> <li><b>La instalaci\u00f3n se realiz\u00f3 correctamente. <\/b><br>Vaya a su p\u00e1gina para ver c\u00f3mo funciona la herramienta. <\/li><\/ol> <p>En caso de tener preguntas o enfrentar algunas dificultades, comun\u00edquese con nuestro equipo de soporte. Nuestra gente estar\u00e1 encantada de resolver todos los problemas que pueda tener con el complemento. <\/p> <div class=\"faq\" data-component=\"FAQ\"><div class=\"faq-item\">\r\n\t\t\t\t\t<div class=\"faq-item-question\">\r\n\t\t\t\t\t\t<h3 class=\"faq-item-question-text\">\u00bfC\u00f3mo agregar un bot\u00f3n a mi sitio web de BigCommerce sin conocimientos de codificaci\u00f3n?<\/h3>\r\n\r\n\t\t\t\t\t\t<div class=\"faq-item-question-icon\"><\/div>\r\n\t\t\t\t\t<\/div>\r\n\r\n\t\t\t\t\t<div class=\"faq-item-answer\">\r\n\t\t\t\t\t\t<div class=\"faq-item-answer-text\"> <p>Elfsight proporciona una soluci\u00f3n SaaS que le permite crear un widget de bot\u00f3n usted mismo. Vea lo f\u00e1cil que es el proceso: trabaje directamente en el editor en l\u00ednea para crear un widget de bot\u00f3n que le gustar\u00eda ver en su sitio web de BigCommerce. Elija una de las plantillas predise\u00f1adas y ajuste la configuraci\u00f3n del bot\u00f3n, agregue su contenido, cambie el dise\u00f1o y los colores sin conocimientos de codificaci\u00f3n. Guarde el bot\u00f3n y copie su c\u00f3digo de instalaci\u00f3n, que puede simplemente insertar en su sitio web de BigCommerce sin necesidad de comprar un plan pago. Con nuestro editor intuitivo, cualquier usuario de Internet puede crear un widget de bot\u00f3n en l\u00ednea e incrustarlo f\u00e1cilmente en su sitio web BigCommerce. No es necesario pagar ni ingresar las credenciales de su tarjeta para acceder al servicio. Si tiene alg\u00fan problema en cualquier paso, no dude en ponerse en contacto con nuestro equipo de soporte t\u00e9cnico.<\/p> <\/div>\r\n\t\t\t\t\t<\/div>\r\n\t\t\t\t<\/div> <\/div><\/div><p><\/p>","protected":false},"excerpt":{"rendered":"","protected":false},"author":9,"featured_media":0,"parent":1881,"menu_order":0,"comment_status":"closed","ping_status":"closed","template":"templates\/template-application-platform.php","meta":{"publish_to_discourse":"","publish_post_category":"","wpdc_auto_publish_overridden":"","wpdc_topic_tags":"","wpdc_pin_topic":"","wpdc_pin_until":"","discourse_post_id":"","discourse_permalink":"","wpdc_publishing_response":"","wpdc_publishing_error":"","footnotes":""},"class_list":["post-6146","page","type-page","status-publish","hentry"],"yoast_head":"<!-- This site is optimized with the Yoast SEO plugin v25.3.1 - https:\/\/yoast.com\/wordpress\/plugins\/seo\/ -->\n<title>Aplicaci\u00f3n de creaci\u00f3n de botones: agregar aplicaci\u00f3n de botones a BigCommerce (2025)<\/title>\n<meta name=\"description\" content=\"Pruebe la aplicaci\u00f3n Elfsight Button para BigCommerce. \u00a1Atrae m\u00e1s seguidores nuevos en tus redes sociales y haz que tu empresa sea popular con las herramientas de Elfsight!\" \/>\n<meta name=\"robots\" content=\"index, follow, max-snippet:-1, max-image-preview:large, max-video-preview:-1\" \/>\n<link rel=\"canonical\" href=\"https:\/\/elfsight.com\/es\/button-widget\/bigcommerce\/\" \/>\n<meta property=\"og:locale\" content=\"es_ES\" \/>\n<meta property=\"og:type\" content=\"article\" \/>\n<meta property=\"og:title\" content=\"Aplicaci\u00f3n de creaci\u00f3n de botones: agregar aplicaci\u00f3n de botones a BigCommerce (2025)\" \/>\n<meta property=\"og:description\" content=\"Pruebe la aplicaci\u00f3n Elfsight Button para BigCommerce. \u00a1Atrae m\u00e1s seguidores nuevos en tus redes sociales y haz que tu empresa sea popular con las herramientas de Elfsight!\" \/>\n<meta property=\"og:url\" content=\"https:\/\/elfsight.com\/es\/button-widget\/bigcommerce\/\" \/>\n<meta property=\"og:site_name\" content=\"Elfsight ES\" \/>\n<meta property=\"article:modified_time\" content=\"2025-02-06T16:08:02+00:00\" \/>\n<meta name=\"twitter:card\" content=\"summary_large_image\" \/>\n<meta name=\"twitter:label1\" content=\"Tiempo de lectura\" \/>\n\t<meta name=\"twitter:data1\" content=\"3 minutos\" \/>\n<!-- \/ Yoast SEO plugin. -->","yoast_head_json":{"title":"Aplicaci\u00f3n de creaci\u00f3n de botones: agregar aplicaci\u00f3n de botones a BigCommerce (2025)","description":"Pruebe la aplicaci\u00f3n Elfsight Button para BigCommerce. \u00a1Atrae m\u00e1s seguidores nuevos en tus redes sociales y haz que tu empresa sea popular con las herramientas de Elfsight!","robots":{"index":"index","follow":"follow","max-snippet":"max-snippet:-1","max-image-preview":"max-image-preview:large","max-video-preview":"max-video-preview:-1"},"canonical":"https:\/\/elfsight.com\/es\/button-widget\/bigcommerce\/","og_locale":"es_ES","og_type":"article","og_title":"Aplicaci\u00f3n de creaci\u00f3n de botones: agregar aplicaci\u00f3n de botones a BigCommerce (2025)","og_description":"Pruebe la aplicaci\u00f3n Elfsight Button para BigCommerce. \u00a1Atrae m\u00e1s seguidores nuevos en tus redes sociales y haz que tu empresa sea popular con las herramientas de Elfsight!","og_url":"https:\/\/elfsight.com\/es\/button-widget\/bigcommerce\/","og_site_name":"Elfsight ES","article_modified_time":"2025-02-06T16:08:02+00:00","twitter_card":"summary_large_image","twitter_misc":{"Tiempo de lectura":"3 minutos"},"schema":{"@context":"https:\/\/schema.org","@graph":[{"@type":"WebPage","@id":"https:\/\/elfsight.com\/es\/button-widget\/bigcommerce\/","url":"https:\/\/elfsight.com\/es\/button-widget\/bigcommerce\/","name":"Aplicaci\u00f3n de creaci\u00f3n de botones: agregar aplicaci\u00f3n de botones a BigCommerce (2025)","isPartOf":{"@id":"https:\/\/elfsight.com\/es\/#website"},"datePublished":"1970-01-01T00:00:00+00:00","dateModified":"2025-02-06T16:08:02+00:00","description":"Pruebe la aplicaci\u00f3n Elfsight Button para BigCommerce. \u00a1Atrae m\u00e1s seguidores nuevos en tus redes sociales y haz que tu empresa sea popular con las herramientas de Elfsight!","breadcrumb":{"@id":"https:\/\/elfsight.com\/es\/button-widget\/bigcommerce\/#breadcrumb"},"inLanguage":"es","potentialAction":[{"@type":"ReadAction","target":["https:\/\/elfsight.com\/es\/button-widget\/bigcommerce\/"]}]},{"@type":"BreadcrumbList","@id":"https:\/\/elfsight.com\/es\/button-widget\/bigcommerce\/#breadcrumb","itemListElement":[{"@type":"ListItem","position":1,"name":"Home","item":"https:\/\/elfsight.com\/es\/"},{"@type":"ListItem","position":2,"name":"Button","item":"https:\/\/elfsight.com\/es\/button-widget\/"},{"@type":"ListItem","position":3,"name":"Button &#8211; BigCommerce"}]},{"@type":"WebSite","@id":"https:\/\/elfsight.com\/es\/#website","url":"https:\/\/elfsight.com\/es\/","name":"Elfsight ES","description":"Just another Elfsight Sites site","potentialAction":[{"@type":"SearchAction","target":{"@type":"EntryPoint","urlTemplate":"https:\/\/elfsight.com\/es\/?s={search_term_string}"},"query-input":{"@type":"PropertyValueSpecification","valueRequired":true,"valueName":"search_term_string"}}],"inLanguage":"es"}]}},"meta_box":{"industry":"","seo_heading":"","heading":"","description":"","cta_heading":"","cta_description":"","application":"1880","h1":"Aplicaci\u00f3n Bot\u00f3n BigCommerce","h1_caption":"Lleva a tu audiencia directamente a la acci\u00f3n","application_category":[],"applications_title":"","applications_request_title":"","applications_request_button_text":"","hero_text":"","hero_video":"","hero_video_schema_markup":"","selling_points_title":"","selling_points_caption":"","selling_points":[],"selling_points_cta_text":"","features_title":"","features":"","ed_cta_examples_text":"","ed_cta_examples_hidden":"","ed_cta_demo_text":"","ed_cta_demo_hidden":"","why_caption":"","why_editor_title":"","why_editor_text":"","why_team_title":"","why_team_text":"","why_service_title":"","why_service_text":"","template_catalog_visible":"","template_catalog_title":"","template_catalog_text":"","template_catalog_categories_visible":"","demo_title":"Crea tu aplicaci\u00f3n de botones","demo_caption":"\u00a1Configure su bot\u00f3n y agr\u00e9guelo a su sitio web de BigCommerce gratis!","default_faq_hidden":"","app_template_category":[],"platform":"33","template_public_id":"","codecanyon_url":"","codecanyon_item_id":"","codecanyon_price":"","pricing_caption":"","pricing_elfsight_apps_hide_column":"","pricing_elfsight_apps_url":"","pricing_codecanyon_price_caption":"","integration_category":[],"integration_request_title":"","integration_request_cta":"","integration_platform":"","integrations":[],"platform_category":[],"video_schema_markup":"","price":"desde $0 \/ mes","trial":"","benefits":[{"text":"Servicio de instalaci\u00f3n gratuito"},{"text":"Servicio al cliente competente"},{"text":"Garant\u00eda de devoluci\u00f3n de dinero de 14 d\u00edas"},{"text":"Actualizaciones gratuitas de por vida"}],"button_url":"#demo","button_target_blank":"","button_nofollow":"","attributes":[{"name":"Instalaciones","content":"10,000 - 100,000"},{"name":"Sensible","content":"S\u00ed"},{"name":"Navegadores compatibles","content":"Firefox, Safari, Opera, Chrome, Edge"}],"tags":[],"tags_disable_links":"","hide_more_platforms":"","video_object":"","demo_hide_cta":"","demo_hide_cloud_options":"","pricing_title":"","pricing":[{"pricing_icon":"platform","pricing_title":"Elfsight Apps","pricing_title_caption":"Soluci\u00f3n digital independiente de la plataforma que se adapta a cualquier sitio","pricing_price":"desde $0 \/ mes","pricing_price_caption":"comienza con un plan gratuito","pricing_benefits":[{"text":"Dominios ilimitados"},{"text":"Atenci\u00f3n al cliente profesional"},{"text":"Servicio de instalaci\u00f3n gratuito"},{"text":"Dise\u00f1o flexible"}],"pricing_button_text":"A\u00f1adir al sitio web","pricing_button_url":"#demo"}],"related_apps_title":"","related_apps_hidden":"","author":"","image":[],"title":"","job":"","social_networks":[]},"_links":{"self":[{"href":"https:\/\/elfsight.com\/es\/wp-json\/wp\/v2\/pages\/6146","targetHints":{"allow":["GET"]}}],"collection":[{"href":"https:\/\/elfsight.com\/es\/wp-json\/wp\/v2\/pages"}],"about":[{"href":"https:\/\/elfsight.com\/es\/wp-json\/wp\/v2\/types\/page"}],"author":[{"embeddable":true,"href":"https:\/\/elfsight.com\/es\/wp-json\/wp\/v2\/users\/9"}],"replies":[{"embeddable":true,"href":"https:\/\/elfsight.com\/es\/wp-json\/wp\/v2\/comments?post=6146"}],"version-history":[{"count":2,"href":"https:\/\/elfsight.com\/es\/wp-json\/wp\/v2\/pages\/6146\/revisions"}],"predecessor-version":[{"id":19239,"href":"https:\/\/elfsight.com\/es\/wp-json\/wp\/v2\/pages\/6146\/revisions\/19239"}],"up":[{"embeddable":true,"href":"https:\/\/elfsight.com\/es\/wp-json\/wp\/v2\/pages\/1881"}],"wp:attachment":[{"href":"https:\/\/elfsight.com\/es\/wp-json\/wp\/v2\/media?parent=6146"}],"curies":[{"name":"wp","href":"https:\/\/api.w.org\/{rel}","templated":true}]}}