{"id":6139,"date":"1970-01-01T00:00:00","date_gmt":"1970-01-01T00:00:00","guid":{"rendered":"https:\/\/elfsight.com\/es\/?page_id=6139"},"modified":"2025-02-06T16:08:02","modified_gmt":"2025-02-06T16:08:02","slug":"woocommerce","status":"publish","type":"page","link":"https:\/\/elfsight.com\/es\/rss-feed-widget\/woocommerce\/","title":{"rendered":"RSS Feed &#8211; WooCommerce"},"content":{"rendered":"<div class=\"application-platform-content-item-description application-platform-content-item\" id=\"description\" data-nav-section=\"description\"> <h2>Descripci\u00f3n<\/h2> <p>Elfsight RSS Feed para WooCommerce es un complemento para comercializar emociones y experiencias. Al usarlo, puede crear un feed personalizado compuesto por el contenido de diversos blogs y colocarlo directamente en su sitio web. Ejerza un control total sobre el contenido mostrado y elimine el spam y cualquier contenido no deseado mediante la moderaci\u00f3n manual. El configurador en l\u00ednea totalmente responsivo le proporciona diversas plantillas para elegir. <\/p> <p><b>Con RSS Feed, observe un fuerte crecimiento empresarial y mayores ventas <\/b><\/p> <\/div> <div class=\"application-platform-content-item-features application-platform-content-item\" id=\"features\" data-nav-section=\"features\"> <h2>Explore la lista de las funciones m\u00e1s importantes: <\/h2> <ul><li>Oculte la secci\u00f3n principal para que el widget parezca minimalista. <\/li><li>Elimine el spam y el contenido no deseado con moderaci\u00f3n manual. <\/li><li>Seleccione uno de los 6 dise\u00f1os disponibles: Cuadr\u00edcula, Control deslizante, Mamposter\u00eda, Carrusel, Collage, Lista. <\/li><li>Permite que tus publicaciones se vean en modo emergente. <\/li><\/ul><p><a href=\"#demo\">Puedes descubrir todas las capacidades del complemento en la demostraci\u00f3n <\/a><\/p> <\/div> <div class=\"application-platform-content-item-installation application-platform-content-item\" id=\"installation\" data-nav-section=\"installation\"> <h2>\u00bfC\u00f3mo puedo agregar RSS Feed a mi sitio web WooCommerce? <\/h2> <p>Simplemente siga las instrucciones a continuaci\u00f3n para integrar el widget. <\/p> <ol><li><b>Administre nuestro configurador gratuito y comience a crear su complemento personalizado. <\/b><br> Elija el aspecto y las especificaciones preferibles de la herramienta y guarde las correcciones. <\/li> <li><b>Copie el c\u00f3digo individual expuesto en la ventana de Elfsight Apps. <\/b><br> Inmediatamente despu\u00e9s de que finalice la generaci\u00f3n de su complemento personal, copie el c\u00f3digo individual en el cuadro que aparece y gu\u00e1rdelo para futuras necesidades. <\/li> <li><b>Inicie el uso del complemento en su sitio web WooCommerce. <\/b><br>Incrusta el c\u00f3digo guardado anteriormente en tu p\u00e1gina y guarda las mejoras. <\/li> <li><b>La configuraci\u00f3n se realiz\u00f3 exitosamente. <\/b><br>Vaya a su p\u00e1gina para revisar c\u00f3mo funciona la herramienta. <\/li><\/ol> <p>Si tienes dudas o te encuentras con alguna complicaci\u00f3n, no dudes en ponerte en contacto con nuestro personal de atenci\u00f3n al cliente. Nuestra gente estar\u00e1 encantada de ayudarle con todas las preguntas que pueda tener sobre el complemento. <\/p> <\/div><div class=\"faq\" data-component=\"FAQ\"><div class=\"faq-item\">\r\n\t\t\t\t\t<div class=\"faq-item-question\">\r\n\t\t\t\t\t\t<h3 class=\"faq-item-question-text\">\u00bfC\u00f3mo agregar un feed RSS a mi p\u00e1gina web WooCommerce sin conocimientos de codificaci\u00f3n?<\/h3>\r\n\r\n\t\t\t\t\t\t<div class=\"faq-item-question-icon\"><\/div>\r\n\t\t\t\t\t<\/div>\r\n\r\n\t\t\t\t\t<div class=\"faq-item-answer\">\r\n\t\t\t\t\t\t<div class=\"faq-item-answer-text\"><p>La empresa Elfsight ofrece una soluci\u00f3n en la nube que le permite establecer un complemento de feed RSS usted mismo. Aprenda los pasos sencillos: <\/p><ul><li>Vaya a la demostraci\u00f3n en vivo para generar una secci\u00f3n de feed RSS que le gustar\u00eda incluir WooCommerce.<\/li><li>Haga clic en una de nuestras plantillas predise\u00f1adas y cambie la configuraci\u00f3n de la fuente RSS, modifique el dise\u00f1o y los colores, actualice su contenido sin conocimientos de codificaci\u00f3n.<\/li><li>Guarde la configuraci\u00f3n que ha realizado en la fuente RSS y obtenga el c\u00f3digo de instalaci\u00f3n del widget, que puede incluirse simplemente en cualquier p\u00e1gina de inicio de WooCommerce dentro de un plan gratuito.<\/li><\/ul><p>Con el editor intuitivo, cualquier usuario de Internet puede establecer una fuente RSS e incrustarla sin esfuerzo en el sitio WooCommerce. No debes pagar ni enviar los datos de tu tarjeta para acceder al servicio. Si encuentra alg\u00fan obst\u00e1culo en alg\u00fan paso, no dude en ponerse en contacto con nuestro equipo de soporte t\u00e9cnico.<\/p><\/div>\r\n\t\t\t\t\t<\/div>\r\n\t\t\t\t<\/div><\/div>","protected":false},"excerpt":{"rendered":"","protected":false},"author":9,"featured_media":0,"parent":1899,"menu_order":0,"comment_status":"closed","ping_status":"closed","template":"templates\/template-application-platform.php","meta":{"publish_to_discourse":"","publish_post_category":"","wpdc_auto_publish_overridden":"","wpdc_topic_tags":"","wpdc_pin_topic":"","wpdc_pin_until":"","discourse_post_id":"","discourse_permalink":"","wpdc_publishing_response":"","wpdc_publishing_error":"","footnotes":""},"class_list":["post-6139","page","type-page","status-publish","hentry"],"yoast_head":"<!-- This site is optimized with the Yoast SEO plugin v25.3.1 - https:\/\/yoast.com\/wordpress\/plugins\/seo\/ -->\n<title>Agregue el complemento RSS Feed al sitio web de WooCommerce (r\u00e1pido y gratuito)<\/title>\n<meta name=\"description\" content=\"Agregue un complemento de fuente RSS receptivo en su sitio WooCommerce. Utilice la pr\u00e1ctica demostraci\u00f3n de Elfsight y cree su fascinante canal RSS con un par de clics\" \/>\n<meta name=\"robots\" content=\"index, follow, max-snippet:-1, max-image-preview:large, max-video-preview:-1\" \/>\n<link rel=\"canonical\" href=\"https:\/\/elfsight.com\/es\/rss-feed-widget\/woocommerce\/\" \/>\n<meta property=\"og:locale\" content=\"es_ES\" \/>\n<meta property=\"og:type\" content=\"article\" \/>\n<meta property=\"og:title\" content=\"Agregue el complemento RSS Feed al sitio web de WooCommerce (r\u00e1pido y gratuito)\" \/>\n<meta property=\"og:description\" content=\"Agregue un complemento de fuente RSS receptivo en su sitio WooCommerce. Utilice la pr\u00e1ctica demostraci\u00f3n de Elfsight y cree su fascinante canal RSS con un par de clics\" \/>\n<meta property=\"og:url\" content=\"https:\/\/elfsight.com\/es\/rss-feed-widget\/woocommerce\/\" \/>\n<meta property=\"og:site_name\" content=\"Elfsight ES\" \/>\n<meta property=\"article:modified_time\" content=\"2025-02-06T16:08:02+00:00\" \/>\n<meta name=\"twitter:card\" content=\"summary_large_image\" \/>\n<meta name=\"twitter:label1\" content=\"Tiempo de lectura\" \/>\n\t<meta name=\"twitter:data1\" content=\"3 minutos\" \/>\n<!-- \/ Yoast SEO plugin. -->","yoast_head_json":{"title":"Agregue el complemento RSS Feed al sitio web de WooCommerce (r\u00e1pido y gratuito)","description":"Agregue un complemento de fuente RSS receptivo en su sitio WooCommerce. Utilice la pr\u00e1ctica demostraci\u00f3n de Elfsight y cree su fascinante canal RSS con un par de clics","robots":{"index":"index","follow":"follow","max-snippet":"max-snippet:-1","max-image-preview":"max-image-preview:large","max-video-preview":"max-video-preview:-1"},"canonical":"https:\/\/elfsight.com\/es\/rss-feed-widget\/woocommerce\/","og_locale":"es_ES","og_type":"article","og_title":"Agregue el complemento RSS Feed al sitio web de WooCommerce (r\u00e1pido y gratuito)","og_description":"Agregue un complemento de fuente RSS receptivo en su sitio WooCommerce. Utilice la pr\u00e1ctica demostraci\u00f3n de Elfsight y cree su fascinante canal RSS con un par de clics","og_url":"https:\/\/elfsight.com\/es\/rss-feed-widget\/woocommerce\/","og_site_name":"Elfsight ES","article_modified_time":"2025-02-06T16:08:02+00:00","twitter_card":"summary_large_image","twitter_misc":{"Tiempo de lectura":"3 minutos"},"schema":{"@context":"https:\/\/schema.org","@graph":[{"@type":"WebPage","@id":"https:\/\/elfsight.com\/es\/rss-feed-widget\/woocommerce\/","url":"https:\/\/elfsight.com\/es\/rss-feed-widget\/woocommerce\/","name":"Agregue el complemento RSS Feed al sitio web de WooCommerce (r\u00e1pido y gratuito)","isPartOf":{"@id":"https:\/\/elfsight.com\/es\/#website"},"datePublished":"1970-01-01T00:00:00+00:00","dateModified":"2025-02-06T16:08:02+00:00","description":"Agregue un complemento de fuente RSS receptivo en su sitio WooCommerce. Utilice la pr\u00e1ctica demostraci\u00f3n de Elfsight y cree su fascinante canal RSS con un par de clics","breadcrumb":{"@id":"https:\/\/elfsight.com\/es\/rss-feed-widget\/woocommerce\/#breadcrumb"},"inLanguage":"es","potentialAction":[{"@type":"ReadAction","target":["https:\/\/elfsight.com\/es\/rss-feed-widget\/woocommerce\/"]}]},{"@type":"BreadcrumbList","@id":"https:\/\/elfsight.com\/es\/rss-feed-widget\/woocommerce\/#breadcrumb","itemListElement":[{"@type":"ListItem","position":1,"name":"Home","item":"https:\/\/elfsight.com\/es\/"},{"@type":"ListItem","position":2,"name":"RSS Feed","item":"https:\/\/elfsight.com\/es\/rss-feed-widget\/"},{"@type":"ListItem","position":3,"name":"RSS Feed &#8211; WooCommerce"}]},{"@type":"WebSite","@id":"https:\/\/elfsight.com\/es\/#website","url":"https:\/\/elfsight.com\/es\/","name":"Elfsight ES","description":"Just another Elfsight Sites site","potentialAction":[{"@type":"SearchAction","target":{"@type":"EntryPoint","urlTemplate":"https:\/\/elfsight.com\/es\/?s={search_term_string}"},"query-input":{"@type":"PropertyValueSpecification","valueRequired":true,"valueName":"search_term_string"}}],"inLanguage":"es"}]}},"meta_box":{"industry":"","seo_heading":"","heading":"","description":"","cta_heading":"","cta_description":"","application":"1898","h1":"Complemento de fuente RSS de WooCommerce","h1_caption":"Incruste un feed rss en su sitio web para mostrar contenido de fuentes externas, manteniendo su sitio web actualizado con material nuevo en su sitio web WooCommerce sin esfuerzo.","application_category":[],"applications_title":"","applications_request_title":"","applications_request_button_text":"","hero_text":"","hero_video":"","hero_video_schema_markup":"","selling_points_title":"","selling_points_caption":"","selling_points":[],"selling_points_cta_text":"","features_title":"","features":"","ed_cta_examples_text":"","ed_cta_examples_hidden":"","ed_cta_demo_text":"","ed_cta_demo_hidden":"","why_caption":"","why_editor_title":"","why_editor_text":"","why_team_title":"","why_team_text":"","why_service_title":"","why_service_text":"","template_catalog_visible":"","template_catalog_title":"","template_catalog_text":"","template_catalog_categories_visible":"","demo_title":"Crea tu aplicaci\u00f3n RSS Feed","demo_caption":"\u00a1Configure su fuente RSS y agr\u00e9guela a su sitio web WooCommerce de forma gratuita!","default_faq_hidden":"","app_template_category":[],"platform":"2311","template_public_id":"","codecanyon_url":"","codecanyon_item_id":"","codecanyon_price":"","pricing_caption":"","pricing_elfsight_apps_hide_column":"","pricing_elfsight_apps_url":"","pricing_codecanyon_price_caption":"","integration_category":[],"integration_request_title":"","integration_request_cta":"","integration_platform":"","integrations":[],"platform_category":[],"video_schema_markup":"","price":"desde $0 \/ mes","trial":"","benefits":[{"text":"Servicio de instalaci\u00f3n gratuito"},{"text":"Servicio al cliente competente"},{"text":"Garant\u00eda de reembolso de 14 d\u00edas"},{"text":"Actualizaciones continuas"}],"button_url":"#demo","button_target_blank":"","button_nofollow":"","attributes":[{"name":"Instalaciones","content":"10,000 - 100,000"},{"name":"Sensible","content":"S\u00ed"},{"name":"Navegadores compatibles","content":"Firefox, Safari, Opera, Chrome, Edge"}],"tags":[],"tags_disable_links":"","hide_more_platforms":"","video_object":"","demo_hide_cta":"","demo_hide_cloud_options":"","pricing_title":"","pricing":[{"pricing_icon":"platform","pricing_title":"Elfsight Apps","pricing_title_caption":"Versi\u00f3n independiente de la plataforma que se adapta a cualquier sitio web","pricing_price":"desde $0 \/ mes","pricing_price_caption":"comienza con un plan gratuito","pricing_benefits":[{"text":"Dominios ilimitados"},{"text":"Soporte empresarial dedicado"},{"text":"Ayuda de instalaci\u00f3n gratuita"},{"text":"Totalmente personalizable"}],"pricing_button_text":"A\u00f1adir al sitio web","pricing_button_url":"#demo"}],"related_apps_title":"","related_apps_hidden":"","author":"","image":[],"title":"","job":"","social_networks":[]},"_links":{"self":[{"href":"https:\/\/elfsight.com\/es\/wp-json\/wp\/v2\/pages\/6139","targetHints":{"allow":["GET"]}}],"collection":[{"href":"https:\/\/elfsight.com\/es\/wp-json\/wp\/v2\/pages"}],"about":[{"href":"https:\/\/elfsight.com\/es\/wp-json\/wp\/v2\/types\/page"}],"author":[{"embeddable":true,"href":"https:\/\/elfsight.com\/es\/wp-json\/wp\/v2\/users\/9"}],"replies":[{"embeddable":true,"href":"https:\/\/elfsight.com\/es\/wp-json\/wp\/v2\/comments?post=6139"}],"version-history":[{"count":2,"href":"https:\/\/elfsight.com\/es\/wp-json\/wp\/v2\/pages\/6139\/revisions"}],"predecessor-version":[{"id":19241,"href":"https:\/\/elfsight.com\/es\/wp-json\/wp\/v2\/pages\/6139\/revisions\/19241"}],"up":[{"embeddable":true,"href":"https:\/\/elfsight.com\/es\/wp-json\/wp\/v2\/pages\/1899"}],"wp:attachment":[{"href":"https:\/\/elfsight.com\/es\/wp-json\/wp\/v2\/media?parent=6139"}],"curies":[{"name":"wp","href":"https:\/\/api.w.org\/{rel}","templated":true}]}}