{"id":6138,"date":"1970-01-01T00:00:00","date_gmt":"1970-01-01T00:00:00","guid":{"rendered":"https:\/\/elfsight.com\/es\/?page_id=6138"},"modified":"2026-02-19T14:34:47","modified_gmt":"2026-02-19T14:34:47","slug":"wix","status":"publish","type":"page","link":"https:\/\/elfsight.com\/es\/rss-feed-widget\/wix\/","title":{"rendered":"RSS Feed &#8211; Wix"},"content":{"rendered":"<div class=\"application-platform-content-item-description application-platform-content-item\" id=\"description\" data-nav-section=\"description\"> <h2>Descripci\u00f3n<\/h2> <p>Elfsight RSS Feed para Wix es una aplicaci\u00f3n exclusiva para comercializar emociones y experiencias. Al usarlo, puede crear un feed personalizado compuesto por el contenido de diversos blogs y demostrarlo directamente en su sitio web. Ejerza el control total sobre el contenido mostrado y elimine el spam y cualquier contenido no deseado mediante la moderaci\u00f3n manual. El configurador en l\u00ednea totalmente responsivo le ofrece m\u00faltiples plantillas para elegir. <\/p> <p><b>Haga que su sitio web tenga m\u00e1s \u00e9xito para los objetivos comerciales mediante RSS Feed<\/b><\/p> <\/div> <div class=\"application-platform-content-item-features application-platform-content-item\" id=\"features\" data-nav-section=\"features\"> <h2>Las funciones del widget central contienen<\/h2> <ul><li>Oculte el encabezado para que su aplicaci\u00f3n parezca minimalista. <\/li><li>Desh\u00e1gase del spam y del contenido no deseado con moderaci\u00f3n manual. <\/li><li>Seleccione uno de los seis dise\u00f1os disponibles: carrusel, control deslizante, collage, cuadr\u00edcula, lista, mamposter\u00eda. <\/li><li>Deja que tus publicaciones aparezcan en modo emergente. <\/li><\/ul><p><a href=\"#demo\">Puedes probar todas las capacidades del widget en la demostraci\u00f3n a continuaci\u00f3n<\/a><\/p> <\/div> <div class=\"application-platform-content-item-installation application-platform-content-item\" id=\"installation\" data-nav-section=\"installation\"> <h2>\u00bfC\u00f3mo incrusto RSS Feed en mi sitio Wix? <\/h2><div class=\"video-container\">\n<iframe width=\"720\" height=\"405\" src=\"https:\/\/www.youtube.com\/embed\/M09G4ho9ZwI?si=QUgKnPRPiudhll6Z\" frameborder=\"0\" allowfullscreen=\"\"><\/iframe>\n<\/div> <p>Simplemente siga un par de pasos que se describen a continuaci\u00f3n para insertar la aplicaci\u00f3n. <\/p> <ol><li><b>Administre nuestro editor gratuito y comience a crear su aplicaci\u00f3n personalizada. <\/b><br> Elija la interfaz preferible y las caracter\u00edsticas funcionales de la herramienta y aplique las ediciones. <\/li> <li><b>Reciba el c\u00f3digo individual expuesto en el cuadro de Elfsight Apps. <\/b><br> Tan pronto como haya terminado de establecer su widget, copie el c\u00f3digo individual de la ventana emergente que aparece y gu\u00e1rdelo para usarlo en el futuro. <\/li> <li><b>Entra en el uso de la aplicaci\u00f3n en tu sitio Wix. <\/b><br>Incrusta el c\u00f3digo que has guardado recientemente en tu p\u00e1gina y aplica los ajustes. <\/li> <li><b>\u00a1Listo! La integraci\u00f3n se realiza por completo. <\/b><br> Vaya a su sitio para ver c\u00f3mo funciona el widget. <\/li><\/ol> <p>Si experimenta algunas dificultades, no dude en ponerse en contacto con nuestro equipo de soporte. Nuestros consultores estar\u00e1n encantados de ayudarle con todas las dificultades que pueda tener con el producto. <\/p> <\/div><div class=\"faq\" data-component=\"FAQ\"><div class=\"faq-item\">\r\n\t\t\t\t\t<div class=\"faq-item-question\">\r\n\t\t\t\t\t\t<h3 class=\"faq-item-question-text\">\u00bfExiste alguna forma de incrustar un feed RSS en mi sitio web Wix sin experiencia en codificaci\u00f3n?<\/h3>\r\n\r\n\t\t\t\t\t\t<div class=\"faq-item-question-icon\"><\/div>\r\n\t\t\t\t\t<\/div>\r\n\r\n\t\t\t\t\t<div class=\"faq-item-answer\">\r\n\t\t\t\t\t\t<div class=\"faq-item-answer-text\"><p>La empresa Elfsight ofrece una soluci\u00f3n en la nube que permite al usuario crear un widget de feed RSS usted mismo. Vea lo f\u00e1cil que es: <\/p><ul><li>Comience a trabajar directamente en el editor en l\u00ednea para crear un widget RSS. Widget de feed que le gustar\u00eda agregar a su sitio Wix.<\/li><li>Decida una de las muchas plantillas listas para usar y ajuste la configuraci\u00f3n del feed RSS, actualice su contenido, modifique el dise\u00f1o y los colores sin codificaci\u00f3n.<\/li><li>Haga clic para guardar el feed RSS y obtenga el c\u00f3digo del complemento para incrustarlo, que puede agregar f\u00e1cilmente en el sitio web de Wix sin necesidad de comprar una versi\u00f3n paga.<\/li><\/ul><p>Con la ayuda de nuestro Configurador f\u00e1cil de usar, cada usuario web puede crear secci\u00f3n RSS Feed en l\u00ednea y p\u00e9gala f\u00e1cilmente en el sitio web de Wix. No es necesario obtener un plan pago ni revelar las credenciales de su tarjeta para ingresar a nuestro Editor. Si encuentra alg\u00fan problema de cualquier tipo, no dude en hablar con nuestro servicio de atenci\u00f3n al cliente.<\/p><\/div>\r\n\t\t\t\t\t<\/div>\r\n\t\t\t\t<\/div><\/div>","protected":false},"excerpt":{"rendered":"","protected":false},"author":9,"featured_media":0,"parent":1899,"menu_order":0,"comment_status":"closed","ping_status":"closed","template":"templates\/template-application-platform.php","meta":{"publish_to_discourse":"","publish_post_category":"","wpdc_auto_publish_overridden":"","wpdc_topic_tags":"","wpdc_pin_topic":"","wpdc_pin_until":"","discourse_post_id":"","discourse_permalink":"","wpdc_publishing_response":"","wpdc_publishing_error":"","footnotes":""},"class_list":["post-6138","page","type-page","status-publish","hentry"],"yoast_head":"<!-- This site is optimized with the Yoast SEO plugin v25.3.1 - https:\/\/yoast.com\/wordpress\/plugins\/seo\/ -->\n<title>Agrega la aplicaci\u00f3n RSS Feed al sitio web de Wix (r\u00e1pido y gratis)<\/title>\n<meta name=\"description\" content=\"Integra una aplicaci\u00f3n RSS Feed f\u00e1cil de administrar en tu sitio Wix. Utilice la pr\u00e1ctica demostraci\u00f3n de Elfsight y cree su elegante canal RSS con un par de clics\" \/>\n<meta name=\"robots\" content=\"index, follow, max-snippet:-1, max-image-preview:large, max-video-preview:-1\" \/>\n<link rel=\"canonical\" href=\"https:\/\/elfsight.com\/es\/rss-feed-widget\/wix\/\" \/>\n<meta property=\"og:locale\" content=\"es_ES\" \/>\n<meta property=\"og:type\" content=\"article\" \/>\n<meta property=\"og:title\" content=\"Agrega la aplicaci\u00f3n RSS Feed al sitio web de Wix (r\u00e1pido y gratis)\" \/>\n<meta property=\"og:description\" content=\"Integra una aplicaci\u00f3n RSS Feed f\u00e1cil de administrar en tu sitio Wix. Utilice la pr\u00e1ctica demostraci\u00f3n de Elfsight y cree su elegante canal RSS con un par de clics\" \/>\n<meta property=\"og:url\" content=\"https:\/\/elfsight.com\/es\/rss-feed-widget\/wix\/\" \/>\n<meta property=\"og:site_name\" content=\"Elfsight ES\" \/>\n<meta property=\"article:modified_time\" content=\"2026-02-19T14:34:47+00:00\" \/>\n<meta name=\"twitter:card\" content=\"summary_large_image\" \/>\n<meta name=\"twitter:label1\" content=\"Tiempo de lectura\" \/>\n\t<meta name=\"twitter:data1\" content=\"3 minutos\" \/>\n<!-- \/ Yoast SEO plugin. -->","yoast_head_json":{"title":"Agrega la aplicaci\u00f3n RSS Feed al sitio web de Wix (r\u00e1pido y gratis)","description":"Integra una aplicaci\u00f3n RSS Feed f\u00e1cil de administrar en tu sitio Wix. Utilice la pr\u00e1ctica demostraci\u00f3n de Elfsight y cree su elegante canal RSS con un par de clics","robots":{"index":"index","follow":"follow","max-snippet":"max-snippet:-1","max-image-preview":"max-image-preview:large","max-video-preview":"max-video-preview:-1"},"canonical":"https:\/\/elfsight.com\/es\/rss-feed-widget\/wix\/","og_locale":"es_ES","og_type":"article","og_title":"Agrega la aplicaci\u00f3n RSS Feed al sitio web de Wix (r\u00e1pido y gratis)","og_description":"Integra una aplicaci\u00f3n RSS Feed f\u00e1cil de administrar en tu sitio Wix. Utilice la pr\u00e1ctica demostraci\u00f3n de Elfsight y cree su elegante canal RSS con un par de clics","og_url":"https:\/\/elfsight.com\/es\/rss-feed-widget\/wix\/","og_site_name":"Elfsight ES","article_modified_time":"2026-02-19T14:34:47+00:00","twitter_card":"summary_large_image","twitter_misc":{"Tiempo de lectura":"3 minutos"},"schema":{"@context":"https:\/\/schema.org","@graph":[{"@type":"WebPage","@id":"https:\/\/elfsight.com\/es\/rss-feed-widget\/wix\/","url":"https:\/\/elfsight.com\/es\/rss-feed-widget\/wix\/","name":"Agrega la aplicaci\u00f3n RSS Feed al sitio web de Wix (r\u00e1pido y gratis)","isPartOf":{"@id":"https:\/\/elfsight.com\/es\/#website"},"datePublished":"1970-01-01T00:00:00+00:00","dateModified":"2026-02-19T14:34:47+00:00","description":"Integra una aplicaci\u00f3n RSS Feed f\u00e1cil de administrar en tu sitio Wix. Utilice la pr\u00e1ctica demostraci\u00f3n de Elfsight y cree su elegante canal RSS con un par de clics","breadcrumb":{"@id":"https:\/\/elfsight.com\/es\/rss-feed-widget\/wix\/#breadcrumb"},"inLanguage":"es","potentialAction":[{"@type":"ReadAction","target":["https:\/\/elfsight.com\/es\/rss-feed-widget\/wix\/"]}]},{"@type":"BreadcrumbList","@id":"https:\/\/elfsight.com\/es\/rss-feed-widget\/wix\/#breadcrumb","itemListElement":[{"@type":"ListItem","position":1,"name":"Home","item":"https:\/\/elfsight.com\/es\/"},{"@type":"ListItem","position":2,"name":"RSS Feed","item":"https:\/\/elfsight.com\/es\/rss-feed-widget\/"},{"@type":"ListItem","position":3,"name":"RSS Feed &#8211; Wix"}]},{"@type":"WebSite","@id":"https:\/\/elfsight.com\/es\/#website","url":"https:\/\/elfsight.com\/es\/","name":"Elfsight ES","description":"Just another Elfsight Sites site","potentialAction":[{"@type":"SearchAction","target":{"@type":"EntryPoint","urlTemplate":"https:\/\/elfsight.com\/es\/?s={search_term_string}"},"query-input":{"@type":"PropertyValueSpecification","valueRequired":true,"valueName":"search_term_string"}}],"inLanguage":"es"}]}},"meta_box":{"industry":"","seo_heading":"","heading":"","description":"","cta_heading":"","cta_description":"","application":"1898","h1":"Aplicaci\u00f3n Wix RSS Feed","h1_caption":"Inserta un feed rss en tu sitio web para mostrar contenido de fuentes externas, manteniendo tu sitio web actualizado con material nuevo en tu sitio web Wix sin esfuerzo.","application_category":[],"applications_title":"","applications_request_title":"","applications_request_button_text":"","hero_text":"","hero_video":"","hero_video_schema_markup":"","selling_points_title":"","selling_points_caption":"","selling_points":[],"selling_points_cta_text":"","features_title":"","features":"","ed_cta_examples_text":"","ed_cta_examples_hidden":"","ed_cta_demo_text":"","ed_cta_demo_hidden":"","why_caption":"","why_editor_title":"","why_editor_text":"","why_team_title":"","why_team_text":"","why_service_title":"","why_service_text":"","template_catalog_visible":"0","template_catalog_title":"","template_catalog_text":"","template_catalog_categories_visible":"","demo_title":"Crea tu aplicaci\u00f3n RSS Feed","demo_caption":"\u00a1Configura tu feed RSS y agr\u00e9galo a tu sitio web Wix gratis!","default_faq_hidden":"","app_template_category":[],"platform":"112","template_public_id":"","codecanyon_url":"","codecanyon_item_id":"","codecanyon_price":"","pricing_caption":"","pricing_elfsight_apps_hide_column":"","pricing_elfsight_apps_url":"","pricing_codecanyon_price_caption":"","integration_category":[],"integration_request_title":"","integration_request_cta":"","integration_platform":"","integrations":[],"platform_category":[],"video_schema_markup":"","price":"desde $0 \/ mes","trial":"","benefits":[{"text":"Ayuda de instalaci\u00f3n gratuita"},{"text":"Servicio al cliente profesional"},{"text":"Garant\u00eda de devoluci\u00f3n de dinero de 14 d\u00edas"},{"text":"Actualizando constantemente"}],"button_url":"#demo","button_target_blank":"0","button_nofollow":"0","attributes":[{"name":"Instalaciones","content":"10,000 - 100,000"},{"name":"Sensible","content":"S\u00ed"},{"name":"Navegadores compatibles","content":"Firefox, Safari, Opera, Chrome, Edge"}],"tags":[],"tags_disable_links":"0","hide_more_platforms":"0","video_object":"","demo_hide_cta":"0","demo_hide_cloud_options":"0","pricing_title":"","pricing":[{"pricing_icon":"platform","pricing_title":"Elfsight Apps","pricing_title_caption":"Versi\u00f3n independiente de la plataforma que funciona en cualquier sitio","pricing_price":"desde $0 \/ mes","pricing_price_caption":"comienza con un plan gratuito","pricing_benefits":[{"text":"Dominios ilimitados"},{"text":"Soporte empresarial 24 horas al d\u00eda, 7 d\u00edas a la semana"},{"text":"Ayuda de instalaci\u00f3n gratuita"},{"text":"Dise\u00f1o flexible"}],"pricing_button_text":"A\u00f1adir al sitio web","pricing_button_url":"#demo"}],"related_apps_title":"","related_apps_hidden":"0","author":"","image":[],"title":"","job":"","social_networks":[]},"_links":{"self":[{"href":"https:\/\/elfsight.com\/es\/wp-json\/wp\/v2\/pages\/6138","targetHints":{"allow":["GET"]}}],"collection":[{"href":"https:\/\/elfsight.com\/es\/wp-json\/wp\/v2\/pages"}],"about":[{"href":"https:\/\/elfsight.com\/es\/wp-json\/wp\/v2\/types\/page"}],"author":[{"embeddable":true,"href":"https:\/\/elfsight.com\/es\/wp-json\/wp\/v2\/users\/9"}],"replies":[{"embeddable":true,"href":"https:\/\/elfsight.com\/es\/wp-json\/wp\/v2\/comments?post=6138"}],"version-history":[{"count":3,"href":"https:\/\/elfsight.com\/es\/wp-json\/wp\/v2\/pages\/6138\/revisions"}],"predecessor-version":[{"id":20062,"href":"https:\/\/elfsight.com\/es\/wp-json\/wp\/v2\/pages\/6138\/revisions\/20062"}],"up":[{"embeddable":true,"href":"https:\/\/elfsight.com\/es\/wp-json\/wp\/v2\/pages\/1899"}],"wp:attachment":[{"href":"https:\/\/elfsight.com\/es\/wp-json\/wp\/v2\/media?parent=6138"}],"curies":[{"name":"wp","href":"https:\/\/api.w.org\/{rel}","templated":true}]}}