{"id":6133,"date":"1970-01-01T00:00:00","date_gmt":"1970-01-01T00:00:00","guid":{"rendered":"https:\/\/elfsight.com\/es\/?page_id=6133"},"modified":"2025-02-06T16:08:11","modified_gmt":"2025-02-06T16:08:11","slug":"weebly","status":"publish","type":"page","link":"https:\/\/elfsight.com\/es\/rss-feed-widget\/weebly\/","title":{"rendered":"RSS Feed &#8211; Weebly"},"content":{"rendered":"<div class=\"application-platform-content-item-description application-platform-content-item\" id=\"description\" data-nav-section=\"description\"> <h2>Descripci\u00f3n<\/h2> <p>Elfsight RSS Feed para Weebly es una aplicaci\u00f3n para comercializar emociones y experiencias. Con \u00e9l, puede dise\u00f1ar feeds personalizados a partir del contenido de muchos blogs de noticias y mostrarlos directamente en su sitio web. Disfrute del control total sobre el contenido demostrado y elimine el spam y cualquier contenido no deseado mediante la moderaci\u00f3n manual. El configurador en l\u00ednea completamente responsivo le ofrece varias plantillas para seleccionar. <\/p> <p><b>\u00a1Inserte feed RSS para alcanzar sus desaf\u00edos comerciales m\u00e1s r\u00e1pido! <\/b><\/p> <\/div> <div class=\"application-platform-content-item-features application-platform-content-item\" id=\"features\" data-nav-section=\"features\"> <h2>Las caracter\u00edsticas clave del widget contienen<\/h2> <ul><li>Cubre la secci\u00f3n principal para que el widget luzca minimalista. <\/li><li>Elimine cualquier spam y contenido no deseado mediante el modo de moderaci\u00f3n manual. <\/li><li>Seleccione uno de los 6 dise\u00f1os disponibles: lista, control deslizante, cuadr\u00edcula, collage, carrusel y mamposter\u00eda. <\/li><li>Permite que tus publicaciones se muestren en una ventana emergente. <\/li><\/ul><p><a href=\"#demo\">Puedes explorar todas las capacidades del widget en la demostraci\u00f3n aqu\u00ed<\/a><\/p> <\/div> <div class=\"application-platform-content-item-installation application-platform-content-item\" id=\"installation\" data-nav-section=\"installation\"> <h2>\u00bfC\u00f3mo agregar fuente RSS a mi sitio web Weebly? <\/h2> <p>Simplemente siga los pasos que se presentan a continuaci\u00f3n para comenzar a trabajar con la aplicaci\u00f3n. <\/p> <ol><li><b>Emplee nuestra demostraci\u00f3n gratuita y comience a crear su aplicaci\u00f3n \u00fanica. <\/b><br> Elija la forma y los par\u00e1metros adecuados de la herramienta y aplique las ediciones. <\/li> <li><b>Obtenga su c\u00f3digo individual revelado en la ventana de Elfsight Apps. <\/b><br> Cuando finalice la creaci\u00f3n de su aplicaci\u00f3n, copie el c\u00f3digo exclusivo en la ventana emergente que aparece y gu\u00e1rdelo para futuras ocasiones. <\/li> <li><b>Entra en el uso de la herramienta en tu sitio web Weebly. <\/b><br>Implementa el c\u00f3digo copiado anteriormente en tu sitio web y guarda las mejoras. <\/li> <li><b>\u00a1Listo! La incrustaci\u00f3n se realiza con \u00e9xito. <\/b><br>Vaya a su sitio web para comprobar c\u00f3mo se est\u00e1 ejecutando el widget. <\/li><\/ol> <p>A condici\u00f3n de atender consultas o enfrentar cualquier dificultad, no dude en comunicarse con nuestro personal de soporte. Nuestros especialistas anhelan resolver todos los problemas que puedas tener con la aplicaci\u00f3n. <\/p> <\/div><div class=\"faq\" data-component=\"FAQ\"><div class=\"faq-item\">\r\n\t\t\t\t\t<div class=\"faq-item-question\">\r\n\t\t\t\t\t\t<h3 class=\"faq-item-question-text\">\u00bfDe qu\u00e9 manera puedo agregar un canal RSS a mi p\u00e1gina de inicio de Weebly sin conocimientos de codificaci\u00f3n?<\/h3>\r\n\r\n\t\t\t\t\t\t<div class=\"faq-item-question-icon\"><\/div>\r\n\t\t\t\t\t<\/div>\r\n\r\n\t\t\t\t\t<div class=\"faq-item-answer\">\r\n\t\t\t\t\t\t<div class=\"faq-item-answer-text\"><p>La empresa Elfsight ofrece una soluci\u00f3n SaaS que permite a las personas generar una aplicaci\u00f3n de canal RSS usted mismo. Descubra la gu\u00eda sencilla: <\/p><ul><li>Vaya a la demostraci\u00f3n en vivo para crear una secci\u00f3n de canal RSS que usted mismo usar\u00eda desea integrar en su p\u00e1gina de inicio de Weebly.<\/li><li>Seleccione una de las plantillas predise\u00f1adas y modifique la configuraci\u00f3n de la fuente RSS, agregue su contenido, cambie el dise\u00f1o y el color de los elementos sin experiencia en codificaci\u00f3n.<\/li><li>Haga clic para guardar la configuraci\u00f3n que realiz\u00f3 en la fuente RSS y obtenga el c\u00f3digo para la instalaci\u00f3n, que puede pegar en su sitio Weebly de forma gratuita.<\/li><\/ul><p>Utilizando el Configurador f\u00e1cil de usar, cada usuario web puede crear RSS Feed de la aplicaci\u00f3n y agr\u00e9guela f\u00e1cilmente a su p\u00e1gina web Weebly. No debe obtener un plan pago ni enviar las credenciales de su tarjeta para ingresar al Editor. Si tiene alg\u00fan problema en cualquier paso, no dude en comunicarse con nuestro equipo de soporte.<\/p><\/div>\r\n\t\t\t\t\t<\/div>\r\n\t\t\t\t<\/div><\/div>","protected":false},"excerpt":{"rendered":"","protected":false},"author":9,"featured_media":0,"parent":1899,"menu_order":0,"comment_status":"closed","ping_status":"closed","template":"templates\/template-application-platform.php","meta":{"publish_to_discourse":"","publish_post_category":"","wpdc_auto_publish_overridden":"","wpdc_topic_tags":"","wpdc_pin_topic":"","wpdc_pin_until":"","discourse_post_id":"","discourse_permalink":"","wpdc_publishing_response":"","wpdc_publishing_error":"","footnotes":""},"class_list":["post-6133","page","type-page","status-publish","hentry"],"yoast_head":"<!-- This site is optimized with the Yoast SEO plugin v25.3.1 - https:\/\/yoast.com\/wordpress\/plugins\/seo\/ -->\n<title>Agregue la aplicaci\u00f3n RSS Feed al sitio web de Weebly (r\u00e1pido y gratuito)<\/title>\n<meta name=\"description\" content=\"Incruste una aplicaci\u00f3n RSS Feed responsiva en su p\u00e1gina Weebly. Utilice la pr\u00e1ctica demostraci\u00f3n de Elfsight y modifique su impresionante canal RSS con solo unos pocos clics\" \/>\n<meta name=\"robots\" content=\"index, follow, max-snippet:-1, max-image-preview:large, max-video-preview:-1\" \/>\n<link rel=\"canonical\" href=\"https:\/\/elfsight.com\/es\/rss-feed-widget\/weebly\/\" \/>\n<meta property=\"og:locale\" content=\"es_ES\" \/>\n<meta property=\"og:type\" content=\"article\" \/>\n<meta property=\"og:title\" content=\"Agregue la aplicaci\u00f3n RSS Feed al sitio web de Weebly (r\u00e1pido y gratuito)\" \/>\n<meta property=\"og:description\" content=\"Incruste una aplicaci\u00f3n RSS Feed responsiva en su p\u00e1gina Weebly. Utilice la pr\u00e1ctica demostraci\u00f3n de Elfsight y modifique su impresionante canal RSS con solo unos pocos clics\" \/>\n<meta property=\"og:url\" content=\"https:\/\/elfsight.com\/es\/rss-feed-widget\/weebly\/\" \/>\n<meta property=\"og:site_name\" content=\"Elfsight ES\" \/>\n<meta property=\"article:modified_time\" content=\"2025-02-06T16:08:11+00:00\" \/>\n<meta name=\"twitter:card\" content=\"summary_large_image\" \/>\n<meta name=\"twitter:label1\" content=\"Tiempo de lectura\" \/>\n\t<meta name=\"twitter:data1\" content=\"3 minutos\" \/>\n<!-- \/ Yoast SEO plugin. -->","yoast_head_json":{"title":"Agregue la aplicaci\u00f3n RSS Feed al sitio web de Weebly (r\u00e1pido y gratuito)","description":"Incruste una aplicaci\u00f3n RSS Feed responsiva en su p\u00e1gina Weebly. Utilice la pr\u00e1ctica demostraci\u00f3n de Elfsight y modifique su impresionante canal RSS con solo unos pocos clics","robots":{"index":"index","follow":"follow","max-snippet":"max-snippet:-1","max-image-preview":"max-image-preview:large","max-video-preview":"max-video-preview:-1"},"canonical":"https:\/\/elfsight.com\/es\/rss-feed-widget\/weebly\/","og_locale":"es_ES","og_type":"article","og_title":"Agregue la aplicaci\u00f3n RSS Feed al sitio web de Weebly (r\u00e1pido y gratuito)","og_description":"Incruste una aplicaci\u00f3n RSS Feed responsiva en su p\u00e1gina Weebly. Utilice la pr\u00e1ctica demostraci\u00f3n de Elfsight y modifique su impresionante canal RSS con solo unos pocos clics","og_url":"https:\/\/elfsight.com\/es\/rss-feed-widget\/weebly\/","og_site_name":"Elfsight ES","article_modified_time":"2025-02-06T16:08:11+00:00","twitter_card":"summary_large_image","twitter_misc":{"Tiempo de lectura":"3 minutos"},"schema":{"@context":"https:\/\/schema.org","@graph":[{"@type":"WebPage","@id":"https:\/\/elfsight.com\/es\/rss-feed-widget\/weebly\/","url":"https:\/\/elfsight.com\/es\/rss-feed-widget\/weebly\/","name":"Agregue la aplicaci\u00f3n RSS Feed al sitio web de Weebly (r\u00e1pido y gratuito)","isPartOf":{"@id":"https:\/\/elfsight.com\/es\/#website"},"datePublished":"1970-01-01T00:00:00+00:00","dateModified":"2025-02-06T16:08:11+00:00","description":"Incruste una aplicaci\u00f3n RSS Feed responsiva en su p\u00e1gina Weebly. Utilice la pr\u00e1ctica demostraci\u00f3n de Elfsight y modifique su impresionante canal RSS con solo unos pocos clics","breadcrumb":{"@id":"https:\/\/elfsight.com\/es\/rss-feed-widget\/weebly\/#breadcrumb"},"inLanguage":"es","potentialAction":[{"@type":"ReadAction","target":["https:\/\/elfsight.com\/es\/rss-feed-widget\/weebly\/"]}]},{"@type":"BreadcrumbList","@id":"https:\/\/elfsight.com\/es\/rss-feed-widget\/weebly\/#breadcrumb","itemListElement":[{"@type":"ListItem","position":1,"name":"Home","item":"https:\/\/elfsight.com\/es\/"},{"@type":"ListItem","position":2,"name":"RSS Feed","item":"https:\/\/elfsight.com\/es\/rss-feed-widget\/"},{"@type":"ListItem","position":3,"name":"RSS Feed &#8211; Weebly"}]},{"@type":"WebSite","@id":"https:\/\/elfsight.com\/es\/#website","url":"https:\/\/elfsight.com\/es\/","name":"Elfsight ES","description":"Just another Elfsight Sites site","potentialAction":[{"@type":"SearchAction","target":{"@type":"EntryPoint","urlTemplate":"https:\/\/elfsight.com\/es\/?s={search_term_string}"},"query-input":{"@type":"PropertyValueSpecification","valueRequired":true,"valueName":"search_term_string"}}],"inLanguage":"es"}]}},"meta_box":{"industry":"","seo_heading":"","heading":"","description":"","cta_heading":"","cta_description":"","application":"1898","h1":"Aplicaci\u00f3n Weebly RSS Feed","h1_caption":"Incruste un feed rss en su sitio web para mostrar contenido de fuentes externas, manteniendo su sitio web actualizado con material nuevo en su sitio web Weebly sin esfuerzo.","application_category":[],"applications_title":"","applications_request_title":"","applications_request_button_text":"","hero_text":"","hero_video":"","hero_video_schema_markup":"","selling_points_title":"","selling_points_caption":"","selling_points":[],"selling_points_cta_text":"","features_title":"","features":"","ed_cta_examples_text":"","ed_cta_examples_hidden":"","ed_cta_demo_text":"","ed_cta_demo_hidden":"","why_caption":"","why_editor_title":"","why_editor_text":"","why_team_title":"","why_team_text":"","why_service_title":"","why_service_text":"","template_catalog_visible":"","template_catalog_title":"","template_catalog_text":"","template_catalog_categories_visible":"","demo_title":"Crea tu aplicaci\u00f3n RSS Feed","demo_caption":"\u00a1Configure su canal RSS y agr\u00e9guelo a su sitio web Weebly de forma gratuita!","default_faq_hidden":"","app_template_category":[],"platform":"109","template_public_id":"","codecanyon_url":"","codecanyon_item_id":"","codecanyon_price":"","pricing_caption":"","pricing_elfsight_apps_hide_column":"","pricing_elfsight_apps_url":"","pricing_codecanyon_price_caption":"","integration_category":[],"integration_request_title":"","integration_request_cta":"","integration_platform":"","integrations":[],"platform_category":[],"video_schema_markup":"","price":"desde $0 \/ mes","trial":"","benefits":[{"text":"Asistencia de instalaci\u00f3n gratuita"},{"text":"Servicio al cliente profesional"},{"text":"Garant\u00eda de devoluci\u00f3n de dinero de 14 d\u00edas"},{"text":"Mejoras gratuitas continuas"}],"button_url":"#demo","button_target_blank":"","button_nofollow":"","attributes":[{"name":"Instalaciones","content":"10,000 - 100,000"},{"name":"Sensible","content":"S\u00ed"},{"name":"Navegadores compatibles","content":"Firefox, Safari, Opera, Chrome, Edge"}],"tags":[],"tags_disable_links":"","hide_more_platforms":"","video_object":"","demo_hide_cta":"","demo_hide_cloud_options":"","pricing_title":"","pricing":[{"pricing_icon":"platform","pricing_title":"Elfsight Apps","pricing_title_caption":"Versi\u00f3n independiente de la plataforma que se adapta a cualquier sitio","pricing_price":"desde $0 \/ mes","pricing_price_caption":"comienza con un plan gratuito","pricing_benefits":[{"text":"Sitios web ilimitados"},{"text":"Atenci\u00f3n al cliente r\u00e1pida"},{"text":"Asistencia de instalaci\u00f3n gratuita"},{"text":"Totalmente personalizable"}],"pricing_button_text":"A\u00f1adir al sitio web","pricing_button_url":"#demo"}],"related_apps_title":"","related_apps_hidden":"","author":"","image":[],"title":"","job":"","social_networks":[]},"_links":{"self":[{"href":"https:\/\/elfsight.com\/es\/wp-json\/wp\/v2\/pages\/6133","targetHints":{"allow":["GET"]}}],"collection":[{"href":"https:\/\/elfsight.com\/es\/wp-json\/wp\/v2\/pages"}],"about":[{"href":"https:\/\/elfsight.com\/es\/wp-json\/wp\/v2\/types\/page"}],"author":[{"embeddable":true,"href":"https:\/\/elfsight.com\/es\/wp-json\/wp\/v2\/users\/9"}],"replies":[{"embeddable":true,"href":"https:\/\/elfsight.com\/es\/wp-json\/wp\/v2\/comments?post=6133"}],"version-history":[{"count":2,"href":"https:\/\/elfsight.com\/es\/wp-json\/wp\/v2\/pages\/6133\/revisions"}],"predecessor-version":[{"id":19243,"href":"https:\/\/elfsight.com\/es\/wp-json\/wp\/v2\/pages\/6133\/revisions\/19243"}],"up":[{"embeddable":true,"href":"https:\/\/elfsight.com\/es\/wp-json\/wp\/v2\/pages\/1899"}],"wp:attachment":[{"href":"https:\/\/elfsight.com\/es\/wp-json\/wp\/v2\/media?parent=6133"}],"curies":[{"name":"wp","href":"https:\/\/api.w.org\/{rel}","templated":true}]}}