{"id":6131,"date":"1970-01-01T00:00:00","date_gmt":"1970-01-01T00:00:00","guid":{"rendered":"https:\/\/elfsight.com\/es\/?page_id=6131"},"modified":"2025-02-06T16:08:11","modified_gmt":"2025-02-06T16:08:11","slug":"webflow","status":"publish","type":"page","link":"https:\/\/elfsight.com\/es\/rss-feed-widget\/webflow\/","title":{"rendered":"RSS Feed &#8211; Webflow"},"content":{"rendered":"<div class=\"application-platform-content-item-description application-platform-content-item\" id=\"description\" data-nav-section=\"description\"> <h2>Incrustar feed RSS en Webflow con el widget Elfsight<\/h2> <p>Elfsight RSS Feed para Webflow es un widget \u00fanico para promover emociones y experiencias. Al usarlo, puede crear un feed personalizado compuesto por el contenido de numerosos blogs y mostrarlo directamente en su sitio web. Ejerza el control total sobre el contenido demostrado y elimine el spam y cualquier contenido no deseado con moderaci\u00f3n manual. El configurador en l\u00ednea completamente responsivo le ofrece diferentes plantillas para seleccionar. <\/p> <p><b>Con RSS Feed, tenga un fuerte desarrollo comercial y aumente las ventas <\/b><\/p> <\/div> <div class=\"application-platform-content-item-features application-platform-content-item\" id=\"features\" data-nav-section=\"features\"> <h2>Estas son solo algunas de las muchas funciones del widget: <\/h2> <ul><li>Oculte la secci\u00f3n principal para que su widget luzca minimalista. <\/li><li>Elimine cualquier spam y contenido no deseado mediante moderaci\u00f3n manual. <\/li><li>Elija uno de los seis dise\u00f1os disponibles: carrusel, control deslizante, collage, lista, cuadr\u00edcula y mamposter\u00eda. <\/li><li>Permite que tus publicaciones se muestren en una ventana emergente. <\/li><\/ul><p><a href=\"#demo\">Pruebe esta demostraci\u00f3n para ver c\u00f3mo funciona<\/a><\/p> <\/div> <div class=\"application-platform-content-item-installation application-platform-content-item\" id=\"installation\" data-nav-section=\"installation\"> <h2>\u00bfC\u00f3mo agregar fuente RSS a mi sitio web Webflow? <\/h2> <p>Simplemente siga las pautas a continuaci\u00f3n para comenzar a usar el widget. <\/p> <ol><li><b>Utiliza nuestra demostraci\u00f3n gratuita y comienza a crear tu propio widget. <\/b><br> Especifique el dise\u00f1o y los aspectos preferidos del widget y guarde las modificaciones. <\/li> <li><b>Adquiera su c\u00f3digo \u00fanico que se muestra en la ventana de Elfsight Apps. <\/b><br> Cuando finalice la creaci\u00f3n de su widget personal, copie el c\u00f3digo personal de la ventana emergente que aparece y gu\u00e1rdelo para necesitarlo m\u00e1s adelante. <\/li> <li><b>Iniciar el uso del widget en el sitio web de Webflow. <\/b><br>Coloca el c\u00f3digo copiado anteriormente en tu sitio web y aplica las correcciones. <\/li> <li><b>\u00a1Ya terminaste! La configuraci\u00f3n est\u00e1 completamente realizada. <\/b><br>Vaya a su sitio web para observar c\u00f3mo funciona el widget. <\/li><\/ol> <p>En caso de que encuentre algunos obst\u00e1culos, no dude en ponerse en contacto con nuestro equipo de atenci\u00f3n al cliente. Nuestros especialistas estar\u00e1n encantados de resolver todas las dificultades que puedas tener con el widget. <\/p> <\/div><div class=\"faq\" data-component=\"FAQ\"><div class=\"faq-item\">\r\n\t\t\t\t\t<div class=\"faq-item-question\">\r\n\t\t\t\t\t\t<h3 class=\"faq-item-question-text\">\u00bfC\u00f3mo puedo incrustar un feed RSS en mi sitio Webflow sin codificaci\u00f3n?<\/h3>\r\n\r\n\t\t\t\t\t\t<div class=\"faq-item-question-icon\"><\/div>\r\n\t\t\t\t\t<\/div>\r\n\r\n\t\t\t\t\t<div class=\"faq-item-answer\">\r\n\t\t\t\t\t\t<div class=\"faq-item-answer-text\"><p>La empresa Elfsight ofrece una soluci\u00f3n SaaS que permite a los propietarios de sitios generar un widget de feed RSS usted mismo. Descubra lo simple que es el proceso: <\/p><ul><li>Vaya a la demostraci\u00f3n en l\u00ednea para crear un complemento de feed RSS que le gustar\u00eda incrustar en la p\u00e1gina web de Webflow.<\/li><li>Elija una de las muchas plantillas predise\u00f1adas y modifique la configuraci\u00f3n de la fuente RSS, transforme el dise\u00f1o y los colores, incluya su contenido sin conocimientos de codificaci\u00f3n.<\/li><li>Guarde la configuraci\u00f3n que ha realizado en la fuente RSS y copie el c\u00f3digo de instalaci\u00f3n, que se puede agregar sin esfuerzo en la p\u00e1gina de inicio de Webflow usando un plan gratuito.<\/li><\/ul><p>Con nuestro Configurador f\u00e1cil de usar, cada usuario de Internet puede crear una fuente RSS e incluirla f\u00e1cilmente en cualquier Webflow p\u00e1gina de inicio. No es necesario pagar ni introducir los datos de tu tarjeta para acceder al Editor. Si tiene alg\u00fan problema en cualquier paso, no dude en hablar con nuestro servicio de atenci\u00f3n al cliente.<\/p><\/div>\r\n\t\t\t\t\t<\/div>\r\n\t\t\t\t<\/div><\/div>","protected":false},"excerpt":{"rendered":"","protected":false},"author":9,"featured_media":0,"parent":1899,"menu_order":0,"comment_status":"closed","ping_status":"closed","template":"templates\/template-application-platform.php","meta":{"publish_to_discourse":"","publish_post_category":"","wpdc_auto_publish_overridden":"","wpdc_topic_tags":"","wpdc_pin_topic":"","wpdc_pin_until":"","discourse_post_id":"","discourse_permalink":"","wpdc_publishing_response":"","wpdc_publishing_error":"","footnotes":""},"class_list":["post-6131","page","type-page","status-publish","hentry"],"yoast_head":"<!-- This site is optimized with the Yoast SEO plugin v25.3.1 - https:\/\/yoast.com\/wordpress\/plugins\/seo\/ -->\n<title>Agregue el widget RSS Feed al sitio web de Webflow (r\u00e1pido y gratuito)<\/title>\n<meta name=\"description\" content=\"Agregue un widget de fuente RSS compatible con dispositivos m\u00f3viles en su sitio Webflow. Utilice la pr\u00e1ctica demostraci\u00f3n de Elfsight y cree su magn\u00edfico canal RSS en un par de minutos\" \/>\n<meta name=\"robots\" content=\"index, follow, max-snippet:-1, max-image-preview:large, max-video-preview:-1\" \/>\n<link rel=\"canonical\" href=\"https:\/\/elfsight.com\/es\/rss-feed-widget\/webflow\/\" \/>\n<meta property=\"og:locale\" content=\"es_ES\" \/>\n<meta property=\"og:type\" content=\"article\" \/>\n<meta property=\"og:title\" content=\"Agregue el widget RSS Feed al sitio web de Webflow (r\u00e1pido y gratuito)\" \/>\n<meta property=\"og:description\" content=\"Agregue un widget de fuente RSS compatible con dispositivos m\u00f3viles en su sitio Webflow. Utilice la pr\u00e1ctica demostraci\u00f3n de Elfsight y cree su magn\u00edfico canal RSS en un par de minutos\" \/>\n<meta property=\"og:url\" content=\"https:\/\/elfsight.com\/es\/rss-feed-widget\/webflow\/\" \/>\n<meta property=\"og:site_name\" content=\"Elfsight ES\" \/>\n<meta property=\"article:modified_time\" content=\"2025-02-06T16:08:11+00:00\" \/>\n<meta name=\"twitter:card\" content=\"summary_large_image\" \/>\n<meta name=\"twitter:label1\" content=\"Tiempo de lectura\" \/>\n\t<meta name=\"twitter:data1\" content=\"3 minutos\" \/>\n<!-- \/ Yoast SEO plugin. -->","yoast_head_json":{"title":"Agregue el widget RSS Feed al sitio web de Webflow (r\u00e1pido y gratuito)","description":"Agregue un widget de fuente RSS compatible con dispositivos m\u00f3viles en su sitio Webflow. Utilice la pr\u00e1ctica demostraci\u00f3n de Elfsight y cree su magn\u00edfico canal RSS en un par de minutos","robots":{"index":"index","follow":"follow","max-snippet":"max-snippet:-1","max-image-preview":"max-image-preview:large","max-video-preview":"max-video-preview:-1"},"canonical":"https:\/\/elfsight.com\/es\/rss-feed-widget\/webflow\/","og_locale":"es_ES","og_type":"article","og_title":"Agregue el widget RSS Feed al sitio web de Webflow (r\u00e1pido y gratuito)","og_description":"Agregue un widget de fuente RSS compatible con dispositivos m\u00f3viles en su sitio Webflow. Utilice la pr\u00e1ctica demostraci\u00f3n de Elfsight y cree su magn\u00edfico canal RSS en un par de minutos","og_url":"https:\/\/elfsight.com\/es\/rss-feed-widget\/webflow\/","og_site_name":"Elfsight ES","article_modified_time":"2025-02-06T16:08:11+00:00","twitter_card":"summary_large_image","twitter_misc":{"Tiempo de lectura":"3 minutos"},"schema":{"@context":"https:\/\/schema.org","@graph":[{"@type":"WebPage","@id":"https:\/\/elfsight.com\/es\/rss-feed-widget\/webflow\/","url":"https:\/\/elfsight.com\/es\/rss-feed-widget\/webflow\/","name":"Agregue el widget RSS Feed al sitio web de Webflow (r\u00e1pido y gratuito)","isPartOf":{"@id":"https:\/\/elfsight.com\/es\/#website"},"datePublished":"1970-01-01T00:00:00+00:00","dateModified":"2025-02-06T16:08:11+00:00","description":"Agregue un widget de fuente RSS compatible con dispositivos m\u00f3viles en su sitio Webflow. Utilice la pr\u00e1ctica demostraci\u00f3n de Elfsight y cree su magn\u00edfico canal RSS en un par de minutos","breadcrumb":{"@id":"https:\/\/elfsight.com\/es\/rss-feed-widget\/webflow\/#breadcrumb"},"inLanguage":"es","potentialAction":[{"@type":"ReadAction","target":["https:\/\/elfsight.com\/es\/rss-feed-widget\/webflow\/"]}]},{"@type":"BreadcrumbList","@id":"https:\/\/elfsight.com\/es\/rss-feed-widget\/webflow\/#breadcrumb","itemListElement":[{"@type":"ListItem","position":1,"name":"Home","item":"https:\/\/elfsight.com\/es\/"},{"@type":"ListItem","position":2,"name":"RSS Feed","item":"https:\/\/elfsight.com\/es\/rss-feed-widget\/"},{"@type":"ListItem","position":3,"name":"RSS Feed &#8211; Webflow"}]},{"@type":"WebSite","@id":"https:\/\/elfsight.com\/es\/#website","url":"https:\/\/elfsight.com\/es\/","name":"Elfsight ES","description":"Just another Elfsight Sites site","potentialAction":[{"@type":"SearchAction","target":{"@type":"EntryPoint","urlTemplate":"https:\/\/elfsight.com\/es\/?s={search_term_string}"},"query-input":{"@type":"PropertyValueSpecification","valueRequired":true,"valueName":"search_term_string"}}],"inLanguage":"es"}]}},"meta_box":{"industry":"","seo_heading":"","heading":"","description":"","cta_heading":"","cta_description":"","application":"1898","h1":"Widget de fuente RSS de flujo web","h1_caption":"Incruste un feed rss en su sitio web para mostrar contenido de fuentes externas, manteniendo su sitio web actualizado con material nuevo en su sitio web Webflow sin esfuerzo.","application_category":[],"applications_title":"","applications_request_title":"","applications_request_button_text":"","hero_text":"","hero_video":"","hero_video_schema_markup":"","selling_points_title":"","selling_points_caption":"","selling_points":[],"selling_points_cta_text":"","features_title":"","features":"","ed_cta_examples_text":"","ed_cta_examples_hidden":"","ed_cta_demo_text":"","ed_cta_demo_hidden":"","why_caption":"","why_editor_title":"","why_editor_text":"","why_team_title":"","why_team_text":"","why_service_title":"","why_service_text":"","template_catalog_visible":"","template_catalog_title":"","template_catalog_text":"","template_catalog_categories_visible":"","demo_title":"Crea tu widget de fuente RSS","demo_caption":"\u00a1Configure su fuente RSS y agr\u00e9guela a su sitio web Webflow de forma gratuita!","default_faq_hidden":"","app_template_category":[],"platform":"106","template_public_id":"","codecanyon_url":"","codecanyon_item_id":"","codecanyon_price":"","pricing_caption":"","pricing_elfsight_apps_hide_column":"","pricing_elfsight_apps_url":"","pricing_codecanyon_price_caption":"","integration_category":[],"integration_request_title":"","integration_request_cta":"","integration_platform":"","integrations":[],"platform_category":[],"video_schema_markup":"","price":"desde $0 \/ mes","trial":"","benefits":[{"text":"Servicio de instalaci\u00f3n gratuito"},{"text":"Atenci\u00f3n al cliente experimentada"},{"text":"Garant\u00eda de devoluci\u00f3n de dinero de 14 d\u00edas"},{"text":"Desarrollo continuo"}],"button_url":"#demo","button_target_blank":"","button_nofollow":"","attributes":[{"name":"Instalaciones","content":"10,000 - 100,000"},{"name":"Sensible","content":"S\u00ed"},{"name":"Navegadores compatibles","content":"Firefox, Safari, Opera, Chrome, Edge"}],"tags":[],"tags_disable_links":"","hide_more_platforms":"","video_object":"","demo_hide_cta":"","demo_hide_cloud_options":"","pricing_title":"","pricing":[{"pricing_icon":"platform","pricing_title":"Elfsight Apps","pricing_title_caption":"Soluci\u00f3n digital independiente de la plataforma que se adapta a cualquier sitio","pricing_price":"desde $0 \/ mes","pricing_price_caption":"comienza con un plan gratuito","pricing_benefits":[{"text":"Sitios web ilimitados"},{"text":"Atenci\u00f3n al cliente premium y bien documentada."},{"text":"Asistencia de instalaci\u00f3n gratuita"},{"text":"100% personalizable"}],"pricing_button_text":"A\u00f1adir al sitio web","pricing_button_url":"#demo"}],"related_apps_title":"","related_apps_hidden":"","author":"","image":[],"title":"","job":"","social_networks":[]},"_links":{"self":[{"href":"https:\/\/elfsight.com\/es\/wp-json\/wp\/v2\/pages\/6131","targetHints":{"allow":["GET"]}}],"collection":[{"href":"https:\/\/elfsight.com\/es\/wp-json\/wp\/v2\/pages"}],"about":[{"href":"https:\/\/elfsight.com\/es\/wp-json\/wp\/v2\/types\/page"}],"author":[{"embeddable":true,"href":"https:\/\/elfsight.com\/es\/wp-json\/wp\/v2\/users\/9"}],"replies":[{"embeddable":true,"href":"https:\/\/elfsight.com\/es\/wp-json\/wp\/v2\/comments?post=6131"}],"version-history":[{"count":2,"href":"https:\/\/elfsight.com\/es\/wp-json\/wp\/v2\/pages\/6131\/revisions"}],"predecessor-version":[{"id":19245,"href":"https:\/\/elfsight.com\/es\/wp-json\/wp\/v2\/pages\/6131\/revisions\/19245"}],"up":[{"embeddable":true,"href":"https:\/\/elfsight.com\/es\/wp-json\/wp\/v2\/pages\/1899"}],"wp:attachment":[{"href":"https:\/\/elfsight.com\/es\/wp-json\/wp\/v2\/media?parent=6131"}],"curies":[{"name":"wp","href":"https:\/\/api.w.org\/{rel}","templated":true}]}}