{"id":6130,"date":"1970-01-01T00:00:00","date_gmt":"1970-01-01T00:00:00","guid":{"rendered":"https:\/\/elfsight.com\/es\/?page_id=6130"},"modified":"2026-02-19T13:39:20","modified_gmt":"2026-02-19T13:39:20","slug":"squarespace","status":"publish","type":"page","link":"https:\/\/elfsight.com\/es\/rss-feed-widget\/squarespace\/","title":{"rendered":"RSS Feed &#8211; Squarespace"},"content":{"rendered":"<div class=\"application-platform-content-item-description application-platform-content-item\" id=\"description\" data-nav-section=\"description\"> <h2>Incorporar feed RSS en Squarespace con el widget de Elfsight<\/h2> <p>Elfsight RSS Feed para Squarespace es un complemento exclusivo para promover emociones y experiencias. Con \u00e9l, puede crear un feed personalizado compuesto por contenido de diversos blogs de noticias y demostrarlo directamente en su sitio web. Ejerza el control total sobre el contenido mostrado y elimine el spam y cualquier contenido no deseado con moderaci\u00f3n manual. El configurador en l\u00ednea totalmente responsivo le ofrece numerosas plantillas para elegir. <\/p> <p><b>Haga que su sitio sea m\u00e1s eficaz para los objetivos comerciales mediante RSS Feed<\/b><\/p> <\/div> <div class=\"application-platform-content-item-features application-platform-content-item\" id=\"features\" data-nav-section=\"features\"> <h2>Las funciones esenciales del complemento contienen<\/h2> <ul><li>Cap\u00f3 la secci\u00f3n principal para que su herramienta parezca minimalista. <\/li><li>Elimine el spam y el contenido no deseado aplicando moderaci\u00f3n manual. <\/li><li>Elija uno de los 6 dise\u00f1os disponibles: cuadr\u00edcula, carrusel, mamposter\u00eda, collage, control deslizante y lista. <\/li><li>Permite que tus publicaciones se muestren en una ventana emergente. <\/li><\/ul><p><a href=\"#demo\">Examine todas las funciones de personalizaci\u00f3n en una demostraci\u00f3n 100% funcional<\/a><\/p> <\/div> <div class=\"application-platform-content-item-installation application-platform-content-item\" id=\"installation\" data-nav-section=\"installation\"> <h2>\u00bfC\u00f3mo puedo agregar RSS Feed en mi sitio web de Squarespace? <\/h2> <div class=\"video-container\">\n<iframe width=\"720\" height=\"405\" src=\"https:\/\/www.youtube.com\/embed\/H1rNEh6zRsc?si=jqN2FPUARTcTwXWt\" frameborder=\"0\" allowfullscreen=\"\"><\/iframe>\n<\/div><p>Simplemente siga las pautas a continuaci\u00f3n para integrar el complemento. <\/p> <ol><li><b>Realice nuestra demostraci\u00f3n gratuita y comience a crear su complemento exclusivo. <\/b><br> Encuentre el aspecto personalizado y las caracter\u00edsticas del widget y aplique las ediciones. <\/li> <li><b>Copia tu c\u00f3digo individual que se muestra en el formulario especial en Elfsight Apps. <\/b><br> Tan pronto como finalice la generaci\u00f3n de su complemento, copie el c\u00f3digo individual en la ventana que aparece y gu\u00e1rdelo para su uso posterior. <\/li> <li><b>Comience a aplicar el complemento en el sitio web de Squarespace. <\/b><br>Implementa el c\u00f3digo que has copiado anteriormente en tu sitio web y guarda los ajustes. <\/li> <li><b>\u00a1Listo! La configuraci\u00f3n finaliz\u00f3 exitosamente. <\/b><br> Visite su sitio para ver el rendimiento del widget. <\/li><\/ol> <p>A condici\u00f3n de afrontar consultas o afrontar algunos obst\u00e1culos, no dude en dirigirse a nuestro equipo de atenci\u00f3n al cliente. Nuestra gente est\u00e1 ansiosa por resolver todas las dificultades que pueda tener con la herramienta. <\/p> <\/div><div class=\"faq\" data-component=\"FAQ\"><div class=\"faq-item\">\r\n\t\t\t\t\t<div class=\"faq-item-question\">\r\n\t\t\t\t\t\t<h3 class=\"faq-item-question-text\">\u00bfDe qu\u00e9 manera es posible insertar RSS Feed en mi Squarespace sin experiencia en codificaci\u00f3n?<\/h3>\r\n\r\n\t\t\t\t\t\t<div class=\"faq-item-question-icon\"><\/div>\r\n\t\t\t\t\t<\/div>\r\n\r\n\t\t\t\t\t<div class=\"faq-item-answer\">\r\n\t\t\t\t\t\t<div class=\"faq-item-answer-text\"><p>La empresa Elfsight proporciona una soluci\u00f3n en la nube que permite a las personas crear una secci\u00f3n RSS Feed usted mismo. Vea lo f\u00e1cil que es el proceso: <\/p><ul><li>Trabaja en la demostraci\u00f3n en l\u00ednea para generar una aplicaci\u00f3n RSS Feed que desees. para agregar en el sitio de Squarespace.<\/li><li>Elija una de nuestras plantillas predise\u00f1adas y cambie la configuraci\u00f3n de la fuente RSS, modifique el dise\u00f1o y la combinaci\u00f3n de colores, agregue su contenido sin ning\u00fan conocimiento de codificaci\u00f3n.<\/li><li>Haga clic para guardar la fuente RSS y obtenga su c\u00f3digo para la instalaci\u00f3n, que se puede pegar f\u00e1cilmente en la p\u00e1gina web de Squarespace sin necesidad de comprar una suscripci\u00f3n paga.<\/li><\/ul><p>Utilizando el editor intuitivo, cualquier usuario web puede crear una secci\u00f3n de fuente RSS y simplemente agregarla a la p\u00e1gina web de Squarespace. No debe pagar ni revelar las credenciales de su tarjeta para ingresar al Editor. Si se enfrenta a obst\u00e1culos de cualquier tipo, no dude en ponerse en contacto con nuestro servicio t\u00e9cnico de atenci\u00f3n al cliente.<\/p><\/div>\r\n\t\t\t\t\t<\/div>\r\n\t\t\t\t<\/div><\/div>","protected":false},"excerpt":{"rendered":"","protected":false},"author":9,"featured_media":0,"parent":1899,"menu_order":0,"comment_status":"closed","ping_status":"closed","template":"templates\/template-application-platform.php","meta":{"publish_to_discourse":"","publish_post_category":"","wpdc_auto_publish_overridden":"","wpdc_topic_tags":"","wpdc_pin_topic":"","wpdc_pin_until":"","discourse_post_id":"","discourse_permalink":"","wpdc_publishing_response":"","wpdc_publishing_error":"","footnotes":""},"class_list":["post-6130","page","type-page","status-publish","hentry"],"yoast_head":"<!-- This site is optimized with the Yoast SEO plugin v25.3.1 - https:\/\/yoast.com\/wordpress\/plugins\/seo\/ -->\n<title>Agregue el complemento RSS Feed al sitio web de Squarespace (r\u00e1pido y gratuito)<\/title>\n<meta name=\"description\" content=\"Implemente un complemento de fuente RSS receptivo en su p\u00e1gina de Squarespace. Utilice la pr\u00e1ctica demostraci\u00f3n de Elfsight y modifique su impresionante canal RSS.\" \/>\n<meta name=\"robots\" content=\"index, follow, max-snippet:-1, max-image-preview:large, max-video-preview:-1\" \/>\n<link rel=\"canonical\" href=\"https:\/\/elfsight.com\/es\/rss-feed-widget\/squarespace\/\" \/>\n<meta property=\"og:locale\" content=\"es_ES\" \/>\n<meta property=\"og:type\" content=\"article\" \/>\n<meta property=\"og:title\" content=\"Agregue el complemento RSS Feed al sitio web de Squarespace (r\u00e1pido y gratuito)\" \/>\n<meta property=\"og:description\" content=\"Implemente un complemento de fuente RSS receptivo en su p\u00e1gina de Squarespace. Utilice la pr\u00e1ctica demostraci\u00f3n de Elfsight y modifique su impresionante canal RSS.\" \/>\n<meta property=\"og:url\" content=\"https:\/\/elfsight.com\/es\/rss-feed-widget\/squarespace\/\" \/>\n<meta property=\"og:site_name\" content=\"Elfsight ES\" \/>\n<meta property=\"article:modified_time\" content=\"2026-02-19T13:39:20+00:00\" \/>\n<meta name=\"twitter:card\" content=\"summary_large_image\" \/>\n<meta name=\"twitter:label1\" content=\"Tiempo de lectura\" \/>\n\t<meta name=\"twitter:data1\" content=\"3 minutos\" \/>\n<!-- \/ Yoast SEO plugin. -->","yoast_head_json":{"title":"Agregue el complemento RSS Feed al sitio web de Squarespace (r\u00e1pido y gratuito)","description":"Implemente un complemento de fuente RSS receptivo en su p\u00e1gina de Squarespace. Utilice la pr\u00e1ctica demostraci\u00f3n de Elfsight y modifique su impresionante canal RSS.","robots":{"index":"index","follow":"follow","max-snippet":"max-snippet:-1","max-image-preview":"max-image-preview:large","max-video-preview":"max-video-preview:-1"},"canonical":"https:\/\/elfsight.com\/es\/rss-feed-widget\/squarespace\/","og_locale":"es_ES","og_type":"article","og_title":"Agregue el complemento RSS Feed al sitio web de Squarespace (r\u00e1pido y gratuito)","og_description":"Implemente un complemento de fuente RSS receptivo en su p\u00e1gina de Squarespace. Utilice la pr\u00e1ctica demostraci\u00f3n de Elfsight y modifique su impresionante canal RSS.","og_url":"https:\/\/elfsight.com\/es\/rss-feed-widget\/squarespace\/","og_site_name":"Elfsight ES","article_modified_time":"2026-02-19T13:39:20+00:00","twitter_card":"summary_large_image","twitter_misc":{"Tiempo de lectura":"3 minutos"},"schema":{"@context":"https:\/\/schema.org","@graph":[{"@type":"WebPage","@id":"https:\/\/elfsight.com\/es\/rss-feed-widget\/squarespace\/","url":"https:\/\/elfsight.com\/es\/rss-feed-widget\/squarespace\/","name":"Agregue el complemento RSS Feed al sitio web de Squarespace (r\u00e1pido y gratuito)","isPartOf":{"@id":"https:\/\/elfsight.com\/es\/#website"},"datePublished":"1970-01-01T00:00:00+00:00","dateModified":"2026-02-19T13:39:20+00:00","description":"Implemente un complemento de fuente RSS receptivo en su p\u00e1gina de Squarespace. Utilice la pr\u00e1ctica demostraci\u00f3n de Elfsight y modifique su impresionante canal RSS.","breadcrumb":{"@id":"https:\/\/elfsight.com\/es\/rss-feed-widget\/squarespace\/#breadcrumb"},"inLanguage":"es","potentialAction":[{"@type":"ReadAction","target":["https:\/\/elfsight.com\/es\/rss-feed-widget\/squarespace\/"]}]},{"@type":"BreadcrumbList","@id":"https:\/\/elfsight.com\/es\/rss-feed-widget\/squarespace\/#breadcrumb","itemListElement":[{"@type":"ListItem","position":1,"name":"Home","item":"https:\/\/elfsight.com\/es\/"},{"@type":"ListItem","position":2,"name":"RSS Feed","item":"https:\/\/elfsight.com\/es\/rss-feed-widget\/"},{"@type":"ListItem","position":3,"name":"RSS Feed &#8211; Squarespace"}]},{"@type":"WebSite","@id":"https:\/\/elfsight.com\/es\/#website","url":"https:\/\/elfsight.com\/es\/","name":"Elfsight ES","description":"Just another Elfsight Sites site","potentialAction":[{"@type":"SearchAction","target":{"@type":"EntryPoint","urlTemplate":"https:\/\/elfsight.com\/es\/?s={search_term_string}"},"query-input":{"@type":"PropertyValueSpecification","valueRequired":true,"valueName":"search_term_string"}}],"inLanguage":"es"}]}},"meta_box":{"industry":"","seo_heading":"","heading":"","description":"","cta_heading":"","cta_description":"","application":"1898","h1":"Complemento de fuente RSS de Squarespace","h1_caption":"Inserte un feed rss en su sitio web para mostrar contenido de fuentes externas, manteniendo su sitio web actualizado con material nuevo en su sitio web de Squarespace sin esfuerzo.","application_category":[],"applications_title":"","applications_request_title":"","applications_request_button_text":"","hero_text":"","hero_video":"","hero_video_schema_markup":"","selling_points_title":"","selling_points_caption":"","selling_points":[],"selling_points_cta_text":"","features_title":"","features":"","ed_cta_examples_text":"","ed_cta_examples_hidden":"","ed_cta_demo_text":"","ed_cta_demo_hidden":"","why_caption":"","why_editor_title":"","why_editor_text":"","why_team_title":"","why_team_text":"","why_service_title":"","why_service_text":"","template_catalog_visible":"0","template_catalog_title":"","template_catalog_text":"","template_catalog_categories_visible":"","demo_title":"Crea tu complemento de fuente RSS","demo_caption":"\u00a1Configure su fuente RSS y agr\u00e9guela a su sitio web de Squarespace de forma gratuita!","default_faq_hidden":"","app_template_category":[],"platform":"100","template_public_id":"","codecanyon_url":"","codecanyon_item_id":"","codecanyon_price":"","pricing_caption":"","pricing_elfsight_apps_hide_column":"","pricing_elfsight_apps_url":"","pricing_codecanyon_price_caption":"","integration_category":[],"integration_request_title":"","integration_request_cta":"","integration_platform":"","integrations":[],"platform_category":[],"video_schema_markup":"","price":"desde $0 \/ mes","trial":"","benefits":[{"text":"Asistencia de instalaci\u00f3n gratuita"},{"text":"Servicio al cliente eficaz"},{"text":"Garant\u00eda de reembolso de 14 d\u00edas"},{"text":"Desarrollo continuo"}],"button_url":"#demo","button_target_blank":"0","button_nofollow":"0","attributes":[{"name":"Instalaciones","content":"10,000 - 100,000"},{"name":"Sensible","content":"S\u00ed"},{"name":"Navegadores compatibles","content":"Firefox, Safari, Opera, Chrome, Edge"}],"tags":[],"tags_disable_links":"0","hide_more_platforms":"0","video_object":"","demo_hide_cta":"0","demo_hide_cloud_options":"0","pricing_title":"","pricing":[{"pricing_icon":"platform","pricing_title":"Elfsight Apps","pricing_title_caption":"Soluci\u00f3n digital multiplataforma que funciona en cualquier sitio web","pricing_price":"desde $0 \/ mes","pricing_price_caption":"comienza con un plan gratuito","pricing_benefits":[{"text":"Dominios ilimitados"},{"text":"Atenci\u00f3n al cliente dedicada"},{"text":"Servicio de instalaci\u00f3n gratuito"},{"text":"Dise\u00f1o flexible"}],"pricing_button_text":"A\u00f1adir al sitio web","pricing_button_url":"#demo"}],"related_apps_title":"","related_apps_hidden":"0","author":"","image":[],"title":"","job":"","social_networks":[]},"_links":{"self":[{"href":"https:\/\/elfsight.com\/es\/wp-json\/wp\/v2\/pages\/6130","targetHints":{"allow":["GET"]}}],"collection":[{"href":"https:\/\/elfsight.com\/es\/wp-json\/wp\/v2\/pages"}],"about":[{"href":"https:\/\/elfsight.com\/es\/wp-json\/wp\/v2\/types\/page"}],"author":[{"embeddable":true,"href":"https:\/\/elfsight.com\/es\/wp-json\/wp\/v2\/users\/9"}],"replies":[{"embeddable":true,"href":"https:\/\/elfsight.com\/es\/wp-json\/wp\/v2\/comments?post=6130"}],"version-history":[{"count":3,"href":"https:\/\/elfsight.com\/es\/wp-json\/wp\/v2\/pages\/6130\/revisions"}],"predecessor-version":[{"id":20061,"href":"https:\/\/elfsight.com\/es\/wp-json\/wp\/v2\/pages\/6130\/revisions\/20061"}],"up":[{"embeddable":true,"href":"https:\/\/elfsight.com\/es\/wp-json\/wp\/v2\/pages\/1899"}],"wp:attachment":[{"href":"https:\/\/elfsight.com\/es\/wp-json\/wp\/v2\/media?parent=6130"}],"curies":[{"name":"wp","href":"https:\/\/api.w.org\/{rel}","templated":true}]}}