{"id":6125,"date":"1970-01-01T00:00:00","date_gmt":"1970-01-01T00:00:00","guid":{"rendered":"https:\/\/elfsight.com\/es\/?page_id=6125"},"modified":"2026-02-19T12:26:31","modified_gmt":"2026-02-19T12:26:31","slug":"shopify","status":"publish","type":"page","link":"https:\/\/elfsight.com\/es\/rss-feed-widget\/shopify\/","title":{"rendered":"RSS Feed &#8211; Shopify"},"content":{"rendered":"<div class=\"application-platform-content-item-description application-platform-content-item\" id=\"description\" data-nav-section=\"description\"> <h2>Incorporar feed RSS en Shopify con el widget de Elfsight<\/h2> <p>Elfsight RSS Feed para Shopify es una aplicaci\u00f3n exclusiva para comercializar emociones y experiencias. Al usarlo, puede dise\u00f1ar feeds personalizados a partir del contenido de varios blogs de noticias y presentarlos directamente en su sitio web. Disfrute del control total sobre el contenido mostrado y elimine el spam y cualquier contenido no deseado aplicando moderaci\u00f3n manual. El editor en l\u00ednea totalmente responsivo le proporciona varias plantillas para seleccionar. <\/p> <p><b>Haga que su sitio web sea m\u00e1s efectivo para objetivos comerciales con RSS Feed<\/b><\/p> <\/div> <div class=\"application-platform-content-item-features application-platform-content-item\" id=\"features\" data-nav-section=\"features\"> <h2>Encuentre las siguientes caracter\u00edsticas centrales de la aplicaci\u00f3n: <\/h2> <ul><li>Cubra la secci\u00f3n principal para que el widget parezca minimalista. <\/li><li>Elimine el spam y el contenido no deseado mediante moderaci\u00f3n manual. <\/li><li>Seleccione uno de los 6 dise\u00f1os presentes: Lista, Carrusel, Cuadr\u00edcula, Collage, Mamposter\u00eda, Control deslizante. <\/li><li>Deja que tus publicaciones se muestren en modo emergente. <\/li><\/ul><p><a href=\"#demo\">Puedes explorar la funcionalidad completa del widget en la demostraci\u00f3n de esta p\u00e1gina<\/a><\/p> <\/div> <div class=\"application-platform-content-item-installation application-platform-content-item\" id=\"installation\" data-nav-section=\"installation\"> <h2>\u00bfC\u00f3mo incorporo RSS Feed en mi sitio Shopify? <\/h2> <div class=\"video-container\">\n<iframe width=\"720\" height=\"405\" src=\"https:\/\/www.youtube.com\/embed\/4cZpTq_B90U?si=8L_ahSYjWA5FrzrM\" frameborder=\"0\" allowfullscreen=\"\"><\/iframe>\n<\/div><p>Simplemente siga las instrucciones a continuaci\u00f3n para integrar la aplicaci\u00f3n. <\/p> <ol><li><b>Abre nuestro editor gratuito y comienza a darle forma a tu aplicaci\u00f3n personalizada. <\/b><br> Elija el dise\u00f1o y las caracter\u00edsticas preferidos del complemento y guarde las correcciones. <\/li> <li><b>Copia tu c\u00f3digo personal que se muestra en el formulario especial de Elfsight Apps. <\/b><br> Una vez finalizada la configuraci\u00f3n de tu aplicaci\u00f3n personal, copia el c\u00f3digo exclusivo en el cuadro que aparece y gu\u00e1rdalo para usarlo en el futuro. <\/li> <li><b>Iniciar el uso de la aplicaci\u00f3n en el sitio web de Shopify. <\/b><br> Ingrese el c\u00f3digo que guard\u00f3 recientemente en su p\u00e1gina de inicio y guarde las ediciones. <\/li> <li><b>La instalaci\u00f3n se realiz\u00f3 correctamente. <\/b><br>Visita su p\u00e1gina para ver el funcionamiento de la aplicaci\u00f3n. <\/li><\/ol> <p>Si experimenta alg\u00fan problema, no dude en ponerse en contacto con nuestro equipo de atenci\u00f3n al cliente. Nuestros especialistas estar\u00e1n encantados de resolver todos los problemas que puedas tener con la aplicaci\u00f3n. <\/p> <\/div><div class=\"faq\" data-component=\"FAQ\"><div class=\"faq-item\">\r\n\t\t\t\t\t<div class=\"faq-item-question\">\r\n\t\t\t\t\t\t<h3 class=\"faq-item-question-text\">\u00bfExiste una opci\u00f3n para agregar un feed RSS a mi sitio web de Shopify sin conocimientos de codificaci\u00f3n?<\/h3>\r\n\r\n\t\t\t\t\t\t<div class=\"faq-item-question-icon\"><\/div>\r\n\t\t\t\t\t<\/div>\r\n\r\n\t\t\t\t\t<div class=\"faq-item-answer\">\r\n\t\t\t\t\t\t<div class=\"faq-item-answer-text\"><p>La empresa Elfsight presenta una soluci\u00f3n que permite a los propietarios de sitios generar un complemento de feed RSS usted mismo. Descubra los sencillos pasos: <\/p><ul><li>Vaya al editor en vivo para establecer un complemento de feed RSS que desee int\u00e9grelo en su p\u00e1gina de inicio de Shopify.<\/li><li>Decida una de las plantillas predise\u00f1adas y adapte la configuraci\u00f3n de la fuente RSS, agregue su contenido, modifique el dise\u00f1o y la combinaci\u00f3n de colores sin experiencia en codificaci\u00f3n.<\/li><li>Guarde la configuraci\u00f3n que ha realizado en la fuente RSS y copie el c\u00f3digo de instalaci\u00f3n del complemento, que puede incluir sin esfuerzo en cualquier p\u00e1gina de inicio de Shopify y sin cargo.<\/li><\/ul><p>Con nuestro Configurador f\u00e1cil de usar, cada usuario de Internet puede crear una fuente RSS en l\u00ednea y Incl\u00fayelo sin esfuerzo en cualquier sitio de Shopify. No es necesario obtener una suscripci\u00f3n paga ni enviar los datos de su tarjeta para acceder al servicio Elfsight. Si encuentra alg\u00fan problema en cualquier paso, contin\u00fae y comun\u00edquese con nuestro personal de soporte.<\/p><\/div>\r\n\t\t\t\t\t<\/div>\r\n\t\t\t\t<\/div><\/div>","protected":false},"excerpt":{"rendered":"","protected":false},"author":9,"featured_media":0,"parent":1899,"menu_order":0,"comment_status":"closed","ping_status":"closed","template":"templates\/template-application-platform.php","meta":{"publish_to_discourse":"","publish_post_category":"","wpdc_auto_publish_overridden":"","wpdc_topic_tags":"","wpdc_pin_topic":"","wpdc_pin_until":"","discourse_post_id":"","discourse_permalink":"","wpdc_publishing_response":"","wpdc_publishing_error":"","footnotes":""},"class_list":["post-6125","page","type-page","status-publish","hentry"],"yoast_head":"<!-- This site is optimized with the Yoast SEO plugin v25.3.1 - https:\/\/yoast.com\/wordpress\/plugins\/seo\/ -->\n<title>Agregue la aplicaci\u00f3n RSS Feed al sitio web de Shopify (r\u00e1pido y gratis)<\/title>\n<meta name=\"description\" content=\"Inserta una aplicaci\u00f3n RSS Feed f\u00e1cil de administrar en tu sitio web de Shopify. Utilice la pr\u00e1ctica demostraci\u00f3n de Elfsight y genere su impresionante canal RSS.\" \/>\n<meta name=\"robots\" content=\"index, follow, max-snippet:-1, max-image-preview:large, max-video-preview:-1\" \/>\n<link rel=\"canonical\" href=\"https:\/\/elfsight.com\/es\/rss-feed-widget\/shopify\/\" \/>\n<meta property=\"og:locale\" content=\"es_ES\" \/>\n<meta property=\"og:type\" content=\"article\" \/>\n<meta property=\"og:title\" content=\"Agregue la aplicaci\u00f3n RSS Feed al sitio web de Shopify (r\u00e1pido y gratis)\" \/>\n<meta property=\"og:description\" content=\"Inserta una aplicaci\u00f3n RSS Feed f\u00e1cil de administrar en tu sitio web de Shopify. Utilice la pr\u00e1ctica demostraci\u00f3n de Elfsight y genere su impresionante canal RSS.\" \/>\n<meta property=\"og:url\" content=\"https:\/\/elfsight.com\/es\/rss-feed-widget\/shopify\/\" \/>\n<meta property=\"og:site_name\" content=\"Elfsight ES\" \/>\n<meta property=\"article:modified_time\" content=\"2026-02-19T12:26:31+00:00\" \/>\n<meta name=\"twitter:card\" content=\"summary_large_image\" \/>\n<meta name=\"twitter:label1\" content=\"Tiempo de lectura\" \/>\n\t<meta name=\"twitter:data1\" content=\"3 minutos\" \/>\n<!-- \/ Yoast SEO plugin. -->","yoast_head_json":{"title":"Agregue la aplicaci\u00f3n RSS Feed al sitio web de Shopify (r\u00e1pido y gratis)","description":"Inserta una aplicaci\u00f3n RSS Feed f\u00e1cil de administrar en tu sitio web de Shopify. Utilice la pr\u00e1ctica demostraci\u00f3n de Elfsight y genere su impresionante canal RSS.","robots":{"index":"index","follow":"follow","max-snippet":"max-snippet:-1","max-image-preview":"max-image-preview:large","max-video-preview":"max-video-preview:-1"},"canonical":"https:\/\/elfsight.com\/es\/rss-feed-widget\/shopify\/","og_locale":"es_ES","og_type":"article","og_title":"Agregue la aplicaci\u00f3n RSS Feed al sitio web de Shopify (r\u00e1pido y gratis)","og_description":"Inserta una aplicaci\u00f3n RSS Feed f\u00e1cil de administrar en tu sitio web de Shopify. Utilice la pr\u00e1ctica demostraci\u00f3n de Elfsight y genere su impresionante canal RSS.","og_url":"https:\/\/elfsight.com\/es\/rss-feed-widget\/shopify\/","og_site_name":"Elfsight ES","article_modified_time":"2026-02-19T12:26:31+00:00","twitter_card":"summary_large_image","twitter_misc":{"Tiempo de lectura":"3 minutos"},"schema":{"@context":"https:\/\/schema.org","@graph":[{"@type":"WebPage","@id":"https:\/\/elfsight.com\/es\/rss-feed-widget\/shopify\/","url":"https:\/\/elfsight.com\/es\/rss-feed-widget\/shopify\/","name":"Agregue la aplicaci\u00f3n RSS Feed al sitio web de Shopify (r\u00e1pido y gratis)","isPartOf":{"@id":"https:\/\/elfsight.com\/es\/#website"},"datePublished":"1970-01-01T00:00:00+00:00","dateModified":"2026-02-19T12:26:31+00:00","description":"Inserta una aplicaci\u00f3n RSS Feed f\u00e1cil de administrar en tu sitio web de Shopify. Utilice la pr\u00e1ctica demostraci\u00f3n de Elfsight y genere su impresionante canal RSS.","breadcrumb":{"@id":"https:\/\/elfsight.com\/es\/rss-feed-widget\/shopify\/#breadcrumb"},"inLanguage":"es","potentialAction":[{"@type":"ReadAction","target":["https:\/\/elfsight.com\/es\/rss-feed-widget\/shopify\/"]}]},{"@type":"BreadcrumbList","@id":"https:\/\/elfsight.com\/es\/rss-feed-widget\/shopify\/#breadcrumb","itemListElement":[{"@type":"ListItem","position":1,"name":"Home","item":"https:\/\/elfsight.com\/es\/"},{"@type":"ListItem","position":2,"name":"RSS Feed","item":"https:\/\/elfsight.com\/es\/rss-feed-widget\/"},{"@type":"ListItem","position":3,"name":"RSS Feed &#8211; Shopify"}]},{"@type":"WebSite","@id":"https:\/\/elfsight.com\/es\/#website","url":"https:\/\/elfsight.com\/es\/","name":"Elfsight ES","description":"Just another Elfsight Sites site","potentialAction":[{"@type":"SearchAction","target":{"@type":"EntryPoint","urlTemplate":"https:\/\/elfsight.com\/es\/?s={search_term_string}"},"query-input":{"@type":"PropertyValueSpecification","valueRequired":true,"valueName":"search_term_string"}}],"inLanguage":"es"}]}},"meta_box":{"industry":"","seo_heading":"","heading":"","description":"","cta_heading":"","cta_description":"","application":"1898","h1":"Aplicaci\u00f3n Shopify RSS Feed","h1_caption":"Inserta un feed rss en tu sitio web para mostrar contenido de fuentes externas, manteniendo tu sitio web actualizado con material nuevo en tu sitio web de Shopify sin esfuerzo.","application_category":[],"applications_title":"","applications_request_title":"","applications_request_button_text":"","hero_text":"","hero_video":"","hero_video_schema_markup":"","selling_points_title":"","selling_points_caption":"","selling_points":[],"selling_points_cta_text":"","features_title":"","features":"","ed_cta_examples_text":"","ed_cta_examples_hidden":"","ed_cta_demo_text":"","ed_cta_demo_hidden":"","why_caption":"","why_editor_title":"","why_editor_text":"","why_team_title":"","why_team_text":"","why_service_title":"","why_service_text":"","template_catalog_visible":"0","template_catalog_title":"","template_catalog_text":"","template_catalog_categories_visible":"","demo_title":"Crea tu aplicaci\u00f3n RSS Feed","demo_caption":"\u00a1Configura tu feed RSS y agr\u00e9galo a tu sitio web Shopify gratis!","default_faq_hidden":"","app_template_category":[],"platform":"91","template_public_id":"","codecanyon_url":"","codecanyon_item_id":"","codecanyon_price":"","pricing_caption":"","pricing_elfsight_apps_hide_column":"","pricing_elfsight_apps_url":"","pricing_codecanyon_price_caption":"","integration_category":[],"integration_request_title":"","integration_request_cta":"","integration_platform":"","integrations":[],"platform_category":[],"video_schema_markup":"","price":"desde $0 \/ mes","trial":"","benefits":[{"text":"Ayuda de instalaci\u00f3n gratuita"},{"text":"Servicio al cliente competente"},{"text":"Garant\u00eda de reembolso de 14 d\u00edas"},{"text":"Futuras mejoras gratuitas"}],"button_url":"#demo","button_target_blank":"0","button_nofollow":"0","attributes":[{"name":"Instalaciones","content":"10,000 - 100,000"},{"name":"Sensible","content":"S\u00ed"},{"name":"Navegadores compatibles","content":"Firefox, Safari, Opera, Chrome, Edge"}],"tags":[],"tags_disable_links":"0","hide_more_platforms":"0","video_object":"","demo_hide_cta":"0","demo_hide_cloud_options":"0","pricing_title":"","pricing":[{"pricing_icon":"platform","pricing_title":"Elfsight Apps","pricing_title_caption":"Versi\u00f3n multiplataforma que se adapta a cualquier sitio.","pricing_price":"desde $0 \/ mes","pricing_price_caption":"comienza con un plan gratuito","pricing_benefits":[{"text":"Sitios web ilimitados"},{"text":"Soporte r\u00e1pido y puntual"},{"text":"Ayuda de instalaci\u00f3n gratuita"},{"text":"Dise\u00f1o flexible"}],"pricing_button_text":"A\u00f1adir al sitio web","pricing_button_url":"#demo"}],"related_apps_title":"","related_apps_hidden":"0","author":"","image":[],"title":"","job":"","social_networks":[]},"_links":{"self":[{"href":"https:\/\/elfsight.com\/es\/wp-json\/wp\/v2\/pages\/6125","targetHints":{"allow":["GET"]}}],"collection":[{"href":"https:\/\/elfsight.com\/es\/wp-json\/wp\/v2\/pages"}],"about":[{"href":"https:\/\/elfsight.com\/es\/wp-json\/wp\/v2\/types\/page"}],"author":[{"embeddable":true,"href":"https:\/\/elfsight.com\/es\/wp-json\/wp\/v2\/users\/9"}],"replies":[{"embeddable":true,"href":"https:\/\/elfsight.com\/es\/wp-json\/wp\/v2\/comments?post=6125"}],"version-history":[{"count":3,"href":"https:\/\/elfsight.com\/es\/wp-json\/wp\/v2\/pages\/6125\/revisions"}],"predecessor-version":[{"id":20060,"href":"https:\/\/elfsight.com\/es\/wp-json\/wp\/v2\/pages\/6125\/revisions\/20060"}],"up":[{"embeddable":true,"href":"https:\/\/elfsight.com\/es\/wp-json\/wp\/v2\/pages\/1899"}],"wp:attachment":[{"href":"https:\/\/elfsight.com\/es\/wp-json\/wp\/v2\/media?parent=6125"}],"curies":[{"name":"wp","href":"https:\/\/api.w.org\/{rel}","templated":true}]}}