{"id":6124,"date":"1970-01-01T00:00:00","date_gmt":"1970-01-01T00:00:00","guid":{"rendered":"https:\/\/elfsight.com\/es\/?page_id=6124"},"modified":"2025-02-06T16:08:20","modified_gmt":"2025-02-06T16:08:20","slug":"prestashop","status":"publish","type":"page","link":"https:\/\/elfsight.com\/es\/rss-feed-widget\/prestashop\/","title":{"rendered":"RSS Feed &#8211; PrestaShop"},"content":{"rendered":"<div class=\"application-platform-content-item-description application-platform-content-item\" id=\"description\" data-nav-section=\"description\"> <h2>Descripci\u00f3n<\/h2> <p>Elfsight RSS Feed para Prestashop es un complemento cuyo objetivo principal es ayudarlo con todas las demandas reales para obtener impresiones y solicitudes de los clientes de su sitio. Revele las partes esenciales para completar, seleccione la plantilla requerida y personalice la interfaz para motivar a sus visitantes a dejar las demandas de los servicios de su empresa. El Social Feed est\u00e1 dise\u00f1ado para satisfacer todas sus demandas de obtener comentarios y mantenerse siempre en contacto con sus clientes.<\/p><p><b>\u00a1Inicie el RSS Feed para alcanzar los picos de su negocio de manera m\u00e1s eficiente! <\/b><\/p> <\/div> <div class=\"application-platform-content-item-features application-platform-content-item\" id=\"features\" data-nav-section=\"features\"> <h2>Estas son las caracter\u00edsticas clave del complemento: <\/h2> <ul><li>Incrusta tu contenido desde m\u00faltiples fuentes<\/li><li>Filtrado autom\u00e1tico manual y modo de moderaci\u00f3n de funciones<\/li><li>Modo de moderaci\u00f3n autom\u00e1tica para una carga de contenido fluida<\/li><li>Cinco plantillas de publicaciones listas para usar con varios posiciones de texto, foto e imagen del autor<\/li><li>Los v\u00eddeos se reproducen autom\u00e1ticamente en un modo emergente<\/li><li>Deja que tus publicaciones aparezcan en una ventana emergente <\/li><li>2 variantes de representaci\u00f3n de publicaciones emergentes: control deslizante y feed<\/li><\/ul><p><a href=\"#demo\">Solo prueba esta demostraci\u00f3n para tener una idea completa<\/a><\/p> <\/div> <div class=\"application-platform-content-item-installation application-platform-content-item\" id=\"installation\" data-nav-section=\"installation\"> <h2>\u00bfC\u00f3mo puedo agregar RSS Feed a mi p\u00e1gina web PrestaShop? <\/h2> <p>Simplemente siga varios pasos que se describen a continuaci\u00f3n para integrar la herramienta. <\/p> <ol><li><b>Emplea nuestro editor gratuito y comienza a crear tu instrumento personalizado. <\/b><br> Encuentre el dise\u00f1o y los aspectos preferidos del complemento y guarde las ediciones. <\/li> <li><b>Reciba el c\u00f3digo individual que aparece en el formulario especial en Elfsight Apps. <\/b><br> Tan pronto como se complete la configuraci\u00f3n de su complemento personal, copie el c\u00f3digo personal de la ventana emergente que aparece y gu\u00e1rdelo para usarlo en el futuro. <\/li> <li><b>Comience a utilizar el complemento en la p\u00e1gina de inicio de PrestaShop. <\/b><br> Inserta el c\u00f3digo que has guardado recientemente en tu p\u00e1gina web y guarda las correcciones. <\/li> <li><b>La instalaci\u00f3n se realiz\u00f3 exitosamente. <\/b><br> Vaya a su sitio para ver en acci\u00f3n el trabajo del widget. <\/li><\/ol> <p>En caso de que encuentre algunas dificultades, p\u00f3ngase en contacto con nuestro personal de soporte. Nuestra gente estar\u00e1 encantada de resolver todos los problemas que pueda tener con el complemento. <\/p> <\/div><div class=\"faq\" data-component=\"FAQ\"><div class=\"faq-item\">\r\n\t\t\t\t\t<div class=\"faq-item-question\">\r\n\t\t\t\t\t\t<h3 class=\"faq-item-question-text\">\u00bfExiste alguna manera de agregar un feed RSS a mi p\u00e1gina web PrestaShop sin conocimientos de codificaci\u00f3n?<\/h3>\r\n\r\n\t\t\t\t\t\t<div class=\"faq-item-question-icon\"><\/div>\r\n\t\t\t\t\t<\/div>\r\n\r\n\t\t\t\t\t<div class=\"faq-item-answer\">\r\n\t\t\t\t\t\t<div class=\"faq-item-answer-text\"><p>La empresa Elfsight ofrece una soluci\u00f3n en la nube que permite a los propietarios de sitios establecer una aplicaci\u00f3n de feed RSS usted mismo. Aprenda la gu\u00eda sencilla: <\/p><ul><li>Vaya al editor en l\u00ednea para generar una aplicaci\u00f3n de feed RSS que desee ins\u00e9rtelo en su sitio web PrestaShop.<\/li><li>Elija una de nuestras plantillas listas para usar y adapte la configuraci\u00f3n de la fuente RSS, cambie el dise\u00f1o y la combinaci\u00f3n de colores, agregue su contenido sin conocimientos de codificaci\u00f3n.<\/li><li>Guarde la fuente RSS y obtenga el c\u00f3digo para incrustar, que puede agregar en el sitio PrestaShop de forma gratuita.<\/li><\/ul><p>Con la ayuda de nuestro Configurador intuitivo, cualquier usuario de Internet puede generar un widget de fuente RSS y simplemente incluirlo en cualquier sitio PrestaShop. No debes obtener un plan pago ni ingresar los datos de tu tarjeta para ingresar a Elfsight Editor. Si encuentra alg\u00fan obst\u00e1culo en alg\u00fan paso, no dude en comunicarse con nuestro equipo de soporte t\u00e9cnico.<\/p><\/div>\r\n\t\t\t\t\t<\/div>\r\n\t\t\t\t<\/div><\/div>","protected":false},"excerpt":{"rendered":"","protected":false},"author":9,"featured_media":0,"parent":1899,"menu_order":0,"comment_status":"closed","ping_status":"closed","template":"templates\/template-application-platform.php","meta":{"publish_to_discourse":"","publish_post_category":"","wpdc_auto_publish_overridden":"","wpdc_topic_tags":"","wpdc_pin_topic":"","wpdc_pin_until":"","discourse_post_id":"","discourse_permalink":"","wpdc_publishing_response":"","wpdc_publishing_error":"","footnotes":""},"class_list":["post-6124","page","type-page","status-publish","hentry"],"yoast_head":"<!-- This site is optimized with the Yoast SEO plugin v25.3.1 - https:\/\/yoast.com\/wordpress\/plugins\/seo\/ -->\n<title>Agregue el complemento RSS Feed al sitio web de PrestaShop (r\u00e1pido y gratuito)<\/title>\n<meta name=\"description\" content=\"Implemente un complemento RSS Feed responsivo en su p\u00e1gina PrestaShop. Utilice la pr\u00e1ctica demostraci\u00f3n de Elfsight y modifique su impresionante canal RSS.\" \/>\n<meta name=\"robots\" content=\"index, follow, max-snippet:-1, max-image-preview:large, max-video-preview:-1\" \/>\n<link rel=\"canonical\" href=\"https:\/\/elfsight.com\/es\/rss-feed-widget\/prestashop\/\" \/>\n<meta property=\"og:locale\" content=\"es_ES\" \/>\n<meta property=\"og:type\" content=\"article\" \/>\n<meta property=\"og:title\" content=\"Agregue el complemento RSS Feed al sitio web de PrestaShop (r\u00e1pido y gratuito)\" \/>\n<meta property=\"og:description\" content=\"Implemente un complemento RSS Feed responsivo en su p\u00e1gina PrestaShop. Utilice la pr\u00e1ctica demostraci\u00f3n de Elfsight y modifique su impresionante canal RSS.\" \/>\n<meta property=\"og:url\" content=\"https:\/\/elfsight.com\/es\/rss-feed-widget\/prestashop\/\" \/>\n<meta property=\"og:site_name\" content=\"Elfsight ES\" \/>\n<meta property=\"article:modified_time\" content=\"2025-02-06T16:08:20+00:00\" \/>\n<meta name=\"twitter:card\" content=\"summary_large_image\" \/>\n<meta name=\"twitter:label1\" content=\"Tiempo de lectura\" \/>\n\t<meta name=\"twitter:data1\" content=\"3 minutos\" \/>\n<!-- \/ Yoast SEO plugin. -->","yoast_head_json":{"title":"Agregue el complemento RSS Feed al sitio web de PrestaShop (r\u00e1pido y gratuito)","description":"Implemente un complemento RSS Feed responsivo en su p\u00e1gina PrestaShop. Utilice la pr\u00e1ctica demostraci\u00f3n de Elfsight y modifique su impresionante canal RSS.","robots":{"index":"index","follow":"follow","max-snippet":"max-snippet:-1","max-image-preview":"max-image-preview:large","max-video-preview":"max-video-preview:-1"},"canonical":"https:\/\/elfsight.com\/es\/rss-feed-widget\/prestashop\/","og_locale":"es_ES","og_type":"article","og_title":"Agregue el complemento RSS Feed al sitio web de PrestaShop (r\u00e1pido y gratuito)","og_description":"Implemente un complemento RSS Feed responsivo en su p\u00e1gina PrestaShop. Utilice la pr\u00e1ctica demostraci\u00f3n de Elfsight y modifique su impresionante canal RSS.","og_url":"https:\/\/elfsight.com\/es\/rss-feed-widget\/prestashop\/","og_site_name":"Elfsight ES","article_modified_time":"2025-02-06T16:08:20+00:00","twitter_card":"summary_large_image","twitter_misc":{"Tiempo de lectura":"3 minutos"},"schema":{"@context":"https:\/\/schema.org","@graph":[{"@type":"WebPage","@id":"https:\/\/elfsight.com\/es\/rss-feed-widget\/prestashop\/","url":"https:\/\/elfsight.com\/es\/rss-feed-widget\/prestashop\/","name":"Agregue el complemento RSS Feed al sitio web de PrestaShop (r\u00e1pido y gratuito)","isPartOf":{"@id":"https:\/\/elfsight.com\/es\/#website"},"datePublished":"1970-01-01T00:00:00+00:00","dateModified":"2025-02-06T16:08:20+00:00","description":"Implemente un complemento RSS Feed responsivo en su p\u00e1gina PrestaShop. Utilice la pr\u00e1ctica demostraci\u00f3n de Elfsight y modifique su impresionante canal RSS.","breadcrumb":{"@id":"https:\/\/elfsight.com\/es\/rss-feed-widget\/prestashop\/#breadcrumb"},"inLanguage":"es","potentialAction":[{"@type":"ReadAction","target":["https:\/\/elfsight.com\/es\/rss-feed-widget\/prestashop\/"]}]},{"@type":"BreadcrumbList","@id":"https:\/\/elfsight.com\/es\/rss-feed-widget\/prestashop\/#breadcrumb","itemListElement":[{"@type":"ListItem","position":1,"name":"Home","item":"https:\/\/elfsight.com\/es\/"},{"@type":"ListItem","position":2,"name":"RSS Feed","item":"https:\/\/elfsight.com\/es\/rss-feed-widget\/"},{"@type":"ListItem","position":3,"name":"RSS Feed &#8211; PrestaShop"}]},{"@type":"WebSite","@id":"https:\/\/elfsight.com\/es\/#website","url":"https:\/\/elfsight.com\/es\/","name":"Elfsight ES","description":"Just another Elfsight Sites site","potentialAction":[{"@type":"SearchAction","target":{"@type":"EntryPoint","urlTemplate":"https:\/\/elfsight.com\/es\/?s={search_term_string}"},"query-input":{"@type":"PropertyValueSpecification","valueRequired":true,"valueName":"search_term_string"}}],"inLanguage":"es"}]}},"meta_box":{"industry":"","seo_heading":"","heading":"","description":"","cta_heading":"","cta_description":"","application":"1898","h1":"Complemento de fuente RSS de PrestaShop","h1_caption":"Incruste un feed rss en su sitio web para mostrar contenido de fuentes externas, manteniendo su sitio web actualizado con material nuevo en su sitio web Prestashop sin esfuerzo.","application_category":[],"applications_title":"","applications_request_title":"","applications_request_button_text":"","hero_text":"","hero_video":"","hero_video_schema_markup":"","selling_points_title":"","selling_points_caption":"","selling_points":[],"selling_points_cta_text":"","features_title":"","features":"","ed_cta_examples_text":"","ed_cta_examples_hidden":"","ed_cta_demo_text":"","ed_cta_demo_hidden":"","why_caption":"","why_editor_title":"","why_editor_text":"","why_team_title":"","why_team_text":"","why_service_title":"","why_service_text":"","template_catalog_visible":"","template_catalog_title":"","template_catalog_text":"","template_catalog_categories_visible":"","demo_title":"Crea tu complemento RSS Feed","demo_caption":"\u00a1Configure su feed RSS y agr\u00e9guelo a su sitio web PrestaShop gratis!","default_faq_hidden":"","app_template_category":[],"platform":"2250","template_public_id":"","codecanyon_url":"","codecanyon_item_id":"","codecanyon_price":"","pricing_caption":"","pricing_elfsight_apps_hide_column":"","pricing_elfsight_apps_url":"","pricing_codecanyon_price_caption":"","integration_category":[],"integration_request_title":"","integration_request_cta":"","integration_platform":"","integrations":[],"platform_category":[],"video_schema_markup":"","price":"desde $0 \/ mes","trial":"","benefits":[{"text":"Servicio de instalaci\u00f3n gratuito"},{"text":"Servicio al cliente profesional"},{"text":"Garant\u00eda de reembolso de 14 d\u00edas"},{"text":"Mejoras gratuitas de por vida"}],"button_url":"#demo","button_target_blank":"","button_nofollow":"","attributes":[{"name":"Instalaciones","content":"10,000 - 100,000"},{"name":"Sensible","content":"S\u00ed"},{"name":"Navegadores compatibles","content":"Firefox, Safari, Opera, Chrome, Edge"}],"tags":[],"tags_disable_links":"","hide_more_platforms":"","video_object":"","demo_hide_cta":"","demo_hide_cloud_options":"","pricing_title":"","pricing":[{"pricing_icon":"platform","pricing_title":"Elfsight Apps","pricing_title_caption":"Soluci\u00f3n multiplataforma que funciona en cualquier sitio web","pricing_price":"desde $0 \/ mes","pricing_price_caption":"comienza con un plan gratuito","pricing_benefits":[{"text":"Sitios web ilimitados"},{"text":"Atenci\u00f3n al cliente 24 horas al d\u00eda, 7 d\u00edas a la semana"},{"text":"Ayuda de instalaci\u00f3n gratuita"},{"text":"Totalmente personalizable"}],"pricing_button_text":"A\u00f1adir al sitio web","pricing_button_url":"#demo"}],"related_apps_title":"","related_apps_hidden":"","author":"","image":[],"title":"","job":"","social_networks":[]},"_links":{"self":[{"href":"https:\/\/elfsight.com\/es\/wp-json\/wp\/v2\/pages\/6124","targetHints":{"allow":["GET"]}}],"collection":[{"href":"https:\/\/elfsight.com\/es\/wp-json\/wp\/v2\/pages"}],"about":[{"href":"https:\/\/elfsight.com\/es\/wp-json\/wp\/v2\/types\/page"}],"author":[{"embeddable":true,"href":"https:\/\/elfsight.com\/es\/wp-json\/wp\/v2\/users\/9"}],"replies":[{"embeddable":true,"href":"https:\/\/elfsight.com\/es\/wp-json\/wp\/v2\/comments?post=6124"}],"version-history":[{"count":2,"href":"https:\/\/elfsight.com\/es\/wp-json\/wp\/v2\/pages\/6124\/revisions"}],"predecessor-version":[{"id":19248,"href":"https:\/\/elfsight.com\/es\/wp-json\/wp\/v2\/pages\/6124\/revisions\/19248"}],"up":[{"embeddable":true,"href":"https:\/\/elfsight.com\/es\/wp-json\/wp\/v2\/pages\/1899"}],"wp:attachment":[{"href":"https:\/\/elfsight.com\/es\/wp-json\/wp\/v2\/media?parent=6124"}],"curies":[{"name":"wp","href":"https:\/\/api.w.org\/{rel}","templated":true}]}}