{"id":6123,"date":"1970-01-01T00:00:00","date_gmt":"1970-01-01T00:00:00","guid":{"rendered":"https:\/\/elfsight.com\/es\/?page_id=6123"},"modified":"2025-02-06T16:08:20","modified_gmt":"2025-02-06T16:08:20","slug":"opencart","status":"publish","type":"page","link":"https:\/\/elfsight.com\/es\/rss-feed-widget\/opencart\/","title":{"rendered":"RSS Feed &#8211; OpenCart"},"content":{"rendered":"<div class=\"application-platform-content-item-description application-platform-content-item\" id=\"description\" data-nav-section=\"description\"> <h2>Descripci\u00f3n<\/h2> <p>Elfsight RSS Feed para OpenCart es una extensi\u00f3n \u00fanica para promover emociones y experiencias. Con \u00e9l, puede dise\u00f1ar feeds individualizados compuestos por contenido de diferentes sitios web de noticias y colocarlos directamente en su sitio web. Ejerza un control total sobre el contenido mostrado y elimine el spam y cualquier contenido no deseado mediante la moderaci\u00f3n manual. El editor en l\u00ednea totalmente responsivo le ofrece una variedad de plantillas para elegir. <\/p> <p><b>Con RSS Feed, obtenga un crecimiento empresarial sostenible y mejores ventas <\/b><\/p> <\/div> <div class=\"application-platform-content-item-features application-platform-content-item\" id=\"features\" data-nav-section=\"features\"> <h2>Las caracter\u00edsticas esenciales del widget incluyen<\/h2> <ul><li>Cubrir la secci\u00f3n principal para que su herramienta luzca minimalista. <\/li><li>Elimine el spam y el contenido no deseado con el modo de moderaci\u00f3n manual. <\/li><li>Seleccione uno de los seis dise\u00f1os presentes: carrusel, control deslizante, cuadr\u00edcula, lista, collage, mamposter\u00eda. <\/li><li>Deja que tus publicaciones se muestren en una ventana emergente. <\/li><\/ul><p><a href=\"#demo\">Examine todas las funciones de personalizaci\u00f3n en una demostraci\u00f3n con todas las funciones<\/a><\/p> <\/div> <div class=\"application-platform-content-item-installation application-platform-content-item\" id=\"installation\" data-nav-section=\"installation\"> <h2>\u00bfC\u00f3mo incorporo fuente RSS en mi sitio OpenCart? <\/h2> <p>Simplemente siga las pautas a continuaci\u00f3n para comenzar a usar la extensi\u00f3n. <\/p> <ol><li><b>Realiza nuestra demostraci\u00f3n gratuita y comienza a darle forma a tu extensi\u00f3n personalizada. <\/b><br> Determine el aspecto y los aspectos deseables de la extensi\u00f3n y aplique las correcciones. <\/li> <li><b>Reciba el c\u00f3digo \u00fanico que se revela en el cuadro de Elfsight Apps. <\/b><br> Inmediatamente despu\u00e9s de que se complete la generaci\u00f3n de su complemento, copie el c\u00f3digo exclusivo de la ventana que aparece y gu\u00e1rdelo para futuras ocasiones. <\/li> <li><b>Ingrese al uso del widget en el sitio web de OpenCart. <\/b><br> A\u00f1ade el c\u00f3digo que has guardado anteriormente en tu sitio web y guarda los ajustes. <\/li> <li><b>\u00a1Listo! La incrustaci\u00f3n est\u00e1 totalmente realizada. <\/b><br> Vaya a su sitio web para ver c\u00f3mo funciona la extensi\u00f3n. <\/li><\/ol> <p>Si tiene alg\u00fan problema, no dude en solicitar nuestro personal de soporte. Nuestros especialistas esperan resolver todas las dificultades que pueda tener con el complemento. <\/p> <\/div><div class=\"faq\" data-component=\"FAQ\"><div class=\"faq-item\">\r\n\t\t\t\t\t<div class=\"faq-item-question\">\r\n\t\t\t\t\t\t<h3 class=\"faq-item-question-text\">\u00bfExiste una opci\u00f3n para incrustar un feed RSS en mi p\u00e1gina de inicio de OpenCart sin conocimientos de codificaci\u00f3n?<\/h3>\r\n\r\n\t\t\t\t\t\t<div class=\"faq-item-question-icon\"><\/div>\r\n\t\t\t\t\t<\/div>\r\n\r\n\t\t\t\t\t<div class=\"faq-item-answer\">\r\n\t\t\t\t\t\t<div class=\"faq-item-answer-text\"><p>La empresa Elfsight proporciona una soluci\u00f3n que le permite establecer un complemento de feed RSS usted mismo; consulte la gu\u00eda sencilla: <\/p><ul><li>Trabaja en el editor en l\u00ednea para crear un widget de feed RSS que desees para incluir en su sitio web OpenCart.<\/li><li>Elija una de las plantillas predise\u00f1adas y modifique la configuraci\u00f3n de la fuente RSS, modifique el dise\u00f1o y los colores, incluya su contenido sin conocimientos de codificaci\u00f3n.<\/li><li>Haga clic para guardar la fuente RSS y obtenga su c\u00f3digo de instalaci\u00f3n, que puede incluirse en su p\u00e1gina de inicio de OpenCart de forma gratuita.<\/li><\/ul><p>Utilizando el editor intuitivo, cualquier usuario de Internet puede generar una aplicaci\u00f3n de fuente RSS en l\u00ednea y agregarla f\u00e1cilmente a su p\u00e1gina de inicio de OpenCart. No es necesario obtener una suscripci\u00f3n paga ni revelar los datos de su tarjeta para acceder a Elfsight Editor. Si encuentra alg\u00fan obst\u00e1culo en alg\u00fan paso, no dude en ponerse en contacto con nuestro servicio t\u00e9cnico de atenci\u00f3n al cliente.<\/p><\/div>\r\n\t\t\t\t\t<\/div>\r\n\t\t\t\t<\/div><\/div>","protected":false},"excerpt":{"rendered":"","protected":false},"author":9,"featured_media":0,"parent":1899,"menu_order":0,"comment_status":"closed","ping_status":"closed","template":"templates\/template-application-platform.php","meta":{"publish_to_discourse":"","publish_post_category":"","wpdc_auto_publish_overridden":"","wpdc_topic_tags":"","wpdc_pin_topic":"","wpdc_pin_until":"","discourse_post_id":"","discourse_permalink":"","wpdc_publishing_response":"","wpdc_publishing_error":"","footnotes":""},"class_list":["post-6123","page","type-page","status-publish","hentry"],"yoast_head":"<!-- This site is optimized with the Yoast SEO plugin v25.3.1 - https:\/\/yoast.com\/wordpress\/plugins\/seo\/ -->\n<title>Agregue la extensi\u00f3n RSS Feed al sitio web OpenCart (r\u00e1pido y gratuito)<\/title>\n<meta name=\"description\" content=\"Integre una extensi\u00f3n RSS Feed compatible con dispositivos m\u00f3viles en su sitio OpenCart. Aplique la pr\u00e1ctica demostraci\u00f3n de Elfsight y cree su impresionante canal RSS.\" \/>\n<meta name=\"robots\" content=\"index, follow, max-snippet:-1, max-image-preview:large, max-video-preview:-1\" \/>\n<link rel=\"canonical\" href=\"https:\/\/elfsight.com\/es\/rss-feed-widget\/opencart\/\" \/>\n<meta property=\"og:locale\" content=\"es_ES\" \/>\n<meta property=\"og:type\" content=\"article\" \/>\n<meta property=\"og:title\" content=\"Agregue la extensi\u00f3n RSS Feed al sitio web OpenCart (r\u00e1pido y gratuito)\" \/>\n<meta property=\"og:description\" content=\"Integre una extensi\u00f3n RSS Feed compatible con dispositivos m\u00f3viles en su sitio OpenCart. Aplique la pr\u00e1ctica demostraci\u00f3n de Elfsight y cree su impresionante canal RSS.\" \/>\n<meta property=\"og:url\" content=\"https:\/\/elfsight.com\/es\/rss-feed-widget\/opencart\/\" \/>\n<meta property=\"og:site_name\" content=\"Elfsight ES\" \/>\n<meta property=\"article:modified_time\" content=\"2025-02-06T16:08:20+00:00\" \/>\n<meta name=\"twitter:card\" content=\"summary_large_image\" \/>\n<meta name=\"twitter:label1\" content=\"Tiempo de lectura\" \/>\n\t<meta name=\"twitter:data1\" content=\"3 minutos\" \/>\n<!-- \/ Yoast SEO plugin. -->","yoast_head_json":{"title":"Agregue la extensi\u00f3n RSS Feed al sitio web OpenCart (r\u00e1pido y gratuito)","description":"Integre una extensi\u00f3n RSS Feed compatible con dispositivos m\u00f3viles en su sitio OpenCart. Aplique la pr\u00e1ctica demostraci\u00f3n de Elfsight y cree su impresionante canal RSS.","robots":{"index":"index","follow":"follow","max-snippet":"max-snippet:-1","max-image-preview":"max-image-preview:large","max-video-preview":"max-video-preview:-1"},"canonical":"https:\/\/elfsight.com\/es\/rss-feed-widget\/opencart\/","og_locale":"es_ES","og_type":"article","og_title":"Agregue la extensi\u00f3n RSS Feed al sitio web OpenCart (r\u00e1pido y gratuito)","og_description":"Integre una extensi\u00f3n RSS Feed compatible con dispositivos m\u00f3viles en su sitio OpenCart. Aplique la pr\u00e1ctica demostraci\u00f3n de Elfsight y cree su impresionante canal RSS.","og_url":"https:\/\/elfsight.com\/es\/rss-feed-widget\/opencart\/","og_site_name":"Elfsight ES","article_modified_time":"2025-02-06T16:08:20+00:00","twitter_card":"summary_large_image","twitter_misc":{"Tiempo de lectura":"3 minutos"},"schema":{"@context":"https:\/\/schema.org","@graph":[{"@type":"WebPage","@id":"https:\/\/elfsight.com\/es\/rss-feed-widget\/opencart\/","url":"https:\/\/elfsight.com\/es\/rss-feed-widget\/opencart\/","name":"Agregue la extensi\u00f3n RSS Feed al sitio web OpenCart (r\u00e1pido y gratuito)","isPartOf":{"@id":"https:\/\/elfsight.com\/es\/#website"},"datePublished":"1970-01-01T00:00:00+00:00","dateModified":"2025-02-06T16:08:20+00:00","description":"Integre una extensi\u00f3n RSS Feed compatible con dispositivos m\u00f3viles en su sitio OpenCart. Aplique la pr\u00e1ctica demostraci\u00f3n de Elfsight y cree su impresionante canal RSS.","breadcrumb":{"@id":"https:\/\/elfsight.com\/es\/rss-feed-widget\/opencart\/#breadcrumb"},"inLanguage":"es","potentialAction":[{"@type":"ReadAction","target":["https:\/\/elfsight.com\/es\/rss-feed-widget\/opencart\/"]}]},{"@type":"BreadcrumbList","@id":"https:\/\/elfsight.com\/es\/rss-feed-widget\/opencart\/#breadcrumb","itemListElement":[{"@type":"ListItem","position":1,"name":"Home","item":"https:\/\/elfsight.com\/es\/"},{"@type":"ListItem","position":2,"name":"RSS Feed","item":"https:\/\/elfsight.com\/es\/rss-feed-widget\/"},{"@type":"ListItem","position":3,"name":"RSS Feed &#8211; OpenCart"}]},{"@type":"WebSite","@id":"https:\/\/elfsight.com\/es\/#website","url":"https:\/\/elfsight.com\/es\/","name":"Elfsight ES","description":"Just another Elfsight Sites site","potentialAction":[{"@type":"SearchAction","target":{"@type":"EntryPoint","urlTemplate":"https:\/\/elfsight.com\/es\/?s={search_term_string}"},"query-input":{"@type":"PropertyValueSpecification","valueRequired":true,"valueName":"search_term_string"}}],"inLanguage":"es"}]}},"meta_box":{"industry":"","seo_heading":"","heading":"","description":"","cta_heading":"","cta_description":"","application":"1898","h1":"Extensi\u00f3n de fuente RSS de OpenCart","h1_caption":"Incruste un feed rss en su sitio web para mostrar contenido de fuentes externas, manteniendo su sitio web actualizado con material nuevo en su sitio web Opencart sin esfuerzo.","application_category":[],"applications_title":"","applications_request_title":"","applications_request_button_text":"","hero_text":"","hero_video":"","hero_video_schema_markup":"","selling_points_title":"","selling_points_caption":"","selling_points":[],"selling_points_cta_text":"","features_title":"","features":"","ed_cta_examples_text":"","ed_cta_examples_hidden":"","ed_cta_demo_text":"","ed_cta_demo_hidden":"","why_caption":"","why_editor_title":"","why_editor_text":"","why_team_title":"","why_team_text":"","why_service_title":"","why_service_text":"","template_catalog_visible":"","template_catalog_title":"","template_catalog_text":"","template_catalog_categories_visible":"","demo_title":"Crea tu extensi\u00f3n RSS Feed","demo_caption":"\u00a1Configure su fuente RSS y agr\u00e9guela a su sitio web OpenCart de forma gratuita!","default_faq_hidden":"","app_template_category":[],"platform":"88","template_public_id":"","codecanyon_url":"","codecanyon_item_id":"","codecanyon_price":"","pricing_caption":"","pricing_elfsight_apps_hide_column":"","pricing_elfsight_apps_url":"","pricing_codecanyon_price_caption":"","integration_category":[],"integration_request_title":"","integration_request_cta":"","integration_platform":"","integrations":[],"platform_category":[],"video_schema_markup":"","price":"desde $0 \/ mes","trial":"","benefits":[{"text":"Servicio de instalaci\u00f3n gratuito"},{"text":"Servicio al cliente competente"},{"text":"Garant\u00eda de reembolso de 14 d\u00edas"},{"text":"Desarrollo continuo"}],"button_url":"#demo","button_target_blank":"","button_nofollow":"","attributes":[{"name":"Instalaciones","content":"10,000 - 100,000"},{"name":"Sensible","content":"S\u00ed"},{"name":"Navegadores compatibles","content":"Firefox, Safari, Opera, Chrome, Edge"}],"tags":[],"tags_disable_links":"","hide_more_platforms":"","video_object":"","demo_hide_cta":"","demo_hide_cloud_options":"","pricing_title":"","pricing":[{"pricing_icon":"platform","pricing_title":"Elfsight Apps","pricing_title_caption":"Versi\u00f3n independiente de la plataforma","pricing_price":"desde $0 \/ mes","pricing_price_caption":"comienza con un plan gratuito","pricing_benefits":[{"text":"Dominios ilimitados"},{"text":"Soporte premium, puntual y bien documentado."},{"text":"Soporte de instalaci\u00f3n gratuito"},{"text":"Dise\u00f1o flexible"}],"pricing_button_text":"A\u00f1adir al sitio web","pricing_button_url":"#demo"}],"related_apps_title":"","related_apps_hidden":"","author":"","image":[],"title":"","job":"","social_networks":[]},"_links":{"self":[{"href":"https:\/\/elfsight.com\/es\/wp-json\/wp\/v2\/pages\/6123","targetHints":{"allow":["GET"]}}],"collection":[{"href":"https:\/\/elfsight.com\/es\/wp-json\/wp\/v2\/pages"}],"about":[{"href":"https:\/\/elfsight.com\/es\/wp-json\/wp\/v2\/types\/page"}],"author":[{"embeddable":true,"href":"https:\/\/elfsight.com\/es\/wp-json\/wp\/v2\/users\/9"}],"replies":[{"embeddable":true,"href":"https:\/\/elfsight.com\/es\/wp-json\/wp\/v2\/comments?post=6123"}],"version-history":[{"count":2,"href":"https:\/\/elfsight.com\/es\/wp-json\/wp\/v2\/pages\/6123\/revisions"}],"predecessor-version":[{"id":19249,"href":"https:\/\/elfsight.com\/es\/wp-json\/wp\/v2\/pages\/6123\/revisions\/19249"}],"up":[{"embeddable":true,"href":"https:\/\/elfsight.com\/es\/wp-json\/wp\/v2\/pages\/1899"}],"wp:attachment":[{"href":"https:\/\/elfsight.com\/es\/wp-json\/wp\/v2\/media?parent=6123"}],"curies":[{"name":"wp","href":"https:\/\/api.w.org\/{rel}","templated":true}]}}