{"id":6115,"date":"1970-01-01T00:00:00","date_gmt":"1970-01-01T00:00:00","guid":{"rendered":"https:\/\/elfsight.com\/es\/?page_id=6115"},"modified":"2025-02-06T16:08:28","modified_gmt":"2025-02-06T16:08:28","slug":"jquery","status":"publish","type":"page","link":"https:\/\/elfsight.com\/es\/rss-feed-widget\/jquery\/","title":{"rendered":"RSS Feed &#8211; jQuery"},"content":{"rendered":"<div class=\"application-platform-content-item-description application-platform-content-item\" id=\"description\" data-nav-section=\"description\"> <h2>Descripci\u00f3n<\/h2> <p>Elfsight RSS Feed para jQuery es un complemento exclusivo para comercializar emociones y experiencias. Al usarlo, puede crear un feed personalizado compuesto por el contenido de muchos blogs de noticias y colocarlo directamente en su sitio de Internet. Disfrute del control total sobre el contenido mostrado y elimine el spam y cualquier contenido no deseado mediante la moderaci\u00f3n manual. El configurador en l\u00ednea completamente responsivo le ofrece diferentes plantillas para elegir. <\/p> <p><b>Con RSS Feed, experimente un desarrollo empresarial activo y aumente las ventas <\/b><\/p> <\/div> <div class=\"application-platform-content-item-features application-platform-content-item\" id=\"features\" data-nav-section=\"features\"> <h2>Vea la lista de las funciones m\u00e1s valiosas: <\/h2> <ul><li>Cubra la secci\u00f3n principal para que el widget parezca minimalista. <\/li><li>Desh\u00e1gase del spam y del contenido no deseado aplicando moderaci\u00f3n manual. <\/li><li>Seleccione uno de los seis dise\u00f1os presentes: Lista, Mamposter\u00eda, Collage, Control deslizante, Cuadr\u00edcula, Carrusel. <\/li><li>Permite que tus publicaciones se vean en modo emergente. <\/li><\/ul><p><a href=\"#demo\">Pruebe todas las opciones de personalizaci\u00f3n en una demostraci\u00f3n con todas las funciones<\/a><\/p> <\/div> <div class=\"application-platform-content-item-installation application-platform-content-item\" id=\"installation\" data-nav-section=\"installation\"> <h2>\u00bfC\u00f3mo incrustar RSS Feed en mi sitio web jQuery? <\/h2> <p>Simplemente siga varios pasos que se describen a continuaci\u00f3n para insertar el complemento. <\/p> <ol><li><b>Utiliza nuestro configurador gratuito y comienza a darle forma a tu complemento \u00fanico. <\/b><br> Elija la forma y funcionalidad preferibles del complemento y aplique las modificaciones. <\/li> <li><b>Obtenga su c\u00f3digo \u00fanico que se muestra en el cuadro de Elfsight Apps. <\/b><br> Tan pronto como finalice la generaci\u00f3n de su complemento personal, copie el c\u00f3digo individual de la ventana que aparece y gu\u00e1rdelo para su uso posterior. <\/li> <li><b>Inicie la utilizaci\u00f3n del complemento en su sitio web jQuery. <\/b><br>Ingrese el c\u00f3digo copiado anteriormente en su p\u00e1gina y guarde las modificaciones. <\/li> <li><b>La configuraci\u00f3n se realiz\u00f3 por completo. <\/b><br>Vaya a su p\u00e1gina para inspeccionar el trabajo del complemento. <\/li><\/ol> <p>A condici\u00f3n de resolver dudas o superar cualquier dificultad, no dudes en contactar con nuestro equipo de atenci\u00f3n al cliente. Nuestros consultores esperan resolver todas las dificultades que pueda tener con el complemento. <\/p> <\/div><div class=\"faq\" data-component=\"FAQ\"><div class=\"faq-item\">\r\n\t\t\t\t\t<div class=\"faq-item-question\">\r\n\t\t\t\t\t\t<h3 class=\"faq-item-question-text\">\u00bfExiste alg\u00fan m\u00e9todo para incrustar un feed RSS en mi p\u00e1gina web jQuery sin experiencia en codificaci\u00f3n?<\/h3>\r\n\r\n\t\t\t\t\t\t<div class=\"faq-item-question-icon\"><\/div>\r\n\t\t\t\t\t<\/div>\r\n\r\n\t\t\t\t\t<div class=\"faq-item-answer\">\r\n\t\t\t\t\t\t<div class=\"faq-item-answer-text\"><p>La empresa Elfsight ofrece una soluci\u00f3n que permite a los usuarios generar un widget de feed RSS usted mismo, observe lo simple que es: <\/p><ul><li>Vaya al editor en vivo para crear un widget de feed RSS que desee para incluir en jQuery.<\/li><li>Decida una de las plantillas predise\u00f1adas y ajuste la configuraci\u00f3n de la fuente RSS, actualice su contenido, cambie el dise\u00f1o y los colores sin conocimientos de codificaci\u00f3n.<\/li><li>Haga clic para guardar la fuente RSS y obtenga el c\u00f3digo de instalaci\u00f3n, que se puede pegar f\u00e1cilmente en la p\u00e1gina de inicio de jQuery de forma gratuita.<\/li><\/ul><p>Utilizando el Configurador intuitivo, cualquier usuario de Internet puede establecer una fuente RSS en l\u00ednea e incrustarla en el sitio jQuery. No debe pagar ni enviar las credenciales de su tarjeta para ingresar a nuestro servicio. Si encuentra alg\u00fan problema en cualquier paso, contin\u00fae y comun\u00edquese con nuestro equipo de soporte.<\/p><\/div>\r\n\t\t\t\t\t<\/div>\r\n\t\t\t\t<\/div><\/div>","protected":false},"excerpt":{"rendered":"","protected":false},"author":9,"featured_media":0,"parent":1899,"menu_order":0,"comment_status":"closed","ping_status":"closed","template":"templates\/template-application-platform.php","meta":{"publish_to_discourse":"","publish_post_category":"","wpdc_auto_publish_overridden":"","wpdc_topic_tags":"","wpdc_pin_topic":"","wpdc_pin_until":"","discourse_post_id":"","discourse_permalink":"","wpdc_publishing_response":"","wpdc_publishing_error":"","footnotes":""},"class_list":["post-6115","page","type-page","status-publish","hentry"],"yoast_head":"<!-- This site is optimized with the Yoast SEO plugin v25.3.1 - https:\/\/yoast.com\/wordpress\/plugins\/seo\/ -->\n<title>Agregue el complemento RSS Feed al sitio web jQuery (r\u00e1pido y gratuito)<\/title>\n<meta name=\"description\" content=\"Integre un complemento RSS Feed responsivo en su sitio web jQuery. Utilice la pr\u00e1ctica demostraci\u00f3n de Elfsight y genere su fuente RSS \u00fanica en un par de minutos\" \/>\n<meta name=\"robots\" content=\"index, follow, max-snippet:-1, max-image-preview:large, max-video-preview:-1\" \/>\n<link rel=\"canonical\" href=\"https:\/\/elfsight.com\/es\/rss-feed-widget\/jquery\/\" \/>\n<meta property=\"og:locale\" content=\"es_ES\" \/>\n<meta property=\"og:type\" content=\"article\" \/>\n<meta property=\"og:title\" content=\"Agregue el complemento RSS Feed al sitio web jQuery (r\u00e1pido y gratuito)\" \/>\n<meta property=\"og:description\" content=\"Integre un complemento RSS Feed responsivo en su sitio web jQuery. Utilice la pr\u00e1ctica demostraci\u00f3n de Elfsight y genere su fuente RSS \u00fanica en un par de minutos\" \/>\n<meta property=\"og:url\" content=\"https:\/\/elfsight.com\/es\/rss-feed-widget\/jquery\/\" \/>\n<meta property=\"og:site_name\" content=\"Elfsight ES\" \/>\n<meta property=\"article:modified_time\" content=\"2025-02-06T16:08:28+00:00\" \/>\n<meta name=\"twitter:card\" content=\"summary_large_image\" \/>\n<meta name=\"twitter:label1\" content=\"Tiempo de lectura\" \/>\n\t<meta name=\"twitter:data1\" content=\"3 minutos\" \/>\n<!-- \/ Yoast SEO plugin. -->","yoast_head_json":{"title":"Agregue el complemento RSS Feed al sitio web jQuery (r\u00e1pido y gratuito)","description":"Integre un complemento RSS Feed responsivo en su sitio web jQuery. Utilice la pr\u00e1ctica demostraci\u00f3n de Elfsight y genere su fuente RSS \u00fanica en un par de minutos","robots":{"index":"index","follow":"follow","max-snippet":"max-snippet:-1","max-image-preview":"max-image-preview:large","max-video-preview":"max-video-preview:-1"},"canonical":"https:\/\/elfsight.com\/es\/rss-feed-widget\/jquery\/","og_locale":"es_ES","og_type":"article","og_title":"Agregue el complemento RSS Feed al sitio web jQuery (r\u00e1pido y gratuito)","og_description":"Integre un complemento RSS Feed responsivo en su sitio web jQuery. Utilice la pr\u00e1ctica demostraci\u00f3n de Elfsight y genere su fuente RSS \u00fanica en un par de minutos","og_url":"https:\/\/elfsight.com\/es\/rss-feed-widget\/jquery\/","og_site_name":"Elfsight ES","article_modified_time":"2025-02-06T16:08:28+00:00","twitter_card":"summary_large_image","twitter_misc":{"Tiempo de lectura":"3 minutos"},"schema":{"@context":"https:\/\/schema.org","@graph":[{"@type":"WebPage","@id":"https:\/\/elfsight.com\/es\/rss-feed-widget\/jquery\/","url":"https:\/\/elfsight.com\/es\/rss-feed-widget\/jquery\/","name":"Agregue el complemento RSS Feed al sitio web jQuery (r\u00e1pido y gratuito)","isPartOf":{"@id":"https:\/\/elfsight.com\/es\/#website"},"datePublished":"1970-01-01T00:00:00+00:00","dateModified":"2025-02-06T16:08:28+00:00","description":"Integre un complemento RSS Feed responsivo en su sitio web jQuery. Utilice la pr\u00e1ctica demostraci\u00f3n de Elfsight y genere su fuente RSS \u00fanica en un par de minutos","breadcrumb":{"@id":"https:\/\/elfsight.com\/es\/rss-feed-widget\/jquery\/#breadcrumb"},"inLanguage":"es","potentialAction":[{"@type":"ReadAction","target":["https:\/\/elfsight.com\/es\/rss-feed-widget\/jquery\/"]}]},{"@type":"BreadcrumbList","@id":"https:\/\/elfsight.com\/es\/rss-feed-widget\/jquery\/#breadcrumb","itemListElement":[{"@type":"ListItem","position":1,"name":"Home","item":"https:\/\/elfsight.com\/es\/"},{"@type":"ListItem","position":2,"name":"RSS Feed","item":"https:\/\/elfsight.com\/es\/rss-feed-widget\/"},{"@type":"ListItem","position":3,"name":"RSS Feed &#8211; jQuery"}]},{"@type":"WebSite","@id":"https:\/\/elfsight.com\/es\/#website","url":"https:\/\/elfsight.com\/es\/","name":"Elfsight ES","description":"Just another Elfsight Sites site","potentialAction":[{"@type":"SearchAction","target":{"@type":"EntryPoint","urlTemplate":"https:\/\/elfsight.com\/es\/?s={search_term_string}"},"query-input":{"@type":"PropertyValueSpecification","valueRequired":true,"valueName":"search_term_string"}}],"inLanguage":"es"}]}},"meta_box":{"industry":"","seo_heading":"","heading":"","description":"","cta_heading":"","cta_description":"","application":"1898","h1":"Complemento de fuente RSS de jQuery","h1_caption":"Incruste un feed rss en su sitio web para mostrar contenido de fuentes externas, manteniendo su sitio web actualizado con material nuevo en su sitio web jQuery sin esfuerzo.","application_category":[],"applications_title":"","applications_request_title":"","applications_request_button_text":"","hero_text":"","hero_video":"","hero_video_schema_markup":"","selling_points_title":"","selling_points_caption":"","selling_points":[],"selling_points_cta_text":"","features_title":"","features":"","ed_cta_examples_text":"","ed_cta_examples_hidden":"","ed_cta_demo_text":"","ed_cta_demo_hidden":"","why_caption":"","why_editor_title":"","why_editor_text":"","why_team_title":"","why_team_text":"","why_service_title":"","why_service_text":"","template_catalog_visible":"","template_catalog_title":"","template_catalog_text":"","template_catalog_categories_visible":"","demo_title":"Crea tu complemento de fuente RSS","demo_caption":"\u00a1Configure su fuente RSS y agr\u00e9guela a su sitio web jQuery de forma gratuita!","default_faq_hidden":"","app_template_category":[],"platform":"76","template_public_id":"","codecanyon_url":"","codecanyon_item_id":"","codecanyon_price":"","pricing_caption":"","pricing_elfsight_apps_hide_column":"","pricing_elfsight_apps_url":"","pricing_codecanyon_price_caption":"","integration_category":[],"integration_request_title":"","integration_request_cta":"","integration_platform":"","integrations":[],"platform_category":[],"video_schema_markup":"","price":"desde $0 \/ mes","trial":"","benefits":[{"text":"Servicio de instalaci\u00f3n gratuito"},{"text":"Atenci\u00f3n al cliente experimentada"},{"text":"Garant\u00eda de reembolso de 14 d\u00edas"},{"text":"Actualizaciones continuas"}],"button_url":"#demo","button_target_blank":"","button_nofollow":"","attributes":[{"name":"Instalaciones","content":"10,000 - 100,000"},{"name":"Sensible","content":"S\u00ed"},{"name":"Navegadores compatibles","content":"Firefox, Safari, Opera, Chrome, Edge"}],"tags":[],"tags_disable_links":"","hide_more_platforms":"","video_object":"","demo_hide_cta":"","demo_hide_cloud_options":"","pricing_title":"","pricing":[{"pricing_icon":"platform","pricing_title":"Elfsight Apps","pricing_title_caption":"Soluci\u00f3n independiente de la plataforma","pricing_price":"desde $0 \/ mes","pricing_price_caption":"comienza con un plan gratuito","pricing_benefits":[{"text":"Sitios web ilimitados"},{"text":"Atenci\u00f3n al cliente profesional y bien documentada."},{"text":"Asistencia de instalaci\u00f3n gratuita"},{"text":"Dise\u00f1o flexible"}],"pricing_button_text":"A\u00f1adir al sitio web","pricing_button_url":"#demo"}],"related_apps_title":"","related_apps_hidden":"","author":"","image":[],"title":"","job":"","social_networks":[]},"_links":{"self":[{"href":"https:\/\/elfsight.com\/es\/wp-json\/wp\/v2\/pages\/6115","targetHints":{"allow":["GET"]}}],"collection":[{"href":"https:\/\/elfsight.com\/es\/wp-json\/wp\/v2\/pages"}],"about":[{"href":"https:\/\/elfsight.com\/es\/wp-json\/wp\/v2\/types\/page"}],"author":[{"embeddable":true,"href":"https:\/\/elfsight.com\/es\/wp-json\/wp\/v2\/users\/9"}],"replies":[{"embeddable":true,"href":"https:\/\/elfsight.com\/es\/wp-json\/wp\/v2\/comments?post=6115"}],"version-history":[{"count":2,"href":"https:\/\/elfsight.com\/es\/wp-json\/wp\/v2\/pages\/6115\/revisions"}],"predecessor-version":[{"id":19253,"href":"https:\/\/elfsight.com\/es\/wp-json\/wp\/v2\/pages\/6115\/revisions\/19253"}],"up":[{"embeddable":true,"href":"https:\/\/elfsight.com\/es\/wp-json\/wp\/v2\/pages\/1899"}],"wp:attachment":[{"href":"https:\/\/elfsight.com\/es\/wp-json\/wp\/v2\/media?parent=6115"}],"curies":[{"name":"wp","href":"https:\/\/api.w.org\/{rel}","templated":true}]}}