{"id":6114,"date":"1970-01-01T00:00:00","date_gmt":"1970-01-01T00:00:00","guid":{"rendered":"https:\/\/elfsight.com\/es\/?page_id=6114"},"modified":"2025-02-06T16:08:28","modified_gmt":"2025-02-06T16:08:28","slug":"joomla","status":"publish","type":"page","link":"https:\/\/elfsight.com\/es\/rss-feed-widget\/joomla\/","title":{"rendered":"RSS Feed &#8211; Joomla"},"content":{"rendered":"<div class=\"application-platform-content-item-description application-platform-content-item\" id=\"description\" data-nav-section=\"description\"> <h2>Descripci\u00f3n<\/h2> <p>Elfsight RSS Feed para Joomla es una extensi\u00f3n exclusiva para promover emociones y experiencias. Con \u00e9l, puede crear un feed personalizado a partir del contenido de numerosos sitios web de noticias y presentarlo directamente en su sitio web. Disfrute del control total sobre el contenido mostrado y elimine el spam y cualquier contenido no deseado mediante la moderaci\u00f3n manual. El configurador en l\u00ednea totalmente responsivo le proporciona varias plantillas para seleccionar. <\/p> <p><b>Con RSS Feed, tenga un desarrollo comercial m\u00e1s r\u00e1pido y mejores ventas <\/b><\/p> <\/div> <div class=\"application-platform-content-item-features application-platform-content-item\" id=\"features\" data-nav-section=\"features\"> <h2>Estas son solo algunas de las caracter\u00edsticas amplias establecidas: <\/h2> <ul><li>Cubre la secci\u00f3n principal para que la herramienta parezca minimalista. <\/li><li>Elimine el spam y el contenido no deseado mediante el modo de moderaci\u00f3n manual. <\/li><li>Elija uno de los seis dise\u00f1os presentes: control deslizante, collage, cuadr\u00edcula, mamposter\u00eda, lista y carrusel. <\/li><li>Permite que tus publicaciones se vean en una ventana emergente. <\/li><\/ul><p><a href=\"#demo\">Explore todas las funciones de personalizaci\u00f3n en una demostraci\u00f3n completamente funcional<\/a><\/p> <\/div> <div class=\"application-platform-content-item-installation application-platform-content-item\" id=\"installation\" data-nav-section=\"installation\"> <h2>\u00bfC\u00f3mo agrego fuente RSS a mi sitio web Joomla? <\/h2> <p>Simplemente siga las pautas a continuaci\u00f3n para comenzar a trabajar con la extensi\u00f3n. <\/p> <ol><li><b>Inicie nuestra demostraci\u00f3n gratuita y comience a darle forma a su extensi\u00f3n personalizada. <\/b><br> Elija el dise\u00f1o y las especificaciones deseados de la herramienta y guarde las ediciones. <\/li> <li><b>Reciba el c\u00f3digo \u00fanico que se muestra en la ventana de Elfsight Apps. <\/b><br> Cuando finalice la configuraci\u00f3n de su extensi\u00f3n, copie el c\u00f3digo exclusivo en el cuadro que aparece y gu\u00e1rdelo para usarlo m\u00e1s adelante. <\/li> <li><b>Inicie la utilizaci\u00f3n del widget en su sitio web Joomla. <\/b><br>Coloca el c\u00f3digo copiado recientemente en tu sitio web y aplica las modificaciones. <\/li> <li><b>\u00a1Ya terminaste! La integraci\u00f3n se logra con \u00e9xito. <\/b><br> Vaya a su p\u00e1gina para inspeccionar c\u00f3mo est\u00e1 funcionando la herramienta. <\/li><\/ol> <p>Si tiene alguna dificultad, no dude en buscar ayuda de nuestro personal de atenci\u00f3n al cliente. Nuestros especialistas est\u00e1n ansiosos por ayudarle con todas las dificultades que pueda tener con la extensi\u00f3n. <\/p> <\/div><div class=\"faq\" data-component=\"FAQ\"><div class=\"faq-item\">\r\n\t\t\t\t\t<div class=\"faq-item-question\">\r\n\t\t\t\t\t\t<h3 class=\"faq-item-question-text\">\u00bfC\u00f3mo incrustar un feed RSS en mi sitio web Joomla sin conocimientos de codificaci\u00f3n?<\/h3>\r\n\r\n\t\t\t\t\t\t<div class=\"faq-item-question-icon\"><\/div>\r\n\t\t\t\t\t<\/div>\r\n\r\n\t\t\t\t\t<div class=\"faq-item-answer\">\r\n\t\t\t\t\t\t<div class=\"faq-item-answer-text\"><p>La empresa Elfsight ofrece una soluci\u00f3n que permite a los usuarios establecer un widget de feed RSS por s\u00ed mismos. Descubra los sencillos pasos: <\/p><ul><li>Trabaje directamente en la demostraci\u00f3n en vivo para establecer un complemento de feed RSS que le gustar\u00eda que aparezca en Joomla. p\u00e1gina de inicio.<\/li><li>Haga clic en una de las plantillas listas para usar y cambie la configuraci\u00f3n de la fuente RSS, incluya su contenido, cambie el dise\u00f1o y los colores sin ninguna experiencia en codificaci\u00f3n.<\/li><li>Haga clic para guardar la configuraci\u00f3n que realiz\u00f3 en la fuente RSS y obtenga el c\u00f3digo de instalaci\u00f3n, que puede incluir f\u00e1cilmente en cualquier sitio Joomla dentro de un plan gratuito.<\/li><\/ul><p>Al trabajar en nuestro Configurador f\u00e1cil de usar, cualquier usuario web puede crear una secci\u00f3n de fuente RSS e incluirla en cualquier p\u00e1gina web de Joomla. No es necesario pagar ni revelar las credenciales de su tarjeta para ingresar a nuestro servicio. Si encuentra alg\u00fan obst\u00e1culo en alg\u00fan paso, contin\u00fae y comun\u00edquese con nuestro equipo de soporte.<\/p><\/div>\r\n\t\t\t\t\t<\/div>\r\n\t\t\t\t<\/div><\/div>","protected":false},"excerpt":{"rendered":"","protected":false},"author":9,"featured_media":0,"parent":1899,"menu_order":0,"comment_status":"closed","ping_status":"closed","template":"templates\/template-application-platform.php","meta":{"publish_to_discourse":"","publish_post_category":"","wpdc_auto_publish_overridden":"","wpdc_topic_tags":"","wpdc_pin_topic":"","wpdc_pin_until":"","discourse_post_id":"","discourse_permalink":"","wpdc_publishing_response":"","wpdc_publishing_error":"","footnotes":""},"class_list":["post-6114","page","type-page","status-publish","hentry"],"yoast_head":"<!-- This site is optimized with the Yoast SEO plugin v25.3.1 - https:\/\/yoast.com\/wordpress\/plugins\/seo\/ -->\n<title>Agregue la extensi\u00f3n RSS Feed al sitio web Joomla (r\u00e1pido y gratuito)<\/title>\n<meta name=\"description\" content=\"Agregue un complemento de fuente RSS f\u00e1cil de administrar en su sitio web Joomla. Utilice la pr\u00e1ctica demostraci\u00f3n de Elfsight y modifique su canal RSS exclusivo en un par de minutos.\" \/>\n<meta name=\"robots\" content=\"index, follow, max-snippet:-1, max-image-preview:large, max-video-preview:-1\" \/>\n<link rel=\"canonical\" href=\"https:\/\/elfsight.com\/es\/rss-feed-widget\/joomla\/\" \/>\n<meta property=\"og:locale\" content=\"es_ES\" \/>\n<meta property=\"og:type\" content=\"article\" \/>\n<meta property=\"og:title\" content=\"Agregue la extensi\u00f3n RSS Feed al sitio web Joomla (r\u00e1pido y gratuito)\" \/>\n<meta property=\"og:description\" content=\"Agregue un complemento de fuente RSS f\u00e1cil de administrar en su sitio web Joomla. Utilice la pr\u00e1ctica demostraci\u00f3n de Elfsight y modifique su canal RSS exclusivo en un par de minutos.\" \/>\n<meta property=\"og:url\" content=\"https:\/\/elfsight.com\/es\/rss-feed-widget\/joomla\/\" \/>\n<meta property=\"og:site_name\" content=\"Elfsight ES\" \/>\n<meta property=\"article:modified_time\" content=\"2025-02-06T16:08:28+00:00\" \/>\n<meta name=\"twitter:card\" content=\"summary_large_image\" \/>\n<meta name=\"twitter:label1\" content=\"Tiempo de lectura\" \/>\n\t<meta name=\"twitter:data1\" content=\"3 minutos\" \/>\n<!-- \/ Yoast SEO plugin. -->","yoast_head_json":{"title":"Agregue la extensi\u00f3n RSS Feed al sitio web Joomla (r\u00e1pido y gratuito)","description":"Agregue un complemento de fuente RSS f\u00e1cil de administrar en su sitio web Joomla. Utilice la pr\u00e1ctica demostraci\u00f3n de Elfsight y modifique su canal RSS exclusivo en un par de minutos.","robots":{"index":"index","follow":"follow","max-snippet":"max-snippet:-1","max-image-preview":"max-image-preview:large","max-video-preview":"max-video-preview:-1"},"canonical":"https:\/\/elfsight.com\/es\/rss-feed-widget\/joomla\/","og_locale":"es_ES","og_type":"article","og_title":"Agregue la extensi\u00f3n RSS Feed al sitio web Joomla (r\u00e1pido y gratuito)","og_description":"Agregue un complemento de fuente RSS f\u00e1cil de administrar en su sitio web Joomla. Utilice la pr\u00e1ctica demostraci\u00f3n de Elfsight y modifique su canal RSS exclusivo en un par de minutos.","og_url":"https:\/\/elfsight.com\/es\/rss-feed-widget\/joomla\/","og_site_name":"Elfsight ES","article_modified_time":"2025-02-06T16:08:28+00:00","twitter_card":"summary_large_image","twitter_misc":{"Tiempo de lectura":"3 minutos"},"schema":{"@context":"https:\/\/schema.org","@graph":[{"@type":"WebPage","@id":"https:\/\/elfsight.com\/es\/rss-feed-widget\/joomla\/","url":"https:\/\/elfsight.com\/es\/rss-feed-widget\/joomla\/","name":"Agregue la extensi\u00f3n RSS Feed al sitio web Joomla (r\u00e1pido y gratuito)","isPartOf":{"@id":"https:\/\/elfsight.com\/es\/#website"},"datePublished":"1970-01-01T00:00:00+00:00","dateModified":"2025-02-06T16:08:28+00:00","description":"Agregue un complemento de fuente RSS f\u00e1cil de administrar en su sitio web Joomla. Utilice la pr\u00e1ctica demostraci\u00f3n de Elfsight y modifique su canal RSS exclusivo en un par de minutos.","breadcrumb":{"@id":"https:\/\/elfsight.com\/es\/rss-feed-widget\/joomla\/#breadcrumb"},"inLanguage":"es","potentialAction":[{"@type":"ReadAction","target":["https:\/\/elfsight.com\/es\/rss-feed-widget\/joomla\/"]}]},{"@type":"BreadcrumbList","@id":"https:\/\/elfsight.com\/es\/rss-feed-widget\/joomla\/#breadcrumb","itemListElement":[{"@type":"ListItem","position":1,"name":"Home","item":"https:\/\/elfsight.com\/es\/"},{"@type":"ListItem","position":2,"name":"RSS Feed","item":"https:\/\/elfsight.com\/es\/rss-feed-widget\/"},{"@type":"ListItem","position":3,"name":"RSS Feed &#8211; Joomla"}]},{"@type":"WebSite","@id":"https:\/\/elfsight.com\/es\/#website","url":"https:\/\/elfsight.com\/es\/","name":"Elfsight ES","description":"Just another Elfsight Sites site","potentialAction":[{"@type":"SearchAction","target":{"@type":"EntryPoint","urlTemplate":"https:\/\/elfsight.com\/es\/?s={search_term_string}"},"query-input":{"@type":"PropertyValueSpecification","valueRequired":true,"valueName":"search_term_string"}}],"inLanguage":"es"}]}},"meta_box":{"industry":"","seo_heading":"","heading":"","description":"","cta_heading":"","cta_description":"","application":"1898","h1":"Extensi\u00f3n de fuente RSS de Joomla","h1_caption":"Incruste un feed rss en su sitio web para mostrar contenido de fuentes externas, manteniendo su sitio web actualizado con material nuevo en su sitio web Joomla sin esfuerzo.","application_category":[],"applications_title":"","applications_request_title":"","applications_request_button_text":"","hero_text":"","hero_video":"","hero_video_schema_markup":"","selling_points_title":"","selling_points_caption":"","selling_points":[],"selling_points_cta_text":"","features_title":"","features":"","ed_cta_examples_text":"","ed_cta_examples_hidden":"","ed_cta_demo_text":"","ed_cta_demo_hidden":"","why_caption":"","why_editor_title":"","why_editor_text":"","why_team_title":"","why_team_text":"","why_service_title":"","why_service_text":"","template_catalog_visible":"","template_catalog_title":"","template_catalog_text":"","template_catalog_categories_visible":"","demo_title":"Crea tu complemento de fuente RSS","demo_caption":"\u00a1Configure su fuente RSS y agr\u00e9guela a su sitio web Joomla gratis!","default_faq_hidden":"","app_template_category":[],"platform":"73","template_public_id":"","codecanyon_url":"","codecanyon_item_id":"","codecanyon_price":"","pricing_caption":"","pricing_elfsight_apps_hide_column":"","pricing_elfsight_apps_url":"","pricing_codecanyon_price_caption":"","integration_category":[],"integration_request_title":"","integration_request_cta":"","integration_platform":"","integrations":[],"platform_category":[],"video_schema_markup":"","price":"desde $0 \/ mes","trial":"","benefits":[{"text":"Servicio de instalaci\u00f3n gratuito"},{"text":"Soporte premium"},{"text":"Garant\u00eda de reembolso de 14 d\u00edas"},{"text":"Desarrollo continuo"}],"button_url":"#demo","button_target_blank":"","button_nofollow":"","attributes":[{"name":"Instalaciones","content":"10,000 - 100,000"},{"name":"Sensible","content":"S\u00ed"},{"name":"Navegadores compatibles","content":"Firefox, Safari, Opera, Chrome, Edge"}],"tags":[],"tags_disable_links":"","hide_more_platforms":"","video_object":"","demo_hide_cta":"","demo_hide_cloud_options":"","pricing_title":"","pricing":[{"pricing_icon":"platform","pricing_title":"Elfsight Apps","pricing_title_caption":"Soluci\u00f3n multiplataforma que se adapta a cualquier sitio web.","pricing_price":"desde $0 \/ mes","pricing_price_caption":"comienza con un plan gratuito","pricing_benefits":[{"text":"Sitios web ilimitados"},{"text":"Atenci\u00f3n al cliente 24 horas al d\u00eda, 7 d\u00edas a la semana"},{"text":"Asistencia de instalaci\u00f3n gratuita"},{"text":"100% personalizable"}],"pricing_button_text":"A\u00f1adir al sitio web","pricing_button_url":"#demo"}],"related_apps_title":"","related_apps_hidden":"","author":"","image":[],"title":"","job":"","social_networks":[]},"_links":{"self":[{"href":"https:\/\/elfsight.com\/es\/wp-json\/wp\/v2\/pages\/6114","targetHints":{"allow":["GET"]}}],"collection":[{"href":"https:\/\/elfsight.com\/es\/wp-json\/wp\/v2\/pages"}],"about":[{"href":"https:\/\/elfsight.com\/es\/wp-json\/wp\/v2\/types\/page"}],"author":[{"embeddable":true,"href":"https:\/\/elfsight.com\/es\/wp-json\/wp\/v2\/users\/9"}],"replies":[{"embeddable":true,"href":"https:\/\/elfsight.com\/es\/wp-json\/wp\/v2\/comments?post=6114"}],"version-history":[{"count":2,"href":"https:\/\/elfsight.com\/es\/wp-json\/wp\/v2\/pages\/6114\/revisions"}],"predecessor-version":[{"id":19254,"href":"https:\/\/elfsight.com\/es\/wp-json\/wp\/v2\/pages\/6114\/revisions\/19254"}],"up":[{"embeddable":true,"href":"https:\/\/elfsight.com\/es\/wp-json\/wp\/v2\/pages\/1899"}],"wp:attachment":[{"href":"https:\/\/elfsight.com\/es\/wp-json\/wp\/v2\/media?parent=6114"}],"curies":[{"name":"wp","href":"https:\/\/api.w.org\/{rel}","templated":true}]}}