{"id":6101,"date":"1970-01-01T00:00:00","date_gmt":"1970-01-01T00:00:00","guid":{"rendered":"https:\/\/elfsight.com\/es\/?page_id=6101"},"modified":"2025-02-06T16:08:45","modified_gmt":"2025-02-06T16:08:45","slug":"godaddy","status":"publish","type":"page","link":"https:\/\/elfsight.com\/es\/rss-feed-widget\/godaddy\/","title":{"rendered":"RSS Feed &#8211; GoDaddy"},"content":{"rendered":"<div class=\"application-platform-content-item-description application-platform-content-item\" id=\"description\" data-nav-section=\"description\"> <h2>Incorporar feed RSS en la plataforma con el widget Elfsight<\/h2> <p>Elfsight RSS Feed es un complemento especial para promover emociones y experiencias. Con \u00e9l puede crear un feed personalizado compuesto por el contenido de muchos blogs y demostrarlo directamente en su sitio de Internet. Ejerza el control total sobre el contenido mostrado y elimine el spam y cualquier contenido no deseado mediante moderaci\u00f3n manual. El editor en l\u00ednea totalmente responsivo le ofrece m\u00faltiples plantillas para elegir. <\/p> <p><b>Con RSS Feed, inicie el desarrollo empresarial sostenible y aumente las ventas <\/b><\/p> <\/div> <div class=\"application-platform-content-item-features application-platform-content-item\" id=\"features\" data-nav-section=\"features\"> <h2>A continuaci\u00f3n se muestran las caracter\u00edsticas b\u00e1sicas del complemento: <\/h2> <ul><li>Oculte el encabezado para que el complemento parezca minimalista. <\/li><li>Elimine el spam y el contenido no deseado mediante la moderaci\u00f3n manual. <\/li><li>Elija uno de los seis dise\u00f1os presentes: mamposter\u00eda, collage, lista, carrusel, control deslizante, cuadr\u00edcula. <\/li><li>Haz que tus publicaciones se vean en una ventana emergente. <\/li><\/ul><p><a href=\"#demo\">Pruebe esta demostraci\u00f3n para comprender la funcionalidad del complemento<\/a><\/p> <\/div> <div class=\"application-platform-content-item-installation application-platform-content-item\" id=\"installation\" data-nav-section=\"installation\"> <h2>\u00bfC\u00f3mo agrego fuente RSS a mi sitio web de GoDaddy? <\/h2> <p>Simplemente aplique las instrucciones a continuaci\u00f3n para insertar la herramienta. <\/p> <ol><li><b>Emplea nuestro editor gratuito y comienza a darle forma a tu propio complemento. <\/b><br> Busque el aspecto y los par\u00e1metros seleccionados del complemento y guarde las modificaciones. <\/li> <li><b>Obtenga el c\u00f3digo personal revelado en el formulario especial en Elfsight Apps. <\/b><br> Tan pronto como finalice la configuraci\u00f3n de su herramienta personal, copie el c\u00f3digo individual de la ventana emergente que aparece y gu\u00e1rdelo para usarlo m\u00e1s adelante. <\/li> <li><b>Ingrese al uso del complemento en la p\u00e1gina de inicio de GoDaddy. <\/b><br>Integre el c\u00f3digo que ha guardado anteriormente en su sitio web y aplique los ajustes. <\/li> <li><b>\u00a1Ya terminaste! La incrustaci\u00f3n finaliz\u00f3 exitosamente. <\/b><br> Vaya a su sitio para comprobar c\u00f3mo funciona el complemento. <\/li><\/ol> <p>Si tienes dudas o te encuentras con dificultades, no dudes en escribir a nuestro equipo de atenci\u00f3n al cliente. Nuestros especialistas estar\u00e1n encantados de resolver todas las dudas que puedas tener con el plugin. <\/p> <\/div><div class=\"faq\" data-component=\"FAQ\"><div class=\"faq-item\">\r\n\t\t\t\t\t<div class=\"faq-item-question\">\r\n\t\t\t\t\t\t<h3 class=\"faq-item-question-text\">\u00bfC\u00f3mo puedo agregar RSS Feed a mi GoDaddy sin conocimientos de codificaci\u00f3n?<\/h3>\r\n\r\n\t\t\t\t\t\t<div class=\"faq-item-question-icon\"><\/div>\r\n\t\t\t\t\t<\/div>\r\n\r\n\t\t\t\t\t<div class=\"faq-item-answer\">\r\n\t\t\t\t\t\t<div class=\"faq-item-answer-text\"><p>La empresa Elfsight ofrece una soluci\u00f3n que permite a una amplia audiencia crear una aplicaci\u00f3n RSS Feed usted mismo. Observe los sencillos pasos: <\/p><ul><li>Trabaja directamente en el editor en vivo para crear una aplicaci\u00f3n RSS Feed que te gustar\u00eda que apareciera. en la p\u00e1gina de inicio de GoDaddy.<\/li><li>Seleccione una de las muchas plantillas listas para usar y adapte la configuraci\u00f3n de la fuente RSS, incluya su contenido, transforme el dise\u00f1o y los colores sin codificaci\u00f3n.<\/li><li>Guarde la fuente RSS y obtenga su c\u00f3digo para la instalaci\u00f3n, que puede incluirse en la p\u00e1gina de inicio de GoDaddy usando un plan gratuito.<\/li><\/ul><p>Utilizando nuestro editor f\u00e1cil de usar, cualquier usuario web puede crear un complemento de fuente RSS e incrustarlo en cualquier sitio de GoDaddy. No es necesario obtener una suscripci\u00f3n paga ni enviar los datos de su tarjeta para ingresar al Editor. Si encuentra alg\u00fan problema en alg\u00fan paso, contin\u00fae y hable con nuestro servicio t\u00e9cnico de atenci\u00f3n al cliente.<\/p><\/div>\r\n\t\t\t\t\t<\/div>\r\n\t\t\t\t<\/div><\/div>","protected":false},"excerpt":{"rendered":"","protected":false},"author":9,"featured_media":0,"parent":1899,"menu_order":0,"comment_status":"closed","ping_status":"closed","template":"templates\/template-application-platform.php","meta":{"publish_to_discourse":"","publish_post_category":"","wpdc_auto_publish_overridden":"","wpdc_topic_tags":"","wpdc_pin_topic":"","wpdc_pin_until":"","discourse_post_id":"","discourse_permalink":"","wpdc_publishing_response":"","wpdc_publishing_error":"","footnotes":""},"class_list":["post-6101","page","type-page","status-publish","hentry"],"yoast_head":"<!-- This site is optimized with the Yoast SEO plugin v25.3.1 - https:\/\/yoast.com\/wordpress\/plugins\/seo\/ -->\n<title>Feed RSS: \u00a1agregue el complemento RSS Feed al sitio web de GoDaddy!<\/title>\n<meta name=\"description\" content=\"Inserte un complemento de fuente RSS f\u00e1cil de administrar en su sitio web de GoDaddy. \u00a1Utilice la pr\u00e1ctica demostraci\u00f3n de Elfsight y modifique su magn\u00edfica fuente RSS!\" \/>\n<meta name=\"robots\" content=\"index, follow, max-snippet:-1, max-image-preview:large, max-video-preview:-1\" \/>\n<link rel=\"canonical\" href=\"https:\/\/elfsight.com\/es\/rss-feed-widget\/godaddy\/\" \/>\n<meta property=\"og:locale\" content=\"es_ES\" \/>\n<meta property=\"og:type\" content=\"article\" \/>\n<meta property=\"og:title\" content=\"Feed RSS: \u00a1agregue el complemento RSS Feed al sitio web de GoDaddy!\" \/>\n<meta property=\"og:description\" content=\"Inserte un complemento de fuente RSS f\u00e1cil de administrar en su sitio web de GoDaddy. \u00a1Utilice la pr\u00e1ctica demostraci\u00f3n de Elfsight y modifique su magn\u00edfica fuente RSS!\" \/>\n<meta property=\"og:url\" content=\"https:\/\/elfsight.com\/es\/rss-feed-widget\/godaddy\/\" \/>\n<meta property=\"og:site_name\" content=\"Elfsight ES\" \/>\n<meta property=\"article:modified_time\" content=\"2025-02-06T16:08:45+00:00\" \/>\n<meta name=\"twitter:card\" content=\"summary_large_image\" \/>\n<meta name=\"twitter:label1\" content=\"Tiempo de lectura\" \/>\n\t<meta name=\"twitter:data1\" content=\"3 minutos\" \/>\n<!-- \/ Yoast SEO plugin. -->","yoast_head_json":{"title":"Feed RSS: \u00a1agregue el complemento RSS Feed al sitio web de GoDaddy!","description":"Inserte un complemento de fuente RSS f\u00e1cil de administrar en su sitio web de GoDaddy. \u00a1Utilice la pr\u00e1ctica demostraci\u00f3n de Elfsight y modifique su magn\u00edfica fuente RSS!","robots":{"index":"index","follow":"follow","max-snippet":"max-snippet:-1","max-image-preview":"max-image-preview:large","max-video-preview":"max-video-preview:-1"},"canonical":"https:\/\/elfsight.com\/es\/rss-feed-widget\/godaddy\/","og_locale":"es_ES","og_type":"article","og_title":"Feed RSS: \u00a1agregue el complemento RSS Feed al sitio web de GoDaddy!","og_description":"Inserte un complemento de fuente RSS f\u00e1cil de administrar en su sitio web de GoDaddy. \u00a1Utilice la pr\u00e1ctica demostraci\u00f3n de Elfsight y modifique su magn\u00edfica fuente RSS!","og_url":"https:\/\/elfsight.com\/es\/rss-feed-widget\/godaddy\/","og_site_name":"Elfsight ES","article_modified_time":"2025-02-06T16:08:45+00:00","twitter_card":"summary_large_image","twitter_misc":{"Tiempo de lectura":"3 minutos"},"schema":{"@context":"https:\/\/schema.org","@graph":[{"@type":"WebPage","@id":"https:\/\/elfsight.com\/es\/rss-feed-widget\/godaddy\/","url":"https:\/\/elfsight.com\/es\/rss-feed-widget\/godaddy\/","name":"Feed RSS: \u00a1agregue el complemento RSS Feed al sitio web de GoDaddy!","isPartOf":{"@id":"https:\/\/elfsight.com\/es\/#website"},"datePublished":"1970-01-01T00:00:00+00:00","dateModified":"2025-02-06T16:08:45+00:00","description":"Inserte un complemento de fuente RSS f\u00e1cil de administrar en su sitio web de GoDaddy. \u00a1Utilice la pr\u00e1ctica demostraci\u00f3n de Elfsight y modifique su magn\u00edfica fuente RSS!","breadcrumb":{"@id":"https:\/\/elfsight.com\/es\/rss-feed-widget\/godaddy\/#breadcrumb"},"inLanguage":"es","potentialAction":[{"@type":"ReadAction","target":["https:\/\/elfsight.com\/es\/rss-feed-widget\/godaddy\/"]}]},{"@type":"BreadcrumbList","@id":"https:\/\/elfsight.com\/es\/rss-feed-widget\/godaddy\/#breadcrumb","itemListElement":[{"@type":"ListItem","position":1,"name":"Home","item":"https:\/\/elfsight.com\/es\/"},{"@type":"ListItem","position":2,"name":"RSS Feed","item":"https:\/\/elfsight.com\/es\/rss-feed-widget\/"},{"@type":"ListItem","position":3,"name":"RSS Feed &#8211; GoDaddy"}]},{"@type":"WebSite","@id":"https:\/\/elfsight.com\/es\/#website","url":"https:\/\/elfsight.com\/es\/","name":"Elfsight ES","description":"Just another Elfsight Sites site","potentialAction":[{"@type":"SearchAction","target":{"@type":"EntryPoint","urlTemplate":"https:\/\/elfsight.com\/es\/?s={search_term_string}"},"query-input":{"@type":"PropertyValueSpecification","valueRequired":true,"valueName":"search_term_string"}}],"inLanguage":"es"}]}},"meta_box":{"industry":"","seo_heading":"","heading":"","description":"","cta_heading":"","cta_description":"","application":"1898","h1":"Complemento de fuente RSS de GoDaddy","h1_caption":"Incruste un feed rss en su sitio web para mostrar contenido de fuentes externas, manteniendo su sitio web actualizado con material nuevo en su sitio web de GoDaddy sin esfuerzo.","application_category":[],"applications_title":"","applications_request_title":"","applications_request_button_text":"","hero_text":"","hero_video":"","hero_video_schema_markup":"","selling_points_title":"","selling_points_caption":"","selling_points":[],"selling_points_cta_text":"","features_title":"","features":"","ed_cta_examples_text":"","ed_cta_examples_hidden":"","ed_cta_demo_text":"","ed_cta_demo_hidden":"","why_caption":"","why_editor_title":"","why_editor_text":"","why_team_title":"","why_team_text":"","why_service_title":"","why_service_text":"","template_catalog_visible":"","template_catalog_title":"","template_catalog_text":"","template_catalog_categories_visible":"","demo_title":"Crea tu complemento de fuente RSS","demo_caption":"\u00a1Configure su fuente RSS y agr\u00e9guela a su sitio web de GoDaddy gratis!","default_faq_hidden":"","app_template_category":[],"platform":"2183","template_public_id":"","codecanyon_url":"","codecanyon_item_id":"","codecanyon_price":"","pricing_caption":"","pricing_elfsight_apps_hide_column":"","pricing_elfsight_apps_url":"","pricing_codecanyon_price_caption":"","integration_category":[],"integration_request_title":"","integration_request_cta":"","integration_platform":"","integrations":[],"platform_category":[],"video_schema_markup":"","price":"desde $0 \/ mes","trial":"","benefits":[{"text":"Ayuda de instalaci\u00f3n gratuita"},{"text":"Servicio al cliente profesional"},{"text":"Garant\u00eda de devoluci\u00f3n de dinero de 14 d\u00edas"},{"text":"Actualizando constantemente"}],"button_url":"#demo","button_target_blank":"","button_nofollow":"","attributes":[{"name":"Instalaciones","content":"10,000 - 100,000"},{"name":"Sensible","content":"S\u00ed"},{"name":"Navegadores compatibles","content":"IE11, Firefox, Safari, Opera, Chrome, Edge"}],"tags":[],"tags_disable_links":"","hide_more_platforms":"","video_object":"","demo_hide_cta":"","demo_hide_cloud_options":"","pricing_title":"","pricing":[{"pricing_icon":"platform","pricing_title":"Elfsight Apps","pricing_title_caption":"Soluci\u00f3n multiplataforma","pricing_price":"desde $0 \/ mes","pricing_price_caption":"comienza con el plan gratuito","pricing_benefits":[{"text":"Dominios ilimitados"},{"text":"Soporte profesional y bien documentado."},{"text":"Ayuda de instalaci\u00f3n gratuita"},{"text":"100% personalizable"}],"pricing_button_text":"A\u00f1adir al sitio web","pricing_button_url":"#demo"}],"related_apps_title":"","related_apps_hidden":"","author":"","image":[],"title":"","job":"","social_networks":[]},"_links":{"self":[{"href":"https:\/\/elfsight.com\/es\/wp-json\/wp\/v2\/pages\/6101","targetHints":{"allow":["GET"]}}],"collection":[{"href":"https:\/\/elfsight.com\/es\/wp-json\/wp\/v2\/pages"}],"about":[{"href":"https:\/\/elfsight.com\/es\/wp-json\/wp\/v2\/types\/page"}],"author":[{"embeddable":true,"href":"https:\/\/elfsight.com\/es\/wp-json\/wp\/v2\/users\/9"}],"replies":[{"embeddable":true,"href":"https:\/\/elfsight.com\/es\/wp-json\/wp\/v2\/comments?post=6101"}],"version-history":[{"count":2,"href":"https:\/\/elfsight.com\/es\/wp-json\/wp\/v2\/pages\/6101\/revisions"}],"predecessor-version":[{"id":19259,"href":"https:\/\/elfsight.com\/es\/wp-json\/wp\/v2\/pages\/6101\/revisions\/19259"}],"up":[{"embeddable":true,"href":"https:\/\/elfsight.com\/es\/wp-json\/wp\/v2\/pages\/1899"}],"wp:attachment":[{"href":"https:\/\/elfsight.com\/es\/wp-json\/wp\/v2\/media?parent=6101"}],"curies":[{"name":"wp","href":"https:\/\/api.w.org\/{rel}","templated":true}]}}