{"id":6099,"date":"1970-01-01T00:00:00","date_gmt":"1970-01-01T00:00:00","guid":{"rendered":"https:\/\/elfsight.com\/es\/?page_id=6099"},"modified":"2025-02-06T16:08:45","modified_gmt":"2025-02-06T16:08:45","slug":"elementor","status":"publish","type":"page","link":"https:\/\/elfsight.com\/es\/rss-feed-widget\/elementor\/","title":{"rendered":"RSS Feed &#8211; Elementor"},"content":{"rendered":"<div class=\"application-platform-content-item-description application-platform-content-item\" id=\"description\" data-nav-section=\"description\"> <h2>Incrustar feed RSS en Elementor con el widget Elfsight<\/h2> <p>Elfsight RSS Feed para Elementor es un widget para comercializar emociones y experiencias. Al utilizarlo, puede crear feeds individualizados a partir del contenido de numerosos sitios web de noticias y mostrarlos directamente en su sitio de Internet. Ejerza un control total sobre el contenido mostrado y elimine el spam y cualquier contenido no deseado mediante la moderaci\u00f3n manual. El editor en l\u00ednea totalmente responsivo le ofrece varias plantillas para seleccionar. <\/p> <p><b>Haga que su sitio web sea m\u00e1s eficiente para tareas comerciales con RSS Feed<\/b><\/p> <\/div> <div class=\"application-platform-content-item-features application-platform-content-item\" id=\"features\" data-nav-section=\"features\"> <h2>Encuentre las siguientes caracter\u00edsticas fundamentales del widget: <\/h2> <ul><li>Oculte la secci\u00f3n principal para que su widget luzca minimalista. <\/li><li>Elimine el spam y el contenido no deseado mediante el modo de moderaci\u00f3n manual. <\/li><li>Seleccione uno de los seis dise\u00f1os disponibles: carrusel, lista, mamposter\u00eda, control deslizante, collage y cuadr\u00edcula. <\/li><li>Deja que tus publicaciones se muestren en modo emergente. <\/li><\/ul><p><a href=\"#demo\">Puedes ver c\u00f3mo funciona el widget con la ayuda de la demostraci\u00f3n<\/a><\/p> <\/div> <div class=\"application-platform-content-item-installation application-platform-content-item\" id=\"installation\" data-nav-section=\"installation\"> <h2>\u00bfC\u00f3mo incrustar RSS Feed en mi sitio web de Elementor? <\/h2> <p>Simplemente siga las pautas a continuaci\u00f3n para comenzar a usar el widget. <\/p> <ol><li><b>Utilice nuestra demostraci\u00f3n gratuita y comience a crear su widget personalizado. <\/b><br> Determine el dise\u00f1o y la funcionalidad deseables del widget y guarde las ediciones. <\/li> <li><b>Copia el c\u00f3digo personal que aparece en la ventana de Elfsight Apps. <\/b><br> Tan pronto como se complete la personalizaci\u00f3n de su widget, copie el c\u00f3digo exclusivo del cuadro que aparece y gu\u00e1rdelo para futuras ocasiones. <\/li> <li><b>Comience a usar el widget en el sitio web de Elementor. <\/b><br> Introduce el c\u00f3digo que has guardado recientemente en tu sitio web y aplica los ajustes. <\/li> <li><b>\u00a1Listo! La incrustaci\u00f3n ha finalizado por completo. <\/b><br> Visite su sitio web para ver c\u00f3mo funciona la herramienta. <\/li><\/ol> <p>Si tienes alguna complicaci\u00f3n, ponte en contacto con nuestro equipo de soporte. Nuestros asesores estar\u00e1n encantados de resolver todas las dificultades que puedas tener con el widget. <\/p> <\/div><div class=\"faq\" data-component=\"FAQ\"><div class=\"faq-item\">\r\n\t\t\t\t\t<div class=\"faq-item-question\">\r\n\t\t\t\t\t\t<h3 class=\"faq-item-question-text\">\u00bfExiste una opci\u00f3n para agregar fuente RSS a mi p\u00e1gina de inicio de Elementor sin conocimientos de codificaci\u00f3n?<\/h3>\r\n\r\n\t\t\t\t\t\t<div class=\"faq-item-question-icon\"><\/div>\r\n\t\t\t\t\t<\/div>\r\n\r\n\t\t\t\t\t<div class=\"faq-item-answer\">\r\n\t\t\t\t\t\t<div class=\"faq-item-answer-text\"><p>La empresa Elfsight ofrece una soluci\u00f3n en la nube que permite al usuario crear una aplicaci\u00f3n de fuente RSS usted mismo. Mire las sencillas instrucciones: <\/p><ul><li>Trabaja en el editor en l\u00ednea para crear un complemento de fuente RSS en el que te gustar\u00eda aparecer su p\u00e1gina web de Elementor.<\/li><li>Decida una de las plantillas predise\u00f1adas y modifique la configuraci\u00f3n de la fuente RSS, actualice su contenido, modifique el dise\u00f1o y los colores sin conocimientos de codificaci\u00f3n.<\/li><li>Guarde la fuente RSS y obtenga el c\u00f3digo del widget para incrustar, que se puede agregar f\u00e1cilmente en su p\u00e1gina de inicio de Elementor de forma gratuita.<\/li><\/ul><p>Utilizando el editor f\u00e1cil de usar, cada usuario web puede crear una aplicaci\u00f3n de fuente RSS e incluirla en su sitio web de Elementor. No debe pagar ni revelar las credenciales de su tarjeta para acceder a nuestro Editor. Si tiene alg\u00fan problema de cualquier tipo, no dude en ponerse en contacto con nuestro equipo de soporte t\u00e9cnico.<\/p><\/div>\r\n\t\t\t\t\t<\/div>\r\n\t\t\t\t<\/div><\/div>","protected":false},"excerpt":{"rendered":"","protected":false},"author":9,"featured_media":0,"parent":1899,"menu_order":0,"comment_status":"closed","ping_status":"closed","template":"templates\/template-application-platform.php","meta":{"publish_to_discourse":"","publish_post_category":"","wpdc_auto_publish_overridden":"","wpdc_topic_tags":"","wpdc_pin_topic":"","wpdc_pin_until":"","discourse_post_id":"","discourse_permalink":"","wpdc_publishing_response":"","wpdc_publishing_error":"","footnotes":""},"class_list":["post-6099","page","type-page","status-publish","hentry"],"yoast_head":"<!-- This site is optimized with the Yoast SEO plugin v25.3.1 - https:\/\/yoast.com\/wordpress\/plugins\/seo\/ -->\n<title>Agregue el widget RSS Feed al sitio web de Elementor (r\u00e1pido y gratuito)<\/title>\n<meta name=\"description\" content=\"Implemente un widget de fuente RSS f\u00e1cil de usar en su sitio web de Elementor. Utilice la pr\u00e1ctica demostraci\u00f3n de Elfsight y cree su fascinante canal RSS.\" \/>\n<meta name=\"robots\" content=\"index, follow, max-snippet:-1, max-image-preview:large, max-video-preview:-1\" \/>\n<link rel=\"canonical\" href=\"https:\/\/elfsight.com\/es\/rss-feed-widget\/elementor\/\" \/>\n<meta property=\"og:locale\" content=\"es_ES\" \/>\n<meta property=\"og:type\" content=\"article\" \/>\n<meta property=\"og:title\" content=\"Agregue el widget RSS Feed al sitio web de Elementor (r\u00e1pido y gratuito)\" \/>\n<meta property=\"og:description\" content=\"Implemente un widget de fuente RSS f\u00e1cil de usar en su sitio web de Elementor. Utilice la pr\u00e1ctica demostraci\u00f3n de Elfsight y cree su fascinante canal RSS.\" \/>\n<meta property=\"og:url\" content=\"https:\/\/elfsight.com\/es\/rss-feed-widget\/elementor\/\" \/>\n<meta property=\"og:site_name\" content=\"Elfsight ES\" \/>\n<meta property=\"article:modified_time\" content=\"2025-02-06T16:08:45+00:00\" \/>\n<meta name=\"twitter:card\" content=\"summary_large_image\" \/>\n<meta name=\"twitter:label1\" content=\"Tiempo de lectura\" \/>\n\t<meta name=\"twitter:data1\" content=\"3 minutos\" \/>\n<!-- \/ Yoast SEO plugin. -->","yoast_head_json":{"title":"Agregue el widget RSS Feed al sitio web de Elementor (r\u00e1pido y gratuito)","description":"Implemente un widget de fuente RSS f\u00e1cil de usar en su sitio web de Elementor. Utilice la pr\u00e1ctica demostraci\u00f3n de Elfsight y cree su fascinante canal RSS.","robots":{"index":"index","follow":"follow","max-snippet":"max-snippet:-1","max-image-preview":"max-image-preview:large","max-video-preview":"max-video-preview:-1"},"canonical":"https:\/\/elfsight.com\/es\/rss-feed-widget\/elementor\/","og_locale":"es_ES","og_type":"article","og_title":"Agregue el widget RSS Feed al sitio web de Elementor (r\u00e1pido y gratuito)","og_description":"Implemente un widget de fuente RSS f\u00e1cil de usar en su sitio web de Elementor. Utilice la pr\u00e1ctica demostraci\u00f3n de Elfsight y cree su fascinante canal RSS.","og_url":"https:\/\/elfsight.com\/es\/rss-feed-widget\/elementor\/","og_site_name":"Elfsight ES","article_modified_time":"2025-02-06T16:08:45+00:00","twitter_card":"summary_large_image","twitter_misc":{"Tiempo de lectura":"3 minutos"},"schema":{"@context":"https:\/\/schema.org","@graph":[{"@type":"WebPage","@id":"https:\/\/elfsight.com\/es\/rss-feed-widget\/elementor\/","url":"https:\/\/elfsight.com\/es\/rss-feed-widget\/elementor\/","name":"Agregue el widget RSS Feed al sitio web de Elementor (r\u00e1pido y gratuito)","isPartOf":{"@id":"https:\/\/elfsight.com\/es\/#website"},"datePublished":"1970-01-01T00:00:00+00:00","dateModified":"2025-02-06T16:08:45+00:00","description":"Implemente un widget de fuente RSS f\u00e1cil de usar en su sitio web de Elementor. Utilice la pr\u00e1ctica demostraci\u00f3n de Elfsight y cree su fascinante canal RSS.","breadcrumb":{"@id":"https:\/\/elfsight.com\/es\/rss-feed-widget\/elementor\/#breadcrumb"},"inLanguage":"es","potentialAction":[{"@type":"ReadAction","target":["https:\/\/elfsight.com\/es\/rss-feed-widget\/elementor\/"]}]},{"@type":"BreadcrumbList","@id":"https:\/\/elfsight.com\/es\/rss-feed-widget\/elementor\/#breadcrumb","itemListElement":[{"@type":"ListItem","position":1,"name":"Home","item":"https:\/\/elfsight.com\/es\/"},{"@type":"ListItem","position":2,"name":"RSS Feed","item":"https:\/\/elfsight.com\/es\/rss-feed-widget\/"},{"@type":"ListItem","position":3,"name":"RSS Feed &#8211; Elementor"}]},{"@type":"WebSite","@id":"https:\/\/elfsight.com\/es\/#website","url":"https:\/\/elfsight.com\/es\/","name":"Elfsight ES","description":"Just another Elfsight Sites site","potentialAction":[{"@type":"SearchAction","target":{"@type":"EntryPoint","urlTemplate":"https:\/\/elfsight.com\/es\/?s={search_term_string}"},"query-input":{"@type":"PropertyValueSpecification","valueRequired":true,"valueName":"search_term_string"}}],"inLanguage":"es"}]}},"meta_box":{"industry":"","seo_heading":"","heading":"","description":"","cta_heading":"","cta_description":"","application":"1898","h1":"Widget de fuente RSS de Elementor","h1_caption":"Incruste un feed rss en su sitio web para mostrar contenido de fuentes externas, manteniendo su sitio web actualizado con material nuevo en su sitio web de Elementor sin esfuerzo.","application_category":[],"applications_title":"","applications_request_title":"","applications_request_button_text":"","hero_text":"","hero_video":"","hero_video_schema_markup":"","selling_points_title":"","selling_points_caption":"","selling_points":[],"selling_points_cta_text":"","features_title":"","features":"","ed_cta_examples_text":"","ed_cta_examples_hidden":"","ed_cta_demo_text":"","ed_cta_demo_hidden":"","why_caption":"","why_editor_title":"","why_editor_text":"","why_team_title":"","why_team_text":"","why_service_title":"","why_service_text":"","template_catalog_visible":"","template_catalog_title":"","template_catalog_text":"","template_catalog_categories_visible":"","demo_title":"Crea tu widget de fuente RSS","demo_caption":"\u00a1Configure su fuente RSS y agr\u00e9guela a su sitio web de Elementor de forma gratuita!","default_faq_hidden":"","app_template_category":[],"platform":"58","template_public_id":"","codecanyon_url":"","codecanyon_item_id":"","codecanyon_price":"","pricing_caption":"","pricing_elfsight_apps_hide_column":"","pricing_elfsight_apps_url":"","pricing_codecanyon_price_caption":"","integration_category":[],"integration_request_title":"","integration_request_cta":"","integration_platform":"","integrations":[],"platform_category":[],"video_schema_markup":"","price":"desde $0 \/ mes","trial":"","benefits":[{"text":"Asistencia de instalaci\u00f3n gratuita"},{"text":"Servicio al cliente profesional"},{"text":"Garant\u00eda de devoluci\u00f3n de dinero de 14 d\u00edas"},{"text":"Mejoras futuras"}],"button_url":"#demo","button_target_blank":"","button_nofollow":"","attributes":[{"name":"Instalaciones","content":"10,000 - 100,000"},{"name":"Sensible","content":"S\u00ed"},{"name":"Navegadores compatibles","content":"Firefox, Safari, Opera, Chrome, Edge"}],"tags":[],"tags_disable_links":"","hide_more_platforms":"","video_object":"","demo_hide_cta":"","demo_hide_cloud_options":"","pricing_title":"","pricing":[{"pricing_icon":"platform","pricing_title":"Elfsight Apps","pricing_title_caption":"Soluci\u00f3n multiplataforma","pricing_price":"desde $0 \/ mes","pricing_price_caption":"comienza con un plan gratuito","pricing_benefits":[{"text":"Dominios ilimitados"},{"text":"Soporte premium y puntual"},{"text":"Servicio de instalaci\u00f3n gratuito"},{"text":"Dise\u00f1o flexible"}],"pricing_button_text":"A\u00f1adir al sitio web","pricing_button_url":"#demo"}],"related_apps_title":"","related_apps_hidden":"","author":"","image":[],"title":"","job":"","social_networks":[]},"_links":{"self":[{"href":"https:\/\/elfsight.com\/es\/wp-json\/wp\/v2\/pages\/6099","targetHints":{"allow":["GET"]}}],"collection":[{"href":"https:\/\/elfsight.com\/es\/wp-json\/wp\/v2\/pages"}],"about":[{"href":"https:\/\/elfsight.com\/es\/wp-json\/wp\/v2\/types\/page"}],"author":[{"embeddable":true,"href":"https:\/\/elfsight.com\/es\/wp-json\/wp\/v2\/users\/9"}],"replies":[{"embeddable":true,"href":"https:\/\/elfsight.com\/es\/wp-json\/wp\/v2\/comments?post=6099"}],"version-history":[{"count":2,"href":"https:\/\/elfsight.com\/es\/wp-json\/wp\/v2\/pages\/6099\/revisions"}],"predecessor-version":[{"id":19261,"href":"https:\/\/elfsight.com\/es\/wp-json\/wp\/v2\/pages\/6099\/revisions\/19261"}],"up":[{"embeddable":true,"href":"https:\/\/elfsight.com\/es\/wp-json\/wp\/v2\/pages\/1899"}],"wp:attachment":[{"href":"https:\/\/elfsight.com\/es\/wp-json\/wp\/v2\/media?parent=6099"}],"curies":[{"name":"wp","href":"https:\/\/api.w.org\/{rel}","templated":true}]}}