{"id":6093,"date":"1970-01-01T00:00:00","date_gmt":"1970-01-01T00:00:00","guid":{"rendered":"https:\/\/elfsight.com\/es\/?page_id=6093"},"modified":"2025-02-06T16:08:53","modified_gmt":"2025-02-06T16:08:53","slug":"blogger","status":"publish","type":"page","link":"https:\/\/elfsight.com\/es\/rss-feed-widget\/blogger\/","title":{"rendered":"RSS Feed &#8211; Blogger"},"content":{"rendered":"<div class=\"application-platform-content-item-description application-platform-content-item\" id=\"description\" data-nav-section=\"description\"> <h2>Descripci\u00f3n<\/h2> <p>Elfsight RSS Feed para Blogger es un widget \u00fanico para comercializar emociones y experiencias. Con \u00e9l, puede crear un feed individual compuesto por el contenido de muchos sitios web de noticias y mostrarlo directamente en su sitio de Internet. Disfrute del control total sobre un contenido demostrado y elimine el spam y cualquier contenido no deseado aplicando moderaci\u00f3n manual. El editor en l\u00ednea totalmente responsivo le ofrece muchas plantillas para elegir. <\/p> <p><b>Haga que su sitio sea m\u00e1s eficiente para objetivos comerciales con la ayuda de RSS Feed<\/b><\/p> <\/div> <div class=\"application-platform-content-item-features application-platform-content-item\" id=\"features\" data-nav-section=\"features\"> <h2>Las caracter\u00edsticas m\u00e1s importantes del widget incluyen<\/h2> <ul><li>Ocultar la secci\u00f3n principal para que su herramienta parezca minimalista. <\/li><li>Elimina cualquier spam y contenido no deseado aplicando moderaci\u00f3n manual. <\/li><li>Seleccione uno de los 6 dise\u00f1os disponibles: lista, carrusel, control deslizante, collage, mamposter\u00eda y cuadr\u00edcula. <\/li><li>Deja que tus publicaciones se muestren en modo emergente. <\/li><\/ul><p><a href=\"#demo\">Pruebe todas las configuraciones en una demostraci\u00f3n con todas las funciones<\/a><\/p> <\/div> <div class=\"application-platform-content-item-installation application-platform-content-item\" id=\"installation\" data-nav-section=\"installation\"> <h2>\u00bfC\u00f3mo incorporo una fuente RSS en mi sitio web de Blogger? <\/h2> <p>Simplemente siga las pautas a continuaci\u00f3n para integrar el widget. <\/p> <ol><li><b>Utilice nuestro configurador gratuito y comience a darle forma a su widget \u00fanico. <\/b><br> Elija el aspecto seleccionado y las especificaciones de la herramienta y guarde las correcciones. <\/li> <li><b>Reciba su c\u00f3digo \u00fanico revelado en el cuadro de Elfsight Apps. <\/b><br> Una vez finalizada la configuraci\u00f3n de tu herramienta, copia el c\u00f3digo exclusivo en el cuadro que aparece y gu\u00e1rdalo para futuras ocasiones. <\/li> <li><b>Entra en el uso de la herramienta en tu sitio web de Blogger. <\/b><br> A\u00f1ade el c\u00f3digo guardado anteriormente en tu p\u00e1gina de inicio y aplica los ajustes. <\/li> <li><b>La instalaci\u00f3n ha finalizado por completo. <\/b><br> Vaya a su sitio web para ver c\u00f3mo funciona la herramienta. <\/li><\/ol> <p>En caso de tener preguntas o superar alg\u00fan obst\u00e1culo, no dude en comunicarse con nuestro personal de soporte. Nuestros consultores estar\u00e1n encantados de ayudarle con todas las dificultades que pueda tener con la herramienta. <\/p> <\/div><div class=\"faq\" data-component=\"FAQ\"><div class=\"faq-item\">\r\n\t\t\t\t\t<div class=\"faq-item-question\">\r\n\t\t\t\t\t\t<h3 class=\"faq-item-question-text\">\u00bfDe qu\u00e9 manera es posible incrustar un feed RSS en mi p\u00e1gina web de Blogger sin conocimientos de codificaci\u00f3n?<\/h3>\r\n\r\n\t\t\t\t\t\t<div class=\"faq-item-question-icon\"><\/div>\r\n\t\t\t\t\t<\/div>\r\n\r\n\t\t\t\t\t<div class=\"faq-item-answer\">\r\n\t\t\t\t\t\t<div class=\"faq-item-answer-text\"><p>La empresa Elfsight ofrece una soluci\u00f3n que permite a las personas crear una secci\u00f3n de feed RSS usted mismo. Descubra lo sencillo que es: <\/p><ul><li>Comience a trabajar directamente en la demostraci\u00f3n en vivo para formar un feed RSS. aplicaci\u00f3n que le gustar\u00eda integrar en el sitio de Blogger.<\/li><li>Elija una de las plantillas predise\u00f1adas y ajuste la configuraci\u00f3n de la fuente RSS, cambie el dise\u00f1o y el color de los elementos, actualice su contenido sin codificaci\u00f3n.<\/li><li>Guarde la fuente RSS y obtenga el c\u00f3digo de instalaci\u00f3n, que puede pegar f\u00e1cilmente en el sitio web de Blogger de forma gratuita.<\/li><\/ul><p>Con nuestro Configurador f\u00e1cil de usar, cada usuario de Internet puede generar un widget de fuente RSS en l\u00ednea y pegarlo en el sitio de Blogger. No es necesario pagar ni revelar los datos de su tarjeta para acceder al servicio. Si encuentra alg\u00fan problema de cualquier tipo, contin\u00fae y comun\u00edquese con nuestro equipo de soporte.<\/p><\/div>\r\n\t\t\t\t\t<\/div>\r\n\t\t\t\t<\/div><\/div>","protected":false},"excerpt":{"rendered":"","protected":false},"author":9,"featured_media":0,"parent":1899,"menu_order":0,"comment_status":"closed","ping_status":"closed","template":"templates\/template-application-platform.php","meta":{"publish_to_discourse":"","publish_post_category":"","wpdc_auto_publish_overridden":"","wpdc_topic_tags":"","wpdc_pin_topic":"","wpdc_pin_until":"","discourse_post_id":"","discourse_permalink":"","wpdc_publishing_response":"","wpdc_publishing_error":"","footnotes":""},"class_list":["post-6093","page","type-page","status-publish","hentry"],"yoast_head":"<!-- This site is optimized with the Yoast SEO plugin v25.3.1 - https:\/\/yoast.com\/wordpress\/plugins\/seo\/ -->\n<title>\u00a1Incorpore el widget RSS Feed en el sitio web de Blogger en unos sencillos pasos!<\/title>\n<meta name=\"description\" content=\"Inserte un widget de fuente RSS responsivo en su sitio web de Blogger. Utilice la pr\u00e1ctica demostraci\u00f3n de Elfsight y modifique su incre\u00edble canal RSS con solo un par de clics\" \/>\n<meta name=\"robots\" content=\"index, follow, max-snippet:-1, max-image-preview:large, max-video-preview:-1\" \/>\n<link rel=\"canonical\" href=\"https:\/\/elfsight.com\/es\/rss-feed-widget\/blogger\/\" \/>\n<meta property=\"og:locale\" content=\"es_ES\" \/>\n<meta property=\"og:type\" content=\"article\" \/>\n<meta property=\"og:title\" content=\"\u00a1Incorpore el widget RSS Feed en el sitio web de Blogger en unos sencillos pasos!\" \/>\n<meta property=\"og:description\" content=\"Inserte un widget de fuente RSS responsivo en su sitio web de Blogger. Utilice la pr\u00e1ctica demostraci\u00f3n de Elfsight y modifique su incre\u00edble canal RSS con solo un par de clics\" \/>\n<meta property=\"og:url\" content=\"https:\/\/elfsight.com\/es\/rss-feed-widget\/blogger\/\" \/>\n<meta property=\"og:site_name\" content=\"Elfsight ES\" \/>\n<meta property=\"article:modified_time\" content=\"2025-02-06T16:08:53+00:00\" \/>\n<meta name=\"twitter:card\" content=\"summary_large_image\" \/>\n<meta name=\"twitter:label1\" content=\"Tiempo de lectura\" \/>\n\t<meta name=\"twitter:data1\" content=\"3 minutos\" \/>\n<!-- \/ Yoast SEO plugin. -->","yoast_head_json":{"title":"\u00a1Incorpore el widget RSS Feed en el sitio web de Blogger en unos sencillos pasos!","description":"Inserte un widget de fuente RSS responsivo en su sitio web de Blogger. Utilice la pr\u00e1ctica demostraci\u00f3n de Elfsight y modifique su incre\u00edble canal RSS con solo un par de clics","robots":{"index":"index","follow":"follow","max-snippet":"max-snippet:-1","max-image-preview":"max-image-preview:large","max-video-preview":"max-video-preview:-1"},"canonical":"https:\/\/elfsight.com\/es\/rss-feed-widget\/blogger\/","og_locale":"es_ES","og_type":"article","og_title":"\u00a1Incorpore el widget RSS Feed en el sitio web de Blogger en unos sencillos pasos!","og_description":"Inserte un widget de fuente RSS responsivo en su sitio web de Blogger. Utilice la pr\u00e1ctica demostraci\u00f3n de Elfsight y modifique su incre\u00edble canal RSS con solo un par de clics","og_url":"https:\/\/elfsight.com\/es\/rss-feed-widget\/blogger\/","og_site_name":"Elfsight ES","article_modified_time":"2025-02-06T16:08:53+00:00","twitter_card":"summary_large_image","twitter_misc":{"Tiempo de lectura":"3 minutos"},"schema":{"@context":"https:\/\/schema.org","@graph":[{"@type":"WebPage","@id":"https:\/\/elfsight.com\/es\/rss-feed-widget\/blogger\/","url":"https:\/\/elfsight.com\/es\/rss-feed-widget\/blogger\/","name":"\u00a1Incorpore el widget RSS Feed en el sitio web de Blogger en unos sencillos pasos!","isPartOf":{"@id":"https:\/\/elfsight.com\/es\/#website"},"datePublished":"1970-01-01T00:00:00+00:00","dateModified":"2025-02-06T16:08:53+00:00","description":"Inserte un widget de fuente RSS responsivo en su sitio web de Blogger. Utilice la pr\u00e1ctica demostraci\u00f3n de Elfsight y modifique su incre\u00edble canal RSS con solo un par de clics","breadcrumb":{"@id":"https:\/\/elfsight.com\/es\/rss-feed-widget\/blogger\/#breadcrumb"},"inLanguage":"es","potentialAction":[{"@type":"ReadAction","target":["https:\/\/elfsight.com\/es\/rss-feed-widget\/blogger\/"]}]},{"@type":"BreadcrumbList","@id":"https:\/\/elfsight.com\/es\/rss-feed-widget\/blogger\/#breadcrumb","itemListElement":[{"@type":"ListItem","position":1,"name":"Home","item":"https:\/\/elfsight.com\/es\/"},{"@type":"ListItem","position":2,"name":"RSS Feed","item":"https:\/\/elfsight.com\/es\/rss-feed-widget\/"},{"@type":"ListItem","position":3,"name":"RSS Feed &#8211; Blogger"}]},{"@type":"WebSite","@id":"https:\/\/elfsight.com\/es\/#website","url":"https:\/\/elfsight.com\/es\/","name":"Elfsight ES","description":"Just another Elfsight Sites site","potentialAction":[{"@type":"SearchAction","target":{"@type":"EntryPoint","urlTemplate":"https:\/\/elfsight.com\/es\/?s={search_term_string}"},"query-input":{"@type":"PropertyValueSpecification","valueRequired":true,"valueName":"search_term_string"}}],"inLanguage":"es"}]}},"meta_box":{"industry":"","seo_heading":"","heading":"","description":"","cta_heading":"","cta_description":"","application":"1898","h1":"Widget de fuente RSS de Blogger","h1_caption":"Incruste un feed rss en su sitio web para mostrar contenido de fuentes externas, manteniendo su sitio web actualizado con material nuevo en su sitio web de Blogger sin esfuerzo.","application_category":[],"applications_title":"","applications_request_title":"","applications_request_button_text":"","hero_text":"","hero_video":"","hero_video_schema_markup":"","selling_points_title":"","selling_points_caption":"","selling_points":[],"selling_points_cta_text":"","features_title":"","features":"","ed_cta_examples_text":"","ed_cta_examples_hidden":"","ed_cta_demo_text":"","ed_cta_demo_hidden":"","why_caption":"","why_editor_title":"","why_editor_text":"","why_team_title":"","why_team_text":"","why_service_title":"","why_service_text":"","template_catalog_visible":"","template_catalog_title":"","template_catalog_text":"","template_catalog_categories_visible":"","demo_title":"Crea tu widget de fuente RSS","demo_caption":"\u00a1Configure su fuente RSS y agr\u00e9guela a su sitio web de Blogger de forma gratuita!","default_faq_hidden":"","app_template_category":[],"platform":"39","template_public_id":"","codecanyon_url":"","codecanyon_item_id":"","codecanyon_price":"","pricing_caption":"","pricing_elfsight_apps_hide_column":"","pricing_elfsight_apps_url":"","pricing_codecanyon_price_caption":"","integration_category":[],"integration_request_title":"","integration_request_cta":"","integration_platform":"","integrations":[],"platform_category":[],"video_schema_markup":"","price":"desde $0 \/ mes","trial":"","benefits":[{"text":"Servicio de instalaci\u00f3n gratuito"},{"text":"Atenci\u00f3n al cliente experimentada"},{"text":"Garant\u00eda de devoluci\u00f3n de dinero de 14 d\u00edas"},{"text":"Desarrollo continuo"}],"button_url":"#demo","button_target_blank":"","button_nofollow":"","attributes":[{"name":"Instalaciones","content":"10,000 - 100,000"},{"name":"Sensible","content":"S\u00ed"},{"name":"Navegadores compatibles","content":"Firefox, Safari, Opera, Chrome, Edge"}],"tags":[],"tags_disable_links":"","hide_more_platforms":"","video_object":"","demo_hide_cta":"","demo_hide_cloud_options":"","pricing_title":"","pricing":[{"pricing_icon":"platform","pricing_title":"Elfsight Apps","pricing_title_caption":"Soluci\u00f3n independiente de la plataforma","pricing_price":"desde $0 \/ mes","pricing_price_caption":"comienza con un plan gratuito","pricing_benefits":[{"text":"Sitios web ilimitados"},{"text":"Soporte r\u00e1pido y puntual"},{"text":"Asistencia de instalaci\u00f3n gratuita"},{"text":"100% personalizable"}],"pricing_button_text":"A\u00f1adir al sitio web","pricing_button_url":"#demo"}],"related_apps_title":"","related_apps_hidden":"","author":"","image":[],"title":"","job":"","social_networks":[]},"_links":{"self":[{"href":"https:\/\/elfsight.com\/es\/wp-json\/wp\/v2\/pages\/6093","targetHints":{"allow":["GET"]}}],"collection":[{"href":"https:\/\/elfsight.com\/es\/wp-json\/wp\/v2\/pages"}],"about":[{"href":"https:\/\/elfsight.com\/es\/wp-json\/wp\/v2\/types\/page"}],"author":[{"embeddable":true,"href":"https:\/\/elfsight.com\/es\/wp-json\/wp\/v2\/users\/9"}],"replies":[{"embeddable":true,"href":"https:\/\/elfsight.com\/es\/wp-json\/wp\/v2\/comments?post=6093"}],"version-history":[{"count":2,"href":"https:\/\/elfsight.com\/es\/wp-json\/wp\/v2\/pages\/6093\/revisions"}],"predecessor-version":[{"id":19263,"href":"https:\/\/elfsight.com\/es\/wp-json\/wp\/v2\/pages\/6093\/revisions\/19263"}],"up":[{"embeddable":true,"href":"https:\/\/elfsight.com\/es\/wp-json\/wp\/v2\/pages\/1899"}],"wp:attachment":[{"href":"https:\/\/elfsight.com\/es\/wp-json\/wp\/v2\/media?parent=6093"}],"curies":[{"name":"wp","href":"https:\/\/api.w.org\/{rel}","templated":true}]}}