{"id":6068,"date":"1970-01-01T00:00:00","date_gmt":"1970-01-01T00:00:00","guid":{"rendered":"https:\/\/elfsight.com\/es\/?page_id=6068"},"modified":"2025-02-06T16:09:01","modified_gmt":"2025-02-06T16:09:01","slug":"prestashop","status":"publish","type":"page","link":"https:\/\/elfsight.com\/es\/google-maps-widget\/prestashop\/","title":{"rendered":"Google Maps &#8211; PrestaShop"},"content":{"rendered":"<div class=\"application-platform-content-item-description application-platform-content-item\" id=\"description\" data-nav-section=\"description\"> <h2>Descripci\u00f3n<\/h2> <p>Un instrumento de instalaci\u00f3n sencilla, funcional y totalmente personalizado, que hace mucho m\u00e1s f\u00e1cil la b\u00fasqueda de tiendas para tus clientes. Productivo para atraer clientes fuera de l\u00ednea, su r\u00e1pida integraci\u00f3n y personalizaci\u00f3n de la interfaz lo transforman en uno de los mejores sitios de WordPress con mejor relaci\u00f3n calidad-precio. \u00a1Consigue m\u00e1s clientes reales gracias a los mapas interactivos en tu sitio web! <\/p><p><b>\u00a1Con Google Maps, logre un s\u00f3lido desarrollo comercial y mejore las ventas!<\/b><\/p> <\/div> <div class=\"application-platform-content-item-features application-platform-content-item\" id=\"features\" data-nav-section=\"features\"> <h2>Explore la lista de las funciones m\u00e1s importantes: <\/h2> <ul><li>M\u00e1s de 50 marcadores de ubicaci\u00f3n para un mapa interactivo<\/li><li>Tres tipos de animaci\u00f3n de marcadores<\/li><li>Agregar nueva ubicaci\u00f3n ingresando solo su coordenadas, nombre o direcci\u00f3n <\/li><li>Todas las funciones de Google Maps compatibles: capas, controles, tipos de mapas<\/li><li>Tarjeta de informaci\u00f3n con informaci\u00f3n de contacto m\u00e1xima<\/li><li>Creaci\u00f3n autom\u00e1tica de rutas desde la ubicaci\u00f3n del visitante <\/li><li>Elija elementos y edite el t\u00edtulo del panel de ubicaci\u00f3n<\/li><li>Redirecci\u00f3n de URL para cada marcador en el que se puede hacer clic <\/li><li>Tarjeta de informaci\u00f3n emergente para cada marcador individualmente<\/li><\/ul><p><a href=\"#demo\">Pruebe todas las funciones de personalizaci\u00f3n en demostraci\u00f3n completamente funcional<\/a><\/p> <\/div> <div class=\"application-platform-content-item-installation application-platform-content-item\" id=\"installation\" data-nav-section=\"installation\"> <h2>\u00bfC\u00f3mo puedo agregar Google Maps en mi p\u00e1gina web de PrestaShop? <\/h2> <p>Simplemente siga un par de pasos que se presentan a continuaci\u00f3n para activar el widget. <\/p> <ol><li><b>Administra nuestro configurador gratuito y comienza a crear tu widget personalizado. <\/b><br> Elija el dise\u00f1o y la funcionalidad preferidos del complemento y aplique las modificaciones. <\/li> <li><b>Haga que su c\u00f3digo personal aparezca en la ventana de Elfsight Apps. <\/b><br> Tan pronto como finalice la generaci\u00f3n de su complemento personal, copie el c\u00f3digo individual en la ventana que aparece y gu\u00e1rdelo para usarlo en el futuro. <\/li> <li><b>Ingrese al uso del complemento en la p\u00e1gina web de PrestaShop. <\/b><br> A\u00f1ade el c\u00f3digo copiado anteriormente en tu p\u00e1gina y guarda las modificaciones. <\/li> <li><b>\u00a1Ya terminaste! La integraci\u00f3n se realiza con \u00e9xito. <\/b><br>Visita su p\u00e1gina web para comprobar c\u00f3mo funciona el widget. <\/li><\/ol> <p>A condici\u00f3n de atender consultas o afrontar cualquier complicaci\u00f3n, por favor dir\u00edjase a nuestro personal de atenci\u00f3n al cliente. Nuestros especialistas est\u00e1n ansiosos por resolver todas las dudas que puedas tener con la herramienta. <\/p> <div class=\"faq\" data-component=\"FAQ\"><div class=\"faq-item\">\r\n\t\t\t\t\t<div class=\"faq-item-question\">\r\n\t\t\t\t\t\t<h3 class=\"faq-item-question-text\">\u00bfC\u00f3mo agregar Google Maps a mi sitio web PrestaShop sin conocimientos de codificaci\u00f3n?<\/h3>\r\n\r\n\t\t\t\t\t\t<div class=\"faq-item-question-icon\"><\/div>\r\n\t\t\t\t\t<\/div>\r\n\r\n\t\t\t\t\t<div class=\"faq-item-answer\">\r\n\t\t\t\t\t\t<div class=\"faq-item-answer-text\"> <p>Elfsight proporciona una soluci\u00f3n SaaS que le permite crear un widget de Google Maps usted mismo. Vea lo f\u00e1cil que es el proceso: trabaje directamente en el editor en l\u00ednea para crear un widget de Google Maps que le gustar\u00eda ver en su sitio web de PrestaShop. Elija una de las plantillas predise\u00f1adas y ajuste la configuraci\u00f3n de Google Maps, agregue su contenido, cambie el dise\u00f1o y los colores sin conocimientos de codificaci\u00f3n. Guarde Google Maps y copie su c\u00f3digo de instalaci\u00f3n, que podr\u00e1 incluir f\u00e1cilmente en su sitio web PrestaShop sin comprar una versi\u00f3n paga. Con nuestro editor intuitivo, cualquier usuario de Internet puede crear un widget de Google Maps en l\u00ednea e incrustarlo f\u00e1cilmente en su sitio web PrestaShop. No es necesario pagar ni ingresar las credenciales de su tarjeta para acceder al servicio. Si tiene alg\u00fan problema en cualquier paso, no dude en ponerse en contacto con nuestro equipo de soporte t\u00e9cnico.<\/p> <\/div>\r\n\t\t\t\t\t<\/div>\r\n\t\t\t\t<\/div> <\/div><\/div>","protected":false},"excerpt":{"rendered":"","protected":false},"author":9,"featured_media":0,"parent":1936,"menu_order":0,"comment_status":"closed","ping_status":"closed","template":"templates\/template-application-platform.php","meta":{"publish_to_discourse":"","publish_post_category":"","wpdc_auto_publish_overridden":"","wpdc_topic_tags":"","wpdc_pin_topic":"","wpdc_pin_until":"","discourse_post_id":"","discourse_permalink":"","wpdc_publishing_response":"","wpdc_publishing_error":"","footnotes":""},"class_list":["post-6068","page","type-page","status-publish","hentry"],"yoast_head":"<!-- This site is optimized with the Yoast SEO plugin v25.3.1 - https:\/\/yoast.com\/wordpress\/plugins\/seo\/ -->\n<title>Google Maps: agregue el widget de mapa al sitio web de PrestaShop<\/title>\n<meta name=\"description\" content=\"Cree un complemento de Google Maps personalizado para el sitio PrestaShop. Demuestre mapas extensos en solo 2 minutos de forma gratuita en el editor m\u00e1s sencillo.\" \/>\n<meta name=\"robots\" content=\"index, follow, max-snippet:-1, max-image-preview:large, max-video-preview:-1\" \/>\n<link rel=\"canonical\" href=\"https:\/\/elfsight.com\/es\/google-maps-widget\/prestashop\/\" \/>\n<meta property=\"og:locale\" content=\"es_ES\" \/>\n<meta property=\"og:type\" content=\"article\" \/>\n<meta property=\"og:title\" content=\"Google Maps: agregue el widget de mapa al sitio web de PrestaShop\" \/>\n<meta property=\"og:description\" content=\"Cree un complemento de Google Maps personalizado para el sitio PrestaShop. Demuestre mapas extensos en solo 2 minutos de forma gratuita en el editor m\u00e1s sencillo.\" \/>\n<meta property=\"og:url\" content=\"https:\/\/elfsight.com\/es\/google-maps-widget\/prestashop\/\" \/>\n<meta property=\"og:site_name\" content=\"Elfsight ES\" \/>\n<meta property=\"article:modified_time\" content=\"2025-02-06T16:09:01+00:00\" \/>\n<meta name=\"twitter:card\" content=\"summary_large_image\" \/>\n<meta name=\"twitter:label1\" content=\"Tiempo de lectura\" \/>\n\t<meta name=\"twitter:data1\" content=\"3 minutos\" \/>\n<!-- \/ Yoast SEO plugin. -->","yoast_head_json":{"title":"Google Maps: agregue el widget de mapa al sitio web de PrestaShop","description":"Cree un complemento de Google Maps personalizado para el sitio PrestaShop. Demuestre mapas extensos en solo 2 minutos de forma gratuita en el editor m\u00e1s sencillo.","robots":{"index":"index","follow":"follow","max-snippet":"max-snippet:-1","max-image-preview":"max-image-preview:large","max-video-preview":"max-video-preview:-1"},"canonical":"https:\/\/elfsight.com\/es\/google-maps-widget\/prestashop\/","og_locale":"es_ES","og_type":"article","og_title":"Google Maps: agregue el widget de mapa al sitio web de PrestaShop","og_description":"Cree un complemento de Google Maps personalizado para el sitio PrestaShop. Demuestre mapas extensos en solo 2 minutos de forma gratuita en el editor m\u00e1s sencillo.","og_url":"https:\/\/elfsight.com\/es\/google-maps-widget\/prestashop\/","og_site_name":"Elfsight ES","article_modified_time":"2025-02-06T16:09:01+00:00","twitter_card":"summary_large_image","twitter_misc":{"Tiempo de lectura":"3 minutos"},"schema":{"@context":"https:\/\/schema.org","@graph":[{"@type":"WebPage","@id":"https:\/\/elfsight.com\/es\/google-maps-widget\/prestashop\/","url":"https:\/\/elfsight.com\/es\/google-maps-widget\/prestashop\/","name":"Google Maps: agregue el widget de mapa al sitio web de PrestaShop","isPartOf":{"@id":"https:\/\/elfsight.com\/es\/#website"},"datePublished":"1970-01-01T00:00:00+00:00","dateModified":"2025-02-06T16:09:01+00:00","description":"Cree un complemento de Google Maps personalizado para el sitio PrestaShop. Demuestre mapas extensos en solo 2 minutos de forma gratuita en el editor m\u00e1s sencillo.","breadcrumb":{"@id":"https:\/\/elfsight.com\/es\/google-maps-widget\/prestashop\/#breadcrumb"},"inLanguage":"es","potentialAction":[{"@type":"ReadAction","target":["https:\/\/elfsight.com\/es\/google-maps-widget\/prestashop\/"]}]},{"@type":"BreadcrumbList","@id":"https:\/\/elfsight.com\/es\/google-maps-widget\/prestashop\/#breadcrumb","itemListElement":[{"@type":"ListItem","position":1,"name":"Home","item":"https:\/\/elfsight.com\/es\/"},{"@type":"ListItem","position":2,"name":"Google Maps","item":"https:\/\/elfsight.com\/es\/google-maps-widget\/"},{"@type":"ListItem","position":3,"name":"Google Maps &#8211; PrestaShop"}]},{"@type":"WebSite","@id":"https:\/\/elfsight.com\/es\/#website","url":"https:\/\/elfsight.com\/es\/","name":"Elfsight ES","description":"Just another Elfsight Sites site","potentialAction":[{"@type":"SearchAction","target":{"@type":"EntryPoint","urlTemplate":"https:\/\/elfsight.com\/es\/?s={search_term_string}"},"query-input":{"@type":"PropertyValueSpecification","valueRequired":true,"valueName":"search_term_string"}}],"inLanguage":"es"}]}},"meta_box":{"industry":"","seo_heading":"","heading":"","description":"","cta_heading":"","cta_description":"","application":"1935","h1":"Complemento de Google Maps para PrestaShop","h1_caption":"Incorpore un mapa de Google responsivo para mostrar su ubicaci\u00f3n o m\u00faltiples ubicaciones para una f\u00e1cil navegaci\u00f3n en su sitio web de Prestashop sin esfuerzo.","application_category":[],"applications_title":"","applications_request_title":"","applications_request_button_text":"","hero_text":"","hero_video":"","hero_video_schema_markup":"","selling_points_title":"","selling_points_caption":"","selling_points":[],"selling_points_cta_text":"","features_title":"","features":"","ed_cta_examples_text":"","ed_cta_examples_hidden":"","ed_cta_demo_text":"","ed_cta_demo_hidden":"","why_caption":"","why_editor_title":"","why_editor_text":"","why_team_title":"","why_team_text":"","why_service_title":"","why_service_text":"","template_catalog_visible":"","template_catalog_title":"","template_catalog_text":"","template_catalog_categories_visible":"","demo_title":"Crea tu complemento de Google Maps","demo_caption":"\u00a1Configura tu Google Maps y a\u00f1\u00e1delo a tu sitio web PrestaShop gratis!","default_faq_hidden":"","app_template_category":[],"platform":"2250","template_public_id":"","codecanyon_url":"","codecanyon_item_id":"","codecanyon_price":"","pricing_caption":"","pricing_elfsight_apps_hide_column":"","pricing_elfsight_apps_url":"","pricing_codecanyon_price_caption":"","integration_category":[],"integration_request_title":"","integration_request_cta":"","integration_platform":"","integrations":[],"platform_category":[],"video_schema_markup":"","price":"desde $0 \/ mes","trial":"","benefits":[{"text":"Servicio de instalaci\u00f3n gratuito"},{"text":"Atenci\u00f3n al cliente experimentada"},{"text":"Garant\u00eda de devoluci\u00f3n de dinero de 14 d\u00edas"},{"text":"Mejoras continuas"}],"button_url":"#demo","button_target_blank":"","button_nofollow":"","attributes":[{"name":"Instalaciones","content":"100,000 - 500,000"},{"name":"Sensible","content":"S\u00ed"},{"name":"Navegadores compatibles","content":"Firefox, Safari, Opera, Chrome, Edge"}],"tags":[],"tags_disable_links":"","hide_more_platforms":"","video_object":"","demo_hide_cta":"","demo_hide_cloud_options":"","pricing_title":"","pricing":[{"pricing_icon":"platform","pricing_title":"Elfsight Apps","pricing_title_caption":"Soluci\u00f3n digital multiplataforma","pricing_price":"desde $0 \/ mes","pricing_price_caption":"comienza con un plan gratuito","pricing_benefits":[{"text":"Dominios ilimitados"},{"text":"Soporte profesional de la empresa"},{"text":"Servicio de instalaci\u00f3n gratuito"},{"text":"100% personalizable"}],"pricing_button_text":"A\u00f1adir al sitio web","pricing_button_url":"#demo"}],"related_apps_title":"","related_apps_hidden":"","author":"","image":[],"title":"","job":"","social_networks":[]},"_links":{"self":[{"href":"https:\/\/elfsight.com\/es\/wp-json\/wp\/v2\/pages\/6068","targetHints":{"allow":["GET"]}}],"collection":[{"href":"https:\/\/elfsight.com\/es\/wp-json\/wp\/v2\/pages"}],"about":[{"href":"https:\/\/elfsight.com\/es\/wp-json\/wp\/v2\/types\/page"}],"author":[{"embeddable":true,"href":"https:\/\/elfsight.com\/es\/wp-json\/wp\/v2\/users\/9"}],"replies":[{"embeddable":true,"href":"https:\/\/elfsight.com\/es\/wp-json\/wp\/v2\/comments?post=6068"}],"version-history":[{"count":2,"href":"https:\/\/elfsight.com\/es\/wp-json\/wp\/v2\/pages\/6068\/revisions"}],"predecessor-version":[{"id":19268,"href":"https:\/\/elfsight.com\/es\/wp-json\/wp\/v2\/pages\/6068\/revisions\/19268"}],"up":[{"embeddable":true,"href":"https:\/\/elfsight.com\/es\/wp-json\/wp\/v2\/pages\/1936"}],"wp:attachment":[{"href":"https:\/\/elfsight.com\/es\/wp-json\/wp\/v2\/media?parent=6068"}],"curies":[{"name":"wp","href":"https:\/\/api.w.org\/{rel}","templated":true}]}}