{"id":6053,"date":"1970-01-01T00:00:00","date_gmt":"1970-01-01T00:00:00","guid":{"rendered":"https:\/\/elfsight.com\/es\/?page_id=6053"},"modified":"2025-02-06T16:09:01","modified_gmt":"2025-02-06T16:09:01","slug":"jimdo","status":"publish","type":"page","link":"https:\/\/elfsight.com\/es\/google-maps-widget\/jimdo\/","title":{"rendered":"Google Maps &#8211; Jimdo"},"content":{"rendered":"<div class=\"application-platform-content-item-description application-platform-content-item\" id=\"description\" data-nav-section=\"description\"> <h2>Descripci\u00f3n<\/h2> <p>Un complemento de f\u00e1cil instalaci\u00f3n, universal y totalmente personalizado, que hace mucho m\u00e1s f\u00e1cil la b\u00fasqueda de ubicaciones para tus clientes. La eficiencia para atraer clientes fuera de l\u00ednea, la r\u00e1pida incorporaci\u00f3n a un sitio y las opciones de personalizaci\u00f3n lo transforman en uno de los sitios Jimdo con mejor relaci\u00f3n calidad-precio. \u00a1Genera m\u00e1s clientes de la vida real usando mapas responsivos en tu sitio web! <\/p><p><b>\u00a1Utiliza Google Maps para lograr tus objetivos de comercio electr\u00f3nico m\u00e1s r\u00e1pido! <\/b><\/p> <\/div> <div class=\"application-platform-content-item-features application-platform-content-item\" id=\"features\" data-nav-section=\"features\"> <h2>Ofrecemos funciones pr\u00e1cticas y sencillas, vea algunas de ellas: <\/h2> <ul><li>M\u00e1s de 50 marcadores de ubicaci\u00f3n para un mapa interactivo<\/li><li>3 tipos de animaci\u00f3n de marcadores<\/li><li>Agregar una nueva ubicaci\u00f3n ingresando solo sus coordenadas, direcci\u00f3n o nombre <\/li><li>Todas las funciones de Google Maps compatibles: tipos de mapas, capas, controles<\/li><li>Tarjeta de informaci\u00f3n con informaci\u00f3n de contacto m\u00e1xima<\/li><li>Construcci\u00f3n autom\u00e1tica de rutas desde la ubicaci\u00f3n del visitante <\/li><li>Edite el t\u00edtulo del panel de ubicaci\u00f3n y elija elementos<\/li><li>Redirecci\u00f3n de URL para cada marcador en el que se puede hacer clic <\/li><li>Tarjeta de informaci\u00f3n emergente para cada marcador individualmente<\/li><\/ul><p><a href=\"#demo\">Puede probar todas las capacidades del widget en la demostraci\u00f3n aqu\u00ed mismo<\/a><\/p> <\/div> <div class=\"application-platform-content-item-installation application-platform-content-item\" id=\"installation\" data-nav-section=\"installation\"> <h2>\u00bfC\u00f3mo a\u00f1adir Google Maps en mi sitio Jimdo? <\/h2> <p>Simplemente siga las pautas a continuaci\u00f3n para agregar la herramienta. <\/p> <ol><li><b>Utilice nuestra demostraci\u00f3n gratuita y comience a crear su instrumento personalizado. <\/b><br> Determine el dise\u00f1o y las caracter\u00edsticas preferibles de la herramienta y guarde las modificaciones. <\/li> <li><b>Copia tu c\u00f3digo \u00fanico que se muestra en la ventana de Elfsight Apps. <\/b><br> Una vez finalizada la configuraci\u00f3n de su widget personal, copie el c\u00f3digo personal en la ventana emergente que aparece y gu\u00e1rdelo para ocasiones posteriores. <\/li> <li><b>Empiece a utilizar el widget en la p\u00e1gina web de Jimdo. <\/b><br> Introduce el c\u00f3digo copiado anteriormente en tu sitio web y guarda las correcciones. <\/li> <li><b>La configuraci\u00f3n se realiz\u00f3 exitosamente. <\/b><br> Vaya a su sitio para revisar c\u00f3mo funciona el widget. <\/li><\/ol> <p>En caso de que encuentre alg\u00fan obst\u00e1culo, escriba a nuestro personal de atenci\u00f3n al cliente. Nuestros especialistas est\u00e1n ansiosos por ayudarle con todos los problemas que pueda tener con el widget. <\/p> <div class=\"faq\" data-component=\"FAQ\"><div class=\"faq-item\">\r\n\t\t\t\t\t<div class=\"faq-item-question\">\r\n\t\t\t\t\t\t<h3 class=\"faq-item-question-text\">\u00bfC\u00f3mo a\u00f1adir Google Maps a mi sitio web Jimdo sin conocimientos de codificaci\u00f3n?<\/h3>\r\n\r\n\t\t\t\t\t\t<div class=\"faq-item-question-icon\"><\/div>\r\n\t\t\t\t\t<\/div>\r\n\r\n\t\t\t\t\t<div class=\"faq-item-answer\">\r\n\t\t\t\t\t\t<div class=\"faq-item-answer-text\"> <p>Elfsight proporciona una soluci\u00f3n SaaS que te permite crear un widget de Google Maps t\u00fa mismo. Mira lo f\u00e1cil que es el proceso: trabaja directamente en el editor en l\u00ednea para crear un widget de Google Maps que te gustar\u00eda ver en tu sitio web Jimdo. Elija una de las plantillas predise\u00f1adas y ajuste la configuraci\u00f3n de Google Maps, agregue su contenido, cambie el dise\u00f1o y los colores sin conocimientos de codificaci\u00f3n. Guarda Google Maps y copia su c\u00f3digo de instalaci\u00f3n para que puedas agregarlo f\u00e1cilmente a tu sitio web Jimdo sin comprar una suscripci\u00f3n paga. Con nuestro editor intuitivo, cualquier usuario de Internet puede crear un widget de Google Maps online e incrustarlo f\u00e1cilmente en su sitio web Jimdo. No es necesario pagar ni ingresar las credenciales de su tarjeta para acceder al servicio. Si tiene alg\u00fan problema en cualquier paso, no dude en ponerse en contacto con nuestro equipo de soporte t\u00e9cnico.<\/p> <\/div>\r\n\t\t\t\t\t<\/div>\r\n\t\t\t\t<\/div> <\/div><\/div>","protected":false},"excerpt":{"rendered":"","protected":false},"author":9,"featured_media":0,"parent":1936,"menu_order":0,"comment_status":"closed","ping_status":"closed","template":"templates\/template-application-platform.php","meta":{"publish_to_discourse":"","publish_post_category":"","wpdc_auto_publish_overridden":"","wpdc_topic_tags":"","wpdc_pin_topic":"","wpdc_pin_until":"","discourse_post_id":"","discourse_permalink":"","wpdc_publishing_response":"","wpdc_publishing_error":"","footnotes":""},"class_list":["post-6053","page","type-page","status-publish","hentry"],"yoast_head":"<!-- This site is optimized with the Yoast SEO plugin v25.3.1 - https:\/\/yoast.com\/wordpress\/plugins\/seo\/ -->\n<title>Google Maps - A\u00f1adir widget de mapa al sitio web de Jimdo (2025)<\/title>\n<meta name=\"description\" content=\"Crea un widget de Google Maps personalizado para el sitio Jimdo. Demuestre mapas extensos en solo 2 minutos de forma gratuita en el panel de complementos m\u00e1s sencillo.\" \/>\n<meta name=\"robots\" content=\"index, follow, max-snippet:-1, max-image-preview:large, max-video-preview:-1\" \/>\n<link rel=\"canonical\" href=\"https:\/\/elfsight.com\/es\/google-maps-widget\/jimdo\/\" \/>\n<meta property=\"og:locale\" content=\"es_ES\" \/>\n<meta property=\"og:type\" content=\"article\" \/>\n<meta property=\"og:title\" content=\"Google Maps - A\u00f1adir widget de mapa al sitio web de Jimdo (2025)\" \/>\n<meta property=\"og:description\" content=\"Crea un widget de Google Maps personalizado para el sitio Jimdo. Demuestre mapas extensos en solo 2 minutos de forma gratuita en el panel de complementos m\u00e1s sencillo.\" \/>\n<meta property=\"og:url\" content=\"https:\/\/elfsight.com\/es\/google-maps-widget\/jimdo\/\" \/>\n<meta property=\"og:site_name\" content=\"Elfsight ES\" \/>\n<meta property=\"article:modified_time\" content=\"2025-02-06T16:09:01+00:00\" \/>\n<meta name=\"twitter:card\" content=\"summary_large_image\" \/>\n<meta name=\"twitter:label1\" content=\"Tiempo de lectura\" \/>\n\t<meta name=\"twitter:data1\" content=\"3 minutos\" \/>\n<!-- \/ Yoast SEO plugin. -->","yoast_head_json":{"title":"Google Maps - A\u00f1adir widget de mapa al sitio web de Jimdo (2025)","description":"Crea un widget de Google Maps personalizado para el sitio Jimdo. Demuestre mapas extensos en solo 2 minutos de forma gratuita en el panel de complementos m\u00e1s sencillo.","robots":{"index":"index","follow":"follow","max-snippet":"max-snippet:-1","max-image-preview":"max-image-preview:large","max-video-preview":"max-video-preview:-1"},"canonical":"https:\/\/elfsight.com\/es\/google-maps-widget\/jimdo\/","og_locale":"es_ES","og_type":"article","og_title":"Google Maps - A\u00f1adir widget de mapa al sitio web de Jimdo (2025)","og_description":"Crea un widget de Google Maps personalizado para el sitio Jimdo. Demuestre mapas extensos en solo 2 minutos de forma gratuita en el panel de complementos m\u00e1s sencillo.","og_url":"https:\/\/elfsight.com\/es\/google-maps-widget\/jimdo\/","og_site_name":"Elfsight ES","article_modified_time":"2025-02-06T16:09:01+00:00","twitter_card":"summary_large_image","twitter_misc":{"Tiempo de lectura":"3 minutos"},"schema":{"@context":"https:\/\/schema.org","@graph":[{"@type":"WebPage","@id":"https:\/\/elfsight.com\/es\/google-maps-widget\/jimdo\/","url":"https:\/\/elfsight.com\/es\/google-maps-widget\/jimdo\/","name":"Google Maps - A\u00f1adir widget de mapa al sitio web de Jimdo (2025)","isPartOf":{"@id":"https:\/\/elfsight.com\/es\/#website"},"datePublished":"1970-01-01T00:00:00+00:00","dateModified":"2025-02-06T16:09:01+00:00","description":"Crea un widget de Google Maps personalizado para el sitio Jimdo. Demuestre mapas extensos en solo 2 minutos de forma gratuita en el panel de complementos m\u00e1s sencillo.","breadcrumb":{"@id":"https:\/\/elfsight.com\/es\/google-maps-widget\/jimdo\/#breadcrumb"},"inLanguage":"es","potentialAction":[{"@type":"ReadAction","target":["https:\/\/elfsight.com\/es\/google-maps-widget\/jimdo\/"]}]},{"@type":"BreadcrumbList","@id":"https:\/\/elfsight.com\/es\/google-maps-widget\/jimdo\/#breadcrumb","itemListElement":[{"@type":"ListItem","position":1,"name":"Home","item":"https:\/\/elfsight.com\/es\/"},{"@type":"ListItem","position":2,"name":"Google Maps","item":"https:\/\/elfsight.com\/es\/google-maps-widget\/"},{"@type":"ListItem","position":3,"name":"Google Maps &#8211; Jimdo"}]},{"@type":"WebSite","@id":"https:\/\/elfsight.com\/es\/#website","url":"https:\/\/elfsight.com\/es\/","name":"Elfsight ES","description":"Just another Elfsight Sites site","potentialAction":[{"@type":"SearchAction","target":{"@type":"EntryPoint","urlTemplate":"https:\/\/elfsight.com\/es\/?s={search_term_string}"},"query-input":{"@type":"PropertyValueSpecification","valueRequired":true,"valueName":"search_term_string"}}],"inLanguage":"es"}]}},"meta_box":{"industry":"","seo_heading":"","heading":"","description":"","cta_heading":"","cta_description":"","application":"1935","h1":"Widget de Google Maps para Jimdo","h1_caption":"Incrusta un mapa responsivo de Google para mostrar tu ubicaci\u00f3n o m\u00faltiples ubicaciones para una f\u00e1cil navegaci\u00f3n en tu sitio web Jimdo sin esfuerzo.","application_category":[],"applications_title":"","applications_request_title":"","applications_request_button_text":"","hero_text":"","hero_video":"","hero_video_schema_markup":"","selling_points_title":"","selling_points_caption":"","selling_points":[],"selling_points_cta_text":"","features_title":"","features":"","ed_cta_examples_text":"","ed_cta_examples_hidden":"","ed_cta_demo_text":"","ed_cta_demo_hidden":"","why_caption":"","why_editor_title":"","why_editor_text":"","why_team_title":"","why_team_text":"","why_service_title":"","why_service_text":"","template_catalog_visible":"","template_catalog_title":"","template_catalog_text":"","template_catalog_categories_visible":"","demo_title":"Crea tu widget de Google Maps","demo_caption":"\u00a1Configura tu Google Maps y a\u00f1\u00e1delo a tu sitio web Jimdo gratis!","default_faq_hidden":"","app_template_category":[],"platform":"2198","template_public_id":"","codecanyon_url":"","codecanyon_item_id":"","codecanyon_price":"","pricing_caption":"","pricing_elfsight_apps_hide_column":"","pricing_elfsight_apps_url":"","pricing_codecanyon_price_caption":"","integration_category":[],"integration_request_title":"","integration_request_cta":"","integration_platform":"","integrations":[],"platform_category":[],"video_schema_markup":"","price":"desde $0 \/ mes","trial":"","benefits":[{"text":"Servicio de instalaci\u00f3n gratuito"},{"text":"Atenci\u00f3n al cliente experimentada"},{"text":"Garant\u00eda de reembolso de 14 d\u00edas"},{"text":"Desarrollo continuo"}],"button_url":"#demo","button_target_blank":"","button_nofollow":"","attributes":[{"name":"Instalaciones","content":"100,000 - 500,000"},{"name":"Sensible","content":"S\u00ed"},{"name":"Navegadores compatibles","content":"Firefox, Safari, Opera, Chrome, Edge"}],"tags":[],"tags_disable_links":"","hide_more_platforms":"","video_object":"","demo_hide_cta":"","demo_hide_cloud_options":"","pricing_title":"","pricing":[{"pricing_icon":"platform","pricing_title":"Elfsight Apps","pricing_title_caption":"Soluci\u00f3n digital independiente de la plataforma que funciona en cualquier sitio","pricing_price":"desde $0 \/ mes","pricing_price_caption":"comienza con un plan gratuito","pricing_benefits":[{"text":"N\u00famero ilimitado de sitios web"},{"text":"Soporte premium"},{"text":"Servicio de instalaci\u00f3n gratuito"},{"text":"Dise\u00f1o flexible"}],"pricing_button_text":"A\u00f1adir al sitio web","pricing_button_url":"#demo"}],"related_apps_title":"","related_apps_hidden":"","author":"","image":[],"title":"","job":"","social_networks":[]},"_links":{"self":[{"href":"https:\/\/elfsight.com\/es\/wp-json\/wp\/v2\/pages\/6053","targetHints":{"allow":["GET"]}}],"collection":[{"href":"https:\/\/elfsight.com\/es\/wp-json\/wp\/v2\/pages"}],"about":[{"href":"https:\/\/elfsight.com\/es\/wp-json\/wp\/v2\/types\/page"}],"author":[{"embeddable":true,"href":"https:\/\/elfsight.com\/es\/wp-json\/wp\/v2\/users\/9"}],"replies":[{"embeddable":true,"href":"https:\/\/elfsight.com\/es\/wp-json\/wp\/v2\/comments?post=6053"}],"version-history":[{"count":2,"href":"https:\/\/elfsight.com\/es\/wp-json\/wp\/v2\/pages\/6053\/revisions"}],"predecessor-version":[{"id":19270,"href":"https:\/\/elfsight.com\/es\/wp-json\/wp\/v2\/pages\/6053\/revisions\/19270"}],"up":[{"embeddable":true,"href":"https:\/\/elfsight.com\/es\/wp-json\/wp\/v2\/pages\/1936"}],"wp:attachment":[{"href":"https:\/\/elfsight.com\/es\/wp-json\/wp\/v2\/media?parent=6053"}],"curies":[{"name":"wp","href":"https:\/\/api.w.org\/{rel}","templated":true}]}}