{"id":5978,"date":"1970-01-01T00:00:00","date_gmt":"1970-01-01T00:00:00","guid":{"rendered":"https:\/\/elfsight.com\/es\/?page_id=5978"},"modified":"2025-02-06T16:09:09","modified_gmt":"2025-02-06T16:09:09","slug":"wix","status":"publish","type":"page","link":"https:\/\/elfsight.com\/es\/twitter-feed-widget\/wix\/","title":{"rendered":"Twitter Feed &#8211; Wix"},"content":{"rendered":"<div class=\"application-platform-content-item-description application-platform-content-item\" id=\"description\" data-nav-section=\"description\"><h2>Descripci\u00f3n<\/h2><p>Con Elfsight Twitter Feed, es sorprendentemente f\u00e1cil colocar feeds de Twitter o Tweets recopilados en tu sitio Wix. Aumente la participaci\u00f3n de los visitantes y aumente la confianza de los clientes mostrando su l\u00ednea de tiempo de Twitter o publicando tweets de testimonios de clientes sobre sus productos o servicios. Las mejores ventajas del feed de Twitter de Elfsight para su sitio son plantillas predefinidas para todos los casos de uso posibles y diferentes par\u00e1metros junto con un dise\u00f1o adaptable.<\/p><p><b>Haga que su sitio web sea totalmente atractivo para los visitantes y confiable.<\/b><\/p><ul><li><b>Mantenga a los visitantes en la p\u00e1gina<\/b>.<br>Mantenga a su audiencia en su sitio web por m\u00e1s tiempo, involucr\u00e1ndolos con Tweets \u00fanicos sobre temas relacionados o involucr\u00e1ndolos en sus eventos promocionados en Twitter.<\/li><li><b>Obtenga m\u00e1s seguidores<\/b>.<br>El feed interactivo de Twitter de Elfsight permite a los clientes suscribirse a su cuenta directamente desde su sitio. Puedes utilizar otra fuente de seguidores y aumentar tu comunidad de Twitter.<\/li><li><b>Prueba social s\u00f3lida para una mayor confianza<\/b>.<br>Muestra tu perfil de Twitter fresco y entretenido para asegurar a los clientes que tu negocio est\u00e1 en funcionamiento y que est\u00e1s abierto a comunicarte y acercarte a tus clientes.<\/li><\/ul><\/div><div class=\"application-platform-content-item-features application-platform-content-item\" id=\"features\" data-nav-section=\"features\"><h2>Caracter\u00edsticas<\/h2><p>Lo m\u00e1s caracter\u00edsticas valiosas de nuestro widget, que lo convierten en la mejor aplicaci\u00f3n para agregar Twitter en un sitio web de Wix:<\/p><ul><li>Tipo de presentaci\u00f3n de feeds o testimonios;<\/li><li>Establecer el ancho del widget o hacerlo completo;<\/li><li>Buenos enlaces de vista previa en Tweets;<\/li><li>Apertura de Tweet al hacer clic en el s\u00edmbolo de Twitter;<\/li><li>Formato de texto del Tweet, visualizaci\u00f3n de contenido de fotos y videos.<\/li><\/ul><p><a href=\"#demo\">Pruebe con todos los detalles<\/a><\/p><\/div><div class=\"application-platform-content-item-installation application-platform-content-item\" id=\"installation\" data-nav-section=\"installation\"><h2>C\u00f3mo agregar Twitter Feed al sitio web de Wix<\/h2><div class=\"video-container\"><iframe width=\"720\" height=\"405\" src=\"https:\/\/www.youtube.com\/embed\/ybCzswnA5EA\" frameborder=\"0\"><\/iframe><\/div><p>Una instrucci\u00f3n r\u00e1pida sobre c\u00f3mo configurar el widget de Twitter usted mismo, sin conocimientos de desarrollo web ni b\u00fasqueda de un programador. El tiempo aproximado de instalaci\u00f3n es de aproximadamente 2 minutos.<\/p><ol><li><b>Crea tu aplicaci\u00f3n de Twitter personalizada.<\/b>.<br>Usando nuestro editor gratuito, un widget con la plantilla y las funciones deseadas.<\/li><li><b>Obt\u00e9n un c\u00f3digo para integrar la aplicaci\u00f3n.<\/b>.<br>Despu\u00e9s de la creaci\u00f3n del widget Obt\u00e9n un c\u00f3digo para el widget de Twitter desde la notificaci\u00f3n emergente en Elfsight Apps.<\/li><li><b>Revela la aplicaci\u00f3n en Wix sitio web.<\/b>.<br>Muestre el widget en el lugar requerido del sitio web y guarde los cambios.<\/li><li><b>\u00a1La integraci\u00f3n fue exitosa!<\/b>.<br>Ingrese a su sitio Wix para verificar su aplicaci\u00f3n.<\/li><\/ol><p>\u00bfTiene alg\u00fan problema al instalar o configurar la aplicaci\u00f3n? Consulte el <a href=\"https:\/\/elfsight.com\/tutorials\/how-to-add-twitter-feed-app-to-wix\/\" target=\"_blank\" rel=\"noopener noreferrer\">art\u00edculo detallado<\/a> o env\u00ede una consulta a nuestro Centro de soporte.<\/p><\/div><div class=\"faq\" data-component=\"FAQ\"><div class=\"faq-item\">\r\n\t\t\t\t\t<div class=\"faq-item-question\">\r\n\t\t\t\t\t\t<h3 class=\"faq-item-question-text\">\u00bfHay alguna manera de agregar Twitter Feed a mi sitio Wix sin conocimientos de codificaci\u00f3n?<\/h3>\r\n\r\n\t\t\t\t\t\t<div class=\"faq-item-question-icon\"><\/div>\r\n\t\t\t\t\t<\/div>\r\n\r\n\t\t\t\t\t<div class=\"faq-item-answer\">\r\n\t\t\t\t\t\t<div class=\"faq-item-answer-text\"><p>La compa\u00f1\u00eda Elfsight ofrece una soluci\u00f3n que permite a los propietarios de sitios crear una aplicaci\u00f3n Twitter Feed usted mismo, descubra los sencillos pasos:<\/p><ul><li>Vaya a la demostraci\u00f3n en vivo para crear una secci\u00f3n de Twitter Feed que le gustar\u00eda incluir en Wix.<\/li><li>Haga clic en una de las plantillas listas para usar y modifique la configuraci\u00f3n de Twitter Feed, transforme el dise\u00f1o y los colores, incluya su contenido sin codificaci\u00f3n.<\/li><li>Haz clic para guardar la configuraci\u00f3n que has realizado en Twitter Feed y obtener el c\u00f3digo del widget para la instalaci\u00f3n, que puedes incluir f\u00e1cilmente en el sitio Wix sin necesidad de comprar una suscripci\u00f3n paga.<\/li><\/ul><p>Utilizando el sencillo editor, cada usuario de Internet puede crear Twitter Feed en l\u00ednea y agregarlo sin esfuerzo al sitio web de Wix. No es necesario pagar ni revelar los datos de su tarjeta para ingresar a Elfsight Editor. Si encuentra alg\u00fan obst\u00e1culo de cualquier tipo, contin\u00fae y p\u00f3ngase en contacto con nuestro personal de soporte t\u00e9cnico.<\/p><\/div>\r\n\t\t\t\t\t<\/div>\r\n\t\t\t\t<\/div><\/div>","protected":false},"excerpt":{"rendered":"","protected":false},"author":9,"featured_media":0,"parent":1997,"menu_order":0,"comment_status":"closed","ping_status":"closed","template":"templates\/template-application-platform.php","meta":{"publish_to_discourse":"","publish_post_category":"","wpdc_auto_publish_overridden":"","wpdc_topic_tags":"","wpdc_pin_topic":"","wpdc_pin_until":"","discourse_post_id":"","discourse_permalink":"","wpdc_publishing_response":"","wpdc_publishing_error":"","footnotes":""},"class_list":["post-5978","page","type-page","status-publish","hentry"],"yoast_head":"<!-- This site is optimized with the Yoast SEO plugin v25.3.1 - https:\/\/yoast.com\/wordpress\/plugins\/seo\/ -->\n<title>Wix Twitter Feed - Agrega la aplicaci\u00f3n de Twitter al sitio web de Wix (en 2 minutos)<\/title>\n<meta name=\"description\" content=\"Obt\u00e9n tu aplicaci\u00f3n Twitter Feed personalizada para Wix en solo 2 minutos. Pruebe el panel m\u00e1s r\u00e1pido para la creaci\u00f3n de widgets de Elfsight de forma totalmente gratuita.\" \/>\n<meta name=\"robots\" content=\"index, follow, max-snippet:-1, max-image-preview:large, max-video-preview:-1\" \/>\n<link rel=\"canonical\" href=\"https:\/\/elfsight.com\/es\/twitter-feed-widget\/wix\/\" \/>\n<meta property=\"og:locale\" content=\"es_ES\" \/>\n<meta property=\"og:type\" content=\"article\" \/>\n<meta property=\"og:title\" content=\"Wix Twitter Feed - Agrega la aplicaci\u00f3n de Twitter al sitio web de Wix (en 2 minutos)\" \/>\n<meta property=\"og:description\" content=\"Obt\u00e9n tu aplicaci\u00f3n Twitter Feed personalizada para Wix en solo 2 minutos. Pruebe el panel m\u00e1s r\u00e1pido para la creaci\u00f3n de widgets de Elfsight de forma totalmente gratuita.\" \/>\n<meta property=\"og:url\" content=\"https:\/\/elfsight.com\/es\/twitter-feed-widget\/wix\/\" \/>\n<meta property=\"og:site_name\" content=\"Elfsight ES\" \/>\n<meta property=\"article:modified_time\" content=\"2025-02-06T16:09:09+00:00\" \/>\n<meta name=\"twitter:card\" content=\"summary_large_image\" \/>\n<meta name=\"twitter:label1\" content=\"Tiempo de lectura\" \/>\n\t<meta name=\"twitter:data1\" content=\"3 minutos\" \/>\n<!-- \/ Yoast SEO plugin. -->","yoast_head_json":{"title":"Wix Twitter Feed - Agrega la aplicaci\u00f3n de Twitter al sitio web de Wix (en 2 minutos)","description":"Obt\u00e9n tu aplicaci\u00f3n Twitter Feed personalizada para Wix en solo 2 minutos. Pruebe el panel m\u00e1s r\u00e1pido para la creaci\u00f3n de widgets de Elfsight de forma totalmente gratuita.","robots":{"index":"index","follow":"follow","max-snippet":"max-snippet:-1","max-image-preview":"max-image-preview:large","max-video-preview":"max-video-preview:-1"},"canonical":"https:\/\/elfsight.com\/es\/twitter-feed-widget\/wix\/","og_locale":"es_ES","og_type":"article","og_title":"Wix Twitter Feed - Agrega la aplicaci\u00f3n de Twitter al sitio web de Wix (en 2 minutos)","og_description":"Obt\u00e9n tu aplicaci\u00f3n Twitter Feed personalizada para Wix en solo 2 minutos. Pruebe el panel m\u00e1s r\u00e1pido para la creaci\u00f3n de widgets de Elfsight de forma totalmente gratuita.","og_url":"https:\/\/elfsight.com\/es\/twitter-feed-widget\/wix\/","og_site_name":"Elfsight ES","article_modified_time":"2025-02-06T16:09:09+00:00","twitter_card":"summary_large_image","twitter_misc":{"Tiempo de lectura":"3 minutos"},"schema":{"@context":"https:\/\/schema.org","@graph":[{"@type":"WebPage","@id":"https:\/\/elfsight.com\/es\/twitter-feed-widget\/wix\/","url":"https:\/\/elfsight.com\/es\/twitter-feed-widget\/wix\/","name":"Wix Twitter Feed - Agrega la aplicaci\u00f3n de Twitter al sitio web de Wix (en 2 minutos)","isPartOf":{"@id":"https:\/\/elfsight.com\/es\/#website"},"datePublished":"1970-01-01T00:00:00+00:00","dateModified":"2025-02-06T16:09:09+00:00","description":"Obt\u00e9n tu aplicaci\u00f3n Twitter Feed personalizada para Wix en solo 2 minutos. Pruebe el panel m\u00e1s r\u00e1pido para la creaci\u00f3n de widgets de Elfsight de forma totalmente gratuita.","breadcrumb":{"@id":"https:\/\/elfsight.com\/es\/twitter-feed-widget\/wix\/#breadcrumb"},"inLanguage":"es","potentialAction":[{"@type":"ReadAction","target":["https:\/\/elfsight.com\/es\/twitter-feed-widget\/wix\/"]}]},{"@type":"BreadcrumbList","@id":"https:\/\/elfsight.com\/es\/twitter-feed-widget\/wix\/#breadcrumb","itemListElement":[{"@type":"ListItem","position":1,"name":"Home","item":"https:\/\/elfsight.com\/es\/"},{"@type":"ListItem","position":2,"name":"Twitter Feed","item":"https:\/\/elfsight.com\/es\/twitter-feed-widget\/"},{"@type":"ListItem","position":3,"name":"Twitter Feed &#8211; Wix"}]},{"@type":"WebSite","@id":"https:\/\/elfsight.com\/es\/#website","url":"https:\/\/elfsight.com\/es\/","name":"Elfsight ES","description":"Just another Elfsight Sites site","potentialAction":[{"@type":"SearchAction","target":{"@type":"EntryPoint","urlTemplate":"https:\/\/elfsight.com\/es\/?s={search_term_string}"},"query-input":{"@type":"PropertyValueSpecification","valueRequired":true,"valueName":"search_term_string"}}],"inLanguage":"es"}]}},"meta_box":{"industry":"","seo_heading":"","heading":"","description":"","cta_heading":"","cta_description":"","application":"1996","h1":"Aplicaci\u00f3n Wix Twitter Feed","h1_caption":"Inserta tweets desde tu cuenta de Twitter o mediante hashtag para mantener a tus visitantes actualizados con contenido en tiempo real en tu sitio web Wix sin esfuerzo.","application_category":[],"applications_title":"","applications_request_title":"","applications_request_button_text":"","hero_text":"","hero_video":"","hero_video_schema_markup":"","selling_points_title":"","selling_points_caption":"","selling_points":[],"selling_points_cta_text":"","features_title":"","features":"","ed_cta_examples_text":"","ed_cta_examples_hidden":"","ed_cta_demo_text":"","ed_cta_demo_hidden":"","why_caption":"","why_editor_title":"","why_editor_text":"","why_team_title":"","why_team_text":"","why_service_title":"","why_service_text":"","template_catalog_visible":"","template_catalog_title":"","template_catalog_text":"","template_catalog_categories_visible":"","demo_title":"Crea tu aplicaci\u00f3n Twitter Feed","demo_caption":"\u00a1Configura tu feed de Twitter y agr\u00e9galo a tu sitio web Wix gratis!","default_faq_hidden":"","app_template_category":[],"platform":"112","template_public_id":"","codecanyon_url":"","codecanyon_item_id":"","codecanyon_price":"","pricing_caption":"","pricing_elfsight_apps_hide_column":"","pricing_elfsight_apps_url":"","pricing_codecanyon_price_caption":"","integration_category":[],"integration_request_title":"","integration_request_cta":"","integration_platform":"","integrations":[],"platform_category":[],"video_schema_markup":"","price":"desde $0 \/ mes","trial":"","benefits":[{"text":"Servicio de instalaci\u00f3n gratuito"},{"text":"Soporte excepcional"},{"text":"Garant\u00eda de devoluci\u00f3n de dinero de 14 d\u00edas"},{"text":"Mejoras peri\u00f3dicas"}],"button_url":"#demo","button_target_blank":"","button_nofollow":"","attributes":[{"name":"Instalaciones","content":"10,000 - 100,000"},{"name":"Sensible","content":"S\u00ed"},{"name":"Navegadores compatibles","content":"Firefox, Safari, Opera, Chrome, Edge"}],"tags":[],"tags_disable_links":"","hide_more_platforms":"","video_object":"","demo_hide_cta":"","demo_hide_cloud_options":"","pricing_title":"","pricing":[{"pricing_icon":"platform","pricing_title":"Wix app","pricing_title_caption":"Soluci\u00f3n multiplataforma que funciona en cualquier sitio web","pricing_price":"desde $0 \/ mes","pricing_price_caption":"comienza con el plan gratuito","pricing_benefits":[{"text":"N\u00famero ilimitado de dominios"},{"text":"Atenci\u00f3n al cliente profesional"},{"text":"Asistencia de instalaci\u00f3n gratuita"},{"text":"Oferta especial para m\u00faltiples aplicaciones."}],"pricing_button_text":"A\u00f1adir al sitio web","pricing_button_url":"#demo"}],"related_apps_title":"","related_apps_hidden":"","author":"","image":[],"title":"","job":"","social_networks":[]},"_links":{"self":[{"href":"https:\/\/elfsight.com\/es\/wp-json\/wp\/v2\/pages\/5978","targetHints":{"allow":["GET"]}}],"collection":[{"href":"https:\/\/elfsight.com\/es\/wp-json\/wp\/v2\/pages"}],"about":[{"href":"https:\/\/elfsight.com\/es\/wp-json\/wp\/v2\/types\/page"}],"author":[{"embeddable":true,"href":"https:\/\/elfsight.com\/es\/wp-json\/wp\/v2\/users\/9"}],"replies":[{"embeddable":true,"href":"https:\/\/elfsight.com\/es\/wp-json\/wp\/v2\/comments?post=5978"}],"version-history":[{"count":2,"href":"https:\/\/elfsight.com\/es\/wp-json\/wp\/v2\/pages\/5978\/revisions"}],"predecessor-version":[{"id":19274,"href":"https:\/\/elfsight.com\/es\/wp-json\/wp\/v2\/pages\/5978\/revisions\/19274"}],"up":[{"embeddable":true,"href":"https:\/\/elfsight.com\/es\/wp-json\/wp\/v2\/pages\/1997"}],"wp:attachment":[{"href":"https:\/\/elfsight.com\/es\/wp-json\/wp\/v2\/media?parent=5978"}],"curies":[{"name":"wp","href":"https:\/\/api.w.org\/{rel}","templated":true}]}}