{"id":5973,"date":"1970-01-01T00:00:00","date_gmt":"1970-01-01T00:00:00","guid":{"rendered":"https:\/\/elfsight.com\/es\/?page_id=5973"},"modified":"2025-02-06T16:09:16","modified_gmt":"2025-02-06T16:09:16","slug":"weebly","status":"publish","type":"page","link":"https:\/\/elfsight.com\/es\/twitter-feed-widget\/weebly\/","title":{"rendered":"Twitter Feed &#8211; Weebly"},"content":{"rendered":"<div class=\"application-platform-content-item-description application-platform-content-item\" id=\"description\" data-nav-section=\"description\"><h2>Descripci\u00f3n<\/h2><p>Con la ayuda de Elfsight Twitter Feed, es muy sencillo insertar feeds de Twitter o Tweets seleccionados en un sitio Weebly. Aumente la actividad de los usuarios y aumente la confianza de los clientes en su empresa, revelando su l\u00ednea de tiempo de Twitter o mostrando los Tweets de testimonios de los usuarios sobre sus productos o servicios. Los beneficios m\u00e1s valiosos de Elfsight Twitter para un sitio web son plantillas predefinidas para cualquier caso de uso y opciones de configuraci\u00f3n variadas junto con un dise\u00f1o adaptable.<\/p><p><b>Eleve el nivel de participaci\u00f3n de su sitio y h\u00e1galo cre\u00edble para sus visitantes<\/b><\/p><ul><li><b>Aumente la tasa de participaci\u00f3n<\/b>.<br>Coloque contenido animado y fresco de una de las redes sociales m\u00e1s utilizadas en su sitio para atraer la atenci\u00f3n de los clientes. Aumente el nivel de actividad en su sitio.<\/li><li><b>Promocione su Twitter y su sitio web al mismo tiempo<\/b>.<br>Su sitio web es otra forma de promocionar su cuenta de Twitter, gracias a los retweets y las respuestas respaldadas desde el feed; mientras que una mayor participaci\u00f3n y prueba social en el sitio contribuye a mejores resultados de SEO.<\/li><li><b>Aumenta la confianza de los clientes mediante tweets de testimonios<\/b>.<br>Toma los mejores testimonios de clientes sobre tu empresa de Twitter y pres\u00e9ntalos en tu sitio para aumentar la confianza de los clientes y hacer que tus productos y servicios parezcan irresistibles para tus usuarios.<\/li><\/ul><\/div><div class=\"application-platform-content-item-features application-platform-content-item\" id=\"features\" data-nav-section=\"features\"><h2>Caracter\u00edsticas<\/h2><p>\u00bfPor qu\u00e9 nuestra aplicaci\u00f3n es el mejor widget Weebly de alta calidad? Vea nuestras caracter\u00edsticas principales:<\/p><ul><li>Crea un feed con Tweets testimoniales sobre tu negocio;<\/li><li>Elige un dise\u00f1o de encabezado completo o compacto;<\/li><li>Copia el enlace de los Tweets;<\/li><li>L\u00edmite de visualizaci\u00f3n de Tweets en el feed;<\/li><li>Establece un color de tema personalizado para el widget.<\/li><\/ul><p><a href=\"#demo\">Prueba m\u00e1s funciones de forma gratuita demostraci\u00f3n<\/a><\/p><\/div><div class=\"application-platform-content-item-installation application-platform-content-item\" id=\"installation\" data-nav-section=\"installation\"><h2>C\u00f3mo agregar Twitter Feed al sitio web Weebly<\/h2><div class=\"video-container\"><iframe width=\"720\" height=\"405\" src=\"https:\/\/www.youtube.com\/embed\/04ECDy9Ii88\" frameborder=\"0\"><\/iframe><\/div><p>Nuestra aplicaci\u00f3n es la m\u00e1s sencilla de configurar y no requerir\u00e1 conocimientos de programaci\u00f3n para realizarla. S\u00f3lo necesitar\u00e1s 2 minutos para completar las instrucciones.<\/p><ol><li><b>Utiliza nuestra demostraci\u00f3n gratuita y comienza a crear tu propia aplicaci\u00f3n. <\/b><br> Determine el dise\u00f1o adecuado y las caracter\u00edsticas funcionales de la aplicaci\u00f3n y aplique todas las correcciones. <\/li> <li><b>Copia tu c\u00f3digo \u00fanico que aparece en el formulario especial en Elfsight Apps. <\/b><br> Una vez completada la generaci\u00f3n de su aplicaci\u00f3n, copie el c\u00f3digo individual en la ventana que aparece y gu\u00e1rdelo para usarlo en el futuro. <\/li> <li><b>Comenzar a utilizar la aplicaci\u00f3n en el sitio Weebly. <\/b><br>Implemente el c\u00f3digo copiado anteriormente en su sitio web y guarde las modificaciones. <\/li> <li><b>La configuraci\u00f3n se ha realizado por completo. <\/b><br>Visite su sitio para revisar el funcionamiento de la aplicaci\u00f3n. <\/li><\/ol><p>\u00bfTiene alg\u00fan problema al integrar o personalizar su aplicaci\u00f3n? Env\u00ede un mensaje a nuestro soporte o consulte para leer una <a href=\"https:\/\/elfsight.com\/tutorials\/how-to-add-twitter-feed-app-to-weebly\/\" target=\"_blank\" rel=\"noopener noreferrer\">instrucciones completas<\/a>.<\/p><\/div><div class=\"faq\" data-component=\"FAQ\"><div class=\"faq-item\">\r\n\t\t\t\t\t<div class=\"faq-item-question\">\r\n\t\t\t\t\t\t<h3 class=\"faq-item-question-text\">\u00bfC\u00f3mo puedo agregar Twitter Feed a mi Weebly sin conocimientos de codificaci\u00f3n?<\/h3>\r\n\r\n\t\t\t\t\t\t<div class=\"faq-item-question-icon\"><\/div>\r\n\t\t\t\t\t<\/div>\r\n\r\n\t\t\t\t\t<div class=\"faq-item-answer\">\r\n\t\t\t\t\t\t<div class=\"faq-item-answer-text\"><p>La empresa Elfsight proporciona una soluci\u00f3n que le permite establecer un complemento de Twitter Feed usted mismo, consulte la gu\u00eda sencilla:<\/p><ul><li>Comience a trabajar directamente en la demostraci\u00f3n en vivo para crear una aplicaci\u00f3n de Twitter Feed que le gustar\u00eda que aparezca en la p\u00e1gina de inicio de Weebly.<\/li><li>Decida entre una de las plantillas predise\u00f1adas y modifique la configuraci\u00f3n de Twitter Feed, cambie el dise\u00f1o y la combinaci\u00f3n de colores, incluya su contenido sin codificaci\u00f3n conocimiento.<\/li><li>Guarde el feed de Twitter y copie el c\u00f3digo de instalaci\u00f3n del complemento, que se puede agregar sin esfuerzo en la p\u00e1gina de inicio de Weebly sin comprar una suscripci\u00f3n paga.<\/li><\/ul><p>Con nuestro editor f\u00e1cil de usar, cada usuario web puede crear un widget de feed de Twitter y simplemente incluirlo en su sitio web Weebly. No es necesario pagar ni enviar los datos de tu tarjeta para poder ingresar al servicio. Si encuentra alg\u00fan problema de cualquier tipo, no dude en hablar con nuestro personal de soporte.<\/p><\/div>\r\n\t\t\t\t\t<\/div>\r\n\t\t\t\t<\/div><\/div>","protected":false},"excerpt":{"rendered":"","protected":false},"author":9,"featured_media":0,"parent":1997,"menu_order":0,"comment_status":"closed","ping_status":"closed","template":"templates\/template-application-platform.php","meta":{"publish_to_discourse":"","publish_post_category":"","wpdc_auto_publish_overridden":"","wpdc_topic_tags":"","wpdc_pin_topic":"","wpdc_pin_until":"","discourse_post_id":"","discourse_permalink":"","wpdc_publishing_response":"","wpdc_publishing_error":"","footnotes":""},"class_list":["post-5973","page","type-page","status-publish","hentry"],"yoast_head":"<!-- This site is optimized with the Yoast SEO plugin v25.3.1 - https:\/\/yoast.com\/wordpress\/plugins\/seo\/ -->\n<title>El mejor widget de Twitter para el sitio web Weebly (2025)<\/title>\n<meta name=\"description\" content=\"Pruebe el mejor widget de Twitter para Weebly de forma gratuita. Una instalaci\u00f3n sencilla y r\u00e1pida sin experiencia en desarrollo web en tan solo 3 minutos.\" \/>\n<meta name=\"robots\" content=\"index, follow, max-snippet:-1, max-image-preview:large, max-video-preview:-1\" \/>\n<link rel=\"canonical\" href=\"https:\/\/elfsight.com\/es\/twitter-feed-widget\/weebly\/\" \/>\n<meta property=\"og:locale\" content=\"es_ES\" \/>\n<meta property=\"og:type\" content=\"article\" \/>\n<meta property=\"og:title\" content=\"El mejor widget de Twitter para el sitio web Weebly (2025)\" \/>\n<meta property=\"og:description\" content=\"Pruebe el mejor widget de Twitter para Weebly de forma gratuita. Una instalaci\u00f3n sencilla y r\u00e1pida sin experiencia en desarrollo web en tan solo 3 minutos.\" \/>\n<meta property=\"og:url\" content=\"https:\/\/elfsight.com\/es\/twitter-feed-widget\/weebly\/\" \/>\n<meta property=\"og:site_name\" content=\"Elfsight ES\" \/>\n<meta property=\"article:modified_time\" content=\"2025-02-06T16:09:16+00:00\" \/>\n<meta name=\"twitter:card\" content=\"summary_large_image\" \/>\n<meta name=\"twitter:label1\" content=\"Tiempo de lectura\" \/>\n\t<meta name=\"twitter:data1\" content=\"3 minutos\" \/>\n<!-- \/ Yoast SEO plugin. -->","yoast_head_json":{"title":"El mejor widget de Twitter para el sitio web Weebly (2025)","description":"Pruebe el mejor widget de Twitter para Weebly de forma gratuita. Una instalaci\u00f3n sencilla y r\u00e1pida sin experiencia en desarrollo web en tan solo 3 minutos.","robots":{"index":"index","follow":"follow","max-snippet":"max-snippet:-1","max-image-preview":"max-image-preview:large","max-video-preview":"max-video-preview:-1"},"canonical":"https:\/\/elfsight.com\/es\/twitter-feed-widget\/weebly\/","og_locale":"es_ES","og_type":"article","og_title":"El mejor widget de Twitter para el sitio web Weebly (2025)","og_description":"Pruebe el mejor widget de Twitter para Weebly de forma gratuita. Una instalaci\u00f3n sencilla y r\u00e1pida sin experiencia en desarrollo web en tan solo 3 minutos.","og_url":"https:\/\/elfsight.com\/es\/twitter-feed-widget\/weebly\/","og_site_name":"Elfsight ES","article_modified_time":"2025-02-06T16:09:16+00:00","twitter_card":"summary_large_image","twitter_misc":{"Tiempo de lectura":"3 minutos"},"schema":{"@context":"https:\/\/schema.org","@graph":[{"@type":"WebPage","@id":"https:\/\/elfsight.com\/es\/twitter-feed-widget\/weebly\/","url":"https:\/\/elfsight.com\/es\/twitter-feed-widget\/weebly\/","name":"El mejor widget de Twitter para el sitio web Weebly (2025)","isPartOf":{"@id":"https:\/\/elfsight.com\/es\/#website"},"datePublished":"1970-01-01T00:00:00+00:00","dateModified":"2025-02-06T16:09:16+00:00","description":"Pruebe el mejor widget de Twitter para Weebly de forma gratuita. Una instalaci\u00f3n sencilla y r\u00e1pida sin experiencia en desarrollo web en tan solo 3 minutos.","breadcrumb":{"@id":"https:\/\/elfsight.com\/es\/twitter-feed-widget\/weebly\/#breadcrumb"},"inLanguage":"es","potentialAction":[{"@type":"ReadAction","target":["https:\/\/elfsight.com\/es\/twitter-feed-widget\/weebly\/"]}]},{"@type":"BreadcrumbList","@id":"https:\/\/elfsight.com\/es\/twitter-feed-widget\/weebly\/#breadcrumb","itemListElement":[{"@type":"ListItem","position":1,"name":"Home","item":"https:\/\/elfsight.com\/es\/"},{"@type":"ListItem","position":2,"name":"Twitter Feed","item":"https:\/\/elfsight.com\/es\/twitter-feed-widget\/"},{"@type":"ListItem","position":3,"name":"Twitter Feed &#8211; Weebly"}]},{"@type":"WebSite","@id":"https:\/\/elfsight.com\/es\/#website","url":"https:\/\/elfsight.com\/es\/","name":"Elfsight ES","description":"Just another Elfsight Sites site","potentialAction":[{"@type":"SearchAction","target":{"@type":"EntryPoint","urlTemplate":"https:\/\/elfsight.com\/es\/?s={search_term_string}"},"query-input":{"@type":"PropertyValueSpecification","valueRequired":true,"valueName":"search_term_string"}}],"inLanguage":"es"}]}},"meta_box":{"industry":"","seo_heading":"","heading":"","description":"","cta_heading":"","cta_description":"","application":"1996","h1":"Aplicaci\u00f3n Weebly Twitter Feed","h1_caption":"Inserte tweets desde su cuenta de Twitter o mediante hashtag para mantener a sus visitantes actualizados con contenido en tiempo real en su sitio web Weebly sin esfuerzo.","application_category":[],"applications_title":"","applications_request_title":"","applications_request_button_text":"","hero_text":"","hero_video":"","hero_video_schema_markup":"","selling_points_title":"","selling_points_caption":"","selling_points":[],"selling_points_cta_text":"","features_title":"","features":"","ed_cta_examples_text":"","ed_cta_examples_hidden":"","ed_cta_demo_text":"","ed_cta_demo_hidden":"","why_caption":"","why_editor_title":"","why_editor_text":"","why_team_title":"","why_team_text":"","why_service_title":"","why_service_text":"","template_catalog_visible":"0","template_catalog_title":"","template_catalog_text":"","template_catalog_categories_visible":"","demo_title":"Crea tu aplicaci\u00f3n Twitter Feed","demo_caption":"\u00a1Configure su feed de Twitter y agr\u00e9guelo a su sitio web Weebly de forma gratuita!","default_faq_hidden":"","app_template_category":[],"platform":"109","template_public_id":"","codecanyon_url":"","codecanyon_item_id":"","codecanyon_price":"","pricing_caption":"","pricing_elfsight_apps_hide_column":"","pricing_elfsight_apps_url":"","pricing_codecanyon_price_caption":"","integration_category":[],"integration_request_title":"","integration_request_cta":"","integration_platform":"","integrations":[],"platform_category":[],"video_schema_markup":"","price":"desde $0 \/ mes","trial":"","benefits":[{"text":"Asistencia de instalaci\u00f3n gratuita"},{"text":"Atenci\u00f3n al cliente experimentada"},{"text":"Garant\u00eda de reembolso de 14 d\u00edas"},{"text":"Mejoras peri\u00f3dicas"}],"button_url":"#demo","button_target_blank":"0","button_nofollow":"0","attributes":[{"name":"Instalaciones","content":"10,000 - 100,000"},{"name":"Sensible","content":"S\u00ed"},{"name":"Navegadores compatibles","content":"Firefox, Safari, Opera, Chrome, Edge"}],"tags":[],"tags_disable_links":"0","hide_more_platforms":"","video_object":"","demo_hide_cta":"0","demo_hide_cloud_options":"0","pricing_title":"","pricing":[{"pricing_icon":"cloud","pricing_title":"Elfsight Apps","pricing_title_caption":"Versi\u00f3n multiplataforma","pricing_price":"desde $0 \/ mes","pricing_price_caption":"comienza con el plan gratuito","pricing_benefits":[{"text":"Dominios ilimitados"},{"text":"Soporte profesional de la empresa"},{"text":"Asistencia de instalaci\u00f3n gratuita"},{"text":"Precio especial para m\u00faltiples aplicaciones"}],"pricing_button_text":"A\u00f1adir al sitio web","pricing_button_url":"#demo"}],"related_apps_title":"","related_apps_hidden":"0","author":"","image":[],"title":"","job":"","social_networks":[]},"_links":{"self":[{"href":"https:\/\/elfsight.com\/es\/wp-json\/wp\/v2\/pages\/5973","targetHints":{"allow":["GET"]}}],"collection":[{"href":"https:\/\/elfsight.com\/es\/wp-json\/wp\/v2\/pages"}],"about":[{"href":"https:\/\/elfsight.com\/es\/wp-json\/wp\/v2\/types\/page"}],"author":[{"embeddable":true,"href":"https:\/\/elfsight.com\/es\/wp-json\/wp\/v2\/users\/9"}],"replies":[{"embeddable":true,"href":"https:\/\/elfsight.com\/es\/wp-json\/wp\/v2\/comments?post=5973"}],"version-history":[{"count":2,"href":"https:\/\/elfsight.com\/es\/wp-json\/wp\/v2\/pages\/5973\/revisions"}],"predecessor-version":[{"id":19275,"href":"https:\/\/elfsight.com\/es\/wp-json\/wp\/v2\/pages\/5973\/revisions\/19275"}],"up":[{"embeddable":true,"href":"https:\/\/elfsight.com\/es\/wp-json\/wp\/v2\/pages\/1997"}],"wp:attachment":[{"href":"https:\/\/elfsight.com\/es\/wp-json\/wp\/v2\/media?parent=5973"}],"curies":[{"name":"wp","href":"https:\/\/api.w.org\/{rel}","templated":true}]}}