{"id":5972,"date":"1970-01-01T00:00:00","date_gmt":"1970-01-01T00:00:00","guid":{"rendered":"https:\/\/elfsight.com\/es\/?page_id=5972"},"modified":"2025-02-06T16:09:16","modified_gmt":"2025-02-06T16:09:16","slug":"webnode","status":"publish","type":"page","link":"https:\/\/elfsight.com\/es\/twitter-feed-widget\/webnode\/","title":{"rendered":"Twitter Feed &#8211; Webnode"},"content":{"rendered":"<div class=\"application-platform-content-item-description application-platform-content-item\" id=\"description\" data-nav-section=\"description\"><h2>Descripci\u00f3n<\/h2><p>Con el widget de Twitter de Elfsight, le resultar\u00e1 muy f\u00e1cil agregar feeds de Twitter o Tweets individuales en su sitio web Webnode. Mejore la participaci\u00f3n de los visitantes y obtenga una mayor confianza del cliente con la ayuda de agregar una l\u00ednea de tiempo de Twitter o presumir de los mejores Tweets con testimonios de clientes sobre sus ofertas. Los beneficios m\u00e1s valiosos de Elfsight Twitter para un sitio web son plantillas listas para usar para todos los casos de uso y diversas opciones de configuraci\u00f3n junto con un dise\u00f1o ajustable.<\/p><p><b>Aumenta el nivel de participaci\u00f3n de tu sitio y hazlo confiable para tu audiencia<\/b><\/p><ul><li><b>Mant\u00e9n a los clientes en el sitio web por m\u00e1s tiempo<\/b>.<br>Haz que tus usuarios permanezcan en tu sitio por m\u00e1s tiempo, involucr\u00e1ndolos con Tweets separados sobre temas relacionados o involucr\u00e1ndolos en tu promoci\u00f3n promocionada en Twitter actividades.<\/li><li><b>Tener m\u00e1s seguidores<\/b>.<br>El feed interactivo de Twitter de Elfsight permite a los clientes seguir su cuenta sin salir de su sitio. Tenga otra fuente de seguidores y haga crecer su comunidad de Twitter.<\/li><li><b>Mejore la confianza en su empresa utilizando tweets de testimonios<\/b>.<br>Elija los mejores testimonios de clientes sobre su empresa en Twitter y mu\u00e9strelos en su sitio para aumentar la confianza del cliente y hacer que sus art\u00edculos parezcan irresistibles para su audiencia.<\/li><\/ul><p><\/div><\/p><div class=\"application-platform-content-item-features application-platform-content-item\" id=\"features\" data-nav-section=\"features\"><\/p><h2>Caracter\u00edsticas<\/h2><p>\u00bfQu\u00e9 caracter\u00edsticas convierten el widget de Elfsight en el mejor para cada sitio web de Webnode? Vea sus innovadoras ventajas:<\/p><ul><li>Crea un feed con Tweets testimoniales sobre tu negocio;<\/li><li>Establece el ancho del widget o hazlo ancho completo;<\/li><li>Copia el enlace de Tweets;<\/li><li>Apertura del Tweet al hacer clic en el s\u00edmbolo de Twitter;<\/li><li>Recuento de seguidores y seguidores en el encabezado.<\/li><\/ul><p><a href=\"#demo\">Pruebe todas las caracter\u00edsticas de nuestro editor<\/a><\/p><p><\/div><div class=\"application-platform-content-item-installation application-platform-content-item\" id=\"installation\" data-nav-section=\"installation\"><h2>C\u00f3mo agregar Twitter Feed al sitio web de Webnode<\/h2><p>Consulta nuestro tutorial expr\u00e9s sobre integraci\u00f3n y dise\u00f1o del widget. El proceso de instalaci\u00f3n requerir\u00e1 s\u00f3lo unos 90 segundos y no es necesario tener conocimientos de programaci\u00f3n.<\/p><ol><li><b>Construya su widget personal de Twitter<\/b>.<br>Con la ayuda de nuestro configurador gratuito, cree un widget con el dise\u00f1o y las capacidades requeridas.<\/li><li><b>Adquiera un c\u00f3digo para mostrar el widget<\/b>.<br>Despu\u00e9s de configurar el widget, obtenga un c\u00f3digo para Twitter Feed desde la ventana que aparece en Elfsight Apps.<\/li><li><b>Mostrar el widget en su sitio web Webnode<\/b>.<br>Coloque el widget en el lugar necesario de la p\u00e1gina y aplique las ediciones.<\/li><li><b>Realiz\u00f3 con \u00e9xito la instalaci\u00f3n<\/b>.<br>Ingrese a su sitio Webnode para verificar su widget.<\/li><\/ol><p>\u00bfTiene problemas al aplicar las instrucciones? Env\u00ede un mensaje al equipo de soporte de Elfsight o estudie la <a href=\"https:\/\/elfsight.com\/tutorials\/how-to-add-twitter-feed-widget-to-webnode\/\" target=\"_blank\" rel=\"noopener noreferrer\">variante completa<\/a> del manual y complete la instalaci\u00f3n usted mismo.<\/p><\/div><div class=\"faq\" data-component=\"FAQ\"><div class=\"faq-item\">\r\n\t\t\t\t\t<div class=\"faq-item-question\">\r\n\t\t\t\t\t\t<h3 class=\"faq-item-question-text\">\u00bfDe qu\u00e9 manera puedo agregar Twitter Feed a mi p\u00e1gina web Webnode sin experiencia en codificaci\u00f3n?<\/h3>\r\n\r\n\t\t\t\t\t\t<div class=\"faq-item-question-icon\"><\/div>\r\n\t\t\t\t\t<\/div>\r\n\r\n\t\t\t\t\t<div class=\"faq-item-answer\">\r\n\t\t\t\t\t\t<div class=\"faq-item-answer-text\"><p>La empresa Elfsight ofrece una soluci\u00f3n SaaS que le permite crear una aplicaci\u00f3n Twitter Feed usted mismo. Consulte las sencillas instrucciones:<\/p><ul><li>Trabaja directamente en la demostraci\u00f3n en l\u00ednea para establecer un widget de Twitter Feed que te gustar\u00eda agregar en Webnode.<\/li><li>Selecciona una de nuestras plantillas predise\u00f1adas y adapte la configuraci\u00f3n de Twitter Feed, actualice su contenido, cambie el dise\u00f1o y los colores sin conocimientos de codificaci\u00f3n.<\/li><li>Haga clic para guardar el Twitter Feed y copie el c\u00f3digo para incrustarlo, que puede incrustar f\u00e1cilmente en su sitio web Webnode sin comprar una versi\u00f3n paga.<\/li><\/ul><p>Con el Configurador f\u00e1cil de usar, cada usuario web puede crear el complemento Twitter Feed y pegarlo f\u00e1cilmente en la p\u00e1gina web de Webnode. No debe pagar ni enviar las credenciales de su tarjeta para ingresar al servicio de Elfsight. Si tiene alg\u00fan problema de cualquier tipo, no dude en hablar con nuestro equipo de soporte t\u00e9cnico.<\/p><\/div>\r\n\t\t\t\t\t<\/div>\r\n\t\t\t\t<\/div><\/div>","protected":false},"excerpt":{"rendered":"","protected":false},"author":9,"featured_media":0,"parent":1997,"menu_order":0,"comment_status":"closed","ping_status":"closed","template":"templates\/template-application-platform.php","meta":{"publish_to_discourse":"","publish_post_category":"","wpdc_auto_publish_overridden":"","wpdc_topic_tags":"","wpdc_pin_topic":"","wpdc_pin_until":"","discourse_post_id":"","discourse_permalink":"","wpdc_publishing_response":"","wpdc_publishing_error":"","footnotes":""},"class_list":["post-5972","page","type-page","status-publish","hentry"],"yoast_head":"<!-- This site is optimized with the Yoast SEO plugin v25.3.1 - https:\/\/yoast.com\/wordpress\/plugins\/seo\/ -->\n<title>El mejor widget de Twitter para el sitio web Webnode (2025)<\/title>\n<meta name=\"description\" content=\"Crea tu widget de Twitter Feed personalizado para Webnode en s\u00f3lo 90 segundos. Vea una demostraci\u00f3n de Elfsight totalmente gratuita para crear widgets de forma m\u00e1s sencilla.\" \/>\n<meta name=\"robots\" content=\"index, follow, max-snippet:-1, max-image-preview:large, max-video-preview:-1\" \/>\n<link rel=\"canonical\" href=\"https:\/\/elfsight.com\/es\/twitter-feed-widget\/webnode\/\" \/>\n<meta property=\"og:locale\" content=\"es_ES\" \/>\n<meta property=\"og:type\" content=\"article\" \/>\n<meta property=\"og:title\" content=\"El mejor widget de Twitter para el sitio web Webnode (2025)\" \/>\n<meta property=\"og:description\" content=\"Crea tu widget de Twitter Feed personalizado para Webnode en s\u00f3lo 90 segundos. Vea una demostraci\u00f3n de Elfsight totalmente gratuita para crear widgets de forma m\u00e1s sencilla.\" \/>\n<meta property=\"og:url\" content=\"https:\/\/elfsight.com\/es\/twitter-feed-widget\/webnode\/\" \/>\n<meta property=\"og:site_name\" content=\"Elfsight ES\" \/>\n<meta property=\"article:modified_time\" content=\"2025-02-06T16:09:16+00:00\" \/>\n<meta name=\"twitter:card\" content=\"summary_large_image\" \/>\n<meta name=\"twitter:label1\" content=\"Tiempo de lectura\" \/>\n\t<meta name=\"twitter:data1\" content=\"3 minutos\" \/>\n<!-- \/ Yoast SEO plugin. -->","yoast_head_json":{"title":"El mejor widget de Twitter para el sitio web Webnode (2025)","description":"Crea tu widget de Twitter Feed personalizado para Webnode en s\u00f3lo 90 segundos. Vea una demostraci\u00f3n de Elfsight totalmente gratuita para crear widgets de forma m\u00e1s sencilla.","robots":{"index":"index","follow":"follow","max-snippet":"max-snippet:-1","max-image-preview":"max-image-preview:large","max-video-preview":"max-video-preview:-1"},"canonical":"https:\/\/elfsight.com\/es\/twitter-feed-widget\/webnode\/","og_locale":"es_ES","og_type":"article","og_title":"El mejor widget de Twitter para el sitio web Webnode (2025)","og_description":"Crea tu widget de Twitter Feed personalizado para Webnode en s\u00f3lo 90 segundos. Vea una demostraci\u00f3n de Elfsight totalmente gratuita para crear widgets de forma m\u00e1s sencilla.","og_url":"https:\/\/elfsight.com\/es\/twitter-feed-widget\/webnode\/","og_site_name":"Elfsight ES","article_modified_time":"2025-02-06T16:09:16+00:00","twitter_card":"summary_large_image","twitter_misc":{"Tiempo de lectura":"3 minutos"},"schema":{"@context":"https:\/\/schema.org","@graph":[{"@type":"WebPage","@id":"https:\/\/elfsight.com\/es\/twitter-feed-widget\/webnode\/","url":"https:\/\/elfsight.com\/es\/twitter-feed-widget\/webnode\/","name":"El mejor widget de Twitter para el sitio web Webnode (2025)","isPartOf":{"@id":"https:\/\/elfsight.com\/es\/#website"},"datePublished":"1970-01-01T00:00:00+00:00","dateModified":"2025-02-06T16:09:16+00:00","description":"Crea tu widget de Twitter Feed personalizado para Webnode en s\u00f3lo 90 segundos. Vea una demostraci\u00f3n de Elfsight totalmente gratuita para crear widgets de forma m\u00e1s sencilla.","breadcrumb":{"@id":"https:\/\/elfsight.com\/es\/twitter-feed-widget\/webnode\/#breadcrumb"},"inLanguage":"es","potentialAction":[{"@type":"ReadAction","target":["https:\/\/elfsight.com\/es\/twitter-feed-widget\/webnode\/"]}]},{"@type":"BreadcrumbList","@id":"https:\/\/elfsight.com\/es\/twitter-feed-widget\/webnode\/#breadcrumb","itemListElement":[{"@type":"ListItem","position":1,"name":"Home","item":"https:\/\/elfsight.com\/es\/"},{"@type":"ListItem","position":2,"name":"Twitter Feed","item":"https:\/\/elfsight.com\/es\/twitter-feed-widget\/"},{"@type":"ListItem","position":3,"name":"Twitter Feed &#8211; Webnode"}]},{"@type":"WebSite","@id":"https:\/\/elfsight.com\/es\/#website","url":"https:\/\/elfsight.com\/es\/","name":"Elfsight ES","description":"Just another Elfsight Sites site","potentialAction":[{"@type":"SearchAction","target":{"@type":"EntryPoint","urlTemplate":"https:\/\/elfsight.com\/es\/?s={search_term_string}"},"query-input":{"@type":"PropertyValueSpecification","valueRequired":true,"valueName":"search_term_string"}}],"inLanguage":"es"}]}},"meta_box":{"industry":"","seo_heading":"","heading":"","description":"","cta_heading":"","cta_description":"","application":"1996","h1":"Widget de alimentaci\u00f3n de Twitter de Webnode","h1_caption":"Inserta tweets desde tu cuenta de Twitter o por hashtag para mantener a tus visitantes actualizados con contenido en tiempo real en tu sitio web Webnode sin esfuerzo.","application_category":[],"applications_title":"","applications_request_title":"","applications_request_button_text":"","hero_text":"","hero_video":"","hero_video_schema_markup":"","selling_points_title":"","selling_points_caption":"","selling_points":[],"selling_points_cta_text":"","features_title":"","features":"","ed_cta_examples_text":"","ed_cta_examples_hidden":"","ed_cta_demo_text":"","ed_cta_demo_hidden":"","why_caption":"","why_editor_title":"","why_editor_text":"","why_team_title":"","why_team_text":"","why_service_title":"","why_service_text":"","template_catalog_visible":"","template_catalog_title":"","template_catalog_text":"","template_catalog_categories_visible":"","demo_title":"Crea tu widget de feed de Twitter","demo_caption":"\u00a1Configura tu Feed de Twitter y agr\u00e9galo a tu sitio web Webnode gratis!","default_faq_hidden":"","app_template_category":[],"platform":"2302","template_public_id":"","codecanyon_url":"","codecanyon_item_id":"","codecanyon_price":"","pricing_caption":"","pricing_elfsight_apps_hide_column":"","pricing_elfsight_apps_url":"","pricing_codecanyon_price_caption":"","integration_category":[],"integration_request_title":"","integration_request_cta":"","integration_platform":"","integrations":[],"platform_category":[],"video_schema_markup":"","price":"desde $0 \/ mes","trial":"","benefits":[{"text":"Servicio de instalaci\u00f3n gratuito"},{"text":"Atenci\u00f3n al cliente experimentada"},{"text":"Garant\u00eda de reembolso de 14 d\u00edas"},{"text":"Futuras mejoras gratuitas"}],"button_url":"#demo","button_target_blank":"","button_nofollow":"","attributes":[{"name":"Instalaciones","content":"10,000 - 100,000"},{"name":"Sensible","content":"S\u00ed"},{"name":"Navegadores compatibles","content":"Firefox, Safari, Opera, Chrome, Edge"}],"tags":[],"tags_disable_links":"","hide_more_platforms":"","video_object":"","demo_hide_cta":"","demo_hide_cloud_options":"","pricing_title":"","pricing":[{"pricing_icon":"platform","pricing_title":"Elfsight Apps","pricing_title_caption":"Soluci\u00f3n multiplataforma","pricing_price":"desde $0 \/ mes","pricing_price_caption":"comienza con el plan gratuito","pricing_benefits":[{"text":"Sitios web ilimitados"},{"text":"Soporte r\u00e1pido, puntual y bien documentado."},{"text":"Ayuda de instalaci\u00f3n gratuita"},{"text":"Oferta especial para m\u00faltiples aplicaciones."}],"pricing_button_text":"A\u00f1adir al sitio web","pricing_button_url":"#demo"}],"related_apps_title":"","related_apps_hidden":"","author":"","image":[],"title":"","job":"","social_networks":[]},"_links":{"self":[{"href":"https:\/\/elfsight.com\/es\/wp-json\/wp\/v2\/pages\/5972","targetHints":{"allow":["GET"]}}],"collection":[{"href":"https:\/\/elfsight.com\/es\/wp-json\/wp\/v2\/pages"}],"about":[{"href":"https:\/\/elfsight.com\/es\/wp-json\/wp\/v2\/types\/page"}],"author":[{"embeddable":true,"href":"https:\/\/elfsight.com\/es\/wp-json\/wp\/v2\/users\/9"}],"replies":[{"embeddable":true,"href":"https:\/\/elfsight.com\/es\/wp-json\/wp\/v2\/comments?post=5972"}],"version-history":[{"count":2,"href":"https:\/\/elfsight.com\/es\/wp-json\/wp\/v2\/pages\/5972\/revisions"}],"predecessor-version":[{"id":19276,"href":"https:\/\/elfsight.com\/es\/wp-json\/wp\/v2\/pages\/5972\/revisions\/19276"}],"up":[{"embeddable":true,"href":"https:\/\/elfsight.com\/es\/wp-json\/wp\/v2\/pages\/1997"}],"wp:attachment":[{"href":"https:\/\/elfsight.com\/es\/wp-json\/wp\/v2\/media?parent=5972"}],"curies":[{"name":"wp","href":"https:\/\/api.w.org\/{rel}","templated":true}]}}