{"id":5971,"date":"1970-01-01T00:00:00","date_gmt":"1970-01-01T00:00:00","guid":{"rendered":"https:\/\/elfsight.com\/es\/?page_id=5971"},"modified":"2025-02-06T16:09:16","modified_gmt":"2025-02-06T16:09:16","slug":"webflow","status":"publish","type":"page","link":"https:\/\/elfsight.com\/es\/twitter-feed-widget\/webflow\/","title":{"rendered":"Twitter Feed &#8211; Webflow"},"content":{"rendered":"<div class=\"application-platform-content-item-description application-platform-content-item\" id=\"description\" data-nav-section=\"description\"><h2>Incrustar feeds de Twitter en Webflow con el widget de Elfsight<\/h2><p>El widget de Twitter de Elfsight es un widget ajustable que le permite introducir feeds de Twitter o Tweets individuales en un sitio web de Webflow. Tiene la oportunidad de mostrar su suministro de noticias de Twitter o mostrar Tweets testimoniales para fortalecer la participaci\u00f3n de los usuarios y aumentar la confianza de los clientes en su sitio web. Lo que hace que nuestro widget sea l\u00edder entre otros es una gran cantidad de opciones, plantillas listas para usar que se adaptar\u00e1n a cualquier caso de uso y su dise\u00f1o adaptable.<\/p><p><b>Aumenta el nivel de participaci\u00f3n de tu sitio y hazlo confiable para tus clientes<\/b><\/p><ul><li><b>Aumenta la participaci\u00f3n<\/b>.<br>Agrega contenido vibrante de una de las redes sociales m\u00e1s utilizadas en tu sitio web para atraer m\u00e1s atenci\u00f3n de la audiencia. Disfrute de un mayor nivel de participaci\u00f3n en su sitio web.<\/li><li><b>Tenga m\u00e1s seguidores<\/b>.<br>El feed interactivo de Twitter de Elfsight permite a los usuarios comenzar a seguir su cuenta directamente desde el sitio web. As\u00ed podr\u00e1s tener otra fuente de seguidores y aumentar el n\u00famero de tu comunidad de Twitter.<\/li><li><b>Prueba social impecable para una mayor confianza<\/b>.<br>Muestra que tu perfil de Twitter est\u00e1 activo y actualizado para asegurar a los usuarios que tu negocio se est\u00e1 desarrollando y que est\u00e1s listo para interactuar y acercarte m\u00e1s a tus visitantes.<\/li><\/ul><\/div><div class=\"application-platform-content-item-features application-platform-content-item\" id=\"features\" data-nav-section=\"features\"><h2>Caracter\u00edsticas principales del feed de Twitter widget<\/h2><p>Las caracter\u00edsticas fundamentales de nuestro widget, que lo convierten en una de las mejores soluciones para sitios web de Webflow:<\/p><ul><li>Tipo de presentaci\u00f3n Feed o Testimonios;<\/li><li>Elegir dise\u00f1o de encabezado completo o compacto;<\/li><li>Compartir tweets en Facebook;<\/li><li>Un \u00edcono especial para marcar cuentas verificadas;<\/li><li>Establecer un color de tema personalizado para el widget.<\/li><\/ul><p><a href=\"#demo\">\u00a1Vea un conjunto completo de caracter\u00edsticas en la demostraci\u00f3n!<\/a><\/p><\/div><div class=\"application-platform-content-item-installation application-platform-content-item\" id=\"installation\" data-nav-section=\"installation\"><h2>C\u00f3mo agregar Twitter Feed al sitio web de Webflow<\/h2><div class=\"video-container\"><iframe width=\"720\" height=\"405\" src=\"https:\/\/www.youtube.com\/embed\/Q_poJ55Vv5E\" frameborder=\"0\"><\/iframe><\/div><p>Gu\u00eda r\u00e1pida sobre integraci\u00f3n del widget sin conocimientos de programaci\u00f3n web ni b\u00fasqueda de un desarrollador web freelance. El tiempo que dedicar\u00e1 a \u00e9l no es m\u00e1s de 90 segundos.<\/p><ol><li><b>Construya su widget de Twitter personalizado<\/b>.<br>Con la ayuda de nuestro configurador gratuito, cree un widget con el dise\u00f1o y los par\u00e1metros que desee.<\/li><li><b>Adquiera un c\u00f3digo para instalar el widget<\/b>.<br>Despu\u00e9s de haber sintonizado su widget, obtenga un c\u00f3digo para su instalaci\u00f3n desde la notificaci\u00f3n emergente en Elfsight Aplicaciones.<\/li><li><b>Integre el widget en su sitio web de Webflow<\/b>.<br>Agregue el widget en el lugar deseado de la p\u00e1gina y publique los cambios.<\/li><li><b>\u00a1Ya est\u00e1!<\/b>.<br>Ingrese a su sitio web para verificar su trabajo.<\/li><\/ol><p>Si hay algo que le resulta dif\u00edcil durante la instalaci\u00f3n o personalizaci\u00f3n, p\u00f3ngase en contacto con el equipo de soporte de Elfsight. O estudie para leer un <a href=\"https:\/\/elfsight.com\/tutorials\/how-to-add-twitter-feed-widget-to-webflow\/\" target=\"_blank\" rel=\"noopener noreferrer\">manual completo<\/a>.<\/p><\/div><div class=\"faq\" data-component=\"FAQ\"><div class=\"faq-item\">\r\n\t\t\t\t\t<div class=\"faq-item-question\">\r\n\t\t\t\t\t\t<h3 class=\"faq-item-question-text\">\u00bfDe qu\u00e9 manera es \u00bfEs posible agregar Twitter Feed a mi p\u00e1gina de inicio de Webflow sin conocimientos de codificaci\u00f3n?<\/h3>\r\n\r\n\t\t\t\t\t\t<div class=\"faq-item-question-icon\"><\/div>\r\n\t\t\t\t\t<\/div>\r\n\r\n\t\t\t\t\t<div class=\"faq-item-answer\">\r\n\t\t\t\t\t\t<div class=\"faq-item-answer-text\"><p>La compa\u00f1\u00eda Elfsight ofrece una soluci\u00f3n SaaS que permite a los propietarios de sitios generar un widget de Twitter Feed usted mismo. Descubra lo f\u00e1cil que es el proceso:<\/p><ul><li>Trabaje directamente en la demostraci\u00f3n en vivo para generar un widget de Twitter Feed que le gustar\u00eda agregar en Webflow.<\/li><li>Seleccione una de las plantillas ya preparadas y adapte la configuraci\u00f3n de Twitter Feed, agregue su contenido, cambie el dise\u00f1o y los colores sin conocimientos de codificaci\u00f3n.<\/li><li>Guardar el Feed de Twitter y obtenga el c\u00f3digo para la instalaci\u00f3n, que se puede pegar f\u00e1cilmente en cualquier sitio de Webflow de forma gratuita.<\/li><\/ul><p>Con la ayuda de nuestro Configurador f\u00e1cil de usar, cada usuario web puede generar una secci\u00f3n de Feed de Twitter en l\u00ednea y agregarla sin esfuerzo a su sitio web de Webflow. No es necesario pagar ni revelar los datos de su tarjeta para ingresar al servicio. Si tiene alg\u00fan problema en alg\u00fan paso, contin\u00fae y comun\u00edquese con nuestro personal de soporte t\u00e9cnico.<\/p><\/div>\r\n\t\t\t\t\t<\/div>\r\n\t\t\t\t<\/div><\/div>","protected":false},"excerpt":{"rendered":"","protected":false},"author":9,"featured_media":0,"parent":1997,"menu_order":0,"comment_status":"closed","ping_status":"closed","template":"templates\/template-application-platform.php","meta":{"publish_to_discourse":"","publish_post_category":"","wpdc_auto_publish_overridden":"","wpdc_topic_tags":"","wpdc_pin_topic":"","wpdc_pin_until":"","discourse_post_id":"","discourse_permalink":"","wpdc_publishing_response":"","wpdc_publishing_error":"","footnotes":""},"class_list":["post-5971","page","type-page","status-publish","hentry"],"yoast_head":"<!-- This site is optimized with the Yoast SEO plugin v25.3.1 - https:\/\/yoast.com\/wordpress\/plugins\/seo\/ -->\n<title>El mejor widget de Twitter Feed para el sitio web Webflow (2025)<\/title>\n<meta name=\"description\" content=\"Dise\u00f1e un widget de Twitter Feed responsivo para su sitio web Webflow. Configura tu widget perfecto en una demostraci\u00f3n en vivo en solo 2 minutos y gratis.\" \/>\n<meta name=\"robots\" content=\"index, follow, max-snippet:-1, max-image-preview:large, max-video-preview:-1\" \/>\n<link rel=\"canonical\" href=\"https:\/\/elfsight.com\/es\/twitter-feed-widget\/webflow\/\" \/>\n<meta property=\"og:locale\" content=\"es_ES\" \/>\n<meta property=\"og:type\" content=\"article\" \/>\n<meta property=\"og:title\" content=\"El mejor widget de Twitter Feed para el sitio web Webflow (2025)\" \/>\n<meta property=\"og:description\" content=\"Dise\u00f1e un widget de Twitter Feed responsivo para su sitio web Webflow. Configura tu widget perfecto en una demostraci\u00f3n en vivo en solo 2 minutos y gratis.\" \/>\n<meta property=\"og:url\" content=\"https:\/\/elfsight.com\/es\/twitter-feed-widget\/webflow\/\" \/>\n<meta property=\"og:site_name\" content=\"Elfsight ES\" \/>\n<meta property=\"article:modified_time\" content=\"2025-02-06T16:09:16+00:00\" \/>\n<meta name=\"twitter:card\" content=\"summary_large_image\" \/>\n<meta name=\"twitter:label1\" content=\"Tiempo de lectura\" \/>\n\t<meta name=\"twitter:data1\" content=\"4 minutos\" \/>\n<!-- \/ Yoast SEO plugin. -->","yoast_head_json":{"title":"El mejor widget de Twitter Feed para el sitio web Webflow (2025)","description":"Dise\u00f1e un widget de Twitter Feed responsivo para su sitio web Webflow. Configura tu widget perfecto en una demostraci\u00f3n en vivo en solo 2 minutos y gratis.","robots":{"index":"index","follow":"follow","max-snippet":"max-snippet:-1","max-image-preview":"max-image-preview:large","max-video-preview":"max-video-preview:-1"},"canonical":"https:\/\/elfsight.com\/es\/twitter-feed-widget\/webflow\/","og_locale":"es_ES","og_type":"article","og_title":"El mejor widget de Twitter Feed para el sitio web Webflow (2025)","og_description":"Dise\u00f1e un widget de Twitter Feed responsivo para su sitio web Webflow. Configura tu widget perfecto en una demostraci\u00f3n en vivo en solo 2 minutos y gratis.","og_url":"https:\/\/elfsight.com\/es\/twitter-feed-widget\/webflow\/","og_site_name":"Elfsight ES","article_modified_time":"2025-02-06T16:09:16+00:00","twitter_card":"summary_large_image","twitter_misc":{"Tiempo de lectura":"4 minutos"},"schema":{"@context":"https:\/\/schema.org","@graph":[{"@type":"WebPage","@id":"https:\/\/elfsight.com\/es\/twitter-feed-widget\/webflow\/","url":"https:\/\/elfsight.com\/es\/twitter-feed-widget\/webflow\/","name":"El mejor widget de Twitter Feed para el sitio web Webflow (2025)","isPartOf":{"@id":"https:\/\/elfsight.com\/es\/#website"},"datePublished":"1970-01-01T00:00:00+00:00","dateModified":"2025-02-06T16:09:16+00:00","description":"Dise\u00f1e un widget de Twitter Feed responsivo para su sitio web Webflow. Configura tu widget perfecto en una demostraci\u00f3n en vivo en solo 2 minutos y gratis.","breadcrumb":{"@id":"https:\/\/elfsight.com\/es\/twitter-feed-widget\/webflow\/#breadcrumb"},"inLanguage":"es","potentialAction":[{"@type":"ReadAction","target":["https:\/\/elfsight.com\/es\/twitter-feed-widget\/webflow\/"]}]},{"@type":"BreadcrumbList","@id":"https:\/\/elfsight.com\/es\/twitter-feed-widget\/webflow\/#breadcrumb","itemListElement":[{"@type":"ListItem","position":1,"name":"Home","item":"https:\/\/elfsight.com\/es\/"},{"@type":"ListItem","position":2,"name":"Twitter Feed","item":"https:\/\/elfsight.com\/es\/twitter-feed-widget\/"},{"@type":"ListItem","position":3,"name":"Twitter Feed &#8211; Webflow"}]},{"@type":"WebSite","@id":"https:\/\/elfsight.com\/es\/#website","url":"https:\/\/elfsight.com\/es\/","name":"Elfsight ES","description":"Just another Elfsight Sites site","potentialAction":[{"@type":"SearchAction","target":{"@type":"EntryPoint","urlTemplate":"https:\/\/elfsight.com\/es\/?s={search_term_string}"},"query-input":{"@type":"PropertyValueSpecification","valueRequired":true,"valueName":"search_term_string"}}],"inLanguage":"es"}]}},"meta_box":{"industry":"","seo_heading":"","heading":"","description":"","cta_heading":"","cta_description":"","application":"1996","h1":"Widget de alimentaci\u00f3n de Twitter de flujo web","h1_caption":"Inserte tweets desde su cuenta de Twitter o mediante hashtag para mantener a sus visitantes actualizados con contenido en tiempo real en su sitio web Webflow sin esfuerzo.","application_category":[],"applications_title":"","applications_request_title":"","applications_request_button_text":"","hero_text":"","hero_video":"","hero_video_schema_markup":"","selling_points_title":"","selling_points_caption":"","selling_points":[],"selling_points_cta_text":"","features_title":"","features":"","ed_cta_examples_text":"","ed_cta_examples_hidden":"","ed_cta_demo_text":"","ed_cta_demo_hidden":"","why_caption":"","why_editor_title":"","why_editor_text":"","why_team_title":"","why_team_text":"","why_service_title":"","why_service_text":"","template_catalog_visible":"","template_catalog_title":"","template_catalog_text":"","template_catalog_categories_visible":"","demo_title":"Crea tu widget de feed de Twitter","demo_caption":"\u00a1Configure su feed de Twitter y agr\u00e9guelo a su sitio web Webflow de forma gratuita!","default_faq_hidden":"","app_template_category":[],"platform":"106","template_public_id":"","codecanyon_url":"","codecanyon_item_id":"","codecanyon_price":"","pricing_caption":"","pricing_elfsight_apps_hide_column":"","pricing_elfsight_apps_url":"","pricing_codecanyon_price_caption":"","integration_category":[],"integration_request_title":"","integration_request_cta":"","integration_platform":"","integrations":[],"platform_category":[],"video_schema_markup":"","price":"desde $0 \/ mes","trial":"","benefits":[{"text":"Ayuda de instalaci\u00f3n gratuita"},{"text":"Soporte excepcional"},{"text":"Garant\u00eda de reembolso de 14 d\u00edas"},{"text":"Actualizando constantemente"}],"button_url":"#demo","button_target_blank":"","button_nofollow":"","attributes":[{"name":"Instalaciones","content":"10,000 - 100,000"},{"name":"Sensible","content":"S\u00ed"},{"name":"Navegadores compatibles","content":"Edge, Chrome, Safari, Opera, Firefox"}],"tags":[],"tags_disable_links":"","hide_more_platforms":"","video_object":"","demo_hide_cta":"","demo_hide_cloud_options":"","pricing_title":"","pricing":[{"pricing_icon":"platform","pricing_title":"Webflow widget","pricing_title_caption":"Versi\u00f3n independiente de la plataforma que funciona en cualquier sitio web","pricing_price":"desde $0 \/ mes","pricing_price_caption":"comienza con el plan gratuito","pricing_benefits":[{"text":"Dominios ilimitados"},{"text":"Soporte premium"},{"text":"Servicio de instalaci\u00f3n gratuito"},{"text":"Oferta especial para m\u00faltiples aplicaciones"}],"pricing_button_text":"A\u00f1adir al sitio web","pricing_button_url":"#demo"}],"related_apps_title":"","related_apps_hidden":"","author":"","image":[],"title":"","job":"","social_networks":[]},"_links":{"self":[{"href":"https:\/\/elfsight.com\/es\/wp-json\/wp\/v2\/pages\/5971","targetHints":{"allow":["GET"]}}],"collection":[{"href":"https:\/\/elfsight.com\/es\/wp-json\/wp\/v2\/pages"}],"about":[{"href":"https:\/\/elfsight.com\/es\/wp-json\/wp\/v2\/types\/page"}],"author":[{"embeddable":true,"href":"https:\/\/elfsight.com\/es\/wp-json\/wp\/v2\/users\/9"}],"replies":[{"embeddable":true,"href":"https:\/\/elfsight.com\/es\/wp-json\/wp\/v2\/comments?post=5971"}],"version-history":[{"count":2,"href":"https:\/\/elfsight.com\/es\/wp-json\/wp\/v2\/pages\/5971\/revisions"}],"predecessor-version":[{"id":19277,"href":"https:\/\/elfsight.com\/es\/wp-json\/wp\/v2\/pages\/5971\/revisions\/19277"}],"up":[{"embeddable":true,"href":"https:\/\/elfsight.com\/es\/wp-json\/wp\/v2\/pages\/1997"}],"wp:attachment":[{"href":"https:\/\/elfsight.com\/es\/wp-json\/wp\/v2\/media?parent=5971"}],"curies":[{"name":"wp","href":"https:\/\/api.w.org\/{rel}","templated":true}]}}