{"id":5970,"date":"1970-01-01T00:00:00","date_gmt":"1970-01-01T00:00:00","guid":{"rendered":"https:\/\/elfsight.com\/es\/?page_id=5970"},"modified":"2025-02-06T16:09:16","modified_gmt":"2025-02-06T16:09:16","slug":"squarespace","status":"publish","type":"page","link":"https:\/\/elfsight.com\/es\/twitter-feed-widget\/squarespace\/","title":{"rendered":"Twitter Feed &#8211; Squarespace"},"content":{"rendered":"<div class=\"application-platform-content-item-description application-platform-content-item\" id=\"description\" data-nav-section=\"description\"><h2>Incrustar feeds de Twitter en Squarespace con el widget de Elfsight<\/h2><p>Utilizando el complemento de Twitter de Elfsight, es sorprendentemente sencillo colocar feeds de Twitter o Tweets seleccionados en su sitio web de SquareSpace. Mejore la actividad de los visitantes y aumente la confianza del cliente mostrando su l\u00ednea de tiempo de Twitter o publicando los tweets de testimonios de los clientes sobre sus art\u00edculos. Las ventajas m\u00e1s \u00fatiles de Elfsight Twitter son las plantillas listas para usar para cualquier caso de uso y diversas configuraciones junto con un dise\u00f1o flexible.<\/p><p><b>Haga que su sitio web sea s\u00faper atractivo para los clientes y altamente confiable<\/b><\/p><ul><li><b>Mantenga a los visitantes en el sitio<\/b>.<br>Mantenga a sus clientes en su sitio web durante horas y horas, mostr\u00e1ndoles Tweets cuidadosamente seleccionados sobre los temas m\u00e1s importantes o involucrelos en sus actividades promocionadas en Twitter. concursos.<\/li><li><b>Aumenta el n\u00famero de seguidores<\/b>.<br>El feed interactivo de Twitter de Elfsight permite a los usuarios responder, retuitear publicaciones y seguir tu cuenta sin salir del sitio web. Utilice una fuente m\u00e1s de seguidores y ampl\u00ede su comunidad de Twitter.<\/li><li><b>Prueba social s\u00f3lida para una mayor confianza<\/b>.<br>Demuestre que su perfil de Twitter est\u00e1 activo para asegurar a los clientes que su negocio se est\u00e1 desarrollando y que desea interactuar con ellos.<\/li><\/ul><\/div><div class=\"application-platform-content-item-features application-platform-content-item\" id=\"features\" data-nav-section=\"features\"><h2>Caracter\u00edsticas principales del widget Twitter Feed<\/h2><p>Aqu\u00ed est\u00e1n las caracter\u00edsticas m\u00e1s sorprendentes de Elfsight Twitter Feed. Ayudan a convertirlo en el complemento m\u00e1s valioso para cualquier sitio de SquareSpace.<\/p><ul><li>Muestra Tweets desde tu propia cuenta o selecci\u00f3nalos por hashtag;<\/li><li>Establece la altura del widget o d\u00e9jalo adaptable a la altura del contenido;<\/li><li>Copia el enlace de Tweets;<\/li><li>Elige entre los idiomas disponibles o solicita tu idioma y traduciremos el widget;<\/li><li>Establece un color de tema personalizado para el widget.<\/li><\/ul><p><a href=\"#demo\">Conozca todas las funciones en una demostraci\u00f3n en vivo<\/a><\/p><\/div><div class=\"application-platform-content-item-installation application-platform-content-item\" id=\"installation\" data-nav-section=\"installation\"><h2>C\u00f3mo agregar Twitter Feed al sitio web de Squarespace<\/h2><div class=\"video-container\"><iframe width=\"720\" height=\"405\" src=\"https:\/\/www.youtube.com\/embed\/u7yB0n7CeBM\" frameborder=\"0\"><\/iframe><\/div><p>Para incrustar el complemento en su sitio, no necesita conocimientos en programaci\u00f3n web. Solo requiere 4 sencillos pasos y 1 minuto de su tiempo.<\/p><ol><li><b>Construya su widget personal de Twitter<\/b>.<br>Por medio de nuestro configurador gratuito, cree un widget con el dise\u00f1o y las funciones que necesita.<\/li><li><b>Copia un c\u00f3digo para publicar el widget<\/b>.<br>Despu\u00e9s de la creaci\u00f3n del widget, obtenga un c\u00f3digo para Twitter Feed desde la ventana emergente en Elfsight Apps.<\/li><li><b>Muestre el widget en su sitio<\/b>.<br>Inserte el widget en el lugar necesario de la p\u00e1gina y publique los resultados.<\/li><li><b>La instalaci\u00f3n ha finalizado<\/b>.<br>Ingrese a su sitio web de SquareSpace para ver su trabajo.<\/li><\/ol><p>\u00bfTiene alg\u00fan problema al crear o incrustar el complemento? Explore el <a href=\"https:\/\/elfsight.com\/tutorials\/how-to-add-twitter-feed-plugin-to-squarespace\/\" target=\"_blank\" rel=\"noopener noreferrer\">art\u00edculo detallado<\/a> o comun\u00edquese con nuestro Centro de soporte para obtener ayuda. \u00a1Estamos aqu\u00ed para ayudarle!<\/p><\/div><div class=\"faq\" data-component=\"FAQ\"><div class=\"faq-item\">\r\n\t\t\t\t\t<div class=\"faq-item-question\">\r\n\t\t\t\t\t\t<h3 class=\"faq-item-question-text\">\u00bfC\u00f3mo agregar Twitter Feed a mi Squarespace sin experiencia en codificaci\u00f3n?<\/h3>\r\n\r\n\t\t\t\t\t\t<div class=\"faq-item-question-icon\"><\/div>\r\n\t\t\t\t\t<\/div>\r\n\r\n\t\t\t\t\t<div class=\"faq-item-answer\">\r\n\t\t\t\t\t\t<div class=\"faq-item-answer-text\"><p>La empresa Elfsight ofrece una soluci\u00f3n SaaS que permite al usuario establecer una aplicaci\u00f3n de Twitter Feed usted mismo, mire la gu\u00eda sencilla:<\/p><ul><li>Vaya a la demostraci\u00f3n en vivo para generar un complemento de Twitter Feed que le gustar\u00eda integrar Sitio web de Squarespace.<\/li><li>Elija una de las plantillas predise\u00f1adas y ajuste la configuraci\u00f3n de Twitter Feed, cambie el dise\u00f1o y los colores, actualice su contenido sin codificaci\u00f3n.<\/li><li>Guarde la configuraci\u00f3n que realiz\u00f3 en Twitter Feed y obtenga el c\u00f3digo para incrustar, que puede incrustar en su p\u00e1gina de inicio de Squarespace usando un plan gratuito.<\/li><\/ul><p>Utilizando nuestro editor f\u00e1cil de usar, cada usuario de Internet puede crear un complemento de Twitter Feed en l\u00ednea e incrustarlo sin esfuerzo en su p\u00e1gina de inicio de Squarespace. No es necesario obtener una suscripci\u00f3n paga ni ingresar los datos de su tarjeta para acceder a nuestro Editor. Si tiene alg\u00fan problema en cualquier paso, no dude en comunicarse con nuestro personal de soporte t\u00e9cnico.<\/p><\/div>\r\n\t\t\t\t\t<\/div>\r\n\t\t\t\t<\/div><\/div>","protected":false},"excerpt":{"rendered":"","protected":false},"author":9,"featured_media":0,"parent":1997,"menu_order":0,"comment_status":"closed","ping_status":"closed","template":"templates\/template-application-platform.php","meta":{"publish_to_discourse":"","publish_post_category":"","wpdc_auto_publish_overridden":"","wpdc_topic_tags":"","wpdc_pin_topic":"","wpdc_pin_until":"","discourse_post_id":"","discourse_permalink":"","wpdc_publishing_response":"","wpdc_publishing_error":"","footnotes":""},"class_list":["post-5970","page","type-page","status-publish","hentry"],"yoast_head":"<!-- This site is optimized with the Yoast SEO plugin v25.3.1 - https:\/\/yoast.com\/wordpress\/plugins\/seo\/ -->\n<title>El mejor complemento de Twitter Feed para el sitio web de Squarespace (2025)<\/title>\n<meta name=\"description\" content=\"Dise\u00f1e un complemento de Twitter Feed personalizado para SquareSpace y mu\u00e9strelo en su sitio web. \u00a1Configurador gratuito, soporte profesional y m\u00e1s extras de Elfsight!\" \/>\n<meta name=\"robots\" content=\"index, follow, max-snippet:-1, max-image-preview:large, max-video-preview:-1\" \/>\n<link rel=\"canonical\" href=\"https:\/\/elfsight.com\/es\/twitter-feed-widget\/squarespace\/\" \/>\n<meta property=\"og:locale\" content=\"es_ES\" \/>\n<meta property=\"og:type\" content=\"article\" \/>\n<meta property=\"og:title\" content=\"El mejor complemento de Twitter Feed para el sitio web de Squarespace (2025)\" \/>\n<meta property=\"og:description\" content=\"Dise\u00f1e un complemento de Twitter Feed personalizado para SquareSpace y mu\u00e9strelo en su sitio web. \u00a1Configurador gratuito, soporte profesional y m\u00e1s extras de Elfsight!\" \/>\n<meta property=\"og:url\" content=\"https:\/\/elfsight.com\/es\/twitter-feed-widget\/squarespace\/\" \/>\n<meta property=\"og:site_name\" content=\"Elfsight ES\" \/>\n<meta property=\"article:modified_time\" content=\"2025-02-06T16:09:16+00:00\" \/>\n<meta name=\"twitter:card\" content=\"summary_large_image\" \/>\n<meta name=\"twitter:label1\" content=\"Tiempo de lectura\" \/>\n\t<meta name=\"twitter:data1\" content=\"4 minutos\" \/>\n<!-- \/ Yoast SEO plugin. -->","yoast_head_json":{"title":"El mejor complemento de Twitter Feed para el sitio web de Squarespace (2025)","description":"Dise\u00f1e un complemento de Twitter Feed personalizado para SquareSpace y mu\u00e9strelo en su sitio web. \u00a1Configurador gratuito, soporte profesional y m\u00e1s extras de Elfsight!","robots":{"index":"index","follow":"follow","max-snippet":"max-snippet:-1","max-image-preview":"max-image-preview:large","max-video-preview":"max-video-preview:-1"},"canonical":"https:\/\/elfsight.com\/es\/twitter-feed-widget\/squarespace\/","og_locale":"es_ES","og_type":"article","og_title":"El mejor complemento de Twitter Feed para el sitio web de Squarespace (2025)","og_description":"Dise\u00f1e un complemento de Twitter Feed personalizado para SquareSpace y mu\u00e9strelo en su sitio web. \u00a1Configurador gratuito, soporte profesional y m\u00e1s extras de Elfsight!","og_url":"https:\/\/elfsight.com\/es\/twitter-feed-widget\/squarespace\/","og_site_name":"Elfsight ES","article_modified_time":"2025-02-06T16:09:16+00:00","twitter_card":"summary_large_image","twitter_misc":{"Tiempo de lectura":"4 minutos"},"schema":{"@context":"https:\/\/schema.org","@graph":[{"@type":"WebPage","@id":"https:\/\/elfsight.com\/es\/twitter-feed-widget\/squarespace\/","url":"https:\/\/elfsight.com\/es\/twitter-feed-widget\/squarespace\/","name":"El mejor complemento de Twitter Feed para el sitio web de Squarespace (2025)","isPartOf":{"@id":"https:\/\/elfsight.com\/es\/#website"},"datePublished":"1970-01-01T00:00:00+00:00","dateModified":"2025-02-06T16:09:16+00:00","description":"Dise\u00f1e un complemento de Twitter Feed personalizado para SquareSpace y mu\u00e9strelo en su sitio web. \u00a1Configurador gratuito, soporte profesional y m\u00e1s extras de Elfsight!","breadcrumb":{"@id":"https:\/\/elfsight.com\/es\/twitter-feed-widget\/squarespace\/#breadcrumb"},"inLanguage":"es","potentialAction":[{"@type":"ReadAction","target":["https:\/\/elfsight.com\/es\/twitter-feed-widget\/squarespace\/"]}]},{"@type":"BreadcrumbList","@id":"https:\/\/elfsight.com\/es\/twitter-feed-widget\/squarespace\/#breadcrumb","itemListElement":[{"@type":"ListItem","position":1,"name":"Home","item":"https:\/\/elfsight.com\/es\/"},{"@type":"ListItem","position":2,"name":"Twitter Feed","item":"https:\/\/elfsight.com\/es\/twitter-feed-widget\/"},{"@type":"ListItem","position":3,"name":"Twitter Feed &#8211; Squarespace"}]},{"@type":"WebSite","@id":"https:\/\/elfsight.com\/es\/#website","url":"https:\/\/elfsight.com\/es\/","name":"Elfsight ES","description":"Just another Elfsight Sites site","potentialAction":[{"@type":"SearchAction","target":{"@type":"EntryPoint","urlTemplate":"https:\/\/elfsight.com\/es\/?s={search_term_string}"},"query-input":{"@type":"PropertyValueSpecification","valueRequired":true,"valueName":"search_term_string"}}],"inLanguage":"es"}]}},"meta_box":{"industry":"","seo_heading":"","heading":"","description":"","cta_heading":"","cta_description":"","application":"1996","h1":"Complemento de Twitter de Squarespace","h1_caption":"Inserta tweets desde tu cuenta de Twitter o mediante hashtag para mantener a tus visitantes actualizados con contenido en tiempo real en tu sitio web de Squarespace sin esfuerzo.","application_category":[],"applications_title":"","applications_request_title":"","applications_request_button_text":"","hero_text":"","hero_video":"","hero_video_schema_markup":"","selling_points_title":"","selling_points_caption":"","selling_points":[],"selling_points_cta_text":"","features_title":"","features":"","ed_cta_examples_text":"","ed_cta_examples_hidden":"","ed_cta_demo_text":"","ed_cta_demo_hidden":"","why_caption":"","why_editor_title":"","why_editor_text":"","why_team_title":"","why_team_text":"","why_service_title":"","why_service_text":"","template_catalog_visible":"","template_catalog_title":"","template_catalog_text":"","template_catalog_categories_visible":"","demo_title":"Crea tu complemento de Twitter Feed","demo_caption":"\u00a1Configura tu feed de Twitter y agr\u00e9galo a tu sitio web de Squarespace de forma gratuita!","default_faq_hidden":"","app_template_category":[],"platform":"100","template_public_id":"","codecanyon_url":"","codecanyon_item_id":"","codecanyon_price":"","pricing_caption":"","pricing_elfsight_apps_hide_column":"","pricing_elfsight_apps_url":"","pricing_codecanyon_price_caption":"","integration_category":[],"integration_request_title":"","integration_request_cta":"","integration_platform":"","integrations":[],"platform_category":[],"video_schema_markup":"","price":"desde $0 \/ mes","trial":"","benefits":[{"text":"Ayuda de instalaci\u00f3n gratuita"},{"text":"Atenci\u00f3n al cliente experimentada"},{"text":"Garant\u00eda de devoluci\u00f3n de dinero de 14 d\u00edas"},{"text":"Mejoras de por vida"}],"button_url":"#demo","button_target_blank":"","button_nofollow":"","attributes":[{"name":"Instalaciones","content":"10,000 - 100,000"},{"name":"Sensible","content":"S\u00ed"},{"name":"Navegadores compatibles","content":"Firefox, Safari, Opera, Chrome, Edge"}],"tags":[],"tags_disable_links":"","hide_more_platforms":"","video_object":"","demo_hide_cta":"","demo_hide_cloud_options":"","pricing_title":"","pricing":[{"pricing_icon":"platform","pricing_title":"Elfsight Apps","pricing_title_caption":"Versi\u00f3n multiplataforma","pricing_price":"desde $0 \/ mes","pricing_price_caption":"comienza con un plan gratuito","pricing_benefits":[{"text":"Dominios ilimitados"},{"text":"Soporte profesional de la empresa y bien documentado."},{"text":"Soporte de instalaci\u00f3n gratuito"},{"text":"Dise\u00f1o flexible"}],"pricing_button_text":"A\u00f1adir al sitio web","pricing_button_url":"#demo"}],"related_apps_title":"","related_apps_hidden":"","author":"","image":[],"title":"","job":"","social_networks":[]},"_links":{"self":[{"href":"https:\/\/elfsight.com\/es\/wp-json\/wp\/v2\/pages\/5970","targetHints":{"allow":["GET"]}}],"collection":[{"href":"https:\/\/elfsight.com\/es\/wp-json\/wp\/v2\/pages"}],"about":[{"href":"https:\/\/elfsight.com\/es\/wp-json\/wp\/v2\/types\/page"}],"author":[{"embeddable":true,"href":"https:\/\/elfsight.com\/es\/wp-json\/wp\/v2\/users\/9"}],"replies":[{"embeddable":true,"href":"https:\/\/elfsight.com\/es\/wp-json\/wp\/v2\/comments?post=5970"}],"version-history":[{"count":2,"href":"https:\/\/elfsight.com\/es\/wp-json\/wp\/v2\/pages\/5970\/revisions"}],"predecessor-version":[{"id":19278,"href":"https:\/\/elfsight.com\/es\/wp-json\/wp\/v2\/pages\/5970\/revisions\/19278"}],"up":[{"embeddable":true,"href":"https:\/\/elfsight.com\/es\/wp-json\/wp\/v2\/pages\/1997"}],"wp:attachment":[{"href":"https:\/\/elfsight.com\/es\/wp-json\/wp\/v2\/media?parent=5970"}],"curies":[{"name":"wp","href":"https:\/\/api.w.org\/{rel}","templated":true}]}}