{"id":5963,"date":"1970-01-01T00:00:00","date_gmt":"1970-01-01T00:00:00","guid":{"rendered":"https:\/\/elfsight.com\/es\/?page_id=5963"},"modified":"2025-02-06T16:09:25","modified_gmt":"2025-02-06T16:09:25","slug":"opencart","status":"publish","type":"page","link":"https:\/\/elfsight.com\/es\/twitter-feed-widget\/opencart\/","title":{"rendered":"Twitter Feed &#8211; OpenCart"},"content":{"rendered":"<div class=\"application-platform-content-item-description application-platform-content-item\" id=\"description\" data-nav-section=\"description\"><h2>Descripci\u00f3n<\/h2><p>Con el m\u00f3dulo de Twitter de Elfsight, es sorprendentemente f\u00e1cil colocar feeds de Twitter o tweets recopilados en un sitio OpenCart. Aumente la actividad de sus visitantes y aumente la confianza del cliente mostrando una l\u00ednea de tiempo de Twitter o mostrando los tweets de testimonios de los usuarios sobre sus productos o servicios. Las ventajas m\u00e1s valiosas de Elfsight Twitter para un sitio son las plantillas preestablecidas para diversos casos de uso y muchos par\u00e1metros junto con un dise\u00f1o flexible.<\/p><p><b>Fortalece la participaci\u00f3n del usuario y la confianza en tu sitio web<\/b><\/p><ul><li><b>Aumenta la tasa de participaci\u00f3n<\/b>.<br>Inserta contenido animado y vibrante de una de las principales redes sociales en tu sitio web para atraer la atenci\u00f3n de los clientes. Logre una mejor tasa de actividad en su sitio.<\/li><li><b>Empiece a tener m\u00e1s seguidores<\/b>.<br>El feed interactivo de Twitter de Elfsight permite a los usuarios retuitear, responder y seguir su cuenta sin salir de su sitio web. Para que puedas tener una fuente adicional de seguidores y hacer que tu comunidad de Twitter sea m\u00e1s grande.<\/li><li><b>Eleva la confianza con tweets de testimonios<\/b>.<br>Elige los mejores testimonios de clientes sobre tu empresa en Twitter y pres\u00e9ntalos en tu sitio web para fortalecer la confianza del cliente y hacer que tus ofertas parezcan atractivas para tus usuarios.<\/li><\/ul><p><\/div><\/p><div class=\"application-platform-content-item-features application-platform-content-item\" id=\"features\" data-nav-section=\"features\"><\/p><h2>Caracter\u00edsticas<\/h2><p>Las caracter\u00edsticas m\u00e1s importantes del m\u00f3dulo Elfsight, que lo convierten en un instrumento OpenCart perfecto para agregar Twitter:<\/p><ul><li>Muestra Tweets de tu propia cuenta o selecci\u00f3nalos por hashtag;<\/li><li>Oculta el encabezado para mostrar solo Tweets;<\/li><li>Indicaci\u00f3n de retweets en el feed;<\/li><li>Un \u00edcono especial para marcar como verificado cuentas;<\/li><li>Recuento de seguidores y seguidores en el encabezado.<\/li><\/ul><p><a href=\"#demo\">Verifique todas las caracter\u00edsticas en nuestro constructor gratuito<\/a><\/p><p><\/div><div class=\"application-platform-content-item-installation application-platform-content-item\" id=\"installation\" data-nav-section=\"installation\"><h2>C\u00f3mo agregar el m\u00f3dulo Twitter Feed al sitio web OpenCart<\/h2><p>Simplemente aplique las instrucciones a continuaci\u00f3n para insertar el widget en OpenCart.<\/p> <ol><li><b>Utilice nuestra demostraci\u00f3n gratuita y comience a crear su widget personalizado. <\/b><br> Determine la interfaz preferida y los aspectos de la extensi\u00f3n y guarde las ediciones. <\/li> <li><b>Copia tu c\u00f3digo \u00fanico que se muestra en la ventana de Elfsight Apps. <\/b><br> Una vez finalizado el establecimiento de su cuenta de Twitter personal, copie el c\u00f3digo personal en la ventana emergente que aparece y gu\u00e1rdelo para su uso posterior. <\/li> <li><b>Ingrese al uso del widget en el sitio OpenCart. <\/b><br>Coloca el c\u00f3digo que has copiado anteriormente en tu sitio web y aplica las ediciones. <\/li> <li><b>\u00a1Ya terminaste! La configuraci\u00f3n ha finalizado por completo. <\/b><br>Visite su sitio web para ver en acci\u00f3n c\u00f3mo funciona la herramienta. <\/li><\/ol> <p>\u00bfTiene alguna dificultad con la instalaci\u00f3n o el ajuste? Realice una consulta en nuestro servicio de soporte o lea el <a href=\"https:\/\/elfsight.com\/tutorials\/how-to-add-twitter-feed-extension-to-opencart\/\" target=\"_blank\" rel=\"noopener noreferrer\">texto completo<\/a> del manual y termine de agregarlo usted mismo.<\/p><\/div><div class=\"faq\" data-component=\"FAQ\"><div class=\"faq-item\">\r\n\t\t\t\t\t<div class=\"faq-item-question\">\r\n\t\t\t\t\t\t<h3 class=\"faq-item-question-text\">\u00bfExiste una opci\u00f3n para insertar Twitter Feed en mi sitio OpenCart sin conocimientos de codificaci\u00f3n?<\/h3>\r\n\r\n\t\t\t\t\t\t<div class=\"faq-item-question-icon\"><\/div>\r\n\t\t\t\t\t<\/div>\r\n\r\n\t\t\t\t\t<div class=\"faq-item-answer\">\r\n\t\t\t\t\t\t<div class=\"faq-item-answer-text\"><p>La compa\u00f1\u00eda Elfsight presenta una soluci\u00f3n que permite al usuario generar un complemento de Twitter Feed usted mismo, observe lo sencillo que es:<\/p><ul><li>Vaya a la demostraci\u00f3n en l\u00ednea para crear un complemento de Twitter Feed que le gustar\u00eda ver en la p\u00e1gina web de OpenCart.<\/li><li>Elija una de nuestras plantillas predise\u00f1adas y modifique la configuraci\u00f3n de Twitter Feed, modifique el dise\u00f1o. y colores, incluya su contenido sin experiencia en codificaci\u00f3n.<\/li><li>Guarde el feed de Twitter y obtenga su c\u00f3digo para instalarlo, que se puede incrustar en el sitio web de OpenCart de forma gratuita.<\/li><\/ul><p>Con el editor intuitivo, cualquier usuario web puede crear un feed de Twitter en l\u00ednea y agregarlo a su sitio web OpenCart. No debe pagar ni revelar las credenciales de su tarjeta para acceder al servicio de Elfsight. Si tiene alg\u00fan problema de cualquier tipo, no dude en comunicarse con nuestro personal de soporte.<\/p><\/div>\r\n\t\t\t\t\t<\/div>\r\n\t\t\t\t<\/div><\/div>","protected":false},"excerpt":{"rendered":"","protected":false},"author":9,"featured_media":0,"parent":1997,"menu_order":0,"comment_status":"closed","ping_status":"closed","template":"templates\/template-application-platform.php","meta":{"publish_to_discourse":"","publish_post_category":"","wpdc_auto_publish_overridden":"","wpdc_topic_tags":"","wpdc_pin_topic":"","wpdc_pin_until":"","discourse_post_id":"","discourse_permalink":"","wpdc_publishing_response":"","wpdc_publishing_error":"","footnotes":""},"class_list":["post-5963","page","type-page","status-publish","hentry"],"yoast_head":"<!-- This site is optimized with the Yoast SEO plugin v25.3.1 - https:\/\/yoast.com\/wordpress\/plugins\/seo\/ -->\n<title>La mejor extensi\u00f3n de Twitter Feed para el sitio web OpenCart (2025)<\/title>\n<meta name=\"description\" content=\"Consulte la extensi\u00f3n de Twitter de Elfsight para OpenCart ahora mismo. \u00a1Dise\u00f1e una cuenta de Twitter \u00fanica para su sitio en tan solo unos minutos!\" \/>\n<meta name=\"robots\" content=\"index, follow, max-snippet:-1, max-image-preview:large, max-video-preview:-1\" \/>\n<link rel=\"canonical\" href=\"https:\/\/elfsight.com\/es\/twitter-feed-widget\/opencart\/\" \/>\n<meta property=\"og:locale\" content=\"es_ES\" \/>\n<meta property=\"og:type\" content=\"article\" \/>\n<meta property=\"og:title\" content=\"La mejor extensi\u00f3n de Twitter Feed para el sitio web OpenCart (2025)\" \/>\n<meta property=\"og:description\" content=\"Consulte la extensi\u00f3n de Twitter de Elfsight para OpenCart ahora mismo. \u00a1Dise\u00f1e una cuenta de Twitter \u00fanica para su sitio en tan solo unos minutos!\" \/>\n<meta property=\"og:url\" content=\"https:\/\/elfsight.com\/es\/twitter-feed-widget\/opencart\/\" \/>\n<meta property=\"og:site_name\" content=\"Elfsight ES\" \/>\n<meta property=\"article:modified_time\" content=\"2025-02-06T16:09:25+00:00\" \/>\n<meta name=\"twitter:card\" content=\"summary_large_image\" \/>\n<meta name=\"twitter:label1\" content=\"Tiempo de lectura\" \/>\n\t<meta name=\"twitter:data1\" content=\"3 minutos\" \/>\n<!-- \/ Yoast SEO plugin. -->","yoast_head_json":{"title":"La mejor extensi\u00f3n de Twitter Feed para el sitio web OpenCart (2025)","description":"Consulte la extensi\u00f3n de Twitter de Elfsight para OpenCart ahora mismo. \u00a1Dise\u00f1e una cuenta de Twitter \u00fanica para su sitio en tan solo unos minutos!","robots":{"index":"index","follow":"follow","max-snippet":"max-snippet:-1","max-image-preview":"max-image-preview:large","max-video-preview":"max-video-preview:-1"},"canonical":"https:\/\/elfsight.com\/es\/twitter-feed-widget\/opencart\/","og_locale":"es_ES","og_type":"article","og_title":"La mejor extensi\u00f3n de Twitter Feed para el sitio web OpenCart (2025)","og_description":"Consulte la extensi\u00f3n de Twitter de Elfsight para OpenCart ahora mismo. \u00a1Dise\u00f1e una cuenta de Twitter \u00fanica para su sitio en tan solo unos minutos!","og_url":"https:\/\/elfsight.com\/es\/twitter-feed-widget\/opencart\/","og_site_name":"Elfsight ES","article_modified_time":"2025-02-06T16:09:25+00:00","twitter_card":"summary_large_image","twitter_misc":{"Tiempo de lectura":"3 minutos"},"schema":{"@context":"https:\/\/schema.org","@graph":[{"@type":"WebPage","@id":"https:\/\/elfsight.com\/es\/twitter-feed-widget\/opencart\/","url":"https:\/\/elfsight.com\/es\/twitter-feed-widget\/opencart\/","name":"La mejor extensi\u00f3n de Twitter Feed para el sitio web OpenCart (2025)","isPartOf":{"@id":"https:\/\/elfsight.com\/es\/#website"},"datePublished":"1970-01-01T00:00:00+00:00","dateModified":"2025-02-06T16:09:25+00:00","description":"Consulte la extensi\u00f3n de Twitter de Elfsight para OpenCart ahora mismo. \u00a1Dise\u00f1e una cuenta de Twitter \u00fanica para su sitio en tan solo unos minutos!","breadcrumb":{"@id":"https:\/\/elfsight.com\/es\/twitter-feed-widget\/opencart\/#breadcrumb"},"inLanguage":"es","potentialAction":[{"@type":"ReadAction","target":["https:\/\/elfsight.com\/es\/twitter-feed-widget\/opencart\/"]}]},{"@type":"BreadcrumbList","@id":"https:\/\/elfsight.com\/es\/twitter-feed-widget\/opencart\/#breadcrumb","itemListElement":[{"@type":"ListItem","position":1,"name":"Home","item":"https:\/\/elfsight.com\/es\/"},{"@type":"ListItem","position":2,"name":"Twitter Feed","item":"https:\/\/elfsight.com\/es\/twitter-feed-widget\/"},{"@type":"ListItem","position":3,"name":"Twitter Feed &#8211; OpenCart"}]},{"@type":"WebSite","@id":"https:\/\/elfsight.com\/es\/#website","url":"https:\/\/elfsight.com\/es\/","name":"Elfsight ES","description":"Just another Elfsight Sites site","potentialAction":[{"@type":"SearchAction","target":{"@type":"EntryPoint","urlTemplate":"https:\/\/elfsight.com\/es\/?s={search_term_string}"},"query-input":{"@type":"PropertyValueSpecification","valueRequired":true,"valueName":"search_term_string"}}],"inLanguage":"es"}]}},"meta_box":{"industry":"","seo_heading":"","heading":"","description":"","cta_heading":"","cta_description":"","application":"1996","h1":"Extensi\u00f3n de feed de Twitter de OpenCart","h1_caption":"Inserte tweets desde su cuenta de Twitter o mediante hashtag para mantener a sus visitantes actualizados con contenido en tiempo real en su sitio web Opencart sin esfuerzo.","application_category":[],"applications_title":"","applications_request_title":"","applications_request_button_text":"","hero_text":"","hero_video":"","hero_video_schema_markup":"","selling_points_title":"","selling_points_caption":"","selling_points":[],"selling_points_cta_text":"","features_title":"","features":"","ed_cta_examples_text":"","ed_cta_examples_hidden":"","ed_cta_demo_text":"","ed_cta_demo_hidden":"","why_caption":"","why_editor_title":"","why_editor_text":"","why_team_title":"","why_team_text":"","why_service_title":"","why_service_text":"","template_catalog_visible":"","template_catalog_title":"","template_catalog_text":"","template_catalog_categories_visible":"","demo_title":"Crea tu extensi\u00f3n de feed de Twitter","demo_caption":"\u00a1Configure su feed de Twitter y agr\u00e9guelo a su sitio web OpenCart de forma gratuita!","default_faq_hidden":"","app_template_category":[],"platform":"88","template_public_id":"","codecanyon_url":"","codecanyon_item_id":"","codecanyon_price":"","pricing_caption":"","pricing_elfsight_apps_hide_column":"","pricing_elfsight_apps_url":"","pricing_codecanyon_price_caption":"","integration_category":[],"integration_request_title":"","integration_request_cta":"","integration_platform":"","integrations":[],"platform_category":[],"video_schema_markup":"","price":"desde $0 \/ mes","trial":"","benefits":[{"text":"Ayuda de instalaci\u00f3n gratuita"},{"text":"Soporte excepcional"},{"text":"Garant\u00eda de devoluci\u00f3n de dinero de 14 d\u00edas"},{"text":"Actualizaciones futuras"}],"button_url":"#demo","button_target_blank":"","button_nofollow":"","attributes":[{"name":"Instalaciones","content":"10,000 - 100,000"},{"name":"Sensible","content":"S\u00ed"},{"name":"Navegadores compatibles","content":"Safari, Opera, Chrome, Firefox, Edge"}],"tags":[],"tags_disable_links":"","hide_more_platforms":"","video_object":"","demo_hide_cta":"","demo_hide_cloud_options":"","pricing_title":"","pricing":[{"pricing_icon":"platform","pricing_title":"Elfsight Apps","pricing_title_caption":"Software multiplataforma que se adapta a cualquier sitio web","pricing_price":"desde $0 \/ mes","pricing_price_caption":"comienza con el plan gratuito","pricing_benefits":[{"text":"Dominios ilimitados"},{"text":"Atenci\u00f3n al cliente premium"},{"text":"Servicio de instalaci\u00f3n gratuito"},{"text":"Dise\u00f1o flexible"}],"pricing_button_text":"A\u00f1adir al sitio web","pricing_button_url":"#demo"}],"related_apps_title":"","related_apps_hidden":"","author":"","image":[],"title":"","job":"","social_networks":[]},"_links":{"self":[{"href":"https:\/\/elfsight.com\/es\/wp-json\/wp\/v2\/pages\/5963","targetHints":{"allow":["GET"]}}],"collection":[{"href":"https:\/\/elfsight.com\/es\/wp-json\/wp\/v2\/pages"}],"about":[{"href":"https:\/\/elfsight.com\/es\/wp-json\/wp\/v2\/types\/page"}],"author":[{"embeddable":true,"href":"https:\/\/elfsight.com\/es\/wp-json\/wp\/v2\/users\/9"}],"replies":[{"embeddable":true,"href":"https:\/\/elfsight.com\/es\/wp-json\/wp\/v2\/comments?post=5963"}],"version-history":[{"count":2,"href":"https:\/\/elfsight.com\/es\/wp-json\/wp\/v2\/pages\/5963\/revisions"}],"predecessor-version":[{"id":19281,"href":"https:\/\/elfsight.com\/es\/wp-json\/wp\/v2\/pages\/5963\/revisions\/19281"}],"up":[{"embeddable":true,"href":"https:\/\/elfsight.com\/es\/wp-json\/wp\/v2\/pages\/1997"}],"wp:attachment":[{"href":"https:\/\/elfsight.com\/es\/wp-json\/wp\/v2\/media?parent=5963"}],"curies":[{"name":"wp","href":"https:\/\/api.w.org\/{rel}","templated":true}]}}