{"id":5957,"date":"1970-01-01T00:00:00","date_gmt":"1970-01-01T00:00:00","guid":{"rendered":"https:\/\/elfsight.com\/es\/?page_id=5957"},"modified":"2025-02-06T16:09:33","modified_gmt":"2025-02-06T16:09:33","slug":"magento","status":"publish","type":"page","link":"https:\/\/elfsight.com\/es\/twitter-feed-widget\/magento\/","title":{"rendered":"Twitter Feed &#8211; Magento"},"content":{"rendered":"<div class=\"application-platform-content-item-description application-platform-content-item\" id=\"description\" data-nav-section=\"description\"><h2>Descripci\u00f3n<\/h2><p>Elfsight Twitter Feed es una extensi\u00f3n adaptable que le permite insertar feeds de Twitter o Tweets recopilados en su sitio web Magento. Puede mostrar su suministro de noticias de Twitter o revelar Tweets testimoniales para aumentar la participaci\u00f3n de los usuarios y lograr una mayor confianza del cliente. Lo que hace que nuestra extensi\u00f3n sea una de las mejores de su tipo para cualquier sitio es una gran cantidad de opciones, plantillas preestablecidas listas para cualquier caso de uso y su dise\u00f1o ajustable.<\/p><p><b>Aumenta el nivel de participaci\u00f3n de tu sitio web y hazlo confiable para tus usuarios<\/b><\/p><ul><li><b>Mant\u00e9n a tu audiencia en el sitio web<\/b>.<br>Mant\u00e9n a tu audiencia en tu sitio por m\u00e1s tiempo, revelando Tweets cuidadosamente seleccionados sobre temas relacionados o involucr\u00e1ndolos en tu Concursos promocionados en Twitter.<\/li><li><b>Aumente el n\u00famero de seguidores<\/b>.<br>El feed interactivo de Twitter de Elfsight permite a los clientes suscribirse a su cuenta directamente desde su sitio. Para que pueda utilizar una fuente m\u00e1s de seguidores y hacer crecer su comunidad de Twitter.<\/li><li><b>Aumente la confianza con tweets de testimonios<\/b>.<br>Elija los mejores testimonios de clientes sobre su empresa en Twitter y mu\u00e9strelos en su sitio para elevar el nivel de credibilidad y hacer que sus art\u00edculos parezcan a\u00fan m\u00e1s atractivos para su usuarios.<\/li><\/ul><p><\/div><\/p><div class=\"application-platform-content-item-features application-platform-content-item\" id=\"features\" data-nav-section=\"features\"><\/p><h2>Caracter\u00edsticas<\/h2><p>Principales ventajas de la extensi\u00f3n Elfsight, que la ayudan a convertirse en una soluci\u00f3n l\u00edder para mostrar en Magento:<\/p><ul><li>Muestra tweets de tu propia cuenta o selecci\u00f3nalos por hashtag;<\/li><li>Elige dise\u00f1o de encabezado completo o compacto;<\/li><li>Todas las acciones de Tweet admitidas: responder, retuitear, dar me gusta;<\/li><li>Los Tweets muestran el l\u00edmite en el feed;<\/li><li>Recuento de retuits y Me gusta en Tweets.<\/li><\/ul><p><a href=\"#demo\">Descubra la lista completa de funciones en el panel<\/a><\/p><p><\/div><div class=\"application-platform-content-item-installation application-platform-content-item\" id=\"installation\" data-nav-section=\"installation\"><h2>C\u00f3mo agregar una extensi\u00f3n de Twitter a Magento<\/h2><p>Simplemente aplique las instrucciones a continuaci\u00f3n para insertar la herramienta en Magento.<\/p> <ol><li><b>Inicie nuestro configurador gratuito y comience a formar su instrumento personalizado. <\/b><br> Especifique la interfaz y los par\u00e1metros deseados de la extensi\u00f3n Twitter Feed y aplique las ediciones. <\/li> <li><b>Adquiera el c\u00f3digo \u00fanico que se revela en el cuadro de Elfsight Apps. <\/b><br> Cuando haya terminado de configurar su herramienta personal, copie el c\u00f3digo individual de la ventana emergente que aparece y gu\u00e1rdelo para usarlo en el futuro. <\/li> <li><b>Inicie el uso de la herramienta en su p\u00e1gina de inicio de Magento. <\/b><br>Coloca el c\u00f3digo que has copiado recientemente en tu p\u00e1gina web y guarda las modificaciones. <\/li> <li><b>\u00a1Listo! La configuraci\u00f3n ha finalizado por completo. <\/b><br> Vaya a su sitio para ver c\u00f3mo funciona la herramienta. <\/li><\/ol><p>\u00bfTienes dificultades al mostrar o ajustar la extensi\u00f3n? Consulte la <a href=\"https:\/\/elfsight.com\/tutorials\/how-to-add-twitter-feed-extension-to-magento\/\" target=\"_blank\" rel=\"noopener noreferrer\">gu\u00eda completa<\/a> sobre c\u00f3mo incorporar una extensi\u00f3n o deje una consulta en nuestro Centro de soporte.<\/p><\/div><div class=\"faq\" data-component=\"FAQ\"><div class=\"faq-item\">\r\n\t\t\t\t\t<div class=\"faq-item-question\">\r\n\t\t\t\t\t\t<h3 class=\"faq-item-question-text\">\u00bfDe qu\u00e9 manera puedo agregar Twitter Feed a mi p\u00e1gina de inicio de Magento sin codificaci\u00f3n?<\/h3>\r\n\r\n\t\t\t\t\t\t<div class=\"faq-item-question-icon\"><\/div>\r\n\t\t\t\t\t<\/div>\r\n\r\n\t\t\t\t\t<div class=\"faq-item-answer\">\r\n\t\t\t\t\t\t<div class=\"faq-item-answer-text\"><p>La compa\u00f1\u00eda Elfsight proporciona una soluci\u00f3n que permite a los propietarios de sitios crear un widget de Twitter Feed usted mismo, descubra lo simple que es el proceso:<\/p><ul><li>Comience a trabajar directamente en la demostraci\u00f3n en l\u00ednea para crear una aplicaci\u00f3n de Twitter Feed que le gustar\u00eda incluir en su Magento.<\/li><li>Elija una de las plantillas predise\u00f1adas y cambie la configuraci\u00f3n de Twitter Feed, modifique el dise\u00f1o y colores, actualice su contenido sin experiencia en codificaci\u00f3n.<\/li><li>Guarde el feed de Twitter y obtenga el c\u00f3digo de instalaci\u00f3n, que puede agregar en el sitio de Magento de forma gratuita.<\/li><\/ul><p>Utilizando nuestro editor f\u00e1cil de usar, cada usuario web puede establecer la aplicaci\u00f3n Twitter Feed en l\u00ednea y agregarla f\u00e1cilmente al sitio web de Magento. No debe pagar ni enviar los datos de su tarjeta para acceder al servicio Elfsight. Si encuentra alg\u00fan obst\u00e1culo de cualquier tipo, no dude en ponerse en contacto con nuestro equipo de soporte.<\/p><\/div>\r\n\t\t\t\t\t<\/div>\r\n\t\t\t\t<\/div><\/div>","protected":false},"excerpt":{"rendered":"","protected":false},"author":9,"featured_media":0,"parent":1997,"menu_order":0,"comment_status":"closed","ping_status":"closed","template":"templates\/template-application-platform.php","meta":{"publish_to_discourse":"","publish_post_category":"","wpdc_auto_publish_overridden":"","wpdc_topic_tags":"","wpdc_pin_topic":"","wpdc_pin_until":"","discourse_post_id":"","discourse_permalink":"","wpdc_publishing_response":"","wpdc_publishing_error":"","footnotes":""},"class_list":["post-5957","page","type-page","status-publish","hentry"],"yoast_head":"<!-- This site is optimized with the Yoast SEO plugin v25.3.1 - https:\/\/yoast.com\/wordpress\/plugins\/seo\/ -->\n<title>Feed de Twitter de Magento: agregue la extensi\u00f3n de Twitter al sitio web de Magento<\/title>\n<meta name=\"description\" content=\"\u00a1Crea gratis tu mejor extensi\u00f3n de Twitter para el sitio web de Magento! Cree un m\u00f3dulo exclusivo de Twitter Feed en Elfsight en solo 2 minutos.\" \/>\n<meta name=\"robots\" content=\"index, follow, max-snippet:-1, max-image-preview:large, max-video-preview:-1\" \/>\n<link rel=\"canonical\" href=\"https:\/\/elfsight.com\/es\/twitter-feed-widget\/magento\/\" \/>\n<meta property=\"og:locale\" content=\"es_ES\" \/>\n<meta property=\"og:type\" content=\"article\" \/>\n<meta property=\"og:title\" content=\"Feed de Twitter de Magento: agregue la extensi\u00f3n de Twitter al sitio web de Magento\" \/>\n<meta property=\"og:description\" content=\"\u00a1Crea gratis tu mejor extensi\u00f3n de Twitter para el sitio web de Magento! Cree un m\u00f3dulo exclusivo de Twitter Feed en Elfsight en solo 2 minutos.\" \/>\n<meta property=\"og:url\" content=\"https:\/\/elfsight.com\/es\/twitter-feed-widget\/magento\/\" \/>\n<meta property=\"og:site_name\" content=\"Elfsight ES\" \/>\n<meta property=\"article:modified_time\" content=\"2025-02-06T16:09:33+00:00\" \/>\n<meta name=\"twitter:card\" content=\"summary_large_image\" \/>\n<meta name=\"twitter:label1\" content=\"Tiempo de lectura\" \/>\n\t<meta name=\"twitter:data1\" content=\"4 minutos\" \/>\n<!-- \/ Yoast SEO plugin. -->","yoast_head_json":{"title":"Feed de Twitter de Magento: agregue la extensi\u00f3n de Twitter al sitio web de Magento","description":"\u00a1Crea gratis tu mejor extensi\u00f3n de Twitter para el sitio web de Magento! Cree un m\u00f3dulo exclusivo de Twitter Feed en Elfsight en solo 2 minutos.","robots":{"index":"index","follow":"follow","max-snippet":"max-snippet:-1","max-image-preview":"max-image-preview:large","max-video-preview":"max-video-preview:-1"},"canonical":"https:\/\/elfsight.com\/es\/twitter-feed-widget\/magento\/","og_locale":"es_ES","og_type":"article","og_title":"Feed de Twitter de Magento: agregue la extensi\u00f3n de Twitter al sitio web de Magento","og_description":"\u00a1Crea gratis tu mejor extensi\u00f3n de Twitter para el sitio web de Magento! Cree un m\u00f3dulo exclusivo de Twitter Feed en Elfsight en solo 2 minutos.","og_url":"https:\/\/elfsight.com\/es\/twitter-feed-widget\/magento\/","og_site_name":"Elfsight ES","article_modified_time":"2025-02-06T16:09:33+00:00","twitter_card":"summary_large_image","twitter_misc":{"Tiempo de lectura":"4 minutos"},"schema":{"@context":"https:\/\/schema.org","@graph":[{"@type":"WebPage","@id":"https:\/\/elfsight.com\/es\/twitter-feed-widget\/magento\/","url":"https:\/\/elfsight.com\/es\/twitter-feed-widget\/magento\/","name":"Feed de Twitter de Magento: agregue la extensi\u00f3n de Twitter al sitio web de Magento","isPartOf":{"@id":"https:\/\/elfsight.com\/es\/#website"},"datePublished":"1970-01-01T00:00:00+00:00","dateModified":"2025-02-06T16:09:33+00:00","description":"\u00a1Crea gratis tu mejor extensi\u00f3n de Twitter para el sitio web de Magento! Cree un m\u00f3dulo exclusivo de Twitter Feed en Elfsight en solo 2 minutos.","breadcrumb":{"@id":"https:\/\/elfsight.com\/es\/twitter-feed-widget\/magento\/#breadcrumb"},"inLanguage":"es","potentialAction":[{"@type":"ReadAction","target":["https:\/\/elfsight.com\/es\/twitter-feed-widget\/magento\/"]}]},{"@type":"BreadcrumbList","@id":"https:\/\/elfsight.com\/es\/twitter-feed-widget\/magento\/#breadcrumb","itemListElement":[{"@type":"ListItem","position":1,"name":"Home","item":"https:\/\/elfsight.com\/es\/"},{"@type":"ListItem","position":2,"name":"Twitter Feed","item":"https:\/\/elfsight.com\/es\/twitter-feed-widget\/"},{"@type":"ListItem","position":3,"name":"Twitter Feed &#8211; Magento"}]},{"@type":"WebSite","@id":"https:\/\/elfsight.com\/es\/#website","url":"https:\/\/elfsight.com\/es\/","name":"Elfsight ES","description":"Just another Elfsight Sites site","potentialAction":[{"@type":"SearchAction","target":{"@type":"EntryPoint","urlTemplate":"https:\/\/elfsight.com\/es\/?s={search_term_string}"},"query-input":{"@type":"PropertyValueSpecification","valueRequired":true,"valueName":"search_term_string"}}],"inLanguage":"es"}]}},"meta_box":{"industry":"","seo_heading":"","heading":"","description":"","cta_heading":"","cta_description":"","application":"1996","h1":"Feed de Twitter de Magento","h1_caption":"Inserte tweets desde su cuenta de Twitter o mediante hashtag para mantener a sus visitantes actualizados con contenido en tiempo real en su sitio web Magento sin esfuerzo.","application_category":[],"applications_title":"","applications_request_title":"","applications_request_button_text":"","hero_text":"","hero_video":"","hero_video_schema_markup":"","selling_points_title":"","selling_points_caption":"","selling_points":[],"selling_points_cta_text":"","features_title":"","features":"","ed_cta_examples_text":"","ed_cta_examples_hidden":"","ed_cta_demo_text":"","ed_cta_demo_hidden":"","why_caption":"","why_editor_title":"","why_editor_text":"","why_team_title":"","why_team_text":"","why_service_title":"","why_service_text":"","template_catalog_visible":"","template_catalog_title":"","template_catalog_text":"","template_catalog_categories_visible":"","demo_title":"Crea tu extensi\u00f3n de feed de Twitter","demo_caption":"\u00a1Configure su cuenta de Twitter y agr\u00e9guela a su sitio web Magento de forma gratuita!","default_faq_hidden":"","app_template_category":[],"platform":"82","template_public_id":"","codecanyon_url":"","codecanyon_item_id":"","codecanyon_price":"","pricing_caption":"","pricing_elfsight_apps_hide_column":"","pricing_elfsight_apps_url":"","pricing_codecanyon_price_caption":"","integration_category":[],"integration_request_title":"","integration_request_cta":"","integration_platform":"","integrations":[],"platform_category":[],"video_schema_markup":"","price":"desde $0 \/ mes","trial":"","benefits":[{"text":"Asistencia de instalaci\u00f3n gratuita"},{"text":"Soporte premium"},{"text":"Garant\u00eda de devoluci\u00f3n de dinero de 14 d\u00edas"},{"text":"Actualizando constantemente"}],"button_url":"#demo","button_target_blank":"","button_nofollow":"","attributes":[{"name":"Instalaciones","content":"10,000 - 100,000"},{"name":"Sensible","content":"S\u00ed"},{"name":"Navegadores compatibles","content":"Firefox, Safari, Opera, Chrome, Edge"}],"tags":[],"tags_disable_links":"","hide_more_platforms":"","video_object":"","demo_hide_cta":"","demo_hide_cloud_options":"","pricing_title":"","pricing":[{"pricing_icon":"platform","pricing_title":"Elfsight Apps","pricing_title_caption":"Versi\u00f3n multiplataforma que funciona en cualquier sitio web","pricing_price":"desde $0 \/ mes","pricing_price_caption":"comienza con un plan gratuito","pricing_benefits":[{"text":"Sitios web ilimitados"},{"text":"Atenci\u00f3n al cliente dedicada y bien documentada."},{"text":"Servicio de instalaci\u00f3n gratuito"},{"text":"Dise\u00f1o flexible"}],"pricing_button_text":"A\u00f1adir al sitio web","pricing_button_url":"#demo"}],"related_apps_title":"","related_apps_hidden":"","author":"","image":[],"title":"","job":"","social_networks":[]},"_links":{"self":[{"href":"https:\/\/elfsight.com\/es\/wp-json\/wp\/v2\/pages\/5957","targetHints":{"allow":["GET"]}}],"collection":[{"href":"https:\/\/elfsight.com\/es\/wp-json\/wp\/v2\/pages"}],"about":[{"href":"https:\/\/elfsight.com\/es\/wp-json\/wp\/v2\/types\/page"}],"author":[{"embeddable":true,"href":"https:\/\/elfsight.com\/es\/wp-json\/wp\/v2\/users\/9"}],"replies":[{"embeddable":true,"href":"https:\/\/elfsight.com\/es\/wp-json\/wp\/v2\/comments?post=5957"}],"version-history":[{"count":2,"href":"https:\/\/elfsight.com\/es\/wp-json\/wp\/v2\/pages\/5957\/revisions"}],"predecessor-version":[{"id":19283,"href":"https:\/\/elfsight.com\/es\/wp-json\/wp\/v2\/pages\/5957\/revisions\/19283"}],"up":[{"embeddable":true,"href":"https:\/\/elfsight.com\/es\/wp-json\/wp\/v2\/pages\/1997"}],"wp:attachment":[{"href":"https:\/\/elfsight.com\/es\/wp-json\/wp\/v2\/media?parent=5957"}],"curies":[{"name":"wp","href":"https:\/\/api.w.org\/{rel}","templated":true}]}}