{"id":5955,"date":"1970-01-01T00:00:00","date_gmt":"1970-01-01T00:00:00","guid":{"rendered":"https:\/\/elfsight.com\/es\/?page_id=5955"},"modified":"2025-02-06T16:09:33","modified_gmt":"2025-02-06T16:09:33","slug":"jquery","status":"publish","type":"page","link":"https:\/\/elfsight.com\/es\/twitter-feed-widget\/jquery\/","title":{"rendered":"Twitter Feed &#8211; jQuery"},"content":{"rendered":"<div class=\"application-platform-content-item-description application-platform-content-item\" id=\"description\" data-nav-section=\"description\"><h2>Descripci\u00f3n<\/h2><p>Elfsight Twitter Feed es un widget flexible que le permite introducir un widget de Twitter o ciertos Tweets en su sitio web jQuery. Puede mostrar su suministro de noticias de Twitter o mostrar Tweets testimoniales para mejorar la participaci\u00f3n de los visitantes y aumentar la confianza del cliente. Lo que hace que nuestro widget sea uno de los mejores de su tipo para cualquier sitio es una gran cantidad de opciones, plantillas predefinidas adecuadas para cualquier caso de uso y su dise\u00f1o adaptable.<\/p><p><b>Aumenta la participaci\u00f3n del usuario y la confianza en tu sitio web<\/b><\/p><ul><li><b>Aumenta la tasa de participaci\u00f3n<\/b>.<br>Introduce contenido animado de una de las redes sociales m\u00e1s populares en tu sitio web para llamar la atenci\u00f3n de los clientes. Obtenga un mejor nivel de participaci\u00f3n en su sitio.<\/li><li><b>Promocione su Twitter y su sitio web al mismo tiempo<\/b>.<br>Su sitio es otra forma de promoci\u00f3n de su perfil de Twitter, con retuiteo y respuesta compatibles desde el sitio web. Al mismo tiempo, una mayor participaci\u00f3n y prueba social en el sitio web contribuyen a mejores resultados de SEO.<\/li><li><b>Prueba social impecable para una mayor confianza<\/b>.<br>Muestre cu\u00e1n din\u00e1micamente ejecuta su perfil de Twitter para convencer a los clientes de que su negocio est\u00e1 activo y que est\u00e1 abierto a comunicarse y acercarse a sus clientes.<\/li><\/ul><p><\/div><\/p><div class=\"application-platform-content-item-features application-platform-content-item\" id=\"features\" data-nav-section=\"features\"><\/p><h2>Caracter\u00edsticas<\/h2><p>\u00bfQu\u00e9 caracter\u00edsticas convierten al complemento Elfsight en el mejor para cualquier sitio jQuery? Descubra sus ventajas cruciales:<\/p><ul><li>Califica los Tweets testimoniales con estrellas;<\/li><li>Establece el ancho del widget o hazlo ancho completo;<\/li><li>Indicaci\u00f3n de retweets en el feed;<\/li><li>Un icono especial para marcar cuentas verificadas;<\/li><li>Coloraci\u00f3n autom\u00e1tica del feed con el color del tema de tu cuenta de Twitter.<\/li><\/ul><p><a href=\"#demo\">Puedes probar todas las funciones con la ayuda de Live demo<\/a><\/p><p><\/div><div class=\"application-platform-content-item-installation application-platform-content-item\" id=\"installation\" data-nav-section=\"installation\"><h2>C\u00f3mo agregar el complemento Twitter Feed a jQuery<\/h2><p>Un breve plan de nuestro equipo sobre c\u00f3mo agregar y darle forma al widget sin conocimientos en desarrollo. La duraci\u00f3n promedio es de aproximadamente 3 minutos.<\/p><ol><li><b>Cree su feed de Twitter personalizado<\/b>.<br>Utilizando nuestra demostraci\u00f3n gratuita, genere un complemento con el dise\u00f1o y las opciones necesarios.<\/li><li><b>Reciba un c\u00f3digo para integrar el complemento<\/b>.<br>Despu\u00e9s de la creaci\u00f3n del widget, obtenga un c\u00f3digo para el complemento de Twitter desde la ventana que aparece en Elfsight Apps.<\/li><li><b>Agregue el complemento en jQuery sitio web<\/b>.<br>Inicie el c\u00f3digo de la p\u00e1gina en el editor HTML, integre el widget en el lugar necesario (contenido, pie de p\u00e1gina, barra lateral, etc.) y aplique los cambios.<\/li><li><b>Complet\u00f3 completamente la instalaci\u00f3n<\/b>.<br>Abra el sitio web jQuery para verificar sus testimonios.<\/li><\/ol><p>\u00bfTiene alg\u00fan problema al insertar o ajustar el complemento? Lea el <a href=\"https:\/\/elfsight.com\/tutorials\/how-to-add-twitter-feed-plugin-to-jquery\/\" target=\"_blank\" rel=\"noopener noreferrer\">tutorial completo<\/a> sobre la creaci\u00f3n de complementos o p\u00f3ngase en contacto con nuestro Centro de soporte.<\/p><\/div><div class=\"faq\" data-component=\"FAQ\"><div class=\"faq-item\">\r\n\t\t\t\t\t<div class=\"faq-item-question\">\r\n\t\t\t\t\t\t<h3 class=\"faq-item-question-text\">\u00bfC\u00f3mo incrustar Twitter Feed en mi p\u00e1gina de inicio de jQuery sin conocimientos de codificaci\u00f3n?<\/h3>\r\n\r\n\t\t\t\t\t\t<div class=\"faq-item-question-icon\"><\/div>\r\n\t\t\t\t\t<\/div>\r\n\r\n\t\t\t\t\t<div class=\"faq-item-answer\">\r\n\t\t\t\t\t\t<div class=\"faq-item-answer-text\"><p>La empresa Elfsight ofrece una soluci\u00f3n en la nube que permite a las personas crear una secci\u00f3n de Twitter Feed usted mismo. Descubra lo sencillo que es el proceso:<\/p><ul><li>Comience a trabajar directamente en el editor en vivo para crear una secci\u00f3n de Twitter Feed que le gustar\u00eda que aparezca en la p\u00e1gina web de jQuery.<\/li><li>Haga clic en una de las plantillas predise\u00f1adas y cambie la configuraci\u00f3n de Twitter Feed. incluya su contenido, transforme el dise\u00f1o y la combinaci\u00f3n de colores sin ning\u00fan tipo de codificaci\u00f3n.<\/li><li>Haga clic para guardar el feed de Twitter y obtenga el c\u00f3digo para la instalaci\u00f3n, que puede simplemente incrustarse en la p\u00e1gina web jQuery sin comprar una suscripci\u00f3n paga.<\/li><\/ul><p>Utilizando nuestro editor f\u00e1cil de usar, cualquier usuario de Internet puede establecer el feed de Twitter y simplemente incrustarlo en su p\u00e1gina web jQuery. No debe obtener una suscripci\u00f3n paga ni ingresar las credenciales de su tarjeta para ingresar al Editor. Si encuentra alg\u00fan obst\u00e1culo de cualquier tipo, no dude en ponerse en contacto con nuestro servicio de atenci\u00f3n al cliente.<\/p><\/div>\r\n\t\t\t\t\t<\/div>\r\n\t\t\t\t<\/div><\/div>","protected":false},"excerpt":{"rendered":"","protected":false},"author":9,"featured_media":0,"parent":1997,"menu_order":0,"comment_status":"closed","ping_status":"closed","template":"templates\/template-application-platform.php","meta":{"publish_to_discourse":"","publish_post_category":"","wpdc_auto_publish_overridden":"","wpdc_topic_tags":"","wpdc_pin_topic":"","wpdc_pin_until":"","discourse_post_id":"","discourse_permalink":"","wpdc_publishing_response":"","wpdc_publishing_error":"","footnotes":""},"class_list":["post-5955","page","type-page","status-publish","hentry"],"yoast_head":"<!-- This site is optimized with the Yoast SEO plugin v25.3.1 - https:\/\/yoast.com\/wordpress\/plugins\/seo\/ -->\n<title>Feed de Twitter de jQuery: agregue el complemento de Twitter al sitio web de jQuery (en 1 minuto)<\/title>\n<meta name=\"description\" content=\"Pruebe el mejor complemento de Twitter Feed para JQuery de forma gratuita. Una instalaci\u00f3n f\u00e1cil y sin conocimientos de desarrollo web en tan solo 2 minutos.\" \/>\n<meta name=\"robots\" content=\"index, follow, max-snippet:-1, max-image-preview:large, max-video-preview:-1\" \/>\n<link rel=\"canonical\" href=\"https:\/\/elfsight.com\/es\/twitter-feed-widget\/jquery\/\" \/>\n<meta property=\"og:locale\" content=\"es_ES\" \/>\n<meta property=\"og:type\" content=\"article\" \/>\n<meta property=\"og:title\" content=\"Feed de Twitter de jQuery: agregue el complemento de Twitter al sitio web de jQuery (en 1 minuto)\" \/>\n<meta property=\"og:description\" content=\"Pruebe el mejor complemento de Twitter Feed para JQuery de forma gratuita. Una instalaci\u00f3n f\u00e1cil y sin conocimientos de desarrollo web en tan solo 2 minutos.\" \/>\n<meta property=\"og:url\" content=\"https:\/\/elfsight.com\/es\/twitter-feed-widget\/jquery\/\" \/>\n<meta property=\"og:site_name\" content=\"Elfsight ES\" \/>\n<meta property=\"article:modified_time\" content=\"2025-02-06T16:09:33+00:00\" \/>\n<meta name=\"twitter:card\" content=\"summary_large_image\" \/>\n<meta name=\"twitter:label1\" content=\"Tiempo de lectura\" \/>\n\t<meta name=\"twitter:data1\" content=\"4 minutos\" \/>\n<!-- \/ Yoast SEO plugin. -->","yoast_head_json":{"title":"Feed de Twitter de jQuery: agregue el complemento de Twitter al sitio web de jQuery (en 1 minuto)","description":"Pruebe el mejor complemento de Twitter Feed para JQuery de forma gratuita. Una instalaci\u00f3n f\u00e1cil y sin conocimientos de desarrollo web en tan solo 2 minutos.","robots":{"index":"index","follow":"follow","max-snippet":"max-snippet:-1","max-image-preview":"max-image-preview:large","max-video-preview":"max-video-preview:-1"},"canonical":"https:\/\/elfsight.com\/es\/twitter-feed-widget\/jquery\/","og_locale":"es_ES","og_type":"article","og_title":"Feed de Twitter de jQuery: agregue el complemento de Twitter al sitio web de jQuery (en 1 minuto)","og_description":"Pruebe el mejor complemento de Twitter Feed para JQuery de forma gratuita. Una instalaci\u00f3n f\u00e1cil y sin conocimientos de desarrollo web en tan solo 2 minutos.","og_url":"https:\/\/elfsight.com\/es\/twitter-feed-widget\/jquery\/","og_site_name":"Elfsight ES","article_modified_time":"2025-02-06T16:09:33+00:00","twitter_card":"summary_large_image","twitter_misc":{"Tiempo de lectura":"4 minutos"},"schema":{"@context":"https:\/\/schema.org","@graph":[{"@type":"WebPage","@id":"https:\/\/elfsight.com\/es\/twitter-feed-widget\/jquery\/","url":"https:\/\/elfsight.com\/es\/twitter-feed-widget\/jquery\/","name":"Feed de Twitter de jQuery: agregue el complemento de Twitter al sitio web de jQuery (en 1 minuto)","isPartOf":{"@id":"https:\/\/elfsight.com\/es\/#website"},"datePublished":"1970-01-01T00:00:00+00:00","dateModified":"2025-02-06T16:09:33+00:00","description":"Pruebe el mejor complemento de Twitter Feed para JQuery de forma gratuita. Una instalaci\u00f3n f\u00e1cil y sin conocimientos de desarrollo web en tan solo 2 minutos.","breadcrumb":{"@id":"https:\/\/elfsight.com\/es\/twitter-feed-widget\/jquery\/#breadcrumb"},"inLanguage":"es","potentialAction":[{"@type":"ReadAction","target":["https:\/\/elfsight.com\/es\/twitter-feed-widget\/jquery\/"]}]},{"@type":"BreadcrumbList","@id":"https:\/\/elfsight.com\/es\/twitter-feed-widget\/jquery\/#breadcrumb","itemListElement":[{"@type":"ListItem","position":1,"name":"Home","item":"https:\/\/elfsight.com\/es\/"},{"@type":"ListItem","position":2,"name":"Twitter Feed","item":"https:\/\/elfsight.com\/es\/twitter-feed-widget\/"},{"@type":"ListItem","position":3,"name":"Twitter Feed &#8211; jQuery"}]},{"@type":"WebSite","@id":"https:\/\/elfsight.com\/es\/#website","url":"https:\/\/elfsight.com\/es\/","name":"Elfsight ES","description":"Just another Elfsight Sites site","potentialAction":[{"@type":"SearchAction","target":{"@type":"EntryPoint","urlTemplate":"https:\/\/elfsight.com\/es\/?s={search_term_string}"},"query-input":{"@type":"PropertyValueSpecification","valueRequired":true,"valueName":"search_term_string"}}],"inLanguage":"es"}]}},"meta_box":{"industry":"","seo_heading":"","heading":"","description":"","cta_heading":"","cta_description":"","application":"1996","h1":"Complemento jQuery Twitter Feed","h1_caption":"Inserte tweets desde su cuenta de Twitter o mediante hashtag para mantener a sus visitantes actualizados con contenido en tiempo real en su sitio web jQuery sin esfuerzo.","application_category":[],"applications_title":"","applications_request_title":"","applications_request_button_text":"","hero_text":"","hero_video":"","hero_video_schema_markup":"","selling_points_title":"","selling_points_caption":"","selling_points":[],"selling_points_cta_text":"","features_title":"","features":"","ed_cta_examples_text":"","ed_cta_examples_hidden":"","ed_cta_demo_text":"","ed_cta_demo_hidden":"","why_caption":"","why_editor_title":"","why_editor_text":"","why_team_title":"","why_team_text":"","why_service_title":"","why_service_text":"","template_catalog_visible":"","template_catalog_title":"","template_catalog_text":"","template_catalog_categories_visible":"","demo_title":"Crea tu complemento de Twitter Feed","demo_caption":"\u00a1Configure su feed de Twitter y agr\u00e9guelo a su sitio web jQuery de forma gratuita!","default_faq_hidden":"","app_template_category":[],"platform":"76","template_public_id":"","codecanyon_url":"","codecanyon_item_id":"","codecanyon_price":"","pricing_caption":"","pricing_elfsight_apps_hide_column":"","pricing_elfsight_apps_url":"","pricing_codecanyon_price_caption":"","integration_category":[],"integration_request_title":"","integration_request_cta":"","integration_platform":"","integrations":[],"platform_category":[],"video_schema_markup":"","price":"desde $0 \/ mes","trial":"","benefits":[{"text":"Servicio de instalaci\u00f3n gratuito"},{"text":"Servicio al cliente profesional"},{"text":"Garant\u00eda de devoluci\u00f3n de dinero de 14 d\u00edas"},{"text":"Desarrollo continuo"}],"button_url":"#demo","button_target_blank":"","button_nofollow":"","attributes":[{"name":"Instalaciones","content":"10,000 - 100,000"},{"name":"Sensible","content":"S\u00ed"},{"name":"Navegadores compatibles","content":"Firefox, Safari, Opera, Chrome, Edge"}],"tags":[],"tags_disable_links":"","hide_more_platforms":"","video_object":"","demo_hide_cta":"","demo_hide_cloud_options":"","pricing_title":"","pricing":[{"pricing_icon":"platform","pricing_title":"Elfsight Apps","pricing_title_caption":"Versi\u00f3n multiplataforma que funciona en cualquier sitio web.","pricing_price":"desde $0 \/ mes","pricing_price_caption":"comienza con un plan gratuito","pricing_benefits":[{"text":"Sitios web ilimitados"},{"text":"Soporte de la empresa 24 horas al d\u00eda, 7 d\u00edas a la semana y bien documentado."},{"text":"Soporte de instalaci\u00f3n gratuito"},{"text":"Totalmente personalizable"}],"pricing_button_text":"A\u00f1adir al sitio web","pricing_button_url":"#demo"}],"related_apps_title":"","related_apps_hidden":"","author":"","image":[],"title":"","job":"","social_networks":[]},"_links":{"self":[{"href":"https:\/\/elfsight.com\/es\/wp-json\/wp\/v2\/pages\/5955","targetHints":{"allow":["GET"]}}],"collection":[{"href":"https:\/\/elfsight.com\/es\/wp-json\/wp\/v2\/pages"}],"about":[{"href":"https:\/\/elfsight.com\/es\/wp-json\/wp\/v2\/types\/page"}],"author":[{"embeddable":true,"href":"https:\/\/elfsight.com\/es\/wp-json\/wp\/v2\/users\/9"}],"replies":[{"embeddable":true,"href":"https:\/\/elfsight.com\/es\/wp-json\/wp\/v2\/comments?post=5955"}],"version-history":[{"count":2,"href":"https:\/\/elfsight.com\/es\/wp-json\/wp\/v2\/pages\/5955\/revisions"}],"predecessor-version":[{"id":19285,"href":"https:\/\/elfsight.com\/es\/wp-json\/wp\/v2\/pages\/5955\/revisions\/19285"}],"up":[{"embeddable":true,"href":"https:\/\/elfsight.com\/es\/wp-json\/wp\/v2\/pages\/1997"}],"wp:attachment":[{"href":"https:\/\/elfsight.com\/es\/wp-json\/wp\/v2\/media?parent=5955"}],"curies":[{"name":"wp","href":"https:\/\/api.w.org\/{rel}","templated":true}]}}