{"id":5948,"date":"1970-01-01T00:00:00","date_gmt":"1970-01-01T00:00:00","guid":{"rendered":"https:\/\/elfsight.com\/es\/?page_id=5948"},"modified":"2025-02-06T16:09:41","modified_gmt":"2025-02-06T16:09:41","slug":"iframe","status":"publish","type":"page","link":"https:\/\/elfsight.com\/es\/twitter-feed-widget\/iframe\/","title":{"rendered":"Twitter Feed &#8211; iFrame"},"content":{"rendered":"<div class=\"application-platform-content-item-description application-platform-content-item\" id=\"description\" data-nav-section=\"description\"><h2>Incrustar feeds de Twitter en iFrame con el widget de Elfsight<\/h2><p>Con Twitter Feed de Elfsight es incre\u00edblemente f\u00e1cil introducir feeds de Twitter o Tweets seleccionados en su sitio IFrame. Aumente la participaci\u00f3n de los usuarios y desarrolle una mayor confianza en los clientes, revelando su l\u00ednea de tiempo de Twitter o mostrando los tweets de testimonios de la audiencia sobre sus art\u00edculos. Las mayores ventajas del feed de Twitter de Elfsight para su sitio web son plantillas preestablecidas para todos los casos de uso posibles y par\u00e1metros variados junto con un dise\u00f1o flexible.<\/p> <p><b>Haga que su sitio sea lo m\u00e1s atractivo para los clientes y confiable<\/b><\/p> <p><b>Mantenga a su audiencia en el sitio web<\/b><br> Mantenga a sus clientes en su sitio web por m\u00e1s tiempo, mostrando Tweets individuales sobre temas de moda o invol\u00facrelos en sus actividades promocionadas en Twitter.<\/p><p><b>Promocione su Twitter y su sitio web. al mismo tiempo<\/b><br> Su sitio web es una herramienta adicional para promocionar su cuenta de Twitter, con retweets y respuestas admitidas all\u00ed mismo, mientras que una mayor participaci\u00f3n y prueba social en el sitio web ayuda a mejorar la calificaci\u00f3n SEO.<\/p><p><b>Genere confianza con tweets de testimonios<\/b><br> Encuentre los mejores testimonios de clientes sobre su negocio en Twitter y mu\u00e9strelos en su sitio web para aumentar la confianza del cliente y hacer que sus ofertas parezcan apetitosas para su usuarios.<\/p><\/div><div class=\"application-platform-content-item-features application-platform-content-item\" id=\"features\" data-nav-section=\"features\"><h2>Caracter\u00edsticas principales del widget Twitter Feed<\/h2><p>Consulta la lista de las caracter\u00edsticas esenciales de nuestro complemento. Le ayudar\u00e1n a que sea lo m\u00e1s beneficioso para su caso:<\/p><ul><li>Calificar los Tweets testimoniales con estrellas;<\/li><li>Establecer la altura del complemento o dejarlo adaptable a la altura del contenido;<\/li><li>Todas las acciones del Tweet admitidas: responder, retuitear, dar me gusta;<\/li><li>Apertura del Tweet al hacer clic en el s\u00edmbolo de Twitter;<\/li><li>Recuento de seguidores y seguidores en el encabezado.<\/li><\/ul><p><a href=\"#demo\">Verifique el contenido en vivo demostraci\u00f3n para ver todas las funciones<\/a><\/p><\/div><div class=\"application-platform-content-item-installation application-platform-content-item\" id=\"installation\" data-nav-section=\"installation\"><h2>\u00bfC\u00f3mo agregar el complemento Twitter Feed al sitio web iFrame?<\/h2><p>Simplemente siga estos pasos para activar el complemento en su sitio:<\/p><ol><li><b>Cree su complemento de Twitter personalizado<\/b><br> Usando nuestro editor gratuito, cree un complemento con un dise\u00f1o personalizado y caracter\u00edsticas funcionales. <\/li><li><b>Copia el c\u00f3digo personal para agregar el complemento<\/b><br> Despu\u00e9s de haber configurado tu complemento, recibir\u00e1s el c\u00f3digo \u00fanico de la notificaci\u00f3n que aparece en Elfsight Apps. Copia el c\u00f3digo. <\/li> <li><b> Inserte el complemento en su sitio iFrame<\/b><br> Elija el lugar donde planea agregar el complemento y pegue el c\u00f3digo guardado all\u00ed. Guarde los resultados. <\/li> <li><b>\u00a1La configuraci\u00f3n se realiz\u00f3 correctamente! <\/b><br> Ingrese a su p\u00e1gina para ver su complemento. <\/li> <\/ol><p>\u00bfTienes preguntas o dudas? Env\u00ede su solicitud al servicio de atenci\u00f3n al cliente de Elfsight, que le ayudar\u00e1 con cada problema. <\/p> <\/div><div class=\"faq\" data-component=\"FAQ\"><div class=\"faq-item\">\r\n\t\t\t\t\t<div class=\"faq-item-question\">\r\n\t\t\t\t\t\t<h3 class=\"faq-item-question-text\">\u00bfHay alguna manera de incrustar Twitter Feed en mi p\u00e1gina de inicio iFrame sin codificaci\u00f3n?<\/h3>\r\n\r\n\t\t\t\t\t\t<div class=\"faq-item-question-icon\"><\/div>\r\n\t\t\t\t\t<\/div>\r\n\r\n\t\t\t\t\t<div class=\"faq-item-answer\">\r\n\t\t\t\t\t\t<div class=\"faq-item-answer-text\"><p>La empresa Elfsight proporciona una soluci\u00f3n SaaS que permite a una amplia audiencia establecer un complemento de Twitter Feed usted mismo; consulte las sencillas instrucciones:<\/p><ul><li>Trabaje directamente en la demostraci\u00f3n en vivo para crear un complemento de Twitter Feed que usted mismo usar\u00eda. desea integrarse en el sitio web iFrame.<\/li><li>Decida una de las muchas plantillas ya preparadas y modifique la configuraci\u00f3n de Twitter Feed, cambie el dise\u00f1o y los colores, agregue su contenido sin conocimientos de codificaci\u00f3n.<\/li><li>Guarde la configuraci\u00f3n que ha realizado en Twitter Feed y obtenga el c\u00f3digo de instalaci\u00f3n del widget, que puede pegar f\u00e1cilmente en su sitio iFrame dentro de un plan gratuito.<\/li><\/ul><p>Con nuestro Configurador intuitivo, cualquier usuario de Internet puede crear una secci\u00f3n Twitter Feed y pegarla en el Sitio web iFrame. No es necesario obtener un plan pago ni ingresar las credenciales de su tarjeta para acceder a nuestro Editor. Si encuentra alg\u00fan problema de cualquier tipo, no dude en hablar con nuestro equipo de soporte t\u00e9cnico.<\/p><\/div>\r\n\t\t\t\t\t<\/div>\r\n\t\t\t\t<\/div><\/div>","protected":false},"excerpt":{"rendered":"","protected":false},"author":9,"featured_media":0,"parent":1997,"menu_order":0,"comment_status":"closed","ping_status":"closed","template":"templates\/template-application-platform.php","meta":{"publish_to_discourse":"","publish_post_category":"","wpdc_auto_publish_overridden":"","wpdc_topic_tags":"","wpdc_pin_topic":"","wpdc_pin_until":"","discourse_post_id":"","discourse_permalink":"","wpdc_publishing_response":"","wpdc_publishing_error":"","footnotes":""},"class_list":["post-5948","page","type-page","status-publish","hentry"],"yoast_head":"<!-- This site is optimized with the Yoast SEO plugin v25.3.1 - https:\/\/yoast.com\/wordpress\/plugins\/seo\/ -->\n<title>Complemento iFrame Twitter Feed para su sitio web (gratis y r\u00e1pido)<\/title>\n<meta name=\"description\" content=\"Es f\u00e1cil crear su complemento Twitter Feed y publicarlo en su sitio web iFrame. El servicio de atenci\u00f3n al cliente de Elfsight es gratuito y r\u00e1pido.\" \/>\n<meta name=\"robots\" content=\"index, follow, max-snippet:-1, max-image-preview:large, max-video-preview:-1\" \/>\n<link rel=\"canonical\" href=\"https:\/\/elfsight.com\/es\/twitter-feed-widget\/iframe\/\" \/>\n<meta property=\"og:locale\" content=\"es_ES\" \/>\n<meta property=\"og:type\" content=\"article\" \/>\n<meta property=\"og:title\" content=\"Complemento iFrame Twitter Feed para su sitio web (gratis y r\u00e1pido)\" \/>\n<meta property=\"og:description\" content=\"Es f\u00e1cil crear su complemento Twitter Feed y publicarlo en su sitio web iFrame. El servicio de atenci\u00f3n al cliente de Elfsight es gratuito y r\u00e1pido.\" \/>\n<meta property=\"og:url\" content=\"https:\/\/elfsight.com\/es\/twitter-feed-widget\/iframe\/\" \/>\n<meta property=\"og:site_name\" content=\"Elfsight ES\" \/>\n<meta property=\"article:modified_time\" content=\"2025-02-06T16:09:41+00:00\" \/>\n<meta name=\"twitter:card\" content=\"summary_large_image\" \/>\n<meta name=\"twitter:label1\" content=\"Tiempo de lectura\" \/>\n\t<meta name=\"twitter:data1\" content=\"4 minutos\" \/>\n<!-- \/ Yoast SEO plugin. -->","yoast_head_json":{"title":"Complemento iFrame Twitter Feed para su sitio web (gratis y r\u00e1pido)","description":"Es f\u00e1cil crear su complemento Twitter Feed y publicarlo en su sitio web iFrame. El servicio de atenci\u00f3n al cliente de Elfsight es gratuito y r\u00e1pido.","robots":{"index":"index","follow":"follow","max-snippet":"max-snippet:-1","max-image-preview":"max-image-preview:large","max-video-preview":"max-video-preview:-1"},"canonical":"https:\/\/elfsight.com\/es\/twitter-feed-widget\/iframe\/","og_locale":"es_ES","og_type":"article","og_title":"Complemento iFrame Twitter Feed para su sitio web (gratis y r\u00e1pido)","og_description":"Es f\u00e1cil crear su complemento Twitter Feed y publicarlo en su sitio web iFrame. El servicio de atenci\u00f3n al cliente de Elfsight es gratuito y r\u00e1pido.","og_url":"https:\/\/elfsight.com\/es\/twitter-feed-widget\/iframe\/","og_site_name":"Elfsight ES","article_modified_time":"2025-02-06T16:09:41+00:00","twitter_card":"summary_large_image","twitter_misc":{"Tiempo de lectura":"4 minutos"},"schema":{"@context":"https:\/\/schema.org","@graph":[{"@type":"WebPage","@id":"https:\/\/elfsight.com\/es\/twitter-feed-widget\/iframe\/","url":"https:\/\/elfsight.com\/es\/twitter-feed-widget\/iframe\/","name":"Complemento iFrame Twitter Feed para su sitio web (gratis y r\u00e1pido)","isPartOf":{"@id":"https:\/\/elfsight.com\/es\/#website"},"datePublished":"1970-01-01T00:00:00+00:00","dateModified":"2025-02-06T16:09:41+00:00","description":"Es f\u00e1cil crear su complemento Twitter Feed y publicarlo en su sitio web iFrame. El servicio de atenci\u00f3n al cliente de Elfsight es gratuito y r\u00e1pido.","breadcrumb":{"@id":"https:\/\/elfsight.com\/es\/twitter-feed-widget\/iframe\/#breadcrumb"},"inLanguage":"es","potentialAction":[{"@type":"ReadAction","target":["https:\/\/elfsight.com\/es\/twitter-feed-widget\/iframe\/"]}]},{"@type":"BreadcrumbList","@id":"https:\/\/elfsight.com\/es\/twitter-feed-widget\/iframe\/#breadcrumb","itemListElement":[{"@type":"ListItem","position":1,"name":"Home","item":"https:\/\/elfsight.com\/es\/"},{"@type":"ListItem","position":2,"name":"Twitter Feed","item":"https:\/\/elfsight.com\/es\/twitter-feed-widget\/"},{"@type":"ListItem","position":3,"name":"Twitter Feed &#8211; iFrame"}]},{"@type":"WebSite","@id":"https:\/\/elfsight.com\/es\/#website","url":"https:\/\/elfsight.com\/es\/","name":"Elfsight ES","description":"Just another Elfsight Sites site","potentialAction":[{"@type":"SearchAction","target":{"@type":"EntryPoint","urlTemplate":"https:\/\/elfsight.com\/es\/?s={search_term_string}"},"query-input":{"@type":"PropertyValueSpecification","valueRequired":true,"valueName":"search_term_string"}}],"inLanguage":"es"}]}},"meta_box":{"industry":"","seo_heading":"","heading":"","description":"","cta_heading":"","cta_description":"","application":"1996","h1":"Complemento iFrame Twitter Feed","h1_caption":"Inserte tweets desde su cuenta de Twitter o mediante hashtag para mantener a sus visitantes actualizados con contenido en tiempo real en su sitio web iFrame sin esfuerzo.","application_category":[],"applications_title":"","applications_request_title":"","applications_request_button_text":"","hero_text":"","hero_video":"","hero_video_schema_markup":"","selling_points_title":"","selling_points_caption":"","selling_points":[],"selling_points_cta_text":"","features_title":"","features":"","ed_cta_examples_text":"","ed_cta_examples_hidden":"","ed_cta_demo_text":"","ed_cta_demo_hidden":"","why_caption":"","why_editor_title":"","why_editor_text":"","why_team_title":"","why_team_text":"","why_service_title":"","why_service_text":"","template_catalog_visible":"","template_catalog_title":"","template_catalog_text":"","template_catalog_categories_visible":"","demo_title":"Crea tu widget de feed de Twitter","demo_caption":"\u00a1Configure su feed de Twitter y agr\u00e9guelo a su sitio web iFrame de forma gratuita!","default_faq_hidden":"","app_template_category":[],"platform":"2192","template_public_id":"","codecanyon_url":"","codecanyon_item_id":"","codecanyon_price":"","pricing_caption":"","pricing_elfsight_apps_hide_column":"","pricing_elfsight_apps_url":"","pricing_codecanyon_price_caption":"","integration_category":[],"integration_request_title":"","integration_request_cta":"","integration_platform":"","integrations":[],"platform_category":[],"video_schema_markup":"","price":"desde $0 \/ mes","trial":"","benefits":[{"text":"Ayuda de instalaci\u00f3n gratuita"},{"text":"Servicio al cliente competente"},{"text":"Garant\u00eda de devoluci\u00f3n de dinero de 14 d\u00edas"},{"text":"Actualizaciones gratuitas peri\u00f3dicas"}],"button_url":"#demo","button_target_blank":"","button_nofollow":"","attributes":[{"name":"Instalaciones","content":"10,000 - 100,000"},{"name":"Sensible","content":"S\u00ed"},{"name":"Navegadores compatibles","content":"Edge, Chrome, Opera, Safari, Firefox"}],"tags":[],"tags_disable_links":"","hide_more_platforms":"","video_object":"","demo_hide_cta":"","demo_hide_cloud_options":"","pricing_title":"","pricing":[{"pricing_icon":"platform","pricing_title":"Elfsight Apps","pricing_title_caption":"Soluci\u00f3n digital multiplataforma que funciona en cualquier sitio web","pricing_price":"desde $0 \/ mes","pricing_price_caption":"comienza con el plan gratuito","pricing_benefits":[{"text":"Sitios web ilimitados"},{"text":"Soporte r\u00e1pido y puntual"},{"text":"Servicio de instalaci\u00f3n gratuito"},{"text":"Precio especial para m\u00faltiples aplicaciones"}],"pricing_button_text":"A\u00f1adir al sitio web","pricing_button_url":"#demo"}],"related_apps_title":"","related_apps_hidden":"","author":"","image":[],"title":"","job":"","social_networks":[]},"_links":{"self":[{"href":"https:\/\/elfsight.com\/es\/wp-json\/wp\/v2\/pages\/5948","targetHints":{"allow":["GET"]}}],"collection":[{"href":"https:\/\/elfsight.com\/es\/wp-json\/wp\/v2\/pages"}],"about":[{"href":"https:\/\/elfsight.com\/es\/wp-json\/wp\/v2\/types\/page"}],"author":[{"embeddable":true,"href":"https:\/\/elfsight.com\/es\/wp-json\/wp\/v2\/users\/9"}],"replies":[{"embeddable":true,"href":"https:\/\/elfsight.com\/es\/wp-json\/wp\/v2\/comments?post=5948"}],"version-history":[{"count":2,"href":"https:\/\/elfsight.com\/es\/wp-json\/wp\/v2\/pages\/5948\/revisions"}],"predecessor-version":[{"id":19288,"href":"https:\/\/elfsight.com\/es\/wp-json\/wp\/v2\/pages\/5948\/revisions\/19288"}],"up":[{"embeddable":true,"href":"https:\/\/elfsight.com\/es\/wp-json\/wp\/v2\/pages\/1997"}],"wp:attachment":[{"href":"https:\/\/elfsight.com\/es\/wp-json\/wp\/v2\/media?parent=5948"}],"curies":[{"name":"wp","href":"https:\/\/api.w.org\/{rel}","templated":true}]}}