{"id":5947,"date":"1970-01-01T00:00:00","date_gmt":"1970-01-01T00:00:00","guid":{"rendered":"https:\/\/elfsight.com\/es\/?page_id=5947"},"modified":"2025-02-06T16:09:41","modified_gmt":"2025-02-06T16:09:41","slug":"html","status":"publish","type":"page","link":"https:\/\/elfsight.com\/es\/twitter-feed-widget\/html\/","title":{"rendered":"Twitter Feed &#8211; HTML"},"content":{"rendered":"<div class=\"application-platform-content-item-description application-platform-content-item\" id=\"description\" data-nav-section=\"description\"><h2>Descripci\u00f3n<\/h2><p>Con el widget de Twitter de Elfsight, es sorprendentemente sencillo colocar c\u00f3digo de Twitter Feed o Tweets seleccionados en su sitio web HTML. Aumente la actividad de los usuarios y obtenga una mayor confianza de los clientes publicando una l\u00ednea de tiempo en Twitter o publicando tweets de testimonios de clientes sobre sus art\u00edculos. Los mejores beneficios de Elfsight Twitter para cualquier sitio son las plantillas preestablecidas para todos los casos de uso y diferentes par\u00e1metros junto con un dise\u00f1o adaptable.<\/p><p><b>Haga que su sitio sea lo m\u00e1s atractivo para los usuarios y altamente confiable<\/b><\/p><ul><li><b>Eleve su tasa de participaci\u00f3n<\/b>.<br>Agregue contenido brillante y fresco de una de las principales redes sociales de su sitio para llamar la atenci\u00f3n de la audiencia. Logre una mejor tasa de participaci\u00f3n en su sitio web.<\/li><li><b>Aumente los seguidores<\/b>.<br>El feed interactivo de Twitter permite a los usuarios suscribirse a su cuenta directamente desde su sitio web. De este modo, puede obtener una fuente adicional de seguidores e impulsar la comunidad de Twitter.<\/li><li><b>Alta prueba social para una mayor confianza del cliente<\/b>.<br>Demuestre su perfil de Twitter siempre actualizado para convencer a los clientes de que su proyecto se est\u00e1 desarrollando y que est\u00e1 abierto a interactuar y acercarse a ellos.<\/li><\/ul><\/div><div class=\"application-platform-content-item-features application-platform-content-item\" id=\"features\" data-nav-section=\"features\"><h2>Caracter\u00edsticas<\/h2><p>Las cinco ventajas que hacen que el widget de Elfsight sea un c\u00f3digo imprescindible para todos los sitios web HTML:<\/p><ul><li>El bot\u00f3n Seguir en el encabezado ayuda a aumentar el n\u00famero de suscriptores de su cuenta;<\/li><li>Mostrar\/ocultar elementos de cada Tweet: autor, fecha, icono de Twitter y acciones: responder, retuitear, dar me gusta, compartir;<\/li><li>Compartir tweets en Facebook;<\/li><li>Los tweets muestran el l\u00edmite en el feed;<\/li><li>Recuento de retweets, recuento de Me gusta en Tweets.<\/li><\/ul><p><a href=\"#demo\">M\u00e1s opciones en la demostraci\u00f3n de Elfsight<\/a><\/p><\/div><div class=\"application-platform-content-item-installation application-platform-content-item\" id=\"installation\" data-nav-section=\"installation\"><h2>\u00bfC\u00f3mo agregar el c\u00f3digo HTML del widget de Twitter al sitio web?<\/h2><div class=\"video-container\"><iframe width=\"720\" height=\"405\" src=\"https:\/\/www.youtube.com\/embed\/YMDL0imvL_g\" frameborder=\"0\"><\/iframe><\/div><p>El tiempo total del proceso es de menos de 2 minutos y una buena ventaja es que no requiere conocimientos de programaci\u00f3n por tu parte.<\/p><ol><li><b>Dise\u00f1a tu Twitter personalizado Feed<\/b>.<br>Utilizando nuestro editor gratuito, cree un widget con el dise\u00f1o y las opciones deseados.<\/li><li><b>Adquiera un c\u00f3digo para publicar el widget<\/b>.<br>Despu\u00e9s de crear el widget, obtenga un c\u00f3digo para el widget de Twitter en la notificaci\u00f3n que aparece en Elfsight Apps.<\/li><li><b>Publique el widget en su sitio web HTML<\/b>.<br>Abra el c\u00f3digo de la p\u00e1gina en el editor HTML, agregue el widget al lugar necesario (contenido, pie de p\u00e1gina, barra lateral, etc.) y aplique las ediciones.<\/li><li><b>\u00a1La instalaci\u00f3n se realiz\u00f3 correctamente!<\/b><br>Vaya al sitio HTML para verificar su trabajo.<\/li><\/ol><p>\u00bfSe top\u00f3 con algo mientras insertaba el widget o lo configuraba a su manera? No dude en ponerse en contacto con nuestro soporte o consulte para leer un <a href=\"https:\/\/elfsight.com\/tutorials\/how-to-add-twitter-feed-widget-to-html\/\" target=\"_blank\" rel=\"noopener noreferrer\">tutorial completo<\/a>.<\/p><\/div><div class=\"faq\" data-component=\"FAQ\"><div class=\"faq-item\">\r\n\t\t\t\t\t<div class=\"faq-item-question\">\r\n\t\t\t\t\t\t<h3 class=\"faq-item-question-text\">\u00bfExiste alg\u00fan m\u00e9todo para agregar Twitter Feed a mi sitio HTML sin experiencia en codificaci\u00f3n?<\/h3>\r\n\r\n\t\t\t\t\t\t<div class=\"faq-item-question-icon\"><\/div>\r\n\t\t\t\t\t<\/div>\r\n\r\n\t\t\t\t\t<div class=\"faq-item-answer\">\r\n\t\t\t\t\t\t<div class=\"faq-item-answer-text\"><p>La empresa Elfsight ofrece una soluci\u00f3n en la nube que permite al usuario generar una secci\u00f3n de Twitter Feed usted mismo. Descubra lo f\u00e1cil que es:<\/p><ul><li>Vaya al editor en vivo para crear una aplicaci\u00f3n de Twitter Feed que le gustar\u00eda incrustar en su sitio HTML.<\/li><li>Elija una de las plantillas predise\u00f1adas y adapte la configuraci\u00f3n de Twitter Feed, modifique el dise\u00f1o y el color de los elementos. actualice su contenido sin codificaci\u00f3n.<\/li><li>Haga clic para guardar la configuraci\u00f3n que realiz\u00f3 en Twitter Feed y copie su c\u00f3digo para la instalaci\u00f3n, que puede agregar f\u00e1cilmente en la p\u00e1gina de inicio HTML sin comprar un plan pago.<\/li><\/ul><p>Al trabajar en el sencillo Editor, cualquier usuario web puede crear la aplicaci\u00f3n Twitter Feed en l\u00ednea y pegarla sin esfuerzo en una p\u00e1gina web HTML. No debe obtener una suscripci\u00f3n paga ni enviar los datos de su tarjeta para acceder al servicio Elfsight. Si tiene alg\u00fan problema de cualquier tipo, no dude en ponerse en contacto con nuestro personal de soporte t\u00e9cnico.<\/p><\/div>\r\n\t\t\t\t\t<\/div>\r\n\t\t\t\t<\/div><\/div>","protected":false},"excerpt":{"rendered":"","protected":false},"author":9,"featured_media":0,"parent":1997,"menu_order":0,"comment_status":"closed","ping_status":"closed","template":"templates\/template-application-platform.php","meta":{"publish_to_discourse":"","publish_post_category":"","wpdc_auto_publish_overridden":"","wpdc_topic_tags":"","wpdc_pin_topic":"","wpdc_pin_until":"","discourse_post_id":"","discourse_permalink":"","wpdc_publishing_response":"","wpdc_publishing_error":"","footnotes":""},"class_list":["post-5947","page","type-page","status-publish","hentry"],"yoast_head":"<!-- This site is optimized with the Yoast SEO plugin v25.3.1 - https:\/\/yoast.com\/wordpress\/plugins\/seo\/ -->\n<title>Widget HTML de Twitter: agregue el c\u00f3digo Twiiter Feed al sitio web (en 2 pasos)<\/title>\n<meta name=\"description\" content=\"Muestre el mejor widget de Twitter Feed en su sitio web HTML. Descubra el editor en vivo de Elfsight y genere su c\u00f3digo HTML de Twitter en solo 2 minutos.\" \/>\n<meta name=\"robots\" content=\"index, follow, max-snippet:-1, max-image-preview:large, max-video-preview:-1\" \/>\n<link rel=\"canonical\" href=\"https:\/\/elfsight.com\/es\/twitter-feed-widget\/html\/\" \/>\n<meta property=\"og:locale\" content=\"es_ES\" \/>\n<meta property=\"og:type\" content=\"article\" \/>\n<meta property=\"og:title\" content=\"Widget HTML de Twitter: agregue el c\u00f3digo Twiiter Feed al sitio web (en 2 pasos)\" \/>\n<meta property=\"og:description\" content=\"Muestre el mejor widget de Twitter Feed en su sitio web HTML. Descubra el editor en vivo de Elfsight y genere su c\u00f3digo HTML de Twitter en solo 2 minutos.\" \/>\n<meta property=\"og:url\" content=\"https:\/\/elfsight.com\/es\/twitter-feed-widget\/html\/\" \/>\n<meta property=\"og:site_name\" content=\"Elfsight ES\" \/>\n<meta property=\"article:modified_time\" content=\"2025-02-06T16:09:41+00:00\" \/>\n<meta name=\"twitter:card\" content=\"summary_large_image\" \/>\n<meta name=\"twitter:label1\" content=\"Tiempo de lectura\" \/>\n\t<meta name=\"twitter:data1\" content=\"4 minutos\" \/>\n<!-- \/ Yoast SEO plugin. -->","yoast_head_json":{"title":"Widget HTML de Twitter: agregue el c\u00f3digo Twiiter Feed al sitio web (en 2 pasos)","description":"Muestre el mejor widget de Twitter Feed en su sitio web HTML. Descubra el editor en vivo de Elfsight y genere su c\u00f3digo HTML de Twitter en solo 2 minutos.","robots":{"index":"index","follow":"follow","max-snippet":"max-snippet:-1","max-image-preview":"max-image-preview:large","max-video-preview":"max-video-preview:-1"},"canonical":"https:\/\/elfsight.com\/es\/twitter-feed-widget\/html\/","og_locale":"es_ES","og_type":"article","og_title":"Widget HTML de Twitter: agregue el c\u00f3digo Twiiter Feed al sitio web (en 2 pasos)","og_description":"Muestre el mejor widget de Twitter Feed en su sitio web HTML. Descubra el editor en vivo de Elfsight y genere su c\u00f3digo HTML de Twitter en solo 2 minutos.","og_url":"https:\/\/elfsight.com\/es\/twitter-feed-widget\/html\/","og_site_name":"Elfsight ES","article_modified_time":"2025-02-06T16:09:41+00:00","twitter_card":"summary_large_image","twitter_misc":{"Tiempo de lectura":"4 minutos"},"schema":{"@context":"https:\/\/schema.org","@graph":[{"@type":"WebPage","@id":"https:\/\/elfsight.com\/es\/twitter-feed-widget\/html\/","url":"https:\/\/elfsight.com\/es\/twitter-feed-widget\/html\/","name":"Widget HTML de Twitter: agregue el c\u00f3digo Twiiter Feed al sitio web (en 2 pasos)","isPartOf":{"@id":"https:\/\/elfsight.com\/es\/#website"},"datePublished":"1970-01-01T00:00:00+00:00","dateModified":"2025-02-06T16:09:41+00:00","description":"Muestre el mejor widget de Twitter Feed en su sitio web HTML. Descubra el editor en vivo de Elfsight y genere su c\u00f3digo HTML de Twitter en solo 2 minutos.","breadcrumb":{"@id":"https:\/\/elfsight.com\/es\/twitter-feed-widget\/html\/#breadcrumb"},"inLanguage":"es","potentialAction":[{"@type":"ReadAction","target":["https:\/\/elfsight.com\/es\/twitter-feed-widget\/html\/"]}]},{"@type":"BreadcrumbList","@id":"https:\/\/elfsight.com\/es\/twitter-feed-widget\/html\/#breadcrumb","itemListElement":[{"@type":"ListItem","position":1,"name":"Home","item":"https:\/\/elfsight.com\/es\/"},{"@type":"ListItem","position":2,"name":"Twitter Feed","item":"https:\/\/elfsight.com\/es\/twitter-feed-widget\/"},{"@type":"ListItem","position":3,"name":"Twitter Feed &#8211; HTML"}]},{"@type":"WebSite","@id":"https:\/\/elfsight.com\/es\/#website","url":"https:\/\/elfsight.com\/es\/","name":"Elfsight ES","description":"Just another Elfsight Sites site","potentialAction":[{"@type":"SearchAction","target":{"@type":"EntryPoint","urlTemplate":"https:\/\/elfsight.com\/es\/?s={search_term_string}"},"query-input":{"@type":"PropertyValueSpecification","valueRequired":true,"valueName":"search_term_string"}}],"inLanguage":"es"}]}},"meta_box":{"industry":"","seo_heading":"","heading":"","description":"","cta_heading":"","cta_description":"","application":"1996","h1":"Widget HTML de Twitter","h1_caption":"Inserte tweets desde su cuenta de Twitter o mediante hashtag para mantener a sus visitantes actualizados con contenido en tiempo real en su sitio web HTML sin esfuerzo.","application_category":[],"applications_title":"","applications_request_title":"","applications_request_button_text":"","hero_text":"","hero_video":"","hero_video_schema_markup":"","selling_points_title":"","selling_points_caption":"","selling_points":[],"selling_points_cta_text":"","features_title":"","features":"","ed_cta_examples_text":"","ed_cta_examples_hidden":"","ed_cta_demo_text":"","ed_cta_demo_hidden":"","why_caption":"","why_editor_title":"","why_editor_text":"","why_team_title":"","why_team_text":"","why_service_title":"","why_service_text":"","template_catalog_visible":"","template_catalog_title":"","template_catalog_text":"","template_catalog_categories_visible":"","demo_title":"Crea tu widget de feed de Twitter","demo_caption":"\u00a1Configure su feed de Twitter y agr\u00e9guelo a su sitio web HTML de forma gratuita!","default_faq_hidden":"","app_template_category":[],"platform":"70","template_public_id":"","codecanyon_url":"","codecanyon_item_id":"","codecanyon_price":"","pricing_caption":"","pricing_elfsight_apps_hide_column":"","pricing_elfsight_apps_url":"","pricing_codecanyon_price_caption":"","integration_category":[],"integration_request_title":"","integration_request_cta":"","integration_platform":"","integrations":[],"platform_category":[],"video_schema_markup":"","price":"desde $0 \/ mes","trial":"","benefits":[{"text":"Ayuda de instalaci\u00f3n gratuita"},{"text":"Servicio al cliente profesional"},{"text":"Garant\u00eda de devoluci\u00f3n de dinero de 14 d\u00edas"},{"text":"Actualizaciones gratuitas peri\u00f3dicas"}],"button_url":"#demo","button_target_blank":"","button_nofollow":"","attributes":[{"name":"Instalaciones","content":"10,000 - 100,000"},{"name":"Sensible","content":"S\u00ed"},{"name":"Navegadores compatibles","content":"Firefox, Safari, Opera, Chrome, Edge"}],"tags":[],"tags_disable_links":"","hide_more_platforms":"","video_object":"","demo_hide_cta":"","demo_hide_cloud_options":"","pricing_title":"","pricing":[{"pricing_icon":"platform","pricing_title":"Elfsight Apps","pricing_title_caption":"Soluci\u00f3n digital multiplataforma","pricing_price":"desde $0 \/ mes","pricing_price_caption":"comienza con el plan gratuito","pricing_benefits":[{"text":"Sitios web ilimitados"},{"text":"Soporte profesional de la empresa"},{"text":"Asistencia de instalaci\u00f3n gratuita"},{"text":"Oferta por tiempo limitado para m\u00faltiples aplicaciones"}],"pricing_button_text":"A\u00f1adir al sitio web","pricing_button_url":"#demo"}],"related_apps_title":"","related_apps_hidden":"","author":"","image":[],"title":"","job":"","social_networks":[]},"_links":{"self":[{"href":"https:\/\/elfsight.com\/es\/wp-json\/wp\/v2\/pages\/5947","targetHints":{"allow":["GET"]}}],"collection":[{"href":"https:\/\/elfsight.com\/es\/wp-json\/wp\/v2\/pages"}],"about":[{"href":"https:\/\/elfsight.com\/es\/wp-json\/wp\/v2\/types\/page"}],"author":[{"embeddable":true,"href":"https:\/\/elfsight.com\/es\/wp-json\/wp\/v2\/users\/9"}],"replies":[{"embeddable":true,"href":"https:\/\/elfsight.com\/es\/wp-json\/wp\/v2\/comments?post=5947"}],"version-history":[{"count":2,"href":"https:\/\/elfsight.com\/es\/wp-json\/wp\/v2\/pages\/5947\/revisions"}],"predecessor-version":[{"id":19289,"href":"https:\/\/elfsight.com\/es\/wp-json\/wp\/v2\/pages\/5947\/revisions\/19289"}],"up":[{"embeddable":true,"href":"https:\/\/elfsight.com\/es\/wp-json\/wp\/v2\/pages\/1997"}],"wp:attachment":[{"href":"https:\/\/elfsight.com\/es\/wp-json\/wp\/v2\/media?parent=5947"}],"curies":[{"name":"wp","href":"https:\/\/api.w.org\/{rel}","templated":true}]}}