{"id":5940,"date":"1970-01-01T00:00:00","date_gmt":"1970-01-01T00:00:00","guid":{"rendered":"https:\/\/elfsight.com\/es\/?page_id=5940"},"modified":"2025-02-06T16:09:50","modified_gmt":"2025-02-06T16:09:50","slug":"elementor","status":"publish","type":"page","link":"https:\/\/elfsight.com\/es\/twitter-feed-widget\/elementor\/","title":{"rendered":"Twitter Feed &#8211; Elementor"},"content":{"rendered":"<div class=\"application-platform-content-item-description application-platform-content-item\" id=\"description\" data-nav-section=\"description\"><h2>Incrustar feed de Twitter en Elementor con el widget de Elfsight<\/h2><p>Con la ayuda de Elfsight Twitter Feed es muy f\u00e1cil insertar feed de Twitter o tweets definidos en un sitio web de WordPress. Mejore la participaci\u00f3n de los visitantes y aumente la confianza de los clientes al revelar una l\u00ednea de tiempo de Twitter o mostrar los tweets de testimonios de la audiencia sobre sus ofertas. Las mayores ventajas del feed de Twitter de Elfsight para su sitio son las plantillas preestablecidas para cualquier caso de uso y par\u00e1metros variados junto con un dise\u00f1o ajustable.<\/p><p><b>\u00a1Fortalezca el nivel de participaci\u00f3n de su sitio y haga que sus visitantes lo vean como confiable!<\/b><\/p><p><b>Aumente el nivel de participaci\u00f3n<\/b><br> Agregue contenido alegre y vibrante de una de las redes sociales m\u00e1s aprobadas en su sitio para atraer la atenci\u00f3n de la audiencia. Logre un mejor nivel de actividad en su sitio.<\/p><p><b>Aumentar seguidores<\/b><br> El feed interactivo de Twitter de Elfsight permite a los clientes seguir su cuenta directamente desde su sitio web. De este modo, puede utilizar una fuente m\u00e1s de seguidores y aumentar su comunidad de Twitter.<\/p> <p><b>Prueba social impecable para una mayor confianza<\/b><br> Muestre cu\u00e1n activamente administra su cuenta de Twitter para convencer a los clientes de que su proyecto est\u00e1 activo y desea comunicarse y acercarse a sus visitantes.<\/p> <\/div><div class=\"application-platform-content-item-features application-platform-content-item\" id=\"features\" data-nav-section=\"features\"><h2>Caracter\u00edsticas principales del widget Twitter Feed<\/h2><p>5 caracter\u00edsticas que convierten el widget de Elfsight en una excelente opci\u00f3n para el sitio web de WordPress:<\/p><ul><li>Calificar tweets testimoniales con estrellas;<\/li><li>Establecer la altura del widget o dejarlo adaptable a la altura del contenido;<\/li><li>Indicaci\u00f3n de retweets en el feed;<\/li><li>Cach\u00e9 de datos del navegador: carga m\u00e1s r\u00e1pida con widgets en varias p\u00e1ginas;<\/li><li>Coloraci\u00f3n autom\u00e1tica del feed con el color del tema de su cuenta de Twitter.<\/li><\/ul><p><a href=\"#demo\">Puedes ver todas las funciones usando el editor en vivo<\/a><\/p><\/div><div class=\"application-platform-content-item-installation application-platform-content-item\" id=\"installation\" data-nav-section=\"installation\"><h2>C\u00f3mo agregar Twitter Feed al sitio web de Elementor<\/h2><div class=\"video-container\"><iframe width=\"720\" height=\"405\" src=\"https:\/\/www.youtube.com\/embed\/gGmlGZpJ8Zs\" frameborder=\"0\"><\/iframe><\/div><p>Aqu\u00ed hay una gu\u00eda r\u00e1pida sobre c\u00f3mo incrustar el widget en un sitio web. No se necesitan conocimientos de programaci\u00f3n y le llevar\u00e1 unos 2 minutos.<\/p><ol><li><b>Construya su feed de Twitter personalizado<\/b><br> En nuestro editor gratuito, cree un complemento y elija entre diferentes opciones de configuraci\u00f3n.<\/li><li><b>Obtenga su c\u00f3digo de instalaci\u00f3n para publicar el complemento<\/b><br> Una vez completada la configuraci\u00f3n del widget, copie su c\u00f3digo de instalaci\u00f3n \u00fanico de la notificaci\u00f3n que aparece en Elfsight Apps.<\/li><li><b>Coloque el complemento en el sitio de Elementor<\/b><br> Incruste el complemento en una p\u00e1gina elegida de su sitio y guarde las ediciones.<\/li> <li><b>Complet\u00f3 exitosamente la instalaci\u00f3n<\/b><br> Visite su sitio web para verificar su widget.<\/li><\/ol><p>\u00bfTiene preguntas sobre c\u00f3mo insertar el complemento o personalizar su interfaz? P\u00f3ngase en contacto con nuestro centro de ayuda y haremos todo lo posible para brindarle asistencia.<\/p><\/div><div class=\"faq\" data-component=\"FAQ\"><div class=\"faq-item\">\r\n\t\t\t\t\t<div class=\"faq-item-question\">\r\n\t\t\t\t\t\t<h3 class=\"faq-item-question-text\">\u00bfC\u00f3mo puedo agregar Twitter Feed a mi Elementor sin experiencia en codificaci\u00f3n?<\/h3>\r\n\r\n\t\t\t\t\t\t<div class=\"faq-item-question-icon\"><\/div>\r\n\t\t\t\t\t<\/div>\r\n\r\n\t\t\t\t\t<div class=\"faq-item-answer\">\r\n\t\t\t\t\t\t<div class=\"faq-item-answer-text\"><p>La empresa Elfsight presenta una soluci\u00f3n que le permite crear un complemento de Twitter Feed usted mismo; observe los sencillos pasos:<\/p><ul><li>Comience a trabajar en la demostraci\u00f3n en l\u00ednea para crear un Twitter. Widget de feed que le gustar\u00eda incluir en el sitio de Elementor.<\/li><li>Decida una de las plantillas predise\u00f1adas y ajuste la configuraci\u00f3n de Twitter Feed, actualice su contenido, modifique el dise\u00f1o y el color de los elementos sin conocimientos de codificaci\u00f3n.<\/li><li>Guarde el feed de Twitter y obtenga el c\u00f3digo de instalaci\u00f3n del widget, que puede incluirse f\u00e1cilmente en su sitio de Elementor de forma gratuita.<\/li><\/ul><p>Utilizando nuestro Configurador f\u00e1cil de usar, cada usuario de Internet puede crear un feed de Twitter y simplemente incrustarlo en Elementor. p\u00e1gina de inicio. No es necesario pagar ni revelar las credenciales de su tarjeta para ingresar al Editor. Si enfrenta alg\u00fan obst\u00e1culo en alg\u00fan paso, contin\u00fae y comun\u00edquese con nuestro servicio de atenci\u00f3n al cliente.<\/p><\/div>\r\n\t\t\t\t\t<\/div>\r\n\t\t\t\t<\/div><\/div>","protected":false},"excerpt":{"rendered":"","protected":false},"author":9,"featured_media":0,"parent":1997,"menu_order":0,"comment_status":"closed","ping_status":"closed","template":"templates\/template-application-platform.php","meta":{"publish_to_discourse":"","publish_post_category":"","wpdc_auto_publish_overridden":"","wpdc_topic_tags":"","wpdc_pin_topic":"","wpdc_pin_until":"","discourse_post_id":"","discourse_permalink":"","wpdc_publishing_response":"","wpdc_publishing_error":"","footnotes":""},"class_list":["post-5940","page","type-page","status-publish","hentry"],"yoast_head":"<!-- This site is optimized with the Yoast SEO plugin v25.3.1 - https:\/\/yoast.com\/wordpress\/plugins\/seo\/ -->\n<title>Widget de Twitter Feed para el sitio web de Elementor (2026)<\/title>\n<meta name=\"description\" content=\"Agregue el widget Twitter Feed a su sitio Elementor en solo unos minutos. Creaci\u00f3n r\u00e1pida y sencilla de diversos complementos de sitios web por parte de Elfsight.\" \/>\n<meta name=\"robots\" content=\"index, follow, max-snippet:-1, max-image-preview:large, max-video-preview:-1\" \/>\n<link rel=\"canonical\" href=\"https:\/\/elfsight.com\/es\/twitter-feed-widget\/elementor\/\" \/>\n<meta property=\"og:locale\" content=\"es_ES\" \/>\n<meta property=\"og:type\" content=\"article\" \/>\n<meta property=\"og:title\" content=\"Widget de Twitter Feed para el sitio web de Elementor (2026)\" \/>\n<meta property=\"og:description\" content=\"Agregue el widget Twitter Feed a su sitio Elementor en solo unos minutos. Creaci\u00f3n r\u00e1pida y sencilla de diversos complementos de sitios web por parte de Elfsight.\" \/>\n<meta property=\"og:url\" content=\"https:\/\/elfsight.com\/es\/twitter-feed-widget\/elementor\/\" \/>\n<meta property=\"og:site_name\" content=\"Elfsight ES\" \/>\n<meta property=\"article:modified_time\" content=\"2025-02-06T16:09:50+00:00\" \/>\n<meta name=\"twitter:card\" content=\"summary_large_image\" \/>\n<meta name=\"twitter:label1\" content=\"Tiempo de lectura\" \/>\n\t<meta name=\"twitter:data1\" content=\"4 minutos\" \/>\n<!-- \/ Yoast SEO plugin. -->","yoast_head_json":{"title":"Widget de Twitter Feed para el sitio web de Elementor (2026)","description":"Agregue el widget Twitter Feed a su sitio Elementor en solo unos minutos. Creaci\u00f3n r\u00e1pida y sencilla de diversos complementos de sitios web por parte de Elfsight.","robots":{"index":"index","follow":"follow","max-snippet":"max-snippet:-1","max-image-preview":"max-image-preview:large","max-video-preview":"max-video-preview:-1"},"canonical":"https:\/\/elfsight.com\/es\/twitter-feed-widget\/elementor\/","og_locale":"es_ES","og_type":"article","og_title":"Widget de Twitter Feed para el sitio web de Elementor (2026)","og_description":"Agregue el widget Twitter Feed a su sitio Elementor en solo unos minutos. Creaci\u00f3n r\u00e1pida y sencilla de diversos complementos de sitios web por parte de Elfsight.","og_url":"https:\/\/elfsight.com\/es\/twitter-feed-widget\/elementor\/","og_site_name":"Elfsight ES","article_modified_time":"2025-02-06T16:09:50+00:00","twitter_card":"summary_large_image","twitter_misc":{"Tiempo de lectura":"4 minutos"},"schema":{"@context":"https:\/\/schema.org","@graph":[{"@type":"WebPage","@id":"https:\/\/elfsight.com\/es\/twitter-feed-widget\/elementor\/","url":"https:\/\/elfsight.com\/es\/twitter-feed-widget\/elementor\/","name":"Widget de Twitter Feed para el sitio web de Elementor (2026)","isPartOf":{"@id":"https:\/\/elfsight.com\/es\/#website"},"datePublished":"1970-01-01T00:00:00+00:00","dateModified":"2025-02-06T16:09:50+00:00","description":"Agregue el widget Twitter Feed a su sitio Elementor en solo unos minutos. Creaci\u00f3n r\u00e1pida y sencilla de diversos complementos de sitios web por parte de Elfsight.","breadcrumb":{"@id":"https:\/\/elfsight.com\/es\/twitter-feed-widget\/elementor\/#breadcrumb"},"inLanguage":"es","potentialAction":[{"@type":"ReadAction","target":["https:\/\/elfsight.com\/es\/twitter-feed-widget\/elementor\/"]}]},{"@type":"BreadcrumbList","@id":"https:\/\/elfsight.com\/es\/twitter-feed-widget\/elementor\/#breadcrumb","itemListElement":[{"@type":"ListItem","position":1,"name":"Home","item":"https:\/\/elfsight.com\/es\/"},{"@type":"ListItem","position":2,"name":"Twitter Feed","item":"https:\/\/elfsight.com\/es\/twitter-feed-widget\/"},{"@type":"ListItem","position":3,"name":"Twitter Feed &#8211; Elementor"}]},{"@type":"WebSite","@id":"https:\/\/elfsight.com\/es\/#website","url":"https:\/\/elfsight.com\/es\/","name":"Elfsight ES","description":"Just another Elfsight Sites site","potentialAction":[{"@type":"SearchAction","target":{"@type":"EntryPoint","urlTemplate":"https:\/\/elfsight.com\/es\/?s={search_term_string}"},"query-input":{"@type":"PropertyValueSpecification","valueRequired":true,"valueName":"search_term_string"}}],"inLanguage":"es"}]}},"meta_box":{"industry":"","seo_heading":"","heading":"","description":"","cta_heading":"","cta_description":"","application":"1996","h1":"Feed de Twitter de Elementor","h1_caption":"Inserte tweets desde su cuenta de Twitter o mediante hashtag para mantener a sus visitantes actualizados con contenido en tiempo real en su sitio web de Elementor sin esfuerzo.","application_category":[],"applications_title":"","applications_request_title":"","applications_request_button_text":"","hero_text":"","hero_video":"","hero_video_schema_markup":"","selling_points_title":"","selling_points_caption":"","selling_points":[],"selling_points_cta_text":"","features_title":"","features":"","ed_cta_examples_text":"","ed_cta_examples_hidden":"","ed_cta_demo_text":"","ed_cta_demo_hidden":"","why_caption":"","why_editor_title":"","why_editor_text":"","why_team_title":"","why_team_text":"","why_service_title":"","why_service_text":"","template_catalog_visible":"","template_catalog_title":"","template_catalog_text":"","template_catalog_categories_visible":"","demo_title":"Crea tu widget de feed de Twitter","demo_caption":"\u00a1Configure su cuenta de Twitter y agr\u00e9guela a su sitio web de Elementor de forma gratuita!","default_faq_hidden":"","app_template_category":[],"platform":"58","template_public_id":"","codecanyon_url":"","codecanyon_item_id":"","codecanyon_price":"","pricing_caption":"","pricing_elfsight_apps_hide_column":"","pricing_elfsight_apps_url":"","pricing_codecanyon_price_caption":"","integration_category":[],"integration_request_title":"","integration_request_cta":"","integration_platform":"","integrations":[],"platform_category":[],"video_schema_markup":"","price":"desde $0 \/ mes","trial":"","benefits":[{"text":"Ayuda de instalaci\u00f3n gratuita"},{"text":"Servicio al cliente eficaz"},{"text":"Garant\u00eda de reembolso de 14 d\u00edas"},{"text":"Actualizando constantemente"}],"button_url":"#demo","button_target_blank":"","button_nofollow":"","attributes":[{"name":"Instalaciones","content":"10,000 - 100,000"},{"name":"Sensible","content":"S\u00ed"},{"name":"Navegadores compatibles","content":"Firefox, Safari, Opera, Chrome, Edge"}],"tags":[],"tags_disable_links":"","hide_more_platforms":"","video_object":"","demo_hide_cta":"","demo_hide_cloud_options":"","pricing_title":"","pricing":[{"pricing_icon":"platform","pricing_title":"Elfsight Apps","pricing_title_caption":"Versi\u00f3n independiente de la plataforma","pricing_price":"desde $0 \/ mes","pricing_price_caption":"comienza con el plan gratuito","pricing_benefits":[{"text":"Dominios ilimitados"},{"text":"Atenci\u00f3n al cliente r\u00e1pida"},{"text":"Servicio de instalaci\u00f3n gratuito"},{"text":"Gran oferta para m\u00faltiples aplicaciones"}],"pricing_button_text":"A\u00f1adir al sitio web","pricing_button_url":"#demo"}],"related_apps_title":"","related_apps_hidden":"","author":"","image":[],"title":"","job":"","social_networks":[]},"_links":{"self":[{"href":"https:\/\/elfsight.com\/es\/wp-json\/wp\/v2\/pages\/5940","targetHints":{"allow":["GET"]}}],"collection":[{"href":"https:\/\/elfsight.com\/es\/wp-json\/wp\/v2\/pages"}],"about":[{"href":"https:\/\/elfsight.com\/es\/wp-json\/wp\/v2\/types\/page"}],"author":[{"embeddable":true,"href":"https:\/\/elfsight.com\/es\/wp-json\/wp\/v2\/users\/9"}],"replies":[{"embeddable":true,"href":"https:\/\/elfsight.com\/es\/wp-json\/wp\/v2\/comments?post=5940"}],"version-history":[{"count":2,"href":"https:\/\/elfsight.com\/es\/wp-json\/wp\/v2\/pages\/5940\/revisions"}],"predecessor-version":[{"id":19292,"href":"https:\/\/elfsight.com\/es\/wp-json\/wp\/v2\/pages\/5940\/revisions\/19292"}],"up":[{"embeddable":true,"href":"https:\/\/elfsight.com\/es\/wp-json\/wp\/v2\/pages\/1997"}],"wp:attachment":[{"href":"https:\/\/elfsight.com\/es\/wp-json\/wp\/v2\/media?parent=5940"}],"curies":[{"name":"wp","href":"https:\/\/api.w.org\/{rel}","templated":true}]}}