{"id":5939,"date":"1970-01-01T00:00:00","date_gmt":"1970-01-01T00:00:00","guid":{"rendered":"https:\/\/elfsight.com\/es\/?page_id=5939"},"modified":"2025-02-06T16:09:50","modified_gmt":"2025-02-06T16:09:50","slug":"drupal","status":"publish","type":"page","link":"https:\/\/elfsight.com\/es\/twitter-feed-widget\/drupal\/","title":{"rendered":"Twitter Feed &#8211; Drupal"},"content":{"rendered":"<div class=\"application-platform-content-item-description application-platform-content-item\" id=\"description\" data-nav-section=\"description\"><h2>Descripci\u00f3n<\/h2><p>Con el m\u00f3dulo de Twitter de Elfsight, es sorprendentemente f\u00e1cil insertar feeds de Twitter o Tweets individuales en su sitio Drupal. Aumente la participaci\u00f3n de los visitantes y logre una mayor confianza del cliente mostrando su l\u00ednea de tiempo de Twitter o publicando los tweets de testimonios de los clientes sobre sus ofertas. Los mejores beneficios del m\u00f3dulo de Twitter de Elfsight para su sitio son plantillas listas para usar para todos los casos de uso posibles y diversos par\u00e1metros junto con un dise\u00f1o responsivo.<\/p><p><b>Haga que su sitio sea totalmente atractivo para los clientes y altamente confiable<\/b><\/p><ul><li><b>Eleve su nivel de participaci\u00f3n<\/b>.<br>Incorpore contenido alegre y vibrante de una de las principales redes sociales en su sitio, para atraer la atenci\u00f3n de la audiencia. Logre un mejor nivel de actividad en su sitio web.<\/li><li><b>Promocione su Twitter y su sitio web juntos<\/b>.<br>Su sitio es una herramienta adicional de promoci\u00f3n de su cuenta de Twitter, con retuiteo y respuestas compatibles desde la p\u00e1gina, mientras que una mejor participaci\u00f3n y prueba social en el sitio web ayuda a mejorar el SEO.<\/li><li><b>Fortalezca la confianza con testimonios de clientes de Twitter<\/b>.<br>Seleccione los mejores testimonios de clientes sobre su negocio en Twitter y mu\u00e9strelos col\u00f3quelos en su sitio para aumentar el nivel de credibilidad y hacer que sus ofertas parezcan tentadoras para sus usuarios.<\/li><\/ul><\/div><div class=\"application-platform-content-item-features application-platform-content-item\" id=\"features\" data-nav-section=\"features\"><h2>Caracter\u00edsticas<\/h2><p>5 ventajas que hacen del m\u00f3dulo Elfsight una soluci\u00f3n esencial para un sitio Drupal:<\/p><ul><li>El bot\u00f3n Seguir en el encabezado ayuda a aumentar el n\u00famero de suscriptores de su sitio. cuenta;<\/li><li>Establece el ancho del widget o hazlo de ancho completo;<\/li><li>Bonitos enlaces de vista previa en Tweets;<\/li><li>Elige entre los idiomas disponibles o solicita tu idioma y traduciremos el widget;<\/li><li>Establece un color de tema personalizado para el widget.<\/li><\/ul><p><a href=\"#demo\">Obt\u00e9n todos los caracter\u00edsticas<\/a><\/p><\/div><div class=\"application-platform-content-item-instalaci\u00f3n application-platform-content-item\" id=\"instalaci\u00f3n\" data-nav-section=\"instalaci\u00f3n\"><h2>C\u00f3mo agregar Twitter Feed a Drupal<\/h2><div class=\"video-container\"><iframe width=\"720\" height=\"405\" src=\"https:\/\/www.youtube.com\/embed\/rJ8J1pzj-pE\" frameborder=\"0\"><\/iframe><\/div><p>Simplemente siga las pautas a continuaci\u00f3n para integrar la herramienta Twitter Feed en Drupal.<\/p> <ol><li><b>Inicie nuestro configurador gratuito y comience a darle forma a su propio m\u00f3dulo. <\/b><br> Encuentre la forma y las especificaciones deseadas del widget y aplique las correcciones. <\/li> <li><b>Adquiera su c\u00f3digo personal que se muestra en la ventana de Elfsight Apps. <\/b><br> Cuando finalice la generaci\u00f3n de su m\u00f3dulo, copie el c\u00f3digo individual de la ventana emergente que aparece y gu\u00e1rdelo para futuras ocasiones. <\/li> <li><b>Comience a utilizar la herramienta en el sitio web de Drupal. <\/b><br>Integra el c\u00f3digo copiado anteriormente en tu sitio web y guarda las modificaciones. <\/li> <li><b>La configuraci\u00f3n est\u00e1 completamente realizada. <\/b><br>Visite su sitio para revisar el rendimiento del complemento. <\/li><\/ol><p>\u00bfBusca ayuda para agregar o personalizar el m\u00f3dulo? \u00a1El equipo de Elfsight estar\u00e1 aqu\u00ed para ayudarle y ofrecerle una soluci\u00f3n! Env\u00ede una solicitud a nuestro equipo de soporte. Tambi\u00e9n puedes intentar resolver la consulta por tu cuenta aplicando nuestras <a href=\"https:\/\/elfsight.com\/tutorials\/how-to-add-twitter-feed-module-to-drupal\/\" target=\"_blank\" rel=\"noopener noreferrer\">instrucciones exhaustivas<\/a>.<\/p><\/div><div class=\"faq\" data-component=\"FAQ\"><div class=\"faq-item\">\r\n\t\t\t\t\t<div class=\"faq-item-question\">\r\n\t\t\t\t\t\t<h3 class=\"faq-item-question-text\">\u00bfDe qu\u00e9 manera es posible incrustar Twitter Feed en mi p\u00e1gina web Drupal sin codificaci\u00f3n?<\/h3>\r\n\r\n\t\t\t\t\t\t<div class=\"faq-item-question-icon\"><\/div>\r\n\t\t\t\t\t<\/div>\r\n\r\n\t\t\t\t\t<div class=\"faq-item-answer\">\r\n\t\t\t\t\t\t<div class=\"faq-item-answer-text\"><p>La compa\u00f1\u00eda Elfsight proporciona una soluci\u00f3n SaaS que permite a una amplia audiencia crear un widget de Twitter Feed usted mismo. Descubra los sencillos pasos:<\/p><ul><li>Vaya al editor en vivo para generar una secci\u00f3n de Twitter Feed que le gustar\u00eda integrar en Drupal.<\/li><li>Elija una de nuestras plantillas listas para usar y cambie la configuraci\u00f3n de Twitter Feed, agregue su contenido, cambie el dise\u00f1o y el color de los elementos sin conocimientos de codificaci\u00f3n.<\/li><li>Guarde la configuraci\u00f3n que ha realizado en Twitter Feed y copie su c\u00f3digo de instalaci\u00f3n, que puede simplemente incluir en cualquier sitio web de Drupal de forma gratuita.<\/li><\/ul><p>Con el Configurador intuitivo, cualquier usuario web puede generar una secci\u00f3n de Twitter Feed en l\u00ednea e incluirla en su sitio Drupal. No es necesario pagar ni enviar las credenciales de su tarjeta para ingresar a nuestro servicio. Si encuentra alg\u00fan obst\u00e1culo de cualquier tipo, no dude en hablar con nuestro servicio de atenci\u00f3n al cliente.<\/p><\/div>\r\n\t\t\t\t\t<\/div>\r\n\t\t\t\t<\/div><\/div>","protected":false},"excerpt":{"rendered":"","protected":false},"author":9,"featured_media":0,"parent":1997,"menu_order":0,"comment_status":"closed","ping_status":"closed","template":"templates\/template-application-platform.php","meta":{"publish_to_discourse":"","publish_post_category":"","wpdc_auto_publish_overridden":"","wpdc_topic_tags":"","wpdc_pin_topic":"","wpdc_pin_until":"","discourse_post_id":"","discourse_permalink":"","wpdc_publishing_response":"","wpdc_publishing_error":"","footnotes":""},"class_list":["post-5939","page","type-page","status-publish","hentry"],"yoast_head":"<!-- This site is optimized with the Yoast SEO plugin v25.3.1 - https:\/\/yoast.com\/wordpress\/plugins\/seo\/ -->\n<title>M\u00f3dulo Drupal Twitter Feed para su sitio web (2025)<\/title>\n<meta name=\"description\" content=\"Instale el m\u00f3dulo Twitter Feed en su sitio Drupal en solo unos minutos. Generaci\u00f3n instant\u00e1nea y sencilla de diversos m\u00f3dulos de sitios web por parte de Elfsight.\" \/>\n<meta name=\"robots\" content=\"index, follow, max-snippet:-1, max-image-preview:large, max-video-preview:-1\" \/>\n<link rel=\"canonical\" href=\"https:\/\/elfsight.com\/es\/twitter-feed-widget\/drupal\/\" \/>\n<meta property=\"og:locale\" content=\"es_ES\" \/>\n<meta property=\"og:type\" content=\"article\" \/>\n<meta property=\"og:title\" content=\"M\u00f3dulo Drupal Twitter Feed para su sitio web (2025)\" \/>\n<meta property=\"og:description\" content=\"Instale el m\u00f3dulo Twitter Feed en su sitio Drupal en solo unos minutos. Generaci\u00f3n instant\u00e1nea y sencilla de diversos m\u00f3dulos de sitios web por parte de Elfsight.\" \/>\n<meta property=\"og:url\" content=\"https:\/\/elfsight.com\/es\/twitter-feed-widget\/drupal\/\" \/>\n<meta property=\"og:site_name\" content=\"Elfsight ES\" \/>\n<meta property=\"article:modified_time\" content=\"2025-02-06T16:09:50+00:00\" \/>\n<meta name=\"twitter:card\" content=\"summary_large_image\" \/>\n<meta name=\"twitter:label1\" content=\"Tiempo de lectura\" \/>\n\t<meta name=\"twitter:data1\" content=\"4 minutos\" \/>\n<!-- \/ Yoast SEO plugin. -->","yoast_head_json":{"title":"M\u00f3dulo Drupal Twitter Feed para su sitio web (2025)","description":"Instale el m\u00f3dulo Twitter Feed en su sitio Drupal en solo unos minutos. Generaci\u00f3n instant\u00e1nea y sencilla de diversos m\u00f3dulos de sitios web por parte de Elfsight.","robots":{"index":"index","follow":"follow","max-snippet":"max-snippet:-1","max-image-preview":"max-image-preview:large","max-video-preview":"max-video-preview:-1"},"canonical":"https:\/\/elfsight.com\/es\/twitter-feed-widget\/drupal\/","og_locale":"es_ES","og_type":"article","og_title":"M\u00f3dulo Drupal Twitter Feed para su sitio web (2025)","og_description":"Instale el m\u00f3dulo Twitter Feed en su sitio Drupal en solo unos minutos. Generaci\u00f3n instant\u00e1nea y sencilla de diversos m\u00f3dulos de sitios web por parte de Elfsight.","og_url":"https:\/\/elfsight.com\/es\/twitter-feed-widget\/drupal\/","og_site_name":"Elfsight ES","article_modified_time":"2025-02-06T16:09:50+00:00","twitter_card":"summary_large_image","twitter_misc":{"Tiempo de lectura":"4 minutos"},"schema":{"@context":"https:\/\/schema.org","@graph":[{"@type":"WebPage","@id":"https:\/\/elfsight.com\/es\/twitter-feed-widget\/drupal\/","url":"https:\/\/elfsight.com\/es\/twitter-feed-widget\/drupal\/","name":"M\u00f3dulo Drupal Twitter Feed para su sitio web (2025)","isPartOf":{"@id":"https:\/\/elfsight.com\/es\/#website"},"datePublished":"1970-01-01T00:00:00+00:00","dateModified":"2025-02-06T16:09:50+00:00","description":"Instale el m\u00f3dulo Twitter Feed en su sitio Drupal en solo unos minutos. Generaci\u00f3n instant\u00e1nea y sencilla de diversos m\u00f3dulos de sitios web por parte de Elfsight.","breadcrumb":{"@id":"https:\/\/elfsight.com\/es\/twitter-feed-widget\/drupal\/#breadcrumb"},"inLanguage":"es","potentialAction":[{"@type":"ReadAction","target":["https:\/\/elfsight.com\/es\/twitter-feed-widget\/drupal\/"]}]},{"@type":"BreadcrumbList","@id":"https:\/\/elfsight.com\/es\/twitter-feed-widget\/drupal\/#breadcrumb","itemListElement":[{"@type":"ListItem","position":1,"name":"Home","item":"https:\/\/elfsight.com\/es\/"},{"@type":"ListItem","position":2,"name":"Twitter Feed","item":"https:\/\/elfsight.com\/es\/twitter-feed-widget\/"},{"@type":"ListItem","position":3,"name":"Twitter Feed &#8211; Drupal"}]},{"@type":"WebSite","@id":"https:\/\/elfsight.com\/es\/#website","url":"https:\/\/elfsight.com\/es\/","name":"Elfsight ES","description":"Just another Elfsight Sites site","potentialAction":[{"@type":"SearchAction","target":{"@type":"EntryPoint","urlTemplate":"https:\/\/elfsight.com\/es\/?s={search_term_string}"},"query-input":{"@type":"PropertyValueSpecification","valueRequired":true,"valueName":"search_term_string"}}],"inLanguage":"es"}]}},"meta_box":{"industry":"","seo_heading":"","heading":"","description":"","cta_heading":"","cta_description":"","application":"1996","h1":"M\u00f3dulo de alimentaci\u00f3n de Twitter de Drupal","h1_caption":"Inserte tweets desde su cuenta de Twitter o mediante hashtag para mantener a sus visitantes actualizados con contenido en tiempo real en su sitio web Drupal sin esfuerzo.","application_category":[],"applications_title":"","applications_request_title":"","applications_request_button_text":"","hero_text":"","hero_video":"","hero_video_schema_markup":"","selling_points_title":"","selling_points_caption":"","selling_points":[],"selling_points_cta_text":"","features_title":"","features":"","ed_cta_examples_text":"","ed_cta_examples_hidden":"","ed_cta_demo_text":"","ed_cta_demo_hidden":"","why_caption":"","why_editor_title":"","why_editor_text":"","why_team_title":"","why_team_text":"","why_service_title":"","why_service_text":"","template_catalog_visible":"","template_catalog_title":"","template_catalog_text":"","template_catalog_categories_visible":"","demo_title":"Crea tu m\u00f3dulo de feeds de Twitter","demo_caption":"\u00a1Configure su feed de Twitter y agr\u00e9guelo a su sitio web Drupal de forma gratuita!","default_faq_hidden":"","app_template_category":[],"platform":"2161","template_public_id":"","codecanyon_url":"","codecanyon_item_id":"","codecanyon_price":"","pricing_caption":"","pricing_elfsight_apps_hide_column":"","pricing_elfsight_apps_url":"","pricing_codecanyon_price_caption":"","integration_category":[],"integration_request_title":"","integration_request_cta":"","integration_platform":"","integrations":[],"platform_category":[],"video_schema_markup":"","price":"desde $0 \/ mes","trial":"","benefits":[{"text":"Servicio de instalaci\u00f3n gratuito"},{"text":"Servicio al cliente profesional"},{"text":"Garant\u00eda de reembolso de 14 d\u00edas"},{"text":"Actualizando constantemente"}],"button_url":"#demo","button_target_blank":"","button_nofollow":"","attributes":[{"name":"Instalaciones","content":"10,000 - 100,000"},{"name":"Sensible","content":"S\u00ed"},{"name":"Navegadores compatibles","content":"Firefox, Safari, Opera, Chrome, Edge"}],"tags":[],"tags_disable_links":"","hide_more_platforms":"","video_object":"","demo_hide_cta":"","demo_hide_cloud_options":"","pricing_title":"","pricing":[{"pricing_icon":"cloud","pricing_title":"Elfsight Apps","pricing_title_caption":"Soluci\u00f3n digital multiplataforma","pricing_price":"desde $0 \/ mes","pricing_price_caption":"comienza con el plan gratuito","pricing_benefits":[{"text":"Sitios web ilimitados"},{"text":"Soporte r\u00e1pido de la empresa"},{"text":"Asistencia de instalaci\u00f3n gratuita"},{"text":"Oferta especial para m\u00faltiples aplicaciones."}],"pricing_button_text":"A\u00f1adir al sitio web","pricing_button_url":"#demo"}],"related_apps_title":"","related_apps_hidden":"","author":"","image":[],"title":"","job":"","social_networks":[]},"_links":{"self":[{"href":"https:\/\/elfsight.com\/es\/wp-json\/wp\/v2\/pages\/5939","targetHints":{"allow":["GET"]}}],"collection":[{"href":"https:\/\/elfsight.com\/es\/wp-json\/wp\/v2\/pages"}],"about":[{"href":"https:\/\/elfsight.com\/es\/wp-json\/wp\/v2\/types\/page"}],"author":[{"embeddable":true,"href":"https:\/\/elfsight.com\/es\/wp-json\/wp\/v2\/users\/9"}],"replies":[{"embeddable":true,"href":"https:\/\/elfsight.com\/es\/wp-json\/wp\/v2\/comments?post=5939"}],"version-history":[{"count":2,"href":"https:\/\/elfsight.com\/es\/wp-json\/wp\/v2\/pages\/5939\/revisions"}],"predecessor-version":[{"id":19293,"href":"https:\/\/elfsight.com\/es\/wp-json\/wp\/v2\/pages\/5939\/revisions\/19293"}],"up":[{"embeddable":true,"href":"https:\/\/elfsight.com\/es\/wp-json\/wp\/v2\/pages\/1997"}],"wp:attachment":[{"href":"https:\/\/elfsight.com\/es\/wp-json\/wp\/v2\/media?parent=5939"}],"curies":[{"name":"wp","href":"https:\/\/api.w.org\/{rel}","templated":true}]}}